{"id":8428,"date":"2024-11-29T16:45:52","date_gmt":"2024-11-29T08:45:52","guid":{"rendered":"http:\/\/qingdaohf.com\/?post_type=product&#038;p=8428"},"modified":"2025-11-13T09:02:51","modified_gmt":"2025-11-13T01:02:51","slug":"boat-steering-wheel","status":"publish","type":"product","link":"https:\/\/qingdaohf.com\/sk\/produkt\/volant-lode\/","title":{"rendered":"Lodn\u00fd volant"},"content":{"rendered":"<h4>D\u00f4le\u017eitos\u0165 spo\u013eahliv\u00e9ho volantu lode<\/h4>\n<p>Volant je viac ako len jednoduch\u00fd ovl\u00e1dac\u00ed mechanizmus lode, je to srdce navig\u00e1cie a man\u00e9vrovate\u013enosti. Jeho kon\u0161trukcia a funk\u010dnos\u0165 priamo ovplyv\u0148uj\u00fa schopnos\u0165 oper\u00e1tora ovl\u00e1da\u0165 plavidlo v r\u00f4znych vodn\u00fdch podmienkach. \u010ci u\u017e ide o vo\u013en\u00fa plavbu alebo o plavbu v n\u00e1ro\u010dn\u00fdch pr\u00fadoch, kvalitn\u00e9 kormidlo zabezpe\u010duje presn\u00e9 ovl\u00e1danie, \u010d\u00edm prispieva k bezpe\u010dnosti a efekt\u00edvnosti.<\/p>\n<p>Pri v\u00fdbere volantu majitelia lod\u00ed \u010dasto uprednost\u0148uj\u00fa materi\u00e1ly, ktor\u00e9 odol\u00e1vaj\u00fa morsk\u00e9mu prostrediu vr\u00e1tane vystavenia slanej vode, vlhkosti a UV \u017eiareniu. Be\u017en\u00e9 materi\u00e1ly, ako je nehrdzavej\u00faca oce\u013e, hlin\u00edk a plasty n\u00e1mornej kvality, pon\u00fakaj\u00fa r\u00f4znu \u00farove\u0148 trvanlivosti a odolnosti vo\u010di kor\u00f3zii. Ergon\u00f3mia je \u010fal\u0161\u00edm d\u00f4le\u017eit\u00fdm faktorom, preto\u017ee tvar, \u00fachop a ve\u013ekos\u0165 volantu m\u00f4\u017eu ovplyvni\u0165 pohodlie po\u010das dlh\u0161ieho pou\u017e\u00edvania. V\u00fdber spr\u00e1vneho volantu je d\u00f4le\u017eit\u00fd nielen pre v\u00fdkon, ale aj pre zlep\u0161enie celkov\u00e9ho z\u00e1\u017eitku z plavby.<\/p>\n<h4>Typy volantov lod\u00ed<\/h4>\n<p>Lodn\u00e9 volanty sa vyr\u00e1baj\u00fa v r\u00f4znych typoch, z ktor\u00fdch ka\u017ed\u00fd je vhodn\u00fd pre konkr\u00e9tne kateg\u00f3rie plavidiel a preferencie pou\u017e\u00edvate\u013eov. Klasick\u00e9 volanty z nehrdzavej\u00facej ocele zost\u00e1vaj\u00fa medzi lodiarmi ob\u013e\u00faben\u00e9 v\u010faka svojmu nad\u010dasov\u00e9mu dizajnu, v\u00fdnimo\u010dnej pevnosti a odolnosti vo\u010di drsn\u00fdm morsk\u00fdm vplyvom. Tieto koles\u00e1 maj\u00fa \u010dasto le\u0161ten\u00fd povrch, ktor\u00fd dod\u00e1va kormidlu n\u00e1dych sofistikovanosti.<\/p>\n<p>Pre t\u00fdch, ktor\u00ed h\u013eadaj\u00fa \u013eahk\u00e9 mo\u017enosti, pon\u00fakaj\u00fa koles\u00e1 vyroben\u00e9 z hlin\u00edka alebo kompozitn\u00fdch materi\u00e1lov vynikaj\u00faci v\u00fdkon. Hlin\u00edkov\u00e9 modely s\u00fa cenen\u00e9 pre svoju vyv\u00e1\u017eenos\u0165 pevnosti a hmotnosti, tak\u017ee s\u00fa vhodn\u00e9 pre men\u0161ie lode alebo rekrea\u010dn\u00e9 plavidl\u00e1. Na druhej strane kompozitn\u00e9 koles\u00e1 s\u00fa ide\u00e1lne pre modern\u00fdch lodn\u00edkov, ktor\u00ed uprednost\u0148uj\u00fa n\u00e1kladov\u00fa efekt\u00edvnos\u0165 bez toho, aby museli robi\u0165 kompromisy v oblasti odolnosti.<\/p>\n<p>Dreven\u00e9 volanty s\u00fa ur\u010den\u00e9 pre nad\u0161encov, ktor\u00ed oce\u0148uj\u00fa tradi\u010dn\u00fa estetiku a remeseln\u00e9 spracovanie. Dreven\u00e9 volanty, ktor\u00e9 sa \u010dasto sp\u00e1jaj\u00fa s historick\u00fdmi alebo luxusn\u00fdmi jachtami, vy\u017earuj\u00fa klasick\u00fd \u0161arm, hoci v porovnan\u00ed so svojimi kovov\u00fdmi alebo plastov\u00fdmi n\u00e1protivkami vy\u017eaduj\u00fa viac \u00fadr\u017eby. Ka\u017ed\u00fd typ sl\u00fa\u017ei na jedine\u010dn\u00e9 \u00fa\u010dely, \u010do umo\u017e\u0148uje majite\u013eom lod\u00ed vybra\u0165 si na z\u00e1klade funk\u010dn\u00fdch potrieb a \u0161tylistick\u00fdch preferenci\u00ed.<\/p>\n<h4>Pre\u010do si vybra\u0165 na\u0161e volanty lod\u00ed<\/h4>\n<p>V\u00fdber spr\u00e1vneho dod\u00e1vate\u013ea volantov pre lode je rovnako d\u00f4le\u017eit\u00fd ako v\u00fdber samotn\u00e9ho v\u00fdrobku. V na\u0161ej obchodnej spolo\u010dnosti uprednost\u0148ujeme poskytovanie hodnoty a spo\u013eahlivosti prostredn\u00edctvom \u0161irokej ponuky lodn\u00e9ho pr\u00edslu\u0161enstva. Na\u0161e volanty prech\u00e1dzaj\u00fa pr\u00edsnymi kontrolami kvality, \u010d\u00edm sa zabezpe\u010duje s\u00falad s priemyseln\u00fdmi normami a na\u0161im z\u00e1kazn\u00edkom sa pon\u00faka pokoj.<\/p>\n<p>N\u00e1\u0161 individu\u00e1lny z\u00e1kazn\u00edcky servis n\u00e1s na trhu odli\u0161uje, preto\u017ee \u00fazko spolupracujeme s klientmi, aby sme pochopili ich jedine\u010dn\u00e9 po\u017eiadavky. Tento individu\u00e1lny pr\u00edstup pom\u00e1ha pri odpor\u00fa\u010dan\u00ed kormidiel prisp\u00f4soben\u00fdch ich typu plavidla, prev\u00e1dzkov\u00fdm podmienkam a rozpo\u010dtu. Okrem toho na\u0161a zefekt\u00edvnen\u00e1 logistika zabezpe\u010duje r\u00fdchly dodac\u00ed cyklus, \u010d\u00edm sa minimalizuj\u00fa prestoje lodn\u00edkov aj distrib\u00fatorov.<\/p>\n<p>Trvanlivos\u0165 na\u0161ich volantov je d\u00f4kazom na\u0161ej snahy o dokonalos\u0165. Vyroben\u00e9 z prvotriednych materi\u00e1lov s\u00fa navrhnut\u00e9 tak, aby vydr\u017eali dlhodob\u00e9 p\u00f4sobenie morsk\u00e9ho prostredia a z\u00e1rove\u0148 si zachovali optim\u00e1lny v\u00fdkon. V\u010faka kombin\u00e1cii estetiky, funk\u010dnosti a spo\u013eahlivosti na\u0161e v\u00fdrobky sp\u013a\u0148aj\u00fa o\u010dak\u00e1vania rekrea\u010dn\u00fdch aj profesion\u00e1lnych pou\u017e\u00edvate\u013eov.<\/p>\n<h4>\u00daloha inov\u00e1ci\u00ed v dizajne volantov<\/h4>\n<p>Modern\u00e9 pokroky v dizajne volantov lod\u00ed zaviedli funkcie, ktor\u00e9 zvy\u0161uj\u00fa pou\u017eite\u013enos\u0165 a pohodlie. Mnoh\u00e9 modely teraz obsahuj\u00fa proti\u0161mykov\u00e9 rukov\u00e4te, ktor\u00e9 zlep\u0161uj\u00fa ovl\u00e1danie aj za mokra. Okrem toho koles\u00e1 s nastavite\u013en\u00fdm sklonom poskytuj\u00fa flexibilitu a prisp\u00f4sobuj\u00fa sa oper\u00e1torom s r\u00f4znou v\u00fd\u0161kou a preferenciami.<\/p>\n<p>V\u00fdznamn\u00fa \u00falohu pri zvy\u0161ovan\u00ed odolnosti a \u017eivotnosti volantov zohr\u00e1vaj\u00fa aj inovat\u00edvne materi\u00e1ly. Nerezov\u00e1 oce\u013e n\u00e1mornej kvality s pridan\u00fdmi povlakmi pon\u00faka vynikaj\u00facu odolnos\u0165 vo\u010di jamkovaniu a hrdzaveniu, zatia\u013e \u010do plasty stabilizovan\u00e9 proti UV \u017eiareniu zabra\u0148uj\u00fa blednutiu a praskaniu pri vystaven\u00ed slne\u010dn\u00e9mu \u017eiareniu. Tieto pokroky nielen\u017ee zabezpe\u010duj\u00fa dlh\u00fa \u017eivotnos\u0165 v\u00fdrobku, ale prispievaj\u00fa aj k bezpe\u010dnosti a pohodliu obsluhy.<\/p>\n<p>\u010eal\u0161ou k\u013e\u00fa\u010dovou inov\u00e1ciou je integr\u00e1cia multifunk\u010dn\u00fdch ovl\u00e1dac\u00edch prvkov priamo do volantu. Tak\u00e9to kon\u0161trukcie umo\u017e\u0148uj\u00fa oper\u00e1torom pr\u00edstup k d\u00f4le\u017eit\u00fdm funkci\u00e1m, ako je ovl\u00e1danie plynu alebo elektronick\u00e9 displeje, bez toho, aby museli da\u0165 ruky pre\u010d z volantu. Tieto funkcie zjednodu\u0161uj\u00fa ovl\u00e1danie lode, \u010d\u00edm sa navig\u00e1cia st\u00e1va intuit\u00edvnej\u0161ou a zni\u017euje sa pravdepodobnos\u0165 \u00fanavy obsluhy.<\/p>\n<h4>Zabezpe\u010denie dlhodobej hodnoty<\/h4>\n<p>Invest\u00edcia do kvalitn\u00e9ho lodn\u00e9ho volantu je rozhodnutie, ktor\u00e9 sa z dlhodob\u00e9ho h\u013eadiska oplat\u00ed. Okrem okam\u017eitej funk\u010dnosti tieto v\u00fdrobky zvy\u0161uj\u00fa celkov\u00fa hodnotu plavidla, najm\u00e4 v spojen\u00ed s renomovan\u00fdm dod\u00e1vate\u013eom. Na\u0161e volanty s\u00fa navrhnut\u00e9 s oh\u013eadom na dlh\u00fa \u017eivotnos\u0165 a poskytuj\u00fa optim\u00e1lnu rovnov\u00e1hu medzi v\u00fdkonom, odolnos\u0165ou a estetick\u00fdm vzh\u013eadom.<\/p>\n<p>Z\u00e1kazn\u00edci m\u00f4\u017eu d\u00f4verova\u0165 na\u0161ej spolo\u010dnosti, \u017ee im poskytne nielen v\u00fdnimo\u010dn\u00e9 produkty, ale aj komplexn\u00fa podporu po\u010das cel\u00e9ho procesu n\u00e1kupu. Od \u00favodn\u00fdch konzult\u00e1ci\u00ed a\u017e po popredajn\u00fd servis sa sna\u017e\u00edme budova\u0165 trval\u00e9 vz\u0165ahy s na\u0161imi z\u00e1kazn\u00edkmi. V\u010faka tomuto z\u00e1v\u00e4zku k dokonalosti sme si vybudovali poves\u0165 d\u00f4veryhodn\u00e9ho partnera na trhu s n\u00e1morn\u00fdm pr\u00edslu\u0161enstvom.<\/p>\n<p>Uprednost\u0148ovan\u00edm kvality, inov\u00e1ci\u00ed a spokojnosti z\u00e1kazn\u00edkov sa sna\u017e\u00edme prekon\u00e1va\u0165 o\u010dak\u00e1vania na\u0161ich klientov. \u010ci u\u017e ide o pr\u00edle\u017eitostn\u00fdch nad\u0161encov plavby lo\u010fou alebo profesion\u00e1lnych n\u00e1morn\u00edkov, na\u0161e volanty pre lode predstavuj\u00fa spojenie praktickosti a \u0161t\u00fdlu, ktor\u00e9 zabezpe\u010duj\u00fa vynikaj\u00faci v\u00fdkon na vode.<\/p>","protected":false},"excerpt":{"rendered":"<p>Kormidl\u00e1 lod\u00ed zohr\u00e1vaj\u00fa k\u013e\u00fa\u010dov\u00fa \u00falohu pri zabezpe\u010dovan\u00ed hladkej plavby a ovl\u00e1dania na vode, tak\u017ee s\u00fa d\u00f4le\u017eitou s\u00fa\u010das\u0165ou ka\u017ed\u00e9ho plavidla. Kupuj\u00faci pri v\u00fdbere volantu \u010dasto uprednost\u0148uj\u00fa faktory, ako je odolnos\u0165 materi\u00e1lu, ergonomick\u00fd dizajn, kompatibilita s r\u00f4znymi lodn\u00fdmi syst\u00e9mami a odolnos\u0165 vo\u010di kor\u00f3zii. Na\u0161a obchodn\u00e1 spolo\u010dnos\u0165 pon\u00faka vysokokvalitn\u00e9 lodn\u00e9 volanty, ktor\u00e9 rie\u0161ia tieto probl\u00e9my, spolu s individu\u00e1lnym z\u00e1kazn\u00edckym servisom, \u010d\u00edm zabezpe\u010duje odpor\u00fa\u010dania \u0161it\u00e9 na mieru. Okrem toho zaru\u010dujeme r\u00fdchly dodac\u00ed cyklus a poskytujeme d\u00f4kladn\u00e9 spr\u00e1vy o kontrole kvality, aby sme v\u00e1m pri ka\u017edom n\u00e1kupe poskytli pokoj.<\/p>","protected":false},"featured_media":8429,"comment_status":"open","ping_status":"closed","template":"","meta":{"site-sidebar-layout":"default","site-content-layout":"","ast-site-content-layout":"default","site-content-style":"default","site-sidebar-style":"default","ast-global-header-display":"","ast-banner-title-visibility":"","ast-main-header-display":"","ast-hfb-above-header-display":"","ast-hfb-below-header-display":"","ast-hfb-mobile-header-display":"","site-post-title":"","ast-breadcrumbs-content":"","ast-featured-img":"","footer-sml-layout":"","theme-transparent-header-meta":"default","adv-header-id-meta":"","stick-header-meta":"default","header-above-stick-meta":"","header-main-stick-meta":"","header-below-stick-meta":"","astra-migrate-meta-layouts":"set","ast-page-background-enabled":"default","ast-page-background-meta":{"desktop":{"background-color":"","background-image":"","background-repeat":"repeat","background-position":"center center","background-size":"auto","background-attachment":"scroll","background-type":"","background-media":"","overlay-type":"","overlay-color":"","overlay-opacity":"","overlay-gradient":""},"tablet":{"background-color":"","background-image":"","background-repeat":"repeat","background-position":"center center","background-size":"auto","background-attachment":"scroll","background-type":"","background-media":"","overlay-type":"","overlay-color":"","overlay-opacity":"","overlay-gradient":""},"mobile":{"background-color":"","background-image":"","background-repeat":"repeat","background-position":"center center","background-size":"auto","background-attachment":"scroll","background-type":"","background-media":"","overlay-type":"","overlay-color":"","overlay-opacity":"","overlay-gradient":""}},"ast-content-background-meta":{"desktop":{"background-color":"var(--ast-global-color-5)","background-image":"","background-repeat":"repeat","background-position":"center center","background-size":"auto","background-attachment":"scroll","background-type":"","background-media":"","overlay-type":"","overlay-color":"","overlay-opacity":"","overlay-gradient":""},"tablet":{"background-color":"var(--ast-global-color-5)","background-image":"","background-repeat":"repeat","background-position":"center center","background-size":"auto","background-attachment":"scroll","background-type":"","background-media":"","overlay-type":"","overlay-color":"","overlay-opacity":"","overlay-gradient":""},"mobile":{"background-color":"var(--ast-global-color-5)","background-image":"","background-repeat":"repeat","background-position":"center center","background-size":"auto","background-attachment":"scroll","background-type":"","background-media":"","overlay-type":"","overlay-color":"","overlay-opacity":"","overlay-gradient":""}}},"product_brand":[],"product_cat":[44],"product_tag":[],"class_list":{"0":"post-8428","1":"product","2":"type-product","3":"status-publish","4":"has-post-thumbnail","6":"product_cat-stainless-steel-poduct","7":"desktop-align-left","8":"tablet-align-left","9":"mobile-align-left","10":"ast-product-gallery-layout-horizontal-slider","11":"ast-product-tabs-layout-horizontal","13":"first","14":"instock","15":"shipping-taxable","16":"purchasable","17":"product-type-simple"},"yoast_head":"<!-- This site is optimized with the Yoast SEO plugin v25.2 - https:\/\/yoast.com\/wordpress\/plugins\/seo\/ -->\n<title>Boat Steering Wheel<\/title>\n<meta name=\"robots\" content=\"index, follow, max-snippet:-1, max-image-preview:large, max-video-preview:-1\" \/>\n<link rel=\"canonical\" href=\"https:\/\/qingdaohf.com\/sk\/produkt\/volant-lode\/\" \/>\n<meta property=\"og:locale\" content=\"sk_SK\" \/>\n<meta property=\"og:type\" content=\"article\" \/>\n<meta property=\"og:title\" content=\"Boat Steering Wheel\" \/>\n<meta property=\"og:description\" content=\"Boat steering wheels play a pivotal role in ensuring smooth navigation and control on water, making them a critical component for any vessel. Buyers often prioritize factors such as material durability, ergonomic design, compatibility with various marine systems, and corrosion resistance when selecting a steering wheel. Our trading company offers high-quality boat steering wheels that address these concerns, coupled with one-to-one customer service, ensuring tailored recommendations. Additionally, we guarantee a fast delivery cycle and provide thorough quality inspection reports to offer peace of mind with every purchase.\" \/>\n<meta property=\"og:url\" content=\"https:\/\/qingdaohf.com\/sk\/produkt\/volant-lode\/\" \/>\n<meta property=\"og:site_name\" content=\"Concrete Form &amp; Rigging Hardware Supplier\" \/>\n<meta property=\"article:publisher\" content=\"https:\/\/www.facebook.com\/qingdaohf\" \/>\n<meta property=\"article:modified_time\" content=\"2025-11-13T01:02:51+00:00\" \/>\n<meta property=\"og:image\" content=\"https:\/\/qingdaohf.com\/wp-content\/uploads\/2024\/11\/boat-steering-wheel-5.jpg\" \/>\n\t<meta property=\"og:image:width\" content=\"1000\" \/>\n\t<meta property=\"og:image:height\" content=\"1000\" \/>\n\t<meta property=\"og:image:type\" content=\"image\/jpeg\" \/>\n<meta name=\"twitter:card\" content=\"summary_large_image\" \/>\n<meta name=\"twitter:label1\" content=\"Predpokladan\u00fd \u010das \u010d\u00edtania\" \/>\n\t<meta name=\"twitter:data1\" content=\"4 min\u00faty\" \/>\n<script type=\"application\/ld+json\" class=\"yoast-schema-graph\">{\"@context\":\"https:\/\/schema.org\",\"@graph\":[{\"@type\":\"WebPage\",\"@id\":\"https:\/\/qingdaohf.com\/product\/boat-steering-wheel\/\",\"url\":\"https:\/\/qingdaohf.com\/product\/boat-steering-wheel\/\",\"name\":\"Boat Steering Wheel\",\"isPartOf\":{\"@id\":\"https:\/\/qingdaohf.com\/bg\/#website\"},\"primaryImageOfPage\":{\"@id\":\"https:\/\/qingdaohf.com\/product\/boat-steering-wheel\/#primaryimage\"},\"image\":{\"@id\":\"https:\/\/qingdaohf.com\/product\/boat-steering-wheel\/#primaryimage\"},\"thumbnailUrl\":\"https:\/\/qingdaohf.com\/wp-content\/uploads\/2024\/11\/boat-steering-wheel-5.jpg\",\"datePublished\":\"2024-11-29T08:45:52+00:00\",\"dateModified\":\"2025-11-13T01:02:51+00:00\",\"breadcrumb\":{\"@id\":\"https:\/\/qingdaohf.com\/product\/boat-steering-wheel\/#breadcrumb\"},\"inLanguage\":\"sk-SK\",\"potentialAction\":[{\"@type\":\"ReadAction\",\"target\":[\"https:\/\/qingdaohf.com\/product\/boat-steering-wheel\/\"]}]},{\"@type\":\"ImageObject\",\"inLanguage\":\"sk-SK\",\"@id\":\"https:\/\/qingdaohf.com\/product\/boat-steering-wheel\/#primaryimage\",\"url\":\"https:\/\/qingdaohf.com\/wp-content\/uploads\/2024\/11\/boat-steering-wheel-5.jpg\",\"contentUrl\":\"https:\/\/qingdaohf.com\/wp-content\/uploads\/2024\/11\/boat-steering-wheel-5.jpg\",\"width\":1000,\"height\":1000,\"caption\":\"boat steering wheel\"},{\"@type\":\"BreadcrumbList\",\"@id\":\"https:\/\/qingdaohf.com\/product\/boat-steering-wheel\/#breadcrumb\",\"itemListElement\":[{\"@type\":\"ListItem\",\"position\":1,\"name\":\"Home\",\"item\":\"https:\/\/qingdaohf.com\/\"},{\"@type\":\"ListItem\",\"position\":2,\"name\":\"Concrete Forming Accessories and Rigging Hardware\",\"item\":\"https:\/\/qingdaohf.com\/bg\/?page_id=944\"},{\"@type\":\"ListItem\",\"position\":3,\"name\":\"Boat Steering Wheel\"}]},{\"@type\":\"WebSite\",\"@id\":\"https:\/\/qingdaohf.com\/bg\/#website\",\"url\":\"https:\/\/qingdaohf.com\/bg\/\",\"name\":\"Concrete Form & Rigging Hardware Supplier\",\"description\":\"\",\"publisher\":{\"@id\":\"https:\/\/qingdaohf.com\/bg\/#organization\"},\"potentialAction\":[{\"@type\":\"SearchAction\",\"target\":{\"@type\":\"EntryPoint\",\"urlTemplate\":\"https:\/\/qingdaohf.com\/bg\/?s={search_term_string}\"},\"query-input\":{\"@type\":\"PropertyValueSpecification\",\"valueRequired\":true,\"valueName\":\"search_term_string\"}}],\"inLanguage\":\"sk-SK\"},{\"@type\":\"Organization\",\"@id\":\"https:\/\/qingdaohf.com\/bg\/#organization\",\"name\":\"Qingdao H&F\",\"url\":\"https:\/\/qingdaohf.com\/bg\/\",\"logo\":{\"@type\":\"ImageObject\",\"inLanguage\":\"sk-SK\",\"@id\":\"https:\/\/qingdaohf.com\/bg\/#\/schema\/logo\/image\/\",\"url\":\"https:\/\/qingdaohf.com\/wp-content\/uploads\/2022\/12\/cropped-HF-LOGO.png\",\"contentUrl\":\"https:\/\/qingdaohf.com\/wp-content\/uploads\/2022\/12\/cropped-HF-LOGO.png\",\"width\":391,\"height\":249,\"caption\":\"Qingdao H&F\"},\"image\":{\"@id\":\"https:\/\/qingdaohf.com\/bg\/#\/schema\/logo\/image\/\"},\"sameAs\":[\"https:\/\/www.facebook.com\/qingdaohf\"]}]}<\/script>\n<!-- \/ Yoast SEO plugin. -->","yoast_head_json":{"title":"Boat Steering Wheel","robots":{"index":"index","follow":"follow","max-snippet":"max-snippet:-1","max-image-preview":"max-image-preview:large","max-video-preview":"max-video-preview:-1"},"canonical":"https:\/\/qingdaohf.com\/sk\/produkt\/volant-lode\/","og_locale":"sk_SK","og_type":"article","og_title":"Boat Steering Wheel","og_description":"Boat steering wheels play a pivotal role in ensuring smooth navigation and control on water, making them a critical component for any vessel. Buyers often prioritize factors such as material durability, ergonomic design, compatibility with various marine systems, and corrosion resistance when selecting a steering wheel. Our trading company offers high-quality boat steering wheels that address these concerns, coupled with one-to-one customer service, ensuring tailored recommendations. Additionally, we guarantee a fast delivery cycle and provide thorough quality inspection reports to offer peace of mind with every purchase.","og_url":"https:\/\/qingdaohf.com\/sk\/produkt\/volant-lode\/","og_site_name":"Concrete Form &amp; Rigging Hardware Supplier","article_publisher":"https:\/\/www.facebook.com\/qingdaohf","article_modified_time":"2025-11-13T01:02:51+00:00","og_image":[{"width":1000,"height":1000,"url":"https:\/\/qingdaohf.com\/wp-content\/uploads\/2024\/11\/boat-steering-wheel-5.jpg","type":"image\/jpeg"}],"twitter_card":"summary_large_image","twitter_misc":{"Predpokladan\u00fd \u010das \u010d\u00edtania":"4 min\u00faty"},"schema":{"@context":"https:\/\/schema.org","@graph":[{"@type":"WebPage","@id":"https:\/\/qingdaohf.com\/product\/boat-steering-wheel\/","url":"https:\/\/qingdaohf.com\/product\/boat-steering-wheel\/","name":"Boat Steering Wheel","isPartOf":{"@id":"https:\/\/qingdaohf.com\/bg\/#website"},"primaryImageOfPage":{"@id":"https:\/\/qingdaohf.com\/product\/boat-steering-wheel\/#primaryimage"},"image":{"@id":"https:\/\/qingdaohf.com\/product\/boat-steering-wheel\/#primaryimage"},"thumbnailUrl":"https:\/\/qingdaohf.com\/wp-content\/uploads\/2024\/11\/boat-steering-wheel-5.jpg","datePublished":"2024-11-29T08:45:52+00:00","dateModified":"2025-11-13T01:02:51+00:00","breadcrumb":{"@id":"https:\/\/qingdaohf.com\/product\/boat-steering-wheel\/#breadcrumb"},"inLanguage":"sk-SK","potentialAction":[{"@type":"ReadAction","target":["https:\/\/qingdaohf.com\/product\/boat-steering-wheel\/"]}]},{"@type":"ImageObject","inLanguage":"sk-SK","@id":"https:\/\/qingdaohf.com\/product\/boat-steering-wheel\/#primaryimage","url":"https:\/\/qingdaohf.com\/wp-content\/uploads\/2024\/11\/boat-steering-wheel-5.jpg","contentUrl":"https:\/\/qingdaohf.com\/wp-content\/uploads\/2024\/11\/boat-steering-wheel-5.jpg","width":1000,"height":1000,"caption":"boat steering wheel"},{"@type":"BreadcrumbList","@id":"https:\/\/qingdaohf.com\/product\/boat-steering-wheel\/#breadcrumb","itemListElement":[{"@type":"ListItem","position":1,"name":"Home","item":"https:\/\/qingdaohf.com\/"},{"@type":"ListItem","position":2,"name":"Concrete Forming Accessories and Rigging Hardware","item":"https:\/\/qingdaohf.com\/bg\/?page_id=944"},{"@type":"ListItem","position":3,"name":"Boat Steering Wheel"}]},{"@type":"WebSite","@id":"https:\/\/qingdaohf.com\/bg\/#website","url":"https:\/\/qingdaohf.com\/bg\/","name":"Concrete Form & Rigging Hardware Supplier","description":"","publisher":{"@id":"https:\/\/qingdaohf.com\/bg\/#organization"},"potentialAction":[{"@type":"SearchAction","target":{"@type":"EntryPoint","urlTemplate":"https:\/\/qingdaohf.com\/bg\/?s={search_term_string}"},"query-input":{"@type":"PropertyValueSpecification","valueRequired":true,"valueName":"search_term_string"}}],"inLanguage":"sk-SK"},{"@type":"Organization","@id":"https:\/\/qingdaohf.com\/bg\/#organization","name":"Qingdao H&F","url":"https:\/\/qingdaohf.com\/bg\/","logo":{"@type":"ImageObject","inLanguage":"sk-SK","@id":"https:\/\/qingdaohf.com\/bg\/#\/schema\/logo\/image\/","url":"https:\/\/qingdaohf.com\/wp-content\/uploads\/2022\/12\/cropped-HF-LOGO.png","contentUrl":"https:\/\/qingdaohf.com\/wp-content\/uploads\/2022\/12\/cropped-HF-LOGO.png","width":391,"height":249,"caption":"Qingdao H&F"},"image":{"@id":"https:\/\/qingdaohf.com\/bg\/#\/schema\/logo\/image\/"},"sameAs":["https:\/\/www.facebook.com\/qingdaohf"]}]}},"_links":{"self":[{"href":"https:\/\/qingdaohf.com\/sk\/wp-json\/wp\/v2\/product\/8428","targetHints":{"allow":["GET"]}}],"collection":[{"href":"https:\/\/qingdaohf.com\/sk\/wp-json\/wp\/v2\/product"}],"about":[{"href":"https:\/\/qingdaohf.com\/sk\/wp-json\/wp\/v2\/types\/product"}],"replies":[{"embeddable":true,"href":"https:\/\/qingdaohf.com\/sk\/wp-json\/wp\/v2\/comments?post=8428"}],"version-history":[{"count":1,"href":"https:\/\/qingdaohf.com\/sk\/wp-json\/wp\/v2\/product\/8428\/revisions"}],"predecessor-version":[{"id":8436,"href":"https:\/\/qingdaohf.com\/sk\/wp-json\/wp\/v2\/product\/8428\/revisions\/8436"}],"wp:featuredmedia":[{"embeddable":true,"href":"https:\/\/qingdaohf.com\/sk\/wp-json\/wp\/v2\/media\/8429"}],"wp:attachment":[{"href":"https:\/\/qingdaohf.com\/sk\/wp-json\/wp\/v2\/media?parent=8428"}],"wp:term":[{"taxonomy":"product_brand","embeddable":true,"href":"https:\/\/qingdaohf.com\/sk\/wp-json\/wp\/v2\/product_brand?post=8428"},{"taxonomy":"product_cat","embeddable":true,"href":"https:\/\/qingdaohf.com\/sk\/wp-json\/wp\/v2\/product_cat?post=8428"},{"taxonomy":"product_tag","embeddable":true,"href":"https:\/\/qingdaohf.com\/sk\/wp-json\/wp\/v2\/product_tag?post=8428"}],"curies":[{"name":"wp","href":"https:\/\/api.w.org\/{rel}","templated":true}]}}