{"id":8532,"date":"2024-12-16T11:17:22","date_gmt":"2024-12-16T03:17:22","guid":{"rendered":"http:\/\/qingdaohf.com\/?post_type=product&#038;p=8532"},"modified":"2025-11-13T09:02:22","modified_gmt":"2025-11-13T01:02:22","slug":"sandwich-panel-erection-anchor","status":"publish","type":"product","link":"https:\/\/qingdaohf.com\/sk\/produkt\/kotva-na-montaz-sendvicovych-panelov\/","title":{"rendered":"Kotva na mont\u00e1\u017e sendvi\u010dov\u00fdch panelov"},"content":{"rendered":"<p class=\"whitespace-pre-wrap break-words\">V d\u00f4sledku rast\u00faceho pou\u017e\u00edvania prefabrikovan\u00fdch komponentov v stavebn\u00edctve s\u00fa kotvy na mont\u00e1\u017e sendvi\u010dov\u00fdch panelov d\u00f4le\u017eitej\u0161ie ako kedyko\u013evek predt\u00fdm. Tieto \u0161pecializovan\u00e9 n\u00e1stroje s\u00fa nevyhnutn\u00e9 na bezpe\u010dn\u00e9 zdv\u00edhanie, umiest\u0148ovanie a in\u0161tal\u00e1ciu sendvi\u010dov\u00fdch panelov v sten\u00e1ch, strech\u00e1ch a fas\u00e1dach. Bez oh\u013eadu na to, \u010di tieto kotvy vyr\u00e1bate alebo ich pou\u017e\u00edvate na stavbe, pochopenie ich druhov, pou\u017eitia a v\u00fdkonnostn\u00fdch faktorov je nevyhnutn\u00e9.<\/p>\n<h2 class=\"font-600 text-xl font-bold\">Funkcia a v\u00fdznam kotiev na mont\u00e1\u017e sendvi\u010dov\u00fdch panelov<\/h2>\n<p class=\"whitespace-pre-wrap break-words\">Bezpe\u010dnos\u0165 a efekt\u00edvnos\u0165 pri mont\u00e1\u017ei s\u00fa hlavn\u00fdmi funkciami kotiev na mont\u00e1\u017e sendvi\u010dov\u00fdch panelov. Tieto n\u00e1stroje vytv\u00e1raj\u00fa spo\u013eahliv\u00e9 upev\u0148ovacie body pre zdv\u00edhacie zariadenia, \u010d\u00edm v\u00fdrazne zni\u017euj\u00fa rizik\u00e1 spojen\u00e9 s manipul\u00e1ciou s \u0165a\u017ek\u00fdmi panelmi. Pri projektoch, kde z\u00e1le\u017e\u00ed na \u010dase a presnosti, tieto kotvy zjednodu\u0161uj\u00fa zlo\u017eit\u00fa logistiku a z\u00e1rove\u0148 sp\u013a\u0148aj\u00fa pr\u00edsne bezpe\u010dnostn\u00e9 po\u017eiadavky.<\/p>\n<p class=\"whitespace-pre-wrap break-words\">Tieto kotvy sl\u00fa\u017eia viac ne\u017e len na zdv\u00edhanie - pom\u00e1haj\u00fa zabezpe\u010di\u0165, aby panely boli spr\u00e1vne zoraden\u00e9 a zostali spr\u00e1vne umiestnen\u00e9, \u010d\u00edm sa zabr\u00e1ni kon\u0161truk\u010dn\u00e9mu nam\u00e1haniu a nespr\u00e1vnemu nastaveniu po\u010das in\u0161tal\u00e1cie. T\u00e1to presnos\u0165 je mimoriadne d\u00f4le\u017eit\u00e1 pri ve\u013ek\u00fdch priemyseln\u00fdch a komer\u010dn\u00fdch stavb\u00e1ch, kde konzistentn\u00fd v\u00fdkon v\u0161etk\u00fdch komponentov m\u00f4\u017ee rozhodn\u00fa\u0165 o projekte. V\u00fdber typu kotvy priamo ovplyv\u0148uje \u00faspe\u0161nos\u0165 v\u00e1\u0161ho projektu.<\/p>\n<h2 class=\"font-600 text-xl font-bold\">Typy a aplik\u00e1cie kotiev na mont\u00e1\u017e sendvi\u010dov\u00fdch panelov<\/h2>\n<p class=\"whitespace-pre-wrap break-words\">Stavebn\u00e9 t\u00edmy si m\u00f4\u017eu vybra\u0165 z nieko\u013ek\u00fdch typov kotiev, z ktor\u00fdch ka\u017ed\u00fd je ur\u010den\u00fd pre \u0161pecifick\u00e9 hmotnosti panelov, kon\u0161trukcie a potreby in\u0161tal\u00e1cie. Niektor\u00e9 z nich najlep\u0161ie funguj\u00fa s \u013eah\u0161\u00edmi panelmi, zatia\u013e \u010do in\u00e9 s\u00fa skon\u0161truovan\u00e9 tak, aby zvl\u00e1dli zosilnen\u00e9 a \u0165a\u017e\u0161ie kon\u0161trukcie.<\/p>\n<p class=\"whitespace-pre-wrap break-words\">Mechanick\u00e9 kotvy s\u00fa ob\u013e\u00faben\u00e9 v\u010faka svojej flexibilite a jednoduchej in\u0161tal\u00e1cii. Stavebn\u00e9 t\u00edmy ich oce\u0148uj\u00fa na rovnomern\u00e9 rozlo\u017eenie bremien po\u010das zdv\u00edhania. V pr\u00edpade n\u00e1ro\u010dnej\u0161\u00edch prostred\u00ed, ktor\u00e9 si vy\u017eaduj\u00fa zv\u00fd\u0161en\u00fa odolnos\u0165, pon\u00fakaj\u00fa zv\u00e1ran\u00e9 kotvy zv\u00fd\u0161en\u00fa pevnos\u0165.<\/p>\n<p class=\"whitespace-pre-wrap break-words\">N\u00e1jdete tu aj zabudovan\u00e9 kotvy, ktor\u00e9 v\u00fdrobcovia in\u0161taluj\u00fa priamo do panelov po\u010das v\u00fdroby. Tie s\u00fa ide\u00e1lne pre projekty, ktor\u00e9 vy\u017eaduj\u00fa hladk\u00fa integr\u00e1ciu s minim\u00e1lnymi \u00fapravami na mieste. Bez oh\u013eadu na typ si v\u00fdber spr\u00e1vnej kotvy vy\u017eaduje d\u00f4kladn\u00e9 zv\u00e1\u017eenie potrieb v\u00e1\u0161ho projektu - od po\u017eiadaviek na za\u0165a\u017eenie a\u017e po podmienky prostredia a priemyseln\u00e9 normy.<\/p>\n<p class=\"whitespace-pre-wrap break-words\">Tieto kotvy nie s\u00fa obmedzen\u00e9 na jedno odvetvie. N\u00e1jdete ich pri v\u00fdstavbe skladov, tov\u00e1rn\u00ed, kancel\u00e1ri\u00ed a dokonca aj domov. V\u010faka ich prisp\u00f4sobivosti r\u00f4znym ve\u013ekostiam panelov a materi\u00e1lom s\u00fa cenn\u00e9 pre mal\u00e9 projekty aj ve\u013ek\u00e9 stavby.<\/p>\n<h2 class=\"font-600 text-xl font-bold\">Faktory ovplyv\u0148uj\u00face v\u00fdber kotiev na mont\u00e1\u017e sendvi\u010dov\u00fdch panelov<\/h2>\n<p class=\"whitespace-pre-wrap break-words\">V\u00fdber spr\u00e1vnej mont\u00e1\u017enej kotvy zah\u0155\u0148a nieko\u013eko z\u00e1sadn\u00fdch aspektov. Na prvom mieste je nosnos\u0165 - mus\u00edte presne vedie\u0165, ak\u00fa hmotnos\u0165 va\u0161a kotva bezpe\u010dne unesie. To si vy\u017eaduje presn\u00e9 v\u00fdpo\u010dty na z\u00e1klade \u0161pecifik\u00e1ci\u00ed a materi\u00e1lov v\u00e1\u0161ho panelu, aby sa zabr\u00e1nilo pre\u0165a\u017eeniu.<\/p>\n<p class=\"whitespace-pre-wrap break-words\">Kvalita materi\u00e1lu m\u00e1 obrovsk\u00fd v\u00fdznam. V\u00e4\u010d\u0161ina v\u00fdrobcov vol\u00ed vysokopevnostn\u00fa oce\u013e pre jej vynikaj\u00facu pevnos\u0165 v \u0165ahu a odolnos\u0165. Ak staviate vo vlhk\u00fdch oblastiach alebo v bl\u00edzkosti pobre\u017eia, rozhoduj\u00faca je odolnos\u0165 proti kor\u00f3zii. Mnoh\u00ed zhotovitelia sa rozhoduj\u00fa pre pozinkovan\u00e9 alebo povrchovo upraven\u00e9 kotvy, aby pred\u013a\u017eili ich \u017eivotnos\u0165.<\/p>\n<p class=\"whitespace-pre-wrap break-words\">Jednoduchos\u0165 in\u0161tal\u00e1cie a kompatibilita so \u0161tandardn\u00fdmi zdv\u00edhac\u00edmi zariadeniami m\u00f4\u017ee v\u00fdznamne ovplyvni\u0165 \u010dasov\u00fd pl\u00e1n a rozpo\u010det v\u00e1\u0161ho projektu. Spr\u00e1vne kotvy bud\u00fa bez probl\u00e9mov spolupracova\u0165 s va\u0161imi existuj\u00facimi syst\u00e9mami, \u010d\u00edm sa zn\u00ed\u017eia n\u00e1klady na pracovn\u00fa silu a ur\u00fdchli v\u00fdstavba. Splnenie medzin\u00e1rodn\u00fdch bezpe\u010dnostn\u00fdch noriem nie je volite\u013en\u00e9 - je nevyhnutn\u00e9 na zabezpe\u010denie s\u00faladu s predpismi a \u00faspechu projektu.<\/p>\n<p class=\"whitespace-pre-wrap break-words\">V spolo\u010dnosti Qingdao H&amp;F sa t\u00fdmito faktormi riadime pri z\u00edskavan\u00ed a dod\u00e1van\u00ed v\u00fdrobkov. N\u00e1\u0161 sortiment v\u00fdrobkov sme vytvorili tak, aby sp\u013a\u0148al r\u00f4zne glob\u00e1lne po\u017eiadavky, a v\u0161etko sme podporili d\u00f4kladn\u00fdmi kontrolami kvality a testovan\u00edm v\u00fdkonnosti. V\u010faka tomu dostanete presne to, \u010do v\u00e1\u0161 projekt potrebuje.<\/p>\n<h2 class=\"font-600 text-xl font-bold\">Zv\u00fd\u0161enie hodnoty kotiev na mont\u00e1\u017e sendvi\u010dov\u00fdch panelov prostredn\u00edctvom odbornej podpory<\/h2>\n<p class=\"whitespace-pre-wrap break-words\">Maxim\u00e1lne vyu\u017eitie kotiev na mont\u00e1\u017e sendvi\u010dov\u00fdch panelov nie je len o hardv\u00e9ri, ale aj o podpore, ktor\u00e1 sa za n\u00edm skr\u00fdva. N\u00e1\u0161 t\u00edm v spolo\u010dnosti Qingdao H&amp;F ver\u00ed v jasn\u00fa komunik\u00e1ciu a odborn\u00e9 poradenstvo. \u00dazko spolupracujeme s ka\u017ed\u00fdm klientom, aby sme pochopili jeho \u0161pecifick\u00e9 potreby a poskytli cielen\u00e9 odpor\u00fa\u010dania na dosiahnutie optim\u00e1lneho v\u00fdkonu.<\/p>\n<p class=\"whitespace-pre-wrap break-words\">Vieme, \u017ee stavebn\u00e9 projekty si nem\u00f4\u017eu dovoli\u0165 me\u0161kanie, a preto sme optimalizovali n\u00e1\u0161 proces dod\u00e1vok. V\u010faka efekt\u00edvnemu riadeniu dod\u00e1vate\u013esk\u00e9ho re\u0165azca a strategick\u00fdm partnerstv\u00e1m zabezpe\u010dujeme, aby va\u0161e kotvy dorazili vtedy, ke\u010f ich potrebujete, nech ste kdeko\u013evek.<\/p>\n<p class=\"whitespace-pre-wrap break-words\">Ka\u017ed\u00e1 z\u00e1sielka je dod\u00e1van\u00e1 s podrobn\u00fdmi spr\u00e1vami o kontrole kvality, ktor\u00e9 v\u00e1m poskytuj\u00fa \u00fapln\u00fd preh\u013ead o \u0161pecifik\u00e1ci\u00e1ch a \u00fadajoch o v\u00fdkone v\u00fdrobku. T\u00e1to transparentnos\u0165 odr\u00e1\u017ea n\u00e1\u0161 z\u00e1v\u00e4zok poskytova\u0165 dokonalos\u0165.<\/p>\n<h2 class=\"font-600 text-xl font-bold\">V\u00fdh\u013ead do bud\u00facnosti: Bud\u00facnos\u0165 kotiev na mont\u00e1\u017e sendvi\u010dov\u00fdch panelov<\/h2>\n<p class=\"whitespace-pre-wrap break-words\">Stavebn\u00edctvo sa neust\u00e1le vyv\u00edja a techniky mont\u00e1\u017ee panelov nie s\u00fa v\u00fdnimkou. Sme svedkami zauj\u00edmav\u00e9ho v\u00fdvoja v oblasti kotviacej techniky vr\u00e1tane pevnej\u0161\u00edch, ale \u013eah\u0161\u00edch materi\u00e1lov. Bud\u00facnos\u0165 m\u00f4\u017ee prinies\u0165 inteligentn\u00e9 kotvy so zabudovan\u00fdmi senzormi na monitorovanie za\u0165a\u017eenia a vyrovnania, \u010d\u00edm sa bezpe\u010dnos\u0165 a efekt\u00edvnos\u0165 posun\u00fa na nov\u00fa \u00farove\u0148.<\/p>\n<p class=\"whitespace-pre-wrap break-words\">V spolo\u010dnosti Qingdao H&amp;F sme v predstihu pred t\u00fdmito zmenami v odvetv\u00ed. Sledovan\u00edm najnov\u0161ieho v\u00fdvoja zabezpe\u010dujeme, aby na\u0161i klienti mali v\u017edy pr\u00edstup k najmodernej\u0161\u00edm rie\u0161eniam. Kombinujeme inovat\u00edvne produkty so slu\u017ebami zameran\u00fdmi na z\u00e1kazn\u00edka, aby sme si udr\u017eali poz\u00edciu l\u00eddra na trhu s rie\u0161eniami kotvenia panelov.<\/p>\n<p class=\"whitespace-pre-wrap break-words\">Na z\u00e1ver chcem poveda\u0165, \u017ee kotvy na mont\u00e1\u017e sendvi\u010dov\u00fdch panelov s\u00fa na\u010falej z\u00e1kladom \u00faspe\u0161nej modernej v\u00fdstavby. Ich \u00faloha pri umo\u017e\u0148ovan\u00ed bezpe\u010dnej a efekt\u00edvnej mont\u00e1\u017ee z nich rob\u00ed neocenite\u013en\u00e9 pom\u00f4cky pre stavite\u013eov aj dod\u00e1vate\u013eov. V spolo\u010dnosti Qingdao H&amp;F sme hrd\u00ed na to, \u017ee sme spo\u013eahliv\u00fdm partnerom v tejto dynamickej oblasti a poskytujeme kvalitu a dokonalos\u0165 klientom na celom svete.<\/p>","protected":false},"excerpt":{"rendered":"<p>Kotvy na mont\u00e1\u017e sendvi\u010dov\u00fdch panelov s\u00fa v stavebn\u00edctve ve\u013emi d\u00f4le\u017eit\u00fdm n\u00e1strojom, ktor\u00fd umo\u017e\u0148uje bezpe\u010dn\u00e9 a efekt\u00edvne zdv\u00edhanie a mont\u00e1\u017e sendvi\u010dov\u00fdch panelov. Ako kupuj\u00faci by ste sa mali zamera\u0165 na tri k\u013e\u00fa\u010dov\u00e9 veci: spo\u013eahlivos\u0165, kompatibilitu s r\u00f4znymi typmi panelov a siln\u00fa nosnos\u0165. V spolo\u010dnosti Qingdao H&amp;F sme 20 rokov zdokona\u013eovali n\u00e1\u0161 pr\u00edstup: pon\u00fakame individu\u00e1lny z\u00e1kazn\u00edcky servis, r\u00fdchlej\u0161ie dodacie lehoty a podrobn\u00e9 spr\u00e1vy o kvalite ka\u017edej dodanej objedn\u00e1vky. Na\u0161im klientom na celom svete sa sna\u017e\u00edme poskytn\u00fa\u0165 \u010do najhlad\u0161\u00ed z\u00e1\u017eitok z n\u00e1kupu.<\/p>","protected":false},"featured_media":8533,"comment_status":"open","ping_status":"closed","template":"","meta":{"site-sidebar-layout":"default","site-content-layout":"","ast-site-content-layout":"default","site-content-style":"default","site-sidebar-style":"default","ast-global-header-display":"","ast-banner-title-visibility":"","ast-main-header-display":"","ast-hfb-above-header-display":"","ast-hfb-below-header-display":"","ast-hfb-mobile-header-display":"","site-post-title":"","ast-breadcrumbs-content":"","ast-featured-img":"","footer-sml-layout":"","theme-transparent-header-meta":"default","adv-header-id-meta":"","stick-header-meta":"default","header-above-stick-meta":"","header-main-stick-meta":"","header-below-stick-meta":"","astra-migrate-meta-layouts":"set","ast-page-background-enabled":"default","ast-page-background-meta":{"desktop":{"background-color":"","background-image":"","background-repeat":"repeat","background-position":"center center","background-size":"auto","background-attachment":"scroll","background-type":"","background-media":"","overlay-type":"","overlay-color":"","overlay-opacity":"","overlay-gradient":""},"tablet":{"background-color":"","background-image":"","background-repeat":"repeat","background-position":"center center","background-size":"auto","background-attachment":"scroll","background-type":"","background-media":"","overlay-type":"","overlay-color":"","overlay-opacity":"","overlay-gradient":""},"mobile":{"background-color":"","background-image":"","background-repeat":"repeat","background-position":"center center","background-size":"auto","background-attachment":"scroll","background-type":"","background-media":"","overlay-type":"","overlay-color":"","overlay-opacity":"","overlay-gradient":""}},"ast-content-background-meta":{"desktop":{"background-color":"var(--ast-global-color-5)","background-image":"","background-repeat":"repeat","background-position":"center center","background-size":"auto","background-attachment":"scroll","background-type":"","background-media":"","overlay-type":"","overlay-color":"","overlay-opacity":"","overlay-gradient":""},"tablet":{"background-color":"var(--ast-global-color-5)","background-image":"","background-repeat":"repeat","background-position":"center center","background-size":"auto","background-attachment":"scroll","background-type":"","background-media":"","overlay-type":"","overlay-color":"","overlay-opacity":"","overlay-gradient":""},"mobile":{"background-color":"var(--ast-global-color-5)","background-image":"","background-repeat":"repeat","background-position":"center center","background-size":"auto","background-attachment":"scroll","background-type":"","background-media":"","overlay-type":"","overlay-color":"","overlay-opacity":"","overlay-gradient":""}}},"product_brand":[],"product_cat":[30],"product_tag":[],"class_list":{"0":"post-8532","1":"product","2":"type-product","3":"status-publish","4":"has-post-thumbnail","6":"product_cat-lifting-anchor","7":"desktop-align-left","8":"tablet-align-left","9":"mobile-align-left","10":"ast-product-gallery-layout-horizontal-slider","11":"ast-product-tabs-layout-horizontal","13":"first","14":"instock","15":"shipping-taxable","16":"purchasable","17":"product-type-simple"},"yoast_head":"<!-- This site is optimized with the Yoast SEO plugin v25.2 - https:\/\/yoast.com\/wordpress\/plugins\/seo\/ -->\n<title>Sandwich Panel Erection Anchor<\/title>\n<meta name=\"robots\" content=\"index, follow, max-snippet:-1, max-image-preview:large, max-video-preview:-1\" \/>\n<link rel=\"canonical\" href=\"https:\/\/qingdaohf.com\/sk\/produkt\/kotva-na-montaz-sendvicovych-panelov\/\" \/>\n<meta property=\"og:locale\" content=\"sk_SK\" \/>\n<meta property=\"og:type\" content=\"article\" \/>\n<meta property=\"og:title\" content=\"Sandwich Panel Erection Anchor\" \/>\n<meta property=\"og:description\" content=\"In construction, sandwich panel erection anchors are very important tools that make the lifting and installation of sandwich panels both safe and efficient. You would want to focus on three key things as a buyer: reliability, compatibility with different panel types, and strong load-bearing capacity. Here at Qingdao H&amp;F, we have spent 20 years perfecting our approach: offering personalized customer service, quicker delivery times, and detailed quality reports for every order shipped. We are committed to giving our clients worldwide the smoothest possible purchasing experience.\" \/>\n<meta property=\"og:url\" content=\"https:\/\/qingdaohf.com\/sk\/produkt\/kotva-na-montaz-sendvicovych-panelov\/\" \/>\n<meta property=\"og:site_name\" content=\"Concrete Form &amp; Rigging Hardware Supplier\" \/>\n<meta property=\"article:publisher\" content=\"https:\/\/www.facebook.com\/qingdaohf\" \/>\n<meta property=\"article:modified_time\" content=\"2025-11-13T01:02:22+00:00\" \/>\n<meta property=\"og:image\" content=\"https:\/\/qingdaohf.com\/wp-content\/uploads\/2024\/12\/Erection-Anchor_\u526f\u672c.jpg\" \/>\n\t<meta property=\"og:image:width\" content=\"1000\" \/>\n\t<meta property=\"og:image:height\" content=\"1000\" \/>\n\t<meta property=\"og:image:type\" content=\"image\/jpeg\" \/>\n<meta name=\"twitter:card\" content=\"summary_large_image\" \/>\n<meta name=\"twitter:label1\" content=\"Predpokladan\u00fd \u010das \u010d\u00edtania\" \/>\n\t<meta name=\"twitter:data1\" content=\"4 min\u00faty\" \/>\n<script type=\"application\/ld+json\" class=\"yoast-schema-graph\">{\"@context\":\"https:\/\/schema.org\",\"@graph\":[{\"@type\":\"WebPage\",\"@id\":\"https:\/\/qingdaohf.com\/product\/sandwich-panel-erection-anchor\/\",\"url\":\"https:\/\/qingdaohf.com\/product\/sandwich-panel-erection-anchor\/\",\"name\":\"Sandwich Panel Erection Anchor\",\"isPartOf\":{\"@id\":\"https:\/\/qingdaohf.com\/bg\/#website\"},\"primaryImageOfPage\":{\"@id\":\"https:\/\/qingdaohf.com\/product\/sandwich-panel-erection-anchor\/#primaryimage\"},\"image\":{\"@id\":\"https:\/\/qingdaohf.com\/product\/sandwich-panel-erection-anchor\/#primaryimage\"},\"thumbnailUrl\":\"https:\/\/qingdaohf.com\/wp-content\/uploads\/2024\/12\/Erection-Anchor_\u526f\u672c.jpg\",\"datePublished\":\"2024-12-16T03:17:22+00:00\",\"dateModified\":\"2025-11-13T01:02:22+00:00\",\"breadcrumb\":{\"@id\":\"https:\/\/qingdaohf.com\/product\/sandwich-panel-erection-anchor\/#breadcrumb\"},\"inLanguage\":\"sk-SK\",\"potentialAction\":[{\"@type\":\"ReadAction\",\"target\":[\"https:\/\/qingdaohf.com\/product\/sandwich-panel-erection-anchor\/\"]}]},{\"@type\":\"ImageObject\",\"inLanguage\":\"sk-SK\",\"@id\":\"https:\/\/qingdaohf.com\/product\/sandwich-panel-erection-anchor\/#primaryimage\",\"url\":\"https:\/\/qingdaohf.com\/wp-content\/uploads\/2024\/12\/Erection-Anchor_\u526f\u672c.jpg\",\"contentUrl\":\"https:\/\/qingdaohf.com\/wp-content\/uploads\/2024\/12\/Erection-Anchor_\u526f\u672c.jpg\",\"width\":1000,\"height\":1000,\"caption\":\"sandwich panel Erection Anchor\"},{\"@type\":\"BreadcrumbList\",\"@id\":\"https:\/\/qingdaohf.com\/product\/sandwich-panel-erection-anchor\/#breadcrumb\",\"itemListElement\":[{\"@type\":\"ListItem\",\"position\":1,\"name\":\"Home\",\"item\":\"https:\/\/qingdaohf.com\/\"},{\"@type\":\"ListItem\",\"position\":2,\"name\":\"Concrete Forming Accessories and Rigging Hardware\",\"item\":\"https:\/\/qingdaohf.com\/bg\/?page_id=944\"},{\"@type\":\"ListItem\",\"position\":3,\"name\":\"Sandwich Panel Erection Anchor\"}]},{\"@type\":\"WebSite\",\"@id\":\"https:\/\/qingdaohf.com\/bg\/#website\",\"url\":\"https:\/\/qingdaohf.com\/bg\/\",\"name\":\"Concrete Form & Rigging Hardware Supplier\",\"description\":\"\",\"publisher\":{\"@id\":\"https:\/\/qingdaohf.com\/bg\/#organization\"},\"potentialAction\":[{\"@type\":\"SearchAction\",\"target\":{\"@type\":\"EntryPoint\",\"urlTemplate\":\"https:\/\/qingdaohf.com\/bg\/?s={search_term_string}\"},\"query-input\":{\"@type\":\"PropertyValueSpecification\",\"valueRequired\":true,\"valueName\":\"search_term_string\"}}],\"inLanguage\":\"sk-SK\"},{\"@type\":\"Organization\",\"@id\":\"https:\/\/qingdaohf.com\/bg\/#organization\",\"name\":\"Qingdao H&F\",\"url\":\"https:\/\/qingdaohf.com\/bg\/\",\"logo\":{\"@type\":\"ImageObject\",\"inLanguage\":\"sk-SK\",\"@id\":\"https:\/\/qingdaohf.com\/bg\/#\/schema\/logo\/image\/\",\"url\":\"https:\/\/qingdaohf.com\/wp-content\/uploads\/2022\/12\/cropped-HF-LOGO.png\",\"contentUrl\":\"https:\/\/qingdaohf.com\/wp-content\/uploads\/2022\/12\/cropped-HF-LOGO.png\",\"width\":391,\"height\":249,\"caption\":\"Qingdao H&F\"},\"image\":{\"@id\":\"https:\/\/qingdaohf.com\/bg\/#\/schema\/logo\/image\/\"},\"sameAs\":[\"https:\/\/www.facebook.com\/qingdaohf\"]}]}<\/script>\n<!-- \/ Yoast SEO plugin. -->","yoast_head_json":{"title":"Sandwich Panel Erection Anchor","robots":{"index":"index","follow":"follow","max-snippet":"max-snippet:-1","max-image-preview":"max-image-preview:large","max-video-preview":"max-video-preview:-1"},"canonical":"https:\/\/qingdaohf.com\/sk\/produkt\/kotva-na-montaz-sendvicovych-panelov\/","og_locale":"sk_SK","og_type":"article","og_title":"Sandwich Panel Erection Anchor","og_description":"In construction, sandwich panel erection anchors are very important tools that make the lifting and installation of sandwich panels both safe and efficient. You would want to focus on three key things as a buyer: reliability, compatibility with different panel types, and strong load-bearing capacity. Here at Qingdao H&amp;F, we have spent 20 years perfecting our approach: offering personalized customer service, quicker delivery times, and detailed quality reports for every order shipped. We are committed to giving our clients worldwide the smoothest possible purchasing experience.","og_url":"https:\/\/qingdaohf.com\/sk\/produkt\/kotva-na-montaz-sendvicovych-panelov\/","og_site_name":"Concrete Form &amp; Rigging Hardware Supplier","article_publisher":"https:\/\/www.facebook.com\/qingdaohf","article_modified_time":"2025-11-13T01:02:22+00:00","og_image":[{"width":1000,"height":1000,"url":"https:\/\/qingdaohf.com\/wp-content\/uploads\/2024\/12\/Erection-Anchor_\u526f\u672c.jpg","type":"image\/jpeg"}],"twitter_card":"summary_large_image","twitter_misc":{"Predpokladan\u00fd \u010das \u010d\u00edtania":"4 min\u00faty"},"schema":{"@context":"https:\/\/schema.org","@graph":[{"@type":"WebPage","@id":"https:\/\/qingdaohf.com\/product\/sandwich-panel-erection-anchor\/","url":"https:\/\/qingdaohf.com\/product\/sandwich-panel-erection-anchor\/","name":"Sandwich Panel Erection Anchor","isPartOf":{"@id":"https:\/\/qingdaohf.com\/bg\/#website"},"primaryImageOfPage":{"@id":"https:\/\/qingdaohf.com\/product\/sandwich-panel-erection-anchor\/#primaryimage"},"image":{"@id":"https:\/\/qingdaohf.com\/product\/sandwich-panel-erection-anchor\/#primaryimage"},"thumbnailUrl":"https:\/\/qingdaohf.com\/wp-content\/uploads\/2024\/12\/Erection-Anchor_\u526f\u672c.jpg","datePublished":"2024-12-16T03:17:22+00:00","dateModified":"2025-11-13T01:02:22+00:00","breadcrumb":{"@id":"https:\/\/qingdaohf.com\/product\/sandwich-panel-erection-anchor\/#breadcrumb"},"inLanguage":"sk-SK","potentialAction":[{"@type":"ReadAction","target":["https:\/\/qingdaohf.com\/product\/sandwich-panel-erection-anchor\/"]}]},{"@type":"ImageObject","inLanguage":"sk-SK","@id":"https:\/\/qingdaohf.com\/product\/sandwich-panel-erection-anchor\/#primaryimage","url":"https:\/\/qingdaohf.com\/wp-content\/uploads\/2024\/12\/Erection-Anchor_\u526f\u672c.jpg","contentUrl":"https:\/\/qingdaohf.com\/wp-content\/uploads\/2024\/12\/Erection-Anchor_\u526f\u672c.jpg","width":1000,"height":1000,"caption":"sandwich panel Erection Anchor"},{"@type":"BreadcrumbList","@id":"https:\/\/qingdaohf.com\/product\/sandwich-panel-erection-anchor\/#breadcrumb","itemListElement":[{"@type":"ListItem","position":1,"name":"Home","item":"https:\/\/qingdaohf.com\/"},{"@type":"ListItem","position":2,"name":"Concrete Forming Accessories and Rigging Hardware","item":"https:\/\/qingdaohf.com\/bg\/?page_id=944"},{"@type":"ListItem","position":3,"name":"Sandwich Panel Erection Anchor"}]},{"@type":"WebSite","@id":"https:\/\/qingdaohf.com\/bg\/#website","url":"https:\/\/qingdaohf.com\/bg\/","name":"Concrete Form & Rigging Hardware Supplier","description":"","publisher":{"@id":"https:\/\/qingdaohf.com\/bg\/#organization"},"potentialAction":[{"@type":"SearchAction","target":{"@type":"EntryPoint","urlTemplate":"https:\/\/qingdaohf.com\/bg\/?s={search_term_string}"},"query-input":{"@type":"PropertyValueSpecification","valueRequired":true,"valueName":"search_term_string"}}],"inLanguage":"sk-SK"},{"@type":"Organization","@id":"https:\/\/qingdaohf.com\/bg\/#organization","name":"Qingdao H&F","url":"https:\/\/qingdaohf.com\/bg\/","logo":{"@type":"ImageObject","inLanguage":"sk-SK","@id":"https:\/\/qingdaohf.com\/bg\/#\/schema\/logo\/image\/","url":"https:\/\/qingdaohf.com\/wp-content\/uploads\/2022\/12\/cropped-HF-LOGO.png","contentUrl":"https:\/\/qingdaohf.com\/wp-content\/uploads\/2022\/12\/cropped-HF-LOGO.png","width":391,"height":249,"caption":"Qingdao H&F"},"image":{"@id":"https:\/\/qingdaohf.com\/bg\/#\/schema\/logo\/image\/"},"sameAs":["https:\/\/www.facebook.com\/qingdaohf"]}]}},"_links":{"self":[{"href":"https:\/\/qingdaohf.com\/sk\/wp-json\/wp\/v2\/product\/8532","targetHints":{"allow":["GET"]}}],"collection":[{"href":"https:\/\/qingdaohf.com\/sk\/wp-json\/wp\/v2\/product"}],"about":[{"href":"https:\/\/qingdaohf.com\/sk\/wp-json\/wp\/v2\/types\/product"}],"replies":[{"embeddable":true,"href":"https:\/\/qingdaohf.com\/sk\/wp-json\/wp\/v2\/comments?post=8532"}],"version-history":[{"count":1,"href":"https:\/\/qingdaohf.com\/sk\/wp-json\/wp\/v2\/product\/8532\/revisions"}],"predecessor-version":[{"id":8534,"href":"https:\/\/qingdaohf.com\/sk\/wp-json\/wp\/v2\/product\/8532\/revisions\/8534"}],"wp:featuredmedia":[{"embeddable":true,"href":"https:\/\/qingdaohf.com\/sk\/wp-json\/wp\/v2\/media\/8533"}],"wp:attachment":[{"href":"https:\/\/qingdaohf.com\/sk\/wp-json\/wp\/v2\/media?parent=8532"}],"wp:term":[{"taxonomy":"product_brand","embeddable":true,"href":"https:\/\/qingdaohf.com\/sk\/wp-json\/wp\/v2\/product_brand?post=8532"},{"taxonomy":"product_cat","embeddable":true,"href":"https:\/\/qingdaohf.com\/sk\/wp-json\/wp\/v2\/product_cat?post=8532"},{"taxonomy":"product_tag","embeddable":true,"href":"https:\/\/qingdaohf.com\/sk\/wp-json\/wp\/v2\/product_tag?post=8532"}],"curies":[{"name":"wp","href":"https:\/\/api.w.org\/{rel}","templated":true}]}}