{"id":8601,"date":"2024-12-27T17:18:28","date_gmt":"2024-12-27T09:18:28","guid":{"rendered":"http:\/\/qingdaohf.com\/?post_type=product&#038;p=8601"},"modified":"2025-11-13T09:02:22","modified_gmt":"2025-11-13T01:02:22","slug":"formwork-water-stop","status":"publish","type":"product","link":"https:\/\/qingdaohf.com\/sk\/produkt\/zastavenie-vody-v-debneni\/","title":{"rendered":"Zastavenie vody v debnen\u00ed"},"content":{"rendered":"<p class=\"whitespace-pre-wrap break-words\">V\u00fdrobky na zastavenie vody v debnen\u00ed s\u00fa nevyhnutn\u00e9 na hydroizol\u00e1ciu a zachovanie \u0161truktur\u00e1lnej integrity bet\u00f3novej kon\u0161trukcie. Tieto komponenty pracuj\u00fa spolu s pr\u00edslu\u0161enstvom debnenia, ako s\u00fa spojovacie ty\u010de a kr\u00eddlov\u00e9 matice, aby zabr\u00e1nili presakovaniu vody a chr\u00e1nili bet\u00f3nov\u00e9 kon\u0161trukcie. Po\u010fme presk\u00fama\u0165, ako tieto prvky spolupracuj\u00fa a pre\u010do s\u00fa d\u00f4le\u017eit\u00e9 pre va\u0161e stavebn\u00e9 projekty.<\/p>\n<h2 class=\"font-600 text-xl font-bold\">Pochopenie debnenia Zast\u00e1vky vody<\/h2>\n<p class=\"whitespace-pre-wrap break-words\">Pri stavbe z bet\u00f3nu sa nevyhnutne stret\u00e1vate so \u0161k\u00e1rami medzi jednotliv\u00fdmi \u010das\u0165ami - tie vznikaj\u00fa z praktick\u00fdch d\u00f4vodov, ako s\u00fa stavebn\u00e9 prest\u00e1vky alebo pou\u017eitie samostatn\u00fdch \u010dast\u00ed formy. Ke\u010f\u017ee bet\u00f3n je prirodzene p\u00f3rovit\u00fd, tieto \u0161k\u00e1ry sa m\u00f4\u017eu sta\u0165 slab\u00fdmi miestami, kam m\u00f4\u017ee prenikn\u00fa\u0165 voda. Pr\u00e1ve tu prich\u00e1dzaj\u00fa na rad vodn\u00e9 z\u00e1brany.<\/p>\n<p class=\"whitespace-pre-wrap break-words\">Vodn\u00e9 z\u00e1brany s\u00fa vyroben\u00e9 z materi\u00e1lov, ktor\u00e9 sa m\u00f4\u017eu oh\u00fdba\u0165 a pohybova\u0165 spolu s bet\u00f3nom - zvy\u010dajne z PVC, gumy alebo \u0161peci\u00e1lnych hydrofiln\u00fdch zmes\u00ed. K\u013e\u00fa\u010dom k \u00faspechu je vybra\u0165 nie\u010do, \u010do si zachov\u00e1 svoju \u00fa\u010dinnos\u0165, ke\u010f sa bet\u00f3n usadzuje a reaguje na zmeny prostredia. Mus\u00edte ich nain\u0161talova\u0165 pred vyliat\u00edm bet\u00f3nu, \u010d\u00edm vytvor\u00edte fyzick\u00fa bari\u00e9ru proti prenikaniu vody. To je mimoriadne d\u00f4le\u017eit\u00e9 najm\u00e4 pri kon\u0161trukci\u00e1ch, ako s\u00fa pivnice, tunely a priehrady, kde je tlak vody neust\u00e1lym probl\u00e9mom.<\/p>\n<h2 class=\"font-600 text-xl font-bold\">\u00daloha viazac\u00edch ty\u010d\u00ed v debnen\u00ed<\/h2>\n<p><img fetchpriority=\"high\" decoding=\"async\" class=\"alignnone wp-image-8579 size-full\" src=\"http:\/\/qingdaohf.com\/wp-content\/uploads\/2024\/12\/tie-rod-92.webp\" alt=\"syst\u00e9m spojovac\u00edch ty\u010d\u00ed\" width=\"1000\" height=\"1000\" srcset=\"https:\/\/qingdaohf.com\/wp-content\/uploads\/2024\/12\/tie-rod-92.webp 1000w, https:\/\/qingdaohf.com\/wp-content\/uploads\/2024\/12\/tie-rod-92-300x300.webp 300w, https:\/\/qingdaohf.com\/wp-content\/uploads\/2024\/12\/tie-rod-92-150x150.webp 150w, https:\/\/qingdaohf.com\/wp-content\/uploads\/2024\/12\/tie-rod-92-768x768.webp 768w, https:\/\/qingdaohf.com\/wp-content\/uploads\/2024\/12\/tie-rod-92-12x12.webp 12w, https:\/\/qingdaohf.com\/wp-content\/uploads\/2024\/12\/tie-rod-92-500x500.webp 500w, https:\/\/qingdaohf.com\/wp-content\/uploads\/2024\/12\/tie-rod-92-100x100.webp 100w\" sizes=\"(max-width: 1000px) 100vw, 1000px\" \/><\/p>\n<p class=\"whitespace-pre-wrap break-words\">Viazacie ty\u010de (alebo debniace tiahla) s\u00fa neopozeran\u00fdmi hrdinami bet\u00f3novej kon\u0161trukcie. Tieto oce\u013eov\u00e9 komponenty dr\u017eia debniace panely stabilne po\u010das liatia a tvrdnutia bet\u00f3nu. Prevle\u010den\u00edm cez panely a zaisten\u00edm kr\u00eddlov\u00fdmi maticami na ka\u017edom konci zabezpe\u010duj\u00fa \u0165ah potrebn\u00fd na udr\u017eanie stability pod obrovsk\u00fdm tlakom mokr\u00e9ho bet\u00f3nu.<\/p>\n<p class=\"whitespace-pre-wrap break-words\">Vz\u0165ah medzi vodn\u00fdmi uz\u00e1vermi a spojovac\u00edmi ty\u010dami je ve\u013emi d\u00f4le\u017eit\u00fd - musia bez probl\u00e9mov spolupracova\u0165. Zatia\u013e \u010do viazacie ty\u010de udr\u017eiavaj\u00fa polohu debnenia, vodn\u00e9 zar\u00e1\u017eky zabezpe\u010duj\u00fa nepriepustnos\u0165 \u0161k\u00e1r. Spr\u00e1vna kombin\u00e1cia zabra\u0148uje prenikaniu vody a n\u00e1kladn\u00fdm oprav\u00e1m v bud\u00facnosti. Po stuhnut\u00ed bet\u00f3nu pracovn\u00edci odstr\u00e1nia viazacie ty\u010de a kr\u00eddlov\u00e9 matice a zanechaj\u00fa po sebe spr\u00e1vne vodotesn\u00e9 spoje.<\/p>\n<h2 class=\"font-600 text-xl font-bold\">V\u00fdznam kr\u00eddlov\u00fdch mat\u00edc v debnen\u00ed<\/h2>\n<p class=\"whitespace-pre-wrap break-words\">Kr\u00eddlov\u00e9 matice sa m\u00f4\u017eu zda\u0165 jednoduch\u00e9, ale s\u00fa nevyhnutn\u00e9 na doladenie in\u0161tal\u00e1cie debnenia. Ich kon\u0161trukcia umo\u017e\u0148uje pracovn\u00edkom ru\u010dne nastavi\u0165 napnutie spojovac\u00edch ty\u010d\u00ed, \u010do u\u013eah\u010duje udr\u017eiavanie spr\u00e1vneho nastavenia panelov po\u010das beton\u00e1\u017ee. T\u00e1to presn\u00e1 kontrola pom\u00e1ha predch\u00e1dza\u0165 pohybu panelov, ktor\u00fd by mohol ohrozi\u0165 kone\u010dn\u00fa kon\u0161trukciu.<\/p>\n<p class=\"whitespace-pre-wrap break-words\">Tieto zlo\u017eky tie\u017e zohr\u00e1vaj\u00fa k\u013e\u00fa\u010dov\u00fa \u00falohu pri \u00fa\u010dinnosti zastavenia vody. Ak s\u00fa tiahla spr\u00e1vne napnut\u00e9 pomocou kr\u00eddlov\u00fdch mat\u00edc, udr\u017euj\u00fa debniace panely a vodn\u00e9 uz\u00e1very presne tam, kde maj\u00fa by\u0165. Bez spr\u00e1vneho nastavenia kr\u00eddlov\u00fdch mat\u00edc by pohyb po\u010das beton\u00e1\u017ee mohol vytvori\u0165 medzery, ktor\u00e9 by umo\u017enili prenikanie vody.<\/p>\n<h2 class=\"font-600 text-xl font-bold\">V\u00fdhody debnenia Zastavenie vody pri hydroizol\u00e1cii bet\u00f3nu<\/h2>\n<p class=\"whitespace-pre-wrap break-words\">V pr\u00edpade kon\u0161trukci\u00ed, ktor\u00e9 s\u00fa neust\u00e1le vystaven\u00e9 vlhkosti, ako s\u00fa z\u00e1klady a podzemn\u00e9 tunely, je spr\u00e1vna hydroizol\u00e1cia nevyhnutn\u00e1. Vodn\u00e9 z\u00e1brany pon\u00fakaj\u00fa nieko\u013eko k\u013e\u00fa\u010dov\u00fdch v\u00fdhod:<\/p>\n<p class=\"whitespace-pre-wrap break-words\">Kon\u0161truk\u010dn\u00e1 ochrana: Zabr\u00e1nen\u00edm prenikaniu vody do \u0161k\u00e1r pom\u00e1haj\u00fa vodn\u00e9 z\u00e1brany predch\u00e1dza\u0165 be\u017en\u00fdm probl\u00e9mom, ako je kor\u00f3zia v\u00fdstu\u017ee a degrad\u00e1cia bet\u00f3nu, ktor\u00e9 m\u00f4\u017eu ohrozi\u0165 integritu kon\u0161trukcie.<\/p>\n<p class=\"whitespace-pre-wrap break-words\">V\u00fdhody v oblasti n\u00e1kladov: Hoci sa po\u010diato\u010dn\u00e1 invest\u00edcia do kvalitn\u00fdch vodn\u00fdch z\u00e1tok m\u00f4\u017ee zda\u0165 zna\u010dn\u00e1, je ove\u013ea lacnej\u0161ia ako neskor\u0161ie opravy \u0161k\u00f4d sp\u00f4soben\u00fdch vodou. Spr\u00e1vna hydroizol\u00e1cia po\u010das v\u00fdstavby eliminuje potrebu n\u00e1kladn\u00fdch opr\u00e1v v bud\u00facnosti.<\/p>\n<p class=\"whitespace-pre-wrap break-words\">Zv\u00fd\u0161en\u00e1 \u017eivotnos\u0165: Kon\u0161trukcie so spr\u00e1vnou in\u0161tal\u00e1ciou vodn\u00fdch uz\u00e1verov maj\u00fa zvy\u010dajne dlh\u0161iu \u017eivotnos\u0165, najm\u00e4 v n\u00e1ro\u010dn\u00fdch prostrediach s vysok\u00fdm tlakom vody alebo koroz\u00edvnymi podmienkami.<\/p>\n<p class=\"whitespace-pre-wrap break-words\">Dodr\u017eiavanie pr\u00e1vnych predpisov: Mnoh\u00e9 stavebn\u00e9 predpisy naria\u010fuj\u00fa pou\u017e\u00edvanie vodn\u00fdch z\u00e1tok, najm\u00e4 v pr\u00edpade kritickej infra\u0161trukt\u00fary. Ich pou\u017eitie pom\u00e1ha zabezpe\u010di\u0165, aby v\u00e1\u0161 projekt sp\u013a\u0148al v\u0161etky potrebn\u00e9 bezpe\u010dnostn\u00e9 a spo\u013eahliv\u00e9 normy.<\/p>\n<p class=\"whitespace-pre-wrap break-words\">Zodpovednos\u0165 za \u017eivotn\u00e9 prostredie: \u00da\u010dinn\u00e1 hydroizol\u00e1cia chr\u00e1ni nielen kon\u0161trukciu, ale aj okolit\u00e9 prostredie pred potenci\u00e1lnou kontamin\u00e1ciou v d\u00f4sledku netesnost\u00ed.<\/p>\n<h2 class=\"font-600 text-xl font-bold\">Pre\u010do si vybra\u0165 n\u00e1s pre svoje potreby v oblasti debnenia?<\/h2>\n<p class=\"whitespace-pre-wrap break-words\">Na\u0161a spolo\u010dnos\u0165 sa \u0161pecializuje na poskytovanie vysokokvalitn\u00fdch debniacich rie\u0161en\u00ed profesion\u00e1lom v stavebn\u00edctve. Ch\u00e1peme, \u017ee ka\u017ed\u00fd projekt m\u00e1 jedine\u010dn\u00e9 v\u00fdzvy, a preto pon\u00fakame individu\u00e1lnu podporu, ktor\u00e1 v\u00e1m pom\u00f4\u017ee vybra\u0165 tie spr\u00e1vne produkty.<\/p>\n<p class=\"whitespace-pre-wrap break-words\">Sme hrd\u00ed na r\u00fdchle dodacie lehoty a komplexn\u00fa dokument\u00e1ciu o kontrole kvality. Bez oh\u013eadu na to, \u010di riadite ve\u013ek\u00fd infra\u0161trukt\u00farny projekt alebo men\u0161iu stavbu, n\u00e1\u0161 t\u00edm v\u00e1m poskytne odborn\u00e9 znalosti a podporu, ktor\u00fa potrebujete po\u010das cel\u00e9ho projektu.<\/p>\n<h2 class=\"font-600 text-xl font-bold\">Z\u00e1ver<\/h2>\n<p class=\"whitespace-pre-wrap break-words\">\u00daspech bet\u00f3novej kon\u0161trukcie \u010dasto z\u00e1vis\u00ed od spr\u00e1vneho rie\u0161enia detailov - najm\u00e4 pokia\u013e ide o hydroizol\u00e1ciu. \u00da\u010dinn\u00e9 pou\u017e\u00edvanie vodn\u00fdch zar\u00e1\u017eok spolu so spr\u00e1vne nain\u0161talovan\u00fdmi spojovac\u00edmi ty\u010dami a kr\u00eddlov\u00fdmi maticami pom\u00e1ha zabezpe\u010di\u0165, aby va\u0161e kon\u0161trukcie zostali vodotesn\u00e9 a odoln\u00e9. Spolupr\u00e1cou so spo\u013eahliv\u00fdm dod\u00e1vate\u013eom, ako sme my, z\u00edskate kvalitn\u00e9 v\u00fdrobky a podporu potrebn\u00fa na \u00faspe\u0161n\u00e9 dokon\u010denie va\u0161ich projektov.<\/p>","protected":false},"excerpt":{"rendered":"<p>V\u00fdrobky na zastavenie vody v debnen\u00ed s\u00fa nevyhnutn\u00e9 na vytvorenie vodotesn\u00fdch bari\u00e9r v bet\u00f3novej kon\u0161trukcii, ktor\u00e9 zabra\u0148uj\u00fa \u00faniku vody cez \u0161k\u00e1ry v bet\u00f3nov\u00fdch kon\u0161trukci\u00e1ch. Tieto v\u00fdrobky s\u00fa navrhnut\u00e9 tak, aby sa pou\u017e\u00edvali v spojen\u00ed s \u010fal\u0161\u00edm pr\u00edslu\u0161enstvom debnenia, ako s\u00fa spojovacie ty\u010de a kr\u00eddlov\u00e9 matice, a zabezpe\u010dili tak bezprobl\u00e9mov\u00fd a odoln\u00fd proces v\u00fdstavby. Ako obchodn\u00e1 spolo\u010dnos\u0165 pon\u00fakame individu\u00e1lny z\u00e1kazn\u00edcky servis, r\u00fdchle dodacie cykly a poskytujeme r\u00f4zne spr\u00e1vy o kontrole kvality, aby sme na\u0161im z\u00e1kazn\u00edkom zabezpe\u010dili najvy\u0161\u0161\u00ed \u0161tandard. \u010ci u\u017e potrebujete poradi\u0165 so \u0161pecifik\u00e1ciami v\u00fdrobkov alebo v\u010das doda\u0165 tovar, sme odhodlan\u00ed splni\u0165 va\u0161e potreby efekt\u00edvne a spo\u013eahlivo.<\/p>","protected":false},"featured_media":8599,"comment_status":"open","ping_status":"closed","template":"","meta":{"site-sidebar-layout":"default","site-content-layout":"","ast-site-content-layout":"default","site-content-style":"default","site-sidebar-style":"default","ast-global-header-display":"","ast-banner-title-visibility":"","ast-main-header-display":"","ast-hfb-above-header-display":"","ast-hfb-below-header-display":"","ast-hfb-mobile-header-display":"","site-post-title":"","ast-breadcrumbs-content":"","ast-featured-img":"","footer-sml-layout":"","theme-transparent-header-meta":"default","adv-header-id-meta":"","stick-header-meta":"default","header-above-stick-meta":"","header-main-stick-meta":"","header-below-stick-meta":"","astra-migrate-meta-layouts":"set","ast-page-background-enabled":"default","ast-page-background-meta":{"desktop":{"background-color":"","background-image":"","background-repeat":"repeat","background-position":"center center","background-size":"auto","background-attachment":"scroll","background-type":"","background-media":"","overlay-type":"","overlay-color":"","overlay-opacity":"","overlay-gradient":""},"tablet":{"background-color":"","background-image":"","background-repeat":"repeat","background-position":"center center","background-size":"auto","background-attachment":"scroll","background-type":"","background-media":"","overlay-type":"","overlay-color":"","overlay-opacity":"","overlay-gradient":""},"mobile":{"background-color":"","background-image":"","background-repeat":"repeat","background-position":"center center","background-size":"auto","background-attachment":"scroll","background-type":"","background-media":"","overlay-type":"","overlay-color":"","overlay-opacity":"","overlay-gradient":""}},"ast-content-background-meta":{"desktop":{"background-color":"var(--ast-global-color-5)","background-image":"","background-repeat":"repeat","background-position":"center center","background-size":"auto","background-attachment":"scroll","background-type":"","background-media":"","overlay-type":"","overlay-color":"","overlay-opacity":"","overlay-gradient":""},"tablet":{"background-color":"var(--ast-global-color-5)","background-image":"","background-repeat":"repeat","background-position":"center center","background-size":"auto","background-attachment":"scroll","background-type":"","background-media":"","overlay-type":"","overlay-color":"","overlay-opacity":"","overlay-gradient":""},"mobile":{"background-color":"var(--ast-global-color-5)","background-image":"","background-repeat":"repeat","background-position":"center center","background-size":"auto","background-attachment":"scroll","background-type":"","background-media":"","overlay-type":"","overlay-color":"","overlay-opacity":"","overlay-gradient":""}}},"product_brand":[],"product_cat":[79],"product_tag":[],"class_list":{"0":"post-8601","1":"product","2":"type-product","3":"status-publish","4":"has-post-thumbnail","6":"product_cat-tie-rod-system","7":"desktop-align-left","8":"tablet-align-left","9":"mobile-align-left","10":"ast-product-gallery-layout-horizontal-slider","11":"ast-product-tabs-layout-horizontal","13":"first","14":"instock","15":"shipping-taxable","16":"purchasable","17":"product-type-simple"},"yoast_head":"<!-- This site is optimized with the Yoast SEO plugin v25.2 - https:\/\/yoast.com\/wordpress\/plugins\/seo\/ -->\n<title>Formwork Water Stop<\/title>\n<meta name=\"description\" content=\"Formwork water stop products are essential for creating waterproof barriers in concrete construction, preventing water leakage through joints in concrete structures.\" \/>\n<meta name=\"robots\" content=\"index, follow, max-snippet:-1, max-image-preview:large, max-video-preview:-1\" \/>\n<link rel=\"canonical\" href=\"https:\/\/qingdaohf.com\/sk\/produkt\/zastavenie-vody-v-debneni\/\" \/>\n<meta property=\"og:locale\" content=\"sk_SK\" \/>\n<meta property=\"og:type\" content=\"article\" \/>\n<meta property=\"og:title\" content=\"Formwork Water Stop\" \/>\n<meta property=\"og:description\" content=\"Formwork water stop products are essential for creating waterproof barriers in concrete construction, preventing water leakage through joints in concrete structures.\" \/>\n<meta property=\"og:url\" content=\"https:\/\/qingdaohf.com\/sk\/produkt\/zastavenie-vody-v-debneni\/\" \/>\n<meta property=\"og:site_name\" content=\"Concrete Form &amp; Rigging Hardware Supplier\" \/>\n<meta property=\"article:publisher\" content=\"https:\/\/www.facebook.com\/qingdaohf\" \/>\n<meta property=\"article:modified_time\" content=\"2025-11-13T01:02:22+00:00\" \/>\n<meta property=\"og:image\" content=\"https:\/\/qingdaohf.com\/wp-content\/uploads\/2024\/12\/tie-rod-water-stop-9.jpg\" \/>\n\t<meta property=\"og:image:width\" content=\"1000\" \/>\n\t<meta property=\"og:image:height\" content=\"1000\" \/>\n\t<meta property=\"og:image:type\" content=\"image\/jpeg\" \/>\n<meta name=\"twitter:card\" content=\"summary_large_image\" \/>\n<meta name=\"twitter:label1\" content=\"Predpokladan\u00fd \u010das \u010d\u00edtania\" \/>\n\t<meta name=\"twitter:data1\" content=\"4 min\u00faty\" \/>\n<script type=\"application\/ld+json\" class=\"yoast-schema-graph\">{\"@context\":\"https:\/\/schema.org\",\"@graph\":[{\"@type\":\"WebPage\",\"@id\":\"https:\/\/qingdaohf.com\/product\/formwork-water-stop\/\",\"url\":\"https:\/\/qingdaohf.com\/product\/formwork-water-stop\/\",\"name\":\"Formwork Water Stop\",\"isPartOf\":{\"@id\":\"https:\/\/qingdaohf.com\/bg\/#website\"},\"primaryImageOfPage\":{\"@id\":\"https:\/\/qingdaohf.com\/product\/formwork-water-stop\/#primaryimage\"},\"image\":{\"@id\":\"https:\/\/qingdaohf.com\/product\/formwork-water-stop\/#primaryimage\"},\"thumbnailUrl\":\"https:\/\/qingdaohf.com\/wp-content\/uploads\/2024\/12\/tie-rod-water-stop-9.jpg\",\"datePublished\":\"2024-12-27T09:18:28+00:00\",\"dateModified\":\"2025-11-13T01:02:22+00:00\",\"description\":\"Formwork water stop products are essential for creating waterproof barriers in concrete construction, preventing water leakage through joints in concrete structures.\",\"breadcrumb\":{\"@id\":\"https:\/\/qingdaohf.com\/product\/formwork-water-stop\/#breadcrumb\"},\"inLanguage\":\"sk-SK\",\"potentialAction\":[{\"@type\":\"ReadAction\",\"target\":[\"https:\/\/qingdaohf.com\/product\/formwork-water-stop\/\"]}]},{\"@type\":\"ImageObject\",\"inLanguage\":\"sk-SK\",\"@id\":\"https:\/\/qingdaohf.com\/product\/formwork-water-stop\/#primaryimage\",\"url\":\"https:\/\/qingdaohf.com\/wp-content\/uploads\/2024\/12\/tie-rod-water-stop-9.jpg\",\"contentUrl\":\"https:\/\/qingdaohf.com\/wp-content\/uploads\/2024\/12\/tie-rod-water-stop-9.jpg\",\"width\":1000,\"height\":1000},{\"@type\":\"BreadcrumbList\",\"@id\":\"https:\/\/qingdaohf.com\/product\/formwork-water-stop\/#breadcrumb\",\"itemListElement\":[{\"@type\":\"ListItem\",\"position\":1,\"name\":\"Home\",\"item\":\"https:\/\/qingdaohf.com\/\"},{\"@type\":\"ListItem\",\"position\":2,\"name\":\"Concrete Forming Accessories and Rigging Hardware\",\"item\":\"https:\/\/qingdaohf.com\/bg\/?page_id=944\"},{\"@type\":\"ListItem\",\"position\":3,\"name\":\"Formwork Water Stop\"}]},{\"@type\":\"WebSite\",\"@id\":\"https:\/\/qingdaohf.com\/bg\/#website\",\"url\":\"https:\/\/qingdaohf.com\/bg\/\",\"name\":\"Concrete Form & Rigging Hardware Supplier\",\"description\":\"\",\"publisher\":{\"@id\":\"https:\/\/qingdaohf.com\/bg\/#organization\"},\"potentialAction\":[{\"@type\":\"SearchAction\",\"target\":{\"@type\":\"EntryPoint\",\"urlTemplate\":\"https:\/\/qingdaohf.com\/bg\/?s={search_term_string}\"},\"query-input\":{\"@type\":\"PropertyValueSpecification\",\"valueRequired\":true,\"valueName\":\"search_term_string\"}}],\"inLanguage\":\"sk-SK\"},{\"@type\":\"Organization\",\"@id\":\"https:\/\/qingdaohf.com\/bg\/#organization\",\"name\":\"Qingdao H&F\",\"url\":\"https:\/\/qingdaohf.com\/bg\/\",\"logo\":{\"@type\":\"ImageObject\",\"inLanguage\":\"sk-SK\",\"@id\":\"https:\/\/qingdaohf.com\/bg\/#\/schema\/logo\/image\/\",\"url\":\"https:\/\/qingdaohf.com\/wp-content\/uploads\/2022\/12\/cropped-HF-LOGO.png\",\"contentUrl\":\"https:\/\/qingdaohf.com\/wp-content\/uploads\/2022\/12\/cropped-HF-LOGO.png\",\"width\":391,\"height\":249,\"caption\":\"Qingdao H&F\"},\"image\":{\"@id\":\"https:\/\/qingdaohf.com\/bg\/#\/schema\/logo\/image\/\"},\"sameAs\":[\"https:\/\/www.facebook.com\/qingdaohf\"]}]}<\/script>\n<!-- \/ Yoast SEO plugin. -->","yoast_head_json":{"title":"Formwork Water Stop","description":"Formwork water stop products are essential for creating waterproof barriers in concrete construction, preventing water leakage through joints in concrete structures.","robots":{"index":"index","follow":"follow","max-snippet":"max-snippet:-1","max-image-preview":"max-image-preview:large","max-video-preview":"max-video-preview:-1"},"canonical":"https:\/\/qingdaohf.com\/sk\/produkt\/zastavenie-vody-v-debneni\/","og_locale":"sk_SK","og_type":"article","og_title":"Formwork Water Stop","og_description":"Formwork water stop products are essential for creating waterproof barriers in concrete construction, preventing water leakage through joints in concrete structures.","og_url":"https:\/\/qingdaohf.com\/sk\/produkt\/zastavenie-vody-v-debneni\/","og_site_name":"Concrete Form &amp; Rigging Hardware Supplier","article_publisher":"https:\/\/www.facebook.com\/qingdaohf","article_modified_time":"2025-11-13T01:02:22+00:00","og_image":[{"width":1000,"height":1000,"url":"https:\/\/qingdaohf.com\/wp-content\/uploads\/2024\/12\/tie-rod-water-stop-9.jpg","type":"image\/jpeg"}],"twitter_card":"summary_large_image","twitter_misc":{"Predpokladan\u00fd \u010das \u010d\u00edtania":"4 min\u00faty"},"schema":{"@context":"https:\/\/schema.org","@graph":[{"@type":"WebPage","@id":"https:\/\/qingdaohf.com\/product\/formwork-water-stop\/","url":"https:\/\/qingdaohf.com\/product\/formwork-water-stop\/","name":"Formwork Water Stop","isPartOf":{"@id":"https:\/\/qingdaohf.com\/bg\/#website"},"primaryImageOfPage":{"@id":"https:\/\/qingdaohf.com\/product\/formwork-water-stop\/#primaryimage"},"image":{"@id":"https:\/\/qingdaohf.com\/product\/formwork-water-stop\/#primaryimage"},"thumbnailUrl":"https:\/\/qingdaohf.com\/wp-content\/uploads\/2024\/12\/tie-rod-water-stop-9.jpg","datePublished":"2024-12-27T09:18:28+00:00","dateModified":"2025-11-13T01:02:22+00:00","description":"Formwork water stop products are essential for creating waterproof barriers in concrete construction, preventing water leakage through joints in concrete structures.","breadcrumb":{"@id":"https:\/\/qingdaohf.com\/product\/formwork-water-stop\/#breadcrumb"},"inLanguage":"sk-SK","potentialAction":[{"@type":"ReadAction","target":["https:\/\/qingdaohf.com\/product\/formwork-water-stop\/"]}]},{"@type":"ImageObject","inLanguage":"sk-SK","@id":"https:\/\/qingdaohf.com\/product\/formwork-water-stop\/#primaryimage","url":"https:\/\/qingdaohf.com\/wp-content\/uploads\/2024\/12\/tie-rod-water-stop-9.jpg","contentUrl":"https:\/\/qingdaohf.com\/wp-content\/uploads\/2024\/12\/tie-rod-water-stop-9.jpg","width":1000,"height":1000},{"@type":"BreadcrumbList","@id":"https:\/\/qingdaohf.com\/product\/formwork-water-stop\/#breadcrumb","itemListElement":[{"@type":"ListItem","position":1,"name":"Home","item":"https:\/\/qingdaohf.com\/"},{"@type":"ListItem","position":2,"name":"Concrete Forming Accessories and Rigging Hardware","item":"https:\/\/qingdaohf.com\/bg\/?page_id=944"},{"@type":"ListItem","position":3,"name":"Formwork Water Stop"}]},{"@type":"WebSite","@id":"https:\/\/qingdaohf.com\/bg\/#website","url":"https:\/\/qingdaohf.com\/bg\/","name":"Concrete Form & Rigging Hardware Supplier","description":"","publisher":{"@id":"https:\/\/qingdaohf.com\/bg\/#organization"},"potentialAction":[{"@type":"SearchAction","target":{"@type":"EntryPoint","urlTemplate":"https:\/\/qingdaohf.com\/bg\/?s={search_term_string}"},"query-input":{"@type":"PropertyValueSpecification","valueRequired":true,"valueName":"search_term_string"}}],"inLanguage":"sk-SK"},{"@type":"Organization","@id":"https:\/\/qingdaohf.com\/bg\/#organization","name":"Qingdao H&F","url":"https:\/\/qingdaohf.com\/bg\/","logo":{"@type":"ImageObject","inLanguage":"sk-SK","@id":"https:\/\/qingdaohf.com\/bg\/#\/schema\/logo\/image\/","url":"https:\/\/qingdaohf.com\/wp-content\/uploads\/2022\/12\/cropped-HF-LOGO.png","contentUrl":"https:\/\/qingdaohf.com\/wp-content\/uploads\/2022\/12\/cropped-HF-LOGO.png","width":391,"height":249,"caption":"Qingdao H&F"},"image":{"@id":"https:\/\/qingdaohf.com\/bg\/#\/schema\/logo\/image\/"},"sameAs":["https:\/\/www.facebook.com\/qingdaohf"]}]}},"_links":{"self":[{"href":"https:\/\/qingdaohf.com\/sk\/wp-json\/wp\/v2\/product\/8601","targetHints":{"allow":["GET"]}}],"collection":[{"href":"https:\/\/qingdaohf.com\/sk\/wp-json\/wp\/v2\/product"}],"about":[{"href":"https:\/\/qingdaohf.com\/sk\/wp-json\/wp\/v2\/types\/product"}],"replies":[{"embeddable":true,"href":"https:\/\/qingdaohf.com\/sk\/wp-json\/wp\/v2\/comments?post=8601"}],"version-history":[{"count":1,"href":"https:\/\/qingdaohf.com\/sk\/wp-json\/wp\/v2\/product\/8601\/revisions"}],"predecessor-version":[{"id":8602,"href":"https:\/\/qingdaohf.com\/sk\/wp-json\/wp\/v2\/product\/8601\/revisions\/8602"}],"wp:featuredmedia":[{"embeddable":true,"href":"https:\/\/qingdaohf.com\/sk\/wp-json\/wp\/v2\/media\/8599"}],"wp:attachment":[{"href":"https:\/\/qingdaohf.com\/sk\/wp-json\/wp\/v2\/media?parent=8601"}],"wp:term":[{"taxonomy":"product_brand","embeddable":true,"href":"https:\/\/qingdaohf.com\/sk\/wp-json\/wp\/v2\/product_brand?post=8601"},{"taxonomy":"product_cat","embeddable":true,"href":"https:\/\/qingdaohf.com\/sk\/wp-json\/wp\/v2\/product_cat?post=8601"},{"taxonomy":"product_tag","embeddable":true,"href":"https:\/\/qingdaohf.com\/sk\/wp-json\/wp\/v2\/product_tag?post=8601"}],"curies":[{"name":"wp","href":"https:\/\/api.w.org\/{rel}","templated":true}]}}