{"id":8624,"date":"2025-01-02T15:50:36","date_gmt":"2025-01-02T07:50:36","guid":{"rendered":"http:\/\/qingdaohf.com\/?post_type=product&#038;p=8624"},"modified":"2025-11-13T09:02:21","modified_gmt":"2025-11-13T01:02:21","slug":"steel-tie-rod-cone","status":"publish","type":"product","link":"https:\/\/qingdaohf.com\/sk\/produkt\/ocelovy-kuzel-spojovacej-tyce\/","title":{"rendered":"Oce\u013eov\u00e1 spojovacia ty\u010d"},"content":{"rendered":"<h2 class=\"whitespace-pre-wrap break-words\">Pochopenie oce\u013eov\u00e9ho ty\u010dov\u00e9ho ku\u017ee\u013ea a jeho \u00falohy v stavebn\u00edctve<\/h2>\n<p class=\"whitespace-pre-wrap break-words\">Oce\u013eov\u00e9 ty\u010dov\u00e9 ku\u017eele zohr\u00e1vaj\u00fa d\u00f4le\u017eit\u00fa \u00falohu v modernom stavebn\u00edctve, najm\u00e4 pri mont\u00e1\u017ei debnenia. Tieto jednoduch\u00e9, ale k\u013e\u00fa\u010dov\u00e9 komponenty uzatv\u00e1raj\u00fa konce spojovac\u00edch ty\u010d\u00ed a vytv\u00e1raj\u00fa z\u00e1kladn\u00e9 rozhranie medzi debnen\u00edm a bet\u00f3nov\u00fdmi kon\u0161trukciami. Okrem samotn\u00fdch spojovac\u00edch prvkov sl\u00fa\u017eia ako vodn\u00e9 zar\u00e1\u017eky a zabezpe\u010duj\u00fa presn\u00e9 rozstupy, \u010d\u00edm pom\u00e1haj\u00fa stavebn\u00fdm t\u00edmom dodr\u017eiava\u0165 n\u00e1ro\u010dn\u00e9 normy bez toho, aby sa zn\u00ed\u017eila kvalita alebo r\u00fdchlos\u0165 v\u00fdstavby.<\/p>\n<p class=\"whitespace-pre-wrap break-words\">Pri beton\u00e1\u017ei zabra\u0148uj\u00fa ku\u017eele viazac\u00edch ty\u010d\u00ed priamemu kontaktu viazac\u00edch ty\u010d\u00ed s mokr\u00fdm bet\u00f3nom, \u010do chr\u00e1ni statiku debnenia. Ich kon\u0161trukcia tie\u017e v\u00fdrazne u\u013eah\u010duje odstr\u00e1nenie debnenia po stuhnut\u00ed bet\u00f3nu - \u010do je k\u013e\u00fa\u010dov\u00e1 vlastnos\u0165 do\u010dasn\u00fdch syst\u00e9mov pou\u017e\u00edvan\u00fdch vo v\u0161etk\u00fdch oblastiach od mostov a\u017e po mrakodrapy a priemyseln\u00e9 budovy.<\/p>\n<h2 class=\"font-600 text-xl font-bold\">Syst\u00e9m viazac\u00edch ty\u010d\u00ed: Sie\u0165 spolupr\u00e1ce<\/h2>\n<p class=\"whitespace-pre-wrap break-words\">Ku\u017eely spojovac\u00edch ty\u010d\u00ed nefunguj\u00fa samostatne - s\u00fa s\u00fa\u010das\u0165ou integrovan\u00e9ho syst\u00e9mu vr\u00e1tane vodn\u00fdch dorazov, spojovac\u00edch ty\u010d\u00ed, kombinovan\u00fdch mat\u00edc superplechu a podlo\u017eiek plechu. Tieto komponenty spolupracuj\u00fa ako dobre naolejovan\u00fd stroj, ktor\u00fd zvl\u00e1da intenz\u00edvne tlaky stavebn\u00fdch pr\u00e1c.<\/p>\n<p class=\"whitespace-pre-wrap break-words\">Z\u00e1kladom v\u0161etk\u00e9ho je spojovacia ty\u010d, ktor\u00e1 zabezpe\u010duje pevnos\u0165 v \u0165ahu potrebn\u00fa na zadr\u017eanie mokr\u00e9ho bet\u00f3nu po\u010das jeho liatia a tvrdnutia. Vodn\u00e9 uz\u00e1very vytv\u00e1raj\u00fa rozhoduj\u00face tesnenia proti vlhkosti - obzvl\u00e1\u0161\u0165 d\u00f4le\u017eit\u00e9 pre podzemn\u00e9 stavby alebo \u010doko\u013evek, \u010do potrebuje zadr\u017eiava\u0165 vodu. Oce\u013eov\u00fd ku\u017ee\u013e spojovacej ty\u010de zlep\u0161uje tento syst\u00e9m t\u00fdm, \u017ee zlep\u0161uje \u017eivotnos\u0165 kon\u0161trukcie aj jej v\u00fdkon.<\/p>\n<p class=\"whitespace-pre-wrap break-words\">Kombinovan\u00e1 matica superplate v\u0161etko pevne zaist\u00ed na svojom mieste, \u010d\u00edm sa udr\u017eiava konzistentn\u00e9 nap\u00e4tie v celom syst\u00e9me a zabra\u0148uje posunu debnenia. Medzit\u00fdm podlo\u017eky s viazacou ty\u010dou rovnomerne rozkladaj\u00fa za\u0165a\u017eenie po celej ploche debnenia, \u010d\u00edm sa eliminuj\u00fa slab\u00e9 miesta, ktor\u00e9 by mohli vies\u0165 k probl\u00e9mom v bud\u00facnosti.<\/p>\n<h2 class=\"font-600 text-xl font-bold\">V\u00fdhody pou\u017e\u00edvania oce\u013eov\u00fdch ty\u010dov\u00fdch ku\u017ee\u013eov v projektoch<\/h2>\n<p class=\"whitespace-pre-wrap break-words\">Oce\u013eov\u00e9 ty\u010dov\u00e9 ku\u017eele pon\u00fakaj\u00fa na stavenisk\u00e1ch nieko\u013eko k\u013e\u00fa\u010dov\u00fdch v\u00fdhod. Ich presn\u00e9 rozmiestnenie zabezpe\u010duje rovnomern\u00fa hr\u00fabku steny a presn\u00e9 dodr\u017eanie architektonick\u00fdch \u0161pecifik\u00e1ci\u00ed. Okrem toho sa dokonale sp\u00e1jaj\u00fa s ostatn\u00fdmi komponentmi syst\u00e9mu viazac\u00edch ty\u010d\u00ed, \u010do zjednodu\u0161uje in\u0161tal\u00e1ciu a zni\u017euje n\u00e1klady na pracovn\u00fa silu.<\/p>\n<p class=\"whitespace-pre-wrap break-words\">Tieto ku\u017eele s\u00fa vyroben\u00e9 z vysokokvalitnej ocele, ktor\u00e1 odol\u00e1 ve\u013ek\u00e9mu za\u0165a\u017eeniu a nepriazniv\u00e9mu po\u010dasiu. T\u00e1to odolnos\u0165 znamen\u00e1, \u017ee stavebn\u00e9 t\u00edmy ich m\u00f4\u017eu pou\u017ei\u0165 viackr\u00e1t, \u010d\u00edm u\u0161etria peniaze a zn\u00ed\u017eia mno\u017estvo odpadu v procese v\u00fdstavby.<\/p>\n<p class=\"whitespace-pre-wrap break-words\">V spolo\u010dnosti Qingdao H&amp;F prech\u00e1dza ka\u017ed\u00fd ku\u017ee\u013e pr\u00edsnym testovan\u00edm pevnosti a rozmerovej presnosti. Ku ka\u017edej z\u00e1sielke poskytujeme podrobn\u00e9 spr\u00e1vy o kontrole kvality, v\u010faka \u010domu maj\u00fa na\u0161i z\u00e1kazn\u00edci istotu, \u017ee ich materi\u00e1ly bud\u00fa sp\u013a\u0148a\u0165 v\u0161etky bezpe\u010dnostn\u00e9 a regula\u010dn\u00e9 po\u017eiadavky. N\u00e1\u0161 individu\u00e1lny z\u00e1kazn\u00edcky servis pom\u00e1ha kupuj\u00facim n\u00e1js\u0165 presne tie spr\u00e1vne rie\u0161enia syst\u00e9mu spojovac\u00edch ty\u010d\u00ed pre ich konkr\u00e9tne projekty.<\/p>\n<h2 class=\"font-600 text-xl font-bold\">Integr\u00e1cia a v\u00fdkonnos\u0165: Spojenie v\u0161etk\u00e9ho dohromady<\/h2>\n<p class=\"whitespace-pre-wrap break-words\">Sp\u00f4sob, ak\u00fdm tieto komponenty spolupracuj\u00fa, ukazuje, ak\u00e9 d\u00f4le\u017eit\u00e9 s\u00fa dobr\u00e9 technick\u00e9 spracovanie a kvalitn\u00e9 materi\u00e1ly. Pri spr\u00e1vnej in\u0161tal\u00e1cii vytv\u00e1ra kompletn\u00fd syst\u00e9m ku\u017ee\u013eov spojovac\u00edch ty\u010d\u00ed, vodn\u00fdch dorazov, spojovac\u00edch ty\u010d\u00ed, mat\u00edc a podlo\u017eiek spo\u013eahliv\u00fd z\u00e1klad pre stavebn\u00e9 pr\u00e1ce.<\/p>\n<p class=\"whitespace-pre-wrap break-words\">Spr\u00e1vne nastavenie v\u0161etk\u00e9ho zabezpe\u010duje stabilitu debnenia po\u010das vytvrdzovania bet\u00f3nu, \u010do zabra\u0148uje \u00fanikom, \u0161truktur\u00e1lnym probl\u00e9mom a oneskoreniu projektu. V\u010faka modul\u00e1rnej kon\u0161trukcii je syst\u00e9m dostato\u010dne univerz\u00e1lny pre v\u0161etky druhy projektov, od jednoduch\u00fdch oporn\u00fdch m\u00farov a\u017e po ve\u013ek\u00e9 infra\u0161trukt\u00farne pr\u00e1ce.<\/p>\n<p class=\"whitespace-pre-wrap break-words\">V\u00fdber spolo\u010dnosti Qingdao H&amp;F znamen\u00e1 z\u00edskanie produktov najvy\u0161\u0161ej kvality a hlbok\u00fdch odborn\u00fdch znalost\u00ed v oblasti debniacich syst\u00e9mov. Sme hrd\u00ed na r\u00fdchle dodanie a individu\u00e1lne slu\u017eby, ktor\u00e9 podporuj\u00fa va\u0161e projekty od za\u010diatku a\u017e do konca. \u010ci u\u017e potrebujete ty\u010dov\u00e9 ku\u017eele na jednu z\u00e1kazku, alebo chcete spo\u013eahliv\u00e9ho dlhodob\u00e9ho dod\u00e1vate\u013ea, poskytujeme v\u00fdnimo\u010dn\u00fa hodnotu a spo\u013eahlivos\u0165.<\/p>","protected":false},"excerpt":{"rendered":"<p data-pm-slice=\"1 1 []\">Oce\u013eov\u00e9 ty\u010dov\u00e9 ku\u017eele zohr\u00e1vaj\u00fa rozhoduj\u00facu \u00falohu pri vytv\u00e1ran\u00ed bet\u00f3nov\u00fdch kon\u0161trukci\u00ed t\u00fdm, \u017ee zabezpe\u010duj\u00fa presn\u00e9 zarovnanie a trvanlivos\u0165 kon\u0161trukcie. Kupuj\u00faci pri hodnoten\u00ed t\u00fdchto v\u00fdrobkov \u010dasto uprednost\u0148uj\u00fa kompatibilitu s r\u00f4znymi syst\u00e9mami viazac\u00edch ty\u010d\u00ed, odolnos\u0165 vo\u010di vode a robustn\u00fa pevnos\u0165 materi\u00e1lu. V spolo\u010dnosti Qingdao H&amp;F rie\u0161ime tieto obavy prostredn\u00edctvom \u0161pecializovan\u00e9ho individu\u00e1lneho pr\u00edstupu k z\u00e1kazn\u00edkom, r\u00fdchlych dodac\u00edch cyklov a komplexn\u00fdch spr\u00e1v o kontrole kvality. V\u010faka na\u0161im odborn\u00fdm znalostiam v oblasti zahrani\u010dn\u00e9ho obchodu a hlbok\u00e9mu pochopeniu potrieb stavebn\u00edctva dod\u00e1vame v\u00fdrobky, ktor\u00e9 prekon\u00e1vaj\u00fa o\u010dak\u00e1vania.<\/p>","protected":false},"featured_media":8625,"comment_status":"open","ping_status":"closed","template":"","meta":{"site-sidebar-layout":"default","site-content-layout":"","ast-site-content-layout":"default","site-content-style":"default","site-sidebar-style":"default","ast-global-header-display":"","ast-banner-title-visibility":"","ast-main-header-display":"","ast-hfb-above-header-display":"","ast-hfb-below-header-display":"","ast-hfb-mobile-header-display":"","site-post-title":"","ast-breadcrumbs-content":"","ast-featured-img":"","footer-sml-layout":"","theme-transparent-header-meta":"default","adv-header-id-meta":"","stick-header-meta":"default","header-above-stick-meta":"","header-main-stick-meta":"","header-below-stick-meta":"","astra-migrate-meta-layouts":"set","ast-page-background-enabled":"default","ast-page-background-meta":{"desktop":{"background-color":"","background-image":"","background-repeat":"repeat","background-position":"center center","background-size":"auto","background-attachment":"scroll","background-type":"","background-media":"","overlay-type":"","overlay-color":"","overlay-opacity":"","overlay-gradient":""},"tablet":{"background-color":"","background-image":"","background-repeat":"repeat","background-position":"center center","background-size":"auto","background-attachment":"scroll","background-type":"","background-media":"","overlay-type":"","overlay-color":"","overlay-opacity":"","overlay-gradient":""},"mobile":{"background-color":"","background-image":"","background-repeat":"repeat","background-position":"center center","background-size":"auto","background-attachment":"scroll","background-type":"","background-media":"","overlay-type":"","overlay-color":"","overlay-opacity":"","overlay-gradient":""}},"ast-content-background-meta":{"desktop":{"background-color":"var(--ast-global-color-5)","background-image":"","background-repeat":"repeat","background-position":"center center","background-size":"auto","background-attachment":"scroll","background-type":"","background-media":"","overlay-type":"","overlay-color":"","overlay-opacity":"","overlay-gradient":""},"tablet":{"background-color":"var(--ast-global-color-5)","background-image":"","background-repeat":"repeat","background-position":"center center","background-size":"auto","background-attachment":"scroll","background-type":"","background-media":"","overlay-type":"","overlay-color":"","overlay-opacity":"","overlay-gradient":""},"mobile":{"background-color":"var(--ast-global-color-5)","background-image":"","background-repeat":"repeat","background-position":"center center","background-size":"auto","background-attachment":"scroll","background-type":"","background-media":"","overlay-type":"","overlay-color":"","overlay-opacity":"","overlay-gradient":""}}},"product_brand":[],"product_cat":[79],"product_tag":[],"class_list":{"0":"post-8624","1":"product","2":"type-product","3":"status-publish","4":"has-post-thumbnail","6":"product_cat-tie-rod-system","7":"desktop-align-left","8":"tablet-align-left","9":"mobile-align-left","10":"ast-product-gallery-layout-horizontal-slider","11":"ast-product-gallery-with-no-image","12":"ast-product-tabs-layout-horizontal","14":"first","15":"instock","16":"shipping-taxable","17":"purchasable","18":"product-type-simple"},"yoast_head":"<!-- This site is optimized with the Yoast SEO plugin v25.2 - https:\/\/yoast.com\/wordpress\/plugins\/seo\/ -->\n<title>Steel Tie Rod Cone<\/title>\n<meta name=\"description\" content=\"Steel Tie Rod Cones play a critical role in forming concrete structures by ensuring precise alignment and durability in construction.\" \/>\n<meta name=\"robots\" content=\"index, follow, max-snippet:-1, max-image-preview:large, max-video-preview:-1\" \/>\n<link rel=\"canonical\" href=\"https:\/\/qingdaohf.com\/sk\/produkt\/ocelovy-kuzel-spojovacej-tyce\/\" \/>\n<meta property=\"og:locale\" content=\"sk_SK\" \/>\n<meta property=\"og:type\" content=\"article\" \/>\n<meta property=\"og:title\" content=\"Steel Tie Rod Cone\" \/>\n<meta property=\"og:description\" content=\"Steel Tie Rod Cones play a critical role in forming concrete structures by ensuring precise alignment and durability in construction.\" \/>\n<meta property=\"og:url\" content=\"https:\/\/qingdaohf.com\/sk\/produkt\/ocelovy-kuzel-spojovacej-tyce\/\" \/>\n<meta property=\"og:site_name\" content=\"Concrete Form &amp; Rigging Hardware Supplier\" \/>\n<meta property=\"article:publisher\" content=\"https:\/\/www.facebook.com\/qingdaohf\" \/>\n<meta property=\"article:modified_time\" content=\"2025-11-13T01:02:21+00:00\" \/>\n<meta property=\"og:image\" content=\"https:\/\/qingdaohf.com\/wp-content\/uploads\/2025\/01\/steel-cone-tie-rod.webp\" \/>\n\t<meta property=\"og:image:width\" content=\"1000\" \/>\n\t<meta property=\"og:image:height\" content=\"1000\" \/>\n\t<meta property=\"og:image:type\" content=\"image\/webp\" \/>\n<meta name=\"twitter:card\" content=\"summary_large_image\" \/>\n<meta name=\"twitter:label1\" content=\"Predpokladan\u00fd \u010das \u010d\u00edtania\" \/>\n\t<meta name=\"twitter:data1\" content=\"3 min\u00faty\" \/>\n<script type=\"application\/ld+json\" class=\"yoast-schema-graph\">{\"@context\":\"https:\/\/schema.org\",\"@graph\":[{\"@type\":\"WebPage\",\"@id\":\"https:\/\/qingdaohf.com\/product\/steel-tie-rod-cone\/\",\"url\":\"https:\/\/qingdaohf.com\/product\/steel-tie-rod-cone\/\",\"name\":\"Steel Tie Rod Cone\",\"isPartOf\":{\"@id\":\"https:\/\/qingdaohf.com\/bg\/#website\"},\"primaryImageOfPage\":{\"@id\":\"https:\/\/qingdaohf.com\/product\/steel-tie-rod-cone\/#primaryimage\"},\"image\":{\"@id\":\"https:\/\/qingdaohf.com\/product\/steel-tie-rod-cone\/#primaryimage\"},\"thumbnailUrl\":\"https:\/\/qingdaohf.com\/wp-content\/uploads\/2025\/01\/steel-cone-tie-rod.webp\",\"datePublished\":\"2025-01-02T07:50:36+00:00\",\"dateModified\":\"2025-11-13T01:02:21+00:00\",\"description\":\"Steel Tie Rod Cones play a critical role in forming concrete structures by ensuring precise alignment and durability in construction.\",\"breadcrumb\":{\"@id\":\"https:\/\/qingdaohf.com\/product\/steel-tie-rod-cone\/#breadcrumb\"},\"inLanguage\":\"sk-SK\",\"potentialAction\":[{\"@type\":\"ReadAction\",\"target\":[\"https:\/\/qingdaohf.com\/product\/steel-tie-rod-cone\/\"]}]},{\"@type\":\"ImageObject\",\"inLanguage\":\"sk-SK\",\"@id\":\"https:\/\/qingdaohf.com\/product\/steel-tie-rod-cone\/#primaryimage\",\"url\":\"https:\/\/qingdaohf.com\/wp-content\/uploads\/2025\/01\/steel-cone-tie-rod.webp\",\"contentUrl\":\"https:\/\/qingdaohf.com\/wp-content\/uploads\/2025\/01\/steel-cone-tie-rod.webp\",\"width\":1000,\"height\":1000,\"caption\":\"steel cone tie rod\"},{\"@type\":\"BreadcrumbList\",\"@id\":\"https:\/\/qingdaohf.com\/product\/steel-tie-rod-cone\/#breadcrumb\",\"itemListElement\":[{\"@type\":\"ListItem\",\"position\":1,\"name\":\"Home\",\"item\":\"https:\/\/qingdaohf.com\/\"},{\"@type\":\"ListItem\",\"position\":2,\"name\":\"Concrete Forming Accessories and Rigging Hardware\",\"item\":\"https:\/\/qingdaohf.com\/bg\/?page_id=944\"},{\"@type\":\"ListItem\",\"position\":3,\"name\":\"Steel Tie Rod Cone\"}]},{\"@type\":\"WebSite\",\"@id\":\"https:\/\/qingdaohf.com\/bg\/#website\",\"url\":\"https:\/\/qingdaohf.com\/bg\/\",\"name\":\"Concrete Form & Rigging Hardware Supplier\",\"description\":\"\",\"publisher\":{\"@id\":\"https:\/\/qingdaohf.com\/bg\/#organization\"},\"potentialAction\":[{\"@type\":\"SearchAction\",\"target\":{\"@type\":\"EntryPoint\",\"urlTemplate\":\"https:\/\/qingdaohf.com\/bg\/?s={search_term_string}\"},\"query-input\":{\"@type\":\"PropertyValueSpecification\",\"valueRequired\":true,\"valueName\":\"search_term_string\"}}],\"inLanguage\":\"sk-SK\"},{\"@type\":\"Organization\",\"@id\":\"https:\/\/qingdaohf.com\/bg\/#organization\",\"name\":\"Qingdao H&F\",\"url\":\"https:\/\/qingdaohf.com\/bg\/\",\"logo\":{\"@type\":\"ImageObject\",\"inLanguage\":\"sk-SK\",\"@id\":\"https:\/\/qingdaohf.com\/bg\/#\/schema\/logo\/image\/\",\"url\":\"https:\/\/qingdaohf.com\/wp-content\/uploads\/2022\/12\/cropped-HF-LOGO.png\",\"contentUrl\":\"https:\/\/qingdaohf.com\/wp-content\/uploads\/2022\/12\/cropped-HF-LOGO.png\",\"width\":391,\"height\":249,\"caption\":\"Qingdao H&F\"},\"image\":{\"@id\":\"https:\/\/qingdaohf.com\/bg\/#\/schema\/logo\/image\/\"},\"sameAs\":[\"https:\/\/www.facebook.com\/qingdaohf\"]}]}<\/script>\n<!-- \/ Yoast SEO plugin. -->","yoast_head_json":{"title":"Steel Tie Rod Cone","description":"Steel Tie Rod Cones play a critical role in forming concrete structures by ensuring precise alignment and durability in construction.","robots":{"index":"index","follow":"follow","max-snippet":"max-snippet:-1","max-image-preview":"max-image-preview:large","max-video-preview":"max-video-preview:-1"},"canonical":"https:\/\/qingdaohf.com\/sk\/produkt\/ocelovy-kuzel-spojovacej-tyce\/","og_locale":"sk_SK","og_type":"article","og_title":"Steel Tie Rod Cone","og_description":"Steel Tie Rod Cones play a critical role in forming concrete structures by ensuring precise alignment and durability in construction.","og_url":"https:\/\/qingdaohf.com\/sk\/produkt\/ocelovy-kuzel-spojovacej-tyce\/","og_site_name":"Concrete Form &amp; Rigging Hardware Supplier","article_publisher":"https:\/\/www.facebook.com\/qingdaohf","article_modified_time":"2025-11-13T01:02:21+00:00","og_image":[{"width":1000,"height":1000,"url":"https:\/\/qingdaohf.com\/wp-content\/uploads\/2025\/01\/steel-cone-tie-rod.webp","type":"image\/webp"}],"twitter_card":"summary_large_image","twitter_misc":{"Predpokladan\u00fd \u010das \u010d\u00edtania":"3 min\u00faty"},"schema":{"@context":"https:\/\/schema.org","@graph":[{"@type":"WebPage","@id":"https:\/\/qingdaohf.com\/product\/steel-tie-rod-cone\/","url":"https:\/\/qingdaohf.com\/product\/steel-tie-rod-cone\/","name":"Steel Tie Rod Cone","isPartOf":{"@id":"https:\/\/qingdaohf.com\/bg\/#website"},"primaryImageOfPage":{"@id":"https:\/\/qingdaohf.com\/product\/steel-tie-rod-cone\/#primaryimage"},"image":{"@id":"https:\/\/qingdaohf.com\/product\/steel-tie-rod-cone\/#primaryimage"},"thumbnailUrl":"https:\/\/qingdaohf.com\/wp-content\/uploads\/2025\/01\/steel-cone-tie-rod.webp","datePublished":"2025-01-02T07:50:36+00:00","dateModified":"2025-11-13T01:02:21+00:00","description":"Steel Tie Rod Cones play a critical role in forming concrete structures by ensuring precise alignment and durability in construction.","breadcrumb":{"@id":"https:\/\/qingdaohf.com\/product\/steel-tie-rod-cone\/#breadcrumb"},"inLanguage":"sk-SK","potentialAction":[{"@type":"ReadAction","target":["https:\/\/qingdaohf.com\/product\/steel-tie-rod-cone\/"]}]},{"@type":"ImageObject","inLanguage":"sk-SK","@id":"https:\/\/qingdaohf.com\/product\/steel-tie-rod-cone\/#primaryimage","url":"https:\/\/qingdaohf.com\/wp-content\/uploads\/2025\/01\/steel-cone-tie-rod.webp","contentUrl":"https:\/\/qingdaohf.com\/wp-content\/uploads\/2025\/01\/steel-cone-tie-rod.webp","width":1000,"height":1000,"caption":"steel cone tie rod"},{"@type":"BreadcrumbList","@id":"https:\/\/qingdaohf.com\/product\/steel-tie-rod-cone\/#breadcrumb","itemListElement":[{"@type":"ListItem","position":1,"name":"Home","item":"https:\/\/qingdaohf.com\/"},{"@type":"ListItem","position":2,"name":"Concrete Forming Accessories and Rigging Hardware","item":"https:\/\/qingdaohf.com\/bg\/?page_id=944"},{"@type":"ListItem","position":3,"name":"Steel Tie Rod Cone"}]},{"@type":"WebSite","@id":"https:\/\/qingdaohf.com\/bg\/#website","url":"https:\/\/qingdaohf.com\/bg\/","name":"Concrete Form & Rigging Hardware Supplier","description":"","publisher":{"@id":"https:\/\/qingdaohf.com\/bg\/#organization"},"potentialAction":[{"@type":"SearchAction","target":{"@type":"EntryPoint","urlTemplate":"https:\/\/qingdaohf.com\/bg\/?s={search_term_string}"},"query-input":{"@type":"PropertyValueSpecification","valueRequired":true,"valueName":"search_term_string"}}],"inLanguage":"sk-SK"},{"@type":"Organization","@id":"https:\/\/qingdaohf.com\/bg\/#organization","name":"Qingdao H&F","url":"https:\/\/qingdaohf.com\/bg\/","logo":{"@type":"ImageObject","inLanguage":"sk-SK","@id":"https:\/\/qingdaohf.com\/bg\/#\/schema\/logo\/image\/","url":"https:\/\/qingdaohf.com\/wp-content\/uploads\/2022\/12\/cropped-HF-LOGO.png","contentUrl":"https:\/\/qingdaohf.com\/wp-content\/uploads\/2022\/12\/cropped-HF-LOGO.png","width":391,"height":249,"caption":"Qingdao H&F"},"image":{"@id":"https:\/\/qingdaohf.com\/bg\/#\/schema\/logo\/image\/"},"sameAs":["https:\/\/www.facebook.com\/qingdaohf"]}]}},"_links":{"self":[{"href":"https:\/\/qingdaohf.com\/sk\/wp-json\/wp\/v2\/product\/8624","targetHints":{"allow":["GET"]}}],"collection":[{"href":"https:\/\/qingdaohf.com\/sk\/wp-json\/wp\/v2\/product"}],"about":[{"href":"https:\/\/qingdaohf.com\/sk\/wp-json\/wp\/v2\/types\/product"}],"replies":[{"embeddable":true,"href":"https:\/\/qingdaohf.com\/sk\/wp-json\/wp\/v2\/comments?post=8624"}],"version-history":[{"count":1,"href":"https:\/\/qingdaohf.com\/sk\/wp-json\/wp\/v2\/product\/8624\/revisions"}],"predecessor-version":[{"id":8626,"href":"https:\/\/qingdaohf.com\/sk\/wp-json\/wp\/v2\/product\/8624\/revisions\/8626"}],"wp:featuredmedia":[{"embeddable":true,"href":"https:\/\/qingdaohf.com\/sk\/wp-json\/wp\/v2\/media\/8625"}],"wp:attachment":[{"href":"https:\/\/qingdaohf.com\/sk\/wp-json\/wp\/v2\/media?parent=8624"}],"wp:term":[{"taxonomy":"product_brand","embeddable":true,"href":"https:\/\/qingdaohf.com\/sk\/wp-json\/wp\/v2\/product_brand?post=8624"},{"taxonomy":"product_cat","embeddable":true,"href":"https:\/\/qingdaohf.com\/sk\/wp-json\/wp\/v2\/product_cat?post=8624"},{"taxonomy":"product_tag","embeddable":true,"href":"https:\/\/qingdaohf.com\/sk\/wp-json\/wp\/v2\/product_tag?post=8624"}],"curies":[{"name":"wp","href":"https:\/\/api.w.org\/{rel}","templated":true}]}}