{"id":8721,"date":"2025-01-13T14:56:13","date_gmt":"2025-01-13T06:56:13","guid":{"rendered":"http:\/\/qingdaohf.com\/?post_type=product&#038;p=8721"},"modified":"2025-11-13T09:02:20","modified_gmt":"2025-11-13T01:02:20","slug":"lifting-socket-duo-round-ferrules","status":"publish","type":"product","link":"https:\/\/qingdaohf.com\/sk\/produkt\/zdvihacie-zasuvky-duo-s-okruhlymi-koncovkami\/","title":{"rendered":"Zdv\u00edhacie z\u00e1suvky Duo Round Ferrules"},"content":{"rendered":"<h2 class=\"text-2xl font-bold mt-1 text-text-200\">\u010co s\u00fa zdv\u00edhacie z\u00e1suvky Duo Round Ferrules a ako funguj\u00fa?<\/h2>\n<p class=\"whitespace-pre-wrap break-words\">Pova\u017eujte zdv\u00edhacie okr\u00fahle ferule Socket Duo za neopozeran\u00fdch hrdinov mont\u00e1\u017enych oper\u00e1ci\u00ed. Tieto zdanlivo jednoduch\u00e9 komponenty zohr\u00e1vaj\u00fa k\u013e\u00fa\u010dov\u00fa \u00falohu pri upev\u0148ovan\u00ed oce\u013eov\u00fdch l\u00e1n k zdv\u00edhac\u00edm syst\u00e9mom. Ka\u017ed\u00e1 feru\u013ea sl\u00fa\u017ei ako kotviaci bod a vytv\u00e1ra spo\u013eahliv\u00e9 spojenie, ktor\u00e9 je nevyhnutn\u00e9 pre bezpe\u010dn\u00e9 zdv\u00edhacie oper\u00e1cie.<\/p>\n<p class=\"whitespace-pre-wrap break-words\">Genialita t\u00fdchto kovan\u00ed spo\u010d\u00edva v ich zaoblenom dizajne. Ich hladk\u00fd povrch, podobne ako u dobre opotrebovan\u00e9ho rie\u010dneho kame\u0148a, pom\u00e1ha rovnomerne rozlo\u017ei\u0165 za\u0165a\u017eenie na cel\u00e9 lano a zabra\u0148uje tomu, aby bol niektor\u00fd bod pr\u00edli\u0161 nam\u00e1han\u00fd. Aspekt \"duo\" sa vz\u0165ahuje na ich inteligentn\u00fa dvoj\u00fa\u010delov\u00fa kon\u0161trukciu - zabezpe\u010duj\u00fa koniec lana a chr\u00e1nia ho pred opotrebovan\u00edm, \u010d\u00edm v podstate plnia \u00falohu dvoch komponentov v jednom.<\/p>\n<p class=\"whitespace-pre-wrap break-words\">Tieto kovania n\u00e1jdete na miestach, kde je ka\u017edodennou v\u00fdzvou zdv\u00edhanie \u0165a\u017ek\u00fdch bremien. Od vysok\u00fdch staven\u00edsk a\u017e po b\u00farkou zmietan\u00e9 morsk\u00e9 plo\u0161iny, s\u00fa d\u00f4le\u017eitou s\u00fa\u010das\u0165ou zdv\u00edhacej sklada\u010dky v odvetviach, kde nie je priestor na zlyhanie zariadenia.<\/p>\n<p><img fetchpriority=\"high\" decoding=\"async\" class=\"alignnone wp-image-3355 size-full\" src=\"http:\/\/qingdaohf.com\/wp-content\/uploads\/2023\/03\/lifting-sockets-with-plastic-caps-6-1.jpg\" alt=\"zdv\u00edhacie z\u00e1suvky s plastov\u00fdmi krytkami\" width=\"800\" height=\"410\" srcset=\"https:\/\/qingdaohf.com\/wp-content\/uploads\/2023\/03\/lifting-sockets-with-plastic-caps-6-1.jpg 800w, https:\/\/qingdaohf.com\/wp-content\/uploads\/2023\/03\/lifting-sockets-with-plastic-caps-6-1-300x154.jpg 300w, https:\/\/qingdaohf.com\/wp-content\/uploads\/2023\/03\/lifting-sockets-with-plastic-caps-6-1-768x394.jpg 768w\" sizes=\"(max-width: 800px) 100vw, 800px\" \/><\/p>\n<h2 class=\"text-2xl font-bold mt-1 text-text-200\">Pre\u010do by ste si mali vybra\u0165 Qingdao H&amp;F pre zdv\u00edhacie z\u00e1suvky Duo Round Ferrules?<\/h2>\n<p class=\"whitespace-pre-wrap break-words\">Priznajme si, \u017ee pri n\u00e1kupe vybavenia na manipul\u00e1ciu pravdepodobne rie\u0161ite tri hlavn\u00e9 probl\u00e9my: Bude fungova\u0165 s va\u0161ou s\u00fa\u010dasnou konfigur\u00e1ciou? Vydr\u017e\u00ed? A \u010do je mo\u017eno najd\u00f4le\u017eitej\u0161ie, pr\u00edde, ke\u010f ho budete potrebova\u0165? V spolo\u010dnosti Qingdao H&amp;F sme postavili na\u0161e podnikanie na rie\u0161en\u00ed presne t\u00fdchto probl\u00e9mov.<\/p>\n<p class=\"whitespace-pre-wrap break-words\">Uplat\u0148ujeme in\u00fd pr\u00edstup ako v\u00e4\u010d\u0161ina dod\u00e1vate\u013eov. Namiesto toho, aby sme ku kovaniam pristupovali len ako k \u010fal\u0161ej polo\u017eke z katal\u00f3gu, venujeme ka\u017edej objedn\u00e1vke osobitn\u00fa pozornos\u0165. N\u00e1\u0161 t\u00edm s vami priamo spolupracuje, aby pochopil \u0161pecifik\u00e1 v\u00e1\u0161ho zdv\u00edhacieho syst\u00e9mu a zaistil, \u017ee dostanete kovania, ktor\u00e9 dokonale zapadn\u00fa do v\u00e1\u0161ho existuj\u00faceho vybavenia.<\/p>\n<p class=\"whitespace-pre-wrap break-words\">Zjednodu\u0161ili sme n\u00e1\u0161 proces dod\u00e1vok, aby va\u0161e projekty napredovali. Bez oh\u013eadu na to, \u010di potrebujete jedno kovanie alebo tis\u00edc kusov, udr\u017eiavame pr\u00edsnu kontrolu nad na\u0161\u00edm dod\u00e1vate\u013esk\u00fdm re\u0165azcom, aby sme dodr\u017eali va\u0161e term\u00edny. Ka\u017ed\u00e1 \u0161ar\u017ea prech\u00e1dza d\u00f4kladn\u00fdm testovan\u00edm a poskytujeme podrobn\u00e9 spr\u00e1vy o kontrole, aby ste si mohli by\u0165 ist\u00ed t\u00fdm, \u010do dost\u00e1vate.<\/p>\n<p class=\"whitespace-pre-wrap break-words\">Ke\u010f s nami spolupracujete, nekupujete si len produkt - z\u00edskavate partnera. N\u00e1\u0161 t\u00edm je v\u00e1m k dispoz\u00edcii po\u010das cel\u00e9ho procesu a je pripraven\u00fd odpoveda\u0165 na ot\u00e1zky alebo rie\u0161i\u0165 probl\u00e9my, ktor\u00e9 sa vyskytn\u00fa.<\/p>\n<h2 class=\"text-2xl font-bold mt-1 text-text-200\">Kon\u0161trukcia a vlastnosti zdv\u00edhac\u00edch z\u00e1suviek Duo Round Ferrules<\/h2>\n<p class=\"whitespace-pre-wrap break-words\">Kr\u00e1sa zdv\u00edhac\u00edch z\u00e1suviek Duo Round Ferrules spo\u010d\u00edva v ich jednoduchom, ale z\u00e1rove\u0148 d\u00f4myselnom dizajne. Tieto kovania s\u00fa vyroben\u00e9 z odolnej ocele alebo nehrdzavej\u00facej ocele a s\u00fa navrhnut\u00e9 tak, aby zvl\u00e1dli ka\u017edodenn\u00e9 pou\u017e\u00edvanie a z\u00e1rove\u0148 si zachovali svoju integritu. Ich zaoblen\u00fd profil vytv\u00e1ra prirodzen\u00fa kol\u00edsku pre oce\u013eov\u00e9 lano, \u010d\u00edm sa eliminuj\u00fa ostr\u00e9 hrany, ktor\u00e9 by mohli ohrozi\u0165 pevnos\u0165 lana.<\/p>\n<p class=\"whitespace-pre-wrap break-words\">V\u00fdnimo\u010dnos\u0165 t\u00fdchto duo okr\u00fahlych kovan\u00ed spo\u010d\u00edva v ich v\u0161estrannosti. Okrem samotn\u00e9ho zaistenia lana sl\u00fa\u017eia aj ako ochrana pred po\u0161koden\u00edm \u017eivotn\u00e9ho prostredia. Ich hladk\u00fd tvar minimalizuje trenie a chr\u00e1ni lano pred opotrebovan\u00edm pri pravidelnom pou\u017e\u00edvan\u00ed - \u010do je obzvl\u00e1\u0161\u0165 cenn\u00e9 v n\u00e1ro\u010dn\u00fdch pracovn\u00fdch podmienkach.<\/p>\n<p class=\"whitespace-pre-wrap break-words\">Funkcia \"duo\" je viac ne\u017e len marketingov\u00fd v\u00fdraz. Tieto koncovky plnia dvojit\u00fa funkciu, preto\u017ee ukon\u010duj\u00fa lano a chr\u00e1nia ho pred nadmern\u00fdm nam\u00e1han\u00edm. To ich rob\u00ed obzvl\u00e1\u0161\u0165 cenn\u00fdmi v dynamick\u00fdch prostrediach, ako s\u00fa morsk\u00e9 plo\u0161iny, kde zariadenia \u010delia neust\u00e1lemu pohybu a nam\u00e1haniu.<\/p>\n<p class=\"whitespace-pre-wrap break-words\">Jednou z najlep\u0161\u00edch vec\u00ed na t\u00fdchto kovaniach je ich nen\u00e1ro\u010dn\u00fd proces in\u0161tal\u00e1cie. Prevle\u010denie a zaistenie oce\u013eov\u00e9ho lana je jednoduch\u00e9, \u010d\u00edm sa u\u0161etr\u00ed drahocenn\u00fd \u010das po\u010das nastavovania. Navy\u0161e, ke\u010f\u017ee jeden komponent zvl\u00e1dne ukon\u010denie aj ochranu, \u0161etr\u00edte peniaze a zni\u017eujete zlo\u017eitos\u0165 svojho lanov\u00e9ho syst\u00e9mu.<\/p>\n<h2 class=\"text-2xl font-bold mt-1 text-text-200\">\u00daloha okr\u00fahlych ferul\u00ed so zdv\u00edhacou z\u00e1suvkou Duo v oblasti bezpe\u010dnosti a v\u00fdkonu<\/h2>\n<p class=\"whitespace-pre-wrap break-words\">Vo svete zdv\u00edhania \u0165a\u017ek\u00fdch bremien nie je priestor na zlyhanie zariadenia. Ke\u010f zdv\u00edhate tonov\u00e9 bremen\u00e1, ka\u017ed\u00fd komponent mus\u00ed fungova\u0165 bezchybne. Zdv\u00edhacie okr\u00fahle ferule Socket Duo s\u00fa kritick\u00fdmi bezpe\u010dnostn\u00fdmi prvkami, ktor\u00e9 zais\u0165uj\u00fa, \u017ee oce\u013eov\u00e9 lan\u00e1 zostan\u00fa pevne pripojen\u00e9 k zdv\u00edhac\u00edm mechanizmom, a zabra\u0148uj\u00fa potenci\u00e1lne katastrofick\u00fdm poruch\u00e1m.<\/p>\n<p class=\"whitespace-pre-wrap break-words\">Tieto koncovky s\u00fa navrhnut\u00e9 tak, aby zachovali integritu oce\u013eov\u00e9ho lana v priebehu \u010dasu. Rovnomern\u00fdm rozlo\u017een\u00edm tlaku zabra\u0148uj\u00fa vzniku slab\u00fdch miest, \u010do je ve\u013emi d\u00f4le\u017eit\u00e9 pri aplik\u00e1ci\u00e1ch, kde sa za\u0165a\u017eenie neust\u00e1le men\u00ed, ako s\u00fa \u017eeriavov\u00e9 pr\u00e1ce alebo zdv\u00edhanie na mori.<\/p>\n<p class=\"whitespace-pre-wrap break-words\">Okrem svojej prim\u00e1rnej zabezpe\u010dovacej \u00falohy tieto kovania chr\u00e1nia pred kor\u00f3ziou a po\u0161koden\u00edm vplyvom prostredia. \u010ci u\u017e pracujete v pr\u00edmorskom pr\u00edstave alebo na stavenisku zm\u00e1\u010danom da\u017e\u010fom, vysokokvalitn\u00e9 materi\u00e1ly pou\u017eit\u00e9 v t\u00fdchto kovaniach zaru\u010duj\u00fa, \u017ee bud\u00fa fungova\u0165 v podmienkach sladkej aj slanej vody.<\/p>\n<p><img decoding=\"async\" class=\"alignnone wp-image-3402 size-full\" src=\"http:\/\/qingdaohf.com\/wp-content\/uploads\/2023\/03\/50-2.jpg\" alt=\"okr\u00fahle kovanie\" width=\"1200\" height=\"480\" srcset=\"https:\/\/qingdaohf.com\/wp-content\/uploads\/2023\/03\/50-2.jpg 1200w, https:\/\/qingdaohf.com\/wp-content\/uploads\/2023\/03\/50-2-300x120.jpg 300w, https:\/\/qingdaohf.com\/wp-content\/uploads\/2023\/03\/50-2-1024x410.jpg 1024w, https:\/\/qingdaohf.com\/wp-content\/uploads\/2023\/03\/50-2-768x307.jpg 768w, https:\/\/qingdaohf.com\/wp-content\/uploads\/2023\/03\/50-2-1000x400.jpg 1000w\" sizes=\"(max-width: 1200px) 100vw, 1200px\" \/><\/p>\n<h2 class=\"text-2xl font-bold mt-1 text-text-200\">Z\u00e1v\u00e4zok spolo\u010dnosti Qingdao H&amp;F ku kvalite a slu\u017eb\u00e1m<\/h2>\n<p class=\"whitespace-pre-wrap break-words\">V spolo\u010dnosti Qingdao H&amp;F je poskytovanie kvalitn\u00fdch v\u00fdrobkov len za\u010diatkom. Ka\u017ed\u00e1 \u0161ar\u017ea na\u0161ich okr\u00fahlych ferul\u00ed pre zdv\u00edhacie z\u00e1suvky Duo prech\u00e1dza intenz\u00edvnym testovan\u00edm, ktor\u00e9 je podlo\u017een\u00e9 podrobn\u00fdmi kontroln\u00fdmi spr\u00e1vami. V\u010faka tejto transparentnosti si m\u00f4\u017eete presne overi\u0165, \u010do dost\u00e1vate a ako to funguje.<\/p>\n<p class=\"whitespace-pre-wrap break-words\">Ch\u00e1peme, \u017ee v\u010dasn\u00e9 dodanie zariadenia je ve\u013emi d\u00f4le\u017eit\u00e9. Preto sme si vybudovali dobr\u00fa poves\u0165 na spo\u013eahliv\u00fdch harmonogramoch dod\u00e1vok, v\u010faka ktor\u00fdm sa va\u0161e projekty pos\u00favaj\u00fa vpred. V pr\u00edpade ot\u00e1zok je n\u00e1\u0161 technick\u00fd t\u00edm pripraven\u00fd pom\u00f4c\u0165 a poskytn\u00fa\u0165 v\u00e1m podporu, ktor\u00fa potrebujete na zabezpe\u010denie bezprobl\u00e9mov\u00e9ho chodu va\u0161ej prev\u00e1dzky.<\/p>\n<p class=\"whitespace-pre-wrap break-words\">Na z\u00e1klade dlhoro\u010dn\u00fdch sk\u00fasenost\u00ed v odvetv\u00ed rozumieme v\u00fdzvam pri z\u00edskavan\u00ed spo\u013eahliv\u00fdch s\u00fa\u010dast\u00ed pre mont\u00e1\u017e. N\u00e1\u0161 t\u00edm je odhodlan\u00fd u\u013eah\u010di\u0165 v\u00e1m pr\u00e1cu a zabezpe\u010di\u0165 pokoj prostredn\u00edctvom kvalitn\u00fdch v\u00fdrobkov a spo\u013eahliv\u00fdch slu\u017eieb.<\/p>\n<h2 class=\"text-2xl font-bold mt-1 text-text-200\">Z\u00e1ver<\/h2>\n<p class=\"whitespace-pre-wrap break-words\">Pokia\u013e ide o manipul\u00e1ciu s v\u00fdstrojom, zdv\u00edhacie z\u00e1suvky Duo Round Ferrules s\u00fa z\u00e1kladn\u00fdmi komponentmi, ktor\u00e9 si nem\u00f4\u017eete dovoli\u0165 prehliadnu\u0165. Poskytuj\u00fa spo\u013eahliv\u00e9 a \u00fa\u010dinn\u00e9 rie\u0161enie na zabezpe\u010denie a ochranu oce\u013eov\u00fdch l\u00e1n v n\u00e1ro\u010dn\u00fdch podmienkach. Spolupr\u00e1cou so spolo\u010dnos\u0165ou Qingdao H&amp;F z\u00edskate viac ne\u017e len vysokokvalitn\u00e9 kovania - z\u00edskate t\u00edm, ktor\u00fd sa zaviazal k v\u00e1\u0161mu \u00faspechu, s podporou r\u00fdchleho dodania a komplexn\u00e9ho zabezpe\u010denia kvality.<\/p>\n<p class=\"whitespace-pre-wrap break-words\">Ka\u017ed\u00fd projekt zdv\u00edhania m\u00e1 svoje jedine\u010dn\u00e9 v\u00fdzvy a my sme tu, aby sme v\u00e1m ich pomohli rie\u0161i\u0165. V\u010faka n\u00e1\u0161mu zameraniu na kvalitu, transparentnos\u0165 a spokojnos\u0165 z\u00e1kazn\u00edkov sme pripraven\u00ed sta\u0165 sa va\u0161\u00edm d\u00f4veryhodn\u00fdm partnerom pre v\u0161etko, \u010do sa t\u00fdka zdv\u00edhania. Obr\u00e1\u0165te sa na n\u00e1s e\u0161te dnes a zistite, ako m\u00f4\u017eu na\u0161e zdv\u00edhacie z\u00e1suvky Duo Round Ferrules zlep\u0161i\u0165 va\u0161e zdv\u00edhacie oper\u00e1cie.<\/p>","protected":false},"excerpt":{"rendered":"<p>Zdv\u00edhacie okr\u00fahle ferule Socket Duo pom\u00e1haj\u00fa poskytova\u0165 bezpe\u010dn\u00e9 a efekt\u00edvne spojenia pre oce\u013eov\u00e9 lan\u00e1 pri zdv\u00edhan\u00ed \u0165a\u017ek\u00fdch n\u00e1kladov. S\u00fa skon\u0161truovan\u00e9 tak, aby poskytovali pevnos\u0165, odolnos\u0165 a v\u00fdkon vo vysoko nam\u00e1han\u00fdch prostrediach. Medzi obvykl\u00e9 obavy kupuj\u00facich patr\u00ed kompatibilita, spo\u013eahlivos\u0165 a bezpe\u010dnos\u0165 zdv\u00edhac\u00edch komponentov; so zdv\u00edhac\u00edmi okr\u00fahlymi ferulami Qingdao H&amp;F Lifting Socket Duo si m\u00f4\u017eete by\u0165 ist\u00ed vysokokvalitn\u00fdmi rie\u0161eniami. Na\u0161e v\u00fdrobky s\u00fa podporovan\u00e9 individu\u00e1lnym z\u00e1kazn\u00edckym servisom, r\u00fdchlymi dodac\u00edmi cyklami a komplexn\u00fdmi spr\u00e1vami o kontrole kvality, aby sme zabezpe\u010dili, \u017ee dostanete presne to, \u010do potrebujete, vtedy, ke\u010f to potrebujete, s \u00faplnou transparentnos\u0165ou.<\/p>","protected":false},"featured_media":8723,"comment_status":"open","ping_status":"closed","template":"","meta":{"site-sidebar-layout":"default","site-content-layout":"","ast-site-content-layout":"default","site-content-style":"default","site-sidebar-style":"default","ast-global-header-display":"","ast-banner-title-visibility":"","ast-main-header-display":"","ast-hfb-above-header-display":"","ast-hfb-below-header-display":"","ast-hfb-mobile-header-display":"","site-post-title":"","ast-breadcrumbs-content":"","ast-featured-img":"","footer-sml-layout":"","theme-transparent-header-meta":"default","adv-header-id-meta":"","stick-header-meta":"default","header-above-stick-meta":"","header-main-stick-meta":"","header-below-stick-meta":"","astra-migrate-meta-layouts":"set","ast-page-background-enabled":"default","ast-page-background-meta":{"desktop":{"background-color":"","background-image":"","background-repeat":"repeat","background-position":"center center","background-size":"auto","background-attachment":"scroll","background-type":"","background-media":"","overlay-type":"","overlay-color":"","overlay-opacity":"","overlay-gradient":""},"tablet":{"background-color":"","background-image":"","background-repeat":"repeat","background-position":"center center","background-size":"auto","background-attachment":"scroll","background-type":"","background-media":"","overlay-type":"","overlay-color":"","overlay-opacity":"","overlay-gradient":""},"mobile":{"background-color":"","background-image":"","background-repeat":"repeat","background-position":"center center","background-size":"auto","background-attachment":"scroll","background-type":"","background-media":"","overlay-type":"","overlay-color":"","overlay-opacity":"","overlay-gradient":""}},"ast-content-background-meta":{"desktop":{"background-color":"var(--ast-global-color-5)","background-image":"","background-repeat":"repeat","background-position":"center center","background-size":"auto","background-attachment":"scroll","background-type":"","background-media":"","overlay-type":"","overlay-color":"","overlay-opacity":"","overlay-gradient":""},"tablet":{"background-color":"var(--ast-global-color-5)","background-image":"","background-repeat":"repeat","background-position":"center center","background-size":"auto","background-attachment":"scroll","background-type":"","background-media":"","overlay-type":"","overlay-color":"","overlay-opacity":"","overlay-gradient":""},"mobile":{"background-color":"var(--ast-global-color-5)","background-image":"","background-repeat":"repeat","background-position":"center center","background-size":"auto","background-attachment":"scroll","background-type":"","background-media":"","overlay-type":"","overlay-color":"","overlay-opacity":"","overlay-gradient":""}}},"product_brand":[],"product_cat":[30],"product_tag":[],"class_list":{"0":"post-8721","1":"product","2":"type-product","3":"status-publish","4":"has-post-thumbnail","6":"product_cat-lifting-anchor","7":"desktop-align-left","8":"tablet-align-left","9":"mobile-align-left","10":"ast-product-gallery-layout-horizontal-slider","11":"ast-product-tabs-layout-horizontal","13":"first","14":"instock","15":"shipping-taxable","16":"purchasable","17":"product-type-simple"},"yoast_head":"<!-- This site is optimized with the Yoast SEO plugin v25.2 - https:\/\/yoast.com\/wordpress\/plugins\/seo\/ -->\n<title>Lifting Socket Duo Round Ferrules<\/title>\n<meta name=\"description\" content=\"Lifting Socket Duo Round Ferrules help to provide safe and efficient connections for wire ropes in heavy-duty lifting operations.\" \/>\n<meta name=\"robots\" content=\"index, follow, max-snippet:-1, max-image-preview:large, max-video-preview:-1\" \/>\n<link rel=\"canonical\" href=\"https:\/\/qingdaohf.com\/sk\/produkt\/zdvihacie-zasuvky-duo-s-okruhlymi-koncovkami\/\" \/>\n<meta property=\"og:locale\" content=\"sk_SK\" \/>\n<meta property=\"og:type\" content=\"article\" \/>\n<meta property=\"og:title\" content=\"Lifting Socket Duo Round Ferrules\" \/>\n<meta property=\"og:description\" content=\"Lifting Socket Duo Round Ferrules help to provide safe and efficient connections for wire ropes in heavy-duty lifting operations.\" \/>\n<meta property=\"og:url\" content=\"https:\/\/qingdaohf.com\/sk\/produkt\/zdvihacie-zasuvky-duo-s-okruhlymi-koncovkami\/\" \/>\n<meta property=\"og:site_name\" content=\"Concrete Form &amp; Rigging Hardware Supplier\" \/>\n<meta property=\"article:publisher\" content=\"https:\/\/www.facebook.com\/qingdaohf\" \/>\n<meta property=\"article:modified_time\" content=\"2025-11-13T01:02:20+00:00\" \/>\n<meta property=\"og:image\" content=\"https:\/\/qingdaohf.com\/wp-content\/uploads\/2025\/01\/duo-round-ferrule-1.jpg\" \/>\n\t<meta property=\"og:image:width\" content=\"800\" \/>\n\t<meta property=\"og:image:height\" content=\"800\" \/>\n\t<meta property=\"og:image:type\" content=\"image\/jpeg\" \/>\n<meta name=\"twitter:card\" content=\"summary_large_image\" \/>\n<meta name=\"twitter:label1\" content=\"Predpokladan\u00fd \u010das \u010d\u00edtania\" \/>\n\t<meta name=\"twitter:data1\" content=\"5 min\u00fat\" \/>\n<script type=\"application\/ld+json\" class=\"yoast-schema-graph\">{\"@context\":\"https:\/\/schema.org\",\"@graph\":[{\"@type\":\"WebPage\",\"@id\":\"https:\/\/qingdaohf.com\/product\/lifting-socket-duo-round-ferrules\/\",\"url\":\"https:\/\/qingdaohf.com\/product\/lifting-socket-duo-round-ferrules\/\",\"name\":\"Lifting Socket Duo Round Ferrules\",\"isPartOf\":{\"@id\":\"https:\/\/qingdaohf.com\/bg\/#website\"},\"primaryImageOfPage\":{\"@id\":\"https:\/\/qingdaohf.com\/product\/lifting-socket-duo-round-ferrules\/#primaryimage\"},\"image\":{\"@id\":\"https:\/\/qingdaohf.com\/product\/lifting-socket-duo-round-ferrules\/#primaryimage\"},\"thumbnailUrl\":\"https:\/\/qingdaohf.com\/wp-content\/uploads\/2025\/01\/duo-round-ferrule-1.jpg\",\"datePublished\":\"2025-01-13T06:56:13+00:00\",\"dateModified\":\"2025-11-13T01:02:20+00:00\",\"description\":\"Lifting Socket Duo Round Ferrules help to provide safe and efficient connections for wire ropes in heavy-duty lifting operations.\",\"breadcrumb\":{\"@id\":\"https:\/\/qingdaohf.com\/product\/lifting-socket-duo-round-ferrules\/#breadcrumb\"},\"inLanguage\":\"sk-SK\",\"potentialAction\":[{\"@type\":\"ReadAction\",\"target\":[\"https:\/\/qingdaohf.com\/product\/lifting-socket-duo-round-ferrules\/\"]}]},{\"@type\":\"ImageObject\",\"inLanguage\":\"sk-SK\",\"@id\":\"https:\/\/qingdaohf.com\/product\/lifting-socket-duo-round-ferrules\/#primaryimage\",\"url\":\"https:\/\/qingdaohf.com\/wp-content\/uploads\/2025\/01\/duo-round-ferrule-1.jpg\",\"contentUrl\":\"https:\/\/qingdaohf.com\/wp-content\/uploads\/2025\/01\/duo-round-ferrule-1.jpg\",\"width\":800,\"height\":800,\"caption\":\"duo round ferrule\"},{\"@type\":\"BreadcrumbList\",\"@id\":\"https:\/\/qingdaohf.com\/product\/lifting-socket-duo-round-ferrules\/#breadcrumb\",\"itemListElement\":[{\"@type\":\"ListItem\",\"position\":1,\"name\":\"Home\",\"item\":\"https:\/\/qingdaohf.com\/\"},{\"@type\":\"ListItem\",\"position\":2,\"name\":\"Concrete Forming Accessories and Rigging Hardware\",\"item\":\"https:\/\/qingdaohf.com\/bg\/?page_id=944\"},{\"@type\":\"ListItem\",\"position\":3,\"name\":\"Lifting Socket Duo Round Ferrules\"}]},{\"@type\":\"WebSite\",\"@id\":\"https:\/\/qingdaohf.com\/bg\/#website\",\"url\":\"https:\/\/qingdaohf.com\/bg\/\",\"name\":\"Concrete Form & Rigging Hardware Supplier\",\"description\":\"\",\"publisher\":{\"@id\":\"https:\/\/qingdaohf.com\/bg\/#organization\"},\"potentialAction\":[{\"@type\":\"SearchAction\",\"target\":{\"@type\":\"EntryPoint\",\"urlTemplate\":\"https:\/\/qingdaohf.com\/bg\/?s={search_term_string}\"},\"query-input\":{\"@type\":\"PropertyValueSpecification\",\"valueRequired\":true,\"valueName\":\"search_term_string\"}}],\"inLanguage\":\"sk-SK\"},{\"@type\":\"Organization\",\"@id\":\"https:\/\/qingdaohf.com\/bg\/#organization\",\"name\":\"Qingdao H&F\",\"url\":\"https:\/\/qingdaohf.com\/bg\/\",\"logo\":{\"@type\":\"ImageObject\",\"inLanguage\":\"sk-SK\",\"@id\":\"https:\/\/qingdaohf.com\/bg\/#\/schema\/logo\/image\/\",\"url\":\"https:\/\/qingdaohf.com\/wp-content\/uploads\/2022\/12\/cropped-HF-LOGO.png\",\"contentUrl\":\"https:\/\/qingdaohf.com\/wp-content\/uploads\/2022\/12\/cropped-HF-LOGO.png\",\"width\":391,\"height\":249,\"caption\":\"Qingdao H&F\"},\"image\":{\"@id\":\"https:\/\/qingdaohf.com\/bg\/#\/schema\/logo\/image\/\"},\"sameAs\":[\"https:\/\/www.facebook.com\/qingdaohf\"]}]}<\/script>\n<!-- \/ Yoast SEO plugin. -->","yoast_head_json":{"title":"Lifting Socket Duo Round Ferrules","description":"Lifting Socket Duo Round Ferrules help to provide safe and efficient connections for wire ropes in heavy-duty lifting operations.","robots":{"index":"index","follow":"follow","max-snippet":"max-snippet:-1","max-image-preview":"max-image-preview:large","max-video-preview":"max-video-preview:-1"},"canonical":"https:\/\/qingdaohf.com\/sk\/produkt\/zdvihacie-zasuvky-duo-s-okruhlymi-koncovkami\/","og_locale":"sk_SK","og_type":"article","og_title":"Lifting Socket Duo Round Ferrules","og_description":"Lifting Socket Duo Round Ferrules help to provide safe and efficient connections for wire ropes in heavy-duty lifting operations.","og_url":"https:\/\/qingdaohf.com\/sk\/produkt\/zdvihacie-zasuvky-duo-s-okruhlymi-koncovkami\/","og_site_name":"Concrete Form &amp; Rigging Hardware Supplier","article_publisher":"https:\/\/www.facebook.com\/qingdaohf","article_modified_time":"2025-11-13T01:02:20+00:00","og_image":[{"width":800,"height":800,"url":"https:\/\/qingdaohf.com\/wp-content\/uploads\/2025\/01\/duo-round-ferrule-1.jpg","type":"image\/jpeg"}],"twitter_card":"summary_large_image","twitter_misc":{"Predpokladan\u00fd \u010das \u010d\u00edtania":"5 min\u00fat"},"schema":{"@context":"https:\/\/schema.org","@graph":[{"@type":"WebPage","@id":"https:\/\/qingdaohf.com\/product\/lifting-socket-duo-round-ferrules\/","url":"https:\/\/qingdaohf.com\/product\/lifting-socket-duo-round-ferrules\/","name":"Lifting Socket Duo Round Ferrules","isPartOf":{"@id":"https:\/\/qingdaohf.com\/bg\/#website"},"primaryImageOfPage":{"@id":"https:\/\/qingdaohf.com\/product\/lifting-socket-duo-round-ferrules\/#primaryimage"},"image":{"@id":"https:\/\/qingdaohf.com\/product\/lifting-socket-duo-round-ferrules\/#primaryimage"},"thumbnailUrl":"https:\/\/qingdaohf.com\/wp-content\/uploads\/2025\/01\/duo-round-ferrule-1.jpg","datePublished":"2025-01-13T06:56:13+00:00","dateModified":"2025-11-13T01:02:20+00:00","description":"Lifting Socket Duo Round Ferrules help to provide safe and efficient connections for wire ropes in heavy-duty lifting operations.","breadcrumb":{"@id":"https:\/\/qingdaohf.com\/product\/lifting-socket-duo-round-ferrules\/#breadcrumb"},"inLanguage":"sk-SK","potentialAction":[{"@type":"ReadAction","target":["https:\/\/qingdaohf.com\/product\/lifting-socket-duo-round-ferrules\/"]}]},{"@type":"ImageObject","inLanguage":"sk-SK","@id":"https:\/\/qingdaohf.com\/product\/lifting-socket-duo-round-ferrules\/#primaryimage","url":"https:\/\/qingdaohf.com\/wp-content\/uploads\/2025\/01\/duo-round-ferrule-1.jpg","contentUrl":"https:\/\/qingdaohf.com\/wp-content\/uploads\/2025\/01\/duo-round-ferrule-1.jpg","width":800,"height":800,"caption":"duo round ferrule"},{"@type":"BreadcrumbList","@id":"https:\/\/qingdaohf.com\/product\/lifting-socket-duo-round-ferrules\/#breadcrumb","itemListElement":[{"@type":"ListItem","position":1,"name":"Home","item":"https:\/\/qingdaohf.com\/"},{"@type":"ListItem","position":2,"name":"Concrete Forming Accessories and Rigging Hardware","item":"https:\/\/qingdaohf.com\/bg\/?page_id=944"},{"@type":"ListItem","position":3,"name":"Lifting Socket Duo Round Ferrules"}]},{"@type":"WebSite","@id":"https:\/\/qingdaohf.com\/bg\/#website","url":"https:\/\/qingdaohf.com\/bg\/","name":"Concrete Form & Rigging Hardware Supplier","description":"","publisher":{"@id":"https:\/\/qingdaohf.com\/bg\/#organization"},"potentialAction":[{"@type":"SearchAction","target":{"@type":"EntryPoint","urlTemplate":"https:\/\/qingdaohf.com\/bg\/?s={search_term_string}"},"query-input":{"@type":"PropertyValueSpecification","valueRequired":true,"valueName":"search_term_string"}}],"inLanguage":"sk-SK"},{"@type":"Organization","@id":"https:\/\/qingdaohf.com\/bg\/#organization","name":"Qingdao H&F","url":"https:\/\/qingdaohf.com\/bg\/","logo":{"@type":"ImageObject","inLanguage":"sk-SK","@id":"https:\/\/qingdaohf.com\/bg\/#\/schema\/logo\/image\/","url":"https:\/\/qingdaohf.com\/wp-content\/uploads\/2022\/12\/cropped-HF-LOGO.png","contentUrl":"https:\/\/qingdaohf.com\/wp-content\/uploads\/2022\/12\/cropped-HF-LOGO.png","width":391,"height":249,"caption":"Qingdao H&F"},"image":{"@id":"https:\/\/qingdaohf.com\/bg\/#\/schema\/logo\/image\/"},"sameAs":["https:\/\/www.facebook.com\/qingdaohf"]}]}},"_links":{"self":[{"href":"https:\/\/qingdaohf.com\/sk\/wp-json\/wp\/v2\/product\/8721","targetHints":{"allow":["GET"]}}],"collection":[{"href":"https:\/\/qingdaohf.com\/sk\/wp-json\/wp\/v2\/product"}],"about":[{"href":"https:\/\/qingdaohf.com\/sk\/wp-json\/wp\/v2\/types\/product"}],"replies":[{"embeddable":true,"href":"https:\/\/qingdaohf.com\/sk\/wp-json\/wp\/v2\/comments?post=8721"}],"version-history":[{"count":3,"href":"https:\/\/qingdaohf.com\/sk\/wp-json\/wp\/v2\/product\/8721\/revisions"}],"predecessor-version":[{"id":8730,"href":"https:\/\/qingdaohf.com\/sk\/wp-json\/wp\/v2\/product\/8721\/revisions\/8730"}],"wp:featuredmedia":[{"embeddable":true,"href":"https:\/\/qingdaohf.com\/sk\/wp-json\/wp\/v2\/media\/8723"}],"wp:attachment":[{"href":"https:\/\/qingdaohf.com\/sk\/wp-json\/wp\/v2\/media?parent=8721"}],"wp:term":[{"taxonomy":"product_brand","embeddable":true,"href":"https:\/\/qingdaohf.com\/sk\/wp-json\/wp\/v2\/product_brand?post=8721"},{"taxonomy":"product_cat","embeddable":true,"href":"https:\/\/qingdaohf.com\/sk\/wp-json\/wp\/v2\/product_cat?post=8721"},{"taxonomy":"product_tag","embeddable":true,"href":"https:\/\/qingdaohf.com\/sk\/wp-json\/wp\/v2\/product_tag?post=8721"}],"curies":[{"name":"wp","href":"https:\/\/api.w.org\/{rel}","templated":true}]}}