{"id":8745,"date":"2025-01-18T09:22:33","date_gmt":"2025-01-18T01:22:33","guid":{"rendered":"http:\/\/qingdaohf.com\/?post_type=product&#038;p=8745"},"modified":"2025-11-13T09:02:20","modified_gmt":"2025-11-13T01:02:20","slug":"turnbuckle-concrete","status":"publish","type":"product","link":"https:\/\/qingdaohf.com\/sk\/produkt\/napinacieho-betonu\/","title":{"rendered":"Bet\u00f3nov\u00e1 spona Turnbuckle"},"content":{"rendered":"<p class=\"whitespace-pre-wrap break-words\">Ke\u010f ide o bet\u00f3nov\u00e9 debnenie, diabol sa skr\u00fdva v detailoch. Pr\u00e1ve tu prich\u00e1dza na rad pr\u00edslu\u0161enstvo do bet\u00f3nu - nie je to len hardv\u00e9r, s\u00fa to neopozeran\u00ed hrdinovia, ktor\u00ed udr\u017euj\u00fa va\u0161e formy v pravom stave a va\u0161e z\u00e1livy dokonal\u00e9. Po\u010fme sa ponori\u0165 do dvoch \u0165a\u017ek\u00fdch \u00fadern\u00edkov vo svete nap\u00edna\u010dov: Ploch\u00e9 a oh\u00fdban\u00e9 dosky. Ka\u017ed\u00e1 z nich prin\u00e1\u0161a nie\u010do \u0161peci\u00e1lne a poznanie rozdielu m\u00f4\u017ee rozhodn\u00fa\u0165 o va\u0161om \u010fal\u0161om projekte.<\/p>\n<p><img fetchpriority=\"high\" decoding=\"async\" class=\"alignnone size-medium wp-image-9135\" src=\"http:\/\/qingdaohf.com\/wp-content\/uploads\/2025\/03\/concrete-turnbuckle-7-300x300.webp\" alt=\"bet\u00f3nov\u00e1 vzpera\" width=\"300\" height=\"300\" srcset=\"https:\/\/qingdaohf.com\/wp-content\/uploads\/2025\/03\/concrete-turnbuckle-7-300x300.webp 300w, https:\/\/qingdaohf.com\/wp-content\/uploads\/2025\/03\/concrete-turnbuckle-7-150x150.webp 150w, https:\/\/qingdaohf.com\/wp-content\/uploads\/2025\/03\/concrete-turnbuckle-7-768x768.webp 768w, https:\/\/qingdaohf.com\/wp-content\/uploads\/2025\/03\/concrete-turnbuckle-7-12x12.webp 12w, https:\/\/qingdaohf.com\/wp-content\/uploads\/2025\/03\/concrete-turnbuckle-7-500x500.webp 500w, https:\/\/qingdaohf.com\/wp-content\/uploads\/2025\/03\/concrete-turnbuckle-7-100x100.webp 100w, https:\/\/qingdaohf.com\/wp-content\/uploads\/2025\/03\/concrete-turnbuckle-7.webp 1000w\" sizes=\"(max-width: 300px) 100vw, 300px\" \/> <img decoding=\"async\" class=\"alignnone size-medium wp-image-9131\" src=\"http:\/\/qingdaohf.com\/wp-content\/uploads\/2025\/03\/concrete-turnbuckle-3-300x300.webp\" alt=\"bet\u00f3nov\u00e1 vzpera\" width=\"300\" height=\"300\" srcset=\"https:\/\/qingdaohf.com\/wp-content\/uploads\/2025\/03\/concrete-turnbuckle-3-300x300.webp 300w, https:\/\/qingdaohf.com\/wp-content\/uploads\/2025\/03\/concrete-turnbuckle-3-150x150.webp 150w, https:\/\/qingdaohf.com\/wp-content\/uploads\/2025\/03\/concrete-turnbuckle-3-768x768.webp 768w, https:\/\/qingdaohf.com\/wp-content\/uploads\/2025\/03\/concrete-turnbuckle-3-12x12.webp 12w, https:\/\/qingdaohf.com\/wp-content\/uploads\/2025\/03\/concrete-turnbuckle-3-500x500.webp 500w, https:\/\/qingdaohf.com\/wp-content\/uploads\/2025\/03\/concrete-turnbuckle-3-100x100.webp 100w, https:\/\/qingdaohf.com\/wp-content\/uploads\/2025\/03\/concrete-turnbuckle-3.webp 1000w\" sizes=\"(max-width: 300px) 100vw, 300px\" \/><\/p>\n<p class=\"whitespace-pre-wrap break-words\">V spolo\u010dnosti H&amp;F v\u00e1m kryjeme chrb\u00e1t rie\u0161eniami nap\u00edna\u010dov, ktor\u00e9 nielen\u017ee sp\u013a\u0148aj\u00fa o\u010dak\u00e1vania, ale ich aj prekon\u00e1vaj\u00fa. \u010ci u\u017e pracujete na rozsiahlom infra\u0161trukt\u00farnom projekte, alebo na prec\u00edznej stavbe obytn\u00e9ho domu, m\u00e1me n\u00e1stroje, ktor\u00e9 potrebujete na to, aby ste to urobili spr\u00e1vne.<\/p>\n<div class=\"ast-oembed-container\" style=\"height: 100%;\"><iframe title=\"Vyrovn\u00e1va\u010d bet\u00f3nov\u00fdch tvaroviek\" width=\"500\" height=\"281\" src=\"https:\/\/www.youtube.com\/embed\/1guP_DQRF1o?feature=oembed\" frameborder=\"0\" allow=\"accelerometer; autoplay; clipboard-write; encrypted-media; gyroscope; picture-in-picture; web-share\" referrerpolicy=\"strict-origin-when-cross-origin\" allowfullscreen><\/iframe><\/div>\n<h2 class=\"text-xl font-bold text-text-200 mt-1 -mb-0.5\">Nap\u00edna\u010de s plochou doskou: Presnos\u0165 a jednoduchos\u0165<\/h2>\n<p><img decoding=\"async\" class=\"alignnone wp-image-8766 size-medium\" src=\"http:\/\/qingdaohf.com\/wp-content\/uploads\/2025\/01\/flat-plate-turnbuckle-10-300x300.jpg\" alt=\"Ploch\u00e1 doska nap\u00edna\u010da\" width=\"300\" height=\"300\" srcset=\"https:\/\/qingdaohf.com\/wp-content\/uploads\/2025\/01\/flat-plate-turnbuckle-10-300x300.jpg 300w, https:\/\/qingdaohf.com\/wp-content\/uploads\/2025\/01\/flat-plate-turnbuckle-10-150x150.jpg 150w, https:\/\/qingdaohf.com\/wp-content\/uploads\/2025\/01\/flat-plate-turnbuckle-10-768x768.jpg 768w, https:\/\/qingdaohf.com\/wp-content\/uploads\/2025\/01\/flat-plate-turnbuckle-10-12x12.jpg 12w, https:\/\/qingdaohf.com\/wp-content\/uploads\/2025\/01\/flat-plate-turnbuckle-10-500x500.jpg 500w, https:\/\/qingdaohf.com\/wp-content\/uploads\/2025\/01\/flat-plate-turnbuckle-10-100x100.jpg 100w, https:\/\/qingdaohf.com\/wp-content\/uploads\/2025\/01\/flat-plate-turnbuckle-10.jpg 1000w\" sizes=\"(max-width: 300px) 100vw, 300px\" \/><\/p>\n<p class=\"whitespace-pre-wrap break-words\">Predstavte si toto: nap\u00edna\u010d, ktor\u00fd je \u010dist\u00fd a jednoduch\u00fd, s ploch\u00fdmi doskami na oboch koncoch, ktor\u00e9 dokonale ladia s debnen\u00edm. To je to, \u010do z\u00edskate s na\u0161ou plochou kon\u0161trukciou. Tie nie s\u00fa ob\u013e\u00faben\u00e9 len preto, \u017ee vyzeraj\u00fa elegantne - s\u00fa to pracovn\u00e9 kone, ktor\u00e9 rovnomerne rozde\u013euj\u00fa za\u0165a\u017eenie v spojovac\u00edch bodoch, \u010d\u00edm zni\u017euj\u00fa opotrebovanie v\u00e1\u0161ho debnenia.<\/p>\n<p class=\"whitespace-pre-wrap break-words\">Na t\u00fdchto kr\u00e1savcoch je ve\u013emi d\u00f4le\u017eit\u00e9, ako jednoducho sa s nimi pracuje. Ke\u010f budete preteka\u0165 s \u010dasom na projekte, kde z\u00e1le\u017e\u00ed na ka\u017edom milimetri, ocen\u00edte ich nen\u00e1ro\u010dn\u00fa in\u0161tal\u00e1ciu. A ke\u010f\u017ee tesne priliehaj\u00fa k forme, nemus\u00edte sa ob\u00e1va\u0165 probl\u00e9mov s v\u00f4\u013eou.<\/p>\n<p class=\"whitespace-pre-wrap break-words\">V spolo\u010dnosti H&amp;F sa s materi\u00e1lmi nemazn\u00e1me. Ka\u017ed\u00fd nap\u00edna\u010d s plochou doskou, ktor\u00fd dod\u00e1vame, je vyroben\u00fd zo skuto\u010dne odoln\u00e9ho materi\u00e1lu, skon\u0161truovan\u00fd tak, aby odol\u00e1val kor\u00f3zii a ka\u017edodenn\u00e9mu zneu\u017e\u00edvaniu na stavenisku.<\/p>\n<h2 class=\"text-xl font-bold text-text-200 mt-1 -mb-0.5\">Nap\u00edna\u010de s ohnutou doskou: Prisp\u00f4sobivos\u0165 a lep\u0161ia pri\u013enavos\u0165<\/h2>\n<p><img loading=\"lazy\" decoding=\"async\" class=\"alignnone size-medium wp-image-8814\" src=\"http:\/\/qingdaohf.com\/wp-content\/uploads\/2025\/01\/bent-plate-turnbuckle-17-300x300.jpg\" alt=\"ohnut\u00fd tanier nap\u00edna\u010d\" width=\"300\" height=\"300\" srcset=\"https:\/\/qingdaohf.com\/wp-content\/uploads\/2025\/01\/bent-plate-turnbuckle-17-300x300.jpg 300w, https:\/\/qingdaohf.com\/wp-content\/uploads\/2025\/01\/bent-plate-turnbuckle-17-150x150.jpg 150w, https:\/\/qingdaohf.com\/wp-content\/uploads\/2025\/01\/bent-plate-turnbuckle-17-768x768.jpg 768w, https:\/\/qingdaohf.com\/wp-content\/uploads\/2025\/01\/bent-plate-turnbuckle-17-12x12.jpg 12w, https:\/\/qingdaohf.com\/wp-content\/uploads\/2025\/01\/bent-plate-turnbuckle-17-500x500.jpg 500w, https:\/\/qingdaohf.com\/wp-content\/uploads\/2025\/01\/bent-plate-turnbuckle-17-100x100.jpg 100w, https:\/\/qingdaohf.com\/wp-content\/uploads\/2025\/01\/bent-plate-turnbuckle-17.jpg 1000w\" sizes=\"(max-width: 300px) 100vw, 300px\" \/><\/p>\n<p class=\"whitespace-pre-wrap break-words\">Po\u010fme si teraz pohovori\u0165 o rie\u0161ite\u013eoch probl\u00e9mov vo svete nap\u00edna\u010dov - na\u0161ich modeloch Bent Plate. T\u00edto zl\u00ed chlapci s\u00fa vybaven\u00ed \u0161ikm\u00fdmi koncov\u00fdmi doskami, ktor\u00e9 dr\u017eia, akoby to mysleli v\u00e1\u017ene. Ak m\u00e1te do \u010dinenia so zlo\u017eit\u00fdmi uhlami alebo povrchmi, ktor\u00e9 nie s\u00fa \u00faplne dokonal\u00e9 ako z u\u010debnice, s\u00fa tieto obj\u00edmky va\u0161\u00edm rie\u0161en\u00edm.<\/p>\n<p class=\"whitespace-pre-wrap break-words\">Genialita kon\u0161trukcie oh\u00fdban\u00fdch dosiek sa prejav\u00ed, ke\u010f rie\u0161ite scen\u00e1re, pri ktor\u00fdch \u0161tandardn\u00e9 rie\u0161enia jednoducho nepom\u00f4\u017eu. M\u00e1te nezvy\u010dajn\u00fa situ\u00e1ciu so za\u0165a\u017een\u00edm? Rie\u0161ite probl\u00e9my s formami, ktor\u00e9 sa kr\u00fatia a ot\u00e1\u010daj\u00fa? Tu si oh\u00fdban\u00e9 tanierov\u00e9 nap\u00edna\u010de zasl\u00fa\u017eia svoje miesto.<\/p>\n<p class=\"whitespace-pre-wrap break-words\">Rovnako ako ich pr\u00edbuzn\u00ed s plochou doskou s\u00fa aj na\u0161e nap\u00edna\u010de s oh\u00fdbanou doskou odoln\u00e9. Testujeme ich ako o \u017eivot, preto\u017ee vieme, \u017ee v re\u00e1lnom svete bud\u00fa \u010deli\u0165 v\u00e1\u017enym v\u00fdzvam.<\/p>\n<h2 class=\"text-xl font-bold text-text-200 mt-1 -mb-0.5\">Pre\u010do si vybra\u0165 spolo\u010dnos\u0165 H&amp;F na rie\u0161enie bet\u00f3nov\u00fdch sp\u00f4n?<\/h2>\n<p class=\"whitespace-pre-wrap break-words\">N\u00e1jdenie spr\u00e1vneho nap\u00edna\u010da je len za\u010diatok - potrebujete dod\u00e1vate\u013ea, ktor\u00fd v\u00e1m bude kry\u0165 chrb\u00e1t, ke\u010f p\u00f4jde do tuh\u00e9ho. Pr\u00e1ve v tom je spolo\u010dnos\u0165 H&amp;F najlep\u0161ia. Nepred\u00e1vame len hardv\u00e9r; dod\u00e1vame pokoj v du\u0161i zabalen\u00fd v oceli.<\/p>\n<p class=\"whitespace-pre-wrap break-words\">Vynechajte automatizovan\u00e9 telef\u00f3nne bludisko - s nami dostanete skuto\u010dn\u00e9ho \u010dloveka, ktor\u00fd sa vyzn\u00e1 v stavebn\u00edctve. V\u00e1\u0161 \u0161pecializovan\u00fd z\u00e1stupca sa v\u00e1m bude venova\u0165 od prv\u00e9ho kontaktu a\u017e po kone\u010dn\u00e9 dodanie a \u010falej a zabezpe\u010d\u00ed, aby ste dostali presne to, \u010do si v\u00e1\u0161 projekt vy\u017eaduje.<\/p>\n<p class=\"whitespace-pre-wrap break-words\">Vieme, \u017ee \u010das s\u00fa v tomto biznise peniaze. Preto sme zefekt\u00edvnili n\u00e1\u0161 proces dod\u00e1vok, aby ste dostali to, \u010do potrebujete, vtedy, ke\u010f to potrebujete. \u017diadne v\u00fdhovorky, \u017eiadne me\u0161kanie - len spo\u013eahliv\u00e9 slu\u017eby, na ktor\u00e9 sa m\u00f4\u017eete spo\u013eahn\u00fa\u0165.<\/p>\n<p class=\"whitespace-pre-wrap break-words\">Ku ka\u017ed\u00e9mu nap\u00edna\u010du, ktor\u00fd posielame, s\u00fa prilo\u017een\u00e9 tvrd\u00e9 \u00fadaje potvrdzuj\u00face jeho v\u00fdkonnos\u0165. V\u0161etko pr\u00edsne testujeme a poskytujeme v\u00e1m dokumenty, ktor\u00e9 to dokazuj\u00fa. Preto\u017ee v tejto oblasti je d\u00f4vera dobr\u00e1, ale overenie je e\u0161te lep\u0161ie.<\/p>\n<p class=\"whitespace-pre-wrap break-words\">A teraz to najlep\u0161ie - poskytujeme v\u0161etku t\u00fato kvalitu a slu\u017eby bez toho, aby sme prerobili peniaze. Pri\u0161li sme na to, ako udr\u017ea\u0165 na\u0161e ceny konkurencieschopn\u00e9 a z\u00e1rove\u0148 zachova\u0165 \u0161tandardy, v\u010faka ktor\u00fdm s\u00fa nap\u00edna\u010de H&amp;F vo\u013ebou pre seri\u00f3znych stavite\u013eov.<\/p>\n<h2 class=\"text-xl font-bold text-text-200 mt-1 -mb-0.5\">Z\u00e1ver: Rie\u0161enia na mieru pre potreby modernej v\u00fdstavby<\/h2>\n<p class=\"whitespace-pre-wrap break-words\">\u010ci u\u017e siahate po presnej jednoduchosti nap\u00edna\u010da Flat Plate, alebo sa spoliehate na pri\u013enavos\u0165 a prisp\u00f4sobivos\u0165 modelu Bent Plate, tieto n\u00e1stroje s\u00fa z\u00e1kladn\u00fdmi hr\u00e1\u010dmi v dne\u0161nej stavebnej hre. Ka\u017ed\u00fd typ prin\u00e1\u0161a svoje vlastn\u00e9 siln\u00e9 str\u00e1nky a je pripraven\u00fd zvl\u00e1dnu\u0165 ak\u00e9ko\u013evek v\u00fdzvy, ktor\u00e9 pred neho postav\u00ed v\u00e1\u0161 projekt.<\/p>\n<p class=\"whitespace-pre-wrap break-words\">V spolo\u010dnosti H&amp;F sme hrd\u00ed na to, \u017ee tieto n\u00e1stroje podporujeme servisom, ktor\u00fd zodpoved\u00e1 ich kvalite. Od n\u00e1\u0161ho pohotov\u00e9ho t\u00edmu a\u017e po r\u00fdchle dodacie lehoty a nepriestreln\u00e9 testovanie kvality - sme tu, aby sme sa uistili, \u017ee m\u00e1te v\u0161etko, \u010do potrebujete na dosiahnutie \u00faspechu.<\/p>\n<p class=\"whitespace-pre-wrap break-words\">Spolupracujte so spolo\u010dnos\u0165ou H&amp;F a z\u00edskate viac ne\u017e len spony - z\u00edskate t\u00edm, ktor\u00fd rozumie tomu, \u010do je v st\u00e1vke pri va\u0161ej pr\u00e1ci. Po\u010fme spolu vybudova\u0165 nie\u010do skvel\u00e9.<\/p>","protected":false},"excerpt":{"rendered":"<p>Nap\u00ednac\u00ed bet\u00f3n je k\u013e\u00fa\u010dov\u00fdm pr\u00edslu\u0161enstvom vo v\u00e4\u010d\u0161ine stavebn\u00fdch projektov a pou\u017e\u00edva sa najm\u00e4 pri debniacich syst\u00e9moch na zabezpe\u010denie stability a vyrovnania. V spolo\u010dnosti H&amp;F ch\u00e1peme, \u017ee kvalita, trvanlivos\u0165 a jednoduch\u00e9 pou\u017e\u00edvanie s\u00fa pre kupuj\u00facich najd\u00f4le\u017eitej\u0161\u00edmi z\u00e1ujmami. Aby sme uspokojili tento z\u00e1v\u00e4zok k dokonalosti, poskytujeme k n\u00e1\u0161mu nap\u00ednaciemu bet\u00f3nov\u00e9mu pr\u00edslu\u0161enstvu individu\u00e1lny z\u00e1kazn\u00edcky servis, r\u00fdchly dodac\u00ed cyklus a komplexn\u00fa spr\u00e1vu o kontrole kvality. M\u00f4\u017eete si by\u0165 ist\u00ed, \u017ee na\u0161e v\u00fdrobky sp\u013a\u0148aj\u00fa najn\u00e1ro\u010dnej\u0161ie priemyseln\u00e9 normy a z\u00e1rove\u0148 pon\u00fakaj\u00fa vynikaj\u00facu hodnotu.<\/p>","protected":false},"featured_media":8746,"comment_status":"open","ping_status":"closed","template":"","meta":{"site-sidebar-layout":"default","site-content-layout":"","ast-site-content-layout":"default","site-content-style":"default","site-sidebar-style":"default","ast-global-header-display":"","ast-banner-title-visibility":"","ast-main-header-display":"","ast-hfb-above-header-display":"","ast-hfb-below-header-display":"","ast-hfb-mobile-header-display":"","site-post-title":"","ast-breadcrumbs-content":"","ast-featured-img":"","footer-sml-layout":"","theme-transparent-header-meta":"default","adv-header-id-meta":"","stick-header-meta":"default","header-above-stick-meta":"","header-main-stick-meta":"","header-below-stick-meta":"","astra-migrate-meta-layouts":"set","ast-page-background-enabled":"default","ast-page-background-meta":{"desktop":{"background-color":"","background-image":"","background-repeat":"repeat","background-position":"center center","background-size":"auto","background-attachment":"scroll","background-type":"","background-media":"","overlay-type":"","overlay-color":"","overlay-opacity":"","overlay-gradient":""},"tablet":{"background-color":"","background-image":"","background-repeat":"repeat","background-position":"center center","background-size":"auto","background-attachment":"scroll","background-type":"","background-media":"","overlay-type":"","overlay-color":"","overlay-opacity":"","overlay-gradient":""},"mobile":{"background-color":"","background-image":"","background-repeat":"repeat","background-position":"center center","background-size":"auto","background-attachment":"scroll","background-type":"","background-media":"","overlay-type":"","overlay-color":"","overlay-opacity":"","overlay-gradient":""}},"ast-content-background-meta":{"desktop":{"background-color":"var(--ast-global-color-5)","background-image":"","background-repeat":"repeat","background-position":"center center","background-size":"auto","background-attachment":"scroll","background-type":"","background-media":"","overlay-type":"","overlay-color":"","overlay-opacity":"","overlay-gradient":""},"tablet":{"background-color":"var(--ast-global-color-5)","background-image":"","background-repeat":"repeat","background-position":"center center","background-size":"auto","background-attachment":"scroll","background-type":"","background-media":"","overlay-type":"","overlay-color":"","overlay-opacity":"","overlay-gradient":""},"mobile":{"background-color":"var(--ast-global-color-5)","background-image":"","background-repeat":"repeat","background-position":"center center","background-size":"auto","background-attachment":"scroll","background-type":"","background-media":"","overlay-type":"","overlay-color":"","overlay-opacity":"","overlay-gradient":""}}},"product_brand":[],"product_cat":[28],"product_tag":[],"class_list":{"0":"post-8745","1":"product","2":"type-product","3":"status-publish","4":"has-post-thumbnail","6":"product_cat-concrete-forming","7":"desktop-align-left","8":"tablet-align-left","9":"mobile-align-left","10":"ast-product-gallery-layout-horizontal-slider","11":"ast-product-tabs-layout-horizontal","13":"first","14":"instock","15":"shipping-taxable","16":"purchasable","17":"product-type-simple"},"yoast_head":"<!-- This site is optimized with the Yoast SEO plugin v25.2 - https:\/\/yoast.com\/wordpress\/plugins\/seo\/ -->\n<title>Turnbuckle Concrete<\/title>\n<meta name=\"description\" content=\"Turnbuckle concrete is a key accessory in most construction projects and is chiefly applied with formwork systems to make provision for stability and alignment.\" \/>\n<meta name=\"robots\" content=\"index, follow, max-snippet:-1, max-image-preview:large, max-video-preview:-1\" \/>\n<link rel=\"canonical\" href=\"https:\/\/qingdaohf.com\/sk\/produkt\/napinacieho-betonu\/\" \/>\n<meta property=\"og:locale\" content=\"sk_SK\" \/>\n<meta property=\"og:type\" content=\"article\" \/>\n<meta property=\"og:title\" content=\"Turnbuckle Concrete\" \/>\n<meta property=\"og:description\" content=\"Turnbuckle concrete is a key accessory in most construction projects and is chiefly applied with formwork systems to make provision for stability and alignment.\" \/>\n<meta property=\"og:url\" content=\"https:\/\/qingdaohf.com\/sk\/produkt\/napinacieho-betonu\/\" \/>\n<meta property=\"og:site_name\" content=\"Concrete Form &amp; Rigging Hardware Supplier\" \/>\n<meta property=\"article:publisher\" content=\"https:\/\/www.facebook.com\/qingdaohf\" \/>\n<meta property=\"article:modified_time\" content=\"2025-11-13T01:02:20+00:00\" \/>\n<meta property=\"og:image\" content=\"https:\/\/qingdaohf.com\/wp-content\/uploads\/2025\/01\/concrete-turnbuckle.jpg\" \/>\n\t<meta property=\"og:image:width\" content=\"1000\" \/>\n\t<meta property=\"og:image:height\" content=\"1000\" \/>\n\t<meta property=\"og:image:type\" content=\"image\/jpeg\" \/>\n<meta name=\"twitter:card\" content=\"summary_large_image\" \/>\n<meta name=\"twitter:label1\" content=\"Predpokladan\u00fd \u010das \u010d\u00edtania\" \/>\n\t<meta name=\"twitter:data1\" content=\"5 min\u00fat\" \/>\n<script type=\"application\/ld+json\" class=\"yoast-schema-graph\">{\"@context\":\"https:\/\/schema.org\",\"@graph\":[{\"@type\":\"WebPage\",\"@id\":\"https:\/\/qingdaohf.com\/product\/turnbuckle-concrete\/\",\"url\":\"https:\/\/qingdaohf.com\/product\/turnbuckle-concrete\/\",\"name\":\"Turnbuckle Concrete\",\"isPartOf\":{\"@id\":\"https:\/\/qingdaohf.com\/bg\/#website\"},\"primaryImageOfPage\":{\"@id\":\"https:\/\/qingdaohf.com\/product\/turnbuckle-concrete\/#primaryimage\"},\"image\":{\"@id\":\"https:\/\/qingdaohf.com\/product\/turnbuckle-concrete\/#primaryimage\"},\"thumbnailUrl\":\"https:\/\/qingdaohf.com\/wp-content\/uploads\/2025\/01\/concrete-turnbuckle.jpg\",\"datePublished\":\"2025-01-18T01:22:33+00:00\",\"dateModified\":\"2025-11-13T01:02:20+00:00\",\"description\":\"Turnbuckle concrete is a key accessory in most construction projects and is chiefly applied with formwork systems to make provision for stability and alignment.\",\"breadcrumb\":{\"@id\":\"https:\/\/qingdaohf.com\/product\/turnbuckle-concrete\/#breadcrumb\"},\"inLanguage\":\"sk-SK\",\"potentialAction\":[{\"@type\":\"ReadAction\",\"target\":[\"https:\/\/qingdaohf.com\/product\/turnbuckle-concrete\/\"]}]},{\"@type\":\"ImageObject\",\"inLanguage\":\"sk-SK\",\"@id\":\"https:\/\/qingdaohf.com\/product\/turnbuckle-concrete\/#primaryimage\",\"url\":\"https:\/\/qingdaohf.com\/wp-content\/uploads\/2025\/01\/concrete-turnbuckle.jpg\",\"contentUrl\":\"https:\/\/qingdaohf.com\/wp-content\/uploads\/2025\/01\/concrete-turnbuckle.jpg\",\"width\":1000,\"height\":1000,\"caption\":\"concrete turnbuckle\"},{\"@type\":\"BreadcrumbList\",\"@id\":\"https:\/\/qingdaohf.com\/product\/turnbuckle-concrete\/#breadcrumb\",\"itemListElement\":[{\"@type\":\"ListItem\",\"position\":1,\"name\":\"Home\",\"item\":\"https:\/\/qingdaohf.com\/\"},{\"@type\":\"ListItem\",\"position\":2,\"name\":\"Concrete Forming Accessories and Rigging Hardware\",\"item\":\"https:\/\/qingdaohf.com\/bg\/?page_id=944\"},{\"@type\":\"ListItem\",\"position\":3,\"name\":\"Turnbuckle Concrete\"}]},{\"@type\":\"WebSite\",\"@id\":\"https:\/\/qingdaohf.com\/bg\/#website\",\"url\":\"https:\/\/qingdaohf.com\/bg\/\",\"name\":\"Concrete Form & Rigging Hardware Supplier\",\"description\":\"\",\"publisher\":{\"@id\":\"https:\/\/qingdaohf.com\/bg\/#organization\"},\"potentialAction\":[{\"@type\":\"SearchAction\",\"target\":{\"@type\":\"EntryPoint\",\"urlTemplate\":\"https:\/\/qingdaohf.com\/bg\/?s={search_term_string}\"},\"query-input\":{\"@type\":\"PropertyValueSpecification\",\"valueRequired\":true,\"valueName\":\"search_term_string\"}}],\"inLanguage\":\"sk-SK\"},{\"@type\":\"Organization\",\"@id\":\"https:\/\/qingdaohf.com\/bg\/#organization\",\"name\":\"Qingdao H&F\",\"url\":\"https:\/\/qingdaohf.com\/bg\/\",\"logo\":{\"@type\":\"ImageObject\",\"inLanguage\":\"sk-SK\",\"@id\":\"https:\/\/qingdaohf.com\/bg\/#\/schema\/logo\/image\/\",\"url\":\"https:\/\/qingdaohf.com\/wp-content\/uploads\/2022\/12\/cropped-HF-LOGO.png\",\"contentUrl\":\"https:\/\/qingdaohf.com\/wp-content\/uploads\/2022\/12\/cropped-HF-LOGO.png\",\"width\":391,\"height\":249,\"caption\":\"Qingdao H&F\"},\"image\":{\"@id\":\"https:\/\/qingdaohf.com\/bg\/#\/schema\/logo\/image\/\"},\"sameAs\":[\"https:\/\/www.facebook.com\/qingdaohf\"]}]}<\/script>\n<!-- \/ Yoast SEO plugin. -->","yoast_head_json":{"title":"Turnbuckle Concrete","description":"Turnbuckle concrete is a key accessory in most construction projects and is chiefly applied with formwork systems to make provision for stability and alignment.","robots":{"index":"index","follow":"follow","max-snippet":"max-snippet:-1","max-image-preview":"max-image-preview:large","max-video-preview":"max-video-preview:-1"},"canonical":"https:\/\/qingdaohf.com\/sk\/produkt\/napinacieho-betonu\/","og_locale":"sk_SK","og_type":"article","og_title":"Turnbuckle Concrete","og_description":"Turnbuckle concrete is a key accessory in most construction projects and is chiefly applied with formwork systems to make provision for stability and alignment.","og_url":"https:\/\/qingdaohf.com\/sk\/produkt\/napinacieho-betonu\/","og_site_name":"Concrete Form &amp; Rigging Hardware Supplier","article_publisher":"https:\/\/www.facebook.com\/qingdaohf","article_modified_time":"2025-11-13T01:02:20+00:00","og_image":[{"width":1000,"height":1000,"url":"https:\/\/qingdaohf.com\/wp-content\/uploads\/2025\/01\/concrete-turnbuckle.jpg","type":"image\/jpeg"}],"twitter_card":"summary_large_image","twitter_misc":{"Predpokladan\u00fd \u010das \u010d\u00edtania":"5 min\u00fat"},"schema":{"@context":"https:\/\/schema.org","@graph":[{"@type":"WebPage","@id":"https:\/\/qingdaohf.com\/product\/turnbuckle-concrete\/","url":"https:\/\/qingdaohf.com\/product\/turnbuckle-concrete\/","name":"Turnbuckle Concrete","isPartOf":{"@id":"https:\/\/qingdaohf.com\/bg\/#website"},"primaryImageOfPage":{"@id":"https:\/\/qingdaohf.com\/product\/turnbuckle-concrete\/#primaryimage"},"image":{"@id":"https:\/\/qingdaohf.com\/product\/turnbuckle-concrete\/#primaryimage"},"thumbnailUrl":"https:\/\/qingdaohf.com\/wp-content\/uploads\/2025\/01\/concrete-turnbuckle.jpg","datePublished":"2025-01-18T01:22:33+00:00","dateModified":"2025-11-13T01:02:20+00:00","description":"Turnbuckle concrete is a key accessory in most construction projects and is chiefly applied with formwork systems to make provision for stability and alignment.","breadcrumb":{"@id":"https:\/\/qingdaohf.com\/product\/turnbuckle-concrete\/#breadcrumb"},"inLanguage":"sk-SK","potentialAction":[{"@type":"ReadAction","target":["https:\/\/qingdaohf.com\/product\/turnbuckle-concrete\/"]}]},{"@type":"ImageObject","inLanguage":"sk-SK","@id":"https:\/\/qingdaohf.com\/product\/turnbuckle-concrete\/#primaryimage","url":"https:\/\/qingdaohf.com\/wp-content\/uploads\/2025\/01\/concrete-turnbuckle.jpg","contentUrl":"https:\/\/qingdaohf.com\/wp-content\/uploads\/2025\/01\/concrete-turnbuckle.jpg","width":1000,"height":1000,"caption":"concrete turnbuckle"},{"@type":"BreadcrumbList","@id":"https:\/\/qingdaohf.com\/product\/turnbuckle-concrete\/#breadcrumb","itemListElement":[{"@type":"ListItem","position":1,"name":"Home","item":"https:\/\/qingdaohf.com\/"},{"@type":"ListItem","position":2,"name":"Concrete Forming Accessories and Rigging Hardware","item":"https:\/\/qingdaohf.com\/bg\/?page_id=944"},{"@type":"ListItem","position":3,"name":"Turnbuckle Concrete"}]},{"@type":"WebSite","@id":"https:\/\/qingdaohf.com\/bg\/#website","url":"https:\/\/qingdaohf.com\/bg\/","name":"Concrete Form & Rigging Hardware Supplier","description":"","publisher":{"@id":"https:\/\/qingdaohf.com\/bg\/#organization"},"potentialAction":[{"@type":"SearchAction","target":{"@type":"EntryPoint","urlTemplate":"https:\/\/qingdaohf.com\/bg\/?s={search_term_string}"},"query-input":{"@type":"PropertyValueSpecification","valueRequired":true,"valueName":"search_term_string"}}],"inLanguage":"sk-SK"},{"@type":"Organization","@id":"https:\/\/qingdaohf.com\/bg\/#organization","name":"Qingdao H&F","url":"https:\/\/qingdaohf.com\/bg\/","logo":{"@type":"ImageObject","inLanguage":"sk-SK","@id":"https:\/\/qingdaohf.com\/bg\/#\/schema\/logo\/image\/","url":"https:\/\/qingdaohf.com\/wp-content\/uploads\/2022\/12\/cropped-HF-LOGO.png","contentUrl":"https:\/\/qingdaohf.com\/wp-content\/uploads\/2022\/12\/cropped-HF-LOGO.png","width":391,"height":249,"caption":"Qingdao H&F"},"image":{"@id":"https:\/\/qingdaohf.com\/bg\/#\/schema\/logo\/image\/"},"sameAs":["https:\/\/www.facebook.com\/qingdaohf"]}]}},"_links":{"self":[{"href":"https:\/\/qingdaohf.com\/sk\/wp-json\/wp\/v2\/product\/8745","targetHints":{"allow":["GET"]}}],"collection":[{"href":"https:\/\/qingdaohf.com\/sk\/wp-json\/wp\/v2\/product"}],"about":[{"href":"https:\/\/qingdaohf.com\/sk\/wp-json\/wp\/v2\/types\/product"}],"replies":[{"embeddable":true,"href":"https:\/\/qingdaohf.com\/sk\/wp-json\/wp\/v2\/comments?post=8745"}],"version-history":[{"count":6,"href":"https:\/\/qingdaohf.com\/sk\/wp-json\/wp\/v2\/product\/8745\/revisions"}],"predecessor-version":[{"id":9137,"href":"https:\/\/qingdaohf.com\/sk\/wp-json\/wp\/v2\/product\/8745\/revisions\/9137"}],"wp:featuredmedia":[{"embeddable":true,"href":"https:\/\/qingdaohf.com\/sk\/wp-json\/wp\/v2\/media\/8746"}],"wp:attachment":[{"href":"https:\/\/qingdaohf.com\/sk\/wp-json\/wp\/v2\/media?parent=8745"}],"wp:term":[{"taxonomy":"product_brand","embeddable":true,"href":"https:\/\/qingdaohf.com\/sk\/wp-json\/wp\/v2\/product_brand?post=8745"},{"taxonomy":"product_cat","embeddable":true,"href":"https:\/\/qingdaohf.com\/sk\/wp-json\/wp\/v2\/product_cat?post=8745"},{"taxonomy":"product_tag","embeddable":true,"href":"https:\/\/qingdaohf.com\/sk\/wp-json\/wp\/v2\/product_tag?post=8745"}],"curies":[{"name":"wp","href":"https:\/\/api.w.org\/{rel}","templated":true}]}}