{"id":8837,"date":"2025-01-18T10:11:43","date_gmt":"2025-01-18T02:11:43","guid":{"rendered":"http:\/\/qingdaohf.com\/?post_type=product&#038;p=8837"},"modified":"2025-11-13T09:02:20","modified_gmt":"2025-11-13T01:02:20","slug":"concrete-turnbuckle","status":"publish","type":"product","link":"https:\/\/qingdaohf.com\/sk\/produkt\/betonova-vzpera\/","title":{"rendered":"Bet\u00f3nov\u00e9 nap\u00ednacie zariadenie"},"content":{"rendered":"<h2 class=\"text-xl font-bold text-text-200 mt-1 -mb-0.5\">Porozumenie bet\u00f3nov\u00fdm nap\u00edna\u010dom<\/h2>\n<p class=\"whitespace-pre-wrap break-words\">Pri stavebn\u00fdch projektoch zohr\u00e1vaj\u00fa bet\u00f3nov\u00e9 nap\u00edna\u010de k\u013e\u00fa\u010dov\u00fa \u00falohu pri udr\u017eiavan\u00ed stability a presnosti. Tieto z\u00e1kladn\u00e9 komponenty umo\u017e\u0148uj\u00fa zhotovite\u013eom upravova\u0165 nap\u00e4tie v debnen\u00ed, \u010d\u00edm sa dosahuje presn\u00e9 vyrovnanie po\u010das beton\u00e1\u017ee. V spolo\u010dnosti H&amp;F vieme, ak\u00e9 d\u00f4le\u017eit\u00e9 s\u00fa tieto zdanlivo jednoduch\u00e9 zariadenia - m\u00f4\u017eu rozhodn\u00fa\u0165 o \u00faspechu projektu.<\/p>\n<p class=\"whitespace-pre-wrap break-words\">V stavebn\u00edctve sa pou\u017e\u00edvaj\u00fa predov\u0161etk\u00fdm dva druhy bet\u00f3nov\u00fdch nap\u00edna\u010dov: kon\u0161trukcie s ohnut\u00fdm plechom a ploch\u00e9 plechy. Ka\u017ed\u00e1 z nich m\u00e1 svoje vlastn\u00e9 v\u00fdhody, v\u010faka ktor\u00fdm s\u00fa vhodn\u00e9 pre r\u00f4zne typy projektov a aplik\u00e1ci\u00ed.<\/p>\n<div class=\"ast-oembed-container\" style=\"height: 100%;\"><iframe title=\"Vyrovn\u00e1va\u010d bet\u00f3nov\u00fdch tvaroviek\" width=\"500\" height=\"281\" src=\"https:\/\/www.youtube.com\/embed\/1guP_DQRF1o?feature=oembed\" frameborder=\"0\" allow=\"accelerometer; autoplay; clipboard-write; encrypted-media; gyroscope; picture-in-picture; web-share\" referrerpolicy=\"strict-origin-when-cross-origin\" allowfullscreen><\/iframe><\/div>\n<h2 class=\"text-xl font-bold text-text-200 mt-1 -mb-0.5\">Oh\u00fdban\u00e9 nap\u00edna\u010de dosiek<\/h2>\n<p><img fetchpriority=\"high\" decoding=\"async\" class=\"alignnone size-medium wp-image-8806\" src=\"http:\/\/qingdaohf.com\/wp-content\/uploads\/2025\/01\/bent-plate-turnbuckle-9-300x300.jpg\" alt=\"ohnut\u00fd tanier nap\u00edna\u010d\" width=\"300\" height=\"300\" srcset=\"https:\/\/qingdaohf.com\/wp-content\/uploads\/2025\/01\/bent-plate-turnbuckle-9-300x300.jpg 300w, https:\/\/qingdaohf.com\/wp-content\/uploads\/2025\/01\/bent-plate-turnbuckle-9-150x150.jpg 150w, https:\/\/qingdaohf.com\/wp-content\/uploads\/2025\/01\/bent-plate-turnbuckle-9-768x768.jpg 768w, https:\/\/qingdaohf.com\/wp-content\/uploads\/2025\/01\/bent-plate-turnbuckle-9-12x12.jpg 12w, https:\/\/qingdaohf.com\/wp-content\/uploads\/2025\/01\/bent-plate-turnbuckle-9-500x500.jpg 500w, https:\/\/qingdaohf.com\/wp-content\/uploads\/2025\/01\/bent-plate-turnbuckle-9-100x100.jpg 100w, https:\/\/qingdaohf.com\/wp-content\/uploads\/2025\/01\/bent-plate-turnbuckle-9.jpg 1000w\" sizes=\"(max-width: 300px) 100vw, 300px\" \/><\/p>\n<p class=\"whitespace-pre-wrap break-words\">Oh\u00fdban\u00e9 tanierov\u00e9 nap\u00edna\u010de sa vyzna\u010duj\u00fa v\u00fdrazn\u00fdm zakriven\u00fdm dizajnom, ktor\u00fd im d\u00e1va v\u00fdhodu v ur\u010dit\u00fdch aplik\u00e1ci\u00e1ch. Ich tvar nie je len na okrasu - pom\u00e1ha rovnomernej\u0161ie rozlo\u017ei\u0165 silu, \u010do je obzvl\u00e1\u0161\u0165 cenn\u00e9 v pr\u00edpade pohybliv\u00e9ho za\u0165a\u017eenia alebo nezvy\u010dajn\u00e9ho nam\u00e1hania. Stavebn\u00e9 t\u00edmy \u010dasto uprednost\u0148uj\u00fa tieto modely, ke\u010f potrebuj\u00fa vykon\u00e1va\u0165 \u010dast\u00e9 \u00fapravy, preto\u017ee sa s nimi zvy\u010dajne \u013eah\u0161ie manipuluje a nastavuj\u00fa sa za chodu.<\/p>\n<p class=\"whitespace-pre-wrap break-words\">My v spolo\u010dnosti H&amp;F vyr\u00e1bame na\u0161e oh\u00fdban\u00e9 plechov\u00e9 nap\u00edna\u010de z prvotriednych materi\u00e1lov a ka\u017ed\u00fa jednotku podrobujeme pr\u00edsnemu testovaniu. Ku ka\u017ed\u00e9mu nap\u00edna\u010du s\u00fa prilo\u017een\u00e9 podrobn\u00e9 spr\u00e1vy o kvalite, tak\u017ee presne viete, \u010do dost\u00e1vate.<\/p>\n<h2 class=\"text-xl font-bold text-text-200 mt-1 -mb-0.5\">Nap\u00edna\u010de s plochou doskou<\/h2>\n<p><img decoding=\"async\" class=\"alignnone size-medium wp-image-8772\" src=\"http:\/\/qingdaohf.com\/wp-content\/uploads\/2025\/01\/flat-plate-turnbuckle-17-300x300.jpg\" alt=\"Ploch\u00e1 doska nap\u00edna\u010da \" width=\"300\" height=\"300\" srcset=\"https:\/\/qingdaohf.com\/wp-content\/uploads\/2025\/01\/flat-plate-turnbuckle-17-300x300.jpg 300w, https:\/\/qingdaohf.com\/wp-content\/uploads\/2025\/01\/flat-plate-turnbuckle-17-150x150.jpg 150w, https:\/\/qingdaohf.com\/wp-content\/uploads\/2025\/01\/flat-plate-turnbuckle-17-768x768.jpg 768w, https:\/\/qingdaohf.com\/wp-content\/uploads\/2025\/01\/flat-plate-turnbuckle-17-12x12.jpg 12w, https:\/\/qingdaohf.com\/wp-content\/uploads\/2025\/01\/flat-plate-turnbuckle-17-500x500.jpg 500w, https:\/\/qingdaohf.com\/wp-content\/uploads\/2025\/01\/flat-plate-turnbuckle-17-100x100.jpg 100w, https:\/\/qingdaohf.com\/wp-content\/uploads\/2025\/01\/flat-plate-turnbuckle-17.jpg 1000w\" sizes=\"(max-width: 300px) 100vw, 300px\" \/><\/p>\n<p class=\"whitespace-pre-wrap break-words\">Ak h\u013ead\u00e1te nie\u010do jednoduch\u0161ie, najlep\u0161ou vo\u013ebou by mohli by\u0165 ploch\u00e9 nap\u00edna\u010de. Ich jednoduch\u00e1 kon\u0161trukcia umo\u017e\u0148uje jednoduch\u00fa in\u0161tal\u00e1ciu a bezprobl\u00e9mov\u00fa integr\u00e1ciu s v\u00e4\u010d\u0161inou debniacich syst\u00e9mov. Mnoh\u00ed zhotovitelia si tieto modely vyberaj\u00fa, ke\u010f potrebuj\u00fa spo\u013eahliv\u00fd v\u00fdkon bez toho, aby prerazili banku.<\/p>\n<p class=\"whitespace-pre-wrap break-words\">Na\u0161e ploch\u00e9 nap\u00edna\u010de s\u00fa vyr\u00e1ban\u00e9 s rovnakou pozornos\u0165ou k detailu ako ich pr\u00edbuzn\u00ed s ohnut\u00fdm plechom. Pracujeme priamo s na\u0161imi klientmi, aby sme pochopili ich \u0161pecifick\u00e9 po\u017eiadavky a zabezpe\u010dili, \u017ee dostan\u00fa presne to, \u010do ich projekt potrebuje.<\/p>\n<h2 class=\"text-xl font-bold text-text-200 mt-1 -mb-0.5\">Pre\u010do si vybra\u0165 spolo\u010dnos\u0165 H&amp;F pre svoje bet\u00f3nov\u00e9 nap\u00edna\u010de?<\/h2>\n<p class=\"whitespace-pre-wrap break-words\">V\u00fdber spr\u00e1vneho dod\u00e1vate\u013ea je rovnako d\u00f4le\u017eit\u00fd ako v\u00fdber spr\u00e1vneho v\u00fdrobku. V spolo\u010dnosti H&amp;F sa neobmedzujeme len na predaj nap\u00edna\u010dov - budujeme partnerstv\u00e1. N\u00e1\u0161 individu\u00e1lny pr\u00edstup znamen\u00e1, \u017ee budete spolupracova\u0165 so \u0161pecializovan\u00fdm z\u00e1stupcom, ktor\u00fd rozumie jedine\u010dn\u00fdm v\u00fdzvam a po\u017eiadavk\u00e1m v\u00e1\u0161ho projektu.<\/p>\n<p class=\"whitespace-pre-wrap break-words\">Vieme, \u017ee term\u00edny v\u00fdstavby s\u00fa nap\u00e4t\u00e9, a preto sme zjednodu\u0161ili n\u00e1\u0161 proces dod\u00e1vok, aby ste dostali to, \u010do potrebujete, vtedy, ke\u010f to potrebujete. Oneskorenia stoja peniaze a my sa sna\u017e\u00edme, aby v\u00e1\u0161 projekt prebiehal pod\u013ea pl\u00e1nu.<\/p>\n<p class=\"whitespace-pre-wrap break-words\">Kvalita pre n\u00e1s nie je len m\u00f3dnym slovom - je s\u00fa\u010das\u0165ou v\u0161etk\u00e9ho, \u010do rob\u00edme. Ka\u017ed\u00fd nap\u00edna\u010d prech\u00e1dza komplexn\u00fdm testovan\u00edm predt\u00fdm, ako opust\u00ed n\u00e1\u0161 z\u00e1vod. Poskytujeme podrobn\u00fa dokument\u00e1ciu o kontrole, aby ste si mohli overi\u0165, \u010di ka\u017ed\u00fd v\u00fdrobok sp\u013a\u0148a alebo prevy\u0161uje priemyseln\u00e9 normy.<\/p>\n<p class=\"whitespace-pre-wrap break-words\">\u010ci u\u017e potrebujete oh\u00fdban\u00fd alebo ploch\u00fd plech, pon\u00fakame r\u00f4zne ve\u013ekosti a konfigur\u00e1cie, ktor\u00e9 zodpovedaj\u00fa va\u0161ej konkr\u00e9tnej aplik\u00e1cii. N\u00e1\u0161 t\u00edm je v\u017edy pripraven\u00fd pom\u00f4c\u0165 v\u00e1m vybra\u0165 spr\u00e1vnu mo\u017enos\u0165 alebo vyvin\u00fa\u0165 vlastn\u00e9 rie\u0161enie pre va\u0161e jedine\u010dn\u00e9 v\u00fdzvy. Ch\u00e1peme, \u017ee \u017eiadne dva stavebn\u00e9 projekty nie s\u00fa \u00faplne rovnak\u00e9, a preto sme tu, aby sme v\u00e1m poskytli nap\u00edna\u010de, ktor\u00e9 bud\u00fa fungova\u0165 vo va\u0161ej konkr\u00e9tnej situ\u00e1cii.<\/p>","protected":false},"excerpt":{"rendered":"<p>Bet\u00f3nov\u00e9 nap\u00edna\u010de s\u00fa u\u017e dlh\u0161\u00ed \u010das z\u00e1kladom v stavebn\u00edctve a zabezpe\u010duj\u00fa presnos\u0165 nap\u00ednania a vyrovn\u00e1vania pri debnen\u00ed. V\u00e4\u010d\u0161ina kupuj\u00facich tak\u00fdchto nap\u00edna\u010dov zoh\u013ead\u0148uje aspekty trvanlivosti, jednoduchej obsluhy a optim\u00e1lneho v\u00fdkonu. Zo spolo\u010dnosti H&amp;F uspokojujeme rozmanit\u00e9 projekty ponukou r\u00f4znych v\u00fdrobkov: oh\u00fdban\u00fdch plechov\u00fdch a ploch\u00fdch odr\u00f4d, so zaru\u010den\u00fdm individu\u00e1lnym z\u00e1kazn\u00edckym servisom, ktor\u00fd umo\u017e\u0148uje prisp\u00f4sobenie v\u00fdrobkov, r\u00fdchle dodacie cykly a kompletn\u00e9 spr\u00e1vy o kontrole kvality, ktor\u00e9 na konci poskytuj\u00fa z\u00e1ruku.<\/p>","protected":false},"featured_media":9146,"comment_status":"open","ping_status":"closed","template":"","meta":{"site-sidebar-layout":"default","site-content-layout":"","ast-site-content-layout":"default","site-content-style":"default","site-sidebar-style":"default","ast-global-header-display":"","ast-banner-title-visibility":"","ast-main-header-display":"","ast-hfb-above-header-display":"","ast-hfb-below-header-display":"","ast-hfb-mobile-header-display":"","site-post-title":"","ast-breadcrumbs-content":"","ast-featured-img":"","footer-sml-layout":"","theme-transparent-header-meta":"default","adv-header-id-meta":"","stick-header-meta":"default","header-above-stick-meta":"","header-main-stick-meta":"","header-below-stick-meta":"","astra-migrate-meta-layouts":"set","ast-page-background-enabled":"default","ast-page-background-meta":{"desktop":{"background-color":"","background-image":"","background-repeat":"repeat","background-position":"center center","background-size":"auto","background-attachment":"scroll","background-type":"","background-media":"","overlay-type":"","overlay-color":"","overlay-opacity":"","overlay-gradient":""},"tablet":{"background-color":"","background-image":"","background-repeat":"repeat","background-position":"center center","background-size":"auto","background-attachment":"scroll","background-type":"","background-media":"","overlay-type":"","overlay-color":"","overlay-opacity":"","overlay-gradient":""},"mobile":{"background-color":"","background-image":"","background-repeat":"repeat","background-position":"center center","background-size":"auto","background-attachment":"scroll","background-type":"","background-media":"","overlay-type":"","overlay-color":"","overlay-opacity":"","overlay-gradient":""}},"ast-content-background-meta":{"desktop":{"background-color":"var(--ast-global-color-5)","background-image":"","background-repeat":"repeat","background-position":"center center","background-size":"auto","background-attachment":"scroll","background-type":"","background-media":"","overlay-type":"","overlay-color":"","overlay-opacity":"","overlay-gradient":""},"tablet":{"background-color":"var(--ast-global-color-5)","background-image":"","background-repeat":"repeat","background-position":"center center","background-size":"auto","background-attachment":"scroll","background-type":"","background-media":"","overlay-type":"","overlay-color":"","overlay-opacity":"","overlay-gradient":""},"mobile":{"background-color":"var(--ast-global-color-5)","background-image":"","background-repeat":"repeat","background-position":"center center","background-size":"auto","background-attachment":"scroll","background-type":"","background-media":"","overlay-type":"","overlay-color":"","overlay-opacity":"","overlay-gradient":""}}},"product_brand":[],"product_cat":[28],"product_tag":[],"class_list":{"0":"post-8837","1":"product","2":"type-product","3":"status-publish","4":"has-post-thumbnail","6":"product_cat-concrete-forming","7":"desktop-align-left","8":"tablet-align-left","9":"mobile-align-left","10":"ast-product-gallery-layout-horizontal-slider","11":"ast-product-tabs-layout-horizontal","13":"first","14":"instock","15":"shipping-taxable","16":"purchasable","17":"product-type-simple"},"yoast_head":"<!-- This site is optimized with the Yoast SEO plugin v25.2 - https:\/\/yoast.com\/wordpress\/plugins\/seo\/ -->\n<title>Concrete Turnbuckle<\/title>\n<meta name=\"description\" content=\"Concrete turnbuckles have been a mainstay in the construction industry for quite some time and ensure accuracy in tensioning and alignment during formwork.\" \/>\n<meta name=\"robots\" content=\"index, follow, max-snippet:-1, max-image-preview:large, max-video-preview:-1\" \/>\n<link rel=\"canonical\" href=\"https:\/\/qingdaohf.com\/sk\/produkt\/betonova-vzpera\/\" \/>\n<meta property=\"og:locale\" content=\"sk_SK\" \/>\n<meta property=\"og:type\" content=\"article\" \/>\n<meta property=\"og:title\" content=\"Concrete Turnbuckle\" \/>\n<meta property=\"og:description\" content=\"Concrete turnbuckles have been a mainstay in the construction industry for quite some time and ensure accuracy in tensioning and alignment during formwork.\" \/>\n<meta property=\"og:url\" content=\"https:\/\/qingdaohf.com\/sk\/produkt\/betonova-vzpera\/\" \/>\n<meta property=\"og:site_name\" content=\"Concrete Form &amp; Rigging Hardware Supplier\" \/>\n<meta property=\"article:publisher\" content=\"https:\/\/www.facebook.com\/qingdaohf\" \/>\n<meta property=\"article:modified_time\" content=\"2025-11-13T01:02:20+00:00\" \/>\n<meta property=\"og:image\" content=\"https:\/\/qingdaohf.com\/wp-content\/uploads\/2025\/01\/turnbuckle-form-aligner.jpg\" \/>\n\t<meta property=\"og:image:width\" content=\"1000\" \/>\n\t<meta property=\"og:image:height\" content=\"1000\" \/>\n\t<meta property=\"og:image:type\" content=\"image\/jpeg\" \/>\n<meta name=\"twitter:card\" content=\"summary_large_image\" \/>\n<meta name=\"twitter:label1\" content=\"Predpokladan\u00fd \u010das \u010d\u00edtania\" \/>\n\t<meta name=\"twitter:data1\" content=\"3 min\u00faty\" \/>\n<script type=\"application\/ld+json\" class=\"yoast-schema-graph\">{\"@context\":\"https:\/\/schema.org\",\"@graph\":[{\"@type\":\"WebPage\",\"@id\":\"https:\/\/qingdaohf.com\/product\/concrete-turnbuckle\/\",\"url\":\"https:\/\/qingdaohf.com\/product\/concrete-turnbuckle\/\",\"name\":\"Concrete Turnbuckle\",\"isPartOf\":{\"@id\":\"https:\/\/qingdaohf.com\/bg\/#website\"},\"primaryImageOfPage\":{\"@id\":\"https:\/\/qingdaohf.com\/product\/concrete-turnbuckle\/#primaryimage\"},\"image\":{\"@id\":\"https:\/\/qingdaohf.com\/product\/concrete-turnbuckle\/#primaryimage\"},\"thumbnailUrl\":\"https:\/\/qingdaohf.com\/wp-content\/uploads\/2025\/01\/turnbuckle-form-aligner.jpg\",\"datePublished\":\"2025-01-18T02:11:43+00:00\",\"dateModified\":\"2025-11-13T01:02:20+00:00\",\"description\":\"Concrete turnbuckles have been a mainstay in the construction industry for quite some time and ensure accuracy in tensioning and alignment during formwork.\",\"breadcrumb\":{\"@id\":\"https:\/\/qingdaohf.com\/product\/concrete-turnbuckle\/#breadcrumb\"},\"inLanguage\":\"sk-SK\",\"potentialAction\":[{\"@type\":\"ReadAction\",\"target\":[\"https:\/\/qingdaohf.com\/product\/concrete-turnbuckle\/\"]}]},{\"@type\":\"ImageObject\",\"inLanguage\":\"sk-SK\",\"@id\":\"https:\/\/qingdaohf.com\/product\/concrete-turnbuckle\/#primaryimage\",\"url\":\"https:\/\/qingdaohf.com\/wp-content\/uploads\/2025\/01\/turnbuckle-form-aligner.jpg\",\"contentUrl\":\"https:\/\/qingdaohf.com\/wp-content\/uploads\/2025\/01\/turnbuckle-form-aligner.jpg\",\"width\":1000,\"height\":1000,\"caption\":\"turnbuckle form aligner\"},{\"@type\":\"BreadcrumbList\",\"@id\":\"https:\/\/qingdaohf.com\/product\/concrete-turnbuckle\/#breadcrumb\",\"itemListElement\":[{\"@type\":\"ListItem\",\"position\":1,\"name\":\"Home\",\"item\":\"https:\/\/qingdaohf.com\/\"},{\"@type\":\"ListItem\",\"position\":2,\"name\":\"Concrete Forming Accessories and Rigging Hardware\",\"item\":\"https:\/\/qingdaohf.com\/bg\/?page_id=944\"},{\"@type\":\"ListItem\",\"position\":3,\"name\":\"Concrete Turnbuckle\"}]},{\"@type\":\"WebSite\",\"@id\":\"https:\/\/qingdaohf.com\/bg\/#website\",\"url\":\"https:\/\/qingdaohf.com\/bg\/\",\"name\":\"Concrete Form & Rigging Hardware Supplier\",\"description\":\"\",\"publisher\":{\"@id\":\"https:\/\/qingdaohf.com\/bg\/#organization\"},\"potentialAction\":[{\"@type\":\"SearchAction\",\"target\":{\"@type\":\"EntryPoint\",\"urlTemplate\":\"https:\/\/qingdaohf.com\/bg\/?s={search_term_string}\"},\"query-input\":{\"@type\":\"PropertyValueSpecification\",\"valueRequired\":true,\"valueName\":\"search_term_string\"}}],\"inLanguage\":\"sk-SK\"},{\"@type\":\"Organization\",\"@id\":\"https:\/\/qingdaohf.com\/bg\/#organization\",\"name\":\"Qingdao H&F\",\"url\":\"https:\/\/qingdaohf.com\/bg\/\",\"logo\":{\"@type\":\"ImageObject\",\"inLanguage\":\"sk-SK\",\"@id\":\"https:\/\/qingdaohf.com\/bg\/#\/schema\/logo\/image\/\",\"url\":\"https:\/\/qingdaohf.com\/wp-content\/uploads\/2022\/12\/cropped-HF-LOGO.png\",\"contentUrl\":\"https:\/\/qingdaohf.com\/wp-content\/uploads\/2022\/12\/cropped-HF-LOGO.png\",\"width\":391,\"height\":249,\"caption\":\"Qingdao H&F\"},\"image\":{\"@id\":\"https:\/\/qingdaohf.com\/bg\/#\/schema\/logo\/image\/\"},\"sameAs\":[\"https:\/\/www.facebook.com\/qingdaohf\"]}]}<\/script>\n<!-- \/ Yoast SEO plugin. -->","yoast_head_json":{"title":"Concrete Turnbuckle","description":"Concrete turnbuckles have been a mainstay in the construction industry for quite some time and ensure accuracy in tensioning and alignment during formwork.","robots":{"index":"index","follow":"follow","max-snippet":"max-snippet:-1","max-image-preview":"max-image-preview:large","max-video-preview":"max-video-preview:-1"},"canonical":"https:\/\/qingdaohf.com\/sk\/produkt\/betonova-vzpera\/","og_locale":"sk_SK","og_type":"article","og_title":"Concrete Turnbuckle","og_description":"Concrete turnbuckles have been a mainstay in the construction industry for quite some time and ensure accuracy in tensioning and alignment during formwork.","og_url":"https:\/\/qingdaohf.com\/sk\/produkt\/betonova-vzpera\/","og_site_name":"Concrete Form &amp; Rigging Hardware Supplier","article_publisher":"https:\/\/www.facebook.com\/qingdaohf","article_modified_time":"2025-11-13T01:02:20+00:00","og_image":[{"width":1000,"height":1000,"url":"https:\/\/qingdaohf.com\/wp-content\/uploads\/2025\/01\/turnbuckle-form-aligner.jpg","type":"image\/jpeg"}],"twitter_card":"summary_large_image","twitter_misc":{"Predpokladan\u00fd \u010das \u010d\u00edtania":"3 min\u00faty"},"schema":{"@context":"https:\/\/schema.org","@graph":[{"@type":"WebPage","@id":"https:\/\/qingdaohf.com\/product\/concrete-turnbuckle\/","url":"https:\/\/qingdaohf.com\/product\/concrete-turnbuckle\/","name":"Concrete Turnbuckle","isPartOf":{"@id":"https:\/\/qingdaohf.com\/bg\/#website"},"primaryImageOfPage":{"@id":"https:\/\/qingdaohf.com\/product\/concrete-turnbuckle\/#primaryimage"},"image":{"@id":"https:\/\/qingdaohf.com\/product\/concrete-turnbuckle\/#primaryimage"},"thumbnailUrl":"https:\/\/qingdaohf.com\/wp-content\/uploads\/2025\/01\/turnbuckle-form-aligner.jpg","datePublished":"2025-01-18T02:11:43+00:00","dateModified":"2025-11-13T01:02:20+00:00","description":"Concrete turnbuckles have been a mainstay in the construction industry for quite some time and ensure accuracy in tensioning and alignment during formwork.","breadcrumb":{"@id":"https:\/\/qingdaohf.com\/product\/concrete-turnbuckle\/#breadcrumb"},"inLanguage":"sk-SK","potentialAction":[{"@type":"ReadAction","target":["https:\/\/qingdaohf.com\/product\/concrete-turnbuckle\/"]}]},{"@type":"ImageObject","inLanguage":"sk-SK","@id":"https:\/\/qingdaohf.com\/product\/concrete-turnbuckle\/#primaryimage","url":"https:\/\/qingdaohf.com\/wp-content\/uploads\/2025\/01\/turnbuckle-form-aligner.jpg","contentUrl":"https:\/\/qingdaohf.com\/wp-content\/uploads\/2025\/01\/turnbuckle-form-aligner.jpg","width":1000,"height":1000,"caption":"turnbuckle form aligner"},{"@type":"BreadcrumbList","@id":"https:\/\/qingdaohf.com\/product\/concrete-turnbuckle\/#breadcrumb","itemListElement":[{"@type":"ListItem","position":1,"name":"Home","item":"https:\/\/qingdaohf.com\/"},{"@type":"ListItem","position":2,"name":"Concrete Forming Accessories and Rigging Hardware","item":"https:\/\/qingdaohf.com\/bg\/?page_id=944"},{"@type":"ListItem","position":3,"name":"Concrete Turnbuckle"}]},{"@type":"WebSite","@id":"https:\/\/qingdaohf.com\/bg\/#website","url":"https:\/\/qingdaohf.com\/bg\/","name":"Concrete Form & Rigging Hardware Supplier","description":"","publisher":{"@id":"https:\/\/qingdaohf.com\/bg\/#organization"},"potentialAction":[{"@type":"SearchAction","target":{"@type":"EntryPoint","urlTemplate":"https:\/\/qingdaohf.com\/bg\/?s={search_term_string}"},"query-input":{"@type":"PropertyValueSpecification","valueRequired":true,"valueName":"search_term_string"}}],"inLanguage":"sk-SK"},{"@type":"Organization","@id":"https:\/\/qingdaohf.com\/bg\/#organization","name":"Qingdao H&F","url":"https:\/\/qingdaohf.com\/bg\/","logo":{"@type":"ImageObject","inLanguage":"sk-SK","@id":"https:\/\/qingdaohf.com\/bg\/#\/schema\/logo\/image\/","url":"https:\/\/qingdaohf.com\/wp-content\/uploads\/2022\/12\/cropped-HF-LOGO.png","contentUrl":"https:\/\/qingdaohf.com\/wp-content\/uploads\/2022\/12\/cropped-HF-LOGO.png","width":391,"height":249,"caption":"Qingdao H&F"},"image":{"@id":"https:\/\/qingdaohf.com\/bg\/#\/schema\/logo\/image\/"},"sameAs":["https:\/\/www.facebook.com\/qingdaohf"]}]}},"_links":{"self":[{"href":"https:\/\/qingdaohf.com\/sk\/wp-json\/wp\/v2\/product\/8837","targetHints":{"allow":["GET"]}}],"collection":[{"href":"https:\/\/qingdaohf.com\/sk\/wp-json\/wp\/v2\/product"}],"about":[{"href":"https:\/\/qingdaohf.com\/sk\/wp-json\/wp\/v2\/types\/product"}],"replies":[{"embeddable":true,"href":"https:\/\/qingdaohf.com\/sk\/wp-json\/wp\/v2\/comments?post=8837"}],"version-history":[{"count":4,"href":"https:\/\/qingdaohf.com\/sk\/wp-json\/wp\/v2\/product\/8837\/revisions"}],"predecessor-version":[{"id":9147,"href":"https:\/\/qingdaohf.com\/sk\/wp-json\/wp\/v2\/product\/8837\/revisions\/9147"}],"wp:featuredmedia":[{"embeddable":true,"href":"https:\/\/qingdaohf.com\/sk\/wp-json\/wp\/v2\/media\/9146"}],"wp:attachment":[{"href":"https:\/\/qingdaohf.com\/sk\/wp-json\/wp\/v2\/media?parent=8837"}],"wp:term":[{"taxonomy":"product_brand","embeddable":true,"href":"https:\/\/qingdaohf.com\/sk\/wp-json\/wp\/v2\/product_brand?post=8837"},{"taxonomy":"product_cat","embeddable":true,"href":"https:\/\/qingdaohf.com\/sk\/wp-json\/wp\/v2\/product_cat?post=8837"},{"taxonomy":"product_tag","embeddable":true,"href":"https:\/\/qingdaohf.com\/sk\/wp-json\/wp\/v2\/product_tag?post=8837"}],"curies":[{"name":"wp","href":"https:\/\/api.w.org\/{rel}","templated":true}]}}