{"id":1731,"date":"2024-06-24T14:06:56","date_gmt":"2024-06-24T06:06:56","guid":{"rendered":"http:\/\/qingdaohf.com\/?post_type=product&#038;p=1731"},"modified":"2025-11-13T09:03:15","modified_gmt":"2025-11-13T01:03:15","slug":"spreader-cleats","status":"publish","type":"product","link":"https:\/\/qingdaohf.com\/sl\/izdelek\/distancni-vlozek-iz-plasti\/","title":{"rendered":"Betonski razmikalni razpr\u0161ilci Ply Spacer"},"content":{"rendered":"<h2 data-pm-slice=\"1 1 []\">Pomen betonskih razpr\u0161ilcev Ply Spacer v gradbeni\u0161tvu<\/h2>\n<p>V zahtevnem svetu betonske gradnje sta natan\u010dnost in stabilnost klju\u010dnega pomena za doseganje visokokakovostnih rezultatov. Razdelilni razporniki za betonske plo\u0161\u010de imajo klju\u010dno vlogo pri vzdr\u017eevanju enakomernih razmikov med opa\u017enimi plo\u0161\u010dami, kar zagotavlja, da kon\u010dna konstrukcija izpolnjuje zahtevane dimenzije in standarde trdnosti. Ti razporniki zagotavljajo bistveno podporo, saj pritrjujejo vezane opa\u017ene plo\u0161\u010de na mestu, prepre\u010dujejo deformacije in omogo\u010dajo enakomerno vlivanje betona. Ne glede na to, ali se uporabljajo pri velikih infrastrukturnih projektih ali manj\u0161ih stanovanjskih gradnjah, lahko pravi razpiralni cepi\u010di znatno izbolj\u0161ajo trajnost in kon\u010dni videz betonskih povr\u0161in.<\/p>\n<p>V podjetju Qingdao H&amp;F se zavedamo izzivov, s katerimi se soo\u010dajo gradbeni strokovnjaki, zato vam ponujamo vrsto visoko zmogljivih razpr\u0161ilnikov, zasnovanih za izpolnjevanje najzahtevnej\u0161ih zahtev projektov. S svojo zavezanostjo kakovosti, hitrimi dobavnimi cikli in predanimi storitvami za stranke zagotavljamo neprekosljivo kombinacijo zanesljivosti in u\u010dinkovitosti za va\u0161e gradbene potrebe.<\/p>\n<p><img fetchpriority=\"high\" decoding=\"async\" class=\"alignnone wp-image-1732 size-full\" src=\"http:\/\/qingdaohf.com\/wp-content\/uploads\/2023\/01\/PLY-SPACER.png\" alt=\"PLY SPACER\" width=\"650\" height=\"458\" srcset=\"https:\/\/qingdaohf.com\/wp-content\/uploads\/2023\/01\/PLY-SPACER.png 650w, https:\/\/qingdaohf.com\/wp-content\/uploads\/2023\/01\/PLY-SPACER-300x211.png 300w, https:\/\/qingdaohf.com\/wp-content\/uploads\/2023\/01\/PLY-SPACER-600x423.png 600w\" sizes=\"(max-width: 650px) 100vw, 650px\" \/><\/p>\n<h2>Zna\u010dilnosti in prednosti razpr\u0161ilcev za betonske plo\u0161\u010de Ply Spacer Spreader Cleats<\/h2>\n<p>Izbira pravih razpr\u0161ilcev je klju\u010dnega pomena za optimizacijo u\u010dinkovitosti opa\u017ea in zagotavljanje brezhibnega zaklju\u010dka betona. Na\u0161i razpr\u0161ilni klineti za betonske plo\u0161\u010de imajo \u0161tevilne funkcije, zaradi katerih so nepogre\u0161ljivi pri sodobnih gradbenih projektih.<\/p>\n<p>Trajnost je ena od klju\u010dnih lastnosti na\u0161ih copat. Izdelani so iz materialov visoke trdnosti, kot sta pocinkano jeklo ali oja\u010dana plastika, zato so odporni na korozijo, deformacije in te\u017eke razmere pri betonskih delih. To zagotavlja dolgo \u017eivljenjsko dobo in dosledno delovanje pri ve\u010dkratni uporabi, zaradi \u010desar so stro\u0161kovno u\u010dinkovita re\u0161itev za izvajalce.<\/p>\n<p>Druga pomembna prednost je natan\u010den razmik, ki ga zagotavljajo. Neenakomerni ali napa\u010dno postavljeni opa\u017e lahko povzro\u010di strukturne slabosti in slabo estetiko kon\u010dnega betona. Na\u0161i razpiralni klini zagotavljajo enakomerno lo\u010ditev med opa\u017enimi plo\u0161\u010dami, s \u010dimer odpravljajo odstopanja in zagotavljajo gladke in skladne povr\u0161ine.<\/p>\n<p>Pomembna prednost je tudi enostavna namestitev. Na\u0161i cepci, zasnovani za hitro in brezskrbno uporabo, omogo\u010dajo delavcem, da z minimalnim naporom postavijo opa\u017e, kar zmanj\u0161uje \u010das in stro\u0161ke dela. Njihova uporabniku prijazna zasnova zagotavlja, da lahko tudi manj izku\u0161eni delavci dose\u017eejo profesionalne rezultate, ne da bi za to potrebovali specializirano orodje ali opremo.<\/p>\n<h2>Izbira pravih razpr\u0161ilnikov za va\u0161 projekt<\/h2>\n<p>Ker so na voljo razli\u010dne velikosti in materiali, je izbira ustreznih razpr\u0161ilnikov odvisna od posebnih zahtev va\u0161ega projekta. Pri te\u017ekih aplikacijah, kot je gradnja mostov ali visokih stavb, so jekleni cepci zaradi svoje izjemne nosilnosti in odpornosti proti obrabi pogosto najprimernej\u0161a izbira. Po drugi strani pa so plasti\u010dni cepci lahka in stro\u0161kovno u\u010dinkovita alternativa za projekte, pri katerih ni potrebna izjemna trdnost.<\/p>\n<p>Pomembna podatka sta tudi debelina in \u0161irina. Na\u0161i razpiralni klini so na voljo v razli\u010dnih dimenzijah, da se prilagodijo razli\u010dnim nastavitvam opa\u017ea in zagotovijo zdru\u017eljivost z razli\u010dnimi vrstami vezanega lesa in debelinami betona. Na\u0161a ekipa v podjetju Qingdao H&amp;F vam nudi strokovno svetovanje, da vam pomaga dolo\u010diti najbolj\u0161e razpiralnike za va\u0161e edinstvene gradbene potrebe.<\/p>\n<p>Poleg tega je klju\u010dnega pomena tudi skladnost z industrijskimi standardi. Vsi na\u0161i betonski razpr\u0161ilci z razpr\u0161ilnimi plo\u0161\u010dami so podvr\u017eeni strogemu testiranju kakovosti in imajo prilo\u017eena podrobna poro\u010dila o pregledih. To zagotavlja, da prejmete izdelke, ki izpolnjujejo varnostne predpise in zagotavljajo dosledno delovanje, kar zmanj\u0161uje tveganje okvar opa\u017ea in zamud pri gradnji.<\/p>\n<h2>Zakaj izbrati Qingdao H&amp;F za pribor za betonske opa\u017ee?<\/h2>\n<p>V podjetju Qingdao H&amp;F presegamo zgolj dobavo gradbenega materiala, temve\u010d smo predani zagotavljanju re\u0161itev, ki va\u0161im projektom prina\u0161ajo dodano vrednost. Na\u0161e individualne storitve za stranke vam zagotavljajo osebno pomo\u010d med celotnim postopkom nakupa, od izbire izdelka do poprodajne podpore. Za razliko od drugih dobaviteljev, ki morda dajejo prednost koli\u010dini pred kakovostjo, se osredoto\u010damo na dobavo izdelkov, ki izpolnjujejo stroge standarde kakovosti.<\/p>\n<p>\u0160e ena na\u0161a prednost je hitrost. Zavedamo se, da je \u010das pri gradnji odlo\u010dilen dejavnik, zamude pa lahko povzro\u010dijo vi\u0161je stro\u0161ke. Zato zagotavljamo hitre dobavne cikle, s \u010dimer vam zagotavljamo, da boste raztegovalne spone prejeli to\u010dno takrat, ko jih boste potrebovali. Na\u0161a zanesljiva logisti\u010dna mre\u017ea nam omogo\u010da u\u010dinkovito izpolnjevanje naro\u010dil, kar zmanj\u0161uje zastoje in omogo\u010da, da va\u0161i projekti potekajo po na\u010drtu.<\/p>\n<p>Poleg tega nas odlikujeta na\u0161a zavezanost k preglednosti in zaupanju. Vsako serijo razpr\u0161ilcev za betonske plo\u0161\u010de spremljajo iz\u010drpna poro\u010dila o pregledu kakovosti, kar vam omogo\u010da popolno zaupanje v materiale, ki jih uporabljate. Ta raven odgovornosti zagotavlja, da lahko izpolnite projektne specifikacije brez pomislekov glede u\u010dinkovitosti izdelka.<\/p>\n<h2>Zaklju\u010dek<\/h2>\n<p>Betonski razmikalni razmikalni klini so nepogre\u0161ljivi sestavni deli za doseganje natan\u010dnosti in stabilnosti v betonskem opa\u017eu. Pove\u010dujejo strukturno celovitost projektov z ohranjanjem enakomernih razmikov, prepre\u010devanjem deformacij opa\u017ea in la\u017ejim vlivanjem betona. Izbira visokokakovostnih razpr\u0161ilcev iz podjetja Qingdao H&amp;F pomeni, da boste imeli koristi od trajnosti, enostavne vgradnje in skladnosti z zahtevami industrije.<\/p>\n<p>Zaradi na\u0161e predanosti kakovosti, hitre dostave in prilagojenih storitev smo idealen partner za va\u0161e potrebe po gradbenem materialu. Ne glede na to, ali potrebujete standardne velikosti ali specifikacije po meri, imamo strokovno znanje in vire za izpolnitev va\u0161ih zahtev. \u0160e danes se obrnite na nas in izvedite ve\u010d o na\u0161i ponudbi razpr\u0161ilcev za betonske plo\u0161\u010de in o tem, kako lahko pove\u010dajo u\u010dinkovitost in zanesljivost va\u0161ih gradbenih projektov.<\/p>\n<div class=\"ast-oembed-container\" style=\"height: 100%;\"><iframe title=\"HF Sistem za vezavo betonskih sten\" width=\"500\" height=\"281\" src=\"https:\/\/www.youtube.com\/embed\/KNe3GjndsAs?feature=oembed\" frameborder=\"0\" allow=\"accelerometer; autoplay; clipboard-write; encrypted-media; gyroscope; picture-in-picture; web-share\" referrerpolicy=\"strict-origin-when-cross-origin\" allowfullscreen><\/iframe><\/div>\n<p>&nbsp;<\/p>","protected":false},"excerpt":{"rendered":"<p>Razdelilni razpr\u0161ilci za betonske plo\u0161\u010de imajo pomembno vlogo pri spodbujanju natan\u010dne poravnave in stabilnosti v opa\u017enih sistemih, zlasti pri projektih betonske gradnje. Razcepniki so u\u010dinkoviti distan\u010dniki, ki prepre\u010dujejo, da bi se vezan les med vlivanjem deformiral ali premikal, kar omogo\u010da strukturno trdne in ravne betonske povr\u0161ine. V podjetju Qingdao H&amp;F dobavljamo visokokakovostne razpiralne spone iz razli\u010dnih materialov in dimenzij, ki ustrezajo razli\u010dnim projektnim specifikacijam. Na\u0161e prilagojene storitve za stranke, po\u0161tene cene in obveznosti glede \u010dasa izvedbe vam zagotavljajo najbolj\u0161o re\u0161itev, ki ustreza va\u0161im potrebam. Za na\u0161e blago zagotavljamo tudi temeljito poro\u010dilo o pregledu kakovosti, kar vam daje zaupanje pri vsaki po\u0161iljki.<\/p>","protected":false},"featured_media":2918,"comment_status":"open","ping_status":"closed","template":"","meta":{"site-sidebar-layout":"default","site-content-layout":"default","ast-site-content-layout":"default","site-content-style":"default","site-sidebar-style":"default","ast-global-header-display":"","ast-banner-title-visibility":"","ast-main-header-display":"","ast-hfb-above-header-display":"","ast-hfb-below-header-display":"","ast-hfb-mobile-header-display":"","site-post-title":"","ast-breadcrumbs-content":"","ast-featured-img":"","footer-sml-layout":"","theme-transparent-header-meta":"default","adv-header-id-meta":"","stick-header-meta":"default","header-above-stick-meta":"","header-main-stick-meta":"","header-below-stick-meta":"","astra-migrate-meta-layouts":"set","ast-page-background-enabled":"default","ast-page-background-meta":{"desktop":{"background-color":"","background-image":"","background-repeat":"repeat","background-position":"center center","background-size":"auto","background-attachment":"scroll","background-type":"","background-media":"","overlay-type":"","overlay-color":"","overlay-opacity":"","overlay-gradient":""},"tablet":{"background-color":"","background-image":"","background-repeat":"repeat","background-position":"center center","background-size":"auto","background-attachment":"scroll","background-type":"","background-media":"","overlay-type":"","overlay-color":"","overlay-opacity":"","overlay-gradient":""},"mobile":{"background-color":"","background-image":"","background-repeat":"repeat","background-position":"center center","background-size":"auto","background-attachment":"scroll","background-type":"","background-media":"","overlay-type":"","overlay-color":"","overlay-opacity":"","overlay-gradient":""}},"ast-content-background-meta":{"desktop":{"background-color":"var(--ast-global-color-5)","background-image":"","background-repeat":"repeat","background-position":"center center","background-size":"auto","background-attachment":"scroll","background-type":"","background-media":"","overlay-type":"","overlay-color":"","overlay-opacity":"","overlay-gradient":""},"tablet":{"background-color":"var(--ast-global-color-5)","background-image":"","background-repeat":"repeat","background-position":"center center","background-size":"auto","background-attachment":"scroll","background-type":"","background-media":"","overlay-type":"","overlay-color":"","overlay-opacity":"","overlay-gradient":""},"mobile":{"background-color":"var(--ast-global-color-5)","background-image":"","background-repeat":"repeat","background-position":"center center","background-size":"auto","background-attachment":"scroll","background-type":"","background-media":"","overlay-type":"","overlay-color":"","overlay-opacity":"","overlay-gradient":""}}},"product_brand":[],"product_cat":[28],"product_tag":[],"class_list":{"0":"post-1731","1":"product","2":"type-product","3":"status-publish","4":"has-post-thumbnail","6":"product_cat-concrete-forming","7":"desktop-align-left","8":"tablet-align-left","9":"mobile-align-left","10":"ast-product-gallery-layout-horizontal-slider","11":"ast-product-tabs-layout-horizontal","13":"first","14":"instock","15":"shipping-taxable","16":"purchasable","17":"product-type-simple"},"yoast_head":"<!-- This site is optimized with the Yoast SEO plugin v25.2 - https:\/\/yoast.com\/wordpress\/plugins\/seo\/ -->\n<title>Concrete Ply Spacer Spreader Cleats<\/title>\n<meta name=\"description\" content=\"Plywood form concrete ply spacer.3\/4&quot; ply spacer,1-1\/8&quot; ply spacer.\" \/>\n<meta name=\"robots\" content=\"index, follow, max-snippet:-1, max-image-preview:large, max-video-preview:-1\" \/>\n<link rel=\"canonical\" href=\"https:\/\/qingdaohf.com\/sl\/izdelek\/distancni-vlozek-iz-plasti\/\" \/>\n<meta property=\"og:locale\" content=\"sl_SI\" \/>\n<meta property=\"og:type\" content=\"article\" \/>\n<meta property=\"og:title\" content=\"Concrete Ply Spacer Spreader Cleats\" \/>\n<meta property=\"og:description\" content=\"Plywood form concrete ply spacer.3\/4&quot; ply spacer,1-1\/8&quot; ply spacer.\" \/>\n<meta property=\"og:url\" content=\"https:\/\/qingdaohf.com\/sl\/izdelek\/distancni-vlozek-iz-plasti\/\" \/>\n<meta property=\"og:site_name\" content=\"Concrete Form &amp; Rigging Hardware Supplier\" \/>\n<meta property=\"article:publisher\" content=\"https:\/\/www.facebook.com\/qingdaohf\" \/>\n<meta property=\"article:modified_time\" content=\"2025-11-13T01:03:15+00:00\" \/>\n<meta property=\"og:image\" content=\"https:\/\/qingdaohf.com\/wp-content\/uploads\/2023\/01\/PLY-SPACER-3.jpg\" \/>\n\t<meta property=\"og:image:width\" content=\"1000\" \/>\n\t<meta property=\"og:image:height\" content=\"1000\" \/>\n\t<meta property=\"og:image:type\" content=\"image\/jpeg\" \/>\n<meta name=\"twitter:card\" content=\"summary_large_image\" \/>\n<meta name=\"twitter:label1\" content=\"Est. reading time\" \/>\n\t<meta name=\"twitter:data1\" content=\"4 minute\" \/>\n<script type=\"application\/ld+json\" class=\"yoast-schema-graph\">{\"@context\":\"https:\/\/schema.org\",\"@graph\":[{\"@type\":\"WebPage\",\"@id\":\"https:\/\/qingdaohf.com\/product\/spreader-cleats\/\",\"url\":\"https:\/\/qingdaohf.com\/product\/spreader-cleats\/\",\"name\":\"Concrete Ply Spacer Spreader Cleats\",\"isPartOf\":{\"@id\":\"https:\/\/qingdaohf.com\/bg\/#website\"},\"primaryImageOfPage\":{\"@id\":\"https:\/\/qingdaohf.com\/product\/spreader-cleats\/#primaryimage\"},\"image\":{\"@id\":\"https:\/\/qingdaohf.com\/product\/spreader-cleats\/#primaryimage\"},\"thumbnailUrl\":\"https:\/\/qingdaohf.com\/wp-content\/uploads\/2023\/01\/PLY-SPACER-3.jpg\",\"datePublished\":\"2024-06-24T06:06:56+00:00\",\"dateModified\":\"2025-11-13T01:03:15+00:00\",\"description\":\"Plywood form concrete ply spacer.3\/4\\\" ply spacer,1-1\/8\\\" ply spacer.\",\"breadcrumb\":{\"@id\":\"https:\/\/qingdaohf.com\/product\/spreader-cleats\/#breadcrumb\"},\"inLanguage\":\"sl-SI\",\"potentialAction\":[{\"@type\":\"ReadAction\",\"target\":[\"https:\/\/qingdaohf.com\/product\/spreader-cleats\/\"]}]},{\"@type\":\"ImageObject\",\"inLanguage\":\"sl-SI\",\"@id\":\"https:\/\/qingdaohf.com\/product\/spreader-cleats\/#primaryimage\",\"url\":\"https:\/\/qingdaohf.com\/wp-content\/uploads\/2023\/01\/PLY-SPACER-3.jpg\",\"contentUrl\":\"https:\/\/qingdaohf.com\/wp-content\/uploads\/2023\/01\/PLY-SPACER-3.jpg\",\"width\":1000,\"height\":1000,\"caption\":\"PLY SPACER\"},{\"@type\":\"BreadcrumbList\",\"@id\":\"https:\/\/qingdaohf.com\/product\/spreader-cleats\/#breadcrumb\",\"itemListElement\":[{\"@type\":\"ListItem\",\"position\":1,\"name\":\"Home\",\"item\":\"https:\/\/qingdaohf.com\/\"},{\"@type\":\"ListItem\",\"position\":2,\"name\":\"Concrete Forming Accessories and Rigging Hardware\",\"item\":\"https:\/\/qingdaohf.com\/bg\/?page_id=944\"},{\"@type\":\"ListItem\",\"position\":3,\"name\":\"Concrete Ply Spacer Spreader Cleats\"}]},{\"@type\":\"WebSite\",\"@id\":\"https:\/\/qingdaohf.com\/bg\/#website\",\"url\":\"https:\/\/qingdaohf.com\/bg\/\",\"name\":\"Concrete Form & Rigging Hardware Supplier\",\"description\":\"\",\"publisher\":{\"@id\":\"https:\/\/qingdaohf.com\/bg\/#organization\"},\"potentialAction\":[{\"@type\":\"SearchAction\",\"target\":{\"@type\":\"EntryPoint\",\"urlTemplate\":\"https:\/\/qingdaohf.com\/bg\/?s={search_term_string}\"},\"query-input\":{\"@type\":\"PropertyValueSpecification\",\"valueRequired\":true,\"valueName\":\"search_term_string\"}}],\"inLanguage\":\"sl-SI\"},{\"@type\":\"Organization\",\"@id\":\"https:\/\/qingdaohf.com\/bg\/#organization\",\"name\":\"Qingdao H&F\",\"url\":\"https:\/\/qingdaohf.com\/bg\/\",\"logo\":{\"@type\":\"ImageObject\",\"inLanguage\":\"sl-SI\",\"@id\":\"https:\/\/qingdaohf.com\/bg\/#\/schema\/logo\/image\/\",\"url\":\"https:\/\/qingdaohf.com\/wp-content\/uploads\/2022\/12\/cropped-HF-LOGO.png\",\"contentUrl\":\"https:\/\/qingdaohf.com\/wp-content\/uploads\/2022\/12\/cropped-HF-LOGO.png\",\"width\":391,\"height\":249,\"caption\":\"Qingdao H&F\"},\"image\":{\"@id\":\"https:\/\/qingdaohf.com\/bg\/#\/schema\/logo\/image\/\"},\"sameAs\":[\"https:\/\/www.facebook.com\/qingdaohf\"]}]}<\/script>\n<!-- \/ Yoast SEO plugin. -->","yoast_head_json":{"title":"Concrete Ply Spacer Spreader Cleats","description":"Plywood form concrete ply spacer.3\/4\" ply spacer,1-1\/8\" ply spacer.","robots":{"index":"index","follow":"follow","max-snippet":"max-snippet:-1","max-image-preview":"max-image-preview:large","max-video-preview":"max-video-preview:-1"},"canonical":"https:\/\/qingdaohf.com\/sl\/izdelek\/distancni-vlozek-iz-plasti\/","og_locale":"sl_SI","og_type":"article","og_title":"Concrete Ply Spacer Spreader Cleats","og_description":"Plywood form concrete ply spacer.3\/4\" ply spacer,1-1\/8\" ply spacer.","og_url":"https:\/\/qingdaohf.com\/sl\/izdelek\/distancni-vlozek-iz-plasti\/","og_site_name":"Concrete Form &amp; Rigging Hardware Supplier","article_publisher":"https:\/\/www.facebook.com\/qingdaohf","article_modified_time":"2025-11-13T01:03:15+00:00","og_image":[{"width":1000,"height":1000,"url":"https:\/\/qingdaohf.com\/wp-content\/uploads\/2023\/01\/PLY-SPACER-3.jpg","type":"image\/jpeg"}],"twitter_card":"summary_large_image","twitter_misc":{"Est. reading time":"4 minute"},"schema":{"@context":"https:\/\/schema.org","@graph":[{"@type":"WebPage","@id":"https:\/\/qingdaohf.com\/product\/spreader-cleats\/","url":"https:\/\/qingdaohf.com\/product\/spreader-cleats\/","name":"Concrete Ply Spacer Spreader Cleats","isPartOf":{"@id":"https:\/\/qingdaohf.com\/bg\/#website"},"primaryImageOfPage":{"@id":"https:\/\/qingdaohf.com\/product\/spreader-cleats\/#primaryimage"},"image":{"@id":"https:\/\/qingdaohf.com\/product\/spreader-cleats\/#primaryimage"},"thumbnailUrl":"https:\/\/qingdaohf.com\/wp-content\/uploads\/2023\/01\/PLY-SPACER-3.jpg","datePublished":"2024-06-24T06:06:56+00:00","dateModified":"2025-11-13T01:03:15+00:00","description":"Plywood form concrete ply spacer.3\/4\" ply spacer,1-1\/8\" ply spacer.","breadcrumb":{"@id":"https:\/\/qingdaohf.com\/product\/spreader-cleats\/#breadcrumb"},"inLanguage":"sl-SI","potentialAction":[{"@type":"ReadAction","target":["https:\/\/qingdaohf.com\/product\/spreader-cleats\/"]}]},{"@type":"ImageObject","inLanguage":"sl-SI","@id":"https:\/\/qingdaohf.com\/product\/spreader-cleats\/#primaryimage","url":"https:\/\/qingdaohf.com\/wp-content\/uploads\/2023\/01\/PLY-SPACER-3.jpg","contentUrl":"https:\/\/qingdaohf.com\/wp-content\/uploads\/2023\/01\/PLY-SPACER-3.jpg","width":1000,"height":1000,"caption":"PLY SPACER"},{"@type":"BreadcrumbList","@id":"https:\/\/qingdaohf.com\/product\/spreader-cleats\/#breadcrumb","itemListElement":[{"@type":"ListItem","position":1,"name":"Home","item":"https:\/\/qingdaohf.com\/"},{"@type":"ListItem","position":2,"name":"Concrete Forming Accessories and Rigging Hardware","item":"https:\/\/qingdaohf.com\/bg\/?page_id=944"},{"@type":"ListItem","position":3,"name":"Concrete Ply Spacer Spreader Cleats"}]},{"@type":"WebSite","@id":"https:\/\/qingdaohf.com\/bg\/#website","url":"https:\/\/qingdaohf.com\/bg\/","name":"Concrete Form & Rigging Hardware Supplier","description":"","publisher":{"@id":"https:\/\/qingdaohf.com\/bg\/#organization"},"potentialAction":[{"@type":"SearchAction","target":{"@type":"EntryPoint","urlTemplate":"https:\/\/qingdaohf.com\/bg\/?s={search_term_string}"},"query-input":{"@type":"PropertyValueSpecification","valueRequired":true,"valueName":"search_term_string"}}],"inLanguage":"sl-SI"},{"@type":"Organization","@id":"https:\/\/qingdaohf.com\/bg\/#organization","name":"Qingdao H&F","url":"https:\/\/qingdaohf.com\/bg\/","logo":{"@type":"ImageObject","inLanguage":"sl-SI","@id":"https:\/\/qingdaohf.com\/bg\/#\/schema\/logo\/image\/","url":"https:\/\/qingdaohf.com\/wp-content\/uploads\/2022\/12\/cropped-HF-LOGO.png","contentUrl":"https:\/\/qingdaohf.com\/wp-content\/uploads\/2022\/12\/cropped-HF-LOGO.png","width":391,"height":249,"caption":"Qingdao H&F"},"image":{"@id":"https:\/\/qingdaohf.com\/bg\/#\/schema\/logo\/image\/"},"sameAs":["https:\/\/www.facebook.com\/qingdaohf"]}]}},"_links":{"self":[{"href":"https:\/\/qingdaohf.com\/sl\/wp-json\/wp\/v2\/product\/1731","targetHints":{"allow":["GET"]}}],"collection":[{"href":"https:\/\/qingdaohf.com\/sl\/wp-json\/wp\/v2\/product"}],"about":[{"href":"https:\/\/qingdaohf.com\/sl\/wp-json\/wp\/v2\/types\/product"}],"replies":[{"embeddable":true,"href":"https:\/\/qingdaohf.com\/sl\/wp-json\/wp\/v2\/comments?post=1731"}],"version-history":[{"count":5,"href":"https:\/\/qingdaohf.com\/sl\/wp-json\/wp\/v2\/product\/1731\/revisions"}],"predecessor-version":[{"id":9012,"href":"https:\/\/qingdaohf.com\/sl\/wp-json\/wp\/v2\/product\/1731\/revisions\/9012"}],"wp:featuredmedia":[{"embeddable":true,"href":"https:\/\/qingdaohf.com\/sl\/wp-json\/wp\/v2\/media\/2918"}],"wp:attachment":[{"href":"https:\/\/qingdaohf.com\/sl\/wp-json\/wp\/v2\/media?parent=1731"}],"wp:term":[{"taxonomy":"product_brand","embeddable":true,"href":"https:\/\/qingdaohf.com\/sl\/wp-json\/wp\/v2\/product_brand?post=1731"},{"taxonomy":"product_cat","embeddable":true,"href":"https:\/\/qingdaohf.com\/sl\/wp-json\/wp\/v2\/product_cat?post=1731"},{"taxonomy":"product_tag","embeddable":true,"href":"https:\/\/qingdaohf.com\/sl\/wp-json\/wp\/v2\/product_tag?post=1731"}],"curies":[{"name":"wp","href":"https:\/\/api.w.org\/{rel}","templated":true}]}}