{"id":2078,"date":"2023-02-08T16:58:31","date_gmt":"2023-02-08T08:58:31","guid":{"rendered":"http:\/\/qingdaohf.com\/?post_type=product&#038;p=2078"},"modified":"2025-11-13T09:06:36","modified_gmt":"2025-11-13T01:06:36","slug":"steel-stake","status":"publish","type":"product","link":"https:\/\/qingdaohf.com\/sl\/izdelek\/jekleni-kol\/","title":{"rendered":"Kovinske betonske oblikovanja Steel Stakes"},"content":{"rendered":"<div class=\"ast-oembed-container\" style=\"height: 100%;\"><iframe title=\"Betonski jekleni kol\" width=\"500\" height=\"281\" src=\"https:\/\/www.youtube.com\/embed\/kDArajRbFtQ?feature=oembed\" frameborder=\"0\" allow=\"accelerometer; autoplay; clipboard-write; encrypted-media; gyroscope; picture-in-picture; web-share\" referrerpolicy=\"strict-origin-when-cross-origin\" allowfullscreen><\/iframe><\/div>\n<h2>Okrogli jekleni koli<\/h2>\n<p><a href=\"http:\/\/qingdaohf.com\/sl\/product\/round-steel-stake\/\">Okrogli jekleni koli<\/a> so najpogostej\u0161a vrsta jeklenih kolov, ki se uporabljajo pri oblikovanju betona. Obi\u010dajno so izdelani iz jekla visoke trdnosti in so na voljo v razli\u010dnih premerih in dol\u017einah. Okrogli jekleni koli so enostavni za namestitev in odstranitev ter zagotavljajo odli\u010dno stabilnost in oporo opa\u017eu.<\/p>\n<p>Na\u0161i okrogli jekleni koli so trpe\u017eni in vsestranski ter na voljo v razli\u010dnih velikostih, ki ustrezajo va\u0161im potrebam. Vsak kol ima trden premer 3\/4\u2033 ali 7\/8\u2033, kar zagotavlja odli\u010dno stabilnost in trdnost. Velikosti se gibljejo od 12 do 48 palcev, kar omogo\u010da prilagodljivost pri razli\u010dnih uporabah, od pritrjevanja konstrukcij do podpiranja ograj. Ti jekleni koli so izdelani tako, da so odporni na zahtevna okolja, zato so bistvena sestavina za vse projekte, ki zahtevajo trdno oporo. Ne glede na to, ali jih potrebujete za gradnjo ali urejanje krajine, na\u0161i koli zagotavljajo zanesljivo delovanje in enostavno namestitev.<\/p>\n<p><img fetchpriority=\"high\" decoding=\"async\" class=\"alignnone size-medium wp-image-5596\" src=\"http:\/\/qingdaohf.com\/wp-content\/uploads\/2023\/11\/round-steel-stake-261x300.png\" alt=\"okrogli jekleni kol\" width=\"261\" height=\"300\" srcset=\"https:\/\/qingdaohf.com\/wp-content\/uploads\/2023\/11\/round-steel-stake-261x300.png 261w, https:\/\/qingdaohf.com\/wp-content\/uploads\/2023\/11\/round-steel-stake.png 400w\" sizes=\"(max-width: 261px) 100vw, 261px\" \/><\/p>\n<h2>Kvadratni jekleni koli<\/h2>\n<p><a href=\"https:\/\/qingdaohf.com\/sl\/izdelek\/kvadratni-jekleni-zebljicek-z-luknjami\/\">Kvadratni jekleni koli<\/a> so podobni okroglim jeklenim kolom, le da imajo kvadratni presek namesto okroglega. Prav tako so izdelani iz jekla visoke trdnosti in so na voljo v razli\u010dnih velikostih. Kvadratni jekleni koli se pogosto uporabljajo v primerih, ko je potrebna dodatna stabilnost, na primer v vetrovnih ali neravnih razmerah.<\/p>\n<p><img decoding=\"async\" class=\"alignnone size-medium wp-image-5598\" src=\"http:\/\/qingdaohf.com\/wp-content\/uploads\/2023\/11\/square-steel-stake-239x300.png\" alt=\"kvadratni jekleni kol\" width=\"239\" height=\"300\" srcset=\"https:\/\/qingdaohf.com\/wp-content\/uploads\/2023\/11\/square-steel-stake-239x300.png 239w, https:\/\/qingdaohf.com\/wp-content\/uploads\/2023\/11\/square-steel-stake.png 448w\" sizes=\"(max-width: 239px) 100vw, 239px\" \/><\/p>\n<h2>Plo\u0161\u010dati jekleni koli<\/h2>\n<p><a href=\"https:\/\/qingdaohf.com\/sl\/izdelek\/ploscati-jekleni-kol\/\">Plo\u0161\u010dati jekleni koli<\/a> so obi\u010dajno izdelani iz tanj\u0161ega jekla kot okrogli ali kvadratni jekleni koli. Imajo raven pre\u010dni prerez in so zasnovani tako, da jih je mogo\u010de pod kotom zabiti v zemljo ter tako zagotoviti dodatno stabilnost opa\u017ea. Plo\u0161\u010dati jekleni koli se pogosto uporabljajo v kombinaciji z okroglimi ali kvadratnimi jeklenimi koli za zagotavljanje dodatne podpore v zahtevnih razmerah.<\/p>\n<p><img decoding=\"async\" class=\"alignnone size-medium wp-image-5587\" src=\"http:\/\/qingdaohf.com\/wp-content\/uploads\/2023\/02\/Flat-Nail-Stake-279x300.png\" alt=\"Plo\u0161\u010dati \u017eeblji\u010dek za nohte\" width=\"279\" height=\"300\" srcset=\"https:\/\/qingdaohf.com\/wp-content\/uploads\/2023\/02\/Flat-Nail-Stake-279x300.png 279w, https:\/\/qingdaohf.com\/wp-content\/uploads\/2023\/02\/Flat-Nail-Stake.png 596w\" sizes=\"(max-width: 279px) 100vw, 279px\" \/><\/p>\n<h2>Plo\u0161\u010dati I-nosilec<\/h2>\n<p><a href=\"https:\/\/qingdaohf.com\/sl\/izdelek\/i-zarek-za-zarek\/\">Plo\u0161\u010dati I-nosilec<\/a> so podobni plo\u0161\u010datim jeklenim kolom, vendar imajo pre\u010dni prerez, ki spominja na \u010drko \"I\". Obi\u010dajno so izdelani iz debelej\u0161ega jekla kot plo\u0161\u010dati jekleni koli in so zasnovani tako, da zagotavljajo \u0161e ve\u010djo stabilnost in podporo opa\u017eu. Plo\u0161\u010dati jekleni koli z I-nosnikom se pogosto uporabljajo pri obse\u017enih projektih oblikovanja betona, na primer pri gradnji mostov ali visokih stavb.<\/p>\n<p><img loading=\"lazy\" decoding=\"async\" class=\"alignnone size-medium wp-image-5584\" src=\"http:\/\/qingdaohf.com\/wp-content\/uploads\/2023\/02\/Flat-I-Beam-Stake-267x300.png\" alt=\"Plo\u0161\u010dati I-nosilec\" width=\"267\" height=\"300\" srcset=\"https:\/\/qingdaohf.com\/wp-content\/uploads\/2023\/02\/Flat-I-Beam-Stake-267x300.png 267w, https:\/\/qingdaohf.com\/wp-content\/uploads\/2023\/02\/Flat-I-Beam-Stake.png 556w\" sizes=\"(max-width: 267px) 100vw, 267px\" \/><\/p>","protected":false},"excerpt":{"rendered":"<p>Pri oblikovanju betona se pogosto uporabljajo jekleni koli, ki dr\u017eijo opa\u017e na mestu in podpirajo te\u017eo mokrega betona. Za uporabo pri oblikovanju betona je na voljo ve\u010d vrst jeklenih kolov, vklju\u010dno z <strong>okrogli jekleni koli<\/strong>, <strong>kvadratni jekleni koli<\/strong>, <strong>plo\u0161\u010dati jekleni koli<\/strong>, in ravna <strong>Jekleni stebri z I-nosnikom<\/strong>.<\/p>\n<p>Vsak kol je natan\u010dno odmerjen, z ostrimi konicami ga je enostavno namestiti, na voljo pa je tudi v prilagojenih velikostih, ki ustrezajo razli\u010dnim potrebam.<\/p>\n<p>S konkuren\u010dnimi cenami, pravo\u010dasno dostavo in pozorno slu\u017ebo za stranke Qingdao H&amp;F zagotavlja zanesljivo podporo od naro\u010dila do dostave. Na\u0161i koli so idealna izbira za varno in trajno strukturno oja\u010ditev.<\/p>","protected":false},"featured_media":2788,"comment_status":"open","ping_status":"closed","template":"","meta":{"site-sidebar-layout":"default","site-content-layout":"default","ast-site-content-layout":"default","site-content-style":"default","site-sidebar-style":"default","ast-global-header-display":"","ast-banner-title-visibility":"","ast-main-header-display":"","ast-hfb-above-header-display":"","ast-hfb-below-header-display":"","ast-hfb-mobile-header-display":"","site-post-title":"","ast-breadcrumbs-content":"","ast-featured-img":"","footer-sml-layout":"","theme-transparent-header-meta":"default","adv-header-id-meta":"","stick-header-meta":"default","header-above-stick-meta":"","header-main-stick-meta":"","header-below-stick-meta":"","astra-migrate-meta-layouts":"set","ast-page-background-enabled":"default","ast-page-background-meta":{"desktop":{"background-color":"","background-image":"","background-repeat":"repeat","background-position":"center center","background-size":"auto","background-attachment":"scroll","background-type":"","background-media":"","overlay-type":"","overlay-color":"","overlay-opacity":"","overlay-gradient":""},"tablet":{"background-color":"","background-image":"","background-repeat":"repeat","background-position":"center center","background-size":"auto","background-attachment":"scroll","background-type":"","background-media":"","overlay-type":"","overlay-color":"","overlay-opacity":"","overlay-gradient":""},"mobile":{"background-color":"","background-image":"","background-repeat":"repeat","background-position":"center center","background-size":"auto","background-attachment":"scroll","background-type":"","background-media":"","overlay-type":"","overlay-color":"","overlay-opacity":"","overlay-gradient":""}},"ast-content-background-meta":{"desktop":{"background-color":"var(--ast-global-color-5)","background-image":"","background-repeat":"repeat","background-position":"center center","background-size":"auto","background-attachment":"scroll","background-type":"","background-media":"","overlay-type":"","overlay-color":"","overlay-opacity":"","overlay-gradient":""},"tablet":{"background-color":"var(--ast-global-color-5)","background-image":"","background-repeat":"repeat","background-position":"center center","background-size":"auto","background-attachment":"scroll","background-type":"","background-media":"","overlay-type":"","overlay-color":"","overlay-opacity":"","overlay-gradient":""},"mobile":{"background-color":"var(--ast-global-color-5)","background-image":"","background-repeat":"repeat","background-position":"center center","background-size":"auto","background-attachment":"scroll","background-type":"","background-media":"","overlay-type":"","overlay-color":"","overlay-opacity":"","overlay-gradient":""}}},"product_brand":[],"product_cat":[28,53],"product_tag":[],"class_list":{"0":"post-2078","1":"product","2":"type-product","3":"status-publish","4":"has-post-thumbnail","6":"product_cat-concrete-forming","7":"product_cat-steel-stake","8":"desktop-align-left","9":"tablet-align-left","10":"mobile-align-left","11":"ast-product-gallery-layout-horizontal-slider","12":"ast-product-tabs-layout-horizontal","14":"first","15":"instock","16":"featured","17":"shipping-taxable","18":"purchasable","19":"product-type-simple"},"yoast_head":"<!-- This site is optimized with the Yoast SEO plugin v25.2 - https:\/\/yoast.com\/wordpress\/plugins\/seo\/ -->\n<title>Metal Concrete Forming Steel Stakes<\/title>\n<meta name=\"description\" content=\"China\u00a0Square Steel Stake manufacturers.This\u00a0square stake\u00a0has a sleek black finish, and is easy to install onto your truck.\u00a0\" \/>\n<meta name=\"robots\" content=\"index, follow, max-snippet:-1, max-image-preview:large, max-video-preview:-1\" \/>\n<link rel=\"canonical\" href=\"https:\/\/qingdaohf.com\/sl\/izdelek\/jekleni-kol\/\" \/>\n<meta property=\"og:locale\" content=\"sl_SI\" \/>\n<meta property=\"og:type\" content=\"article\" \/>\n<meta property=\"og:title\" content=\"Concrete Steel Stake\" \/>\n<meta property=\"og:description\" content=\"Steel stakes are commonly used in concrete forming to hold the formwork in place and to provide support for the weight of the wet concrete.\" \/>\n<meta property=\"og:url\" content=\"https:\/\/qingdaohf.com\/sl\/izdelek\/jekleni-kol\/\" \/>\n<meta property=\"og:site_name\" content=\"Concrete Form &amp; Rigging Hardware Supplier\" \/>\n<meta property=\"article:publisher\" content=\"https:\/\/www.facebook.com\/qingdaohf\" \/>\n<meta property=\"article:modified_time\" content=\"2025-11-13T01:06:36+00:00\" \/>\n<meta property=\"og:image\" content=\"https:\/\/qingdaohf.com\/wp-content\/uploads\/2023\/02\/steel-stake-7.jpg\" \/>\n\t<meta property=\"og:image:width\" content=\"800\" \/>\n\t<meta property=\"og:image:height\" content=\"800\" \/>\n\t<meta property=\"og:image:type\" content=\"image\/jpeg\" \/>\n<meta name=\"twitter:card\" content=\"summary_large_image\" \/>\n<meta name=\"twitter:label1\" content=\"Est. reading time\" \/>\n\t<meta name=\"twitter:data1\" content=\"3 minute\" \/>\n<script type=\"application\/ld+json\" class=\"yoast-schema-graph\">{\"@context\":\"https:\/\/schema.org\",\"@graph\":[{\"@type\":\"WebPage\",\"@id\":\"https:\/\/qingdaohf.com\/product\/steel-stake\/\",\"url\":\"https:\/\/qingdaohf.com\/product\/steel-stake\/\",\"name\":\"Metal Concrete Forming Steel Stakes\",\"isPartOf\":{\"@id\":\"https:\/\/qingdaohf.com\/bg\/#website\"},\"primaryImageOfPage\":{\"@id\":\"https:\/\/qingdaohf.com\/product\/steel-stake\/#primaryimage\"},\"image\":{\"@id\":\"https:\/\/qingdaohf.com\/product\/steel-stake\/#primaryimage\"},\"thumbnailUrl\":\"https:\/\/qingdaohf.com\/wp-content\/uploads\/2023\/02\/steel-stake-7.jpg\",\"datePublished\":\"2023-02-08T08:58:31+00:00\",\"dateModified\":\"2025-11-13T01:06:36+00:00\",\"description\":\"China\u00a0Square Steel Stake manufacturers.This\u00a0square stake\u00a0has a sleek black finish, and is easy to install onto your truck.\u00a0\",\"breadcrumb\":{\"@id\":\"https:\/\/qingdaohf.com\/product\/steel-stake\/#breadcrumb\"},\"inLanguage\":\"sl-SI\",\"potentialAction\":[{\"@type\":\"ReadAction\",\"target\":[\"https:\/\/qingdaohf.com\/product\/steel-stake\/\"]}]},{\"@type\":\"ImageObject\",\"inLanguage\":\"sl-SI\",\"@id\":\"https:\/\/qingdaohf.com\/product\/steel-stake\/#primaryimage\",\"url\":\"https:\/\/qingdaohf.com\/wp-content\/uploads\/2023\/02\/steel-stake-7.jpg\",\"contentUrl\":\"https:\/\/qingdaohf.com\/wp-content\/uploads\/2023\/02\/steel-stake-7.jpg\",\"width\":800,\"height\":800,\"caption\":\"steel stake\"},{\"@type\":\"BreadcrumbList\",\"@id\":\"https:\/\/qingdaohf.com\/product\/steel-stake\/#breadcrumb\",\"itemListElement\":[{\"@type\":\"ListItem\",\"position\":1,\"name\":\"Home\",\"item\":\"https:\/\/qingdaohf.com\/\"},{\"@type\":\"ListItem\",\"position\":2,\"name\":\"Concrete Forming Accessories and Rigging Hardware\",\"item\":\"https:\/\/qingdaohf.com\/bg\/?page_id=944\"},{\"@type\":\"ListItem\",\"position\":3,\"name\":\"Metal Concrete Forming Steel Stakes\"}]},{\"@type\":\"WebSite\",\"@id\":\"https:\/\/qingdaohf.com\/bg\/#website\",\"url\":\"https:\/\/qingdaohf.com\/bg\/\",\"name\":\"Concrete Form & Rigging Hardware Supplier\",\"description\":\"\",\"publisher\":{\"@id\":\"https:\/\/qingdaohf.com\/bg\/#organization\"},\"potentialAction\":[{\"@type\":\"SearchAction\",\"target\":{\"@type\":\"EntryPoint\",\"urlTemplate\":\"https:\/\/qingdaohf.com\/bg\/?s={search_term_string}\"},\"query-input\":{\"@type\":\"PropertyValueSpecification\",\"valueRequired\":true,\"valueName\":\"search_term_string\"}}],\"inLanguage\":\"sl-SI\"},{\"@type\":\"Organization\",\"@id\":\"https:\/\/qingdaohf.com\/bg\/#organization\",\"name\":\"Qingdao H&F\",\"url\":\"https:\/\/qingdaohf.com\/bg\/\",\"logo\":{\"@type\":\"ImageObject\",\"inLanguage\":\"sl-SI\",\"@id\":\"https:\/\/qingdaohf.com\/bg\/#\/schema\/logo\/image\/\",\"url\":\"https:\/\/qingdaohf.com\/wp-content\/uploads\/2022\/12\/cropped-HF-LOGO.png\",\"contentUrl\":\"https:\/\/qingdaohf.com\/wp-content\/uploads\/2022\/12\/cropped-HF-LOGO.png\",\"width\":391,\"height\":249,\"caption\":\"Qingdao H&F\"},\"image\":{\"@id\":\"https:\/\/qingdaohf.com\/bg\/#\/schema\/logo\/image\/\"},\"sameAs\":[\"https:\/\/www.facebook.com\/qingdaohf\"]}]}<\/script>\n<!-- \/ Yoast SEO plugin. -->","yoast_head_json":{"title":"Metal Concrete Forming Steel Stakes","description":"China\u00a0Square Steel Stake manufacturers.This\u00a0square stake\u00a0has a sleek black finish, and is easy to install onto your truck.\u00a0","robots":{"index":"index","follow":"follow","max-snippet":"max-snippet:-1","max-image-preview":"max-image-preview:large","max-video-preview":"max-video-preview:-1"},"canonical":"https:\/\/qingdaohf.com\/sl\/izdelek\/jekleni-kol\/","og_locale":"sl_SI","og_type":"article","og_title":"Concrete Steel Stake","og_description":"Steel stakes are commonly used in concrete forming to hold the formwork in place and to provide support for the weight of the wet concrete.","og_url":"https:\/\/qingdaohf.com\/sl\/izdelek\/jekleni-kol\/","og_site_name":"Concrete Form &amp; Rigging Hardware Supplier","article_publisher":"https:\/\/www.facebook.com\/qingdaohf","article_modified_time":"2025-11-13T01:06:36+00:00","og_image":[{"width":800,"height":800,"url":"https:\/\/qingdaohf.com\/wp-content\/uploads\/2023\/02\/steel-stake-7.jpg","type":"image\/jpeg"}],"twitter_card":"summary_large_image","twitter_misc":{"Est. reading time":"3 minute"},"schema":{"@context":"https:\/\/schema.org","@graph":[{"@type":"WebPage","@id":"https:\/\/qingdaohf.com\/product\/steel-stake\/","url":"https:\/\/qingdaohf.com\/product\/steel-stake\/","name":"Metal Concrete Forming Steel Stakes","isPartOf":{"@id":"https:\/\/qingdaohf.com\/bg\/#website"},"primaryImageOfPage":{"@id":"https:\/\/qingdaohf.com\/product\/steel-stake\/#primaryimage"},"image":{"@id":"https:\/\/qingdaohf.com\/product\/steel-stake\/#primaryimage"},"thumbnailUrl":"https:\/\/qingdaohf.com\/wp-content\/uploads\/2023\/02\/steel-stake-7.jpg","datePublished":"2023-02-08T08:58:31+00:00","dateModified":"2025-11-13T01:06:36+00:00","description":"China\u00a0Square Steel Stake manufacturers.This\u00a0square stake\u00a0has a sleek black finish, and is easy to install onto your truck.\u00a0","breadcrumb":{"@id":"https:\/\/qingdaohf.com\/product\/steel-stake\/#breadcrumb"},"inLanguage":"sl-SI","potentialAction":[{"@type":"ReadAction","target":["https:\/\/qingdaohf.com\/product\/steel-stake\/"]}]},{"@type":"ImageObject","inLanguage":"sl-SI","@id":"https:\/\/qingdaohf.com\/product\/steel-stake\/#primaryimage","url":"https:\/\/qingdaohf.com\/wp-content\/uploads\/2023\/02\/steel-stake-7.jpg","contentUrl":"https:\/\/qingdaohf.com\/wp-content\/uploads\/2023\/02\/steel-stake-7.jpg","width":800,"height":800,"caption":"steel stake"},{"@type":"BreadcrumbList","@id":"https:\/\/qingdaohf.com\/product\/steel-stake\/#breadcrumb","itemListElement":[{"@type":"ListItem","position":1,"name":"Home","item":"https:\/\/qingdaohf.com\/"},{"@type":"ListItem","position":2,"name":"Concrete Forming Accessories and Rigging Hardware","item":"https:\/\/qingdaohf.com\/bg\/?page_id=944"},{"@type":"ListItem","position":3,"name":"Metal Concrete Forming Steel Stakes"}]},{"@type":"WebSite","@id":"https:\/\/qingdaohf.com\/bg\/#website","url":"https:\/\/qingdaohf.com\/bg\/","name":"Concrete Form & Rigging Hardware Supplier","description":"","publisher":{"@id":"https:\/\/qingdaohf.com\/bg\/#organization"},"potentialAction":[{"@type":"SearchAction","target":{"@type":"EntryPoint","urlTemplate":"https:\/\/qingdaohf.com\/bg\/?s={search_term_string}"},"query-input":{"@type":"PropertyValueSpecification","valueRequired":true,"valueName":"search_term_string"}}],"inLanguage":"sl-SI"},{"@type":"Organization","@id":"https:\/\/qingdaohf.com\/bg\/#organization","name":"Qingdao H&F","url":"https:\/\/qingdaohf.com\/bg\/","logo":{"@type":"ImageObject","inLanguage":"sl-SI","@id":"https:\/\/qingdaohf.com\/bg\/#\/schema\/logo\/image\/","url":"https:\/\/qingdaohf.com\/wp-content\/uploads\/2022\/12\/cropped-HF-LOGO.png","contentUrl":"https:\/\/qingdaohf.com\/wp-content\/uploads\/2022\/12\/cropped-HF-LOGO.png","width":391,"height":249,"caption":"Qingdao H&F"},"image":{"@id":"https:\/\/qingdaohf.com\/bg\/#\/schema\/logo\/image\/"},"sameAs":["https:\/\/www.facebook.com\/qingdaohf"]}]}},"_links":{"self":[{"href":"https:\/\/qingdaohf.com\/sl\/wp-json\/wp\/v2\/product\/2078","targetHints":{"allow":["GET"]}}],"collection":[{"href":"https:\/\/qingdaohf.com\/sl\/wp-json\/wp\/v2\/product"}],"about":[{"href":"https:\/\/qingdaohf.com\/sl\/wp-json\/wp\/v2\/types\/product"}],"replies":[{"embeddable":true,"href":"https:\/\/qingdaohf.com\/sl\/wp-json\/wp\/v2\/comments?post=2078"}],"version-history":[{"count":31,"href":"https:\/\/qingdaohf.com\/sl\/wp-json\/wp\/v2\/product\/2078\/revisions"}],"predecessor-version":[{"id":10343,"href":"https:\/\/qingdaohf.com\/sl\/wp-json\/wp\/v2\/product\/2078\/revisions\/10343"}],"wp:featuredmedia":[{"embeddable":true,"href":"https:\/\/qingdaohf.com\/sl\/wp-json\/wp\/v2\/media\/2788"}],"wp:attachment":[{"href":"https:\/\/qingdaohf.com\/sl\/wp-json\/wp\/v2\/media?parent=2078"}],"wp:term":[{"taxonomy":"product_brand","embeddable":true,"href":"https:\/\/qingdaohf.com\/sl\/wp-json\/wp\/v2\/product_brand?post=2078"},{"taxonomy":"product_cat","embeddable":true,"href":"https:\/\/qingdaohf.com\/sl\/wp-json\/wp\/v2\/product_cat?post=2078"},{"taxonomy":"product_tag","embeddable":true,"href":"https:\/\/qingdaohf.com\/sl\/wp-json\/wp\/v2\/product_tag?post=2078"}],"curies":[{"name":"wp","href":"https:\/\/api.w.org\/{rel}","templated":true}]}}