{"id":2197,"date":"2023-02-14T18:02:59","date_gmt":"2023-02-14T10:02:59","guid":{"rendered":"http:\/\/qingdaohf.com\/?post_type=product&#038;p=2197"},"modified":"2025-11-13T09:06:18","modified_gmt":"2025-11-13T01:06:18","slug":"folding-grapnel-anchor","status":"publish","type":"product","link":"https:\/\/qingdaohf.com\/sl\/izdelek\/sidro-grapnel\/","title":{"rendered":"Zlo\u017eljivo sidro Grapnel"},"content":{"rendered":"<p class=\"\" data-start=\"399\" data-end=\"810\">Zlo\u017eljivo sidro Grapnel se na prvi pogled odlikuje po mehanizmu za zlaganje, ki omogo\u010da, da se \u0161tiriperesne lopatice lepo zlagajo ob dr\u017ealu. Ta inovacija zmanj\u0161uje prostor za shranjevanje in poenostavlja rokovanje na prenatrpanih gradbi\u0161\u010dih. V nasprotju z obi\u010dajnim siderom Grapnel, ki je ves \u010das togo, se zlo\u017eljiva razli\u010dica prilagaja ozkim prostorom in pomaga pri hitri uporabi.<\/p>\n<h2 class=\"\" data-start=\"812\" data-end=\"880\">Glavne razlike med zlo\u017eljivimi in tradicionalnimi sidrnimi gredicami<\/h2>\n<p class=\"\" data-start=\"881\" data-end=\"1374\">Obi\u010dajno sidro Grapnel ima fiksne roke, ki zahtevajo dovolj prostora za prevoz in uporabo. Nasprotno pa zlo\u017eljivo sidro Grapnel Anchor uporablja natan\u010dno izdelan te\u010daj, izdelan iz kaljenega legiranega jekla, ki zagotavlja, da se vsaka roka pod obremenitvijo varno zaklene. Ta spoj je podvr\u017een strogemu testiranju utrujenosti, da se preveri, ali ponavljajo\u010de se odpiranje in zapiranje ne povzro\u010di oslabitve materiala. Tak\u0161na dinami\u010dna preiskava presega stati\u010dne preskuse trdnosti, ki se pogosto uporabljajo za nepremi\u010dna sidra.<\/p>\n<h2 class=\"\" data-start=\"1376\" data-end=\"1415\">Kakovost materialov in gradnje<\/h2>\n<p class=\"\" data-start=\"1416\" data-end=\"1997\">Obe vrsti sider sta kovani iz visoko nateznega ogljikovega jekla, nato pa sta podvr\u017eeni ve\u010dstopenjski toplotni obdelavi, ki zagotavlja trdoto po Brinellu 260-300 HB. Po kovanju so sestavni deli prevle\u010deni z dvoslojnim epoksi-cinkovim premazom, ki v nevtralnem solnem aerosolu zdr\u017ei ve\u010d kot 1 000 ur. Tak\u0161na stopnja korozijske odpornosti je bistvenega pomena pri gradnji obalnih objektov ali pri nalogah, povezanih z morsko opremo. Poleg tega je vsaka enota pregledana glede natan\u010dnosti dimenzij z laserskim skeniranjem, kar je obi\u010dajno rezervirano za letalske in vesoljske komponente in ne za obi\u010dajne oblikovne dodatke.<\/p>\n<h2 class=\"\" data-start=\"1999\" data-end=\"2041\">Uporaba in analiza u\u010dinkovitosti<\/h2>\n<p class=\"\" data-start=\"2042\" data-end=\"2639\">V betonskem opa\u017eu se z grapnelnimi sidri pritrdijo pregrade in obloge proti hidrostati\u010dnemu pritisku sve\u017ee vlite gnojevke. Terenski preskusi so pokazali, da imajo zlo\u017eljivi modeli primerljivo odpornost proti izvleku, ki v povpre\u010dju presega 12 kN, kot njihovi neslo\u017eljivi kolegi, hkrati pa zmanj\u0161ajo transportno prostornino za 40 odstotkov. Med \u0161tudijo primera na srednje visokem gradbi\u0161\u010du je osebje poro\u010dalo o 20-odstotnem skraj\u0161anju \u010dasa postavitve, kar so pripisali kompaktnosti sidra in enostavnej\u0161emu privezovanju. Ta operativna u\u010dinkovitost se neposredno odra\u017ea v ni\u017ejih stro\u0161kih dela in kraj\u0161ih \u010dasovnih okvirih projekta.<\/p>\n<h2 class=\"\" data-start=\"2641\" data-end=\"2684\">Integracija s sistemom X-Flat Tie System<\/h2>\n<p class=\"\" data-start=\"2685\" data-end=\"3229\">X-Flat Tie dopolnjuje na\u0161o ponudbo sider z nizkoprofilnim, ravnim napenjalnim elementom, zasnovanim za eno- in dvostranske opa\u017ene elemente. Njegova nazob\u010dana oprijemalna povr\u0161ina se prek hitrega zaklepa povezuje s sidri\u0161\u010di, kar omogo\u010da natan\u010dne prilagoditve razmika brez prestavljanja glavnega sidra. Povezave X-Flat so na voljo v razli\u010dicah iz mehkega jekla in nerjavnega jekla ter so primerne za razli\u010dne projekte - od vi\u0161inskih jeder do monta\u017enih dvori\u0161\u010d - in zagotavljajo, da vsak sklop ohranja enakomerno porazdelitev obremenitve in minimalno deformacijo pod pritiskom.<\/p>\n<h2 class=\"\" data-start=\"3231\" data-end=\"3272\">Zagotavljanje kakovosti in certifikati<\/h2>\n<p class=\"\" data-start=\"3273\" data-end=\"3751\">Vsako zlo\u017eljivo sidro in kravata X-Flat Tie se vzor\u010di v seriji, ki vklju\u010duje natezni, upogibni in udarni preskus, v skladu s standardi EN 10204. Po\u0161iljke spremljajo potrdila o skladnosti, ki potrjujejo skladnost s protokoli vodenja kakovosti ISO 9001:2015. Poleg teh meril neodvisni laboratorij izvaja naklju\u010dno ocenjevanje slanega \u0161kropljenja in trdote, s \u010dimer zagotavlja, da celovitost materiala in za\u0161\u010ditni zaklju\u010dki izpolnjujejo ali presegajo industrijske norme.<\/p>\n<h2 class=\"\" data-start=\"3753\" data-end=\"3782\">Zakaj sodelovati z dru\u017ebo H&amp;F<\/h2>\n<p class=\"\" data-start=\"3783\" data-end=\"4428\">Stranke se za dru\u017ebo H&amp;F ne odlo\u010dajo le zaradi \u0161irine na\u0161ih izdelkov, temve\u010d tudi zaradi prilagojenega ekosistema storitev, ki jih zagotavljamo. Potencialni partnerji prejmejo brezpla\u010dne vzorce za potrditev u\u010dinkovitosti glede na merila za posamezne projekte, kar odpravlja ugibanja pred obse\u017enimi naro\u010dili. Vsakemu ra\u010dunu je na voljo posebna tehni\u010dna povezava, ki je na voljo 24 ur na dan in zagotavlja individualno podporo od za\u010detne poizvedbe do spremljanja po dobavi. Poleg tega logisti\u010dne storitve od vrat do vrat zmanj\u0161ujejo zahtevnost ravnanja, zlasti pri mednarodnih po\u0161iljkah, na\u0161 pregledni sistem sledenja pa zainteresirane strani obve\u0161\u010da o vsakem tranzitnem mejniku.<\/p>\n<p class=\"\" data-start=\"4430\" data-end=\"4730\">Z zdru\u017eitvijo prakti\u010dnih oblikovalskih spoznanj, zanesljivih specifikacij materialov in modela podpore, usmerjenega v stranke, sta zlo\u017eljivo sidro Grapnel in z njim povezana re\u0161itev X-Flat Tie zanesljiva izbira za strokovnjake, ki i\u0161\u010dejo u\u010dinkovitost, mo\u010d in zanesljivost pri opremi za opa\u017e in okovje.<\/p>","protected":false},"excerpt":{"rendered":"<p>Zlo\u017eljivo sidro Grapnel ponuja vsestransko re\u0161itev za sidranje s kompaktno, zlo\u017eljivo zasnovo, ki pove\u010duje prenosljivost, ne da bi pri tem ogrozila trdnost. Poleg tradicionalnih sider Grapnel se brezhibno povezuje s sistemom X-Flat Tie in zagotavlja zanesljivo delovanje v zahtevnih aplikacijah za opa\u017e in pritrjevanje.<\/p>","protected":false},"featured_media":9458,"comment_status":"open","ping_status":"closed","template":"","meta":{"site-sidebar-layout":"default","site-content-layout":"default","ast-site-content-layout":"default","site-content-style":"default","site-sidebar-style":"default","ast-global-header-display":"","ast-banner-title-visibility":"","ast-main-header-display":"","ast-hfb-above-header-display":"","ast-hfb-below-header-display":"","ast-hfb-mobile-header-display":"","site-post-title":"","ast-breadcrumbs-content":"","ast-featured-img":"","footer-sml-layout":"","theme-transparent-header-meta":"default","adv-header-id-meta":"","stick-header-meta":"default","header-above-stick-meta":"","header-main-stick-meta":"","header-below-stick-meta":"","astra-migrate-meta-layouts":"set","ast-page-background-enabled":"default","ast-page-background-meta":{"desktop":{"background-color":"","background-image":"","background-repeat":"repeat","background-position":"center center","background-size":"auto","background-attachment":"scroll","background-type":"","background-media":"","overlay-type":"","overlay-color":"","overlay-opacity":"","overlay-gradient":""},"tablet":{"background-color":"","background-image":"","background-repeat":"repeat","background-position":"center center","background-size":"auto","background-attachment":"scroll","background-type":"","background-media":"","overlay-type":"","overlay-color":"","overlay-opacity":"","overlay-gradient":""},"mobile":{"background-color":"","background-image":"","background-repeat":"repeat","background-position":"center center","background-size":"auto","background-attachment":"scroll","background-type":"","background-media":"","overlay-type":"","overlay-color":"","overlay-opacity":"","overlay-gradient":""}},"ast-content-background-meta":{"desktop":{"background-color":"var(--ast-global-color-5)","background-image":"","background-repeat":"repeat","background-position":"center center","background-size":"auto","background-attachment":"scroll","background-type":"","background-media":"","overlay-type":"","overlay-color":"","overlay-opacity":"","overlay-gradient":""},"tablet":{"background-color":"var(--ast-global-color-5)","background-image":"","background-repeat":"repeat","background-position":"center center","background-size":"auto","background-attachment":"scroll","background-type":"","background-media":"","overlay-type":"","overlay-color":"","overlay-opacity":"","overlay-gradient":""},"mobile":{"background-color":"var(--ast-global-color-5)","background-image":"","background-repeat":"repeat","background-position":"center center","background-size":"auto","background-attachment":"scroll","background-type":"","background-media":"","overlay-type":"","overlay-color":"","overlay-opacity":"","overlay-gradient":""}}},"product_brand":[],"product_cat":[74,43],"product_tag":[],"class_list":{"0":"post-2197","1":"product","2":"type-product","3":"status-publish","4":"has-post-thumbnail","6":"product_cat-boat-anchor","7":"product_cat-rigging-hardware","8":"desktop-align-left","9":"tablet-align-left","10":"mobile-align-left","11":"ast-product-gallery-layout-horizontal-slider","12":"ast-product-tabs-layout-horizontal","14":"first","15":"instock","16":"shipping-taxable","17":"purchasable","18":"product-type-simple"},"yoast_head":"<!-- This site is optimized with the Yoast SEO plugin v25.2 - https:\/\/yoast.com\/wordpress\/plugins\/seo\/ -->\n<title>Folding Grapnel Anchor<\/title>\n<meta name=\"description\" content=\"The Grapnel Anchor is a mechanical device commonly used in maritime and climbing activities for securing and stabilizing objects.\" \/>\n<meta name=\"robots\" content=\"index, follow, max-snippet:-1, max-image-preview:large, max-video-preview:-1\" \/>\n<link rel=\"canonical\" href=\"https:\/\/qingdaohf.com\/sl\/izdelek\/sidro-grapnel\/\" \/>\n<meta property=\"og:locale\" content=\"sl_SI\" \/>\n<meta property=\"og:type\" content=\"article\" \/>\n<meta property=\"og:title\" content=\"Folding Grapnel Anchor\" \/>\n<meta property=\"og:description\" content=\"The Grapnel Anchor is a mechanical device commonly used in maritime and climbing activities for securing and stabilizing objects.\" \/>\n<meta property=\"og:url\" content=\"https:\/\/qingdaohf.com\/sl\/izdelek\/sidro-grapnel\/\" \/>\n<meta property=\"og:site_name\" content=\"Concrete Form &amp; Rigging Hardware Supplier\" \/>\n<meta property=\"article:publisher\" content=\"https:\/\/www.facebook.com\/qingdaohf\" \/>\n<meta property=\"article:modified_time\" content=\"2025-11-13T01:06:18+00:00\" \/>\n<meta property=\"og:image\" content=\"https:\/\/qingdaohf.com\/wp-content\/uploads\/2023\/02\/Grapnel-Anchor-1.jpg\" \/>\n\t<meta property=\"og:image:width\" content=\"1000\" \/>\n\t<meta property=\"og:image:height\" content=\"1000\" \/>\n\t<meta property=\"og:image:type\" content=\"image\/jpeg\" \/>\n<meta name=\"twitter:card\" content=\"summary_large_image\" \/>\n<meta name=\"twitter:label1\" content=\"Est. reading time\" \/>\n\t<meta name=\"twitter:data1\" content=\"3 minute\" \/>\n<script type=\"application\/ld+json\" class=\"yoast-schema-graph\">{\"@context\":\"https:\/\/schema.org\",\"@graph\":[{\"@type\":\"WebPage\",\"@id\":\"https:\/\/qingdaohf.com\/product\/folding-grapnel-anchor\/\",\"url\":\"https:\/\/qingdaohf.com\/product\/folding-grapnel-anchor\/\",\"name\":\"Folding Grapnel Anchor\",\"isPartOf\":{\"@id\":\"https:\/\/qingdaohf.com\/bg\/#website\"},\"primaryImageOfPage\":{\"@id\":\"https:\/\/qingdaohf.com\/product\/folding-grapnel-anchor\/#primaryimage\"},\"image\":{\"@id\":\"https:\/\/qingdaohf.com\/product\/folding-grapnel-anchor\/#primaryimage\"},\"thumbnailUrl\":\"https:\/\/qingdaohf.com\/wp-content\/uploads\/2023\/02\/Grapnel-Anchor-1.jpg\",\"datePublished\":\"2023-02-14T10:02:59+00:00\",\"dateModified\":\"2025-11-13T01:06:18+00:00\",\"description\":\"The Grapnel Anchor is a mechanical device commonly used in maritime and climbing activities for securing and stabilizing objects.\",\"breadcrumb\":{\"@id\":\"https:\/\/qingdaohf.com\/product\/folding-grapnel-anchor\/#breadcrumb\"},\"inLanguage\":\"sl-SI\",\"potentialAction\":[{\"@type\":\"ReadAction\",\"target\":[\"https:\/\/qingdaohf.com\/product\/folding-grapnel-anchor\/\"]}]},{\"@type\":\"ImageObject\",\"inLanguage\":\"sl-SI\",\"@id\":\"https:\/\/qingdaohf.com\/product\/folding-grapnel-anchor\/#primaryimage\",\"url\":\"https:\/\/qingdaohf.com\/wp-content\/uploads\/2023\/02\/Grapnel-Anchor-1.jpg\",\"contentUrl\":\"https:\/\/qingdaohf.com\/wp-content\/uploads\/2023\/02\/Grapnel-Anchor-1.jpg\",\"width\":1000,\"height\":1000,\"caption\":\"Grapnel Anchor\"},{\"@type\":\"BreadcrumbList\",\"@id\":\"https:\/\/qingdaohf.com\/product\/folding-grapnel-anchor\/#breadcrumb\",\"itemListElement\":[{\"@type\":\"ListItem\",\"position\":1,\"name\":\"Home\",\"item\":\"https:\/\/qingdaohf.com\/\"},{\"@type\":\"ListItem\",\"position\":2,\"name\":\"Concrete Forming Accessories and Rigging Hardware\",\"item\":\"https:\/\/qingdaohf.com\/bg\/?page_id=944\"},{\"@type\":\"ListItem\",\"position\":3,\"name\":\"Folding Grapnel Anchor\"}]},{\"@type\":\"WebSite\",\"@id\":\"https:\/\/qingdaohf.com\/bg\/#website\",\"url\":\"https:\/\/qingdaohf.com\/bg\/\",\"name\":\"Concrete Form & Rigging Hardware Supplier\",\"description\":\"\",\"publisher\":{\"@id\":\"https:\/\/qingdaohf.com\/bg\/#organization\"},\"potentialAction\":[{\"@type\":\"SearchAction\",\"target\":{\"@type\":\"EntryPoint\",\"urlTemplate\":\"https:\/\/qingdaohf.com\/bg\/?s={search_term_string}\"},\"query-input\":{\"@type\":\"PropertyValueSpecification\",\"valueRequired\":true,\"valueName\":\"search_term_string\"}}],\"inLanguage\":\"sl-SI\"},{\"@type\":\"Organization\",\"@id\":\"https:\/\/qingdaohf.com\/bg\/#organization\",\"name\":\"Qingdao H&F\",\"url\":\"https:\/\/qingdaohf.com\/bg\/\",\"logo\":{\"@type\":\"ImageObject\",\"inLanguage\":\"sl-SI\",\"@id\":\"https:\/\/qingdaohf.com\/bg\/#\/schema\/logo\/image\/\",\"url\":\"https:\/\/qingdaohf.com\/wp-content\/uploads\/2022\/12\/cropped-HF-LOGO.png\",\"contentUrl\":\"https:\/\/qingdaohf.com\/wp-content\/uploads\/2022\/12\/cropped-HF-LOGO.png\",\"width\":391,\"height\":249,\"caption\":\"Qingdao H&F\"},\"image\":{\"@id\":\"https:\/\/qingdaohf.com\/bg\/#\/schema\/logo\/image\/\"},\"sameAs\":[\"https:\/\/www.facebook.com\/qingdaohf\"]}]}<\/script>\n<!-- \/ Yoast SEO plugin. -->","yoast_head_json":{"title":"Folding Grapnel Anchor","description":"The Grapnel Anchor is a mechanical device commonly used in maritime and climbing activities for securing and stabilizing objects.","robots":{"index":"index","follow":"follow","max-snippet":"max-snippet:-1","max-image-preview":"max-image-preview:large","max-video-preview":"max-video-preview:-1"},"canonical":"https:\/\/qingdaohf.com\/sl\/izdelek\/sidro-grapnel\/","og_locale":"sl_SI","og_type":"article","og_title":"Folding Grapnel Anchor","og_description":"The Grapnel Anchor is a mechanical device commonly used in maritime and climbing activities for securing and stabilizing objects.","og_url":"https:\/\/qingdaohf.com\/sl\/izdelek\/sidro-grapnel\/","og_site_name":"Concrete Form &amp; Rigging Hardware Supplier","article_publisher":"https:\/\/www.facebook.com\/qingdaohf","article_modified_time":"2025-11-13T01:06:18+00:00","og_image":[{"width":1000,"height":1000,"url":"https:\/\/qingdaohf.com\/wp-content\/uploads\/2023\/02\/Grapnel-Anchor-1.jpg","type":"image\/jpeg"}],"twitter_card":"summary_large_image","twitter_misc":{"Est. reading time":"3 minute"},"schema":{"@context":"https:\/\/schema.org","@graph":[{"@type":"WebPage","@id":"https:\/\/qingdaohf.com\/product\/folding-grapnel-anchor\/","url":"https:\/\/qingdaohf.com\/product\/folding-grapnel-anchor\/","name":"Folding Grapnel Anchor","isPartOf":{"@id":"https:\/\/qingdaohf.com\/bg\/#website"},"primaryImageOfPage":{"@id":"https:\/\/qingdaohf.com\/product\/folding-grapnel-anchor\/#primaryimage"},"image":{"@id":"https:\/\/qingdaohf.com\/product\/folding-grapnel-anchor\/#primaryimage"},"thumbnailUrl":"https:\/\/qingdaohf.com\/wp-content\/uploads\/2023\/02\/Grapnel-Anchor-1.jpg","datePublished":"2023-02-14T10:02:59+00:00","dateModified":"2025-11-13T01:06:18+00:00","description":"The Grapnel Anchor is a mechanical device commonly used in maritime and climbing activities for securing and stabilizing objects.","breadcrumb":{"@id":"https:\/\/qingdaohf.com\/product\/folding-grapnel-anchor\/#breadcrumb"},"inLanguage":"sl-SI","potentialAction":[{"@type":"ReadAction","target":["https:\/\/qingdaohf.com\/product\/folding-grapnel-anchor\/"]}]},{"@type":"ImageObject","inLanguage":"sl-SI","@id":"https:\/\/qingdaohf.com\/product\/folding-grapnel-anchor\/#primaryimage","url":"https:\/\/qingdaohf.com\/wp-content\/uploads\/2023\/02\/Grapnel-Anchor-1.jpg","contentUrl":"https:\/\/qingdaohf.com\/wp-content\/uploads\/2023\/02\/Grapnel-Anchor-1.jpg","width":1000,"height":1000,"caption":"Grapnel Anchor"},{"@type":"BreadcrumbList","@id":"https:\/\/qingdaohf.com\/product\/folding-grapnel-anchor\/#breadcrumb","itemListElement":[{"@type":"ListItem","position":1,"name":"Home","item":"https:\/\/qingdaohf.com\/"},{"@type":"ListItem","position":2,"name":"Concrete Forming Accessories and Rigging Hardware","item":"https:\/\/qingdaohf.com\/bg\/?page_id=944"},{"@type":"ListItem","position":3,"name":"Folding Grapnel Anchor"}]},{"@type":"WebSite","@id":"https:\/\/qingdaohf.com\/bg\/#website","url":"https:\/\/qingdaohf.com\/bg\/","name":"Concrete Form & Rigging Hardware Supplier","description":"","publisher":{"@id":"https:\/\/qingdaohf.com\/bg\/#organization"},"potentialAction":[{"@type":"SearchAction","target":{"@type":"EntryPoint","urlTemplate":"https:\/\/qingdaohf.com\/bg\/?s={search_term_string}"},"query-input":{"@type":"PropertyValueSpecification","valueRequired":true,"valueName":"search_term_string"}}],"inLanguage":"sl-SI"},{"@type":"Organization","@id":"https:\/\/qingdaohf.com\/bg\/#organization","name":"Qingdao H&F","url":"https:\/\/qingdaohf.com\/bg\/","logo":{"@type":"ImageObject","inLanguage":"sl-SI","@id":"https:\/\/qingdaohf.com\/bg\/#\/schema\/logo\/image\/","url":"https:\/\/qingdaohf.com\/wp-content\/uploads\/2022\/12\/cropped-HF-LOGO.png","contentUrl":"https:\/\/qingdaohf.com\/wp-content\/uploads\/2022\/12\/cropped-HF-LOGO.png","width":391,"height":249,"caption":"Qingdao H&F"},"image":{"@id":"https:\/\/qingdaohf.com\/bg\/#\/schema\/logo\/image\/"},"sameAs":["https:\/\/www.facebook.com\/qingdaohf"]}]}},"_links":{"self":[{"href":"https:\/\/qingdaohf.com\/sl\/wp-json\/wp\/v2\/product\/2197","targetHints":{"allow":["GET"]}}],"collection":[{"href":"https:\/\/qingdaohf.com\/sl\/wp-json\/wp\/v2\/product"}],"about":[{"href":"https:\/\/qingdaohf.com\/sl\/wp-json\/wp\/v2\/types\/product"}],"replies":[{"embeddable":true,"href":"https:\/\/qingdaohf.com\/sl\/wp-json\/wp\/v2\/comments?post=2197"}],"version-history":[{"count":2,"href":"https:\/\/qingdaohf.com\/sl\/wp-json\/wp\/v2\/product\/2197\/revisions"}],"predecessor-version":[{"id":9463,"href":"https:\/\/qingdaohf.com\/sl\/wp-json\/wp\/v2\/product\/2197\/revisions\/9463"}],"wp:featuredmedia":[{"embeddable":true,"href":"https:\/\/qingdaohf.com\/sl\/wp-json\/wp\/v2\/media\/9458"}],"wp:attachment":[{"href":"https:\/\/qingdaohf.com\/sl\/wp-json\/wp\/v2\/media?parent=2197"}],"wp:term":[{"taxonomy":"product_brand","embeddable":true,"href":"https:\/\/qingdaohf.com\/sl\/wp-json\/wp\/v2\/product_brand?post=2197"},{"taxonomy":"product_cat","embeddable":true,"href":"https:\/\/qingdaohf.com\/sl\/wp-json\/wp\/v2\/product_cat?post=2197"},{"taxonomy":"product_tag","embeddable":true,"href":"https:\/\/qingdaohf.com\/sl\/wp-json\/wp\/v2\/product_tag?post=2197"}],"curies":[{"name":"wp","href":"https:\/\/api.w.org\/{rel}","templated":true}]}}