{"id":2400,"date":"2023-02-23T17:58:07","date_gmt":"2023-02-23T09:58:07","guid":{"rendered":"http:\/\/qingdaohf.com\/?post_type=product&#038;p=2400"},"modified":"2025-11-13T09:05:54","modified_gmt":"2025-11-13T01:05:54","slug":"coil-ties","status":"publish","type":"product","link":"https:\/\/qingdaohf.com\/sl\/izdelek\/vezave-tuljav\/","title":{"rendered":"Oblikovanje betona 2\/4 Strut Coil Ties za opa\u017e"},"content":{"rendered":"<p>Vezalke so na voljo v razli\u010dnih velikostih in dol\u017einah, da se lahko prilagodijo razli\u010dnim vi\u0161inam in debelinam forme. Enostavno jih je namestiti in odstraniti, zato so priljubljena izbira za izvajalce betonskih del, ki morajo hitro in u\u010dinkovito zavarovati svoje forme.<\/p>\n<p><img fetchpriority=\"high\" decoding=\"async\" class=\"alignnone size-full wp-image-4633\" src=\"http:\/\/qingdaohf.com\/wp-content\/uploads\/2023\/07\/coil-tie-install.jpg\" alt=\"namestitev kravate tuljave\" width=\"849\" height=\"710\" srcset=\"https:\/\/qingdaohf.com\/wp-content\/uploads\/2023\/07\/coil-tie-install.jpg 849w, https:\/\/qingdaohf.com\/wp-content\/uploads\/2023\/07\/coil-tie-install-300x251.jpg 300w, https:\/\/qingdaohf.com\/wp-content\/uploads\/2023\/07\/coil-tie-install-768x642.jpg 768w\" sizes=\"(max-width: 849px) 100vw, 849px\" \/><\/p>\n<p>\u017dico z enim koncem vstavite v majhno luknjo v obrazcu, nato pa jo ve\u010dkrat ovijte okoli obrazca in jo vstavite v drugo luknjo na nasprotni strani obrazca. Postopek se ponavlja v rednih presledkih vzdol\u017e oblike, dokler ni popolnoma pritrjena.<\/p>\n<p>Vezni trakovi so u\u010dinkovita in ekonomi\u010dna re\u0161itev za oblikovanje betona, ki se pogosto uporablja za temelje, oporne zidove in mostne opornike.<\/p>\n<p><img decoding=\"async\" class=\"alignnone size-full wp-image-3173\" src=\"http:\/\/qingdaohf.com\/wp-content\/uploads\/2023\/02\/Coil-Ties-12-1.jpg\" alt=\"Vezalke za navijanje \" width=\"1200\" height=\"600\" srcset=\"https:\/\/qingdaohf.com\/wp-content\/uploads\/2023\/02\/Coil-Ties-12-1.jpg 1200w, https:\/\/qingdaohf.com\/wp-content\/uploads\/2023\/02\/Coil-Ties-12-1-300x150.jpg 300w, https:\/\/qingdaohf.com\/wp-content\/uploads\/2023\/02\/Coil-Ties-12-1-1024x512.jpg 1024w, https:\/\/qingdaohf.com\/wp-content\/uploads\/2023\/02\/Coil-Ties-12-1-768x384.jpg 768w, https:\/\/qingdaohf.com\/wp-content\/uploads\/2023\/02\/Coil-Ties-12-1-1000x500.jpg 1000w\" sizes=\"(max-width: 1200px) 100vw, 1200px\" \/><\/p>\n<p><img decoding=\"async\" class=\"alignnone size-full wp-image-3164\" src=\"http:\/\/qingdaohf.com\/wp-content\/uploads\/2023\/02\/Coil-Ties-10.jpg\" alt=\"Vezalke za navijanje \" width=\"1200\" height=\"448\" srcset=\"https:\/\/qingdaohf.com\/wp-content\/uploads\/2023\/02\/Coil-Ties-10.jpg 1200w, https:\/\/qingdaohf.com\/wp-content\/uploads\/2023\/02\/Coil-Ties-10-300x112.jpg 300w, https:\/\/qingdaohf.com\/wp-content\/uploads\/2023\/02\/Coil-Ties-10-1024x382.jpg 1024w, https:\/\/qingdaohf.com\/wp-content\/uploads\/2023\/02\/Coil-Ties-10-768x287.jpg 768w, https:\/\/qingdaohf.com\/wp-content\/uploads\/2023\/02\/Coil-Ties-10-1000x373.jpg 1000w\" sizes=\"(max-width: 1200px) 100vw, 1200px\" \/> <img loading=\"lazy\" decoding=\"async\" class=\"alignnone size-full wp-image-3165\" src=\"http:\/\/qingdaohf.com\/wp-content\/uploads\/2023\/02\/Coil-Ties-11.jpg\" alt=\"Vezalke za navijanje \" width=\"1200\" height=\"624\" srcset=\"https:\/\/qingdaohf.com\/wp-content\/uploads\/2023\/02\/Coil-Ties-11.jpg 1200w, https:\/\/qingdaohf.com\/wp-content\/uploads\/2023\/02\/Coil-Ties-11-300x156.jpg 300w, https:\/\/qingdaohf.com\/wp-content\/uploads\/2023\/02\/Coil-Ties-11-1024x532.jpg 1024w, https:\/\/qingdaohf.com\/wp-content\/uploads\/2023\/02\/Coil-Ties-11-768x399.jpg 768w, https:\/\/qingdaohf.com\/wp-content\/uploads\/2023\/02\/Coil-Ties-11-1000x520.jpg 1000w\" sizes=\"(max-width: 1200px) 100vw, 1200px\" \/> \u00a0 \u00a0\u00a0<img loading=\"lazy\" decoding=\"async\" class=\"alignnone size-full wp-image-3172\" src=\"http:\/\/qingdaohf.com\/wp-content\/uploads\/2023\/02\/Coil-Ties-9.jpg\" alt=\"\" width=\"800\" height=\"800\" srcset=\"https:\/\/qingdaohf.com\/wp-content\/uploads\/2023\/02\/Coil-Ties-9.jpg 800w, https:\/\/qingdaohf.com\/wp-content\/uploads\/2023\/02\/Coil-Ties-9-300x300.jpg 300w, https:\/\/qingdaohf.com\/wp-content\/uploads\/2023\/02\/Coil-Ties-9-150x150.jpg 150w, https:\/\/qingdaohf.com\/wp-content\/uploads\/2023\/02\/Coil-Ties-9-768x768.jpg 768w, https:\/\/qingdaohf.com\/wp-content\/uploads\/2023\/02\/Coil-Ties-9-500x500.jpg 500w, https:\/\/qingdaohf.com\/wp-content\/uploads\/2023\/02\/Coil-Ties-9-100x100.jpg 100w\" sizes=\"(max-width: 800px) 100vw, 800px\" \/><\/p>","protected":false},"excerpt":{"rendered":"<p>Vezalke so vrsta strojne opreme, ki se uporablja pri oblikovanju betona za pritrditev form in prepre\u010devanje iztekanja betona med vlivanjem in strjevanjem. Obi\u010dajno so narejene iz jeklene \u017eice in so zasnovane tako, da se ovijejo okoli form v obliki tuljave, od tod tudi ime.<\/p>","protected":false},"featured_media":4704,"comment_status":"open","ping_status":"closed","template":"","meta":{"site-sidebar-layout":"default","site-content-layout":"default","ast-site-content-layout":"default","site-content-style":"default","site-sidebar-style":"default","ast-global-header-display":"","ast-banner-title-visibility":"","ast-main-header-display":"","ast-hfb-above-header-display":"","ast-hfb-below-header-display":"","ast-hfb-mobile-header-display":"","site-post-title":"","ast-breadcrumbs-content":"","ast-featured-img":"","footer-sml-layout":"","theme-transparent-header-meta":"default","adv-header-id-meta":"","stick-header-meta":"default","header-above-stick-meta":"","header-main-stick-meta":"","header-below-stick-meta":"","astra-migrate-meta-layouts":"set","ast-page-background-enabled":"default","ast-page-background-meta":{"desktop":{"background-color":"","background-image":"","background-repeat":"repeat","background-position":"center center","background-size":"auto","background-attachment":"scroll","background-type":"","background-media":"","overlay-type":"","overlay-color":"","overlay-opacity":"","overlay-gradient":""},"tablet":{"background-color":"","background-image":"","background-repeat":"repeat","background-position":"center center","background-size":"auto","background-attachment":"scroll","background-type":"","background-media":"","overlay-type":"","overlay-color":"","overlay-opacity":"","overlay-gradient":""},"mobile":{"background-color":"","background-image":"","background-repeat":"repeat","background-position":"center center","background-size":"auto","background-attachment":"scroll","background-type":"","background-media":"","overlay-type":"","overlay-color":"","overlay-opacity":"","overlay-gradient":""}},"ast-content-background-meta":{"desktop":{"background-color":"var(--ast-global-color-5)","background-image":"","background-repeat":"repeat","background-position":"center center","background-size":"auto","background-attachment":"scroll","background-type":"","background-media":"","overlay-type":"","overlay-color":"","overlay-opacity":"","overlay-gradient":""},"tablet":{"background-color":"var(--ast-global-color-5)","background-image":"","background-repeat":"repeat","background-position":"center center","background-size":"auto","background-attachment":"scroll","background-type":"","background-media":"","overlay-type":"","overlay-color":"","overlay-opacity":"","overlay-gradient":""},"mobile":{"background-color":"var(--ast-global-color-5)","background-image":"","background-repeat":"repeat","background-position":"center center","background-size":"auto","background-attachment":"scroll","background-type":"","background-media":"","overlay-type":"","overlay-color":"","overlay-opacity":"","overlay-gradient":""}}},"product_brand":[],"product_cat":[20],"product_tag":[],"class_list":{"0":"post-2400","1":"product","2":"type-product","3":"status-publish","4":"has-post-thumbnail","6":"product_cat-concrete-wall-tie","7":"desktop-align-left","8":"tablet-align-left","9":"mobile-align-left","10":"ast-product-gallery-layout-horizontal-slider","11":"ast-product-tabs-layout-horizontal","13":"first","14":"instock","15":"shipping-taxable","16":"purchasable","17":"product-type-simple"},"yoast_head":"<!-- This site is optimized with the Yoast SEO plugin v25.2 - https:\/\/yoast.com\/wordpress\/plugins\/seo\/ -->\n<title>Concrete Forming 2\/4 Strut Coil Ties for Formwork<\/title>\n<meta name=\"description\" content=\"Coil ties are a type of hardware used in concrete forming to secure the forms together and prevent the concrete from leaking out during pouring and setting.\" \/>\n<meta name=\"robots\" content=\"index, follow, max-snippet:-1, max-image-preview:large, max-video-preview:-1\" \/>\n<link rel=\"canonical\" href=\"https:\/\/qingdaohf.com\/sl\/izdelek\/vezave-tuljav\/\" \/>\n<meta property=\"og:locale\" content=\"sl_SI\" \/>\n<meta property=\"og:type\" content=\"article\" \/>\n<meta property=\"og:title\" content=\"Concrete Forming 2\/4 Strut Coil Ties for Formwork\" \/>\n<meta property=\"og:description\" content=\"Coil ties are a type of hardware used in concrete forming to secure the forms together and prevent the concrete from leaking out during pouring and setting.\" \/>\n<meta property=\"og:url\" content=\"https:\/\/qingdaohf.com\/sl\/izdelek\/vezave-tuljav\/\" \/>\n<meta property=\"og:site_name\" content=\"Concrete Form &amp; Rigging Hardware Supplier\" \/>\n<meta property=\"article:publisher\" content=\"https:\/\/www.facebook.com\/qingdaohf\" \/>\n<meta property=\"article:modified_time\" content=\"2025-11-13T01:05:54+00:00\" \/>\n<meta property=\"og:image\" content=\"https:\/\/qingdaohf.com\/wp-content\/uploads\/2023\/02\/coil-tie-2.jpg\" \/>\n\t<meta property=\"og:image:width\" content=\"800\" \/>\n\t<meta property=\"og:image:height\" content=\"800\" \/>\n\t<meta property=\"og:image:type\" content=\"image\/jpeg\" \/>\n<meta name=\"twitter:card\" content=\"summary_large_image\" \/>\n<meta name=\"twitter:label1\" content=\"Est. reading time\" \/>\n\t<meta name=\"twitter:data1\" content=\"2 minuti\" \/>\n<script type=\"application\/ld+json\" class=\"yoast-schema-graph\">{\"@context\":\"https:\/\/schema.org\",\"@graph\":[{\"@type\":\"WebPage\",\"@id\":\"https:\/\/qingdaohf.com\/product\/coil-ties\/\",\"url\":\"https:\/\/qingdaohf.com\/product\/coil-ties\/\",\"name\":\"Concrete Forming 2\/4 Strut Coil Ties for Formwork\",\"isPartOf\":{\"@id\":\"https:\/\/qingdaohf.com\/bg\/#website\"},\"primaryImageOfPage\":{\"@id\":\"https:\/\/qingdaohf.com\/product\/coil-ties\/#primaryimage\"},\"image\":{\"@id\":\"https:\/\/qingdaohf.com\/product\/coil-ties\/#primaryimage\"},\"thumbnailUrl\":\"https:\/\/qingdaohf.com\/wp-content\/uploads\/2023\/02\/coil-tie-2.jpg\",\"datePublished\":\"2023-02-23T09:58:07+00:00\",\"dateModified\":\"2025-11-13T01:05:54+00:00\",\"description\":\"Coil ties are a type of hardware used in concrete forming to secure the forms together and prevent the concrete from leaking out during pouring and setting.\",\"breadcrumb\":{\"@id\":\"https:\/\/qingdaohf.com\/product\/coil-ties\/#breadcrumb\"},\"inLanguage\":\"sl-SI\",\"potentialAction\":[{\"@type\":\"ReadAction\",\"target\":[\"https:\/\/qingdaohf.com\/product\/coil-ties\/\"]}]},{\"@type\":\"ImageObject\",\"inLanguage\":\"sl-SI\",\"@id\":\"https:\/\/qingdaohf.com\/product\/coil-ties\/#primaryimage\",\"url\":\"https:\/\/qingdaohf.com\/wp-content\/uploads\/2023\/02\/coil-tie-2.jpg\",\"contentUrl\":\"https:\/\/qingdaohf.com\/wp-content\/uploads\/2023\/02\/coil-tie-2.jpg\",\"width\":800,\"height\":800,\"caption\":\"coil tie\"},{\"@type\":\"BreadcrumbList\",\"@id\":\"https:\/\/qingdaohf.com\/product\/coil-ties\/#breadcrumb\",\"itemListElement\":[{\"@type\":\"ListItem\",\"position\":1,\"name\":\"Home\",\"item\":\"https:\/\/qingdaohf.com\/\"},{\"@type\":\"ListItem\",\"position\":2,\"name\":\"Concrete Forming Accessories and Rigging Hardware\",\"item\":\"https:\/\/qingdaohf.com\/bg\/?page_id=944\"},{\"@type\":\"ListItem\",\"position\":3,\"name\":\"Concrete Forming 2\/4 Strut Coil Ties for Formwork\"}]},{\"@type\":\"WebSite\",\"@id\":\"https:\/\/qingdaohf.com\/bg\/#website\",\"url\":\"https:\/\/qingdaohf.com\/bg\/\",\"name\":\"Concrete Form & Rigging Hardware Supplier\",\"description\":\"\",\"publisher\":{\"@id\":\"https:\/\/qingdaohf.com\/bg\/#organization\"},\"potentialAction\":[{\"@type\":\"SearchAction\",\"target\":{\"@type\":\"EntryPoint\",\"urlTemplate\":\"https:\/\/qingdaohf.com\/bg\/?s={search_term_string}\"},\"query-input\":{\"@type\":\"PropertyValueSpecification\",\"valueRequired\":true,\"valueName\":\"search_term_string\"}}],\"inLanguage\":\"sl-SI\"},{\"@type\":\"Organization\",\"@id\":\"https:\/\/qingdaohf.com\/bg\/#organization\",\"name\":\"Qingdao H&F\",\"url\":\"https:\/\/qingdaohf.com\/bg\/\",\"logo\":{\"@type\":\"ImageObject\",\"inLanguage\":\"sl-SI\",\"@id\":\"https:\/\/qingdaohf.com\/bg\/#\/schema\/logo\/image\/\",\"url\":\"https:\/\/qingdaohf.com\/wp-content\/uploads\/2022\/12\/cropped-HF-LOGO.png\",\"contentUrl\":\"https:\/\/qingdaohf.com\/wp-content\/uploads\/2022\/12\/cropped-HF-LOGO.png\",\"width\":391,\"height\":249,\"caption\":\"Qingdao H&F\"},\"image\":{\"@id\":\"https:\/\/qingdaohf.com\/bg\/#\/schema\/logo\/image\/\"},\"sameAs\":[\"https:\/\/www.facebook.com\/qingdaohf\"]}]}<\/script>\n<!-- \/ Yoast SEO plugin. -->","yoast_head_json":{"title":"Concrete Forming 2\/4 Strut Coil Ties for Formwork","description":"Coil ties are a type of hardware used in concrete forming to secure the forms together and prevent the concrete from leaking out during pouring and setting.","robots":{"index":"index","follow":"follow","max-snippet":"max-snippet:-1","max-image-preview":"max-image-preview:large","max-video-preview":"max-video-preview:-1"},"canonical":"https:\/\/qingdaohf.com\/sl\/izdelek\/vezave-tuljav\/","og_locale":"sl_SI","og_type":"article","og_title":"Concrete Forming 2\/4 Strut Coil Ties for Formwork","og_description":"Coil ties are a type of hardware used in concrete forming to secure the forms together and prevent the concrete from leaking out during pouring and setting.","og_url":"https:\/\/qingdaohf.com\/sl\/izdelek\/vezave-tuljav\/","og_site_name":"Concrete Form &amp; Rigging Hardware Supplier","article_publisher":"https:\/\/www.facebook.com\/qingdaohf","article_modified_time":"2025-11-13T01:05:54+00:00","og_image":[{"width":800,"height":800,"url":"https:\/\/qingdaohf.com\/wp-content\/uploads\/2023\/02\/coil-tie-2.jpg","type":"image\/jpeg"}],"twitter_card":"summary_large_image","twitter_misc":{"Est. reading time":"2 minuti"},"schema":{"@context":"https:\/\/schema.org","@graph":[{"@type":"WebPage","@id":"https:\/\/qingdaohf.com\/product\/coil-ties\/","url":"https:\/\/qingdaohf.com\/product\/coil-ties\/","name":"Concrete Forming 2\/4 Strut Coil Ties for Formwork","isPartOf":{"@id":"https:\/\/qingdaohf.com\/bg\/#website"},"primaryImageOfPage":{"@id":"https:\/\/qingdaohf.com\/product\/coil-ties\/#primaryimage"},"image":{"@id":"https:\/\/qingdaohf.com\/product\/coil-ties\/#primaryimage"},"thumbnailUrl":"https:\/\/qingdaohf.com\/wp-content\/uploads\/2023\/02\/coil-tie-2.jpg","datePublished":"2023-02-23T09:58:07+00:00","dateModified":"2025-11-13T01:05:54+00:00","description":"Coil ties are a type of hardware used in concrete forming to secure the forms together and prevent the concrete from leaking out during pouring and setting.","breadcrumb":{"@id":"https:\/\/qingdaohf.com\/product\/coil-ties\/#breadcrumb"},"inLanguage":"sl-SI","potentialAction":[{"@type":"ReadAction","target":["https:\/\/qingdaohf.com\/product\/coil-ties\/"]}]},{"@type":"ImageObject","inLanguage":"sl-SI","@id":"https:\/\/qingdaohf.com\/product\/coil-ties\/#primaryimage","url":"https:\/\/qingdaohf.com\/wp-content\/uploads\/2023\/02\/coil-tie-2.jpg","contentUrl":"https:\/\/qingdaohf.com\/wp-content\/uploads\/2023\/02\/coil-tie-2.jpg","width":800,"height":800,"caption":"coil tie"},{"@type":"BreadcrumbList","@id":"https:\/\/qingdaohf.com\/product\/coil-ties\/#breadcrumb","itemListElement":[{"@type":"ListItem","position":1,"name":"Home","item":"https:\/\/qingdaohf.com\/"},{"@type":"ListItem","position":2,"name":"Concrete Forming Accessories and Rigging Hardware","item":"https:\/\/qingdaohf.com\/bg\/?page_id=944"},{"@type":"ListItem","position":3,"name":"Concrete Forming 2\/4 Strut Coil Ties for Formwork"}]},{"@type":"WebSite","@id":"https:\/\/qingdaohf.com\/bg\/#website","url":"https:\/\/qingdaohf.com\/bg\/","name":"Concrete Form & Rigging Hardware Supplier","description":"","publisher":{"@id":"https:\/\/qingdaohf.com\/bg\/#organization"},"potentialAction":[{"@type":"SearchAction","target":{"@type":"EntryPoint","urlTemplate":"https:\/\/qingdaohf.com\/bg\/?s={search_term_string}"},"query-input":{"@type":"PropertyValueSpecification","valueRequired":true,"valueName":"search_term_string"}}],"inLanguage":"sl-SI"},{"@type":"Organization","@id":"https:\/\/qingdaohf.com\/bg\/#organization","name":"Qingdao H&F","url":"https:\/\/qingdaohf.com\/bg\/","logo":{"@type":"ImageObject","inLanguage":"sl-SI","@id":"https:\/\/qingdaohf.com\/bg\/#\/schema\/logo\/image\/","url":"https:\/\/qingdaohf.com\/wp-content\/uploads\/2022\/12\/cropped-HF-LOGO.png","contentUrl":"https:\/\/qingdaohf.com\/wp-content\/uploads\/2022\/12\/cropped-HF-LOGO.png","width":391,"height":249,"caption":"Qingdao H&F"},"image":{"@id":"https:\/\/qingdaohf.com\/bg\/#\/schema\/logo\/image\/"},"sameAs":["https:\/\/www.facebook.com\/qingdaohf"]}]}},"_links":{"self":[{"href":"https:\/\/qingdaohf.com\/sl\/wp-json\/wp\/v2\/product\/2400","targetHints":{"allow":["GET"]}}],"collection":[{"href":"https:\/\/qingdaohf.com\/sl\/wp-json\/wp\/v2\/product"}],"about":[{"href":"https:\/\/qingdaohf.com\/sl\/wp-json\/wp\/v2\/types\/product"}],"replies":[{"embeddable":true,"href":"https:\/\/qingdaohf.com\/sl\/wp-json\/wp\/v2\/comments?post=2400"}],"version-history":[{"count":4,"href":"https:\/\/qingdaohf.com\/sl\/wp-json\/wp\/v2\/product\/2400\/revisions"}],"predecessor-version":[{"id":5653,"href":"https:\/\/qingdaohf.com\/sl\/wp-json\/wp\/v2\/product\/2400\/revisions\/5653"}],"wp:featuredmedia":[{"embeddable":true,"href":"https:\/\/qingdaohf.com\/sl\/wp-json\/wp\/v2\/media\/4704"}],"wp:attachment":[{"href":"https:\/\/qingdaohf.com\/sl\/wp-json\/wp\/v2\/media?parent=2400"}],"wp:term":[{"taxonomy":"product_brand","embeddable":true,"href":"https:\/\/qingdaohf.com\/sl\/wp-json\/wp\/v2\/product_brand?post=2400"},{"taxonomy":"product_cat","embeddable":true,"href":"https:\/\/qingdaohf.com\/sl\/wp-json\/wp\/v2\/product_cat?post=2400"},{"taxonomy":"product_tag","embeddable":true,"href":"https:\/\/qingdaohf.com\/sl\/wp-json\/wp\/v2\/product_tag?post=2400"}],"curies":[{"name":"wp","href":"https:\/\/api.w.org\/{rel}","templated":true}]}}