{"id":2646,"date":"2023-03-02T15:27:12","date_gmt":"2023-03-02T07:27:12","guid":{"rendered":"http:\/\/qingdaohf.com\/?post_type=product&#038;p=2646"},"modified":"2025-11-13T09:05:52","modified_gmt":"2025-11-13T01:05:52","slug":"elephant-foot-ferrule","status":"publish","type":"product","link":"https:\/\/qingdaohf.com\/sl\/izdelek\/roudna-naveza-slonja-noga-naveza\/","title":{"rendered":"Slonova noga"},"content":{"rendered":"<h2 class=\"text-2xl font-bold mt-1 text-text-200\">Kaj so in zakaj so pomembni okviri za slonjo nogo?<\/h2>\n<p class=\"whitespace-pre-wrap break-words\">Ste se kdaj vpra\u0161ali, zakaj se jim re\u010de \"slonja noga\"? \u010ce si jih ogledate, vam bo to jasno - ti klju\u010dni sestavni deli opreme imajo zna\u010dilno raz\u0161irjeno osnovo, ki odseva slonovo nogo. Vendar njihova edinstvena oblika ni le za prikazovanje. Ti specializirani okovi so neopevani junaki v svetu okovja, saj ustvarjajo trdne povezave med \u017ei\u010dnimi vrvmi in dvi\u017enimi sistemi. Njihova pametna zasnova enakomerno porazdeli pritisk po vseh pramenih vrvi, s \u010dimer prepre\u010dujejo raztrganine in ohranjajo trdnost vrvi, ko je to najbolj pomembno.<\/p>\n<p class=\"whitespace-pre-wrap break-words\">Bodimo realni - izbira pravega navoja ni lahkotna. Pri dvigovanju te\u017ekih tovorov, delu na morju ali pri kakr\u0161ni koli uporabi opreme, kjer je napetost zelo velika, lahko izbira navoja povzro\u010di ali prepre\u010di operacijo - v\u010dasih dobesedno. Zato poznavanje teh sestavnih delov od znotraj in od zunaj ni le koristno, temve\u010d je nujno za vse, ki se ukvarjajo s to dejavnostjo.<\/p>\n<p><img fetchpriority=\"high\" decoding=\"async\" class=\"alignnone size-full wp-image-3403\" src=\"http:\/\/qingdaohf.com\/wp-content\/uploads\/2023\/03\/50-3.jpg\" alt=\"zavihek\" width=\"1200\" height=\"412\" srcset=\"https:\/\/qingdaohf.com\/wp-content\/uploads\/2023\/03\/50-3.jpg 1200w, https:\/\/qingdaohf.com\/wp-content\/uploads\/2023\/03\/50-3-300x103.jpg 300w, https:\/\/qingdaohf.com\/wp-content\/uploads\/2023\/03\/50-3-1024x352.jpg 1024w, https:\/\/qingdaohf.com\/wp-content\/uploads\/2023\/03\/50-3-768x264.jpg 768w, https:\/\/qingdaohf.com\/wp-content\/uploads\/2023\/03\/50-3-1000x343.jpg 1000w\" sizes=\"(max-width: 1200px) 100vw, 1200px\" \/><\/p>\n<h2 class=\"text-2xl font-bold mt-1 text-text-200\">Zakaj izbrati Qingdao H&amp;F za va\u0161e ferule za slonove noge?<\/h2>\n<p class=\"whitespace-pre-wrap break-words\">V podjetju Qingdao H&amp;F se zavedamo - ko i\u0161\u010dete strojno opremo za opremljanje, potrebujete partnerja, ki zagotavlja ve\u010d kot le dele. Na podlagi dolgoletnih izku\u0161enj v mednarodni trgovini smo si ustvarili ugled z izdelavo vrhunskih navojev, ki so odli\u010dni. Vendar se zavedamo, da so odli\u010dni izdelki le izhodi\u0161\u010de.<\/p>\n<p class=\"whitespace-pre-wrap break-words\">Po \u010dem se razlikujemo? Za za\u010detek boste neposredno sodelovali z namensko osebo za podporo, ki se spozna na svoje stvari. Nobenih telefonskih dreves, nobenega zavijanja - le neposreden pogovor in re\u0161itve, prilagojene zahtevam va\u0161ega projekta. Potrebujete specifikacije po meri? Posebne certifikate? Poskrbeli bomo za vas. In ker je \u010das denar, smo poenostavili na\u0161 postopek dobave, da bo va\u0161e delovanje potekalo hitro.<\/p>\n<p class=\"whitespace-pre-wrap break-words\">Kakovost tu ni le besedna zveza. Vsako navoje gre skozi iz\u010drpno testiranje - govorimo o trdnosti materiala, odpornosti proti koroziji, natan\u010dnosti dimenzij in \u0161e \u010dem. Vsako naro\u010dilo, ne glede na to, ali gre za en kos ali tiso\u010d kosov, je opremljeno s podrobnimi poro\u010dili o pregledih. Kajti ko gre za varnost, \"dovolj dobro\" preprosto ni dovolj.<\/p>\n<h2 class=\"text-2xl font-bold mt-1 text-text-200\">Razumevanje zasnove in uporabe okovja s slonjo nogo<\/h2>\n<p class=\"whitespace-pre-wrap break-words\">Bistvo teh navojev je v njihovi zna\u010dilni obliki. \u0160ir\u0161a osnova ni le zaradi videza - ustvarja dodatno povr\u0161ino za stiskanje, ki omogo\u010da u\u010dinkovitej\u0161i oprijem \u017ei\u010dne vrvi, kot bi to lahko storili standardni okovi. Ob pritisku se obremenitev enakomerno porazdeli po pramenih vrvi, kar prepre\u010duje nastanek stresnih \u017eari\u0161\u010d, ki lahko povzro\u010dijo okvare. Ta pametna zasnova tudi zmanj\u0161uje trenje na pomembnih mestih, kar podalj\u0161uje \u017eivljenjsko dobo obro\u010da in vrvi.<\/p>\n<p class=\"whitespace-pre-wrap break-words\">Od plo\u0161\u010dadi na morju do gradbi\u0161\u010d, povsod, kjer se izvajajo resne dvi\u017ene operacije, boste na\u0161li ta okovja, ki so trdo na delu. Njihova resni\u010dna mo\u010d? Prilagodljivost. Ne glede na to, ali delate z nerjavnim jeklom, pocinkanim jeklom ali posebnimi legiranimi vrvmi, so slonovi no\u017eni okovi kos temu. Zaradi te vsestranskosti so idealni tako za stalne namestitve kot za za\u010dasne postavitve, kjer zanesljivosti ni mogo\u010de ogroziti.<\/p>\n<h2 class=\"text-2xl font-bold mt-1 text-text-200\">Kako okovje za slonove noge prispeva k varnosti in u\u010dinkovitosti<\/h2>\n<p class=\"whitespace-pre-wrap break-words\">V svetu te\u017ekih strojev in dvi\u017ene opreme ni \"manj pomembne\" komponente. Vsak kos je pomemben in ti zaklju\u010dki imajo klju\u010dno vlogo pri prepre\u010devanju no\u010dnih mor - zdrsa vrvi, strganja ali katastrofalnih zlomov. Ko dvigujete bremena, ki lahko povzro\u010dijo resno \u0161kodo ali po\u0161kodbe, \u010de gre kaj narobe, potrebujete strojno opremo, ki ji lahko zaupate.<\/p>\n<p class=\"whitespace-pre-wrap break-words\">To niso obi\u010dajni naperi. Izdelani so iz vrhunskih materialov in natan\u010dno izdelani, zato so zasnovani tako, da lahko pre\u017eivijo vihar - dobesedno. Od korozivnih okolij do ekstremnih temperatur in aplikacij z visokimi obremenitvami - delujejo tudi takrat, ko bi manj\u0161a oprema odpovedala. \u010ce to zdru\u017eite z na\u0161im strogim nadzorom kakovosti, boste imeli miren spanec, na katerega se lahko zanesete.<\/p>\n<h2 class=\"text-2xl font-bold mt-1 text-text-200\">Prednost podjetja Qingdao H&amp;F<\/h2>\n<p><img decoding=\"async\" class=\"alignnone wp-image-8732 size-full\" src=\"http:\/\/qingdaohf.com\/wp-content\/uploads\/2023\/03\/HF-packing-5-1.webp\" alt=\"Pakiranje HF\" width=\"1920\" height=\"1080\" srcset=\"https:\/\/qingdaohf.com\/wp-content\/uploads\/2023\/03\/HF-packing-5-1.webp 1920w, https:\/\/qingdaohf.com\/wp-content\/uploads\/2023\/03\/HF-packing-5-1-300x169.webp 300w, https:\/\/qingdaohf.com\/wp-content\/uploads\/2023\/03\/HF-packing-5-1-1024x576.webp 1024w, https:\/\/qingdaohf.com\/wp-content\/uploads\/2023\/03\/HF-packing-5-1-768x432.webp 768w, https:\/\/qingdaohf.com\/wp-content\/uploads\/2023\/03\/HF-packing-5-1-1536x864.webp 1536w, https:\/\/qingdaohf.com\/wp-content\/uploads\/2023\/03\/HF-packing-5-1-18x10.webp 18w, https:\/\/qingdaohf.com\/wp-content\/uploads\/2023\/03\/HF-packing-5-1-1000x563.webp 1000w\" sizes=\"(max-width: 1920px) 100vw, 1920px\" \/><\/p>\n<p class=\"whitespace-pre-wrap break-words\">Izbira podjetja H&amp;F iz mesta Qingdao pomeni ve\u010d kot le nakup ovojev - pridobite partnerja, ki vlaga v va\u0161 uspeh. Na\u0161a ekipa \u017eivi in diha z industrijo okovja in smo tukaj, da vam pomagamo pri spopadanju s takoj\u0161njimi izzivi in dolgoro\u010dnimi cilji.<\/p>\n<p class=\"whitespace-pre-wrap break-words\">Svoj ugled smo si pridobili na te\u017eaven na\u010din - z doslednim zagotavljanjem kakovostnih izdelkov, hitro dostavo in podporo, na katero se lahko zanesete. \u017delite preizkusiti, preden investirate? Poslali vam bomo brezpla\u010dne vzorce na\u0161ih izdelkov iz \u017ei\u010dnih vrvi. S tem prakti\u010dnim pristopom lahko preverite zdru\u017eljivost in zmogljivost, preden sprejmete pomembne odlo\u010ditve.<\/p>\n<h2 class=\"text-2xl font-bold mt-1 text-text-200\">Zaklju\u010dek<\/h2>\n<p class=\"whitespace-pre-wrap break-words\">Ko gre za postopke dvigovanja, slonji no\u017eni okovi niso le \u0161e en del - so mirne du\u0161e iz kovine. V podjetju Qingdao H&amp;F zdru\u017eujemo vrhunske izdelke s strokovnim znanjem in storitvami, ki jih potrebujete za nemoteno delovanje. Ne glede na to, ali se ukvarjate z gradbeni\u0161tvom, pomorskim delom ali katerim koli drugim podro\u010djem, ki zahteva neprebojne sestavne dele opreme, vam na\u0161i okovi zagotavljajo vse. Z obse\u017enim testiranjem, osebno podporo in hitrimi dobavnimi roki smo pripravljeni, da postanemo va\u0161 partner za opremo za okovje in dvigala. Ste pripravljeni izvedeti ve\u010d? Pogovorimo se o tem, kako lahko na\u0161a okovja za slonje noge izbolj\u0161ajo va\u0161 naslednji projekt.<\/p>","protected":false},"excerpt":{"rendered":"<p>Slonje noge so zelo pomembne v industriji takela\u017eiranja in dvigovanja, kjer slu\u017eijo za vzpostavitev mo\u010dne in varne povezave med \u017ei\u010dnimi vrvmi za bolj\u0161e delovanje pri te\u017ekih pogojih uporabe. Kakovost, natan\u010dnost in zdru\u017eljivost so obi\u010dajne skrbi vsakega kupca; s ferolami za slonove noge Qingdao H&amp;F si lahko zagotovite visokokakovostno re\u0161itev, ki bo izpolnila tudi najzahtevnej\u0161e zahteve. Individualne storitve za stranke, hitri dobavni cikli in iz\u010drpna poro\u010dila o preverjanju kakovosti so le nekatere od prednosti, ki zagotavljajo, da boste vsaki\u010d dobili najbolj\u0161i izdelek, prilagojen va\u0161im potrebam. Ne glede na to, ali potrebujete velikost po meri ali hitro re\u0161itev, lahko va\u0161emu projektu pomagamo na vsakem koraku.<\/p>","protected":false},"featured_media":3398,"comment_status":"open","ping_status":"closed","template":"","meta":{"site-sidebar-layout":"default","site-content-layout":"default","ast-site-content-layout":"default","site-content-style":"default","site-sidebar-style":"default","ast-global-header-display":"","ast-banner-title-visibility":"","ast-main-header-display":"","ast-hfb-above-header-display":"","ast-hfb-below-header-display":"","ast-hfb-mobile-header-display":"","site-post-title":"","ast-breadcrumbs-content":"","ast-featured-img":"","footer-sml-layout":"","theme-transparent-header-meta":"default","adv-header-id-meta":"","stick-header-meta":"default","header-above-stick-meta":"","header-main-stick-meta":"","header-below-stick-meta":"","astra-migrate-meta-layouts":"set","ast-page-background-enabled":"default","ast-page-background-meta":{"desktop":{"background-color":"","background-image":"","background-repeat":"repeat","background-position":"center center","background-size":"auto","background-attachment":"scroll","background-type":"","background-media":"","overlay-type":"","overlay-color":"","overlay-opacity":"","overlay-gradient":""},"tablet":{"background-color":"","background-image":"","background-repeat":"repeat","background-position":"center center","background-size":"auto","background-attachment":"scroll","background-type":"","background-media":"","overlay-type":"","overlay-color":"","overlay-opacity":"","overlay-gradient":""},"mobile":{"background-color":"","background-image":"","background-repeat":"repeat","background-position":"center center","background-size":"auto","background-attachment":"scroll","background-type":"","background-media":"","overlay-type":"","overlay-color":"","overlay-opacity":"","overlay-gradient":""}},"ast-content-background-meta":{"desktop":{"background-color":"var(--ast-global-color-5)","background-image":"","background-repeat":"repeat","background-position":"center center","background-size":"auto","background-attachment":"scroll","background-type":"","background-media":"","overlay-type":"","overlay-color":"","overlay-opacity":"","overlay-gradient":""},"tablet":{"background-color":"var(--ast-global-color-5)","background-image":"","background-repeat":"repeat","background-position":"center center","background-size":"auto","background-attachment":"scroll","background-type":"","background-media":"","overlay-type":"","overlay-color":"","overlay-opacity":"","overlay-gradient":""},"mobile":{"background-color":"var(--ast-global-color-5)","background-image":"","background-repeat":"repeat","background-position":"center center","background-size":"auto","background-attachment":"scroll","background-type":"","background-media":"","overlay-type":"","overlay-color":"","overlay-opacity":"","overlay-gradient":""}}},"product_brand":[],"product_cat":[50,30],"product_tag":[],"class_list":{"0":"post-2646","1":"product","2":"type-product","3":"status-publish","4":"has-post-thumbnail","6":"product_cat-concrete-form-accessories","7":"product_cat-lifting-anchor","8":"desktop-align-left","9":"tablet-align-left","10":"mobile-align-left","11":"ast-product-gallery-layout-horizontal-slider","12":"ast-product-tabs-layout-horizontal","14":"first","15":"instock","16":"shipping-taxable","17":"purchasable","18":"product-type-simple"},"yoast_head":"<!-- This site is optimized with the Yoast SEO plugin v25.2 - https:\/\/yoast.com\/wordpress\/plugins\/seo\/ -->\n<title>Elephant Foot Ferrule<\/title>\n<meta name=\"description\" content=\"Roud Ferrule and Elephant Foot Ferrule it helps to ensure the integrity and longevity of the structures we build.\" \/>\n<meta name=\"robots\" content=\"index, follow, max-snippet:-1, max-image-preview:large, max-video-preview:-1\" \/>\n<link rel=\"canonical\" href=\"https:\/\/qingdaohf.com\/sl\/izdelek\/roudna-naveza-slonja-noga-naveza\/\" \/>\n<meta property=\"og:locale\" content=\"sl_SI\" \/>\n<meta property=\"og:type\" content=\"article\" \/>\n<meta property=\"og:title\" content=\"Elephant Foot Ferrule\" \/>\n<meta property=\"og:description\" content=\"Roud Ferrule and Elephant Foot Ferrule it helps to ensure the integrity and longevity of the structures we build.\" \/>\n<meta property=\"og:url\" content=\"https:\/\/qingdaohf.com\/sl\/izdelek\/roudna-naveza-slonja-noga-naveza\/\" \/>\n<meta property=\"og:site_name\" content=\"Concrete Form &amp; Rigging Hardware Supplier\" \/>\n<meta property=\"article:publisher\" content=\"https:\/\/www.facebook.com\/qingdaohf\" \/>\n<meta property=\"article:modified_time\" content=\"2025-11-13T01:05:52+00:00\" \/>\n<meta property=\"og:image\" content=\"https:\/\/qingdaohf.com\/wp-content\/uploads\/2023\/03\/roud-ferrule-elephant-foot-ferrule-4-1.jpg\" \/>\n\t<meta property=\"og:image:width\" content=\"1000\" \/>\n\t<meta property=\"og:image:height\" content=\"1000\" \/>\n\t<meta property=\"og:image:type\" content=\"image\/jpeg\" \/>\n<meta name=\"twitter:card\" content=\"summary_large_image\" \/>\n<meta name=\"twitter:label1\" content=\"Est. reading time\" \/>\n\t<meta name=\"twitter:data1\" content=\"4 minute\" \/>\n<script type=\"application\/ld+json\" class=\"yoast-schema-graph\">{\"@context\":\"https:\/\/schema.org\",\"@graph\":[{\"@type\":\"WebPage\",\"@id\":\"https:\/\/qingdaohf.com\/product\/elephant-foot-ferrule\/\",\"url\":\"https:\/\/qingdaohf.com\/product\/elephant-foot-ferrule\/\",\"name\":\"Elephant Foot Ferrule\",\"isPartOf\":{\"@id\":\"https:\/\/qingdaohf.com\/bg\/#website\"},\"primaryImageOfPage\":{\"@id\":\"https:\/\/qingdaohf.com\/product\/elephant-foot-ferrule\/#primaryimage\"},\"image\":{\"@id\":\"https:\/\/qingdaohf.com\/product\/elephant-foot-ferrule\/#primaryimage\"},\"thumbnailUrl\":\"https:\/\/qingdaohf.com\/wp-content\/uploads\/2023\/03\/roud-ferrule-elephant-foot-ferrule-4-1.jpg\",\"datePublished\":\"2023-03-02T07:27:12+00:00\",\"dateModified\":\"2025-11-13T01:05:52+00:00\",\"description\":\"Roud Ferrule and Elephant Foot Ferrule it helps to ensure the integrity and longevity of the structures we build.\",\"breadcrumb\":{\"@id\":\"https:\/\/qingdaohf.com\/product\/elephant-foot-ferrule\/#breadcrumb\"},\"inLanguage\":\"sl-SI\",\"potentialAction\":[{\"@type\":\"ReadAction\",\"target\":[\"https:\/\/qingdaohf.com\/product\/elephant-foot-ferrule\/\"]}]},{\"@type\":\"ImageObject\",\"inLanguage\":\"sl-SI\",\"@id\":\"https:\/\/qingdaohf.com\/product\/elephant-foot-ferrule\/#primaryimage\",\"url\":\"https:\/\/qingdaohf.com\/wp-content\/uploads\/2023\/03\/roud-ferrule-elephant-foot-ferrule-4-1.jpg\",\"contentUrl\":\"https:\/\/qingdaohf.com\/wp-content\/uploads\/2023\/03\/roud-ferrule-elephant-foot-ferrule-4-1.jpg\",\"width\":1000,\"height\":1000,\"caption\":\"roud ferrule elephant foot ferrule\"},{\"@type\":\"BreadcrumbList\",\"@id\":\"https:\/\/qingdaohf.com\/product\/elephant-foot-ferrule\/#breadcrumb\",\"itemListElement\":[{\"@type\":\"ListItem\",\"position\":1,\"name\":\"Home\",\"item\":\"https:\/\/qingdaohf.com\/\"},{\"@type\":\"ListItem\",\"position\":2,\"name\":\"Concrete Forming Accessories and Rigging Hardware\",\"item\":\"https:\/\/qingdaohf.com\/bg\/?page_id=944\"},{\"@type\":\"ListItem\",\"position\":3,\"name\":\"Elephant Foot Ferrule\"}]},{\"@type\":\"WebSite\",\"@id\":\"https:\/\/qingdaohf.com\/bg\/#website\",\"url\":\"https:\/\/qingdaohf.com\/bg\/\",\"name\":\"Concrete Form & Rigging Hardware Supplier\",\"description\":\"\",\"publisher\":{\"@id\":\"https:\/\/qingdaohf.com\/bg\/#organization\"},\"potentialAction\":[{\"@type\":\"SearchAction\",\"target\":{\"@type\":\"EntryPoint\",\"urlTemplate\":\"https:\/\/qingdaohf.com\/bg\/?s={search_term_string}\"},\"query-input\":{\"@type\":\"PropertyValueSpecification\",\"valueRequired\":true,\"valueName\":\"search_term_string\"}}],\"inLanguage\":\"sl-SI\"},{\"@type\":\"Organization\",\"@id\":\"https:\/\/qingdaohf.com\/bg\/#organization\",\"name\":\"Qingdao H&F\",\"url\":\"https:\/\/qingdaohf.com\/bg\/\",\"logo\":{\"@type\":\"ImageObject\",\"inLanguage\":\"sl-SI\",\"@id\":\"https:\/\/qingdaohf.com\/bg\/#\/schema\/logo\/image\/\",\"url\":\"https:\/\/qingdaohf.com\/wp-content\/uploads\/2022\/12\/cropped-HF-LOGO.png\",\"contentUrl\":\"https:\/\/qingdaohf.com\/wp-content\/uploads\/2022\/12\/cropped-HF-LOGO.png\",\"width\":391,\"height\":249,\"caption\":\"Qingdao H&F\"},\"image\":{\"@id\":\"https:\/\/qingdaohf.com\/bg\/#\/schema\/logo\/image\/\"},\"sameAs\":[\"https:\/\/www.facebook.com\/qingdaohf\"]}]}<\/script>\n<!-- \/ Yoast SEO plugin. -->","yoast_head_json":{"title":"Elephant Foot Ferrule","description":"Roud Ferrule and Elephant Foot Ferrule it helps to ensure the integrity and longevity of the structures we build.","robots":{"index":"index","follow":"follow","max-snippet":"max-snippet:-1","max-image-preview":"max-image-preview:large","max-video-preview":"max-video-preview:-1"},"canonical":"https:\/\/qingdaohf.com\/sl\/izdelek\/roudna-naveza-slonja-noga-naveza\/","og_locale":"sl_SI","og_type":"article","og_title":"Elephant Foot Ferrule","og_description":"Roud Ferrule and Elephant Foot Ferrule it helps to ensure the integrity and longevity of the structures we build.","og_url":"https:\/\/qingdaohf.com\/sl\/izdelek\/roudna-naveza-slonja-noga-naveza\/","og_site_name":"Concrete Form &amp; Rigging Hardware Supplier","article_publisher":"https:\/\/www.facebook.com\/qingdaohf","article_modified_time":"2025-11-13T01:05:52+00:00","og_image":[{"width":1000,"height":1000,"url":"https:\/\/qingdaohf.com\/wp-content\/uploads\/2023\/03\/roud-ferrule-elephant-foot-ferrule-4-1.jpg","type":"image\/jpeg"}],"twitter_card":"summary_large_image","twitter_misc":{"Est. reading time":"4 minute"},"schema":{"@context":"https:\/\/schema.org","@graph":[{"@type":"WebPage","@id":"https:\/\/qingdaohf.com\/product\/elephant-foot-ferrule\/","url":"https:\/\/qingdaohf.com\/product\/elephant-foot-ferrule\/","name":"Elephant Foot Ferrule","isPartOf":{"@id":"https:\/\/qingdaohf.com\/bg\/#website"},"primaryImageOfPage":{"@id":"https:\/\/qingdaohf.com\/product\/elephant-foot-ferrule\/#primaryimage"},"image":{"@id":"https:\/\/qingdaohf.com\/product\/elephant-foot-ferrule\/#primaryimage"},"thumbnailUrl":"https:\/\/qingdaohf.com\/wp-content\/uploads\/2023\/03\/roud-ferrule-elephant-foot-ferrule-4-1.jpg","datePublished":"2023-03-02T07:27:12+00:00","dateModified":"2025-11-13T01:05:52+00:00","description":"Roud Ferrule and Elephant Foot Ferrule it helps to ensure the integrity and longevity of the structures we build.","breadcrumb":{"@id":"https:\/\/qingdaohf.com\/product\/elephant-foot-ferrule\/#breadcrumb"},"inLanguage":"sl-SI","potentialAction":[{"@type":"ReadAction","target":["https:\/\/qingdaohf.com\/product\/elephant-foot-ferrule\/"]}]},{"@type":"ImageObject","inLanguage":"sl-SI","@id":"https:\/\/qingdaohf.com\/product\/elephant-foot-ferrule\/#primaryimage","url":"https:\/\/qingdaohf.com\/wp-content\/uploads\/2023\/03\/roud-ferrule-elephant-foot-ferrule-4-1.jpg","contentUrl":"https:\/\/qingdaohf.com\/wp-content\/uploads\/2023\/03\/roud-ferrule-elephant-foot-ferrule-4-1.jpg","width":1000,"height":1000,"caption":"roud ferrule elephant foot ferrule"},{"@type":"BreadcrumbList","@id":"https:\/\/qingdaohf.com\/product\/elephant-foot-ferrule\/#breadcrumb","itemListElement":[{"@type":"ListItem","position":1,"name":"Home","item":"https:\/\/qingdaohf.com\/"},{"@type":"ListItem","position":2,"name":"Concrete Forming Accessories and Rigging Hardware","item":"https:\/\/qingdaohf.com\/bg\/?page_id=944"},{"@type":"ListItem","position":3,"name":"Elephant Foot Ferrule"}]},{"@type":"WebSite","@id":"https:\/\/qingdaohf.com\/bg\/#website","url":"https:\/\/qingdaohf.com\/bg\/","name":"Concrete Form & Rigging Hardware Supplier","description":"","publisher":{"@id":"https:\/\/qingdaohf.com\/bg\/#organization"},"potentialAction":[{"@type":"SearchAction","target":{"@type":"EntryPoint","urlTemplate":"https:\/\/qingdaohf.com\/bg\/?s={search_term_string}"},"query-input":{"@type":"PropertyValueSpecification","valueRequired":true,"valueName":"search_term_string"}}],"inLanguage":"sl-SI"},{"@type":"Organization","@id":"https:\/\/qingdaohf.com\/bg\/#organization","name":"Qingdao H&F","url":"https:\/\/qingdaohf.com\/bg\/","logo":{"@type":"ImageObject","inLanguage":"sl-SI","@id":"https:\/\/qingdaohf.com\/bg\/#\/schema\/logo\/image\/","url":"https:\/\/qingdaohf.com\/wp-content\/uploads\/2022\/12\/cropped-HF-LOGO.png","contentUrl":"https:\/\/qingdaohf.com\/wp-content\/uploads\/2022\/12\/cropped-HF-LOGO.png","width":391,"height":249,"caption":"Qingdao H&F"},"image":{"@id":"https:\/\/qingdaohf.com\/bg\/#\/schema\/logo\/image\/"},"sameAs":["https:\/\/www.facebook.com\/qingdaohf"]}]}},"_links":{"self":[{"href":"https:\/\/qingdaohf.com\/sl\/wp-json\/wp\/v2\/product\/2646","targetHints":{"allow":["GET"]}}],"collection":[{"href":"https:\/\/qingdaohf.com\/sl\/wp-json\/wp\/v2\/product"}],"about":[{"href":"https:\/\/qingdaohf.com\/sl\/wp-json\/wp\/v2\/types\/product"}],"replies":[{"embeddable":true,"href":"https:\/\/qingdaohf.com\/sl\/wp-json\/wp\/v2\/comments?post=2646"}],"version-history":[{"count":4,"href":"https:\/\/qingdaohf.com\/sl\/wp-json\/wp\/v2\/product\/2646\/revisions"}],"predecessor-version":[{"id":8734,"href":"https:\/\/qingdaohf.com\/sl\/wp-json\/wp\/v2\/product\/2646\/revisions\/8734"}],"wp:featuredmedia":[{"embeddable":true,"href":"https:\/\/qingdaohf.com\/sl\/wp-json\/wp\/v2\/media\/3398"}],"wp:attachment":[{"href":"https:\/\/qingdaohf.com\/sl\/wp-json\/wp\/v2\/media?parent=2646"}],"wp:term":[{"taxonomy":"product_brand","embeddable":true,"href":"https:\/\/qingdaohf.com\/sl\/wp-json\/wp\/v2\/product_brand?post=2646"},{"taxonomy":"product_cat","embeddable":true,"href":"https:\/\/qingdaohf.com\/sl\/wp-json\/wp\/v2\/product_cat?post=2646"},{"taxonomy":"product_tag","embeddable":true,"href":"https:\/\/qingdaohf.com\/sl\/wp-json\/wp\/v2\/product_tag?post=2646"}],"curies":[{"name":"wp","href":"https:\/\/api.w.org\/{rel}","templated":true}]}}