{"id":2664,"date":"2023-03-02T16:49:55","date_gmt":"2023-03-02T08:49:55","guid":{"rendered":"http:\/\/qingdaohf.com\/?post_type=product&#038;p=2664"},"modified":"2025-11-13T09:05:51","modified_gmt":"2025-11-13T01:05:51","slug":"fixing-sockets-dowel","status":"publish","type":"product","link":"https:\/\/qingdaohf.com\/sl\/izdelek\/pritrdilne-vticnice-z-moznikom\/","title":{"rendered":"Vti\u010dnice za pritrditev"},"content":{"rendered":"<p>Pritrdilne vti\u010dnice Dugi se pogosto uporabljajo za obe\u0161anje polic, omar, ogledal in drugih te\u017ekih predmetov. Zagotavljajo varno in stabilno sidrno to\u010dko za vijake in prepre\u010dujejo, da bi se pod te\u017eo predmeta izvlekli iz stene ali povr\u0161ine.<\/p>\n<p>Postopek namestitve vklju\u010duje izvrtanje luknje v povr\u0161ino, vstavitev zati\u010da v luknjo in zategnitev vijaka ali vijaka v zati\u010d. Raz\u0161irjeni konec zati\u010da se ob zategovanju vijaka raz\u0161iri, tako da se tesno prilega luknji in zagotavlja trdno sidrno to\u010dko.<\/p>\n<p>Pritrdilni vti\u010di so na voljo v razli\u010dnih velikostih in iz razli\u010dnih materialov, z razli\u010dnimi nosilnostmi in zdru\u017eljivostjo z razli\u010dnimi vrstami povr\u0161in. Pomembno je, da izberete ustrezno velikost in vrsto \u010depov za delo, da zagotovite varno in zanesljivo namestitev.<\/p>\n<p><img fetchpriority=\"high\" decoding=\"async\" class=\"alignnone wp-image-3303 size-full\" src=\"http:\/\/qingdaohf.com\/wp-content\/uploads\/2023\/03\/\u672a\u6807\u9898-1-1.jpg\" alt=\"Vti\u010dnice za pritrditev\" width=\"1200\" height=\"553\" srcset=\"https:\/\/qingdaohf.com\/wp-content\/uploads\/2023\/03\/\u672a\u6807\u9898-1-1.jpg 1200w, https:\/\/qingdaohf.com\/wp-content\/uploads\/2023\/03\/\u672a\u6807\u9898-1-1-300x138.jpg 300w, https:\/\/qingdaohf.com\/wp-content\/uploads\/2023\/03\/\u672a\u6807\u9898-1-1-1024x472.jpg 1024w, https:\/\/qingdaohf.com\/wp-content\/uploads\/2023\/03\/\u672a\u6807\u9898-1-1-768x354.jpg 768w, https:\/\/qingdaohf.com\/wp-content\/uploads\/2023\/03\/\u672a\u6807\u9898-1-1-1000x461.jpg 1000w\" sizes=\"(max-width: 1200px) 100vw, 1200px\" \/><\/p>\n<p><img decoding=\"async\" class=\"alignnone size-full wp-image-3300\" src=\"http:\/\/qingdaohf.com\/wp-content\/uploads\/2023\/03\/53-2-1.jpg\" alt=\"Vti\u010dnica za pritrditev\" width=\"1200\" height=\"380\" srcset=\"https:\/\/qingdaohf.com\/wp-content\/uploads\/2023\/03\/53-2-1.jpg 1200w, https:\/\/qingdaohf.com\/wp-content\/uploads\/2023\/03\/53-2-1-300x95.jpg 300w, https:\/\/qingdaohf.com\/wp-content\/uploads\/2023\/03\/53-2-1-1024x324.jpg 1024w, https:\/\/qingdaohf.com\/wp-content\/uploads\/2023\/03\/53-2-1-768x243.jpg 768w, https:\/\/qingdaohf.com\/wp-content\/uploads\/2023\/03\/53-2-1-1000x317.jpg 1000w\" sizes=\"(max-width: 1200px) 100vw, 1200px\" \/> <img decoding=\"async\" class=\"alignnone size-full wp-image-3301\" src=\"http:\/\/qingdaohf.com\/wp-content\/uploads\/2023\/03\/53-3-1.jpg\" alt=\"Vti\u010dnica za pritrditev\" width=\"1200\" height=\"436\" srcset=\"https:\/\/qingdaohf.com\/wp-content\/uploads\/2023\/03\/53-3-1.jpg 1200w, https:\/\/qingdaohf.com\/wp-content\/uploads\/2023\/03\/53-3-1-300x109.jpg 300w, https:\/\/qingdaohf.com\/wp-content\/uploads\/2023\/03\/53-3-1-1024x372.jpg 1024w, https:\/\/qingdaohf.com\/wp-content\/uploads\/2023\/03\/53-3-1-768x279.jpg 768w, https:\/\/qingdaohf.com\/wp-content\/uploads\/2023\/03\/53-3-1-1000x363.jpg 1000w\" sizes=\"(max-width: 1200px) 100vw, 1200px\" \/> <img loading=\"lazy\" decoding=\"async\" class=\"alignnone size-full wp-image-3302\" src=\"http:\/\/qingdaohf.com\/wp-content\/uploads\/2023\/03\/54-1-1.jpg\" alt=\"Vti\u010dnica za pritrditev\" width=\"1200\" height=\"440\" srcset=\"https:\/\/qingdaohf.com\/wp-content\/uploads\/2023\/03\/54-1-1.jpg 1200w, https:\/\/qingdaohf.com\/wp-content\/uploads\/2023\/03\/54-1-1-300x110.jpg 300w, https:\/\/qingdaohf.com\/wp-content\/uploads\/2023\/03\/54-1-1-1024x375.jpg 1024w, https:\/\/qingdaohf.com\/wp-content\/uploads\/2023\/03\/54-1-1-768x282.jpg 768w, https:\/\/qingdaohf.com\/wp-content\/uploads\/2023\/03\/54-1-1-1000x367.jpg 1000w\" sizes=\"(max-width: 1200px) 100vw, 1200px\" \/><\/p>","protected":false},"excerpt":{"rendered":"<p>Pritrdilni vti\u010dnik je vrsta strojne opreme, ki se uporablja za pritrjevanje predmetov na stene, strope in tla. Je majhna valjasta palica iz kovine ali plastike z raz\u0161irjenim koncem, ki se vstavi v predhodno izvrtano luknjo v povr\u0161ini. Na nasprotnem koncu \u010depa je luknja z navojem, v katero je mogo\u010de vstaviti vijak ali sornik.<\/p>","protected":false},"featured_media":3278,"comment_status":"open","ping_status":"closed","template":"","meta":{"site-sidebar-layout":"default","site-content-layout":"default","ast-site-content-layout":"","site-content-style":"default","site-sidebar-style":"default","ast-global-header-display":"","ast-banner-title-visibility":"","ast-main-header-display":"","ast-hfb-above-header-display":"","ast-hfb-below-header-display":"","ast-hfb-mobile-header-display":"","site-post-title":"","ast-breadcrumbs-content":"","ast-featured-img":"","footer-sml-layout":"","theme-transparent-header-meta":"default","adv-header-id-meta":"","stick-header-meta":"default","header-above-stick-meta":"","header-main-stick-meta":"","header-below-stick-meta":"","astra-migrate-meta-layouts":"default","ast-page-background-enabled":"default","ast-page-background-meta":{"desktop":{"background-color":"","background-image":"","background-repeat":"repeat","background-position":"center center","background-size":"auto","background-attachment":"scroll","background-type":"","background-media":"","overlay-type":"","overlay-color":"","overlay-opacity":"","overlay-gradient":""},"tablet":{"background-color":"","background-image":"","background-repeat":"repeat","background-position":"center center","background-size":"auto","background-attachment":"scroll","background-type":"","background-media":"","overlay-type":"","overlay-color":"","overlay-opacity":"","overlay-gradient":""},"mobile":{"background-color":"","background-image":"","background-repeat":"repeat","background-position":"center center","background-size":"auto","background-attachment":"scroll","background-type":"","background-media":"","overlay-type":"","overlay-color":"","overlay-opacity":"","overlay-gradient":""}},"ast-content-background-meta":{"desktop":{"background-color":"var(--ast-global-color-5)","background-image":"","background-repeat":"repeat","background-position":"center center","background-size":"auto","background-attachment":"scroll","background-type":"","background-media":"","overlay-type":"","overlay-color":"","overlay-opacity":"","overlay-gradient":""},"tablet":{"background-color":"var(--ast-global-color-5)","background-image":"","background-repeat":"repeat","background-position":"center center","background-size":"auto","background-attachment":"scroll","background-type":"","background-media":"","overlay-type":"","overlay-color":"","overlay-opacity":"","overlay-gradient":""},"mobile":{"background-color":"var(--ast-global-color-5)","background-image":"","background-repeat":"repeat","background-position":"center center","background-size":"auto","background-attachment":"scroll","background-type":"","background-media":"","overlay-type":"","overlay-color":"","overlay-opacity":"","overlay-gradient":""}}},"product_brand":[],"product_cat":[50,28,30],"product_tag":[],"class_list":{"0":"post-2664","1":"product","2":"type-product","3":"status-publish","4":"has-post-thumbnail","6":"product_cat-concrete-form-accessories","7":"product_cat-concrete-forming","8":"product_cat-lifting-anchor","9":"desktop-align-left","10":"tablet-align-left","11":"mobile-align-left","12":"ast-product-gallery-layout-horizontal-slider","13":"ast-product-tabs-layout-horizontal","15":"first","16":"instock","17":"shipping-taxable","18":"purchasable","19":"product-type-simple"},"yoast_head":"<!-- This site is optimized with the Yoast SEO plugin v25.2 - https:\/\/yoast.com\/wordpress\/plugins\/seo\/ -->\n<title>Fixing Sockets Dowel<\/title>\n<meta name=\"description\" content=\"A Fixing Sockets Dowel is a type of hardware used for fixing objects to walls, ceilings, and floors. It is a small cylindrical rod made of metal or plastic, with a flared end that is inserted into a pre-drilled hole in the surface.\" \/>\n<meta name=\"robots\" content=\"index, follow, max-snippet:-1, max-image-preview:large, max-video-preview:-1\" \/>\n<link rel=\"canonical\" href=\"https:\/\/qingdaohf.com\/sl\/izdelek\/pritrdilne-vticnice-z-moznikom\/\" \/>\n<meta property=\"og:locale\" content=\"sl_SI\" \/>\n<meta property=\"og:type\" content=\"article\" \/>\n<meta property=\"og:title\" content=\"Fixing Sockets Dowel\" \/>\n<meta property=\"og:description\" content=\"A Fixing Sockets Dowel is a type of hardware used for fixing objects to walls, ceilings, and floors. It is a small cylindrical rod made of metal or plastic, with a flared end that is inserted into a pre-drilled hole in the surface.\" \/>\n<meta property=\"og:url\" content=\"https:\/\/qingdaohf.com\/sl\/izdelek\/pritrdilne-vticnice-z-moznikom\/\" \/>\n<meta property=\"og:site_name\" content=\"Concrete Form &amp; Rigging Hardware Supplier\" \/>\n<meta property=\"article:publisher\" content=\"https:\/\/www.facebook.com\/qingdaohf\" \/>\n<meta property=\"article:modified_time\" content=\"2025-11-13T01:05:51+00:00\" \/>\n<meta property=\"og:image\" content=\"https:\/\/qingdaohf.com\/wp-content\/uploads\/2023\/03\/dowel-fixing-sockets-1.jpg\" \/>\n\t<meta property=\"og:image:width\" content=\"1000\" \/>\n\t<meta property=\"og:image:height\" content=\"1000\" \/>\n\t<meta property=\"og:image:type\" content=\"image\/jpeg\" \/>\n<meta name=\"twitter:card\" content=\"summary_large_image\" \/>\n<meta name=\"twitter:label1\" content=\"Est. reading time\" \/>\n\t<meta name=\"twitter:data1\" content=\"2 minuti\" \/>\n<script type=\"application\/ld+json\" class=\"yoast-schema-graph\">{\"@context\":\"https:\/\/schema.org\",\"@graph\":[{\"@type\":\"WebPage\",\"@id\":\"https:\/\/qingdaohf.com\/product\/fixing-sockets-dowel\/\",\"url\":\"https:\/\/qingdaohf.com\/product\/fixing-sockets-dowel\/\",\"name\":\"Fixing Sockets Dowel\",\"isPartOf\":{\"@id\":\"https:\/\/qingdaohf.com\/bg\/#website\"},\"primaryImageOfPage\":{\"@id\":\"https:\/\/qingdaohf.com\/product\/fixing-sockets-dowel\/#primaryimage\"},\"image\":{\"@id\":\"https:\/\/qingdaohf.com\/product\/fixing-sockets-dowel\/#primaryimage\"},\"thumbnailUrl\":\"https:\/\/qingdaohf.com\/wp-content\/uploads\/2023\/03\/dowel-fixing-sockets-1.jpg\",\"datePublished\":\"2023-03-02T08:49:55+00:00\",\"dateModified\":\"2025-11-13T01:05:51+00:00\",\"description\":\"A Fixing Sockets Dowel is a type of hardware used for fixing objects to walls, ceilings, and floors. It is a small cylindrical rod made of metal or plastic, with a flared end that is inserted into a pre-drilled hole in the surface.\",\"breadcrumb\":{\"@id\":\"https:\/\/qingdaohf.com\/product\/fixing-sockets-dowel\/#breadcrumb\"},\"inLanguage\":\"sl-SI\",\"potentialAction\":[{\"@type\":\"ReadAction\",\"target\":[\"https:\/\/qingdaohf.com\/product\/fixing-sockets-dowel\/\"]}]},{\"@type\":\"ImageObject\",\"inLanguage\":\"sl-SI\",\"@id\":\"https:\/\/qingdaohf.com\/product\/fixing-sockets-dowel\/#primaryimage\",\"url\":\"https:\/\/qingdaohf.com\/wp-content\/uploads\/2023\/03\/dowel-fixing-sockets-1.jpg\",\"contentUrl\":\"https:\/\/qingdaohf.com\/wp-content\/uploads\/2023\/03\/dowel-fixing-sockets-1.jpg\",\"width\":1000,\"height\":1000,\"caption\":\"fixing sockets\"},{\"@type\":\"BreadcrumbList\",\"@id\":\"https:\/\/qingdaohf.com\/product\/fixing-sockets-dowel\/#breadcrumb\",\"itemListElement\":[{\"@type\":\"ListItem\",\"position\":1,\"name\":\"Home\",\"item\":\"https:\/\/qingdaohf.com\/\"},{\"@type\":\"ListItem\",\"position\":2,\"name\":\"Concrete Forming Accessories and Rigging Hardware\",\"item\":\"https:\/\/qingdaohf.com\/bg\/?page_id=944\"},{\"@type\":\"ListItem\",\"position\":3,\"name\":\"Fixing Sockets Dowel\"}]},{\"@type\":\"WebSite\",\"@id\":\"https:\/\/qingdaohf.com\/bg\/#website\",\"url\":\"https:\/\/qingdaohf.com\/bg\/\",\"name\":\"Concrete Form & Rigging Hardware Supplier\",\"description\":\"\",\"publisher\":{\"@id\":\"https:\/\/qingdaohf.com\/bg\/#organization\"},\"potentialAction\":[{\"@type\":\"SearchAction\",\"target\":{\"@type\":\"EntryPoint\",\"urlTemplate\":\"https:\/\/qingdaohf.com\/bg\/?s={search_term_string}\"},\"query-input\":{\"@type\":\"PropertyValueSpecification\",\"valueRequired\":true,\"valueName\":\"search_term_string\"}}],\"inLanguage\":\"sl-SI\"},{\"@type\":\"Organization\",\"@id\":\"https:\/\/qingdaohf.com\/bg\/#organization\",\"name\":\"Qingdao H&F\",\"url\":\"https:\/\/qingdaohf.com\/bg\/\",\"logo\":{\"@type\":\"ImageObject\",\"inLanguage\":\"sl-SI\",\"@id\":\"https:\/\/qingdaohf.com\/bg\/#\/schema\/logo\/image\/\",\"url\":\"https:\/\/qingdaohf.com\/wp-content\/uploads\/2022\/12\/cropped-HF-LOGO.png\",\"contentUrl\":\"https:\/\/qingdaohf.com\/wp-content\/uploads\/2022\/12\/cropped-HF-LOGO.png\",\"width\":391,\"height\":249,\"caption\":\"Qingdao H&F\"},\"image\":{\"@id\":\"https:\/\/qingdaohf.com\/bg\/#\/schema\/logo\/image\/\"},\"sameAs\":[\"https:\/\/www.facebook.com\/qingdaohf\"]}]}<\/script>\n<!-- \/ Yoast SEO plugin. -->","yoast_head_json":{"title":"Fixing Sockets Dowel","description":"A Fixing Sockets Dowel is a type of hardware used for fixing objects to walls, ceilings, and floors. It is a small cylindrical rod made of metal or plastic, with a flared end that is inserted into a pre-drilled hole in the surface.","robots":{"index":"index","follow":"follow","max-snippet":"max-snippet:-1","max-image-preview":"max-image-preview:large","max-video-preview":"max-video-preview:-1"},"canonical":"https:\/\/qingdaohf.com\/sl\/izdelek\/pritrdilne-vticnice-z-moznikom\/","og_locale":"sl_SI","og_type":"article","og_title":"Fixing Sockets Dowel","og_description":"A Fixing Sockets Dowel is a type of hardware used for fixing objects to walls, ceilings, and floors. It is a small cylindrical rod made of metal or plastic, with a flared end that is inserted into a pre-drilled hole in the surface.","og_url":"https:\/\/qingdaohf.com\/sl\/izdelek\/pritrdilne-vticnice-z-moznikom\/","og_site_name":"Concrete Form &amp; Rigging Hardware Supplier","article_publisher":"https:\/\/www.facebook.com\/qingdaohf","article_modified_time":"2025-11-13T01:05:51+00:00","og_image":[{"width":1000,"height":1000,"url":"https:\/\/qingdaohf.com\/wp-content\/uploads\/2023\/03\/dowel-fixing-sockets-1.jpg","type":"image\/jpeg"}],"twitter_card":"summary_large_image","twitter_misc":{"Est. reading time":"2 minuti"},"schema":{"@context":"https:\/\/schema.org","@graph":[{"@type":"WebPage","@id":"https:\/\/qingdaohf.com\/product\/fixing-sockets-dowel\/","url":"https:\/\/qingdaohf.com\/product\/fixing-sockets-dowel\/","name":"Fixing Sockets Dowel","isPartOf":{"@id":"https:\/\/qingdaohf.com\/bg\/#website"},"primaryImageOfPage":{"@id":"https:\/\/qingdaohf.com\/product\/fixing-sockets-dowel\/#primaryimage"},"image":{"@id":"https:\/\/qingdaohf.com\/product\/fixing-sockets-dowel\/#primaryimage"},"thumbnailUrl":"https:\/\/qingdaohf.com\/wp-content\/uploads\/2023\/03\/dowel-fixing-sockets-1.jpg","datePublished":"2023-03-02T08:49:55+00:00","dateModified":"2025-11-13T01:05:51+00:00","description":"A Fixing Sockets Dowel is a type of hardware used for fixing objects to walls, ceilings, and floors. It is a small cylindrical rod made of metal or plastic, with a flared end that is inserted into a pre-drilled hole in the surface.","breadcrumb":{"@id":"https:\/\/qingdaohf.com\/product\/fixing-sockets-dowel\/#breadcrumb"},"inLanguage":"sl-SI","potentialAction":[{"@type":"ReadAction","target":["https:\/\/qingdaohf.com\/product\/fixing-sockets-dowel\/"]}]},{"@type":"ImageObject","inLanguage":"sl-SI","@id":"https:\/\/qingdaohf.com\/product\/fixing-sockets-dowel\/#primaryimage","url":"https:\/\/qingdaohf.com\/wp-content\/uploads\/2023\/03\/dowel-fixing-sockets-1.jpg","contentUrl":"https:\/\/qingdaohf.com\/wp-content\/uploads\/2023\/03\/dowel-fixing-sockets-1.jpg","width":1000,"height":1000,"caption":"fixing sockets"},{"@type":"BreadcrumbList","@id":"https:\/\/qingdaohf.com\/product\/fixing-sockets-dowel\/#breadcrumb","itemListElement":[{"@type":"ListItem","position":1,"name":"Home","item":"https:\/\/qingdaohf.com\/"},{"@type":"ListItem","position":2,"name":"Concrete Forming Accessories and Rigging Hardware","item":"https:\/\/qingdaohf.com\/bg\/?page_id=944"},{"@type":"ListItem","position":3,"name":"Fixing Sockets Dowel"}]},{"@type":"WebSite","@id":"https:\/\/qingdaohf.com\/bg\/#website","url":"https:\/\/qingdaohf.com\/bg\/","name":"Concrete Form & Rigging Hardware Supplier","description":"","publisher":{"@id":"https:\/\/qingdaohf.com\/bg\/#organization"},"potentialAction":[{"@type":"SearchAction","target":{"@type":"EntryPoint","urlTemplate":"https:\/\/qingdaohf.com\/bg\/?s={search_term_string}"},"query-input":{"@type":"PropertyValueSpecification","valueRequired":true,"valueName":"search_term_string"}}],"inLanguage":"sl-SI"},{"@type":"Organization","@id":"https:\/\/qingdaohf.com\/bg\/#organization","name":"Qingdao H&F","url":"https:\/\/qingdaohf.com\/bg\/","logo":{"@type":"ImageObject","inLanguage":"sl-SI","@id":"https:\/\/qingdaohf.com\/bg\/#\/schema\/logo\/image\/","url":"https:\/\/qingdaohf.com\/wp-content\/uploads\/2022\/12\/cropped-HF-LOGO.png","contentUrl":"https:\/\/qingdaohf.com\/wp-content\/uploads\/2022\/12\/cropped-HF-LOGO.png","width":391,"height":249,"caption":"Qingdao H&F"},"image":{"@id":"https:\/\/qingdaohf.com\/bg\/#\/schema\/logo\/image\/"},"sameAs":["https:\/\/www.facebook.com\/qingdaohf"]}]}},"_links":{"self":[{"href":"https:\/\/qingdaohf.com\/sl\/wp-json\/wp\/v2\/product\/2664","targetHints":{"allow":["GET"]}}],"collection":[{"href":"https:\/\/qingdaohf.com\/sl\/wp-json\/wp\/v2\/product"}],"about":[{"href":"https:\/\/qingdaohf.com\/sl\/wp-json\/wp\/v2\/types\/product"}],"replies":[{"embeddable":true,"href":"https:\/\/qingdaohf.com\/sl\/wp-json\/wp\/v2\/comments?post=2664"}],"version-history":[{"count":1,"href":"https:\/\/qingdaohf.com\/sl\/wp-json\/wp\/v2\/product\/2664\/revisions"}],"predecessor-version":[{"id":6118,"href":"https:\/\/qingdaohf.com\/sl\/wp-json\/wp\/v2\/product\/2664\/revisions\/6118"}],"wp:featuredmedia":[{"embeddable":true,"href":"https:\/\/qingdaohf.com\/sl\/wp-json\/wp\/v2\/media\/3278"}],"wp:attachment":[{"href":"https:\/\/qingdaohf.com\/sl\/wp-json\/wp\/v2\/media?parent=2664"}],"wp:term":[{"taxonomy":"product_brand","embeddable":true,"href":"https:\/\/qingdaohf.com\/sl\/wp-json\/wp\/v2\/product_brand?post=2664"},{"taxonomy":"product_cat","embeddable":true,"href":"https:\/\/qingdaohf.com\/sl\/wp-json\/wp\/v2\/product_cat?post=2664"},{"taxonomy":"product_tag","embeddable":true,"href":"https:\/\/qingdaohf.com\/sl\/wp-json\/wp\/v2\/product_tag?post=2664"}],"curies":[{"name":"wp","href":"https:\/\/api.w.org\/{rel}","templated":true}]}}