{"id":2698,"date":"2023-03-06T17:54:45","date_gmt":"2023-03-06T09:54:45","guid":{"rendered":"http:\/\/qingdaohf.com\/?post_type=product&#038;p=2698"},"modified":"2025-11-13T09:05:32","modified_gmt":"2025-11-13T01:05:32","slug":"magnetic-recess-former","status":"publish","type":"product","link":"https:\/\/qingdaohf.com\/sl\/izdelek\/magnetna-vdolbina\/","title":{"rendered":"Magnetna vdolbina Former"},"content":{"rendered":"<p>Magnet za izdelavo vdolbin za monta\u017eni beton je specializirano orodje, ki se uporablja v gradbeni\u0161tvu za izdelavo vdolbin ali praznin v monta\u017enih betonskih komponentah. Sestavljen je iz magneta in jeklenega ohi\u0161ja, ki se namestita v kalup, preden se vlije beton. Ko se beton strdi, se magnet odstrani in v betonu ostane popolnoma oblikovana vdolbina.<\/p>\n<p>Te vdolbine se pogosto uporabljajo za la\u017ejo namestitev napeljav ali sestavnih delov, kot so elektri\u010dne omarice ali vodovodne cevi. Uporaba magnetov za izdelavo vdolbin v monta\u017enem betonu lahko znatno pospe\u0161i postopek gradnje in zmanj\u0161a stro\u0161ke dela, saj ni treba ro\u010dno rezati ali vrtati vdolbin.<\/p>\n<p><strong>Magnetna podlaga<\/strong>: Vdolbinica je opremljena z mo\u010dnimi magneti, ki se zanesljivo pritrdijo na kovinske povr\u0161ine ter zagotavljajo stabilnost in natan\u010dno pozicioniranje med namestitvijo.<\/p>\n<p><strong>Nastavljiva globina<\/strong>: Uporabniki lahko zlahka prilagodijo globino vdolbine, da izpolnijo posebne zahteve, kar omogo\u010da prilagodljivost pri namestitvi razli\u010dnih napeljav in elektri\u010dnih komponent.<\/p>\n<p><strong>Enostavna namestitev<\/strong>: Magnetni nastavek za vdolbine poenostavi postopek izdelave vdolbin in odpravi potrebo po zapletenem merjenju in ozna\u010devanju. Njegova intuitivna zasnova omogo\u010da hitro in natan\u010dno vgradnjo, kar prihrani \u010das in trud na delovnem mestu.<\/p>\n<p><strong>Trajna konstrukcija<\/strong>: Iz visokokakovostnih materialov izdelan vgradni nastavek je zasnovan tako, da vzdr\u017ei stroga gradbena okolja ter zagotavlja dolgotrajno vzdr\u017eljivost in zanesljivost.<\/p>\n<p><strong>Vsestranska zdru\u017eljivost<\/strong>: Magnetna vdolbina je zdru\u017eljiva s \u0161tevilnimi materiali, kot so mav\u010dne plo\u0161\u010de, les, omet in drugi, zato je primerna za razli\u010dne gradbene in prenovitvene projekte.<\/p>\n<p><strong>Varnost<\/strong>: Vdolbinica spodbuja varnost, saj omogo\u010da natan\u010dno in nadzorovano izdelavo vdolbin, kar zmanj\u0161uje tveganje napak ali nesre\u010d med vgradnjo.<\/p>\n<div class=\"ast-oembed-container\" style=\"height: 100%;\"><iframe title=\"testiranje nekdanjega magneta\" width=\"500\" height=\"281\" src=\"https:\/\/www.youtube.com\/embed\/qN5QjbRsaqI?feature=oembed\" frameborder=\"0\" allow=\"accelerometer; autoplay; clipboard-write; encrypted-media; gyroscope; picture-in-picture; web-share\" referrerpolicy=\"strict-origin-when-cross-origin\" allowfullscreen><\/iframe><\/div>\n<p><img fetchpriority=\"high\" decoding=\"async\" class=\"alignnone size-full wp-image-3492\" src=\"http:\/\/qingdaohf.com\/wp-content\/uploads\/2023\/03\/73-1.jpg\" alt=\"zavihek\" width=\"1200\" height=\"1288\" srcset=\"https:\/\/qingdaohf.com\/wp-content\/uploads\/2023\/03\/73-1.jpg 1200w, https:\/\/qingdaohf.com\/wp-content\/uploads\/2023\/03\/73-1-280x300.jpg 280w, https:\/\/qingdaohf.com\/wp-content\/uploads\/2023\/03\/73-1-954x1024.jpg 954w, https:\/\/qingdaohf.com\/wp-content\/uploads\/2023\/03\/73-1-768x824.jpg 768w, https:\/\/qingdaohf.com\/wp-content\/uploads\/2023\/03\/73-1-1000x1073.jpg 1000w\" sizes=\"(max-width: 1200px) 100vw, 1200px\" \/><\/p>\n<p><img decoding=\"async\" class=\"alignnone size-full wp-image-3496\" src=\"http:\/\/qingdaohf.com\/wp-content\/uploads\/2023\/03\/recess-former-magnet-8.jpg\" alt=\"vdolbina nekdanji magnet\" width=\"800\" height=\"1777\" srcset=\"https:\/\/qingdaohf.com\/wp-content\/uploads\/2023\/03\/recess-former-magnet-8.jpg 800w, https:\/\/qingdaohf.com\/wp-content\/uploads\/2023\/03\/recess-former-magnet-8-135x300.jpg 135w, https:\/\/qingdaohf.com\/wp-content\/uploads\/2023\/03\/recess-former-magnet-8-461x1024.jpg 461w, https:\/\/qingdaohf.com\/wp-content\/uploads\/2023\/03\/recess-former-magnet-8-768x1706.jpg 768w, https:\/\/qingdaohf.com\/wp-content\/uploads\/2023\/03\/recess-former-magnet-8-692x1536.jpg 692w\" sizes=\"(max-width: 800px) 100vw, 800px\" \/> \u00a0<img decoding=\"async\" class=\"alignnone size-full wp-image-3495\" src=\"http:\/\/qingdaohf.com\/wp-content\/uploads\/2023\/03\/recess-former-magnet-7.jpg\" alt=\"vdolbina nekdanji magnet\" width=\"800\" height=\"1777\" srcset=\"https:\/\/qingdaohf.com\/wp-content\/uploads\/2023\/03\/recess-former-magnet-7.jpg 800w, https:\/\/qingdaohf.com\/wp-content\/uploads\/2023\/03\/recess-former-magnet-7-135x300.jpg 135w, https:\/\/qingdaohf.com\/wp-content\/uploads\/2023\/03\/recess-former-magnet-7-461x1024.jpg 461w, https:\/\/qingdaohf.com\/wp-content\/uploads\/2023\/03\/recess-former-magnet-7-768x1706.jpg 768w, https:\/\/qingdaohf.com\/wp-content\/uploads\/2023\/03\/recess-former-magnet-7-692x1536.jpg 692w\" sizes=\"(max-width: 800px) 100vw, 800px\" \/><\/p>","protected":false},"excerpt":{"rendered":"<p>Magnetni nastavek za vdolbine je revolucionarno orodje, zasnovano za uporabo pri gradbenih in obnovitvenih projektih. Uporablja se kot priro\u010dna re\u0161itev za ustvarjanje vdolbin ali vdolbinic v razli\u010dnih materialih, vklju\u010dno s suhomonta\u017enimi plo\u0161\u010dami, lesom in ometom, za namestitev elektri\u010dnih vti\u010dnic, stikal in drugih napeljav.<\/p>","protected":false},"featured_media":3489,"comment_status":"open","ping_status":"closed","template":"","meta":{"site-sidebar-layout":"default","site-content-layout":"default","ast-site-content-layout":"default","site-content-style":"default","site-sidebar-style":"default","ast-global-header-display":"","ast-banner-title-visibility":"","ast-main-header-display":"","ast-hfb-above-header-display":"","ast-hfb-below-header-display":"","ast-hfb-mobile-header-display":"","site-post-title":"","ast-breadcrumbs-content":"","ast-featured-img":"","footer-sml-layout":"","theme-transparent-header-meta":"default","adv-header-id-meta":"","stick-header-meta":"default","header-above-stick-meta":"","header-main-stick-meta":"","header-below-stick-meta":"","astra-migrate-meta-layouts":"set","ast-page-background-enabled":"default","ast-page-background-meta":{"desktop":{"background-color":"","background-image":"","background-repeat":"repeat","background-position":"center center","background-size":"auto","background-attachment":"scroll","background-type":"","background-media":"","overlay-type":"","overlay-color":"","overlay-opacity":"","overlay-gradient":""},"tablet":{"background-color":"","background-image":"","background-repeat":"repeat","background-position":"center center","background-size":"auto","background-attachment":"scroll","background-type":"","background-media":"","overlay-type":"","overlay-color":"","overlay-opacity":"","overlay-gradient":""},"mobile":{"background-color":"","background-image":"","background-repeat":"repeat","background-position":"center center","background-size":"auto","background-attachment":"scroll","background-type":"","background-media":"","overlay-type":"","overlay-color":"","overlay-opacity":"","overlay-gradient":""}},"ast-content-background-meta":{"desktop":{"background-color":"var(--ast-global-color-5)","background-image":"","background-repeat":"repeat","background-position":"center center","background-size":"auto","background-attachment":"scroll","background-type":"","background-media":"","overlay-type":"","overlay-color":"","overlay-opacity":"","overlay-gradient":""},"tablet":{"background-color":"var(--ast-global-color-5)","background-image":"","background-repeat":"repeat","background-position":"center center","background-size":"auto","background-attachment":"scroll","background-type":"","background-media":"","overlay-type":"","overlay-color":"","overlay-opacity":"","overlay-gradient":""},"mobile":{"background-color":"var(--ast-global-color-5)","background-image":"","background-repeat":"repeat","background-position":"center center","background-size":"auto","background-attachment":"scroll","background-type":"","background-media":"","overlay-type":"","overlay-color":"","overlay-opacity":"","overlay-gradient":""}}},"product_brand":[],"product_cat":[28],"product_tag":[],"class_list":{"0":"post-2698","1":"product","2":"type-product","3":"status-publish","4":"has-post-thumbnail","6":"product_cat-concrete-forming","7":"desktop-align-left","8":"tablet-align-left","9":"mobile-align-left","10":"ast-product-gallery-layout-horizontal-slider","11":"ast-product-tabs-layout-horizontal","13":"first","14":"instock","15":"shipping-taxable","16":"purchasable","17":"product-type-simple"},"yoast_head":"<!-- This site is optimized with the Yoast SEO plugin v25.2 - https:\/\/yoast.com\/wordpress\/plugins\/seo\/ -->\n<title>Magnetic Recess Former<\/title>\n<meta name=\"description\" content=\"A precast concrete recess former magnet is a specialized tool used in construction to create recesses or voids in precast concrete components.\" \/>\n<meta name=\"robots\" content=\"index, follow, max-snippet:-1, max-image-preview:large, max-video-preview:-1\" \/>\n<link rel=\"canonical\" href=\"https:\/\/qingdaohf.com\/sl\/izdelek\/magnetna-vdolbina\/\" \/>\n<meta property=\"og:locale\" content=\"sl_SI\" \/>\n<meta property=\"og:type\" content=\"article\" \/>\n<meta property=\"og:title\" content=\"Magnetic Recess Former\" \/>\n<meta property=\"og:description\" content=\"A precast concrete recess former magnet is a specialized tool used in construction to create recesses or voids in precast concrete components.\" \/>\n<meta property=\"og:url\" content=\"https:\/\/qingdaohf.com\/sl\/izdelek\/magnetna-vdolbina\/\" \/>\n<meta property=\"og:site_name\" content=\"Concrete Form &amp; Rigging Hardware Supplier\" \/>\n<meta property=\"article:publisher\" content=\"https:\/\/www.facebook.com\/qingdaohf\" \/>\n<meta property=\"article:modified_time\" content=\"2025-11-13T01:05:32+00:00\" \/>\n<meta property=\"og:image\" content=\"https:\/\/qingdaohf.com\/wp-content\/uploads\/2023\/03\/recess-former-magnet-5.jpg\" \/>\n\t<meta property=\"og:image:width\" content=\"1000\" \/>\n\t<meta property=\"og:image:height\" content=\"1000\" \/>\n\t<meta property=\"og:image:type\" content=\"image\/jpeg\" \/>\n<meta name=\"twitter:card\" content=\"summary_large_image\" \/>\n<meta name=\"twitter:label1\" content=\"Est. reading time\" \/>\n\t<meta name=\"twitter:data1\" content=\"2 minuti\" \/>\n<script type=\"application\/ld+json\" class=\"yoast-schema-graph\">{\"@context\":\"https:\/\/schema.org\",\"@graph\":[{\"@type\":\"WebPage\",\"@id\":\"https:\/\/qingdaohf.com\/product\/magnetic-recess-former\/\",\"url\":\"https:\/\/qingdaohf.com\/product\/magnetic-recess-former\/\",\"name\":\"Magnetic Recess Former\",\"isPartOf\":{\"@id\":\"https:\/\/qingdaohf.com\/bg\/#website\"},\"primaryImageOfPage\":{\"@id\":\"https:\/\/qingdaohf.com\/product\/magnetic-recess-former\/#primaryimage\"},\"image\":{\"@id\":\"https:\/\/qingdaohf.com\/product\/magnetic-recess-former\/#primaryimage\"},\"thumbnailUrl\":\"https:\/\/qingdaohf.com\/wp-content\/uploads\/2023\/03\/recess-former-magnet-5.jpg\",\"datePublished\":\"2023-03-06T09:54:45+00:00\",\"dateModified\":\"2025-11-13T01:05:32+00:00\",\"description\":\"A precast concrete recess former magnet is a specialized tool used in construction to create recesses or voids in precast concrete components.\",\"breadcrumb\":{\"@id\":\"https:\/\/qingdaohf.com\/product\/magnetic-recess-former\/#breadcrumb\"},\"inLanguage\":\"sl-SI\",\"potentialAction\":[{\"@type\":\"ReadAction\",\"target\":[\"https:\/\/qingdaohf.com\/product\/magnetic-recess-former\/\"]}]},{\"@type\":\"ImageObject\",\"inLanguage\":\"sl-SI\",\"@id\":\"https:\/\/qingdaohf.com\/product\/magnetic-recess-former\/#primaryimage\",\"url\":\"https:\/\/qingdaohf.com\/wp-content\/uploads\/2023\/03\/recess-former-magnet-5.jpg\",\"contentUrl\":\"https:\/\/qingdaohf.com\/wp-content\/uploads\/2023\/03\/recess-former-magnet-5.jpg\",\"width\":1000,\"height\":1000,\"caption\":\"recess former magnet\"},{\"@type\":\"BreadcrumbList\",\"@id\":\"https:\/\/qingdaohf.com\/product\/magnetic-recess-former\/#breadcrumb\",\"itemListElement\":[{\"@type\":\"ListItem\",\"position\":1,\"name\":\"Home\",\"item\":\"https:\/\/qingdaohf.com\/\"},{\"@type\":\"ListItem\",\"position\":2,\"name\":\"Concrete Forming Accessories and Rigging Hardware\",\"item\":\"https:\/\/qingdaohf.com\/bg\/?page_id=944\"},{\"@type\":\"ListItem\",\"position\":3,\"name\":\"Magnetic Recess Former\"}]},{\"@type\":\"WebSite\",\"@id\":\"https:\/\/qingdaohf.com\/bg\/#website\",\"url\":\"https:\/\/qingdaohf.com\/bg\/\",\"name\":\"Concrete Form & Rigging Hardware Supplier\",\"description\":\"\",\"publisher\":{\"@id\":\"https:\/\/qingdaohf.com\/bg\/#organization\"},\"potentialAction\":[{\"@type\":\"SearchAction\",\"target\":{\"@type\":\"EntryPoint\",\"urlTemplate\":\"https:\/\/qingdaohf.com\/bg\/?s={search_term_string}\"},\"query-input\":{\"@type\":\"PropertyValueSpecification\",\"valueRequired\":true,\"valueName\":\"search_term_string\"}}],\"inLanguage\":\"sl-SI\"},{\"@type\":\"Organization\",\"@id\":\"https:\/\/qingdaohf.com\/bg\/#organization\",\"name\":\"Qingdao H&F\",\"url\":\"https:\/\/qingdaohf.com\/bg\/\",\"logo\":{\"@type\":\"ImageObject\",\"inLanguage\":\"sl-SI\",\"@id\":\"https:\/\/qingdaohf.com\/bg\/#\/schema\/logo\/image\/\",\"url\":\"https:\/\/qingdaohf.com\/wp-content\/uploads\/2022\/12\/cropped-HF-LOGO.png\",\"contentUrl\":\"https:\/\/qingdaohf.com\/wp-content\/uploads\/2022\/12\/cropped-HF-LOGO.png\",\"width\":391,\"height\":249,\"caption\":\"Qingdao H&F\"},\"image\":{\"@id\":\"https:\/\/qingdaohf.com\/bg\/#\/schema\/logo\/image\/\"},\"sameAs\":[\"https:\/\/www.facebook.com\/qingdaohf\"]}]}<\/script>\n<!-- \/ Yoast SEO plugin. -->","yoast_head_json":{"title":"Magnetic Recess Former","description":"A precast concrete recess former magnet is a specialized tool used in construction to create recesses or voids in precast concrete components.","robots":{"index":"index","follow":"follow","max-snippet":"max-snippet:-1","max-image-preview":"max-image-preview:large","max-video-preview":"max-video-preview:-1"},"canonical":"https:\/\/qingdaohf.com\/sl\/izdelek\/magnetna-vdolbina\/","og_locale":"sl_SI","og_type":"article","og_title":"Magnetic Recess Former","og_description":"A precast concrete recess former magnet is a specialized tool used in construction to create recesses or voids in precast concrete components.","og_url":"https:\/\/qingdaohf.com\/sl\/izdelek\/magnetna-vdolbina\/","og_site_name":"Concrete Form &amp; Rigging Hardware Supplier","article_publisher":"https:\/\/www.facebook.com\/qingdaohf","article_modified_time":"2025-11-13T01:05:32+00:00","og_image":[{"width":1000,"height":1000,"url":"https:\/\/qingdaohf.com\/wp-content\/uploads\/2023\/03\/recess-former-magnet-5.jpg","type":"image\/jpeg"}],"twitter_card":"summary_large_image","twitter_misc":{"Est. reading time":"2 minuti"},"schema":{"@context":"https:\/\/schema.org","@graph":[{"@type":"WebPage","@id":"https:\/\/qingdaohf.com\/product\/magnetic-recess-former\/","url":"https:\/\/qingdaohf.com\/product\/magnetic-recess-former\/","name":"Magnetic Recess Former","isPartOf":{"@id":"https:\/\/qingdaohf.com\/bg\/#website"},"primaryImageOfPage":{"@id":"https:\/\/qingdaohf.com\/product\/magnetic-recess-former\/#primaryimage"},"image":{"@id":"https:\/\/qingdaohf.com\/product\/magnetic-recess-former\/#primaryimage"},"thumbnailUrl":"https:\/\/qingdaohf.com\/wp-content\/uploads\/2023\/03\/recess-former-magnet-5.jpg","datePublished":"2023-03-06T09:54:45+00:00","dateModified":"2025-11-13T01:05:32+00:00","description":"A precast concrete recess former magnet is a specialized tool used in construction to create recesses or voids in precast concrete components.","breadcrumb":{"@id":"https:\/\/qingdaohf.com\/product\/magnetic-recess-former\/#breadcrumb"},"inLanguage":"sl-SI","potentialAction":[{"@type":"ReadAction","target":["https:\/\/qingdaohf.com\/product\/magnetic-recess-former\/"]}]},{"@type":"ImageObject","inLanguage":"sl-SI","@id":"https:\/\/qingdaohf.com\/product\/magnetic-recess-former\/#primaryimage","url":"https:\/\/qingdaohf.com\/wp-content\/uploads\/2023\/03\/recess-former-magnet-5.jpg","contentUrl":"https:\/\/qingdaohf.com\/wp-content\/uploads\/2023\/03\/recess-former-magnet-5.jpg","width":1000,"height":1000,"caption":"recess former magnet"},{"@type":"BreadcrumbList","@id":"https:\/\/qingdaohf.com\/product\/magnetic-recess-former\/#breadcrumb","itemListElement":[{"@type":"ListItem","position":1,"name":"Home","item":"https:\/\/qingdaohf.com\/"},{"@type":"ListItem","position":2,"name":"Concrete Forming Accessories and Rigging Hardware","item":"https:\/\/qingdaohf.com\/bg\/?page_id=944"},{"@type":"ListItem","position":3,"name":"Magnetic Recess Former"}]},{"@type":"WebSite","@id":"https:\/\/qingdaohf.com\/bg\/#website","url":"https:\/\/qingdaohf.com\/bg\/","name":"Concrete Form & Rigging Hardware Supplier","description":"","publisher":{"@id":"https:\/\/qingdaohf.com\/bg\/#organization"},"potentialAction":[{"@type":"SearchAction","target":{"@type":"EntryPoint","urlTemplate":"https:\/\/qingdaohf.com\/bg\/?s={search_term_string}"},"query-input":{"@type":"PropertyValueSpecification","valueRequired":true,"valueName":"search_term_string"}}],"inLanguage":"sl-SI"},{"@type":"Organization","@id":"https:\/\/qingdaohf.com\/bg\/#organization","name":"Qingdao H&F","url":"https:\/\/qingdaohf.com\/bg\/","logo":{"@type":"ImageObject","inLanguage":"sl-SI","@id":"https:\/\/qingdaohf.com\/bg\/#\/schema\/logo\/image\/","url":"https:\/\/qingdaohf.com\/wp-content\/uploads\/2022\/12\/cropped-HF-LOGO.png","contentUrl":"https:\/\/qingdaohf.com\/wp-content\/uploads\/2022\/12\/cropped-HF-LOGO.png","width":391,"height":249,"caption":"Qingdao H&F"},"image":{"@id":"https:\/\/qingdaohf.com\/bg\/#\/schema\/logo\/image\/"},"sameAs":["https:\/\/www.facebook.com\/qingdaohf"]}]}},"_links":{"self":[{"href":"https:\/\/qingdaohf.com\/sl\/wp-json\/wp\/v2\/product\/2698","targetHints":{"allow":["GET"]}}],"collection":[{"href":"https:\/\/qingdaohf.com\/sl\/wp-json\/wp\/v2\/product"}],"about":[{"href":"https:\/\/qingdaohf.com\/sl\/wp-json\/wp\/v2\/types\/product"}],"replies":[{"embeddable":true,"href":"https:\/\/qingdaohf.com\/sl\/wp-json\/wp\/v2\/comments?post=2698"}],"version-history":[{"count":3,"href":"https:\/\/qingdaohf.com\/sl\/wp-json\/wp\/v2\/product\/2698\/revisions"}],"predecessor-version":[{"id":6509,"href":"https:\/\/qingdaohf.com\/sl\/wp-json\/wp\/v2\/product\/2698\/revisions\/6509"}],"wp:featuredmedia":[{"embeddable":true,"href":"https:\/\/qingdaohf.com\/sl\/wp-json\/wp\/v2\/media\/3489"}],"wp:attachment":[{"href":"https:\/\/qingdaohf.com\/sl\/wp-json\/wp\/v2\/media?parent=2698"}],"wp:term":[{"taxonomy":"product_brand","embeddable":true,"href":"https:\/\/qingdaohf.com\/sl\/wp-json\/wp\/v2\/product_brand?post=2698"},{"taxonomy":"product_cat","embeddable":true,"href":"https:\/\/qingdaohf.com\/sl\/wp-json\/wp\/v2\/product_cat?post=2698"},{"taxonomy":"product_tag","embeddable":true,"href":"https:\/\/qingdaohf.com\/sl\/wp-json\/wp\/v2\/product_tag?post=2698"}],"curies":[{"name":"wp","href":"https:\/\/api.w.org\/{rel}","templated":true}]}}