{"id":2874,"date":"2023-03-14T17:33:05","date_gmt":"2023-03-14T09:33:05","guid":{"rendered":"http:\/\/qingdaohf.com\/?post_type=product&#038;p=2874"},"modified":"2025-11-13T09:05:31","modified_gmt":"2025-11-13T01:05:31","slug":"rebar-tie-wire","status":"publish","type":"product","link":"https:\/\/qingdaohf.com\/sl\/izdelek\/zica-za-vezavo-armature\/","title":{"rendered":"\u017dica za vezavo armaturne palice"},"content":{"rendered":"<div data-test-render-count=\"5\">\n<div class=\"mb-1 mt-1\">\n<div class=\"group relative inline-flex gap-2 bg-gradient-to-b from-bg-300 from-50% to-bg-400 rounded-xl ml-px pl-2.5 py-2.5 break-words text-text-200 transition-all max-w-[75ch] flex-col shadow-[0_2px_16px_rgba(0,0,0,0.025)] pr-6\">\n<div class=\"flex flex-row gap-2\">\n<div class=\"font-user-message grid grid-cols-1 gap-2 py-0.5 text-[0.9375rem] leading-6\" data-testid=\"user-message\"><strong style=\"font-size: 1.5em;\">Razumevanje armaturne \u017eice in njene bistvene vloge v gradbeni\u0161tvu<\/strong><\/div>\n<\/div>\n<\/div>\n<\/div>\n<\/div>\n<div data-test-render-count=\"1\">\n<div class=\"group relative pt-3.5 pb-[1.125rem] px-4 relative rounded-2xl -tracking-[0.015em] bg-[linear-gradient(to_bottom,_hsla(var(--bg-000)\/0.75)_0%,_hsla(var(--bg-000)_\/_0)_90%)] before:absolute before:inset-0 before:bg-[radial-gradient(ellipse_at_left_top,_hsla(var(--bg-000)\/0.5)_0%,_hsla(var(--bg-000)\/0.3)_60%)] before:rounded-2xl before:border-[0.5px] before:border-[hsla(var(--border-100)\/0.15)] before:shadow-[0_4px_24px_rgba(0,0,0,0.015)] before:[transition:opacity_150ms_ease-out,_transform_250ms_cubic-bezier(0.695,0.555,0.655,1.650)] before:z-0 before:data-[is-streaming=&quot;true&quot;]:opacity-0 before:data-[is-streaming=&quot;true&quot;]:scale-[0.995] before:data-[is-streaming=&quot;false&quot;]:pointer-events-none\" data-is-streaming=\"false\">\n<div class=\"font-claude-message pr-4 md:pr-9 relative leading-[1.65rem] [&amp;_pre&gt;div]:bg-bg-300 [&amp;_.ignore-pre-bg&gt;div]:bg-transparent [&amp;_pre]:-mr-4 md:[&amp;_pre]:-mr-9\">\n<div class=\"grid-cols-1 grid gap-2.5 [&amp;_&gt;_*]:min-w-0\">\n<p class=\"whitespace-pre-wrap break-words\">\u017dica za vezavo armaturnih palic je klju\u010dna sestavina v armiranobetonski konstrukciji, kjer ima pomembno vlogo pri vezavi in zavarovanju armaturnih palic. Ta na videz preprost, a nepogre\u0161ljiv material zagotavlja strukturno stabilnost pri razli\u010dnih projektih, od hi\u0161nih temeljev do ve\u010djih infrastrukturnih del. \u017dica je izdelana iz kakovostnega jekla in zagotavlja popolno ravnovesje med uporabnostjo in trdnostjo, ki je potrebna za u\u010dinkovito zavarovanje kri\u017ei\u0161\u010d armaturnih palic. Ob pravilni uporabi pomaga ustvariti trdno ogrodje, potrebno za trpe\u017ene betonske konstrukcije.<\/p>\n<p class=\"whitespace-pre-wrap break-words\">Vsestranskost armaturne \u017eice je razvidna iz njenih razli\u010dnih povr\u0161in. Vsaka vrsta - pocinkana, \u017earjena ali iz nerjave\u010dega jekla - slu\u017ei dolo\u010denim namenom v razli\u010dnih okoljih. Na primer, pri obalnih projektih so koristne proti koroziji odporne sorte, medtem ko se pri standardni gradnji lahko uporablja osnovna \u017earjena \u017eica. Zaradi te prilagodljivosti je \u017eica primerna za skoraj vsak gradbeni scenarij.<\/p>\n<\/div>\n<\/div>\n<\/div>\n<\/div>\n<table style=\"border-collapse: collapse; width: 1325px; height: 617px;\" border=\"0\" width=\"798\" cellspacing=\"0\" cellpadding=\"0\">\n<tbody>\n<tr style=\"height: 39.00pt;\">\n<td class=\"et3\" style=\"height: 39.00pt; width: 32.25pt;\" width=\"43\" height=\"52\"><span class=\"font1\">Merilnik<\/span><\/td>\n<td class=\"et3\" style=\"width: 42.75pt;\" width=\"57\"><span class=\"font1\">Premer (v)<\/span><\/td>\n<td class=\"et3\" style=\"width: 42.75pt;\" width=\"57\"><span class=\"font1\">Premer (mm)<\/span><\/td>\n<td class=\"et3\" style=\"width: 49.50pt;\" width=\"66\"><span class=\"font1\">Dol\u017eina (v)<\/span><\/td>\n<td class=\"et3\" style=\"width: 33.00pt;\" width=\"44\"><span class=\"font1\">Dol\u017eina (mm)<\/span><\/td>\n<td class=\"et3\" style=\"width: 52.50pt;\" width=\"70\"><span class=\"font1\">Dol\u017eina zvitka (ft)<\/span><\/td>\n<td class=\"et3\" style=\"width: 49.50pt;\" width=\"66\"><span class=\"font1\">Material<\/span><\/td>\n<td class=\"et3\" style=\"width: 54.00pt;\" width=\"72\"><span class=\"font1\">Premaz<\/span><\/td>\n<td class=\"et3\" style=\"width: 40.50pt;\" width=\"54\"><span class=\"font1\">Natezna trdnost (lbs)<\/span><\/td>\n<td class=\"et3\" style=\"width: 201.75pt;\" width=\"269\"><span class=\"font1\">Aplikacija<\/span><\/td>\n<\/tr>\n<tr style=\"height: 39.00pt;\">\n<td class=\"et3\" style=\"height: 39.00pt; width: 32.25pt;\" width=\"43\" height=\"52\">16<\/td>\n<td class=\"et3\" style=\"width: 42.75pt;\" width=\"57\">0.0508<\/td>\n<td class=\"et3\" style=\"width: 42.75pt;\" width=\"57\">1.291<\/td>\n<td class=\"et3\" style=\"width: 49.50pt;\" width=\"66\">3<\/td>\n<td class=\"et3\" style=\"width: 33.00pt;\" width=\"44\">76.2<\/td>\n<td class=\"et3\" style=\"width: 52.50pt;\" width=\"70\"><span class=\"font1\">100, 200, 400<\/span><\/td>\n<td class=\"et3\" style=\"width: 49.50pt;\" width=\"66\"><span class=\"font1\">Blagi\/nevarni<\/span><\/td>\n<td class=\"et3\" style=\"width: 54.00pt;\" width=\"72\"><span class=\"font1\">Pocinkano, \u010drno, PVC<\/span><\/td>\n<td class=\"et3\" style=\"width: 40.50pt;\" width=\"54\"><span class=\"font1\">Spreminja se<\/span><\/td>\n<td class=\"et4\"><span class=\"font1\">Splo\u0161no gradbeni\u0161tvo, oja\u010ditev<\/span><\/td>\n<\/tr>\n<tr style=\"height: 39.00pt;\">\n<td class=\"et3\" style=\"height: 39.00pt; width: 32.25pt;\" width=\"43\" height=\"52\">16.5<\/td>\n<td class=\"et3\" style=\"width: 42.75pt;\" width=\"57\">0.0453<\/td>\n<td class=\"et3\" style=\"width: 42.75pt;\" width=\"57\">1.154<\/td>\n<td class=\"et3\" style=\"width: 49.50pt;\" width=\"66\">3<\/td>\n<td class=\"et3\" style=\"width: 33.00pt;\" width=\"44\">76.2<\/td>\n<td class=\"et3\" style=\"width: 52.50pt;\" width=\"70\"><span class=\"font1\">100, 200, 400<\/span><\/td>\n<td class=\"et3\" style=\"width: 49.50pt;\" width=\"66\"><span class=\"font1\">Blagi\/nevarni<\/span><\/td>\n<td class=\"et3\" style=\"width: 54.00pt;\" width=\"72\"><span class=\"font1\">Pocinkano, \u010drno, PVC<\/span><\/td>\n<td class=\"et3\" style=\"width: 40.50pt;\" width=\"54\"><span class=\"font1\">Spreminja se<\/span><\/td>\n<td class=\"et4\"><span class=\"font1\">Splo\u0161no gradbeni\u0161tvo, oja\u010ditev<\/span><\/td>\n<\/tr>\n<tr style=\"height: 39.00pt;\">\n<td class=\"et3\" style=\"height: 39.00pt; width: 32.25pt;\" width=\"43\" height=\"52\">17<\/td>\n<td class=\"et3\" style=\"width: 42.75pt;\" width=\"57\">0.042<\/td>\n<td class=\"et3\" style=\"width: 42.75pt;\" width=\"57\">1.066<\/td>\n<td class=\"et3\" style=\"width: 49.50pt;\" width=\"66\">3<\/td>\n<td class=\"et3\" style=\"width: 33.00pt;\" width=\"44\">76.2<\/td>\n<td class=\"et3\" style=\"width: 52.50pt;\" width=\"70\"><span class=\"font1\">100, 200, 400<\/span><\/td>\n<td class=\"et3\" style=\"width: 49.50pt;\" width=\"66\"><span class=\"font1\">Blagi\/nevarni<\/span><\/td>\n<td class=\"et3\" style=\"width: 54.00pt;\" width=\"72\"><span class=\"font1\">Pocinkano, \u010drno, PVC<\/span><\/td>\n<td class=\"et3\" style=\"width: 40.50pt;\" width=\"54\"><span class=\"font1\">Spreminja se<\/span><\/td>\n<td class=\"et4\"><span class=\"font1\">Lahka gradnja, za\u010dasna popravila<\/span><\/td>\n<\/tr>\n<tr style=\"height: 39.00pt;\">\n<td class=\"et3\" style=\"height: 39.00pt; width: 32.25pt;\" width=\"43\" height=\"52\">18<\/td>\n<td class=\"et3\" style=\"width: 42.75pt;\" width=\"57\">0.04<\/td>\n<td class=\"et3\" style=\"width: 42.75pt;\" width=\"57\">1.016<\/td>\n<td class=\"et3\" style=\"width: 49.50pt;\" width=\"66\">3<\/td>\n<td class=\"et3\" style=\"width: 33.00pt;\" width=\"44\">76.2<\/td>\n<td class=\"et3\" style=\"width: 52.50pt;\" width=\"70\"><span class=\"font1\">100, 200, 400<\/span><\/td>\n<td class=\"et3\" style=\"width: 49.50pt;\" width=\"66\"><span class=\"font1\">Blagi\/nevarni<\/span><\/td>\n<td class=\"et3\" style=\"width: 54.00pt;\" width=\"72\"><span class=\"font1\">Pocinkano, \u010drno, PVC<\/span><\/td>\n<td class=\"et3\" style=\"width: 40.50pt;\" width=\"54\"><span class=\"font1\">Spreminja se<\/span><\/td>\n<td class=\"et4\"><span class=\"font1\">Lahka gradnja, za\u010dasna popravila<\/span><\/td>\n<\/tr>\n<tr style=\"height: 13.50pt;\">\n<td class=\"et2\" style=\"height: 13.50pt;\" colspan=\"10\" height=\"18\">Vsi na\u0161i izdelki podpirajo prilagajanje<\/td>\n<\/tr>\n<\/tbody>\n<\/table>\n<h3 class=\"whitespace-pre-wrap break-words\"><strong>Klju\u010dne skrbi kupcev so obravnavane s strokovnim znanjem in natan\u010dnostjo<\/strong><\/h3>\n<p class=\"whitespace-pre-wrap break-words\">Strokovnjaki v gradbeni\u0161tvu se pri izbiri vezne \u017eice pogosto osredoto\u010dajo na ve\u010d klju\u010dnih dejavnikov, vklju\u010dno z njenimi trdnostnimi zna\u010dilnostmi, premerom \u017eice in lastnostmi za rokovanje. Iskanje \u017eice, ki je hkrati dovolj mo\u010dna za te\u017eke armaturne palice in dovolj pro\u017ena za enostavno vezanje, je lahko izziv. V podjetju Qingdao H&amp;F se teh te\u017eav lotevamo z obse\u017enim testiranjem kakovosti, ki zagotavlja, da na\u0161a \u017eica izpolnjuje natan\u010dne specifikacije in zanesljivo deluje na terenu.<\/p>\n<p class=\"whitespace-pre-wrap break-words\">Hiter dostop do materialov lahko spremeni ali prekine gradbeni urnik. Zavedamo se te realnosti in se odzivamo z u\u010dinkovito logistiko in skladi\u0161\u010denjem, ki omogo\u010data napredovanje projektov. Vsako po\u0161iljko spremlja na\u0161a kakovostna dokumentacija, ki izvajalcem zagotavlja jasna dokazila o specifikacijah materialov in zmogljivostih pred za\u010detkom vgradnje.<\/p>\n<div class=\"ast-oembed-container\" style=\"height: 100%;\"><iframe title=\"H&amp;F Rebar Tie Wire\" width=\"500\" height=\"281\" src=\"https:\/\/www.youtube.com\/embed\/hCPByYFUWfs?feature=oembed\" frameborder=\"0\" allow=\"accelerometer; autoplay; clipboard-write; encrypted-media; gyroscope; picture-in-picture; web-share\" referrerpolicy=\"strict-origin-when-cross-origin\" allowfullscreen><\/iframe><\/div>\n<h3 class=\"whitespace-pre-wrap break-words\"><strong>Zavezanost dru\u017ebe Qingdao H&amp;F k odli\u010dnosti na podro\u010dju dobave armaturne \u017eice<\/strong><\/h3>\n<p class=\"whitespace-pre-wrap break-words\">Podjetje Qingdao H&amp;F ne zagotavlja le materialov, temve\u010d sodeluje s strankami, da bi podprlo njihove gradbene cilje. Vzdr\u017eujemo obse\u017eno zalogo vrst in velikosti \u017eic, kar zagotavlja, da lahko izpolnimo posebne zahteve vsakega projekta, ne glede na to, ali gre za ob\u010dutljiva stanovanjska dela ali obse\u017ene poslovne projekte.<\/p>\n<p class=\"whitespace-pre-wrap break-words\">Na\u0161 pristop k storitvam za stranke odlikuje osebna pozornost. Vsaka stranka sodeluje s predanimi \u010dlani ekipe, ki razumejo njene posebne potrebe in lahko priporo\u010dijo ustrezne re\u0161itve. Ta pristop, ki temelji na odnosih, pomaga ustvariti trajna partnerstva, ki temeljijo na zaupanju in dokazani uspe\u0161nosti.<\/p>\n<p class=\"whitespace-pre-wrap break-words\">Zagotavljanje kakovosti ostaja v sredi\u0161\u010du na\u0161ega delovanja. Vsaka serija \u017eice za kravate je podvr\u017eena strogemu testiranju klju\u010dnih kazalnikov u\u010dinkovitosti, vklju\u010dno z natezno trdnostjo, razteznimi lastnostmi in odpornostjo proti koroziji. Te ocene potrjujejo, da bodo na\u0161i izdelki v realnih razmerah delovali tako, kot pri\u010dakujemo.<\/p>\n<p class=\"whitespace-pre-wrap break-words\">Pomen ustrezne vezne \u017eice pri betonski gradnji ni mogo\u010de preceniti - dobesedno pomaga dr\u017eati strukture skupaj. V podjetju Qingdao H&amp;F zdru\u017eujemo vrhunske izdelke z izjemnimi storitvami, da bi podprli uspeh na\u0161ih strank. Od skrbnega izbora materialov do odzivne podpore strankam si prizadevamo ohraniti svoj polo\u017eaj vodilnega dobavitelja zanesljivih re\u0161itev za vezno \u017eico.<\/p>","protected":false},"excerpt":{"rendered":"<p>\u017dica za vezavo armaturnih palic je eden od pomembnih pripomo\u010dkov pri gradbenih projektih; zagotavlja trdnost in pro\u017enost za varno vezavo armaturnih palic. Ve\u010dina kupcev skrbi za kakovost, trdnost in odpornost na korozijo, skupaj z dobro dobavo in preglednim sistemom zagotavljanja kakovosti. Dru\u017eba Qingdao H&amp;F je odli\u010dna pri izpolnjevanju teh potreb, saj zagotavlja prilagojene storitve za stranke, hitre dobavne cikle in popolno poro\u010dilo o pregledu kakovosti za vsako po\u0161iljko. Na\u0161a zavezanost k odli\u010dnosti zagotavlja, da kupci dobijo zanesljive izdelke za svoje individualne projektne potrebe.<\/p>","protected":false},"featured_media":2884,"comment_status":"open","ping_status":"closed","template":"","meta":{"site-sidebar-layout":"default","site-content-layout":"default","ast-site-content-layout":"default","site-content-style":"default","site-sidebar-style":"default","ast-global-header-display":"","ast-banner-title-visibility":"","ast-main-header-display":"","ast-hfb-above-header-display":"","ast-hfb-below-header-display":"","ast-hfb-mobile-header-display":"","site-post-title":"","ast-breadcrumbs-content":"","ast-featured-img":"","footer-sml-layout":"","theme-transparent-header-meta":"default","adv-header-id-meta":"","stick-header-meta":"default","header-above-stick-meta":"","header-main-stick-meta":"","header-below-stick-meta":"","astra-migrate-meta-layouts":"set","ast-page-background-enabled":"default","ast-page-background-meta":{"desktop":{"background-color":"","background-image":"","background-repeat":"repeat","background-position":"center center","background-size":"auto","background-attachment":"scroll","background-type":"","background-media":"","overlay-type":"","overlay-color":"","overlay-opacity":"","overlay-gradient":""},"tablet":{"background-color":"","background-image":"","background-repeat":"repeat","background-position":"center center","background-size":"auto","background-attachment":"scroll","background-type":"","background-media":"","overlay-type":"","overlay-color":"","overlay-opacity":"","overlay-gradient":""},"mobile":{"background-color":"","background-image":"","background-repeat":"repeat","background-position":"center center","background-size":"auto","background-attachment":"scroll","background-type":"","background-media":"","overlay-type":"","overlay-color":"","overlay-opacity":"","overlay-gradient":""}},"ast-content-background-meta":{"desktop":{"background-color":"var(--ast-global-color-5)","background-image":"","background-repeat":"repeat","background-position":"center center","background-size":"auto","background-attachment":"scroll","background-type":"","background-media":"","overlay-type":"","overlay-color":"","overlay-opacity":"","overlay-gradient":""},"tablet":{"background-color":"var(--ast-global-color-5)","background-image":"","background-repeat":"repeat","background-position":"center center","background-size":"auto","background-attachment":"scroll","background-type":"","background-media":"","overlay-type":"","overlay-color":"","overlay-opacity":"","overlay-gradient":""},"mobile":{"background-color":"var(--ast-global-color-5)","background-image":"","background-repeat":"repeat","background-position":"center center","background-size":"auto","background-attachment":"scroll","background-type":"","background-media":"","overlay-type":"","overlay-color":"","overlay-opacity":"","overlay-gradient":""}}},"product_brand":[],"product_cat":[36],"product_tag":[],"class_list":{"0":"post-2874","1":"product","2":"type-product","3":"status-publish","4":"has-post-thumbnail","6":"product_cat-tie-wire","7":"desktop-align-left","8":"tablet-align-left","9":"mobile-align-left","10":"ast-product-gallery-layout-horizontal-slider","11":"ast-product-tabs-layout-horizontal","13":"first","14":"instock","15":"shipping-taxable","16":"purchasable","17":"product-type-simple"},"yoast_head":"<!-- This site is optimized with the Yoast SEO plugin v25.2 - https:\/\/yoast.com\/wordpress\/plugins\/seo\/ -->\n<title>Rebar Tie Wire<\/title>\n<meta name=\"description\" content=\"Rebar tie wire is a type of wire that is commonly used in concrete forming and construction projects.\" \/>\n<meta name=\"robots\" content=\"index, follow, max-snippet:-1, max-image-preview:large, max-video-preview:-1\" \/>\n<link rel=\"canonical\" href=\"https:\/\/qingdaohf.com\/sl\/izdelek\/zica-za-vezavo-armature\/\" \/>\n<meta property=\"og:locale\" content=\"sl_SI\" \/>\n<meta property=\"og:type\" content=\"article\" \/>\n<meta property=\"og:title\" content=\"Rebar Tie Wire\" \/>\n<meta property=\"og:description\" content=\"Rebar tie wire is a type of wire that is commonly used in concrete forming and construction projects.\" \/>\n<meta property=\"og:url\" content=\"https:\/\/qingdaohf.com\/sl\/izdelek\/zica-za-vezavo-armature\/\" \/>\n<meta property=\"og:site_name\" content=\"Concrete Form &amp; Rigging Hardware Supplier\" \/>\n<meta property=\"article:publisher\" content=\"https:\/\/www.facebook.com\/qingdaohf\" \/>\n<meta property=\"article:modified_time\" content=\"2025-11-13T01:05:31+00:00\" \/>\n<meta property=\"og:image\" content=\"https:\/\/qingdaohf.com\/wp-content\/uploads\/2023\/03\/rebar-Tie-Wire-6.jpg\" \/>\n\t<meta property=\"og:image:width\" content=\"1000\" \/>\n\t<meta property=\"og:image:height\" content=\"1000\" \/>\n\t<meta property=\"og:image:type\" content=\"image\/jpeg\" \/>\n<meta name=\"twitter:card\" content=\"summary_large_image\" \/>\n<meta name=\"twitter:label1\" content=\"Est. reading time\" \/>\n\t<meta name=\"twitter:data1\" content=\"3 minute\" \/>\n<script type=\"application\/ld+json\" class=\"yoast-schema-graph\">{\"@context\":\"https:\/\/schema.org\",\"@graph\":[{\"@type\":\"WebPage\",\"@id\":\"https:\/\/qingdaohf.com\/product\/rebar-tie-wire\/\",\"url\":\"https:\/\/qingdaohf.com\/product\/rebar-tie-wire\/\",\"name\":\"Rebar Tie Wire\",\"isPartOf\":{\"@id\":\"https:\/\/qingdaohf.com\/bg\/#website\"},\"primaryImageOfPage\":{\"@id\":\"https:\/\/qingdaohf.com\/product\/rebar-tie-wire\/#primaryimage\"},\"image\":{\"@id\":\"https:\/\/qingdaohf.com\/product\/rebar-tie-wire\/#primaryimage\"},\"thumbnailUrl\":\"https:\/\/qingdaohf.com\/wp-content\/uploads\/2023\/03\/rebar-Tie-Wire-6.jpg\",\"datePublished\":\"2023-03-14T09:33:05+00:00\",\"dateModified\":\"2025-11-13T01:05:31+00:00\",\"description\":\"Rebar tie wire is a type of wire that is commonly used in concrete forming and construction projects.\",\"breadcrumb\":{\"@id\":\"https:\/\/qingdaohf.com\/product\/rebar-tie-wire\/#breadcrumb\"},\"inLanguage\":\"sl-SI\",\"potentialAction\":[{\"@type\":\"ReadAction\",\"target\":[\"https:\/\/qingdaohf.com\/product\/rebar-tie-wire\/\"]}]},{\"@type\":\"ImageObject\",\"inLanguage\":\"sl-SI\",\"@id\":\"https:\/\/qingdaohf.com\/product\/rebar-tie-wire\/#primaryimage\",\"url\":\"https:\/\/qingdaohf.com\/wp-content\/uploads\/2023\/03\/rebar-Tie-Wire-6.jpg\",\"contentUrl\":\"https:\/\/qingdaohf.com\/wp-content\/uploads\/2023\/03\/rebar-Tie-Wire-6.jpg\",\"width\":1000,\"height\":1000,\"caption\":\"rebar Tie Wire\"},{\"@type\":\"BreadcrumbList\",\"@id\":\"https:\/\/qingdaohf.com\/product\/rebar-tie-wire\/#breadcrumb\",\"itemListElement\":[{\"@type\":\"ListItem\",\"position\":1,\"name\":\"Home\",\"item\":\"https:\/\/qingdaohf.com\/\"},{\"@type\":\"ListItem\",\"position\":2,\"name\":\"Concrete Forming Accessories and Rigging Hardware\",\"item\":\"https:\/\/qingdaohf.com\/bg\/?page_id=944\"},{\"@type\":\"ListItem\",\"position\":3,\"name\":\"Rebar Tie Wire\"}]},{\"@type\":\"WebSite\",\"@id\":\"https:\/\/qingdaohf.com\/bg\/#website\",\"url\":\"https:\/\/qingdaohf.com\/bg\/\",\"name\":\"Concrete Form & Rigging Hardware Supplier\",\"description\":\"\",\"publisher\":{\"@id\":\"https:\/\/qingdaohf.com\/bg\/#organization\"},\"potentialAction\":[{\"@type\":\"SearchAction\",\"target\":{\"@type\":\"EntryPoint\",\"urlTemplate\":\"https:\/\/qingdaohf.com\/bg\/?s={search_term_string}\"},\"query-input\":{\"@type\":\"PropertyValueSpecification\",\"valueRequired\":true,\"valueName\":\"search_term_string\"}}],\"inLanguage\":\"sl-SI\"},{\"@type\":\"Organization\",\"@id\":\"https:\/\/qingdaohf.com\/bg\/#organization\",\"name\":\"Qingdao H&F\",\"url\":\"https:\/\/qingdaohf.com\/bg\/\",\"logo\":{\"@type\":\"ImageObject\",\"inLanguage\":\"sl-SI\",\"@id\":\"https:\/\/qingdaohf.com\/bg\/#\/schema\/logo\/image\/\",\"url\":\"https:\/\/qingdaohf.com\/wp-content\/uploads\/2022\/12\/cropped-HF-LOGO.png\",\"contentUrl\":\"https:\/\/qingdaohf.com\/wp-content\/uploads\/2022\/12\/cropped-HF-LOGO.png\",\"width\":391,\"height\":249,\"caption\":\"Qingdao H&F\"},\"image\":{\"@id\":\"https:\/\/qingdaohf.com\/bg\/#\/schema\/logo\/image\/\"},\"sameAs\":[\"https:\/\/www.facebook.com\/qingdaohf\"]}]}<\/script>\n<!-- \/ Yoast SEO plugin. -->","yoast_head_json":{"title":"Rebar Tie Wire","description":"Rebar tie wire is a type of wire that is commonly used in concrete forming and construction projects.","robots":{"index":"index","follow":"follow","max-snippet":"max-snippet:-1","max-image-preview":"max-image-preview:large","max-video-preview":"max-video-preview:-1"},"canonical":"https:\/\/qingdaohf.com\/sl\/izdelek\/zica-za-vezavo-armature\/","og_locale":"sl_SI","og_type":"article","og_title":"Rebar Tie Wire","og_description":"Rebar tie wire is a type of wire that is commonly used in concrete forming and construction projects.","og_url":"https:\/\/qingdaohf.com\/sl\/izdelek\/zica-za-vezavo-armature\/","og_site_name":"Concrete Form &amp; Rigging Hardware Supplier","article_publisher":"https:\/\/www.facebook.com\/qingdaohf","article_modified_time":"2025-11-13T01:05:31+00:00","og_image":[{"width":1000,"height":1000,"url":"https:\/\/qingdaohf.com\/wp-content\/uploads\/2023\/03\/rebar-Tie-Wire-6.jpg","type":"image\/jpeg"}],"twitter_card":"summary_large_image","twitter_misc":{"Est. reading time":"3 minute"},"schema":{"@context":"https:\/\/schema.org","@graph":[{"@type":"WebPage","@id":"https:\/\/qingdaohf.com\/product\/rebar-tie-wire\/","url":"https:\/\/qingdaohf.com\/product\/rebar-tie-wire\/","name":"Rebar Tie Wire","isPartOf":{"@id":"https:\/\/qingdaohf.com\/bg\/#website"},"primaryImageOfPage":{"@id":"https:\/\/qingdaohf.com\/product\/rebar-tie-wire\/#primaryimage"},"image":{"@id":"https:\/\/qingdaohf.com\/product\/rebar-tie-wire\/#primaryimage"},"thumbnailUrl":"https:\/\/qingdaohf.com\/wp-content\/uploads\/2023\/03\/rebar-Tie-Wire-6.jpg","datePublished":"2023-03-14T09:33:05+00:00","dateModified":"2025-11-13T01:05:31+00:00","description":"Rebar tie wire is a type of wire that is commonly used in concrete forming and construction projects.","breadcrumb":{"@id":"https:\/\/qingdaohf.com\/product\/rebar-tie-wire\/#breadcrumb"},"inLanguage":"sl-SI","potentialAction":[{"@type":"ReadAction","target":["https:\/\/qingdaohf.com\/product\/rebar-tie-wire\/"]}]},{"@type":"ImageObject","inLanguage":"sl-SI","@id":"https:\/\/qingdaohf.com\/product\/rebar-tie-wire\/#primaryimage","url":"https:\/\/qingdaohf.com\/wp-content\/uploads\/2023\/03\/rebar-Tie-Wire-6.jpg","contentUrl":"https:\/\/qingdaohf.com\/wp-content\/uploads\/2023\/03\/rebar-Tie-Wire-6.jpg","width":1000,"height":1000,"caption":"rebar Tie Wire"},{"@type":"BreadcrumbList","@id":"https:\/\/qingdaohf.com\/product\/rebar-tie-wire\/#breadcrumb","itemListElement":[{"@type":"ListItem","position":1,"name":"Home","item":"https:\/\/qingdaohf.com\/"},{"@type":"ListItem","position":2,"name":"Concrete Forming Accessories and Rigging Hardware","item":"https:\/\/qingdaohf.com\/bg\/?page_id=944"},{"@type":"ListItem","position":3,"name":"Rebar Tie Wire"}]},{"@type":"WebSite","@id":"https:\/\/qingdaohf.com\/bg\/#website","url":"https:\/\/qingdaohf.com\/bg\/","name":"Concrete Form & Rigging Hardware Supplier","description":"","publisher":{"@id":"https:\/\/qingdaohf.com\/bg\/#organization"},"potentialAction":[{"@type":"SearchAction","target":{"@type":"EntryPoint","urlTemplate":"https:\/\/qingdaohf.com\/bg\/?s={search_term_string}"},"query-input":{"@type":"PropertyValueSpecification","valueRequired":true,"valueName":"search_term_string"}}],"inLanguage":"sl-SI"},{"@type":"Organization","@id":"https:\/\/qingdaohf.com\/bg\/#organization","name":"Qingdao H&F","url":"https:\/\/qingdaohf.com\/bg\/","logo":{"@type":"ImageObject","inLanguage":"sl-SI","@id":"https:\/\/qingdaohf.com\/bg\/#\/schema\/logo\/image\/","url":"https:\/\/qingdaohf.com\/wp-content\/uploads\/2022\/12\/cropped-HF-LOGO.png","contentUrl":"https:\/\/qingdaohf.com\/wp-content\/uploads\/2022\/12\/cropped-HF-LOGO.png","width":391,"height":249,"caption":"Qingdao H&F"},"image":{"@id":"https:\/\/qingdaohf.com\/bg\/#\/schema\/logo\/image\/"},"sameAs":["https:\/\/www.facebook.com\/qingdaohf"]}]}},"_links":{"self":[{"href":"https:\/\/qingdaohf.com\/sl\/wp-json\/wp\/v2\/product\/2874","targetHints":{"allow":["GET"]}}],"collection":[{"href":"https:\/\/qingdaohf.com\/sl\/wp-json\/wp\/v2\/product"}],"about":[{"href":"https:\/\/qingdaohf.com\/sl\/wp-json\/wp\/v2\/types\/product"}],"replies":[{"embeddable":true,"href":"https:\/\/qingdaohf.com\/sl\/wp-json\/wp\/v2\/comments?post=2874"}],"version-history":[{"count":10,"href":"https:\/\/qingdaohf.com\/sl\/wp-json\/wp\/v2\/product\/2874\/revisions"}],"predecessor-version":[{"id":2885,"href":"https:\/\/qingdaohf.com\/sl\/wp-json\/wp\/v2\/product\/2874\/revisions\/2885"}],"wp:featuredmedia":[{"embeddable":true,"href":"https:\/\/qingdaohf.com\/sl\/wp-json\/wp\/v2\/media\/2884"}],"wp:attachment":[{"href":"https:\/\/qingdaohf.com\/sl\/wp-json\/wp\/v2\/media?parent=2874"}],"wp:term":[{"taxonomy":"product_brand","embeddable":true,"href":"https:\/\/qingdaohf.com\/sl\/wp-json\/wp\/v2\/product_brand?post=2874"},{"taxonomy":"product_cat","embeddable":true,"href":"https:\/\/qingdaohf.com\/sl\/wp-json\/wp\/v2\/product_cat?post=2874"},{"taxonomy":"product_tag","embeddable":true,"href":"https:\/\/qingdaohf.com\/sl\/wp-json\/wp\/v2\/product_tag?post=2874"}],"curies":[{"name":"wp","href":"https:\/\/api.w.org\/{rel}","templated":true}]}}