{"id":3822,"date":"2023-05-19T16:36:58","date_gmt":"2023-05-19T08:36:58","guid":{"rendered":"http:\/\/qingdaohf.com\/?post_type=product&#038;p=3822"},"modified":"2025-11-13T09:05:11","modified_gmt":"2025-11-13T01:05:11","slug":"g215-shackle","status":"publish","type":"product","link":"https:\/\/qingdaohf.com\/sl\/izdelek\/g213-g215-galvanizirana-okova\/","title":{"rendered":"G215 Pocinkani okov"},"content":{"rendered":"<p class=\"\" data-start=\"525\" data-end=\"1183\">Okov G215 je kombinacija robustnega in\u017eeniringa in prefinjene izdelave, prilagojena za razli\u010dne industrijske aplikacije. Ta izdelek je bil izdelan s skrbno pozornostjo do podrobnosti, zato izpolnjuje stroge standarde nadzora kakovosti, hkrati pa ponuja prakti\u010dno re\u0161itev za kompleksne potrebe pri pritrjevanju. Okov G215 je zasnovan za vzdr\u017eljivost in predstavlja izjemno ravnovesje med nosilnostjo in u\u010dinkovitostjo delovanja, s \u010dimer se spopada z razli\u010dnimi izzivi, s katerimi se sre\u010dujemo pri te\u017ekih nalogah. Njegova konstrukcija odra\u017ea najnovej\u0161e dose\u017eke na podro\u010dju znanosti o materialih, kar zagotavlja, da vsaka enota zanesljivo deluje v neugodnih razmerah.<\/p>\n<h2 class=\"\" data-start=\"1185\" data-end=\"1223\">Specifikacije in podrobnosti o oblikovanju<\/h2>\n<p class=\"\" data-start=\"1224\" data-end=\"1898\">Ta pribor za okovje je izdelan predvsem iz vrhunskega legiranega jekla, ki ne zagotavlja le odli\u010dnega razmerja med trdnostjo in te\u017eo, temve\u010d tudi odli\u010dno odpornost proti obrabi in koroziji. Okov G215 je natan\u010dno zasnovan za posebne nosilnosti, ki ustrezajo razli\u010dnim operativnim zahtevam. Njegove mere in tolerance so bile strogo preizku\u0161ene in izpopolnjene, kar zagotavlja optimalno delovanje okova tudi pri ponavljajo\u010dih se in velikih obremenitvah. In\u017eeniring tega izdelka vklju\u010duje napredne konstrukcijske elemente, ki zmanj\u0161ujejo morebitne deformacije pod obremenitvijo in tako pove\u010dujejo splo\u0161no varnost in skladnost delovanja.<\/p>\n<h2 class=\"\" data-start=\"1900\" data-end=\"1940\">Sestava materiala in trajnost<\/h2>\n<p class=\"\" data-start=\"1941\" data-end=\"2764\">Bistvo u\u010dinkovitosti okovja G215 je njegova vrhunska sestava materiala. Visokokakovostno legirano jeklo, ki se uporablja pri izdelavi, je izbrano zaradi svojih izjemnih mehanskih lastnosti, vklju\u010dno z visoko natezno trdnostjo in odpornostjo proti okoljski degradaciji. Ta izbira materiala prispeva k izjemni vzdr\u017eljivosti in dolgo\u017eivosti okovja, tudi ob nihajo\u010dih vremenskih razmerah in izpostavljenosti te\u017ekim industrijskim okoljem. S sodobnimi metalur\u0161kimi tehnikami izbolj\u0161an material ne le izpolnjuje, temve\u010d tudi presega mednarodne standarde, zaradi \u010desar je oklep pridobil \u0161tevilne certifikate, ki potrjujejo njegovo kakovost in zanesljivost. Strogi testi nadzora kakovosti, ki jih izvajajo akreditirani organi, dodatno potrjujejo sposobnost okovja, da ohrani celovitost delovanja v dalj\u0161ih obdobjih uporabe.<\/p>\n<h2 class=\"\" data-start=\"2766\" data-end=\"2799\">Uporaba in uporaba v industriji<\/h2>\n<p class=\"\" data-start=\"2800\" data-end=\"3604\">Vsestranskost okovja G215 se ka\u017ee v njegovi \u0161iroki uporabi v razli\u010dnih panogah. Strokovnjaki v gradbeni\u0161tvu, pomorstvu in sektorju te\u017eke mehanizacije so ugotovili, da njegova inovativna zasnova u\u010dinkovito re\u0161uje kriti\u010dne varnostne probleme in operativne zahteve. Njegova natan\u010dna izdelava omogo\u010da brezhibno integracijo z drugimi sestavnimi deli okovja, s \u010dimer racionalizira procese in zmanj\u0161uje tveganje okvare med intenzivnimi nalogami. V scenarijih, kjer je zanesljivost najpomembnej\u0161a, je okov G215 odli\u010den izdelek, ki zagotavlja tako varnost kot u\u010dinkovitost. Robustna konstrukcija izdelka in skladnost z globalnimi standardi uporabnikom zagotavljata, da je izdelek kos razli\u010dnim izzivom, od rutinskih operacij do najzahtevnej\u0161ih industrijskih projektov.<\/p>\n<p><img fetchpriority=\"high\" decoding=\"async\" class=\"alignnone size-full wp-image-3828\" src=\"http:\/\/qingdaohf.com\/wp-content\/uploads\/2023\/05\/G213-G215.jpg\" alt=\"G213 G215 okov\" width=\"1000\" height=\"1281\" srcset=\"https:\/\/qingdaohf.com\/wp-content\/uploads\/2023\/05\/G213-G215.jpg 1000w, https:\/\/qingdaohf.com\/wp-content\/uploads\/2023\/05\/G213-G215-234x300.jpg 234w, https:\/\/qingdaohf.com\/wp-content\/uploads\/2023\/05\/G213-G215-799x1024.jpg 799w, https:\/\/qingdaohf.com\/wp-content\/uploads\/2023\/05\/G213-G215-768x984.jpg 768w\" sizes=\"(max-width: 1000px) 100vw, 1000px\" \/><\/p>\n<h2 class=\"\" data-start=\"3606\" data-end=\"3644\">Prednosti partnerstva s podjetjem H&amp;F<\/h2>\n<p class=\"\" data-start=\"3645\" data-end=\"4834\">Ko gre za zagotavljanje zanesljive strojne opreme, partnerstvo s podjetjem H&amp;F ponuja posebne prednosti, ki ga razlikujejo od drugih. Kupci cenijo celovito podporo, od razpolo\u017eljivosti brezpla\u010dnih vzorcev do individualnih storitev za stranke, ki obravnavajo individualne zahteve. Zavezanost podjetja H&amp;F h kakovosti in storitvam se ka\u017ee v mo\u017enosti dostave od vrat do vrat, ki zagotavlja pravo\u010dasen in varen prihod izdelkov. \u010ceprav veliko izdelkov prihaja od zunanjih razvijalcev, dru\u017eba H&amp;F vzdr\u017euje strog postopek pregleda in nadzor kakovosti, ki zagotavlja, da vsaka enota izpolnjuje zahtevane certifikate. Proaktivni pristop podjetja k storitvam za stranke in njegova predanost omogo\u010danju prilagojenih re\u0161itev pomagata graditi trajne odnose, ki temeljijo na zaupanju in vzajemnem uspehu. Stranke so vabljene, da izkusijo me\u0161anico strokovnega vodenja in inovativnih izdelkov, ki poenostavljajo zapletenost industrijskega okovja. Ta predanost odli\u010dnosti se odra\u017ea v vseh vidikih storitev, kar zagotavlja, da stranke ne prejmejo le visokokakovostnega izdelka, kot je oklep G215, temve\u010d tudi celovit sistem podpore, ki pove\u010duje splo\u0161no operativno u\u010dinkovitost.<\/p>\n<p class=\"\" data-start=\"4836\" data-end=\"5432\">Podrobna analiza okovja G215 poudarja njegovo vrhunsko in\u017eenirstvo, izjemno kakovost materialov in upo\u0161tevanje strogih standardov kakovosti. Zaradi svoje natan\u010dne zasnove je prednostna izbira za strokovnjake v sektorjih, ki zahtevajo zanesljivost in zmogljivost. Poleg tega strate\u0161ke prednosti, ki jih ponuja podjetje H&amp;F, vklju\u010dno s prilagojenimi storitvami za stranke in u\u010dinkovitimi sistemi dostave, pove\u010dujejo vrednost izbire tega izdelka. S poudarkom na varnosti, vzdr\u017eljivosti in podpori, usmerjeni k strankam, predstavlja okov G215 zaupanja vredno re\u0161itev za sodobno industrijsko okolje.<\/p>","protected":false},"excerpt":{"rendered":"<p>G215 Shackle je natan\u010dno izdelan pribor za okovje, ki je skrbno zasnovan za uporabo v te\u017ekih pogojih. Ta okov je izdelan iz visokokakovostnega legiranega jekla in je strogo preizku\u0161en glede kakovosti in varnosti, zato zagotavlja izjemno vzdr\u017eljivost in zanesljivost v zahtevnih industrijskih okoljih. Zaradi svoje vsestranske zasnove in strogega upo\u0161tevanja mednarodnih certifikatov je idealna izbira za strokovnjake, ki i\u0161\u010dejo zanesljivo delovanje in prilagojene re\u0161itve.<\/p>","protected":false},"featured_media":6333,"comment_status":"open","ping_status":"closed","template":"","meta":{"site-sidebar-layout":"default","site-content-layout":"default","ast-site-content-layout":"default","site-content-style":"default","site-sidebar-style":"default","ast-global-header-display":"","ast-banner-title-visibility":"","ast-main-header-display":"","ast-hfb-above-header-display":"","ast-hfb-below-header-display":"","ast-hfb-mobile-header-display":"","site-post-title":"","ast-breadcrumbs-content":"","ast-featured-img":"","footer-sml-layout":"","theme-transparent-header-meta":"default","adv-header-id-meta":"","stick-header-meta":"default","header-above-stick-meta":"","header-main-stick-meta":"","header-below-stick-meta":"","astra-migrate-meta-layouts":"set","ast-page-background-enabled":"default","ast-page-background-meta":{"desktop":{"background-color":"","background-image":"","background-repeat":"repeat","background-position":"center center","background-size":"auto","background-attachment":"scroll","background-type":"","background-media":"","overlay-type":"","overlay-color":"","overlay-opacity":"","overlay-gradient":""},"tablet":{"background-color":"","background-image":"","background-repeat":"repeat","background-position":"center center","background-size":"auto","background-attachment":"scroll","background-type":"","background-media":"","overlay-type":"","overlay-color":"","overlay-opacity":"","overlay-gradient":""},"mobile":{"background-color":"","background-image":"","background-repeat":"repeat","background-position":"center center","background-size":"auto","background-attachment":"scroll","background-type":"","background-media":"","overlay-type":"","overlay-color":"","overlay-opacity":"","overlay-gradient":""}},"ast-content-background-meta":{"desktop":{"background-color":"var(--ast-global-color-5)","background-image":"","background-repeat":"repeat","background-position":"center center","background-size":"auto","background-attachment":"scroll","background-type":"","background-media":"","overlay-type":"","overlay-color":"","overlay-opacity":"","overlay-gradient":""},"tablet":{"background-color":"var(--ast-global-color-5)","background-image":"","background-repeat":"repeat","background-position":"center center","background-size":"auto","background-attachment":"scroll","background-type":"","background-media":"","overlay-type":"","overlay-color":"","overlay-opacity":"","overlay-gradient":""},"mobile":{"background-color":"var(--ast-global-color-5)","background-image":"","background-repeat":"repeat","background-position":"center center","background-size":"auto","background-attachment":"scroll","background-type":"","background-media":"","overlay-type":"","overlay-color":"","overlay-opacity":"","overlay-gradient":""}}},"product_brand":[],"product_cat":[43,54],"product_tag":[],"class_list":{"0":"post-3822","1":"product","2":"type-product","3":"status-publish","4":"has-post-thumbnail","6":"product_cat-rigging-hardware","7":"product_cat-shackle","8":"desktop-align-left","9":"tablet-align-left","10":"mobile-align-left","11":"ast-product-gallery-layout-horizontal-slider","12":"ast-product-gallery-with-no-image","13":"ast-product-tabs-layout-horizontal","15":"first","16":"instock","17":"shipping-taxable","18":"purchasable","19":"product-type-simple"},"yoast_head":"<!-- This site is optimized with the Yoast SEO plugin v25.2 - https:\/\/yoast.com\/wordpress\/plugins\/seo\/ -->\n<title>G215 Galvanized Shackle<\/title>\n<meta name=\"description\" content=\"The G213 Galvanized Shackle and G215 Galvanized Shackle are two types of shackles commonly used in rigging and lifting operations. These shackles provide a secure connection point between various components such as chains, slings, and wire ropes.\" \/>\n<meta name=\"robots\" content=\"index, follow, max-snippet:-1, max-image-preview:large, max-video-preview:-1\" \/>\n<link rel=\"canonical\" href=\"https:\/\/qingdaohf.com\/sl\/izdelek\/g213-g215-galvanizirana-okova\/\" \/>\n<meta property=\"og:locale\" content=\"sl_SI\" \/>\n<meta property=\"og:type\" content=\"article\" \/>\n<meta property=\"og:title\" content=\"G215 Galvanized Shackle\" \/>\n<meta property=\"og:description\" content=\"The G213 Galvanized Shackle and G215 Galvanized Shackle are two types of shackles commonly used in rigging and lifting operations. These shackles provide a secure connection point between various components such as chains, slings, and wire ropes.\" \/>\n<meta property=\"og:url\" content=\"https:\/\/qingdaohf.com\/sl\/izdelek\/g213-g215-galvanizirana-okova\/\" \/>\n<meta property=\"og:site_name\" content=\"Concrete Form &amp; Rigging Hardware Supplier\" \/>\n<meta property=\"article:publisher\" content=\"https:\/\/www.facebook.com\/qingdaohf\" \/>\n<meta property=\"article:modified_time\" content=\"2025-11-13T01:05:11+00:00\" \/>\n<meta property=\"og:image\" content=\"https:\/\/qingdaohf.com\/wp-content\/uploads\/2023\/05\/shackle-G215.jpg\" \/>\n\t<meta property=\"og:image:width\" content=\"1000\" \/>\n\t<meta property=\"og:image:height\" content=\"1000\" \/>\n\t<meta property=\"og:image:type\" content=\"image\/jpeg\" \/>\n<meta name=\"twitter:card\" content=\"summary_large_image\" \/>\n<meta name=\"twitter:label1\" content=\"Est. reading time\" \/>\n\t<meta name=\"twitter:data1\" content=\"4 minute\" \/>\n<script type=\"application\/ld+json\" class=\"yoast-schema-graph\">{\"@context\":\"https:\/\/schema.org\",\"@graph\":[{\"@type\":\"WebPage\",\"@id\":\"https:\/\/qingdaohf.com\/product\/g215-shackle\/\",\"url\":\"https:\/\/qingdaohf.com\/product\/g215-shackle\/\",\"name\":\"G215 Galvanized Shackle\",\"isPartOf\":{\"@id\":\"https:\/\/qingdaohf.com\/bg\/#website\"},\"primaryImageOfPage\":{\"@id\":\"https:\/\/qingdaohf.com\/product\/g215-shackle\/#primaryimage\"},\"image\":{\"@id\":\"https:\/\/qingdaohf.com\/product\/g215-shackle\/#primaryimage\"},\"thumbnailUrl\":\"https:\/\/qingdaohf.com\/wp-content\/uploads\/2023\/05\/shackle-G215.jpg\",\"datePublished\":\"2023-05-19T08:36:58+00:00\",\"dateModified\":\"2025-11-13T01:05:11+00:00\",\"description\":\"The G213 Galvanized Shackle and G215 Galvanized Shackle are two types of shackles commonly used in rigging and lifting operations. These shackles provide a secure connection point between various components such as chains, slings, and wire ropes.\",\"breadcrumb\":{\"@id\":\"https:\/\/qingdaohf.com\/product\/g215-shackle\/#breadcrumb\"},\"inLanguage\":\"sl-SI\",\"potentialAction\":[{\"@type\":\"ReadAction\",\"target\":[\"https:\/\/qingdaohf.com\/product\/g215-shackle\/\"]}]},{\"@type\":\"ImageObject\",\"inLanguage\":\"sl-SI\",\"@id\":\"https:\/\/qingdaohf.com\/product\/g215-shackle\/#primaryimage\",\"url\":\"https:\/\/qingdaohf.com\/wp-content\/uploads\/2023\/05\/shackle-G215.jpg\",\"contentUrl\":\"https:\/\/qingdaohf.com\/wp-content\/uploads\/2023\/05\/shackle-G215.jpg\",\"width\":1000,\"height\":1000,\"caption\":\"shackle G215\"},{\"@type\":\"BreadcrumbList\",\"@id\":\"https:\/\/qingdaohf.com\/product\/g215-shackle\/#breadcrumb\",\"itemListElement\":[{\"@type\":\"ListItem\",\"position\":1,\"name\":\"Home\",\"item\":\"https:\/\/qingdaohf.com\/\"},{\"@type\":\"ListItem\",\"position\":2,\"name\":\"Concrete Forming Accessories and Rigging Hardware\",\"item\":\"https:\/\/qingdaohf.com\/bg\/?page_id=944\"},{\"@type\":\"ListItem\",\"position\":3,\"name\":\"G215 Galvanized Shackle\"}]},{\"@type\":\"WebSite\",\"@id\":\"https:\/\/qingdaohf.com\/bg\/#website\",\"url\":\"https:\/\/qingdaohf.com\/bg\/\",\"name\":\"Concrete Form & Rigging Hardware Supplier\",\"description\":\"\",\"publisher\":{\"@id\":\"https:\/\/qingdaohf.com\/bg\/#organization\"},\"potentialAction\":[{\"@type\":\"SearchAction\",\"target\":{\"@type\":\"EntryPoint\",\"urlTemplate\":\"https:\/\/qingdaohf.com\/bg\/?s={search_term_string}\"},\"query-input\":{\"@type\":\"PropertyValueSpecification\",\"valueRequired\":true,\"valueName\":\"search_term_string\"}}],\"inLanguage\":\"sl-SI\"},{\"@type\":\"Organization\",\"@id\":\"https:\/\/qingdaohf.com\/bg\/#organization\",\"name\":\"Qingdao H&F\",\"url\":\"https:\/\/qingdaohf.com\/bg\/\",\"logo\":{\"@type\":\"ImageObject\",\"inLanguage\":\"sl-SI\",\"@id\":\"https:\/\/qingdaohf.com\/bg\/#\/schema\/logo\/image\/\",\"url\":\"https:\/\/qingdaohf.com\/wp-content\/uploads\/2022\/12\/cropped-HF-LOGO.png\",\"contentUrl\":\"https:\/\/qingdaohf.com\/wp-content\/uploads\/2022\/12\/cropped-HF-LOGO.png\",\"width\":391,\"height\":249,\"caption\":\"Qingdao H&F\"},\"image\":{\"@id\":\"https:\/\/qingdaohf.com\/bg\/#\/schema\/logo\/image\/\"},\"sameAs\":[\"https:\/\/www.facebook.com\/qingdaohf\"]}]}<\/script>\n<!-- \/ Yoast SEO plugin. -->","yoast_head_json":{"title":"G215 Galvanized Shackle","description":"The G213 Galvanized Shackle and G215 Galvanized Shackle are two types of shackles commonly used in rigging and lifting operations. These shackles provide a secure connection point between various components such as chains, slings, and wire ropes.","robots":{"index":"index","follow":"follow","max-snippet":"max-snippet:-1","max-image-preview":"max-image-preview:large","max-video-preview":"max-video-preview:-1"},"canonical":"https:\/\/qingdaohf.com\/sl\/izdelek\/g213-g215-galvanizirana-okova\/","og_locale":"sl_SI","og_type":"article","og_title":"G215 Galvanized Shackle","og_description":"The G213 Galvanized Shackle and G215 Galvanized Shackle are two types of shackles commonly used in rigging and lifting operations. These shackles provide a secure connection point between various components such as chains, slings, and wire ropes.","og_url":"https:\/\/qingdaohf.com\/sl\/izdelek\/g213-g215-galvanizirana-okova\/","og_site_name":"Concrete Form &amp; Rigging Hardware Supplier","article_publisher":"https:\/\/www.facebook.com\/qingdaohf","article_modified_time":"2025-11-13T01:05:11+00:00","og_image":[{"width":1000,"height":1000,"url":"https:\/\/qingdaohf.com\/wp-content\/uploads\/2023\/05\/shackle-G215.jpg","type":"image\/jpeg"}],"twitter_card":"summary_large_image","twitter_misc":{"Est. reading time":"4 minute"},"schema":{"@context":"https:\/\/schema.org","@graph":[{"@type":"WebPage","@id":"https:\/\/qingdaohf.com\/product\/g215-shackle\/","url":"https:\/\/qingdaohf.com\/product\/g215-shackle\/","name":"G215 Galvanized Shackle","isPartOf":{"@id":"https:\/\/qingdaohf.com\/bg\/#website"},"primaryImageOfPage":{"@id":"https:\/\/qingdaohf.com\/product\/g215-shackle\/#primaryimage"},"image":{"@id":"https:\/\/qingdaohf.com\/product\/g215-shackle\/#primaryimage"},"thumbnailUrl":"https:\/\/qingdaohf.com\/wp-content\/uploads\/2023\/05\/shackle-G215.jpg","datePublished":"2023-05-19T08:36:58+00:00","dateModified":"2025-11-13T01:05:11+00:00","description":"The G213 Galvanized Shackle and G215 Galvanized Shackle are two types of shackles commonly used in rigging and lifting operations. These shackles provide a secure connection point between various components such as chains, slings, and wire ropes.","breadcrumb":{"@id":"https:\/\/qingdaohf.com\/product\/g215-shackle\/#breadcrumb"},"inLanguage":"sl-SI","potentialAction":[{"@type":"ReadAction","target":["https:\/\/qingdaohf.com\/product\/g215-shackle\/"]}]},{"@type":"ImageObject","inLanguage":"sl-SI","@id":"https:\/\/qingdaohf.com\/product\/g215-shackle\/#primaryimage","url":"https:\/\/qingdaohf.com\/wp-content\/uploads\/2023\/05\/shackle-G215.jpg","contentUrl":"https:\/\/qingdaohf.com\/wp-content\/uploads\/2023\/05\/shackle-G215.jpg","width":1000,"height":1000,"caption":"shackle G215"},{"@type":"BreadcrumbList","@id":"https:\/\/qingdaohf.com\/product\/g215-shackle\/#breadcrumb","itemListElement":[{"@type":"ListItem","position":1,"name":"Home","item":"https:\/\/qingdaohf.com\/"},{"@type":"ListItem","position":2,"name":"Concrete Forming Accessories and Rigging Hardware","item":"https:\/\/qingdaohf.com\/bg\/?page_id=944"},{"@type":"ListItem","position":3,"name":"G215 Galvanized Shackle"}]},{"@type":"WebSite","@id":"https:\/\/qingdaohf.com\/bg\/#website","url":"https:\/\/qingdaohf.com\/bg\/","name":"Concrete Form & Rigging Hardware Supplier","description":"","publisher":{"@id":"https:\/\/qingdaohf.com\/bg\/#organization"},"potentialAction":[{"@type":"SearchAction","target":{"@type":"EntryPoint","urlTemplate":"https:\/\/qingdaohf.com\/bg\/?s={search_term_string}"},"query-input":{"@type":"PropertyValueSpecification","valueRequired":true,"valueName":"search_term_string"}}],"inLanguage":"sl-SI"},{"@type":"Organization","@id":"https:\/\/qingdaohf.com\/bg\/#organization","name":"Qingdao H&F","url":"https:\/\/qingdaohf.com\/bg\/","logo":{"@type":"ImageObject","inLanguage":"sl-SI","@id":"https:\/\/qingdaohf.com\/bg\/#\/schema\/logo\/image\/","url":"https:\/\/qingdaohf.com\/wp-content\/uploads\/2022\/12\/cropped-HF-LOGO.png","contentUrl":"https:\/\/qingdaohf.com\/wp-content\/uploads\/2022\/12\/cropped-HF-LOGO.png","width":391,"height":249,"caption":"Qingdao H&F"},"image":{"@id":"https:\/\/qingdaohf.com\/bg\/#\/schema\/logo\/image\/"},"sameAs":["https:\/\/www.facebook.com\/qingdaohf"]}]}},"_links":{"self":[{"href":"https:\/\/qingdaohf.com\/sl\/wp-json\/wp\/v2\/product\/3822","targetHints":{"allow":["GET"]}}],"collection":[{"href":"https:\/\/qingdaohf.com\/sl\/wp-json\/wp\/v2\/product"}],"about":[{"href":"https:\/\/qingdaohf.com\/sl\/wp-json\/wp\/v2\/types\/product"}],"replies":[{"embeddable":true,"href":"https:\/\/qingdaohf.com\/sl\/wp-json\/wp\/v2\/comments?post=3822"}],"version-history":[{"count":2,"href":"https:\/\/qingdaohf.com\/sl\/wp-json\/wp\/v2\/product\/3822\/revisions"}],"predecessor-version":[{"id":9455,"href":"https:\/\/qingdaohf.com\/sl\/wp-json\/wp\/v2\/product\/3822\/revisions\/9455"}],"wp:featuredmedia":[{"embeddable":true,"href":"https:\/\/qingdaohf.com\/sl\/wp-json\/wp\/v2\/media\/6333"}],"wp:attachment":[{"href":"https:\/\/qingdaohf.com\/sl\/wp-json\/wp\/v2\/media?parent=3822"}],"wp:term":[{"taxonomy":"product_brand","embeddable":true,"href":"https:\/\/qingdaohf.com\/sl\/wp-json\/wp\/v2\/product_brand?post=3822"},{"taxonomy":"product_cat","embeddable":true,"href":"https:\/\/qingdaohf.com\/sl\/wp-json\/wp\/v2\/product_cat?post=3822"},{"taxonomy":"product_tag","embeddable":true,"href":"https:\/\/qingdaohf.com\/sl\/wp-json\/wp\/v2\/product_tag?post=3822"}],"curies":[{"name":"wp","href":"https:\/\/api.w.org\/{rel}","templated":true}]}}