{"id":3966,"date":"2023-05-24T17:30:12","date_gmt":"2023-05-24T09:30:12","guid":{"rendered":"http:\/\/qingdaohf.com\/?post_type=product&#038;p=3966"},"modified":"2025-11-13T09:05:10","modified_gmt":"2025-11-13T01:05:10","slug":"turnbuckle","status":"publish","type":"product","link":"https:\/\/qingdaohf.com\/sl\/izdelek\/napenjalnik\/","title":{"rendered":"M4-M20 Napenjalni dobavitelj"},"content":{"rendered":"<h3>Neomajno zagotavljanje kakovosti:<\/h3>\n<p>Na\u0161i napenjalci iz nerjave\u010dega jekla in pocinkani napenjalci so pred vsako dobavo podvr\u017eeni strogemu nadzoru kakovosti, kar zagotavlja, da izpolnjujejo in presegajo ameri\u0161ke standarde.<br \/>\nBodite prepri\u010dani, da so na\u0161i izdelki izdelani za dolgo \u017eivljenjsko dobo, saj zagotavljajo izjemno vzdr\u017eljivost, zanesljivost in odpornost proti koroziji.<\/p>\n<h3>Obse\u017ena paleta izdelkov:<\/h3>\n<p>Razi\u0161\u010dite na\u0161 obse\u017een izbor napevalnih sponk, ki so na voljo v razli\u010dnih velikostih, konfiguracijah in nosilnostih, da ustrezajo \u0161irokemu spektru aplikacij.<br \/>\nNe glede na to, ali potrebujete napenjalce iz nerjavnega jekla ali pocinkane napenjalce, imamo popolno re\u0161itev za potrebe va\u0161ega projekta.<\/p>\n<h3>Konkuren\u010dne cene:<\/h3>\n<p>Verjamemo, da zagotavljamo stro\u0161kovno u\u010dinkovite re\u0161itve brez kompromisov glede kakovosti. Izkoristite konkuren\u010dne cene in skupinske popuste, prilagojene va\u0161emu prora\u010dunu.<br \/>\nNa\u0161a u\u010dinkovita dobavna veriga in racionalizirani procesi nam omogo\u010dajo, da ponudimo konkuren\u010dne cene, ne da bi pri tem \u017ertvovali odli\u010dnost izdelkov.<\/p>\n<h3>Izjemna podpora strankam:<\/h3>\n<p>Na\u0161a predana ekipa strokovnjakov se zavzema za zagotavljanje izjemne podpore strankam na vsakem koraku va\u0161ega nakupnega potovanja.<br \/>\nOd poizvedb o izdelkih do poprodajne pomo\u010di - na va\u0161a vpra\u0161anja in te\u017eave bomo odgovorili takoj in u\u010dinkovito.<\/p>\n<h3>Mo\u017enosti prilagajanja:<\/h3>\n<p>Vsak projekt je edinstven, zato vam ponujamo storitve prilagajanja, da bi izpolnili va\u0161e posebne zahteve.<br \/>\nNe glede na to, ali potrebujete prilagojene velikosti, obdelave ali konfiguracije, vam lahko na\u0161a izku\u0161ena ekipa ponudi prilagojene re\u0161itve, ki bodo ustrezale va\u0161im potrebam.<\/p>\n<h3>Pravo\u010dasna dostava:<\/h3>\n<p>Zavedamo se, kako pomembna je pravo\u010dasna dobava, da bi va\u0161i projekti potekali v skladu z na\u010drti. Z u\u010dinkovito logistiko in zanesljivimi partnerji za po\u0161iljanje vam zagotavljamo hitro dostavo na \u017eeleno lokacijo.<\/p>\n<div class=\"ast-oembed-container\" style=\"height: 100%;\"><iframe title=\"Trgovina na debelo M20 Napenjalnik\" width=\"500\" height=\"281\" src=\"https:\/\/www.youtube.com\/embed\/WmfKiab5nys?feature=oembed\" frameborder=\"0\" allow=\"accelerometer; autoplay; clipboard-write; encrypted-media; gyroscope; picture-in-picture; web-share\" referrerpolicy=\"strict-origin-when-cross-origin\" allowfullscreen><\/iframe><\/div>\n<h3>Vrsta zategovalnika<\/h3>\n<h3><a href=\"https:\/\/qingdaohf.com\/sl\/izdelek\/kavelj-kavelj-zategovalnik\/\">Kljuka in kljuka Napenjalnik<\/a><\/h3>\n<p><a href=\"https:\/\/qingdaohf.com\/sl\/izdelek\/kavelj-kavelj-zategovalnik\/\"><img fetchpriority=\"high\" decoding=\"async\" class=\"alignnone wp-image-3971\" src=\"http:\/\/qingdaohf.com\/wp-content\/uploads\/2023\/05\/HH.jpg\" alt=\"Napenjalnik Hook&amp;Hook\" width=\"500\" height=\"500\" srcset=\"https:\/\/qingdaohf.com\/wp-content\/uploads\/2023\/05\/HH.jpg 1000w, https:\/\/qingdaohf.com\/wp-content\/uploads\/2023\/05\/HH-300x300.jpg 300w, https:\/\/qingdaohf.com\/wp-content\/uploads\/2023\/05\/HH-150x150.jpg 150w, https:\/\/qingdaohf.com\/wp-content\/uploads\/2023\/05\/HH-768x768.jpg 768w, https:\/\/qingdaohf.com\/wp-content\/uploads\/2023\/05\/HH-500x500.jpg 500w, https:\/\/qingdaohf.com\/wp-content\/uploads\/2023\/05\/HH-100x100.jpg 100w\" sizes=\"(max-width: 500px) 100vw, 500px\" \/><\/a><\/p>\n<h3><a href=\"https:\/\/qingdaohf.com\/sl\/izdelek\/napenjalnik-s-kavljevim-ocesom\/\">Kljuka in oko Napenjalnik<\/a><\/h3>\n<p><a href=\"https:\/\/qingdaohf.com\/sl\/izdelek\/napenjalnik-s-kavljevim-ocesom\/\"><img decoding=\"async\" class=\"alignnone wp-image-3972\" src=\"http:\/\/qingdaohf.com\/wp-content\/uploads\/2023\/05\/turnbuckle-5.jpg\" alt=\"Napenjalnik Hook&amp;Hook\" width=\"500\" height=\"500\" srcset=\"https:\/\/qingdaohf.com\/wp-content\/uploads\/2023\/05\/turnbuckle-5.jpg 1000w, https:\/\/qingdaohf.com\/wp-content\/uploads\/2023\/05\/turnbuckle-5-300x300.jpg 300w, https:\/\/qingdaohf.com\/wp-content\/uploads\/2023\/05\/turnbuckle-5-150x150.jpg 150w, https:\/\/qingdaohf.com\/wp-content\/uploads\/2023\/05\/turnbuckle-5-768x768.jpg 768w, https:\/\/qingdaohf.com\/wp-content\/uploads\/2023\/05\/turnbuckle-5-500x500.jpg 500w, https:\/\/qingdaohf.com\/wp-content\/uploads\/2023\/05\/turnbuckle-5-100x100.jpg 100w\" sizes=\"(max-width: 500px) 100vw, 500px\" \/><\/a><\/p>\n<h3><a href=\"https:\/\/qingdaohf.com\/sl\/izdelek\/napera-za-oci-eye-turnbuckle\/\">Napenjalnik Eye &amp; Eye<\/a><\/h3>\n<p><a href=\"https:\/\/qingdaohf.com\/sl\/izdelek\/napera-za-oci-eye-turnbuckle\/\"><img decoding=\"async\" class=\"alignnone wp-image-3973\" src=\"http:\/\/qingdaohf.com\/wp-content\/uploads\/2023\/05\/turnbuckle-41.jpg\" alt=\"Eye&amp;Eye Turnbuckle\" width=\"500\" height=\"500\" srcset=\"https:\/\/qingdaohf.com\/wp-content\/uploads\/2023\/05\/turnbuckle-41.jpg 1000w, https:\/\/qingdaohf.com\/wp-content\/uploads\/2023\/05\/turnbuckle-41-300x300.jpg 300w, https:\/\/qingdaohf.com\/wp-content\/uploads\/2023\/05\/turnbuckle-41-150x150.jpg 150w, https:\/\/qingdaohf.com\/wp-content\/uploads\/2023\/05\/turnbuckle-41-768x768.jpg 768w, https:\/\/qingdaohf.com\/wp-content\/uploads\/2023\/05\/turnbuckle-41-500x500.jpg 500w, https:\/\/qingdaohf.com\/wp-content\/uploads\/2023\/05\/turnbuckle-41-100x100.jpg 100w\" sizes=\"(max-width: 500px) 100vw, 500px\" \/><\/a><\/p>\n<h3><a href=\"https:\/\/qingdaohf.com\/sl\/izdelek\/celjustni-zategovalnik-za-oci\/\">\u010celjusti in o\u010di Napenjalnik<\/a><\/h3>\n<p><a href=\"https:\/\/qingdaohf.com\/sl\/izdelek\/celjustni-zategovalnik-za-oci\/\"><img loading=\"lazy\" decoding=\"async\" class=\"alignnone wp-image-3974\" src=\"http:\/\/qingdaohf.com\/wp-content\/uploads\/2023\/05\/turnbuckle-1.jpg\" alt=\"JAW&amp;Eye Napenjalnik\" width=\"500\" height=\"500\" srcset=\"https:\/\/qingdaohf.com\/wp-content\/uploads\/2023\/05\/turnbuckle-1.jpg 1000w, https:\/\/qingdaohf.com\/wp-content\/uploads\/2023\/05\/turnbuckle-1-300x300.jpg 300w, https:\/\/qingdaohf.com\/wp-content\/uploads\/2023\/05\/turnbuckle-1-150x150.jpg 150w, https:\/\/qingdaohf.com\/wp-content\/uploads\/2023\/05\/turnbuckle-1-768x768.jpg 768w, https:\/\/qingdaohf.com\/wp-content\/uploads\/2023\/05\/turnbuckle-1-500x500.jpg 500w, https:\/\/qingdaohf.com\/wp-content\/uploads\/2023\/05\/turnbuckle-1-100x100.jpg 100w\" sizes=\"(max-width: 500px) 100vw, 500px\" \/><\/a><\/p>\n<h3><a href=\"https:\/\/qingdaohf.com\/sl\/izdelek\/celjustni-zategovalnik\/\">\u010celjust in \u010deljusti Napenjalnik<\/a><\/h3>\n<p><a href=\"https:\/\/qingdaohf.com\/sl\/izdelek\/celjustni-zategovalnik\/\"><img loading=\"lazy\" decoding=\"async\" class=\"alignnone wp-image-3975\" src=\"http:\/\/qingdaohf.com\/wp-content\/uploads\/2023\/05\/turnbuckle-9.jpg\" alt=\"\u010celjust in \u010deljust Napenjalnik\" width=\"500\" height=\"500\" srcset=\"https:\/\/qingdaohf.com\/wp-content\/uploads\/2023\/05\/turnbuckle-9.jpg 1000w, https:\/\/qingdaohf.com\/wp-content\/uploads\/2023\/05\/turnbuckle-9-300x300.jpg 300w, https:\/\/qingdaohf.com\/wp-content\/uploads\/2023\/05\/turnbuckle-9-150x150.jpg 150w, https:\/\/qingdaohf.com\/wp-content\/uploads\/2023\/05\/turnbuckle-9-768x768.jpg 768w, https:\/\/qingdaohf.com\/wp-content\/uploads\/2023\/05\/turnbuckle-9-500x500.jpg 500w, https:\/\/qingdaohf.com\/wp-content\/uploads\/2023\/05\/turnbuckle-9-100x100.jpg 100w\" sizes=\"(max-width: 500px) 100vw, 500px\" \/><\/a><\/p>\n<p>&nbsp;<\/p>","protected":false},"excerpt":{"rendered":"<p>H&amp;F, va\u0161a glavna destinacija za re\u0161itve za zategovalnike, prilagojene va\u0161im potrebam. Z ve\u010d kot dvema desetletjema strokovnega znanja v industriji se zavedamo klju\u010dnega pomena kakovosti, zanesljivosti in pravo\u010dasne dobave.<\/p>","protected":false},"featured_media":3967,"comment_status":"open","ping_status":"closed","template":"","meta":{"site-sidebar-layout":"default","site-content-layout":"default","ast-site-content-layout":"default","site-content-style":"default","site-sidebar-style":"default","ast-global-header-display":"","ast-banner-title-visibility":"","ast-main-header-display":"","ast-hfb-above-header-display":"","ast-hfb-below-header-display":"","ast-hfb-mobile-header-display":"","site-post-title":"","ast-breadcrumbs-content":"","ast-featured-img":"","footer-sml-layout":"","theme-transparent-header-meta":"default","adv-header-id-meta":"","stick-header-meta":"default","header-above-stick-meta":"","header-main-stick-meta":"","header-below-stick-meta":"","astra-migrate-meta-layouts":"set","ast-page-background-enabled":"default","ast-page-background-meta":{"desktop":{"background-color":"","background-image":"","background-repeat":"repeat","background-position":"center center","background-size":"auto","background-attachment":"scroll","background-type":"","background-media":"","overlay-type":"","overlay-color":"","overlay-opacity":"","overlay-gradient":""},"tablet":{"background-color":"","background-image":"","background-repeat":"repeat","background-position":"center center","background-size":"auto","background-attachment":"scroll","background-type":"","background-media":"","overlay-type":"","overlay-color":"","overlay-opacity":"","overlay-gradient":""},"mobile":{"background-color":"","background-image":"","background-repeat":"repeat","background-position":"center center","background-size":"auto","background-attachment":"scroll","background-type":"","background-media":"","overlay-type":"","overlay-color":"","overlay-opacity":"","overlay-gradient":""}},"ast-content-background-meta":{"desktop":{"background-color":"var(--ast-global-color-5)","background-image":"","background-repeat":"repeat","background-position":"center center","background-size":"auto","background-attachment":"scroll","background-type":"","background-media":"","overlay-type":"","overlay-color":"","overlay-opacity":"","overlay-gradient":""},"tablet":{"background-color":"var(--ast-global-color-5)","background-image":"","background-repeat":"repeat","background-position":"center center","background-size":"auto","background-attachment":"scroll","background-type":"","background-media":"","overlay-type":"","overlay-color":"","overlay-opacity":"","overlay-gradient":""},"mobile":{"background-color":"var(--ast-global-color-5)","background-image":"","background-repeat":"repeat","background-position":"center center","background-size":"auto","background-attachment":"scroll","background-type":"","background-media":"","overlay-type":"","overlay-color":"","overlay-opacity":"","overlay-gradient":""}}},"product_brand":[],"product_cat":[56],"product_tag":[],"class_list":{"0":"post-3966","1":"product","2":"type-product","3":"status-publish","4":"has-post-thumbnail","6":"product_cat-turnbuckle","7":"desktop-align-left","8":"tablet-align-left","9":"mobile-align-left","10":"ast-product-gallery-layout-horizontal-slider","11":"ast-product-tabs-layout-horizontal","13":"first","14":"instock","15":"shipping-taxable","16":"purchasable","17":"product-type-simple"},"yoast_head":"<!-- This site is optimized with the Yoast SEO plugin v25.2 - https:\/\/yoast.com\/wordpress\/plugins\/seo\/ -->\n<title>M4-M20 Turnbuckle Supplier<\/title>\n<meta name=\"description\" content=\"A turnbuckle is a versatile mechanical device used to adjust the tension or length of ropes, cables, or rods in various applications.\" \/>\n<meta name=\"robots\" content=\"index, follow, max-snippet:-1, max-image-preview:large, max-video-preview:-1\" \/>\n<link rel=\"canonical\" href=\"https:\/\/qingdaohf.com\/sl\/izdelek\/napenjalnik\/\" \/>\n<meta property=\"og:locale\" content=\"sl_SI\" \/>\n<meta property=\"og:type\" content=\"article\" \/>\n<meta property=\"og:title\" content=\"M4-M20 Turnbuckle Supplier\" \/>\n<meta property=\"og:description\" content=\"A turnbuckle is a versatile mechanical device used to adjust the tension or length of ropes, cables, or rods in various applications.\" \/>\n<meta property=\"og:url\" content=\"https:\/\/qingdaohf.com\/sl\/izdelek\/napenjalnik\/\" \/>\n<meta property=\"og:site_name\" content=\"Concrete Form &amp; Rigging Hardware Supplier\" \/>\n<meta property=\"article:publisher\" content=\"https:\/\/www.facebook.com\/qingdaohf\" \/>\n<meta property=\"article:modified_time\" content=\"2025-11-13T01:05:10+00:00\" \/>\n<meta property=\"og:image\" content=\"https:\/\/qingdaohf.com\/wp-content\/uploads\/2023\/05\/turnbuckle-7.jpg\" \/>\n\t<meta property=\"og:image:width\" content=\"1000\" \/>\n\t<meta property=\"og:image:height\" content=\"1000\" \/>\n\t<meta property=\"og:image:type\" content=\"image\/jpeg\" \/>\n<meta name=\"twitter:card\" content=\"summary_large_image\" \/>\n<meta name=\"twitter:label1\" content=\"Est. reading time\" \/>\n\t<meta name=\"twitter:data1\" content=\"3 minute\" \/>\n<script type=\"application\/ld+json\" class=\"yoast-schema-graph\">{\"@context\":\"https:\/\/schema.org\",\"@graph\":[{\"@type\":\"WebPage\",\"@id\":\"https:\/\/qingdaohf.com\/product\/turnbuckle\/\",\"url\":\"https:\/\/qingdaohf.com\/product\/turnbuckle\/\",\"name\":\"M4-M20 Turnbuckle Supplier\",\"isPartOf\":{\"@id\":\"https:\/\/qingdaohf.com\/bg\/#website\"},\"primaryImageOfPage\":{\"@id\":\"https:\/\/qingdaohf.com\/product\/turnbuckle\/#primaryimage\"},\"image\":{\"@id\":\"https:\/\/qingdaohf.com\/product\/turnbuckle\/#primaryimage\"},\"thumbnailUrl\":\"https:\/\/qingdaohf.com\/wp-content\/uploads\/2023\/05\/turnbuckle-7.jpg\",\"datePublished\":\"2023-05-24T09:30:12+00:00\",\"dateModified\":\"2025-11-13T01:05:10+00:00\",\"description\":\"A turnbuckle is a versatile mechanical device used to adjust the tension or length of ropes, cables, or rods in various applications.\",\"breadcrumb\":{\"@id\":\"https:\/\/qingdaohf.com\/product\/turnbuckle\/#breadcrumb\"},\"inLanguage\":\"sl-SI\",\"potentialAction\":[{\"@type\":\"ReadAction\",\"target\":[\"https:\/\/qingdaohf.com\/product\/turnbuckle\/\"]}]},{\"@type\":\"ImageObject\",\"inLanguage\":\"sl-SI\",\"@id\":\"https:\/\/qingdaohf.com\/product\/turnbuckle\/#primaryimage\",\"url\":\"https:\/\/qingdaohf.com\/wp-content\/uploads\/2023\/05\/turnbuckle-7.jpg\",\"contentUrl\":\"https:\/\/qingdaohf.com\/wp-content\/uploads\/2023\/05\/turnbuckle-7.jpg\",\"width\":1000,\"height\":1000,\"caption\":\"turnbuckle\"},{\"@type\":\"BreadcrumbList\",\"@id\":\"https:\/\/qingdaohf.com\/product\/turnbuckle\/#breadcrumb\",\"itemListElement\":[{\"@type\":\"ListItem\",\"position\":1,\"name\":\"Home\",\"item\":\"https:\/\/qingdaohf.com\/\"},{\"@type\":\"ListItem\",\"position\":2,\"name\":\"Concrete Forming Accessories and Rigging Hardware\",\"item\":\"https:\/\/qingdaohf.com\/bg\/?page_id=944\"},{\"@type\":\"ListItem\",\"position\":3,\"name\":\"M4-M20 Turnbuckle Supplier\"}]},{\"@type\":\"WebSite\",\"@id\":\"https:\/\/qingdaohf.com\/bg\/#website\",\"url\":\"https:\/\/qingdaohf.com\/bg\/\",\"name\":\"Concrete Form & Rigging Hardware Supplier\",\"description\":\"\",\"publisher\":{\"@id\":\"https:\/\/qingdaohf.com\/bg\/#organization\"},\"potentialAction\":[{\"@type\":\"SearchAction\",\"target\":{\"@type\":\"EntryPoint\",\"urlTemplate\":\"https:\/\/qingdaohf.com\/bg\/?s={search_term_string}\"},\"query-input\":{\"@type\":\"PropertyValueSpecification\",\"valueRequired\":true,\"valueName\":\"search_term_string\"}}],\"inLanguage\":\"sl-SI\"},{\"@type\":\"Organization\",\"@id\":\"https:\/\/qingdaohf.com\/bg\/#organization\",\"name\":\"Qingdao H&F\",\"url\":\"https:\/\/qingdaohf.com\/bg\/\",\"logo\":{\"@type\":\"ImageObject\",\"inLanguage\":\"sl-SI\",\"@id\":\"https:\/\/qingdaohf.com\/bg\/#\/schema\/logo\/image\/\",\"url\":\"https:\/\/qingdaohf.com\/wp-content\/uploads\/2022\/12\/cropped-HF-LOGO.png\",\"contentUrl\":\"https:\/\/qingdaohf.com\/wp-content\/uploads\/2022\/12\/cropped-HF-LOGO.png\",\"width\":391,\"height\":249,\"caption\":\"Qingdao H&F\"},\"image\":{\"@id\":\"https:\/\/qingdaohf.com\/bg\/#\/schema\/logo\/image\/\"},\"sameAs\":[\"https:\/\/www.facebook.com\/qingdaohf\"]}]}<\/script>\n<!-- \/ Yoast SEO plugin. -->","yoast_head_json":{"title":"M4-M20 Turnbuckle Supplier","description":"A turnbuckle is a versatile mechanical device used to adjust the tension or length of ropes, cables, or rods in various applications.","robots":{"index":"index","follow":"follow","max-snippet":"max-snippet:-1","max-image-preview":"max-image-preview:large","max-video-preview":"max-video-preview:-1"},"canonical":"https:\/\/qingdaohf.com\/sl\/izdelek\/napenjalnik\/","og_locale":"sl_SI","og_type":"article","og_title":"M4-M20 Turnbuckle Supplier","og_description":"A turnbuckle is a versatile mechanical device used to adjust the tension or length of ropes, cables, or rods in various applications.","og_url":"https:\/\/qingdaohf.com\/sl\/izdelek\/napenjalnik\/","og_site_name":"Concrete Form &amp; Rigging Hardware Supplier","article_publisher":"https:\/\/www.facebook.com\/qingdaohf","article_modified_time":"2025-11-13T01:05:10+00:00","og_image":[{"width":1000,"height":1000,"url":"https:\/\/qingdaohf.com\/wp-content\/uploads\/2023\/05\/turnbuckle-7.jpg","type":"image\/jpeg"}],"twitter_card":"summary_large_image","twitter_misc":{"Est. reading time":"3 minute"},"schema":{"@context":"https:\/\/schema.org","@graph":[{"@type":"WebPage","@id":"https:\/\/qingdaohf.com\/product\/turnbuckle\/","url":"https:\/\/qingdaohf.com\/product\/turnbuckle\/","name":"M4-M20 Turnbuckle Supplier","isPartOf":{"@id":"https:\/\/qingdaohf.com\/bg\/#website"},"primaryImageOfPage":{"@id":"https:\/\/qingdaohf.com\/product\/turnbuckle\/#primaryimage"},"image":{"@id":"https:\/\/qingdaohf.com\/product\/turnbuckle\/#primaryimage"},"thumbnailUrl":"https:\/\/qingdaohf.com\/wp-content\/uploads\/2023\/05\/turnbuckle-7.jpg","datePublished":"2023-05-24T09:30:12+00:00","dateModified":"2025-11-13T01:05:10+00:00","description":"A turnbuckle is a versatile mechanical device used to adjust the tension or length of ropes, cables, or rods in various applications.","breadcrumb":{"@id":"https:\/\/qingdaohf.com\/product\/turnbuckle\/#breadcrumb"},"inLanguage":"sl-SI","potentialAction":[{"@type":"ReadAction","target":["https:\/\/qingdaohf.com\/product\/turnbuckle\/"]}]},{"@type":"ImageObject","inLanguage":"sl-SI","@id":"https:\/\/qingdaohf.com\/product\/turnbuckle\/#primaryimage","url":"https:\/\/qingdaohf.com\/wp-content\/uploads\/2023\/05\/turnbuckle-7.jpg","contentUrl":"https:\/\/qingdaohf.com\/wp-content\/uploads\/2023\/05\/turnbuckle-7.jpg","width":1000,"height":1000,"caption":"turnbuckle"},{"@type":"BreadcrumbList","@id":"https:\/\/qingdaohf.com\/product\/turnbuckle\/#breadcrumb","itemListElement":[{"@type":"ListItem","position":1,"name":"Home","item":"https:\/\/qingdaohf.com\/"},{"@type":"ListItem","position":2,"name":"Concrete Forming Accessories and Rigging Hardware","item":"https:\/\/qingdaohf.com\/bg\/?page_id=944"},{"@type":"ListItem","position":3,"name":"M4-M20 Turnbuckle Supplier"}]},{"@type":"WebSite","@id":"https:\/\/qingdaohf.com\/bg\/#website","url":"https:\/\/qingdaohf.com\/bg\/","name":"Concrete Form & Rigging Hardware Supplier","description":"","publisher":{"@id":"https:\/\/qingdaohf.com\/bg\/#organization"},"potentialAction":[{"@type":"SearchAction","target":{"@type":"EntryPoint","urlTemplate":"https:\/\/qingdaohf.com\/bg\/?s={search_term_string}"},"query-input":{"@type":"PropertyValueSpecification","valueRequired":true,"valueName":"search_term_string"}}],"inLanguage":"sl-SI"},{"@type":"Organization","@id":"https:\/\/qingdaohf.com\/bg\/#organization","name":"Qingdao H&F","url":"https:\/\/qingdaohf.com\/bg\/","logo":{"@type":"ImageObject","inLanguage":"sl-SI","@id":"https:\/\/qingdaohf.com\/bg\/#\/schema\/logo\/image\/","url":"https:\/\/qingdaohf.com\/wp-content\/uploads\/2022\/12\/cropped-HF-LOGO.png","contentUrl":"https:\/\/qingdaohf.com\/wp-content\/uploads\/2022\/12\/cropped-HF-LOGO.png","width":391,"height":249,"caption":"Qingdao H&F"},"image":{"@id":"https:\/\/qingdaohf.com\/bg\/#\/schema\/logo\/image\/"},"sameAs":["https:\/\/www.facebook.com\/qingdaohf"]}]}},"_links":{"self":[{"href":"https:\/\/qingdaohf.com\/sl\/wp-json\/wp\/v2\/product\/3966","targetHints":{"allow":["GET"]}}],"collection":[{"href":"https:\/\/qingdaohf.com\/sl\/wp-json\/wp\/v2\/product"}],"about":[{"href":"https:\/\/qingdaohf.com\/sl\/wp-json\/wp\/v2\/types\/product"}],"replies":[{"embeddable":true,"href":"https:\/\/qingdaohf.com\/sl\/wp-json\/wp\/v2\/comments?post=3966"}],"version-history":[{"count":7,"href":"https:\/\/qingdaohf.com\/sl\/wp-json\/wp\/v2\/product\/3966\/revisions"}],"predecessor-version":[{"id":6810,"href":"https:\/\/qingdaohf.com\/sl\/wp-json\/wp\/v2\/product\/3966\/revisions\/6810"}],"wp:featuredmedia":[{"embeddable":true,"href":"https:\/\/qingdaohf.com\/sl\/wp-json\/wp\/v2\/media\/3967"}],"wp:attachment":[{"href":"https:\/\/qingdaohf.com\/sl\/wp-json\/wp\/v2\/media?parent=3966"}],"wp:term":[{"taxonomy":"product_brand","embeddable":true,"href":"https:\/\/qingdaohf.com\/sl\/wp-json\/wp\/v2\/product_brand?post=3966"},{"taxonomy":"product_cat","embeddable":true,"href":"https:\/\/qingdaohf.com\/sl\/wp-json\/wp\/v2\/product_cat?post=3966"},{"taxonomy":"product_tag","embeddable":true,"href":"https:\/\/qingdaohf.com\/sl\/wp-json\/wp\/v2\/product_tag?post=3966"}],"curies":[{"name":"wp","href":"https:\/\/api.w.org\/{rel}","templated":true}]}}