{"id":4110,"date":"2023-05-26T16:27:13","date_gmt":"2023-05-26T08:27:13","guid":{"rendered":"http:\/\/qingdaohf.com\/?post_type=product&#038;p=4110"},"modified":"2025-11-13T09:04:24","modified_gmt":"2025-11-13T01:04:24","slug":"eye-sling-hook","status":"publish","type":"product","link":"https:\/\/qingdaohf.com\/sl\/izdelek\/kavelj-za-zanko-z-ocesom\/","title":{"rendered":"320 Kljuka za zanko z o\u010desom"},"content":{"rendered":"<div class=\"font-claude-message  pr-4  md:pr-9  relative  leading-[1.65rem]  [&amp;_pre&gt;div]:bg-bg-300  [&amp;_.ignore-pre-bg&gt;div]:bg-transparent  [&amp;_pre]:-mr-4  md:[&amp;_pre]:-mr-9\">\n<div>\n<div class=\"grid-cols-1 grid gap-2.5 [&amp;_&gt;_*]:min-w-0\">\n<h2 class=\"font-600 text-2xl font-bold\">Vsestranskost in mo\u010d kavlja 320: Celovit pregled<\/h2>\n<p class=\"whitespace-pre-wrap break-words\">Priznajmo si, da je izbira kavlja izredno pomembna, ko morate dvigniti ali pritrditi te\u017eka bremena. Kljuka 320 si je z razlogom pridobila ugled v gradbeni\u0161tvu, pomorstvu in prometu. To ni le \u0161e en kos strojne opreme - ta kavelj zagotavlja zanesljivost, ki jo potrebujete, ko sta varnost in zmogljivost nepogre\u0161ljivi.<\/p>\n<p class=\"whitespace-pre-wrap break-words\">V podjetju Qingdao H&amp;F se \u017ee ve\u010d kot dve desetletji ukvarjamo s trgovanjem in prepoznamo kakovost, ko jo vidimo. Na\u0161i kavlji 320 izpolnjujejo najstro\u017eje industrijske standarde, kar podkrepimo s temeljitimi poro\u010dili o pregledih. Poleg tega smo ponosni na hitro dostavo in prilagojeno podporo strankam, zaradi katere je celoten postopek la\u017eji.<\/p>\n<p><img fetchpriority=\"high\" decoding=\"async\" class=\"alignnone size-full wp-image-4115\" src=\"http:\/\/qingdaohf.com\/wp-content\/uploads\/2023\/05\/123123.jpg\" alt=\"Oko Sling Hook\" width=\"1000\" height=\"1178\" srcset=\"https:\/\/qingdaohf.com\/wp-content\/uploads\/2023\/05\/123123.jpg 1000w, https:\/\/qingdaohf.com\/wp-content\/uploads\/2023\/05\/123123-255x300.jpg 255w, https:\/\/qingdaohf.com\/wp-content\/uploads\/2023\/05\/123123-869x1024.jpg 869w, https:\/\/qingdaohf.com\/wp-content\/uploads\/2023\/05\/123123-768x905.jpg 768w\" sizes=\"(max-width: 1000px) 100vw, 1000px\" \/><\/p>\n<p><img decoding=\"async\" class=\"alignnone size-full wp-image-4116\" src=\"http:\/\/qingdaohf.com\/wp-content\/uploads\/2023\/05\/1231243.jpg\" alt=\"Oko Sling Hook\" width=\"1000\" height=\"989\" srcset=\"https:\/\/qingdaohf.com\/wp-content\/uploads\/2023\/05\/1231243.jpg 1000w, https:\/\/qingdaohf.com\/wp-content\/uploads\/2023\/05\/1231243-300x297.jpg 300w, https:\/\/qingdaohf.com\/wp-content\/uploads\/2023\/05\/1231243-768x760.jpg 768w, https:\/\/qingdaohf.com\/wp-content\/uploads\/2023\/05\/1231243-100x100.jpg 100w\" sizes=\"(max-width: 1000px) 100vw, 1000px\" \/><\/p>\n<p><img decoding=\"async\" class=\"alignnone size-full wp-image-4118\" src=\"http:\/\/qingdaohf.com\/wp-content\/uploads\/2023\/05\/eye-hook.jpg\" alt=\"kavelj za o\u010di\" width=\"1000\" height=\"1111\" srcset=\"https:\/\/qingdaohf.com\/wp-content\/uploads\/2023\/05\/eye-hook.jpg 1000w, https:\/\/qingdaohf.com\/wp-content\/uploads\/2023\/05\/eye-hook-270x300.jpg 270w, https:\/\/qingdaohf.com\/wp-content\/uploads\/2023\/05\/eye-hook-922x1024.jpg 922w, https:\/\/qingdaohf.com\/wp-content\/uploads\/2023\/05\/eye-hook-768x853.jpg 768w\" sizes=\"(max-width: 1000px) 100vw, 1000px\" \/><\/p>\n<h2 class=\"font-600 text-2xl font-bold\">Glavne prednosti kavlja 320 za kupce<\/h2>\n<p class=\"whitespace-pre-wrap break-words\">Nakupovanje dvi\u017ene opreme je lahko zelo te\u017eavno. Razmisliti morate o nosilnosti, kakovosti materiala in prakti\u010dni uporabnosti. Dobra novica? Kljuka 320 izpolnjuje vse te zahteve in \u0161e nekaj ve\u010d.<\/p>\n<p class=\"whitespace-pre-wrap break-words\">Trpe\u017ena zasnova trnka se v te\u017ekih razmerah resni\u010dno izka\u017ee. Zaradi izjemne natezne trdnosti mu lahko zaupate resne obremenitve, ne da bi vas skrb za varnost pri tem spravljala ob pamet. Velika odprtina ustja je pravi prihranek \u010dasa, saj ga je mogo\u010de preprosto povezati z razli\u010dnimi sestavnimi deli opreme. Ta kavelj vas ne bo pustil na cedilu, ne glede na to, ali dvigujete material na gradbi\u0161\u010du ali pritrjujete tovor na krovu.<\/p>\n<p class=\"whitespace-pre-wrap break-words\">V podjetju Qingdao H&amp;F jemljemo testiranje resno. Vsak kavelj gre skozi obse\u017eno preverjanje kakovosti in pokazali vam bomo podrobne rezultate preverjanja, ki to dokazujejo. Ni\u010d ni huj\u0161ega, kot \u010de oprema odpove, ko jo najbolj potrebujete, zato poskrbimo, da na\u0161i kavlji zanesljivo delujejo tudi v najzahtevnej\u0161ih razmerah.<\/p>\n<h2 class=\"font-600 text-2xl font-bold\">Razumevanje kljuke 320: Oblikovanje, lastnosti in materialni vidiki<\/h2>\n<p class=\"whitespace-pre-wrap break-words\">Skrivnost zmogljivosti kavlja 320 je v njegovi premi\u0161ljeni zasnovi. Te trnke kujemo iz vrhunskega legiranega jekla in tako ustvarjamo orodje, ki je trpe\u017eno in dolgotrajno. Ta izbira materiala pomeni, da se kavelj dobro obnese v te\u017ekih pogojih, zato je idealen za morska okolja, industrijska okolja ali gradbi\u0161\u010da.<\/p>\n<p class=\"whitespace-pre-wrap break-words\">Prakti\u010dne prednosti so jasne takoj, ko ga uporabite. \u0160iroka odprtina ni le priro\u010dna - je tudi varnostni element, ki olaj\u0161a pritrjevanje verig, zanke ali kablov. Oblika kavlja aktivno prepre\u010duje zdrs bremena, njegova gladka povr\u0161ina pa \u0161\u010diti va\u0161o drugo opremo pred po\u0161kodbami.<\/p>\n<p class=\"whitespace-pre-wrap break-words\">Ti kavlji kot prvaki prena\u0161ajo stati\u010dne in dinami\u010dne obremenitve. Na voljo so v razli\u010dnih velikostih in zmogljivostih, zato lahko izberete to\u010dno tisto, kar va\u0161 projekt potrebuje. Na vsakem kavlju je jasno prikazana njegova nosilnost, zato ni treba ugibati o na\u010drtovanju obremenitve. Premaz, odporen proti koroziji, je \u0161e posebej dragocen pri delu na morju ali na odprtem morju, saj prepre\u010duje rjo in znatno podalj\u0161uje \u017eivljenjsko dobo kavlja.<\/p>\n<h2 class=\"font-600 text-2xl font-bold\">Zakaj izbrati Qingdao H&amp;F za va\u0161e potrebe po 320 kljukah?<\/h2>\n<p class=\"whitespace-pre-wrap break-words\">Iskanje zanesljivega dobavitelja je klju\u010dnega pomena. V podjetju Qingdao H&amp;F smo se v ve\u010d kot 20 letih delovanja na svetovnem trgu nau\u010dili, kaj na\u0161e stranke potrebujejo. Ne prodajamo le kavljev, ampak zagotavljamo mirno \u017eivljenje.<\/p>\n<p class=\"whitespace-pre-wrap break-words\">Zavedamo se, da lahko \u010dakanje na dostavo uni\u010di va\u0161 urnik, zato dajemo prednost hitri dostavi. Na\u0161a logisti\u010dna ekipa si prizadeva najti najhitrej\u0161e zanesljive na\u010dine po\u0161iljanja in tako poskrbi, da so va\u0161i projekti na pravi poti. Vsak kavelj je opremljen z obse\u017eno dokumentacijo o pregledu kakovosti, zato natan\u010dno veste, kaj ste dobili.<\/p>\n<p class=\"whitespace-pre-wrap break-words\">Na\u0161 pristop k storitvam za stranke je osve\u017eujo\u010de oseben. Potrebujete tehni\u010dni nasvet? Imate vpra\u0161anja o specifikacijah? Tu smo, da vam pomagamo - brez avtomatiziranih odgovorov ali splo\u0161nih re\u0161itev. Verjamemo, da s pristno podporo in strokovnim znanjem gradimo trajne odnose s svojimi strankami.<\/p>\n<h2 class=\"font-600 text-2xl font-bold\">Zaklju\u010dek: Kljuka 320 - obvezna oprema za va\u0161e potrebe v zvezi z vle\u010denjem in dvigovanjem<\/h2>\n<p class=\"whitespace-pre-wrap break-words\">Kljuka 320 ni le \u0161e en kos opreme, temve\u010d nalo\u017eba v varnost in u\u010dinkovitost. Zaradi svoje robustne zasnove in vsestranskosti je nepogre\u0161ljiv v razli\u010dnih panogah. V podjetju Qingdao H&amp;F s ponosom ponujamo kavlje 320, ki presegajo standarde kakovosti in jih podpira na\u0161a zavezanost k odzivnim storitvam in zanesljivi dobavi. Izberite na\u0161e kavlje in izberite partnerja, ki se zavzema za va\u0161 uspeh.<\/p>\n<\/div>\n<\/div>\n<\/div>\n<div class=\"absolute -bottom-0 -right-1.5\">\n<div class=\"border-0.5 border-border-300 flex items-center translate-y-1\/2 rounded-lg shadow-sm transition bg-bg-000 p-1\">\n<div class=\"text-text-400 flex items-stretch justify-between gap-0.5\">\n<div class=\"flex gap-0.5\"><\/div>\n<\/div>\n<\/div>\n<\/div>\n<p>&nbsp;<\/p>\n<p>&nbsp;<\/p>","protected":false},"excerpt":{"rendered":"<p>Kljuka 320 je vsestransko uporabna in zanesljiva v vseh panogah, bodisi za varno in u\u010dinkovito dvigovanje bodisi za sidranje in pritrjevanje. Podjetje Qingdao H&amp;F je bilo zaupano trgovsko podjetje, ki se je ukvarjalo z vrsto kavljev 320 - zagotavljalo je kakovost, \u010das in individualne strokovne storitve. Kupcem so lahko zagotovili tudi podrobno poro\u010dilo o pregledu vsakega izdelka, da bi zagotovili izpolnjevanje najbolj\u0161ih standardov. Ne glede na to, ali gre za te\u017eke ali la\u017eje aplikacije, so na\u0161i kavlji 320 izdelani tako, da zagotavljajo najve\u010djo zanesljivost pri vzdr\u017eljivosti in zmogljivosti za va\u0161 naslednji projekt.<\/p>","protected":false},"featured_media":4111,"comment_status":"open","ping_status":"closed","template":"","meta":{"site-sidebar-layout":"default","site-content-layout":"default","ast-site-content-layout":"default","site-content-style":"default","site-sidebar-style":"default","ast-global-header-display":"","ast-banner-title-visibility":"","ast-main-header-display":"","ast-hfb-above-header-display":"","ast-hfb-below-header-display":"","ast-hfb-mobile-header-display":"","site-post-title":"","ast-breadcrumbs-content":"","ast-featured-img":"","footer-sml-layout":"","theme-transparent-header-meta":"default","adv-header-id-meta":"","stick-header-meta":"default","header-above-stick-meta":"","header-main-stick-meta":"","header-below-stick-meta":"","astra-migrate-meta-layouts":"set","ast-page-background-enabled":"default","ast-page-background-meta":{"desktop":{"background-color":"","background-image":"","background-repeat":"repeat","background-position":"center center","background-size":"auto","background-attachment":"scroll","background-type":"","background-media":"","overlay-type":"","overlay-color":"","overlay-opacity":"","overlay-gradient":""},"tablet":{"background-color":"","background-image":"","background-repeat":"repeat","background-position":"center center","background-size":"auto","background-attachment":"scroll","background-type":"","background-media":"","overlay-type":"","overlay-color":"","overlay-opacity":"","overlay-gradient":""},"mobile":{"background-color":"","background-image":"","background-repeat":"repeat","background-position":"center center","background-size":"auto","background-attachment":"scroll","background-type":"","background-media":"","overlay-type":"","overlay-color":"","overlay-opacity":"","overlay-gradient":""}},"ast-content-background-meta":{"desktop":{"background-color":"var(--ast-global-color-5)","background-image":"","background-repeat":"repeat","background-position":"center center","background-size":"auto","background-attachment":"scroll","background-type":"","background-media":"","overlay-type":"","overlay-color":"","overlay-opacity":"","overlay-gradient":""},"tablet":{"background-color":"var(--ast-global-color-5)","background-image":"","background-repeat":"repeat","background-position":"center center","background-size":"auto","background-attachment":"scroll","background-type":"","background-media":"","overlay-type":"","overlay-color":"","overlay-opacity":"","overlay-gradient":""},"mobile":{"background-color":"var(--ast-global-color-5)","background-image":"","background-repeat":"repeat","background-position":"center center","background-size":"auto","background-attachment":"scroll","background-type":"","background-media":"","overlay-type":"","overlay-color":"","overlay-opacity":"","overlay-gradient":""}}},"product_brand":[],"product_cat":[57,43],"product_tag":[],"class_list":{"0":"post-4110","1":"product","2":"type-product","3":"status-publish","4":"has-post-thumbnail","6":"product_cat-sling-hook","7":"product_cat-rigging-hardware","8":"desktop-align-left","9":"tablet-align-left","10":"mobile-align-left","11":"ast-product-gallery-layout-horizontal-slider","12":"ast-product-tabs-layout-horizontal","14":"first","15":"instock","16":"shipping-taxable","17":"purchasable","18":"product-type-simple"},"yoast_head":"<!-- This site is optimized with the Yoast SEO plugin v25.2 - https:\/\/yoast.com\/wordpress\/plugins\/seo\/ -->\n<title>320 Eye Sling Hook<\/title>\n<meta name=\"description\" content=\"The Eye Sling Hook is a type of lifting hook commonly used in rigging and lifting operations.\" \/>\n<meta name=\"robots\" content=\"index, follow, max-snippet:-1, max-image-preview:large, max-video-preview:-1\" \/>\n<link rel=\"canonical\" href=\"https:\/\/qingdaohf.com\/sl\/izdelek\/kavelj-za-zanko-z-ocesom\/\" \/>\n<meta property=\"og:locale\" content=\"sl_SI\" \/>\n<meta property=\"og:type\" content=\"article\" \/>\n<meta property=\"og:title\" content=\"320 Eye Sling Hook\" \/>\n<meta property=\"og:description\" content=\"The Eye Sling Hook is a type of lifting hook commonly used in rigging and lifting operations.\" \/>\n<meta property=\"og:url\" content=\"https:\/\/qingdaohf.com\/sl\/izdelek\/kavelj-za-zanko-z-ocesom\/\" \/>\n<meta property=\"og:site_name\" content=\"Concrete Form &amp; Rigging Hardware Supplier\" \/>\n<meta property=\"article:publisher\" content=\"https:\/\/www.facebook.com\/qingdaohf\" \/>\n<meta property=\"article:modified_time\" content=\"2025-11-13T01:04:24+00:00\" \/>\n<meta property=\"og:image\" content=\"https:\/\/qingdaohf.com\/wp-content\/uploads\/2023\/05\/Eye-Sling-Hook-2.jpg\" \/>\n\t<meta property=\"og:image:width\" content=\"1000\" \/>\n\t<meta property=\"og:image:height\" content=\"1000\" \/>\n\t<meta property=\"og:image:type\" content=\"image\/jpeg\" \/>\n<meta name=\"twitter:card\" content=\"summary_large_image\" \/>\n<meta name=\"twitter:label1\" content=\"Est. reading time\" \/>\n\t<meta name=\"twitter:data1\" content=\"4 minute\" \/>\n<script type=\"application\/ld+json\" class=\"yoast-schema-graph\">{\"@context\":\"https:\/\/schema.org\",\"@graph\":[{\"@type\":\"WebPage\",\"@id\":\"https:\/\/qingdaohf.com\/product\/eye-sling-hook\/\",\"url\":\"https:\/\/qingdaohf.com\/product\/eye-sling-hook\/\",\"name\":\"320 Eye Sling Hook\",\"isPartOf\":{\"@id\":\"https:\/\/qingdaohf.com\/bg\/#website\"},\"primaryImageOfPage\":{\"@id\":\"https:\/\/qingdaohf.com\/product\/eye-sling-hook\/#primaryimage\"},\"image\":{\"@id\":\"https:\/\/qingdaohf.com\/product\/eye-sling-hook\/#primaryimage\"},\"thumbnailUrl\":\"https:\/\/qingdaohf.com\/wp-content\/uploads\/2023\/05\/Eye-Sling-Hook-2.jpg\",\"datePublished\":\"2023-05-26T08:27:13+00:00\",\"dateModified\":\"2025-11-13T01:04:24+00:00\",\"description\":\"The Eye Sling Hook is a type of lifting hook commonly used in rigging and lifting operations.\",\"breadcrumb\":{\"@id\":\"https:\/\/qingdaohf.com\/product\/eye-sling-hook\/#breadcrumb\"},\"inLanguage\":\"sl-SI\",\"potentialAction\":[{\"@type\":\"ReadAction\",\"target\":[\"https:\/\/qingdaohf.com\/product\/eye-sling-hook\/\"]}]},{\"@type\":\"ImageObject\",\"inLanguage\":\"sl-SI\",\"@id\":\"https:\/\/qingdaohf.com\/product\/eye-sling-hook\/#primaryimage\",\"url\":\"https:\/\/qingdaohf.com\/wp-content\/uploads\/2023\/05\/Eye-Sling-Hook-2.jpg\",\"contentUrl\":\"https:\/\/qingdaohf.com\/wp-content\/uploads\/2023\/05\/Eye-Sling-Hook-2.jpg\",\"width\":1000,\"height\":1000,\"caption\":\"Eye Sling Hook\"},{\"@type\":\"BreadcrumbList\",\"@id\":\"https:\/\/qingdaohf.com\/product\/eye-sling-hook\/#breadcrumb\",\"itemListElement\":[{\"@type\":\"ListItem\",\"position\":1,\"name\":\"Home\",\"item\":\"https:\/\/qingdaohf.com\/\"},{\"@type\":\"ListItem\",\"position\":2,\"name\":\"Concrete Forming Accessories and Rigging Hardware\",\"item\":\"https:\/\/qingdaohf.com\/bg\/?page_id=944\"},{\"@type\":\"ListItem\",\"position\":3,\"name\":\"320 Eye Sling Hook\"}]},{\"@type\":\"WebSite\",\"@id\":\"https:\/\/qingdaohf.com\/bg\/#website\",\"url\":\"https:\/\/qingdaohf.com\/bg\/\",\"name\":\"Concrete Form & Rigging Hardware Supplier\",\"description\":\"\",\"publisher\":{\"@id\":\"https:\/\/qingdaohf.com\/bg\/#organization\"},\"potentialAction\":[{\"@type\":\"SearchAction\",\"target\":{\"@type\":\"EntryPoint\",\"urlTemplate\":\"https:\/\/qingdaohf.com\/bg\/?s={search_term_string}\"},\"query-input\":{\"@type\":\"PropertyValueSpecification\",\"valueRequired\":true,\"valueName\":\"search_term_string\"}}],\"inLanguage\":\"sl-SI\"},{\"@type\":\"Organization\",\"@id\":\"https:\/\/qingdaohf.com\/bg\/#organization\",\"name\":\"Qingdao H&F\",\"url\":\"https:\/\/qingdaohf.com\/bg\/\",\"logo\":{\"@type\":\"ImageObject\",\"inLanguage\":\"sl-SI\",\"@id\":\"https:\/\/qingdaohf.com\/bg\/#\/schema\/logo\/image\/\",\"url\":\"https:\/\/qingdaohf.com\/wp-content\/uploads\/2022\/12\/cropped-HF-LOGO.png\",\"contentUrl\":\"https:\/\/qingdaohf.com\/wp-content\/uploads\/2022\/12\/cropped-HF-LOGO.png\",\"width\":391,\"height\":249,\"caption\":\"Qingdao H&F\"},\"image\":{\"@id\":\"https:\/\/qingdaohf.com\/bg\/#\/schema\/logo\/image\/\"},\"sameAs\":[\"https:\/\/www.facebook.com\/qingdaohf\"]}]}<\/script>\n<!-- \/ Yoast SEO plugin. -->","yoast_head_json":{"title":"320 Eye Sling Hook","description":"The Eye Sling Hook is a type of lifting hook commonly used in rigging and lifting operations.","robots":{"index":"index","follow":"follow","max-snippet":"max-snippet:-1","max-image-preview":"max-image-preview:large","max-video-preview":"max-video-preview:-1"},"canonical":"https:\/\/qingdaohf.com\/sl\/izdelek\/kavelj-za-zanko-z-ocesom\/","og_locale":"sl_SI","og_type":"article","og_title":"320 Eye Sling Hook","og_description":"The Eye Sling Hook is a type of lifting hook commonly used in rigging and lifting operations.","og_url":"https:\/\/qingdaohf.com\/sl\/izdelek\/kavelj-za-zanko-z-ocesom\/","og_site_name":"Concrete Form &amp; Rigging Hardware Supplier","article_publisher":"https:\/\/www.facebook.com\/qingdaohf","article_modified_time":"2025-11-13T01:04:24+00:00","og_image":[{"width":1000,"height":1000,"url":"https:\/\/qingdaohf.com\/wp-content\/uploads\/2023\/05\/Eye-Sling-Hook-2.jpg","type":"image\/jpeg"}],"twitter_card":"summary_large_image","twitter_misc":{"Est. reading time":"4 minute"},"schema":{"@context":"https:\/\/schema.org","@graph":[{"@type":"WebPage","@id":"https:\/\/qingdaohf.com\/product\/eye-sling-hook\/","url":"https:\/\/qingdaohf.com\/product\/eye-sling-hook\/","name":"320 Eye Sling Hook","isPartOf":{"@id":"https:\/\/qingdaohf.com\/bg\/#website"},"primaryImageOfPage":{"@id":"https:\/\/qingdaohf.com\/product\/eye-sling-hook\/#primaryimage"},"image":{"@id":"https:\/\/qingdaohf.com\/product\/eye-sling-hook\/#primaryimage"},"thumbnailUrl":"https:\/\/qingdaohf.com\/wp-content\/uploads\/2023\/05\/Eye-Sling-Hook-2.jpg","datePublished":"2023-05-26T08:27:13+00:00","dateModified":"2025-11-13T01:04:24+00:00","description":"The Eye Sling Hook is a type of lifting hook commonly used in rigging and lifting operations.","breadcrumb":{"@id":"https:\/\/qingdaohf.com\/product\/eye-sling-hook\/#breadcrumb"},"inLanguage":"sl-SI","potentialAction":[{"@type":"ReadAction","target":["https:\/\/qingdaohf.com\/product\/eye-sling-hook\/"]}]},{"@type":"ImageObject","inLanguage":"sl-SI","@id":"https:\/\/qingdaohf.com\/product\/eye-sling-hook\/#primaryimage","url":"https:\/\/qingdaohf.com\/wp-content\/uploads\/2023\/05\/Eye-Sling-Hook-2.jpg","contentUrl":"https:\/\/qingdaohf.com\/wp-content\/uploads\/2023\/05\/Eye-Sling-Hook-2.jpg","width":1000,"height":1000,"caption":"Eye Sling Hook"},{"@type":"BreadcrumbList","@id":"https:\/\/qingdaohf.com\/product\/eye-sling-hook\/#breadcrumb","itemListElement":[{"@type":"ListItem","position":1,"name":"Home","item":"https:\/\/qingdaohf.com\/"},{"@type":"ListItem","position":2,"name":"Concrete Forming Accessories and Rigging Hardware","item":"https:\/\/qingdaohf.com\/bg\/?page_id=944"},{"@type":"ListItem","position":3,"name":"320 Eye Sling Hook"}]},{"@type":"WebSite","@id":"https:\/\/qingdaohf.com\/bg\/#website","url":"https:\/\/qingdaohf.com\/bg\/","name":"Concrete Form & Rigging Hardware Supplier","description":"","publisher":{"@id":"https:\/\/qingdaohf.com\/bg\/#organization"},"potentialAction":[{"@type":"SearchAction","target":{"@type":"EntryPoint","urlTemplate":"https:\/\/qingdaohf.com\/bg\/?s={search_term_string}"},"query-input":{"@type":"PropertyValueSpecification","valueRequired":true,"valueName":"search_term_string"}}],"inLanguage":"sl-SI"},{"@type":"Organization","@id":"https:\/\/qingdaohf.com\/bg\/#organization","name":"Qingdao H&F","url":"https:\/\/qingdaohf.com\/bg\/","logo":{"@type":"ImageObject","inLanguage":"sl-SI","@id":"https:\/\/qingdaohf.com\/bg\/#\/schema\/logo\/image\/","url":"https:\/\/qingdaohf.com\/wp-content\/uploads\/2022\/12\/cropped-HF-LOGO.png","contentUrl":"https:\/\/qingdaohf.com\/wp-content\/uploads\/2022\/12\/cropped-HF-LOGO.png","width":391,"height":249,"caption":"Qingdao H&F"},"image":{"@id":"https:\/\/qingdaohf.com\/bg\/#\/schema\/logo\/image\/"},"sameAs":["https:\/\/www.facebook.com\/qingdaohf"]}]}},"_links":{"self":[{"href":"https:\/\/qingdaohf.com\/sl\/wp-json\/wp\/v2\/product\/4110","targetHints":{"allow":["GET"]}}],"collection":[{"href":"https:\/\/qingdaohf.com\/sl\/wp-json\/wp\/v2\/product"}],"about":[{"href":"https:\/\/qingdaohf.com\/sl\/wp-json\/wp\/v2\/types\/product"}],"replies":[{"embeddable":true,"href":"https:\/\/qingdaohf.com\/sl\/wp-json\/wp\/v2\/comments?post=4110"}],"version-history":[{"count":3,"href":"https:\/\/qingdaohf.com\/sl\/wp-json\/wp\/v2\/product\/4110\/revisions"}],"predecessor-version":[{"id":4117,"href":"https:\/\/qingdaohf.com\/sl\/wp-json\/wp\/v2\/product\/4110\/revisions\/4117"}],"wp:featuredmedia":[{"embeddable":true,"href":"https:\/\/qingdaohf.com\/sl\/wp-json\/wp\/v2\/media\/4111"}],"wp:attachment":[{"href":"https:\/\/qingdaohf.com\/sl\/wp-json\/wp\/v2\/media?parent=4110"}],"wp:term":[{"taxonomy":"product_brand","embeddable":true,"href":"https:\/\/qingdaohf.com\/sl\/wp-json\/wp\/v2\/product_brand?post=4110"},{"taxonomy":"product_cat","embeddable":true,"href":"https:\/\/qingdaohf.com\/sl\/wp-json\/wp\/v2\/product_cat?post=4110"},{"taxonomy":"product_tag","embeddable":true,"href":"https:\/\/qingdaohf.com\/sl\/wp-json\/wp\/v2\/product_tag?post=4110"}],"curies":[{"name":"wp","href":"https:\/\/api.w.org\/{rel}","templated":true}]}}