{"id":4551,"date":"2023-06-25T17:55:26","date_gmt":"2023-06-25T09:55:26","guid":{"rendered":"http:\/\/qingdaohf.com\/?post_type=product&#038;p=4551"},"modified":"2025-11-13T09:04:03","modified_gmt":"2025-11-13T01:04:03","slug":"closed-body-turnbuckle","status":"publish","type":"product","link":"https:\/\/qingdaohf.com\/sl\/izdelek\/zaprta-naveza-za-telo\/","title":{"rendered":"Zaprto telo Napenjalnik"},"content":{"rendered":"<h2 class=\"text-2xl font-bold mt-1 text-text-200\">Uvod v zaprto napenjalno sponko<\/h2>\n<p class=\"whitespace-pre-wrap break-words\">Spregovorimo o zaprtih napetih sponkah - teh bistvenih mehanskih napravah, ki jih najdete povsod, kjer je treba natan\u010dno prilagoditi napetost. Imejte jih za neslavne junake sistemov kablov in \u017ei\u010dnih vrvi. Za razliko od svojih preprostej\u0161ih bratrancev imajo ti napenjalci popolnoma zaprto zasnovo, ki \u0161\u010diti njihove delovne dele pred vremenskimi vplivi, zato so izjemno zanesljivi za vse, od gradbi\u0161\u010d do jadrnic.<\/p>\n<p class=\"whitespace-pre-wrap break-words\">Njihova genialnost je v preprosti, a u\u010dinkoviti zasnovi: dva navojna konca sta povezana z za\u0161\u010ditenim notranjim mehanizmom. S to nastavitvijo lahko izberete ravno pravo napetost, hkrati pa so vse pomembne komponente za\u0161\u010ditene pred vremenskimi vplivi in obrabo. Za profesionalce, ki si ne morejo privo\u0161\u010diti okvare opreme, ta dodatna za\u0161\u010dita ni le dobrodo\u0161la, temve\u010d je nujna.<\/p>\n<h2 class=\"text-xl font-bold text-text-200 mt-1 -mb-0.5\">Prednosti uporabe zategovalnika z zaprtim ohi\u0161jem<\/h2>\n<p class=\"whitespace-pre-wrap break-words\">Morda se spra\u0161ujete, zakaj so napevi z zaprtim ohi\u0161jem postali najbolj\u0161a izbira za zahtevne aplikacije. Prvi\u010d, izdelani so kot tank. Narejene so iz robustnih materialov, kot sta nerjavno ali ogljikovo jeklo, zato se smejijo v te\u017ekih vremenskih razmerah in pri velikih obremenitvah. So orodje, ki deluje \u0161e dolgo po tem, ko drugi obupajo.<\/p>\n<p class=\"whitespace-pre-wrap break-words\">Njihova posebnost je, da so uporabniku prijazni. Morate prilagoditi napetost? To je tako preprosto, kot da zavrtite telo, dokler ne dose\u017eete prave to\u010dke. To je izredno pomembno, kadar imate opravka z okovjem jadrnice, kjer je treba napetost prilagajati sproti.<\/p>\n<p class=\"whitespace-pre-wrap break-words\">Zaprta zasnova tudi ni le za prikaz. Z za\u0161\u010dito navoja v bistvu podalj\u0161ate \u017eivljenjsko dobo napenjalnika za ve\u010d let. \u010ce jih primerjate z odprtimi razli\u010dicami, je to tako, kot bi izbirali med vodoodporno in navadno uro - gotovo obe ka\u017eeta \u010das, vendar veste, katero bi raje imeli v nevihti.<\/p>\n<h2 class=\"text-xl font-bold text-text-200 mt-1 -mb-0.5\">Uporaba zategovalnikov z zaprtim telesom<\/h2>\n<p class=\"whitespace-pre-wrap break-words\">Ta vsestranska orodja so se uveljavila v skoraj vseh panogah, kjer je pomembna napetost. Gradbene ekipe se zana\u0161ajo nanje pri vzdr\u017eevanju napetosti kablov v mostovih in stolpih, kar zagotavlja, da te masivne konstrukcije ostanejo trdne kot skala. Mornarji na vodi jim zaupajo, da ohranjajo napeto in odzivno okovje, ki se prilagaja glede na vremenske razmere.<\/p>\n<p class=\"whitespace-pre-wrap break-words\">Tudi na visokotehnolo\u0161kih podro\u010djih, kot sta avtomobilska in vesoljska proizvodnja, imajo napevi z zaprtim ohi\u0161jem klju\u010dno vlogo. Bistveni so za pritrjevanje sestavnih delov in vzdr\u017eevanje natan\u010dne napetosti v razli\u010dnih mehanskih sistemih.<\/p>\n<p class=\"whitespace-pre-wrap break-words\">Sprejela jih je tudi skupnost DIY. Ne glede na to, ali postavljate \u017ei\u010dno ograjo za teraso ali name\u0161\u010date sistem vrtnih re\u0161etk, ti napenjalci zagotavljajo profesionalno zanesljivost, ki zagotavlja, da bo va\u0161 projekt vzdr\u017eal preizkus \u010dasa.<\/p>\n<h2 class=\"text-xl font-bold text-text-200 mt-1 -mb-0.5\">Zakaj izbrati nas<\/h2>\n<p class=\"whitespace-pre-wrap break-words\">Svoj ugled smo si ustvarili z zagotavljanjem zategovalnikov, ki dosledno presegajo pri\u010dakovanja. Na\u0161a linija izdelkov pokriva vse mo\u017ene specifikacije, kar zagotavlja, da boste na\u0161li to\u010dno to, kar zahteva va\u0161 projekt. Vendar nas resni\u010dno odlikuje na\u0161 prakti\u010dni pristop k storitvam za stranke.<\/p>\n<p class=\"whitespace-pre-wrap break-words\">Ko sodelujete z nami, dobite ve\u010d kot le visokokakovostne napenjalce. Dobili boste partnerja, ki razume va\u0161e potrebe in se hitro odzove na va\u0161e zahteve. Zavedamo se, da lahko \u010dakanje na dele ustavi projekt, zato smo optimizirali na\u0161 sistem dobave, da dobite, kar potrebujete, kadar to potrebujete.<\/p>\n<p class=\"whitespace-pre-wrap break-words\">Vsako napenjalko, ki jo po\u0161ljemo, spremljajo iz\u010drpna poro\u010dila o pregledu kakovosti. Na\u0161e izdelke strogo testiramo, ker se zavedamo, da pri va\u0161em delu neuspeh ne pride v po\u0161tev.<\/p>\n<h2 class=\"text-2xl font-bold mt-1 text-text-200\">Zaklju\u010dek<\/h2>\n<p class=\"whitespace-pre-wrap break-words\">Izbira pravega zategovalnika lahko projekt spremeni ali uni\u010di. Zaprta zasnova telesa zagotavlja dodatno raven za\u0161\u010dite in zanesljivosti, zaradi \u010desar se spla\u010da investirati. Ne glede na to, ali dvigujete stavbo ali napenjate jadrnico, potrebujete opremo, na katero se lahko zanesete. \u010ce sodelujete z nami, ne boste dobili le vrhunskih izdelkov, temve\u010d tudi ustrezno podporo in storitve. Ne sklepajte kompromisov glede kakovosti - izberite napenjalce, ki so izdelani tako, da zagotavljajo rezultate.<\/p>","protected":false},"excerpt":{"rendered":"<p>Zaprta napenjalna sponka je mo\u010dan in prilagodljiv kos opreme, ki se uporablja za prilagajanje napetosti kablov, vrvi ali konfiguracij okovja. Ta zategovalnik je izdelan za trdnost in natan\u010dnost, zato se lahko uporablja za razli\u010dne namene, od doma\u010de do industrijske uporabe. Na\u0161a organizacija zagotavlja neprimerljivo ugodnost s prilagojeno individualno storitvijo za stranke, hitrimi dobavnimi cikli in podrobnimi poro\u010dili o pregledu kakovosti, ki zagotavljajo, da je vsak izdelek najvi\u0161je mo\u017ene kakovosti. Zanesite se na nas za zanesljive re\u0161itve za va\u0161e zahteve glede napenjalnikov z neprimerljivo u\u010dinkovitostjo in kakovostjo.<\/p>","protected":false},"featured_media":4552,"comment_status":"open","ping_status":"closed","template":"","meta":{"site-sidebar-layout":"default","site-content-layout":"default","ast-site-content-layout":"default","site-content-style":"default","site-sidebar-style":"default","ast-global-header-display":"","ast-banner-title-visibility":"","ast-main-header-display":"","ast-hfb-above-header-display":"","ast-hfb-below-header-display":"","ast-hfb-mobile-header-display":"","site-post-title":"","ast-breadcrumbs-content":"","ast-featured-img":"","footer-sml-layout":"","theme-transparent-header-meta":"default","adv-header-id-meta":"","stick-header-meta":"default","header-above-stick-meta":"","header-main-stick-meta":"","header-below-stick-meta":"","astra-migrate-meta-layouts":"set","ast-page-background-enabled":"default","ast-page-background-meta":{"desktop":{"background-color":"","background-image":"","background-repeat":"repeat","background-position":"center center","background-size":"auto","background-attachment":"scroll","background-type":"","background-media":"","overlay-type":"","overlay-color":"","overlay-opacity":"","overlay-gradient":""},"tablet":{"background-color":"","background-image":"","background-repeat":"repeat","background-position":"center center","background-size":"auto","background-attachment":"scroll","background-type":"","background-media":"","overlay-type":"","overlay-color":"","overlay-opacity":"","overlay-gradient":""},"mobile":{"background-color":"","background-image":"","background-repeat":"repeat","background-position":"center center","background-size":"auto","background-attachment":"scroll","background-type":"","background-media":"","overlay-type":"","overlay-color":"","overlay-opacity":"","overlay-gradient":""}},"ast-content-background-meta":{"desktop":{"background-color":"var(--ast-global-color-5)","background-image":"","background-repeat":"repeat","background-position":"center center","background-size":"auto","background-attachment":"scroll","background-type":"","background-media":"","overlay-type":"","overlay-color":"","overlay-opacity":"","overlay-gradient":""},"tablet":{"background-color":"var(--ast-global-color-5)","background-image":"","background-repeat":"repeat","background-position":"center center","background-size":"auto","background-attachment":"scroll","background-type":"","background-media":"","overlay-type":"","overlay-color":"","overlay-opacity":"","overlay-gradient":""},"mobile":{"background-color":"var(--ast-global-color-5)","background-image":"","background-repeat":"repeat","background-position":"center center","background-size":"auto","background-attachment":"scroll","background-type":"","background-media":"","overlay-type":"","overlay-color":"","overlay-opacity":"","overlay-gradient":""}}},"product_brand":[],"product_cat":[56,43,44],"product_tag":[],"class_list":{"0":"post-4551","1":"product","2":"type-product","3":"status-publish","4":"has-post-thumbnail","6":"product_cat-turnbuckle","7":"product_cat-rigging-hardware","8":"product_cat-stainless-steel-poduct","9":"desktop-align-left","10":"tablet-align-left","11":"mobile-align-left","12":"ast-product-gallery-layout-horizontal-slider","13":"ast-product-tabs-layout-horizontal","15":"first","16":"instock","17":"shipping-taxable","18":"purchasable","19":"product-type-simple"},"yoast_head":"<!-- This site is optimized with the Yoast SEO plugin v25.2 - https:\/\/yoast.com\/wordpress\/plugins\/seo\/ -->\n<title>Closed Body Turnbuckle<\/title>\n<meta name=\"description\" content=\"A closed body turnbuckle is a mechanical device used to adjust tension or length in a system by utilizing the principle of a screw mechanism.\" \/>\n<meta name=\"robots\" content=\"index, follow, max-snippet:-1, max-image-preview:large, max-video-preview:-1\" \/>\n<link rel=\"canonical\" href=\"https:\/\/qingdaohf.com\/sl\/izdelek\/zaprta-naveza-za-telo\/\" \/>\n<meta property=\"og:locale\" content=\"sl_SI\" \/>\n<meta property=\"og:type\" content=\"article\" \/>\n<meta property=\"og:title\" content=\"Closed Body Turnbuckle\" \/>\n<meta property=\"og:description\" content=\"A closed body turnbuckle is a mechanical device used to adjust tension or length in a system by utilizing the principle of a screw mechanism.\" \/>\n<meta property=\"og:url\" content=\"https:\/\/qingdaohf.com\/sl\/izdelek\/zaprta-naveza-za-telo\/\" \/>\n<meta property=\"og:site_name\" content=\"Concrete Form &amp; Rigging Hardware Supplier\" \/>\n<meta property=\"article:publisher\" content=\"https:\/\/www.facebook.com\/qingdaohf\" \/>\n<meta property=\"article:modified_time\" content=\"2025-11-13T01:04:03+00:00\" \/>\n<meta property=\"og:image\" content=\"https:\/\/qingdaohf.com\/wp-content\/uploads\/2023\/06\/turnbuckle-9.jpg\" \/>\n\t<meta property=\"og:image:width\" content=\"1000\" \/>\n\t<meta property=\"og:image:height\" content=\"1000\" \/>\n\t<meta property=\"og:image:type\" content=\"image\/jpeg\" \/>\n<meta name=\"twitter:card\" content=\"summary_large_image\" \/>\n<meta name=\"twitter:label1\" content=\"Est. reading time\" \/>\n\t<meta name=\"twitter:data1\" content=\"3 minute\" \/>\n<script type=\"application\/ld+json\" class=\"yoast-schema-graph\">{\"@context\":\"https:\/\/schema.org\",\"@graph\":[{\"@type\":\"WebPage\",\"@id\":\"https:\/\/qingdaohf.com\/product\/closed-body-turnbuckle\/\",\"url\":\"https:\/\/qingdaohf.com\/product\/closed-body-turnbuckle\/\",\"name\":\"Closed Body Turnbuckle\",\"isPartOf\":{\"@id\":\"https:\/\/qingdaohf.com\/bg\/#website\"},\"primaryImageOfPage\":{\"@id\":\"https:\/\/qingdaohf.com\/product\/closed-body-turnbuckle\/#primaryimage\"},\"image\":{\"@id\":\"https:\/\/qingdaohf.com\/product\/closed-body-turnbuckle\/#primaryimage\"},\"thumbnailUrl\":\"https:\/\/qingdaohf.com\/wp-content\/uploads\/2023\/06\/turnbuckle-9.jpg\",\"datePublished\":\"2023-06-25T09:55:26+00:00\",\"dateModified\":\"2025-11-13T01:04:03+00:00\",\"description\":\"A closed body turnbuckle is a mechanical device used to adjust tension or length in a system by utilizing the principle of a screw mechanism.\",\"breadcrumb\":{\"@id\":\"https:\/\/qingdaohf.com\/product\/closed-body-turnbuckle\/#breadcrumb\"},\"inLanguage\":\"sl-SI\",\"potentialAction\":[{\"@type\":\"ReadAction\",\"target\":[\"https:\/\/qingdaohf.com\/product\/closed-body-turnbuckle\/\"]}]},{\"@type\":\"ImageObject\",\"inLanguage\":\"sl-SI\",\"@id\":\"https:\/\/qingdaohf.com\/product\/closed-body-turnbuckle\/#primaryimage\",\"url\":\"https:\/\/qingdaohf.com\/wp-content\/uploads\/2023\/06\/turnbuckle-9.jpg\",\"contentUrl\":\"https:\/\/qingdaohf.com\/wp-content\/uploads\/2023\/06\/turnbuckle-9.jpg\",\"width\":1000,\"height\":1000,\"caption\":\"turnbuckle\"},{\"@type\":\"BreadcrumbList\",\"@id\":\"https:\/\/qingdaohf.com\/product\/closed-body-turnbuckle\/#breadcrumb\",\"itemListElement\":[{\"@type\":\"ListItem\",\"position\":1,\"name\":\"Home\",\"item\":\"https:\/\/qingdaohf.com\/\"},{\"@type\":\"ListItem\",\"position\":2,\"name\":\"Concrete Forming Accessories and Rigging Hardware\",\"item\":\"https:\/\/qingdaohf.com\/bg\/?page_id=944\"},{\"@type\":\"ListItem\",\"position\":3,\"name\":\"Closed Body Turnbuckle\"}]},{\"@type\":\"WebSite\",\"@id\":\"https:\/\/qingdaohf.com\/bg\/#website\",\"url\":\"https:\/\/qingdaohf.com\/bg\/\",\"name\":\"Concrete Form & Rigging Hardware Supplier\",\"description\":\"\",\"publisher\":{\"@id\":\"https:\/\/qingdaohf.com\/bg\/#organization\"},\"potentialAction\":[{\"@type\":\"SearchAction\",\"target\":{\"@type\":\"EntryPoint\",\"urlTemplate\":\"https:\/\/qingdaohf.com\/bg\/?s={search_term_string}\"},\"query-input\":{\"@type\":\"PropertyValueSpecification\",\"valueRequired\":true,\"valueName\":\"search_term_string\"}}],\"inLanguage\":\"sl-SI\"},{\"@type\":\"Organization\",\"@id\":\"https:\/\/qingdaohf.com\/bg\/#organization\",\"name\":\"Qingdao H&F\",\"url\":\"https:\/\/qingdaohf.com\/bg\/\",\"logo\":{\"@type\":\"ImageObject\",\"inLanguage\":\"sl-SI\",\"@id\":\"https:\/\/qingdaohf.com\/bg\/#\/schema\/logo\/image\/\",\"url\":\"https:\/\/qingdaohf.com\/wp-content\/uploads\/2022\/12\/cropped-HF-LOGO.png\",\"contentUrl\":\"https:\/\/qingdaohf.com\/wp-content\/uploads\/2022\/12\/cropped-HF-LOGO.png\",\"width\":391,\"height\":249,\"caption\":\"Qingdao H&F\"},\"image\":{\"@id\":\"https:\/\/qingdaohf.com\/bg\/#\/schema\/logo\/image\/\"},\"sameAs\":[\"https:\/\/www.facebook.com\/qingdaohf\"]}]}<\/script>\n<!-- \/ Yoast SEO plugin. -->","yoast_head_json":{"title":"Closed Body Turnbuckle","description":"A closed body turnbuckle is a mechanical device used to adjust tension or length in a system by utilizing the principle of a screw mechanism.","robots":{"index":"index","follow":"follow","max-snippet":"max-snippet:-1","max-image-preview":"max-image-preview:large","max-video-preview":"max-video-preview:-1"},"canonical":"https:\/\/qingdaohf.com\/sl\/izdelek\/zaprta-naveza-za-telo\/","og_locale":"sl_SI","og_type":"article","og_title":"Closed Body Turnbuckle","og_description":"A closed body turnbuckle is a mechanical device used to adjust tension or length in a system by utilizing the principle of a screw mechanism.","og_url":"https:\/\/qingdaohf.com\/sl\/izdelek\/zaprta-naveza-za-telo\/","og_site_name":"Concrete Form &amp; Rigging Hardware Supplier","article_publisher":"https:\/\/www.facebook.com\/qingdaohf","article_modified_time":"2025-11-13T01:04:03+00:00","og_image":[{"width":1000,"height":1000,"url":"https:\/\/qingdaohf.com\/wp-content\/uploads\/2023\/06\/turnbuckle-9.jpg","type":"image\/jpeg"}],"twitter_card":"summary_large_image","twitter_misc":{"Est. reading time":"3 minute"},"schema":{"@context":"https:\/\/schema.org","@graph":[{"@type":"WebPage","@id":"https:\/\/qingdaohf.com\/product\/closed-body-turnbuckle\/","url":"https:\/\/qingdaohf.com\/product\/closed-body-turnbuckle\/","name":"Closed Body Turnbuckle","isPartOf":{"@id":"https:\/\/qingdaohf.com\/bg\/#website"},"primaryImageOfPage":{"@id":"https:\/\/qingdaohf.com\/product\/closed-body-turnbuckle\/#primaryimage"},"image":{"@id":"https:\/\/qingdaohf.com\/product\/closed-body-turnbuckle\/#primaryimage"},"thumbnailUrl":"https:\/\/qingdaohf.com\/wp-content\/uploads\/2023\/06\/turnbuckle-9.jpg","datePublished":"2023-06-25T09:55:26+00:00","dateModified":"2025-11-13T01:04:03+00:00","description":"A closed body turnbuckle is a mechanical device used to adjust tension or length in a system by utilizing the principle of a screw mechanism.","breadcrumb":{"@id":"https:\/\/qingdaohf.com\/product\/closed-body-turnbuckle\/#breadcrumb"},"inLanguage":"sl-SI","potentialAction":[{"@type":"ReadAction","target":["https:\/\/qingdaohf.com\/product\/closed-body-turnbuckle\/"]}]},{"@type":"ImageObject","inLanguage":"sl-SI","@id":"https:\/\/qingdaohf.com\/product\/closed-body-turnbuckle\/#primaryimage","url":"https:\/\/qingdaohf.com\/wp-content\/uploads\/2023\/06\/turnbuckle-9.jpg","contentUrl":"https:\/\/qingdaohf.com\/wp-content\/uploads\/2023\/06\/turnbuckle-9.jpg","width":1000,"height":1000,"caption":"turnbuckle"},{"@type":"BreadcrumbList","@id":"https:\/\/qingdaohf.com\/product\/closed-body-turnbuckle\/#breadcrumb","itemListElement":[{"@type":"ListItem","position":1,"name":"Home","item":"https:\/\/qingdaohf.com\/"},{"@type":"ListItem","position":2,"name":"Concrete Forming Accessories and Rigging Hardware","item":"https:\/\/qingdaohf.com\/bg\/?page_id=944"},{"@type":"ListItem","position":3,"name":"Closed Body Turnbuckle"}]},{"@type":"WebSite","@id":"https:\/\/qingdaohf.com\/bg\/#website","url":"https:\/\/qingdaohf.com\/bg\/","name":"Concrete Form & Rigging Hardware Supplier","description":"","publisher":{"@id":"https:\/\/qingdaohf.com\/bg\/#organization"},"potentialAction":[{"@type":"SearchAction","target":{"@type":"EntryPoint","urlTemplate":"https:\/\/qingdaohf.com\/bg\/?s={search_term_string}"},"query-input":{"@type":"PropertyValueSpecification","valueRequired":true,"valueName":"search_term_string"}}],"inLanguage":"sl-SI"},{"@type":"Organization","@id":"https:\/\/qingdaohf.com\/bg\/#organization","name":"Qingdao H&F","url":"https:\/\/qingdaohf.com\/bg\/","logo":{"@type":"ImageObject","inLanguage":"sl-SI","@id":"https:\/\/qingdaohf.com\/bg\/#\/schema\/logo\/image\/","url":"https:\/\/qingdaohf.com\/wp-content\/uploads\/2022\/12\/cropped-HF-LOGO.png","contentUrl":"https:\/\/qingdaohf.com\/wp-content\/uploads\/2022\/12\/cropped-HF-LOGO.png","width":391,"height":249,"caption":"Qingdao H&F"},"image":{"@id":"https:\/\/qingdaohf.com\/bg\/#\/schema\/logo\/image\/"},"sameAs":["https:\/\/www.facebook.com\/qingdaohf"]}]}},"_links":{"self":[{"href":"https:\/\/qingdaohf.com\/sl\/wp-json\/wp\/v2\/product\/4551","targetHints":{"allow":["GET"]}}],"collection":[{"href":"https:\/\/qingdaohf.com\/sl\/wp-json\/wp\/v2\/product"}],"about":[{"href":"https:\/\/qingdaohf.com\/sl\/wp-json\/wp\/v2\/types\/product"}],"replies":[{"embeddable":true,"href":"https:\/\/qingdaohf.com\/sl\/wp-json\/wp\/v2\/comments?post=4551"}],"version-history":[{"count":4,"href":"https:\/\/qingdaohf.com\/sl\/wp-json\/wp\/v2\/product\/4551\/revisions"}],"predecessor-version":[{"id":8981,"href":"https:\/\/qingdaohf.com\/sl\/wp-json\/wp\/v2\/product\/4551\/revisions\/8981"}],"wp:featuredmedia":[{"embeddable":true,"href":"https:\/\/qingdaohf.com\/sl\/wp-json\/wp\/v2\/media\/4552"}],"wp:attachment":[{"href":"https:\/\/qingdaohf.com\/sl\/wp-json\/wp\/v2\/media?parent=4551"}],"wp:term":[{"taxonomy":"product_brand","embeddable":true,"href":"https:\/\/qingdaohf.com\/sl\/wp-json\/wp\/v2\/product_brand?post=4551"},{"taxonomy":"product_cat","embeddable":true,"href":"https:\/\/qingdaohf.com\/sl\/wp-json\/wp\/v2\/product_cat?post=4551"},{"taxonomy":"product_tag","embeddable":true,"href":"https:\/\/qingdaohf.com\/sl\/wp-json\/wp\/v2\/product_tag?post=4551"}],"curies":[{"name":"wp","href":"https:\/\/api.w.org\/{rel}","templated":true}]}}