{"id":4622,"date":"2023-07-05T17:16:50","date_gmt":"2023-07-05T09:16:50","guid":{"rendered":"http:\/\/qingdaohf.com\/?post_type=product&#038;p=4622"},"modified":"2025-11-13T09:04:03","modified_gmt":"2025-11-13T01:04:03","slug":"g209-shackle","status":"publish","type":"product","link":"https:\/\/qingdaohf.com\/sl\/izdelek\/g209-oklep\/","title":{"rendered":"G209 okov za lok S209 vija\u010dni zati\u010d Ancho okov"},"content":{"rendered":"<p>Predstavljamo galvanizirano okovje G209 iz na\u0161ega uglednega trgovskega podjetja B2B! Z ve\u010d kot 20-letno zgodovino smo specializirani za proizvodnjo in prodajo visokokakovostnih dodatkov za oblikovanje betona in opreme za pritrjevanje. Na\u0161a zavezanost k odli\u010dnosti nam je omogo\u010dila vzpostavitev kooperativne tovarne, ki zagotavlja, da na\u0161i izdelki izpolnjujejo najvi\u0161je industrijske standarde. Tukaj je razlog, zakaj bi morali izbrati na\u0161 pocinkani okov G209:<\/p>\n<p>Obse\u017ene izku\u0161nje: Z dvema desetletjema izku\u0161enj v industriji smo izpopolnili svoje strokovno znanje pri proizvodnji zanesljivih in trajnih izdelkov. Na\u0161a dolgoletna prisotnost je dokaz na\u0161e zavezanosti k zadovoljstvu strank.<\/p>\n<p>\u0160irok razpon izdelkov: Poleg galvaniziranega okova G209 ponujamo tudi obse\u017een izbor dodatkov za oblikovanje betona in okovja za okovje. Pri nas boste na\u0161li vse, kar potrebujete, ne glede na to, ali potrebujete objemke, nosilce, kavlje ali druge sorodne izdelke.<\/p>\n<p>Odli\u010dna razpolo\u017eljivost zalog: Zavedamo se pomena pravo\u010dasne dostave. Zato vzdr\u017eujemo dobro zalogo, ki zagotavlja, da so na\u0161i izdelki takoj na voljo za takoj\u0161nje izpolnjevanje va\u0161ih projektnih potreb.<\/p>\n<p>Konkuren\u010dne cene: Na\u0161e mo\u010dne proizvodne zmogljivosti in neposredni viri nam omogo\u010dajo, da ponudimo konkuren\u010dne cene, ne da bi pri tem ogrozili kakovost. Prizadevamo si zagotoviti stro\u0161kovno u\u010dinkovite re\u0161itve za va\u0161e podjetje.<\/p>\n<p>Zagotavljanje kakovosti: Kakovost jemljemo resno in dajemo prednost va\u0161emu zadovoljstvu. Vsako galvanizirano okovje G209 je podvr\u017eeno temeljitim pregledom nadzora kakovosti, za va\u0161 mir pa vam zagotavljamo iz\u010drpno poro\u010dilo o pregledu kakovosti.<\/p>\n<p>Mo\u017enosti prilagajanja: Zavedamo se, da lahko razli\u010dni projekti zahtevajo posebne specifikacije izdelkov. Zato vam ponujamo storitve prilagajanja, s katerimi na\u0161e izdelke prilagodimo va\u0161im edinstvenim zahtevam.<\/p>\n<p>Brezpla\u010dni vzorci: Na zahtevo vam zagotovimo brezpla\u010dne vzorce: Da bi zagotovili, da ste popolnoma prepri\u010dani v na\u0161e izdelke, vam na zahtevo zagotovimo brezpla\u010dne vzorce. Pred nakupom lahko iz prve roke ocenite kakovost in ustreznost na\u0161ih pocinkanih okovov G209.<\/p>\n<p>Posve\u010dena storitev za stranke: Verjamemo v dolgoro\u010dne odnose z na\u0161imi strankami. Na\u0161e individualne storitve zagotavljajo, da ste dele\u017eni osebne pozornosti in pomo\u010di med celotnim postopkom transakcije.<\/p>\n<p>Zavezanost k zadovoljstvu: Va\u0161e zadovoljstvo je na\u0161 najvi\u0161ji cilj. Potrudili se bomo, da boste z nakupom popolnoma zadovoljni, od prve poizvedbe do kon\u010dne dostave.<\/p>\n<p>Izberite na\u0161e trgovsko podjetje B2B kot zanesljivega partnerja za visokokakovostne dodatke za oblikovanje betona in opremo za pritrjevanje. \u0160e danes nas kontaktirajte in zahtevajte brezpla\u010dne vzorce ter izkusite na\u0161e izjemne izdelke in storitve iz prve roke. Veselimo se, da vam bomo lahko slu\u017eili in izpolnili va\u0161e poslovne potrebe z na\u0161imi pocinkanimi okovi G209 in drugimi zanesljivimi re\u0161itvami.<\/p>\n<p>Model: 1018473, 1018491, 1018455, 1019490, 1018419, 1018507, 1018570, 1017582, 1017516, 1018428, 1018437, 1018525, 1018632, 1017450, 1017494, 1018393, 1018543, 1018552, 1018598, 1018641<\/p>\n<p><img fetchpriority=\"high\" decoding=\"async\" class=\"alignnone size-full wp-image-3813\" src=\"http:\/\/qingdaohf.com\/wp-content\/uploads\/2023\/05\/G209-G210-shackle.jpg\" alt=\"G209 G210 oklep\" width=\"1000\" height=\"1296\" srcset=\"https:\/\/qingdaohf.com\/wp-content\/uploads\/2023\/05\/G209-G210-shackle.jpg 1000w, https:\/\/qingdaohf.com\/wp-content\/uploads\/2023\/05\/G209-G210-shackle-231x300.jpg 231w, https:\/\/qingdaohf.com\/wp-content\/uploads\/2023\/05\/G209-G210-shackle-790x1024.jpg 790w, https:\/\/qingdaohf.com\/wp-content\/uploads\/2023\/05\/G209-G210-shackle-768x995.jpg 768w\" sizes=\"(max-width: 1000px) 100vw, 1000px\" \/> <img decoding=\"async\" class=\"alignnone size-full wp-image-3814\" src=\"http:\/\/qingdaohf.com\/wp-content\/uploads\/2023\/05\/S209-T.jpg\" alt=\"S209T\" width=\"1000\" height=\"638\" srcset=\"https:\/\/qingdaohf.com\/wp-content\/uploads\/2023\/05\/S209-T.jpg 1000w, https:\/\/qingdaohf.com\/wp-content\/uploads\/2023\/05\/S209-T-300x191.jpg 300w, https:\/\/qingdaohf.com\/wp-content\/uploads\/2023\/05\/S209-T-768x490.jpg 768w\" sizes=\"(max-width: 1000px) 100vw, 1000px\" \/><\/p>","protected":false},"excerpt":{"rendered":"<p>Okov G209 je znan po svoji vzdr\u017eljivosti, trdnosti in enostavni uporabi, zato je najprimernej\u0161i za razli\u010dne aplikacije v razli\u010dnih panogah.<\/p>\n<p>Visoka trdnost: G209 je izdelan iz vrhunskih materialov in je izjemno trden, da prenese velike obremenitve in te\u017eke pogoje.<\/p>\n<p>Vsestranska zasnova: G209 se z razli\u010dnimi velikostmi in konfiguracijami prilagaja \u0161irokemu spektru aplikacij za pritrjevanje, kar zagotavlja fleksibilnost in udobje.<\/p>\n<p>Trajna konstrukcija: Vsak okov G209 je izdelan za dolgo \u017eivljenjsko dobo in je podvr\u017een strogemu testiranju, ki zagotavlja dolgoro\u010dno vzdr\u017eljivost in zanesljivost, kar zmanj\u0161uje \u010das izpada in stro\u0161ke vzdr\u017eevanja.<\/p>","protected":false},"featured_media":6311,"comment_status":"open","ping_status":"closed","template":"","meta":{"site-sidebar-layout":"default","site-content-layout":"default","ast-site-content-layout":"default","site-content-style":"default","site-sidebar-style":"default","ast-global-header-display":"","ast-banner-title-visibility":"","ast-main-header-display":"","ast-hfb-above-header-display":"","ast-hfb-below-header-display":"","ast-hfb-mobile-header-display":"","site-post-title":"","ast-breadcrumbs-content":"","ast-featured-img":"","footer-sml-layout":"","theme-transparent-header-meta":"default","adv-header-id-meta":"","stick-header-meta":"default","header-above-stick-meta":"","header-main-stick-meta":"","header-below-stick-meta":"","astra-migrate-meta-layouts":"set","ast-page-background-enabled":"default","ast-page-background-meta":{"desktop":{"background-color":"","background-image":"","background-repeat":"repeat","background-position":"center center","background-size":"auto","background-attachment":"scroll","background-type":"","background-media":"","overlay-type":"","overlay-color":"","overlay-opacity":"","overlay-gradient":""},"tablet":{"background-color":"","background-image":"","background-repeat":"repeat","background-position":"center center","background-size":"auto","background-attachment":"scroll","background-type":"","background-media":"","overlay-type":"","overlay-color":"","overlay-opacity":"","overlay-gradient":""},"mobile":{"background-color":"","background-image":"","background-repeat":"repeat","background-position":"center center","background-size":"auto","background-attachment":"scroll","background-type":"","background-media":"","overlay-type":"","overlay-color":"","overlay-opacity":"","overlay-gradient":""}},"ast-content-background-meta":{"desktop":{"background-color":"var(--ast-global-color-5)","background-image":"","background-repeat":"repeat","background-position":"center center","background-size":"auto","background-attachment":"scroll","background-type":"","background-media":"","overlay-type":"","overlay-color":"","overlay-opacity":"","overlay-gradient":""},"tablet":{"background-color":"var(--ast-global-color-5)","background-image":"","background-repeat":"repeat","background-position":"center center","background-size":"auto","background-attachment":"scroll","background-type":"","background-media":"","overlay-type":"","overlay-color":"","overlay-opacity":"","overlay-gradient":""},"mobile":{"background-color":"var(--ast-global-color-5)","background-image":"","background-repeat":"repeat","background-position":"center center","background-size":"auto","background-attachment":"scroll","background-type":"","background-media":"","overlay-type":"","overlay-color":"","overlay-opacity":"","overlay-gradient":""}}},"product_brand":[],"product_cat":[43,54],"product_tag":[],"class_list":{"0":"post-4622","1":"product","2":"type-product","3":"status-publish","4":"has-post-thumbnail","6":"product_cat-rigging-hardware","7":"product_cat-shackle","8":"desktop-align-left","9":"tablet-align-left","10":"mobile-align-left","11":"ast-product-gallery-layout-horizontal-slider","12":"ast-product-tabs-layout-horizontal","14":"first","15":"instock","16":"shipping-taxable","17":"purchasable","18":"product-type-simple"},"yoast_head":"<!-- This site is optimized with the Yoast SEO plugin v25.2 - https:\/\/yoast.com\/wordpress\/plugins\/seo\/ -->\n<title>G209 Bow Shackle S209 Screw Pin Ancho Shackle<\/title>\n<meta name=\"description\" content=\"The G209 Galvanized Shackle is an essential and reliable hardware component widely used in various industries and applications.\" \/>\n<meta name=\"robots\" content=\"index, follow, max-snippet:-1, max-image-preview:large, max-video-preview:-1\" \/>\n<link rel=\"canonical\" href=\"https:\/\/qingdaohf.com\/sl\/izdelek\/g209-oklep\/\" \/>\n<meta property=\"og:locale\" content=\"sl_SI\" \/>\n<meta property=\"og:type\" content=\"article\" \/>\n<meta property=\"og:title\" content=\"G209 Bow Shackle S209 Screw Pin Ancho Shackle\" \/>\n<meta property=\"og:description\" content=\"The G209 Galvanized Shackle is an essential and reliable hardware component widely used in various industries and applications.\" \/>\n<meta property=\"og:url\" content=\"https:\/\/qingdaohf.com\/sl\/izdelek\/g209-oklep\/\" \/>\n<meta property=\"og:site_name\" content=\"Concrete Form &amp; Rigging Hardware Supplier\" \/>\n<meta property=\"article:publisher\" content=\"https:\/\/www.facebook.com\/qingdaohf\" \/>\n<meta property=\"article:modified_time\" content=\"2025-11-13T01:04:03+00:00\" \/>\n<meta property=\"og:image\" content=\"https:\/\/qingdaohf.com\/wp-content\/uploads\/2023\/07\/209-shackle-2.jpg\" \/>\n\t<meta property=\"og:image:width\" content=\"1000\" \/>\n\t<meta property=\"og:image:height\" content=\"1000\" \/>\n\t<meta property=\"og:image:type\" content=\"image\/jpeg\" \/>\n<meta name=\"twitter:card\" content=\"summary_large_image\" \/>\n<meta name=\"twitter:label1\" content=\"Est. reading time\" \/>\n\t<meta name=\"twitter:data1\" content=\"3 minute\" \/>\n<script type=\"application\/ld+json\" class=\"yoast-schema-graph\">{\"@context\":\"https:\/\/schema.org\",\"@graph\":[{\"@type\":\"WebPage\",\"@id\":\"https:\/\/qingdaohf.com\/product\/g209-shackle\/\",\"url\":\"https:\/\/qingdaohf.com\/product\/g209-shackle\/\",\"name\":\"G209 Bow Shackle S209 Screw Pin Ancho Shackle\",\"isPartOf\":{\"@id\":\"https:\/\/qingdaohf.com\/bg\/#website\"},\"primaryImageOfPage\":{\"@id\":\"https:\/\/qingdaohf.com\/product\/g209-shackle\/#primaryimage\"},\"image\":{\"@id\":\"https:\/\/qingdaohf.com\/product\/g209-shackle\/#primaryimage\"},\"thumbnailUrl\":\"https:\/\/qingdaohf.com\/wp-content\/uploads\/2023\/07\/209-shackle-2.jpg\",\"datePublished\":\"2023-07-05T09:16:50+00:00\",\"dateModified\":\"2025-11-13T01:04:03+00:00\",\"description\":\"The G209 Galvanized Shackle is an essential and reliable hardware component widely used in various industries and applications.\",\"breadcrumb\":{\"@id\":\"https:\/\/qingdaohf.com\/product\/g209-shackle\/#breadcrumb\"},\"inLanguage\":\"sl-SI\",\"potentialAction\":[{\"@type\":\"ReadAction\",\"target\":[\"https:\/\/qingdaohf.com\/product\/g209-shackle\/\"]}]},{\"@type\":\"ImageObject\",\"inLanguage\":\"sl-SI\",\"@id\":\"https:\/\/qingdaohf.com\/product\/g209-shackle\/#primaryimage\",\"url\":\"https:\/\/qingdaohf.com\/wp-content\/uploads\/2023\/07\/209-shackle-2.jpg\",\"contentUrl\":\"https:\/\/qingdaohf.com\/wp-content\/uploads\/2023\/07\/209-shackle-2.jpg\",\"width\":1000,\"height\":1000,\"caption\":\"209 shackle\"},{\"@type\":\"BreadcrumbList\",\"@id\":\"https:\/\/qingdaohf.com\/product\/g209-shackle\/#breadcrumb\",\"itemListElement\":[{\"@type\":\"ListItem\",\"position\":1,\"name\":\"Home\",\"item\":\"https:\/\/qingdaohf.com\/\"},{\"@type\":\"ListItem\",\"position\":2,\"name\":\"Concrete Forming Accessories and Rigging Hardware\",\"item\":\"https:\/\/qingdaohf.com\/bg\/?page_id=944\"},{\"@type\":\"ListItem\",\"position\":3,\"name\":\"G209 Bow Shackle S209 Screw Pin Ancho Shackle\"}]},{\"@type\":\"WebSite\",\"@id\":\"https:\/\/qingdaohf.com\/bg\/#website\",\"url\":\"https:\/\/qingdaohf.com\/bg\/\",\"name\":\"Concrete Form & Rigging Hardware Supplier\",\"description\":\"\",\"publisher\":{\"@id\":\"https:\/\/qingdaohf.com\/bg\/#organization\"},\"potentialAction\":[{\"@type\":\"SearchAction\",\"target\":{\"@type\":\"EntryPoint\",\"urlTemplate\":\"https:\/\/qingdaohf.com\/bg\/?s={search_term_string}\"},\"query-input\":{\"@type\":\"PropertyValueSpecification\",\"valueRequired\":true,\"valueName\":\"search_term_string\"}}],\"inLanguage\":\"sl-SI\"},{\"@type\":\"Organization\",\"@id\":\"https:\/\/qingdaohf.com\/bg\/#organization\",\"name\":\"Qingdao H&F\",\"url\":\"https:\/\/qingdaohf.com\/bg\/\",\"logo\":{\"@type\":\"ImageObject\",\"inLanguage\":\"sl-SI\",\"@id\":\"https:\/\/qingdaohf.com\/bg\/#\/schema\/logo\/image\/\",\"url\":\"https:\/\/qingdaohf.com\/wp-content\/uploads\/2022\/12\/cropped-HF-LOGO.png\",\"contentUrl\":\"https:\/\/qingdaohf.com\/wp-content\/uploads\/2022\/12\/cropped-HF-LOGO.png\",\"width\":391,\"height\":249,\"caption\":\"Qingdao H&F\"},\"image\":{\"@id\":\"https:\/\/qingdaohf.com\/bg\/#\/schema\/logo\/image\/\"},\"sameAs\":[\"https:\/\/www.facebook.com\/qingdaohf\"]}]}<\/script>\n<!-- \/ Yoast SEO plugin. -->","yoast_head_json":{"title":"G209 Bow Shackle S209 Screw Pin Ancho Shackle","description":"The G209 Galvanized Shackle is an essential and reliable hardware component widely used in various industries and applications.","robots":{"index":"index","follow":"follow","max-snippet":"max-snippet:-1","max-image-preview":"max-image-preview:large","max-video-preview":"max-video-preview:-1"},"canonical":"https:\/\/qingdaohf.com\/sl\/izdelek\/g209-oklep\/","og_locale":"sl_SI","og_type":"article","og_title":"G209 Bow Shackle S209 Screw Pin Ancho Shackle","og_description":"The G209 Galvanized Shackle is an essential and reliable hardware component widely used in various industries and applications.","og_url":"https:\/\/qingdaohf.com\/sl\/izdelek\/g209-oklep\/","og_site_name":"Concrete Form &amp; Rigging Hardware Supplier","article_publisher":"https:\/\/www.facebook.com\/qingdaohf","article_modified_time":"2025-11-13T01:04:03+00:00","og_image":[{"width":1000,"height":1000,"url":"https:\/\/qingdaohf.com\/wp-content\/uploads\/2023\/07\/209-shackle-2.jpg","type":"image\/jpeg"}],"twitter_card":"summary_large_image","twitter_misc":{"Est. reading time":"3 minute"},"schema":{"@context":"https:\/\/schema.org","@graph":[{"@type":"WebPage","@id":"https:\/\/qingdaohf.com\/product\/g209-shackle\/","url":"https:\/\/qingdaohf.com\/product\/g209-shackle\/","name":"G209 Bow Shackle S209 Screw Pin Ancho Shackle","isPartOf":{"@id":"https:\/\/qingdaohf.com\/bg\/#website"},"primaryImageOfPage":{"@id":"https:\/\/qingdaohf.com\/product\/g209-shackle\/#primaryimage"},"image":{"@id":"https:\/\/qingdaohf.com\/product\/g209-shackle\/#primaryimage"},"thumbnailUrl":"https:\/\/qingdaohf.com\/wp-content\/uploads\/2023\/07\/209-shackle-2.jpg","datePublished":"2023-07-05T09:16:50+00:00","dateModified":"2025-11-13T01:04:03+00:00","description":"The G209 Galvanized Shackle is an essential and reliable hardware component widely used in various industries and applications.","breadcrumb":{"@id":"https:\/\/qingdaohf.com\/product\/g209-shackle\/#breadcrumb"},"inLanguage":"sl-SI","potentialAction":[{"@type":"ReadAction","target":["https:\/\/qingdaohf.com\/product\/g209-shackle\/"]}]},{"@type":"ImageObject","inLanguage":"sl-SI","@id":"https:\/\/qingdaohf.com\/product\/g209-shackle\/#primaryimage","url":"https:\/\/qingdaohf.com\/wp-content\/uploads\/2023\/07\/209-shackle-2.jpg","contentUrl":"https:\/\/qingdaohf.com\/wp-content\/uploads\/2023\/07\/209-shackle-2.jpg","width":1000,"height":1000,"caption":"209 shackle"},{"@type":"BreadcrumbList","@id":"https:\/\/qingdaohf.com\/product\/g209-shackle\/#breadcrumb","itemListElement":[{"@type":"ListItem","position":1,"name":"Home","item":"https:\/\/qingdaohf.com\/"},{"@type":"ListItem","position":2,"name":"Concrete Forming Accessories and Rigging Hardware","item":"https:\/\/qingdaohf.com\/bg\/?page_id=944"},{"@type":"ListItem","position":3,"name":"G209 Bow Shackle S209 Screw Pin Ancho Shackle"}]},{"@type":"WebSite","@id":"https:\/\/qingdaohf.com\/bg\/#website","url":"https:\/\/qingdaohf.com\/bg\/","name":"Concrete Form & Rigging Hardware Supplier","description":"","publisher":{"@id":"https:\/\/qingdaohf.com\/bg\/#organization"},"potentialAction":[{"@type":"SearchAction","target":{"@type":"EntryPoint","urlTemplate":"https:\/\/qingdaohf.com\/bg\/?s={search_term_string}"},"query-input":{"@type":"PropertyValueSpecification","valueRequired":true,"valueName":"search_term_string"}}],"inLanguage":"sl-SI"},{"@type":"Organization","@id":"https:\/\/qingdaohf.com\/bg\/#organization","name":"Qingdao H&F","url":"https:\/\/qingdaohf.com\/bg\/","logo":{"@type":"ImageObject","inLanguage":"sl-SI","@id":"https:\/\/qingdaohf.com\/bg\/#\/schema\/logo\/image\/","url":"https:\/\/qingdaohf.com\/wp-content\/uploads\/2022\/12\/cropped-HF-LOGO.png","contentUrl":"https:\/\/qingdaohf.com\/wp-content\/uploads\/2022\/12\/cropped-HF-LOGO.png","width":391,"height":249,"caption":"Qingdao H&F"},"image":{"@id":"https:\/\/qingdaohf.com\/bg\/#\/schema\/logo\/image\/"},"sameAs":["https:\/\/www.facebook.com\/qingdaohf"]}]}},"_links":{"self":[{"href":"https:\/\/qingdaohf.com\/sl\/wp-json\/wp\/v2\/product\/4622","targetHints":{"allow":["GET"]}}],"collection":[{"href":"https:\/\/qingdaohf.com\/sl\/wp-json\/wp\/v2\/product"}],"about":[{"href":"https:\/\/qingdaohf.com\/sl\/wp-json\/wp\/v2\/types\/product"}],"replies":[{"embeddable":true,"href":"https:\/\/qingdaohf.com\/sl\/wp-json\/wp\/v2\/comments?post=4622"}],"version-history":[{"count":7,"href":"https:\/\/qingdaohf.com\/sl\/wp-json\/wp\/v2\/product\/4622\/revisions"}],"predecessor-version":[{"id":6301,"href":"https:\/\/qingdaohf.com\/sl\/wp-json\/wp\/v2\/product\/4622\/revisions\/6301"}],"wp:featuredmedia":[{"embeddable":true,"href":"https:\/\/qingdaohf.com\/sl\/wp-json\/wp\/v2\/media\/6311"}],"wp:attachment":[{"href":"https:\/\/qingdaohf.com\/sl\/wp-json\/wp\/v2\/media?parent=4622"}],"wp:term":[{"taxonomy":"product_brand","embeddable":true,"href":"https:\/\/qingdaohf.com\/sl\/wp-json\/wp\/v2\/product_brand?post=4622"},{"taxonomy":"product_cat","embeddable":true,"href":"https:\/\/qingdaohf.com\/sl\/wp-json\/wp\/v2\/product_cat?post=4622"},{"taxonomy":"product_tag","embeddable":true,"href":"https:\/\/qingdaohf.com\/sl\/wp-json\/wp\/v2\/product_tag?post=4622"}],"curies":[{"name":"wp","href":"https:\/\/api.w.org\/{rel}","templated":true}]}}