{"id":5473,"date":"2023-10-23T14:14:46","date_gmt":"2023-10-23T06:14:46","guid":{"rendered":"http:\/\/qingdaohf.com\/?post_type=product&#038;p=5473"},"modified":"2025-11-13T09:04:02","modified_gmt":"2025-11-13T01:04:02","slug":"webbing-sling-oem","status":"publish","type":"product","link":"https:\/\/qingdaohf.com\/sl\/izdelek\/pasna-zanka-iz-tkanine-oem\/","title":{"rendered":"Povojni trak OEM"},"content":{"rendered":"<p><img fetchpriority=\"high\" decoding=\"async\" class=\"alignnone wp-image-5962 size-full\" src=\"http:\/\/qingdaohf.com\/wp-content\/uploads\/2023\/10\/HF-SLINGS-1-scaled.jpg\" alt=\"HF SLINGS \" width=\"1686\" height=\"1920\" srcset=\"https:\/\/qingdaohf.com\/wp-content\/uploads\/2023\/10\/HF-SLINGS-1-scaled.jpg 1686w, https:\/\/qingdaohf.com\/wp-content\/uploads\/2023\/10\/HF-SLINGS-1-264x300.jpg 264w, https:\/\/qingdaohf.com\/wp-content\/uploads\/2023\/10\/HF-SLINGS-1-899x1024.jpg 899w, https:\/\/qingdaohf.com\/wp-content\/uploads\/2023\/10\/HF-SLINGS-1-768x874.jpg 768w, https:\/\/qingdaohf.com\/wp-content\/uploads\/2023\/10\/HF-SLINGS-1-1349x1536.jpg 1349w, https:\/\/qingdaohf.com\/wp-content\/uploads\/2023\/10\/HF-SLINGS-1-1799x2048.jpg 1799w, https:\/\/qingdaohf.com\/wp-content\/uploads\/2023\/10\/HF-SLINGS-1-1000x1139.jpg 1000w\" sizes=\"(max-width: 1686px) 100vw, 1686px\" \/><\/p>\n<h3><strong>Zagotavljanje kakovosti:<\/strong><\/h3>\n<p>Najvi\u0161ja kakovost jermenskih povojev je klju\u010dnega pomena za varnost in zanesljivost pri razli\u010dnih aplikacijah.<\/p>\n<p>Re\u0161itev: Izvedba strogih postopkov nadzora kakovosti, vklju\u010dno s pregledi materiala, preverjanjem proizvodnje in certificiranjem s strani tretjih oseb.<\/p>\n<h3><strong>Mo\u017enosti prilagajanja:<\/strong><\/h3>\n<p>Vpra\u0161anje: Prilagojene re\u0161itve so nujne za izpolnjevanje posebnih zahtev projekta in industrijskih standardov.<\/p>\n<p>Re\u0161itev: Ponudite \u0161irok nabor mo\u017enosti prilagajanja, vklju\u010dno z velikostjo, dol\u017eino, nosilnostjo in barvnim ozna\u010devanjem, da se odzovete na razli\u010dne potrebe strank.<\/p>\n<h3><strong>Stro\u0161kovna konkuren\u010dnost:<\/strong><\/h3>\n<p>Vpra\u0161anje: Za ohranjanje konkuren\u010dnosti na trgu je klju\u010dnega pomena najti pravo ravnovesje med kakovostjo in stro\u0161ki.<\/p>\n<p>Re\u0161itev: Optimizacija proizvodnih procesov, pogajanja z dobavitelji in izkori\u0161\u010danje ekonomije obsega za zagotavljanje stro\u0161kovno u\u010dinkovitih re\u0161itev OEM.<\/p>\n<h3><strong>Pravo\u010dasna dostava:<\/strong><\/h3>\n<p>Vpra\u0161anje: Zamude pri izvedbi lahko motijo delovanje in vplivajo na zadovoljstvo strank.<\/p>\n<p>Re\u0161itev: Re\u0161itev: racionalizirajte proizvodne urnike, vzdr\u017eujte zadostne zaloge in vzpostavite u\u010dinkovito logistiko, da zagotovite pravo\u010dasno dobavo.<\/p>\n<h3><strong>Inovacije in tehnologija:<\/strong><\/h3>\n<p>Vpra\u0161anje: Za zagotavljanje najsodobnej\u0161ih re\u0161itev je klju\u010dnega pomena ostati v ospredju tehnolo\u0161kega napredka in industrijskih inovacij.<\/p>\n<p>Re\u0161itev: Vlagajte v raziskave in razvoj, sodelujte z industrijskimi strokovnjaki in nenehno posodabljajte proizvodne procese, da bi vklju\u010dili najnovej\u0161e tehnologije.<\/p>\n<h3><strong>Okoljska trajnost:<\/strong><\/h3>\n<p>Vpra\u0161anje: Vedno ve\u010dji poudarek na trajnostnih praksah zahteva zavezanost okolju prijaznim proizvodnim postopkom in materialom.<\/p>\n<p>Re\u0161itev: Prevzemite okoljsko odgovorne prakse pridobivanja, proizvodnje in odstranjevanja ter pridobite ustrezne certifikate, s katerimi doka\u017eete zavezanost k trajnosti.<\/p>\n<p>&nbsp;<\/p>\n<h2><strong>Kako na\u0161e podjetje zadovoljuje potrebe OEM OEM:<\/strong><\/h2>\n<p>Na\u0161e podjetje podpira storitve OEM in ODM. Izpolnimo vse va\u0161e potrebe.<\/p>\n<h3><strong>Strog nadzor kakovosti:<\/strong><\/h3>\n<p>Na\u0161e podjetje se dr\u017ei strogih postopkov nadzora kakovosti, izvaja temeljite preglede materiala, preglede med procesom in pridobiva certifikate priznanih organizacij tretjih oseb.<\/p>\n<h3><strong>Vsestransko prilagajanje:<\/strong><\/h3>\n<p>Ponujamo razli\u010dne mo\u017enosti prilagajanja, ki strankam omogo\u010dajo, da dolo\u010dijo dimenzije, nosilnost in druge parametre, s \u010dimer zagotovimo, da so na\u0161e zanke popolnoma usklajene z njihovimi edinstvenimi zahtevami.<\/p>\n<h3><strong>Stro\u0161kovno u\u010dinkovite re\u0161itve:<\/strong><\/h3>\n<p>S strate\u0161kimi pogajanji z dobavitelji, optimizacijo procesov in izkori\u0161\u010danjem ekonomije obsega dosledno zagotavljamo stro\u0161kovno konkuren\u010dne re\u0161itve OEM za zanke brez ogro\u017eanja kakovosti.<\/p>\n<h3><strong>Pravo\u010dasna in zanesljiva dostava:<\/strong><\/h3>\n<p>Na\u0161i poenostavljeni proizvodni na\u010drti, obse\u017eno upravljanje zalog in u\u010dinkovita logistika zagotavljajo, da na\u0161e stranke pravo\u010dasno prejmejo svoja naro\u010dila za trakove, kar prispeva k uspe\u0161nosti njihovih projektov.<\/p>\n<h3><strong>Zavezanost k inovacijam:<\/strong><\/h3>\n<p>Na\u0161e podjetje daje prednost inovacijam z vlaganjem v raziskave in razvoj, sodelovanjem s strokovnjaki iz industrije ter rednim posodabljanjem proizvodnih postopkov, da bi vklju\u010dili najnovej\u0161e tehnolo\u0161ke dose\u017eke.<\/p>\n<h3><strong>Okoljska odgovornost:<\/strong><\/h3>\n<p>Zavezani smo k okoljski trajnosti s sprejemanjem okolju prijaznih praks pridobivanja virov, izvajanjem zelenih proizvodnih procesov in pridobivanjem ustreznih certifikatov, s katerimi dokazujemo svojo predanost okolju prijaznej\u0161i prihodnosti.<\/p>\n<h3><strong>Pravo\u010dasna dostava:<\/strong><\/h3>\n<p>Na spletni strani bo poudarjena na\u0161a zavezanost pravo\u010dasni dobavi z u\u010dinkovitim na\u010drtovanjem proizvodnje, upravljanjem zalog in zanesljivim logisti\u010dnim omre\u017ejem ter predstavljeni primeri uspe\u0161nega izpolnjevanja kratkih projektnih rokov v preteklosti.<\/p>\n<h3><strong>Inovacije in tehnologija:<\/strong><\/h3>\n<p>Na spletni strani bo predstavljena na\u0161a predanost inovacijam s podrobnostmi o na\u0161ih nalo\u017ebah v raziskave in razvoj, sodelovanju z industrijskimi strokovnjaki in rednih posodobitvah na\u0161ih proizvodnih postopkov, ki vklju\u010dujejo najnovej\u0161e tehnologije.<\/p>\n<h3><strong>Okoljska trajnost:<\/strong><\/h3>\n<p>Na\u0161a zavezanost okoljski odgovornosti bo poudarjena na spletnem mestu, kjer bodo podrobno opisane na\u0161e okolju prijazne prakse pridobivanja surovin, zeleni proizvodni postopki in pridobljeni certifikati, ki dokazujejo na\u0161o zavezanost trajnosti.<\/p>\n<p>Z obravnavanjem teh kriti\u010dnih vpra\u0161anj in pregledno predstavitvijo na\u0161ih re\u0161itev na spletnem mestu bo na\u0161e podjetje u\u010dinkovito pokazalo svojo sposobnost izpolnjevanja potreb kupcev OEM, ki kupujejo zanke iz jermenov.<\/p>","protected":false},"excerpt":{"rendered":"<p>Z na\u0161imi storitvami OEM lahko natan\u010dno dolo\u010dite nosilnost, dol\u017eino, \u0161irino, material, barvno ozna\u010devanje in druge bistvene parametre. Tesno sodelujemo z vami, da bi zagotovili, da se zanke iz tkanin, ki jih zagotavljamo, popolnoma ujemajo z va\u0161o predvideno uporabo. Ne glede na to, ali potrebujete industrijsko zanko za te\u017eke obremenitve ali specializirano re\u0161itev, lahko na\u0161e izdelke ustrezno prilagodimo.<\/p>","protected":false},"featured_media":5232,"comment_status":"open","ping_status":"closed","template":"","meta":{"site-sidebar-layout":"default","site-content-layout":"","ast-site-content-layout":"default","site-content-style":"default","site-sidebar-style":"default","ast-global-header-display":"","ast-banner-title-visibility":"","ast-main-header-display":"","ast-hfb-above-header-display":"","ast-hfb-below-header-display":"","ast-hfb-mobile-header-display":"","site-post-title":"","ast-breadcrumbs-content":"","ast-featured-img":"","footer-sml-layout":"","theme-transparent-header-meta":"default","adv-header-id-meta":"","stick-header-meta":"default","header-above-stick-meta":"","header-main-stick-meta":"","header-below-stick-meta":"","astra-migrate-meta-layouts":"set","ast-page-background-enabled":"default","ast-page-background-meta":{"desktop":{"background-color":"","background-image":"","background-repeat":"repeat","background-position":"center center","background-size":"auto","background-attachment":"scroll","background-type":"","background-media":"","overlay-type":"","overlay-color":"","overlay-opacity":"","overlay-gradient":""},"tablet":{"background-color":"","background-image":"","background-repeat":"repeat","background-position":"center center","background-size":"auto","background-attachment":"scroll","background-type":"","background-media":"","overlay-type":"","overlay-color":"","overlay-opacity":"","overlay-gradient":""},"mobile":{"background-color":"","background-image":"","background-repeat":"repeat","background-position":"center center","background-size":"auto","background-attachment":"scroll","background-type":"","background-media":"","overlay-type":"","overlay-color":"","overlay-opacity":"","overlay-gradient":""}},"ast-content-background-meta":{"desktop":{"background-color":"var(--ast-global-color-5)","background-image":"","background-repeat":"repeat","background-position":"center center","background-size":"auto","background-attachment":"scroll","background-type":"","background-media":"","overlay-type":"","overlay-color":"","overlay-opacity":"","overlay-gradient":""},"tablet":{"background-color":"var(--ast-global-color-5)","background-image":"","background-repeat":"repeat","background-position":"center center","background-size":"auto","background-attachment":"scroll","background-type":"","background-media":"","overlay-type":"","overlay-color":"","overlay-opacity":"","overlay-gradient":""},"mobile":{"background-color":"var(--ast-global-color-5)","background-image":"","background-repeat":"repeat","background-position":"center center","background-size":"auto","background-attachment":"scroll","background-type":"","background-media":"","overlay-type":"","overlay-color":"","overlay-opacity":"","overlay-gradient":""}}},"product_brand":[],"product_cat":[51,39],"product_tag":[],"class_list":{"0":"post-5473","1":"product","2":"type-product","3":"status-publish","4":"has-post-thumbnail","6":"product_cat-riggging-hardware","7":"product_cat-webbing-sling","8":"desktop-align-left","9":"tablet-align-left","10":"mobile-align-left","11":"ast-product-gallery-layout-horizontal-slider","12":"ast-product-tabs-layout-horizontal","14":"first","15":"instock","16":"shipping-taxable","17":"purchasable","18":"product-type-simple"},"yoast_head":"<!-- This site is optimized with the Yoast SEO plugin v25.2 - https:\/\/yoast.com\/wordpress\/plugins\/seo\/ -->\n<title>Webbing Sling OEM<\/title>\n<meta name=\"description\" content=\"Our OEM services allow you to define the precise load capacity, length, width, material, color coding, and any other essential parameters.\" \/>\n<meta name=\"robots\" content=\"index, follow, max-snippet:-1, max-image-preview:large, max-video-preview:-1\" \/>\n<link rel=\"canonical\" href=\"https:\/\/qingdaohf.com\/sl\/izdelek\/pasna-zanka-iz-tkanine-oem\/\" \/>\n<meta property=\"og:locale\" content=\"sl_SI\" \/>\n<meta property=\"og:type\" content=\"article\" \/>\n<meta property=\"og:title\" content=\"Webbing Sling OEM\" \/>\n<meta property=\"og:description\" content=\"Our OEM services allow you to define the precise load capacity, length, width, material, color coding, and any other essential parameters.\" \/>\n<meta property=\"og:url\" content=\"https:\/\/qingdaohf.com\/sl\/izdelek\/pasna-zanka-iz-tkanine-oem\/\" \/>\n<meta property=\"og:site_name\" content=\"Concrete Form &amp; Rigging Hardware Supplier\" \/>\n<meta property=\"article:publisher\" content=\"https:\/\/www.facebook.com\/qingdaohf\" \/>\n<meta property=\"article:modified_time\" content=\"2025-11-13T01:04:02+00:00\" \/>\n<meta property=\"og:image\" content=\"https:\/\/qingdaohf.com\/wp-content\/uploads\/2023\/10\/sling.jpg\" \/>\n\t<meta property=\"og:image:width\" content=\"1019\" \/>\n\t<meta property=\"og:image:height\" content=\"563\" \/>\n\t<meta property=\"og:image:type\" content=\"image\/jpeg\" \/>\n<meta name=\"twitter:card\" content=\"summary_large_image\" \/>\n<meta name=\"twitter:label1\" content=\"Est. reading time\" \/>\n\t<meta name=\"twitter:data1\" content=\"3 minute\" \/>\n<script type=\"application\/ld+json\" class=\"yoast-schema-graph\">{\"@context\":\"https:\/\/schema.org\",\"@graph\":[{\"@type\":\"WebPage\",\"@id\":\"https:\/\/qingdaohf.com\/product\/webbing-sling-oem\/\",\"url\":\"https:\/\/qingdaohf.com\/product\/webbing-sling-oem\/\",\"name\":\"Webbing Sling OEM\",\"isPartOf\":{\"@id\":\"https:\/\/qingdaohf.com\/bg\/#website\"},\"primaryImageOfPage\":{\"@id\":\"https:\/\/qingdaohf.com\/product\/webbing-sling-oem\/#primaryimage\"},\"image\":{\"@id\":\"https:\/\/qingdaohf.com\/product\/webbing-sling-oem\/#primaryimage\"},\"thumbnailUrl\":\"https:\/\/qingdaohf.com\/wp-content\/uploads\/2023\/04\/webbling-sling-2-1.jpg\",\"datePublished\":\"2023-10-23T06:14:46+00:00\",\"dateModified\":\"2025-11-13T01:04:02+00:00\",\"description\":\"Our OEM services allow you to define the precise load capacity, length, width, material, color coding, and any other essential parameters.\",\"breadcrumb\":{\"@id\":\"https:\/\/qingdaohf.com\/product\/webbing-sling-oem\/#breadcrumb\"},\"inLanguage\":\"sl-SI\",\"potentialAction\":[{\"@type\":\"ReadAction\",\"target\":[\"https:\/\/qingdaohf.com\/product\/webbing-sling-oem\/\"]}]},{\"@type\":\"ImageObject\",\"inLanguage\":\"sl-SI\",\"@id\":\"https:\/\/qingdaohf.com\/product\/webbing-sling-oem\/#primaryimage\",\"url\":\"https:\/\/qingdaohf.com\/wp-content\/uploads\/2023\/04\/webbling-sling-2-1.jpg\",\"contentUrl\":\"https:\/\/qingdaohf.com\/wp-content\/uploads\/2023\/04\/webbling-sling-2-1.jpg\",\"width\":1000,\"height\":1000,\"caption\":\"webbling sling\"},{\"@type\":\"BreadcrumbList\",\"@id\":\"https:\/\/qingdaohf.com\/product\/webbing-sling-oem\/#breadcrumb\",\"itemListElement\":[{\"@type\":\"ListItem\",\"position\":1,\"name\":\"Home\",\"item\":\"https:\/\/qingdaohf.com\/\"},{\"@type\":\"ListItem\",\"position\":2,\"name\":\"Concrete Forming Accessories and Rigging Hardware\",\"item\":\"https:\/\/qingdaohf.com\/bg\/?page_id=944\"},{\"@type\":\"ListItem\",\"position\":3,\"name\":\"Webbing Sling OEM\"}]},{\"@type\":\"WebSite\",\"@id\":\"https:\/\/qingdaohf.com\/bg\/#website\",\"url\":\"https:\/\/qingdaohf.com\/bg\/\",\"name\":\"Concrete Form & Rigging Hardware Supplier\",\"description\":\"\",\"publisher\":{\"@id\":\"https:\/\/qingdaohf.com\/bg\/#organization\"},\"potentialAction\":[{\"@type\":\"SearchAction\",\"target\":{\"@type\":\"EntryPoint\",\"urlTemplate\":\"https:\/\/qingdaohf.com\/bg\/?s={search_term_string}\"},\"query-input\":{\"@type\":\"PropertyValueSpecification\",\"valueRequired\":true,\"valueName\":\"search_term_string\"}}],\"inLanguage\":\"sl-SI\"},{\"@type\":\"Organization\",\"@id\":\"https:\/\/qingdaohf.com\/bg\/#organization\",\"name\":\"Qingdao H&F\",\"url\":\"https:\/\/qingdaohf.com\/bg\/\",\"logo\":{\"@type\":\"ImageObject\",\"inLanguage\":\"sl-SI\",\"@id\":\"https:\/\/qingdaohf.com\/bg\/#\/schema\/logo\/image\/\",\"url\":\"https:\/\/qingdaohf.com\/wp-content\/uploads\/2022\/12\/cropped-HF-LOGO.png\",\"contentUrl\":\"https:\/\/qingdaohf.com\/wp-content\/uploads\/2022\/12\/cropped-HF-LOGO.png\",\"width\":391,\"height\":249,\"caption\":\"Qingdao H&F\"},\"image\":{\"@id\":\"https:\/\/qingdaohf.com\/bg\/#\/schema\/logo\/image\/\"},\"sameAs\":[\"https:\/\/www.facebook.com\/qingdaohf\"]}]}<\/script>\n<!-- \/ Yoast SEO plugin. -->","yoast_head_json":{"title":"Webbing Sling OEM","description":"Our OEM services allow you to define the precise load capacity, length, width, material, color coding, and any other essential parameters.","robots":{"index":"index","follow":"follow","max-snippet":"max-snippet:-1","max-image-preview":"max-image-preview:large","max-video-preview":"max-video-preview:-1"},"canonical":"https:\/\/qingdaohf.com\/sl\/izdelek\/pasna-zanka-iz-tkanine-oem\/","og_locale":"sl_SI","og_type":"article","og_title":"Webbing Sling OEM","og_description":"Our OEM services allow you to define the precise load capacity, length, width, material, color coding, and any other essential parameters.","og_url":"https:\/\/qingdaohf.com\/sl\/izdelek\/pasna-zanka-iz-tkanine-oem\/","og_site_name":"Concrete Form &amp; Rigging Hardware Supplier","article_publisher":"https:\/\/www.facebook.com\/qingdaohf","article_modified_time":"2025-11-13T01:04:02+00:00","og_image":[{"width":1019,"height":563,"url":"https:\/\/qingdaohf.com\/wp-content\/uploads\/2023\/10\/sling.jpg","type":"image\/jpeg"}],"twitter_card":"summary_large_image","twitter_misc":{"Est. reading time":"3 minute"},"schema":{"@context":"https:\/\/schema.org","@graph":[{"@type":"WebPage","@id":"https:\/\/qingdaohf.com\/product\/webbing-sling-oem\/","url":"https:\/\/qingdaohf.com\/product\/webbing-sling-oem\/","name":"Webbing Sling OEM","isPartOf":{"@id":"https:\/\/qingdaohf.com\/bg\/#website"},"primaryImageOfPage":{"@id":"https:\/\/qingdaohf.com\/product\/webbing-sling-oem\/#primaryimage"},"image":{"@id":"https:\/\/qingdaohf.com\/product\/webbing-sling-oem\/#primaryimage"},"thumbnailUrl":"https:\/\/qingdaohf.com\/wp-content\/uploads\/2023\/04\/webbling-sling-2-1.jpg","datePublished":"2023-10-23T06:14:46+00:00","dateModified":"2025-11-13T01:04:02+00:00","description":"Our OEM services allow you to define the precise load capacity, length, width, material, color coding, and any other essential parameters.","breadcrumb":{"@id":"https:\/\/qingdaohf.com\/product\/webbing-sling-oem\/#breadcrumb"},"inLanguage":"sl-SI","potentialAction":[{"@type":"ReadAction","target":["https:\/\/qingdaohf.com\/product\/webbing-sling-oem\/"]}]},{"@type":"ImageObject","inLanguage":"sl-SI","@id":"https:\/\/qingdaohf.com\/product\/webbing-sling-oem\/#primaryimage","url":"https:\/\/qingdaohf.com\/wp-content\/uploads\/2023\/04\/webbling-sling-2-1.jpg","contentUrl":"https:\/\/qingdaohf.com\/wp-content\/uploads\/2023\/04\/webbling-sling-2-1.jpg","width":1000,"height":1000,"caption":"webbling sling"},{"@type":"BreadcrumbList","@id":"https:\/\/qingdaohf.com\/product\/webbing-sling-oem\/#breadcrumb","itemListElement":[{"@type":"ListItem","position":1,"name":"Home","item":"https:\/\/qingdaohf.com\/"},{"@type":"ListItem","position":2,"name":"Concrete Forming Accessories and Rigging Hardware","item":"https:\/\/qingdaohf.com\/bg\/?page_id=944"},{"@type":"ListItem","position":3,"name":"Webbing Sling OEM"}]},{"@type":"WebSite","@id":"https:\/\/qingdaohf.com\/bg\/#website","url":"https:\/\/qingdaohf.com\/bg\/","name":"Concrete Form & Rigging Hardware Supplier","description":"","publisher":{"@id":"https:\/\/qingdaohf.com\/bg\/#organization"},"potentialAction":[{"@type":"SearchAction","target":{"@type":"EntryPoint","urlTemplate":"https:\/\/qingdaohf.com\/bg\/?s={search_term_string}"},"query-input":{"@type":"PropertyValueSpecification","valueRequired":true,"valueName":"search_term_string"}}],"inLanguage":"sl-SI"},{"@type":"Organization","@id":"https:\/\/qingdaohf.com\/bg\/#organization","name":"Qingdao H&F","url":"https:\/\/qingdaohf.com\/bg\/","logo":{"@type":"ImageObject","inLanguage":"sl-SI","@id":"https:\/\/qingdaohf.com\/bg\/#\/schema\/logo\/image\/","url":"https:\/\/qingdaohf.com\/wp-content\/uploads\/2022\/12\/cropped-HF-LOGO.png","contentUrl":"https:\/\/qingdaohf.com\/wp-content\/uploads\/2022\/12\/cropped-HF-LOGO.png","width":391,"height":249,"caption":"Qingdao H&F"},"image":{"@id":"https:\/\/qingdaohf.com\/bg\/#\/schema\/logo\/image\/"},"sameAs":["https:\/\/www.facebook.com\/qingdaohf"]}]}},"_links":{"self":[{"href":"https:\/\/qingdaohf.com\/sl\/wp-json\/wp\/v2\/product\/5473","targetHints":{"allow":["GET"]}}],"collection":[{"href":"https:\/\/qingdaohf.com\/sl\/wp-json\/wp\/v2\/product"}],"about":[{"href":"https:\/\/qingdaohf.com\/sl\/wp-json\/wp\/v2\/types\/product"}],"replies":[{"embeddable":true,"href":"https:\/\/qingdaohf.com\/sl\/wp-json\/wp\/v2\/comments?post=5473"}],"version-history":[{"count":8,"href":"https:\/\/qingdaohf.com\/sl\/wp-json\/wp\/v2\/product\/5473\/revisions"}],"predecessor-version":[{"id":6943,"href":"https:\/\/qingdaohf.com\/sl\/wp-json\/wp\/v2\/product\/5473\/revisions\/6943"}],"wp:featuredmedia":[{"embeddable":true,"href":"https:\/\/qingdaohf.com\/sl\/wp-json\/wp\/v2\/media\/5232"}],"wp:attachment":[{"href":"https:\/\/qingdaohf.com\/sl\/wp-json\/wp\/v2\/media?parent=5473"}],"wp:term":[{"taxonomy":"product_brand","embeddable":true,"href":"https:\/\/qingdaohf.com\/sl\/wp-json\/wp\/v2\/product_brand?post=5473"},{"taxonomy":"product_cat","embeddable":true,"href":"https:\/\/qingdaohf.com\/sl\/wp-json\/wp\/v2\/product_cat?post=5473"},{"taxonomy":"product_tag","embeddable":true,"href":"https:\/\/qingdaohf.com\/sl\/wp-json\/wp\/v2\/product_tag?post=5473"}],"curies":[{"name":"wp","href":"https:\/\/api.w.org\/{rel}","templated":true}]}}