{"id":5774,"date":"2023-11-22T11:51:53","date_gmt":"2023-11-22T03:51:53","guid":{"rendered":"http:\/\/qingdaohf.com\/?post_type=product&#038;p=5774"},"modified":"2025-11-13T09:04:01","modified_gmt":"2025-11-13T01:04:01","slug":"galvanized-stainless-steel-wire-rope-tube-thimble","status":"publish","type":"product","link":"https:\/\/qingdaohf.com\/sl\/izdelek\/pocinkana-zicna-vrv-iz-nerjavecega-jekla\/","title":{"rendered":"\u017di\u010dna vrv Tube Thimble"},"content":{"rendered":"<div class=\"ast-oembed-container\" style=\"height: 100%;\"><iframe title=\"Tube \u017eice Rope Clip\" width=\"500\" height=\"281\" src=\"https:\/\/www.youtube.com\/embed\/iYLBIl6iZIc?feature=oembed\" frameborder=\"0\" allow=\"accelerometer; autoplay; clipboard-write; encrypted-media; gyroscope; picture-in-picture; web-share\" referrerpolicy=\"strict-origin-when-cross-origin\" allowfullscreen><\/iframe><\/div>\n<h3>Material Odli\u010dnost:<\/h3>\n<p>Na\u0161i naprstniki za \u017ei\u010dne vrvi so skrbno izdelani iz visokokakovostnih materialov, predvsem iz nerjavnega jekla in pocinkanega jekla. Zakaj? Ker smo zavezani k temu, da vam zagotavljamo komponente, ki so odporne proti koroziji in prenesejo stroge pogoje va\u0161ega delovanja.<\/p>\n<h3>In\u017eenirska odli\u010dnost:<\/h3>\n<p>Na\u0161i naprstniki so zasnovani v obliki cevi in so ve\u010d kot le pripomo\u010dki. So strate\u0161ke oja\u010ditve, ki so strate\u0161ko name\u0161\u010dene za zmanj\u0161anje obrabe, zlasti na kriti\u010dnih to\u010dkah, kjer se \u017ei\u010dna vrv stika z drugimi povr\u0161inami ali manevrira skozi tesne prostore.<\/p>\n<h3>Strukturna podpora:<\/h3>\n<p>Ohranjanje celovitosti \u017ei\u010dne vrvi je bistvenega pomena in na\u0161i naprstniki so pri tem odli\u010dni. Ohranjajo strukturno celovitost o\u010desa ali zanke vrvi in tako vsaki\u010d zagotavljajo gladko delovanje brez pregibov.<\/p>\n<h3>Mojstrstvo porazdelitve obremenitve:<\/h3>\n<p>Pri te\u017ekih aplikacijah je najpomembnej\u0161a enakomerna porazdelitev obremenitve. Na\u0161i naprstniki so na visoki ravni, saj u\u010dinkovito porazdelijo obremenitev po dol\u017eini \u017ei\u010dne vrvi in tako prepre\u010dijo nepotrebne koncentracije napetosti.<\/p>\n<h3>Brezhibna integracija:<\/h3>\n<p>Namestitev je preprosta. Preprosto vstavite naprstnik v zanko \u017ei\u010dne vrvi in ga pritrdite s standardnimi metodami v industriji - s stiskanjem, z vija\u010denjem ali z zanesljivimi sponkami za \u017ei\u010dno vrv.<\/p>\n<h3>Vsestranska uporaba:<\/h3>\n<p>V razli\u010dnih panogah, od pomorstva do gradbeni\u0161tva in takeljegrafije, imajo naprstniki klju\u010dno vlogo. Ne glede na to, kje so va\u0161e \u017ei\u010dne vrvi na preizku\u0161nji, na\u0161i naprstniki poskrbijo, da se z izzivom spopadejo brez te\u017eav.<\/p>","protected":false},"excerpt":{"rendered":"<p>Na\u0161i naprstniki so izdelani iz visokokakovostnega nerjave\u010dega jekla in pocinkanega jekla ter so zasnovani tako, da vzdr\u017eijo najte\u017eje pogoje in zagotavljajo vrhunsko odpornost proti koroziji. Na\u0161i naprstniki, ki so idealni za razli\u010dne panoge, od pomorstva do gradbeni\u0161tva, so odli\u010dni pri prepre\u010devanju obrabe na kriti\u010dnih sti\u010dnih to\u010dkah in zagotavljajo nemoteno delovanje va\u0161ih \u017ei\u010dnih vrvi. Spoznajte neprimerljivo kakovost in zanesljivost na\u0161ih dodatkov za \u017ei\u010dne vrvi.<\/p>","protected":false},"featured_media":5783,"comment_status":"open","ping_status":"closed","template":"","meta":{"site-sidebar-layout":"default","site-content-layout":"","ast-site-content-layout":"default","site-content-style":"default","site-sidebar-style":"default","ast-global-header-display":"","ast-banner-title-visibility":"","ast-main-header-display":"","ast-hfb-above-header-display":"","ast-hfb-below-header-display":"","ast-hfb-mobile-header-display":"","site-post-title":"","ast-breadcrumbs-content":"","ast-featured-img":"","footer-sml-layout":"","theme-transparent-header-meta":"default","adv-header-id-meta":"","stick-header-meta":"default","header-above-stick-meta":"","header-main-stick-meta":"","header-below-stick-meta":"","astra-migrate-meta-layouts":"set","ast-page-background-enabled":"default","ast-page-background-meta":{"desktop":{"background-color":"","background-image":"","background-repeat":"repeat","background-position":"center center","background-size":"auto","background-attachment":"scroll","background-type":"","background-media":"","overlay-type":"","overlay-color":"","overlay-opacity":"","overlay-gradient":""},"tablet":{"background-color":"","background-image":"","background-repeat":"repeat","background-position":"center center","background-size":"auto","background-attachment":"scroll","background-type":"","background-media":"","overlay-type":"","overlay-color":"","overlay-opacity":"","overlay-gradient":""},"mobile":{"background-color":"","background-image":"","background-repeat":"repeat","background-position":"center center","background-size":"auto","background-attachment":"scroll","background-type":"","background-media":"","overlay-type":"","overlay-color":"","overlay-opacity":"","overlay-gradient":""}},"ast-content-background-meta":{"desktop":{"background-color":"var(--ast-global-color-5)","background-image":"","background-repeat":"repeat","background-position":"center center","background-size":"auto","background-attachment":"scroll","background-type":"","background-media":"","overlay-type":"","overlay-color":"","overlay-opacity":"","overlay-gradient":""},"tablet":{"background-color":"var(--ast-global-color-5)","background-image":"","background-repeat":"repeat","background-position":"center center","background-size":"auto","background-attachment":"scroll","background-type":"","background-media":"","overlay-type":"","overlay-color":"","overlay-opacity":"","overlay-gradient":""},"mobile":{"background-color":"var(--ast-global-color-5)","background-image":"","background-repeat":"repeat","background-position":"center center","background-size":"auto","background-attachment":"scroll","background-type":"","background-media":"","overlay-type":"","overlay-color":"","overlay-opacity":"","overlay-gradient":""}}},"product_brand":[],"product_cat":[37],"product_tag":[],"class_list":{"0":"post-5774","1":"product","2":"type-product","3":"status-publish","4":"has-post-thumbnail","6":"product_cat-wire-rope","7":"desktop-align-left","8":"tablet-align-left","9":"mobile-align-left","10":"ast-product-gallery-layout-horizontal-slider","11":"ast-product-tabs-layout-horizontal","13":"first","14":"instock","15":"shipping-taxable","16":"purchasable","17":"product-type-simple"},"yoast_head":"<!-- This site is optimized with the Yoast SEO plugin v25.2 - https:\/\/yoast.com\/wordpress\/plugins\/seo\/ -->\n<title>Wire Rope Tube Thimble<\/title>\n<meta name=\"description\" content=\"Crafted from high-grade stainless steel and galvanized steel, our thimbles are designed to withstand the toughest conditions, providing superior corrosion resistance.\" \/>\n<meta name=\"robots\" content=\"index, follow, max-snippet:-1, max-image-preview:large, max-video-preview:-1\" \/>\n<link rel=\"canonical\" href=\"https:\/\/qingdaohf.com\/sl\/izdelek\/pocinkana-zicna-vrv-iz-nerjavecega-jekla\/\" \/>\n<meta property=\"og:locale\" content=\"sl_SI\" \/>\n<meta property=\"og:type\" content=\"article\" \/>\n<meta property=\"og:title\" content=\"Wire Rope Tube Thimble\" \/>\n<meta property=\"og:description\" content=\"Crafted from high-grade stainless steel and galvanized steel, our thimbles are designed to withstand the toughest conditions, providing superior corrosion resistance.\" \/>\n<meta property=\"og:url\" content=\"https:\/\/qingdaohf.com\/sl\/izdelek\/pocinkana-zicna-vrv-iz-nerjavecega-jekla\/\" \/>\n<meta property=\"og:site_name\" content=\"Concrete Form &amp; Rigging Hardware Supplier\" \/>\n<meta property=\"article:publisher\" content=\"https:\/\/www.facebook.com\/qingdaohf\" \/>\n<meta property=\"article:modified_time\" content=\"2025-11-13T01:04:01+00:00\" \/>\n<meta property=\"og:image\" content=\"https:\/\/qingdaohf.com\/wp-content\/uploads\/2023\/11\/tube-thimble-4.jpg\" \/>\n\t<meta property=\"og:image:width\" content=\"800\" \/>\n\t<meta property=\"og:image:height\" content=\"800\" \/>\n\t<meta property=\"og:image:type\" content=\"image\/jpeg\" \/>\n<meta name=\"twitter:card\" content=\"summary_large_image\" \/>\n<meta name=\"twitter:label1\" content=\"Est. reading time\" \/>\n\t<meta name=\"twitter:data1\" content=\"2 minuti\" \/>\n<script type=\"application\/ld+json\" class=\"yoast-schema-graph\">{\"@context\":\"https:\/\/schema.org\",\"@graph\":[{\"@type\":\"WebPage\",\"@id\":\"https:\/\/qingdaohf.com\/product\/galvanized-stainless-steel-wire-rope-tube-thimble\/\",\"url\":\"https:\/\/qingdaohf.com\/product\/galvanized-stainless-steel-wire-rope-tube-thimble\/\",\"name\":\"Wire Rope Tube Thimble\",\"isPartOf\":{\"@id\":\"https:\/\/qingdaohf.com\/bg\/#website\"},\"primaryImageOfPage\":{\"@id\":\"https:\/\/qingdaohf.com\/product\/galvanized-stainless-steel-wire-rope-tube-thimble\/#primaryimage\"},\"image\":{\"@id\":\"https:\/\/qingdaohf.com\/product\/galvanized-stainless-steel-wire-rope-tube-thimble\/#primaryimage\"},\"thumbnailUrl\":\"https:\/\/qingdaohf.com\/wp-content\/uploads\/2023\/11\/tube-thimble-4.jpg\",\"datePublished\":\"2023-11-22T03:51:53+00:00\",\"dateModified\":\"2025-11-13T01:04:01+00:00\",\"description\":\"Crafted from high-grade stainless steel and galvanized steel, our thimbles are designed to withstand the toughest conditions, providing superior corrosion resistance.\",\"breadcrumb\":{\"@id\":\"https:\/\/qingdaohf.com\/product\/galvanized-stainless-steel-wire-rope-tube-thimble\/#breadcrumb\"},\"inLanguage\":\"sl-SI\",\"potentialAction\":[{\"@type\":\"ReadAction\",\"target\":[\"https:\/\/qingdaohf.com\/product\/galvanized-stainless-steel-wire-rope-tube-thimble\/\"]}]},{\"@type\":\"ImageObject\",\"inLanguage\":\"sl-SI\",\"@id\":\"https:\/\/qingdaohf.com\/product\/galvanized-stainless-steel-wire-rope-tube-thimble\/#primaryimage\",\"url\":\"https:\/\/qingdaohf.com\/wp-content\/uploads\/2023\/11\/tube-thimble-4.jpg\",\"contentUrl\":\"https:\/\/qingdaohf.com\/wp-content\/uploads\/2023\/11\/tube-thimble-4.jpg\",\"width\":800,\"height\":800,\"caption\":\"tube thimble\"},{\"@type\":\"BreadcrumbList\",\"@id\":\"https:\/\/qingdaohf.com\/product\/galvanized-stainless-steel-wire-rope-tube-thimble\/#breadcrumb\",\"itemListElement\":[{\"@type\":\"ListItem\",\"position\":1,\"name\":\"Home\",\"item\":\"https:\/\/qingdaohf.com\/\"},{\"@type\":\"ListItem\",\"position\":2,\"name\":\"Concrete Forming Accessories and Rigging Hardware\",\"item\":\"https:\/\/qingdaohf.com\/bg\/?page_id=944\"},{\"@type\":\"ListItem\",\"position\":3,\"name\":\"Wire Rope Tube Thimble\"}]},{\"@type\":\"WebSite\",\"@id\":\"https:\/\/qingdaohf.com\/bg\/#website\",\"url\":\"https:\/\/qingdaohf.com\/bg\/\",\"name\":\"Concrete Form & Rigging Hardware Supplier\",\"description\":\"\",\"publisher\":{\"@id\":\"https:\/\/qingdaohf.com\/bg\/#organization\"},\"potentialAction\":[{\"@type\":\"SearchAction\",\"target\":{\"@type\":\"EntryPoint\",\"urlTemplate\":\"https:\/\/qingdaohf.com\/bg\/?s={search_term_string}\"},\"query-input\":{\"@type\":\"PropertyValueSpecification\",\"valueRequired\":true,\"valueName\":\"search_term_string\"}}],\"inLanguage\":\"sl-SI\"},{\"@type\":\"Organization\",\"@id\":\"https:\/\/qingdaohf.com\/bg\/#organization\",\"name\":\"Qingdao H&F\",\"url\":\"https:\/\/qingdaohf.com\/bg\/\",\"logo\":{\"@type\":\"ImageObject\",\"inLanguage\":\"sl-SI\",\"@id\":\"https:\/\/qingdaohf.com\/bg\/#\/schema\/logo\/image\/\",\"url\":\"https:\/\/qingdaohf.com\/wp-content\/uploads\/2022\/12\/cropped-HF-LOGO.png\",\"contentUrl\":\"https:\/\/qingdaohf.com\/wp-content\/uploads\/2022\/12\/cropped-HF-LOGO.png\",\"width\":391,\"height\":249,\"caption\":\"Qingdao H&F\"},\"image\":{\"@id\":\"https:\/\/qingdaohf.com\/bg\/#\/schema\/logo\/image\/\"},\"sameAs\":[\"https:\/\/www.facebook.com\/qingdaohf\"]}]}<\/script>\n<!-- \/ Yoast SEO plugin. -->","yoast_head_json":{"title":"Wire Rope Tube Thimble","description":"Crafted from high-grade stainless steel and galvanized steel, our thimbles are designed to withstand the toughest conditions, providing superior corrosion resistance.","robots":{"index":"index","follow":"follow","max-snippet":"max-snippet:-1","max-image-preview":"max-image-preview:large","max-video-preview":"max-video-preview:-1"},"canonical":"https:\/\/qingdaohf.com\/sl\/izdelek\/pocinkana-zicna-vrv-iz-nerjavecega-jekla\/","og_locale":"sl_SI","og_type":"article","og_title":"Wire Rope Tube Thimble","og_description":"Crafted from high-grade stainless steel and galvanized steel, our thimbles are designed to withstand the toughest conditions, providing superior corrosion resistance.","og_url":"https:\/\/qingdaohf.com\/sl\/izdelek\/pocinkana-zicna-vrv-iz-nerjavecega-jekla\/","og_site_name":"Concrete Form &amp; Rigging Hardware Supplier","article_publisher":"https:\/\/www.facebook.com\/qingdaohf","article_modified_time":"2025-11-13T01:04:01+00:00","og_image":[{"width":800,"height":800,"url":"https:\/\/qingdaohf.com\/wp-content\/uploads\/2023\/11\/tube-thimble-4.jpg","type":"image\/jpeg"}],"twitter_card":"summary_large_image","twitter_misc":{"Est. reading time":"2 minuti"},"schema":{"@context":"https:\/\/schema.org","@graph":[{"@type":"WebPage","@id":"https:\/\/qingdaohf.com\/product\/galvanized-stainless-steel-wire-rope-tube-thimble\/","url":"https:\/\/qingdaohf.com\/product\/galvanized-stainless-steel-wire-rope-tube-thimble\/","name":"Wire Rope Tube Thimble","isPartOf":{"@id":"https:\/\/qingdaohf.com\/bg\/#website"},"primaryImageOfPage":{"@id":"https:\/\/qingdaohf.com\/product\/galvanized-stainless-steel-wire-rope-tube-thimble\/#primaryimage"},"image":{"@id":"https:\/\/qingdaohf.com\/product\/galvanized-stainless-steel-wire-rope-tube-thimble\/#primaryimage"},"thumbnailUrl":"https:\/\/qingdaohf.com\/wp-content\/uploads\/2023\/11\/tube-thimble-4.jpg","datePublished":"2023-11-22T03:51:53+00:00","dateModified":"2025-11-13T01:04:01+00:00","description":"Crafted from high-grade stainless steel and galvanized steel, our thimbles are designed to withstand the toughest conditions, providing superior corrosion resistance.","breadcrumb":{"@id":"https:\/\/qingdaohf.com\/product\/galvanized-stainless-steel-wire-rope-tube-thimble\/#breadcrumb"},"inLanguage":"sl-SI","potentialAction":[{"@type":"ReadAction","target":["https:\/\/qingdaohf.com\/product\/galvanized-stainless-steel-wire-rope-tube-thimble\/"]}]},{"@type":"ImageObject","inLanguage":"sl-SI","@id":"https:\/\/qingdaohf.com\/product\/galvanized-stainless-steel-wire-rope-tube-thimble\/#primaryimage","url":"https:\/\/qingdaohf.com\/wp-content\/uploads\/2023\/11\/tube-thimble-4.jpg","contentUrl":"https:\/\/qingdaohf.com\/wp-content\/uploads\/2023\/11\/tube-thimble-4.jpg","width":800,"height":800,"caption":"tube thimble"},{"@type":"BreadcrumbList","@id":"https:\/\/qingdaohf.com\/product\/galvanized-stainless-steel-wire-rope-tube-thimble\/#breadcrumb","itemListElement":[{"@type":"ListItem","position":1,"name":"Home","item":"https:\/\/qingdaohf.com\/"},{"@type":"ListItem","position":2,"name":"Concrete Forming Accessories and Rigging Hardware","item":"https:\/\/qingdaohf.com\/bg\/?page_id=944"},{"@type":"ListItem","position":3,"name":"Wire Rope Tube Thimble"}]},{"@type":"WebSite","@id":"https:\/\/qingdaohf.com\/bg\/#website","url":"https:\/\/qingdaohf.com\/bg\/","name":"Concrete Form & Rigging Hardware Supplier","description":"","publisher":{"@id":"https:\/\/qingdaohf.com\/bg\/#organization"},"potentialAction":[{"@type":"SearchAction","target":{"@type":"EntryPoint","urlTemplate":"https:\/\/qingdaohf.com\/bg\/?s={search_term_string}"},"query-input":{"@type":"PropertyValueSpecification","valueRequired":true,"valueName":"search_term_string"}}],"inLanguage":"sl-SI"},{"@type":"Organization","@id":"https:\/\/qingdaohf.com\/bg\/#organization","name":"Qingdao H&F","url":"https:\/\/qingdaohf.com\/bg\/","logo":{"@type":"ImageObject","inLanguage":"sl-SI","@id":"https:\/\/qingdaohf.com\/bg\/#\/schema\/logo\/image\/","url":"https:\/\/qingdaohf.com\/wp-content\/uploads\/2022\/12\/cropped-HF-LOGO.png","contentUrl":"https:\/\/qingdaohf.com\/wp-content\/uploads\/2022\/12\/cropped-HF-LOGO.png","width":391,"height":249,"caption":"Qingdao H&F"},"image":{"@id":"https:\/\/qingdaohf.com\/bg\/#\/schema\/logo\/image\/"},"sameAs":["https:\/\/www.facebook.com\/qingdaohf"]}]}},"_links":{"self":[{"href":"https:\/\/qingdaohf.com\/sl\/wp-json\/wp\/v2\/product\/5774","targetHints":{"allow":["GET"]}}],"collection":[{"href":"https:\/\/qingdaohf.com\/sl\/wp-json\/wp\/v2\/product"}],"about":[{"href":"https:\/\/qingdaohf.com\/sl\/wp-json\/wp\/v2\/types\/product"}],"replies":[{"embeddable":true,"href":"https:\/\/qingdaohf.com\/sl\/wp-json\/wp\/v2\/comments?post=5774"}],"version-history":[{"count":5,"href":"https:\/\/qingdaohf.com\/sl\/wp-json\/wp\/v2\/product\/5774\/revisions"}],"predecessor-version":[{"id":5785,"href":"https:\/\/qingdaohf.com\/sl\/wp-json\/wp\/v2\/product\/5774\/revisions\/5785"}],"wp:featuredmedia":[{"embeddable":true,"href":"https:\/\/qingdaohf.com\/sl\/wp-json\/wp\/v2\/media\/5783"}],"wp:attachment":[{"href":"https:\/\/qingdaohf.com\/sl\/wp-json\/wp\/v2\/media?parent=5774"}],"wp:term":[{"taxonomy":"product_brand","embeddable":true,"href":"https:\/\/qingdaohf.com\/sl\/wp-json\/wp\/v2\/product_brand?post=5774"},{"taxonomy":"product_cat","embeddable":true,"href":"https:\/\/qingdaohf.com\/sl\/wp-json\/wp\/v2\/product_cat?post=5774"},{"taxonomy":"product_tag","embeddable":true,"href":"https:\/\/qingdaohf.com\/sl\/wp-json\/wp\/v2\/product_tag?post=5774"}],"curies":[{"name":"wp","href":"https:\/\/api.w.org\/{rel}","templated":true}]}}