{"id":6226,"date":"2024-01-03T15:51:23","date_gmt":"2024-01-03T07:51:23","guid":{"rendered":"http:\/\/qingdaohf.com\/?post_type=product&#038;p=6226"},"modified":"2025-11-13T09:03:39","modified_gmt":"2025-11-13T01:03:39","slug":"woven-cord-strap","status":"publish","type":"product","link":"https:\/\/qingdaohf.com\/sl\/izdelek\/zavezovanje-s-trakovi\/","title":{"rendered":"Tkani poliesterski trak za trakove za pakiranje"},"content":{"rendered":"<div class=\"ast-oembed-container\" style=\"height: 100%;\"><iframe title=\"Polipropilenski trakovi\" width=\"500\" height=\"281\" src=\"https:\/\/www.youtube.com\/embed\/Bi0Ct6OI134?feature=oembed\" frameborder=\"0\" allow=\"accelerometer; autoplay; clipboard-write; encrypted-media; gyroscope; picture-in-picture; web-share\" referrerpolicy=\"strict-origin-when-cross-origin\" allowfullscreen><\/iframe><\/div>\n<h3>Poznavanje kriti\u010dnih lastnosti tkanih poliestrskih trakov za opasovanje z vrvjo<\/h3>\n<p>Tkani trakovi iz poliestrske vrvi so osnova vsake varne embala\u017ene re\u0161itve. Zaradi njihove trdnosti in vsestranskosti se v panogah, ki zahtevajo zanesljivo zavezovanje te\u017ekih tovorov ali tovorov nepravilnih oblik, ti trakovi pogosto uporabljajo. Trakovi, izdelani iz tesno prepletenih poliestrskih vlaken, zagotavljajo impresivno natezno trdnost, hkrati pa ohranjajo pro\u017enost. Za razliko od tradicionalnih jeklenih trakov, ki so lahko nagnjeni k rjavenju ali celo po\u0161kodujejo ob\u010dutljive povr\u0161ine, ta vrsta poliestrskih trakov zagotavlja gladko, a mo\u010dno alternativo, ki odli\u010dno ohranja celovitost blaga.<\/p>\n<p>Ta material je postal priljubljen v ve\u010d vodilnih panogah, vklju\u010dno z logistiko, gradbeni\u0161tvom in proizvodnjo, kjer so izdelki izpostavljeni grobemu ravnanju, ne da bi pri tem ogrozili varnost ali stabilnost. Kupci cenijo svoje nalo\u017ebe v embala\u017eo, zato potrebujejo trakove, ki bodo natan\u010dno ustrezali njihovim operativnim zahtevam, hkrati pa bodo resni\u010dno u\u010dinkoviti in stro\u0161kovno u\u010dinkoviti.<\/p>\n<h3>Prednosti opasovanja z visoko trdnostno poliestrsko vrvjo<\/h3>\n<p>Tkani trakovi iz poliestrske vrvi so najbolj\u0161i v smislu vzdr\u017eljivosti in zato popolnoma primerni za zavarovanje tovora v dinami\u010dnih pogojih. Zaradi svoje posebne tkane strukture lahko absorbirajo udarce in vibracije, kar je zelo pomembno pri prevozu krhkega ali te\u017ekega blaga na dolge razdalje. Trakovi so tudi elasti\u010dni; to je pomembno, saj je tovor \u0161e vedno trdno pritrjen, tudi \u010de se med prevozom nekoliko premakne.<\/p>\n<p>Poleg tega je rokovanje s poliestrskimi trakovi zaradi njihove lahkotnosti enostavno. V primerjavi z jeklenimi podobnimi trakovi je z njim veliko la\u017eje ravnati, zato pri ravnanju z njim ne prihaja do izjemnih obremenitev delovne sile in se pove\u010da u\u010dinkovitost pri delu. \u0160e ena klju\u010dna prednost je njegova okoljska odpornost; poliestrski trakovi so odporni na razgradnjo ob izpostavljenosti vlagi, UV-\u017earkom ali spreminjajo\u010dim se temperaturam, zato so rezultati pri uporabi v zunanjem skladi\u0161\u010denju ali tranzitu odli\u010dni.<br \/>\nV podjetju Qingdao H&amp;F strogo preverjamo svoje trakove za zavezovanje poliestra, da bi izpolnili najvi\u0161je standarde v industriji. Kupci lahko pri\u010dakujejo podrobna poro\u010dila o pregledu kakovosti za vsako serijo, kar zagotavlja popolno preglednost glede zanesljivosti izdelkov. S tem in hitrimi dobavnimi roki vam zagotavljamo, da bodo va\u0161e poslovne dejavnosti potekale brez zamud.<\/p>\n<h3>Zakaj izbrati Qingdao H&amp;F za va\u0161e potrebe po poliestrskih trakovih?<\/h3>\n<p>Pravi dobavitelj je prav tako pomemben kot izbira samega izdelka. V tem pogledu je podjetje Qingdao H&amp;F neprekosljivo in popolnoma ustreza potrebam kupcev. Z 20-letnimi izku\u0161njami na podro\u010dju zunanje trgovine prepoznavamo tiste klju\u010dne dejavnike, ki vodijo nakupne odlo\u010ditve: od trajnosti izdelka in stro\u0161kovne u\u010dinkovitosti do pravo\u010dasne dobave in prilagojene podpore, odli\u010dnost v vsaki malenkosti. Zavezanost individualnim storitvam za stranke nas odlikuje. Vsaka stranka ima na voljo eno kontaktno to\u010dko, ki pomaga re\u0161iti morebitna vpra\u0161anja ali zagotovi posodobljeno pomo\u010d pri prilagajanju re\u0161itev posebnim zahtevam. Ta osebni pristop zagotavlja, da je nakup opravljen brezhibno. Poleg tega nam mo\u010dan sistem upravljanja dobavne verige omogo\u010da pravo\u010dasno dobavo tudi pri projektih s strogimi roki, ne da bi pri tem ogrozili kakovost. Kupcem, ki se zavedajo kakovosti, zagotavljamo podrobna poro\u010dila o pregledih, tako da so lahko prepri\u010dani, da vsaka serija izdelkov izpolnjuje predpisane standarde. Poro\u010dilo gradi zaupanje in strankam omogo\u010da, da sprejemajo samozavestne in informirane odlo\u010ditve.<\/p>\n<p>To dokazuje, da so trakovi za zavezovanje z visoko trdnostjo iz tkanih poliestrskih vrvic vsekakor inovativen izdelek za industrijo, ki potrebuje zanesljive embala\u017ene materiale. Poudarek je na trdnosti, odpornosti in prilagodljivosti teh trakov za razli\u010dne namene, hkrati pa se zmanj\u0161ujejo tveganja, povezana z zavarovanjem tovora. Skupaj s podjetjem Qingdao H&amp;F lahko kupcem zagotovi vrhunske izdelke, podprte z industrijskim strokovnim znanjem, hitrimi dobavnimi cikli in nespremenljivo podporo strankam. Ne glede na to, ali se ukvarjate z zapleteno logistiko ali posku\u0161ate re\u0161iti dolo\u010dene operativne izzive, so na\u0161e prilagojene re\u0161itve in poglobljena spoznanja temelj, na katerem temelji va\u0161 uspeh pri pakiranju.<\/p>","protected":false},"excerpt":{"rendered":"<p>Tkani trakovi iz poliestra z visoko trdnostjo zagotavljajo industriji u\u010dinkovite in zanesljive re\u0161itve za pakiranje. Ti trakovi so znani po svoji trpe\u017enosti in omogo\u010dajo u\u010dinkovito pritrjevanje te\u017ekih tovorov ter so zelo odporni proti lomljenju in raztezanju med prevozom. Ve\u010dina kupcev po nakupu zanesljivih embala\u017enih materialov upo\u0161teva zmogljivost izdelka, zdru\u017eljivost z vsemi vrstami orodij za zavezovanje trakov in odpornost na okoljske dejavnike, kot je vlaga. \u017de 20 let smo zaupanja vredno trgovsko podjetje. Podjetje Qingdao H&amp;F se odlikuje po tem, da strankam ponuja prilagojene, individualne storitve, kar zagotavlja, da vsaka stranka dobi pravo\u010dasno. Hitri dobavni cikli in iz\u010drpna poro\u010dila o pregledih kakovosti bodo okrepili va\u0161e zaupanje, da nas boste izbrali za svoje embala\u017ene re\u0161itve.<\/p>","protected":false},"featured_media":6225,"comment_status":"open","ping_status":"closed","template":"","meta":{"site-sidebar-layout":"default","site-content-layout":"","ast-site-content-layout":"default","site-content-style":"default","site-sidebar-style":"default","ast-global-header-display":"","ast-banner-title-visibility":"","ast-main-header-display":"","ast-hfb-above-header-display":"","ast-hfb-below-header-display":"","ast-hfb-mobile-header-display":"","site-post-title":"","ast-breadcrumbs-content":"","ast-featured-img":"","footer-sml-layout":"","theme-transparent-header-meta":"default","adv-header-id-meta":"","stick-header-meta":"default","header-above-stick-meta":"","header-main-stick-meta":"","header-below-stick-meta":"","astra-migrate-meta-layouts":"set","ast-page-background-enabled":"default","ast-page-background-meta":{"desktop":{"background-color":"","background-image":"","background-repeat":"repeat","background-position":"center center","background-size":"auto","background-attachment":"scroll","background-type":"","background-media":"","overlay-type":"","overlay-color":"","overlay-opacity":"","overlay-gradient":""},"tablet":{"background-color":"","background-image":"","background-repeat":"repeat","background-position":"center center","background-size":"auto","background-attachment":"scroll","background-type":"","background-media":"","overlay-type":"","overlay-color":"","overlay-opacity":"","overlay-gradient":""},"mobile":{"background-color":"","background-image":"","background-repeat":"repeat","background-position":"center center","background-size":"auto","background-attachment":"scroll","background-type":"","background-media":"","overlay-type":"","overlay-color":"","overlay-opacity":"","overlay-gradient":""}},"ast-content-background-meta":{"desktop":{"background-color":"var(--ast-global-color-5)","background-image":"","background-repeat":"repeat","background-position":"center center","background-size":"auto","background-attachment":"scroll","background-type":"","background-media":"","overlay-type":"","overlay-color":"","overlay-opacity":"","overlay-gradient":""},"tablet":{"background-color":"var(--ast-global-color-5)","background-image":"","background-repeat":"repeat","background-position":"center center","background-size":"auto","background-attachment":"scroll","background-type":"","background-media":"","overlay-type":"","overlay-color":"","overlay-opacity":"","overlay-gradient":""},"mobile":{"background-color":"var(--ast-global-color-5)","background-image":"","background-repeat":"repeat","background-position":"center center","background-size":"auto","background-attachment":"scroll","background-type":"","background-media":"","overlay-type":"","overlay-color":"","overlay-opacity":"","overlay-gradient":""}}},"product_brand":[],"product_cat":[51,69],"product_tag":[],"class_list":{"0":"post-6226","1":"product","2":"type-product","3":"status-publish","4":"has-post-thumbnail","6":"product_cat-riggging-hardware","7":"product_cat-strapping","8":"desktop-align-left","9":"tablet-align-left","10":"mobile-align-left","11":"ast-product-gallery-layout-horizontal-slider","12":"ast-product-tabs-layout-horizontal","14":"first","15":"instock","16":"shipping-taxable","17":"purchasable","18":"product-type-simple"},"yoast_head":"<!-- This site is optimized with the Yoast SEO plugin v25.2 - https:\/\/yoast.com\/wordpress\/plugins\/seo\/ -->\n<title>Woven Polyester Cord Strapping Band for Packaging<\/title>\n<meta name=\"description\" content=\"High-strength woven polyester cord strapping bands provide industries with efficient and trustworthy packaging solutions.\" \/>\n<meta name=\"robots\" content=\"index, follow, max-snippet:-1, max-image-preview:large, max-video-preview:-1\" \/>\n<link rel=\"canonical\" href=\"https:\/\/qingdaohf.com\/sl\/izdelek\/zavezovanje-s-trakovi\/\" \/>\n<meta property=\"og:locale\" content=\"sl_SI\" \/>\n<meta property=\"og:type\" content=\"article\" \/>\n<meta property=\"og:title\" content=\"Woven Polyester Cord Strapping Band for Packaging\" \/>\n<meta property=\"og:description\" content=\"High-strength woven polyester cord strapping bands provide industries with efficient and trustworthy packaging solutions.\" \/>\n<meta property=\"og:url\" content=\"https:\/\/qingdaohf.com\/sl\/izdelek\/zavezovanje-s-trakovi\/\" \/>\n<meta property=\"og:site_name\" content=\"Concrete Form &amp; Rigging Hardware Supplier\" \/>\n<meta property=\"article:publisher\" content=\"https:\/\/www.facebook.com\/qingdaohf\" \/>\n<meta property=\"article:modified_time\" content=\"2025-11-13T01:03:39+00:00\" \/>\n<meta property=\"og:image\" content=\"https:\/\/qingdaohf.com\/wp-content\/uploads\/2024\/01\/strapping-roll-2.webp\" \/>\n\t<meta property=\"og:image:width\" content=\"1000\" \/>\n\t<meta property=\"og:image:height\" content=\"1000\" \/>\n\t<meta property=\"og:image:type\" content=\"image\/webp\" \/>\n<meta name=\"twitter:card\" content=\"summary_large_image\" \/>\n<meta name=\"twitter:label1\" content=\"Est. reading time\" \/>\n\t<meta name=\"twitter:data1\" content=\"3 minute\" \/>\n<script type=\"application\/ld+json\" class=\"yoast-schema-graph\">{\"@context\":\"https:\/\/schema.org\",\"@graph\":[{\"@type\":\"WebPage\",\"@id\":\"https:\/\/qingdaohf.com\/product\/woven-cord-strap\/\",\"url\":\"https:\/\/qingdaohf.com\/product\/woven-cord-strap\/\",\"name\":\"Woven Polyester Cord Strapping Band for Packaging\",\"isPartOf\":{\"@id\":\"https:\/\/qingdaohf.com\/bg\/#website\"},\"primaryImageOfPage\":{\"@id\":\"https:\/\/qingdaohf.com\/product\/woven-cord-strap\/#primaryimage\"},\"image\":{\"@id\":\"https:\/\/qingdaohf.com\/product\/woven-cord-strap\/#primaryimage\"},\"thumbnailUrl\":\"https:\/\/qingdaohf.com\/wp-content\/uploads\/2024\/01\/strapping-roll-2.webp\",\"datePublished\":\"2024-01-03T07:51:23+00:00\",\"dateModified\":\"2025-11-13T01:03:39+00:00\",\"description\":\"High-strength woven polyester cord strapping bands provide industries with efficient and trustworthy packaging solutions.\",\"breadcrumb\":{\"@id\":\"https:\/\/qingdaohf.com\/product\/woven-cord-strap\/#breadcrumb\"},\"inLanguage\":\"sl-SI\",\"potentialAction\":[{\"@type\":\"ReadAction\",\"target\":[\"https:\/\/qingdaohf.com\/product\/woven-cord-strap\/\"]}]},{\"@type\":\"ImageObject\",\"inLanguage\":\"sl-SI\",\"@id\":\"https:\/\/qingdaohf.com\/product\/woven-cord-strap\/#primaryimage\",\"url\":\"https:\/\/qingdaohf.com\/wp-content\/uploads\/2024\/01\/strapping-roll-2.webp\",\"contentUrl\":\"https:\/\/qingdaohf.com\/wp-content\/uploads\/2024\/01\/strapping-roll-2.webp\",\"width\":1000,\"height\":1000,\"caption\":\"strapping roll\"},{\"@type\":\"BreadcrumbList\",\"@id\":\"https:\/\/qingdaohf.com\/product\/woven-cord-strap\/#breadcrumb\",\"itemListElement\":[{\"@type\":\"ListItem\",\"position\":1,\"name\":\"Home\",\"item\":\"https:\/\/qingdaohf.com\/\"},{\"@type\":\"ListItem\",\"position\":2,\"name\":\"Concrete Forming Accessories and Rigging Hardware\",\"item\":\"https:\/\/qingdaohf.com\/bg\/?page_id=944\"},{\"@type\":\"ListItem\",\"position\":3,\"name\":\"Woven Polyester Cord Strapping Band for Packaging\"}]},{\"@type\":\"WebSite\",\"@id\":\"https:\/\/qingdaohf.com\/bg\/#website\",\"url\":\"https:\/\/qingdaohf.com\/bg\/\",\"name\":\"Concrete Form & Rigging Hardware Supplier\",\"description\":\"\",\"publisher\":{\"@id\":\"https:\/\/qingdaohf.com\/bg\/#organization\"},\"potentialAction\":[{\"@type\":\"SearchAction\",\"target\":{\"@type\":\"EntryPoint\",\"urlTemplate\":\"https:\/\/qingdaohf.com\/bg\/?s={search_term_string}\"},\"query-input\":{\"@type\":\"PropertyValueSpecification\",\"valueRequired\":true,\"valueName\":\"search_term_string\"}}],\"inLanguage\":\"sl-SI\"},{\"@type\":\"Organization\",\"@id\":\"https:\/\/qingdaohf.com\/bg\/#organization\",\"name\":\"Qingdao H&F\",\"url\":\"https:\/\/qingdaohf.com\/bg\/\",\"logo\":{\"@type\":\"ImageObject\",\"inLanguage\":\"sl-SI\",\"@id\":\"https:\/\/qingdaohf.com\/bg\/#\/schema\/logo\/image\/\",\"url\":\"https:\/\/qingdaohf.com\/wp-content\/uploads\/2022\/12\/cropped-HF-LOGO.png\",\"contentUrl\":\"https:\/\/qingdaohf.com\/wp-content\/uploads\/2022\/12\/cropped-HF-LOGO.png\",\"width\":391,\"height\":249,\"caption\":\"Qingdao H&F\"},\"image\":{\"@id\":\"https:\/\/qingdaohf.com\/bg\/#\/schema\/logo\/image\/\"},\"sameAs\":[\"https:\/\/www.facebook.com\/qingdaohf\"]}]}<\/script>\n<!-- \/ Yoast SEO plugin. -->","yoast_head_json":{"title":"Woven Polyester Cord Strapping Band for Packaging","description":"High-strength woven polyester cord strapping bands provide industries with efficient and trustworthy packaging solutions.","robots":{"index":"index","follow":"follow","max-snippet":"max-snippet:-1","max-image-preview":"max-image-preview:large","max-video-preview":"max-video-preview:-1"},"canonical":"https:\/\/qingdaohf.com\/sl\/izdelek\/zavezovanje-s-trakovi\/","og_locale":"sl_SI","og_type":"article","og_title":"Woven Polyester Cord Strapping Band for Packaging","og_description":"High-strength woven polyester cord strapping bands provide industries with efficient and trustworthy packaging solutions.","og_url":"https:\/\/qingdaohf.com\/sl\/izdelek\/zavezovanje-s-trakovi\/","og_site_name":"Concrete Form &amp; Rigging Hardware Supplier","article_publisher":"https:\/\/www.facebook.com\/qingdaohf","article_modified_time":"2025-11-13T01:03:39+00:00","og_image":[{"width":1000,"height":1000,"url":"https:\/\/qingdaohf.com\/wp-content\/uploads\/2024\/01\/strapping-roll-2.webp","type":"image\/webp"}],"twitter_card":"summary_large_image","twitter_misc":{"Est. reading time":"3 minute"},"schema":{"@context":"https:\/\/schema.org","@graph":[{"@type":"WebPage","@id":"https:\/\/qingdaohf.com\/product\/woven-cord-strap\/","url":"https:\/\/qingdaohf.com\/product\/woven-cord-strap\/","name":"Woven Polyester Cord Strapping Band for Packaging","isPartOf":{"@id":"https:\/\/qingdaohf.com\/bg\/#website"},"primaryImageOfPage":{"@id":"https:\/\/qingdaohf.com\/product\/woven-cord-strap\/#primaryimage"},"image":{"@id":"https:\/\/qingdaohf.com\/product\/woven-cord-strap\/#primaryimage"},"thumbnailUrl":"https:\/\/qingdaohf.com\/wp-content\/uploads\/2024\/01\/strapping-roll-2.webp","datePublished":"2024-01-03T07:51:23+00:00","dateModified":"2025-11-13T01:03:39+00:00","description":"High-strength woven polyester cord strapping bands provide industries with efficient and trustworthy packaging solutions.","breadcrumb":{"@id":"https:\/\/qingdaohf.com\/product\/woven-cord-strap\/#breadcrumb"},"inLanguage":"sl-SI","potentialAction":[{"@type":"ReadAction","target":["https:\/\/qingdaohf.com\/product\/woven-cord-strap\/"]}]},{"@type":"ImageObject","inLanguage":"sl-SI","@id":"https:\/\/qingdaohf.com\/product\/woven-cord-strap\/#primaryimage","url":"https:\/\/qingdaohf.com\/wp-content\/uploads\/2024\/01\/strapping-roll-2.webp","contentUrl":"https:\/\/qingdaohf.com\/wp-content\/uploads\/2024\/01\/strapping-roll-2.webp","width":1000,"height":1000,"caption":"strapping roll"},{"@type":"BreadcrumbList","@id":"https:\/\/qingdaohf.com\/product\/woven-cord-strap\/#breadcrumb","itemListElement":[{"@type":"ListItem","position":1,"name":"Home","item":"https:\/\/qingdaohf.com\/"},{"@type":"ListItem","position":2,"name":"Concrete Forming Accessories and Rigging Hardware","item":"https:\/\/qingdaohf.com\/bg\/?page_id=944"},{"@type":"ListItem","position":3,"name":"Woven Polyester Cord Strapping Band for Packaging"}]},{"@type":"WebSite","@id":"https:\/\/qingdaohf.com\/bg\/#website","url":"https:\/\/qingdaohf.com\/bg\/","name":"Concrete Form & Rigging Hardware Supplier","description":"","publisher":{"@id":"https:\/\/qingdaohf.com\/bg\/#organization"},"potentialAction":[{"@type":"SearchAction","target":{"@type":"EntryPoint","urlTemplate":"https:\/\/qingdaohf.com\/bg\/?s={search_term_string}"},"query-input":{"@type":"PropertyValueSpecification","valueRequired":true,"valueName":"search_term_string"}}],"inLanguage":"sl-SI"},{"@type":"Organization","@id":"https:\/\/qingdaohf.com\/bg\/#organization","name":"Qingdao H&F","url":"https:\/\/qingdaohf.com\/bg\/","logo":{"@type":"ImageObject","inLanguage":"sl-SI","@id":"https:\/\/qingdaohf.com\/bg\/#\/schema\/logo\/image\/","url":"https:\/\/qingdaohf.com\/wp-content\/uploads\/2022\/12\/cropped-HF-LOGO.png","contentUrl":"https:\/\/qingdaohf.com\/wp-content\/uploads\/2022\/12\/cropped-HF-LOGO.png","width":391,"height":249,"caption":"Qingdao H&F"},"image":{"@id":"https:\/\/qingdaohf.com\/bg\/#\/schema\/logo\/image\/"},"sameAs":["https:\/\/www.facebook.com\/qingdaohf"]}]}},"_links":{"self":[{"href":"https:\/\/qingdaohf.com\/sl\/wp-json\/wp\/v2\/product\/6226","targetHints":{"allow":["GET"]}}],"collection":[{"href":"https:\/\/qingdaohf.com\/sl\/wp-json\/wp\/v2\/product"}],"about":[{"href":"https:\/\/qingdaohf.com\/sl\/wp-json\/wp\/v2\/types\/product"}],"replies":[{"embeddable":true,"href":"https:\/\/qingdaohf.com\/sl\/wp-json\/wp\/v2\/comments?post=6226"}],"version-history":[{"count":11,"href":"https:\/\/qingdaohf.com\/sl\/wp-json\/wp\/v2\/product\/6226\/revisions"}],"predecessor-version":[{"id":8881,"href":"https:\/\/qingdaohf.com\/sl\/wp-json\/wp\/v2\/product\/6226\/revisions\/8881"}],"wp:featuredmedia":[{"embeddable":true,"href":"https:\/\/qingdaohf.com\/sl\/wp-json\/wp\/v2\/media\/6225"}],"wp:attachment":[{"href":"https:\/\/qingdaohf.com\/sl\/wp-json\/wp\/v2\/media?parent=6226"}],"wp:term":[{"taxonomy":"product_brand","embeddable":true,"href":"https:\/\/qingdaohf.com\/sl\/wp-json\/wp\/v2\/product_brand?post=6226"},{"taxonomy":"product_cat","embeddable":true,"href":"https:\/\/qingdaohf.com\/sl\/wp-json\/wp\/v2\/product_cat?post=6226"},{"taxonomy":"product_tag","embeddable":true,"href":"https:\/\/qingdaohf.com\/sl\/wp-json\/wp\/v2\/product_tag?post=6226"}],"curies":[{"name":"wp","href":"https:\/\/api.w.org\/{rel}","templated":true}]}}