{"id":6443,"date":"2024-02-02T14:30:53","date_gmt":"2024-02-02T06:30:53","guid":{"rendered":"http:\/\/qingdaohf.com\/?post_type=product&#038;p=6443"},"modified":"2025-11-13T09:03:39","modified_gmt":"2025-11-13T01:03:39","slug":"wholesale-d-shackle-chain-shackle-for-lifting","status":"publish","type":"product","link":"https:\/\/qingdaohf.com\/sl\/izdelek\/veleprodaja-d-okovi-verige-okovi-za-dviganje\/","title":{"rendered":"Trgovina na debelo D Shackle Chain Shackle za dviganje"},"content":{"rendered":"<p>Okovi D so klju\u010dni sestavni deli v industriji okovja in dvi\u017enih naprav, ki so cenjeni zaradi svoje stabilnosti in trdnosti pri aplikacijah z visokimi obremenitvami. S svojo zna\u010dilno U-obliko in varnim zapiranjem s \u010depi zagotavljajo zanesljivo povezavo za \u0161tevilne naloge dvigovanja, dvigovanja in vleke. Okovi D G210 in G2150 podjetja Qingdao H&amp;F so eni izmed najbolj priljubljenih modelov na trgu, ki so zaradi svoje trdnosti, vzdr\u017eljivosti in prilagodljivosti priljubljeni pri strokovnjakih iz razli\u010dnih sektorjev.<\/p>\n<p>Modela G210 in G2150 sta zasnovana za prena\u0161anje te\u017ekih bremen, pri \u010demer ohranjata visoko raven varnosti in stabilnosti. Model G210, ki je znan po svoji vsestranskosti in zaobljeni obliki, se pogosto uporablja pri postavitvah, ki zahtevajo prilagodljivost. Nasprotno pa je model G2150 z izjemno te\u017eko konstrukcijo zasnovan za bolj ekstremne uporabe, saj ponuja izbolj\u0161ane zmogljivosti prena\u0161anja bremen za vi\u0161je meje delovne obremenitve (WLL). Vsak model je izdelan po natan\u010dnih specifikacijah, kar zagotavlja zdru\u017eljivost z razli\u010dnimi sistemi okovja in visoko raven zmogljivosti pod pritiskom.<\/p>\n<p>Kot zaupanja vreden veletrgovec z okovi D je podjetje Qingdao H&amp;F zavezano zagotavljanju vrhunskih izdelkov, ki izpolnjujejo stroge zahteve strokovnjakov za dvigovanje in opremljanje. Z razli\u010dnimi velikostmi in WLL, od 0,33 tone do 150 ton in velikostmi od 1\/4 palca do 3 palcev, je na\u0161a zaloga namenjena kupcem, ki i\u0161\u010dejo zanesljive re\u0161itve za projekte vseh obsegov.<\/p>\n<h3>Prednosti izbire Qingdao H&amp;F: prilagojene storitve in u\u010dinkovita dobava<\/h3>\n<p>V podjetju Qingdao H&amp;F se zavedamo, kako pomembna je brezhibna in u\u010dinkovita nakupna izku\u0161nja. Kupci dajejo prednost kakovosti, hitrosti in zaupanju v svoje dobavitelje, zato smo vzpostavili pristop k storitvam, osredoto\u010den na stranke. Vsaka stranka ima koristi od na\u0161e individualne storitve za stranke, kjer jim posebna podpora zagotavlja, da najdejo najprimernej\u0161i model okovja za svoje posebne potrebe. Tesno sodelujemo s kupci, da bi razumeli njihove projektne zahteve, in jim pomagamo pri izbiri med vsestranskim modelom G210 ali zmogljivim modelom G2150, ki sta splo\u0161no priznana zaradi svoje zanesljivosti v zahtevnih okoljih.<\/p>\n<p>Poleg kakovosti izdelkov na\u0161 model storitev poudarja hitre dobavne cikle in popolno preglednost, saj ob vsaki po\u0161iljki zagotovimo poro\u010dila o pregledu kakovosti. V teh poro\u010dilih so podrobno opisane specifikacije, zmogljivost in varnostni standardi na\u0161ih okovov, tako da so kupci prepri\u010dani o svojem nakupu in o pripravljenosti izdelka za takoj\u0161njo uporabo. Z zagotavljanjem u\u010dinkovite logistike in poenostavljenega procesa storitev dru\u017eba Qingdao H&amp;F zmanj\u0161uje zamude in pomaga strankam ohranjati zagon njihovih projektov.<\/p>\n<p>Zaupanje na\u0161ih strank temelji na na\u0161i predanosti zagotavljanju visokokakovostnih izdelkov, ki jih podpira odzivna ekipa, ki se zaveda, kako pomembne so aplikacije za dvigovanje te\u017ekih bremen. Pri podjetju Qingdao H&amp;F kupci izkusijo proaktiven pristop k re\u0161itvam za dvigovanje, ki je osredoto\u010den na u\u010dinkovitost, kakovost in zanesljivost.<\/p>\n<h3>G210 in G2150 D Okovi: Razpon mejnih delovnih obremenitev in velikosti<\/h3>\n<p>Razli\u010dne potrebe projektov zahtevajo \u0161irok izbor velikosti in mejnih vrednosti delovne obremenitve (WLL), na\u0161i okovi G210 in G2150 pa ponujajo prav to prilagodljivost. Vsak model je na voljo z WLL od 0,33 tone do 150 ton, kar kupcem omogo\u010da, da izberejo okove, ki najbolje ustrezajo posebnim zahtevam njihovih aplikacij. Zaradi te obse\u017ene ponudbe so na\u0161e okovi idealni tako za la\u017eje naloge pri pritrjevanju kot za najzahtevnej\u0161e aplikacije, saj zagotavljajo prilagodljivost, ne da bi pri tem ogrozili zmogljivost.<\/p>\n<p>Na\u0161i okovi G210 in G2150 so na voljo tudi v razli\u010dnih velikostih, od 1\/4 palca do 3 palcev. Model G210, za katerega je zna\u010dilna bolj kompaktna zasnova, je primeren za zmerne dvi\u017ene naloge, pri katerih je potrebna prilagodljivost. Medtem je model G2150 zasnovan za aplikacije z ve\u010djo trdnostjo in dodatno vzdr\u017eljivostjo, da zdr\u017ei najintenzivnej\u0161e pogoje dvigovanja. Vsaka velikost okovov je podvr\u017eena skrbnemu postopku umerjanja, da se zagotovita enotna kakovost in zmogljivost, zato lahko kupci zaupajo v dosledne rezultate ne glede na zahteve projekta.<\/p>\n<p>Z modeloma G210 in G2150 imajo kupci dostop do okovov, ki so kos razli\u010dnim izzivom na podro\u010dju okovja in zagotavljajo zanesljivo podporo pri zapletenih projektih. Ta modela slovita kot izjemno zmogljiva, zato sta prednostna izbira za strokovnjake na podro\u010dju okovja.<\/p>\n<p><strong>Okov G210<\/strong><\/p>\n<p><img fetchpriority=\"high\" decoding=\"async\" class=\"alignnone size-full wp-image-3813\" src=\"http:\/\/qingdaohf.com\/wp-content\/uploads\/2023\/05\/G209-G210-shackle.jpg\" alt=\"G209 G210 oklep\" width=\"1000\" height=\"1296\" srcset=\"https:\/\/qingdaohf.com\/wp-content\/uploads\/2023\/05\/G209-G210-shackle.jpg 1000w, https:\/\/qingdaohf.com\/wp-content\/uploads\/2023\/05\/G209-G210-shackle-231x300.jpg 231w, https:\/\/qingdaohf.com\/wp-content\/uploads\/2023\/05\/G209-G210-shackle-790x1024.jpg 790w, https:\/\/qingdaohf.com\/wp-content\/uploads\/2023\/05\/G209-G210-shackle-768x995.jpg 768w\" sizes=\"(max-width: 1000px) 100vw, 1000px\" \/><\/p>\n<p><strong>Okov G2150<\/strong><\/p>\n<p>&nbsp;<\/p>\n<p><img decoding=\"async\" class=\"alignnone size-full wp-image-3817\" src=\"http:\/\/qingdaohf.com\/wp-content\/uploads\/2023\/05\/2150.jpg\" alt=\"2150 okov\" width=\"1000\" height=\"950\" srcset=\"https:\/\/qingdaohf.com\/wp-content\/uploads\/2023\/05\/2150.jpg 1000w, https:\/\/qingdaohf.com\/wp-content\/uploads\/2023\/05\/2150-300x285.jpg 300w, https:\/\/qingdaohf.com\/wp-content\/uploads\/2023\/05\/2150-768x730.jpg 768w\" sizes=\"(max-width: 1000px) 100vw, 1000px\" \/><\/p>\n<h3>Standardi kakovosti in varnosti: Strogo testiranje za zanesljivo delovanje<\/h3>\n<p>Varnost in kakovost sta temeljna vidika na\u0161ega proizvodnega procesa v podjetju Qingdao H&amp;F. Vsak okov G210 in G2150 D je podvr\u017een strogemu nadzoru kakovosti, ki zagotavlja, da izpolnjuje mednarodne varnostne standarde. Zavedamo se, da imajo okovi D klju\u010dno vlogo pri prena\u0161anju bremen, zato so na\u0161i izdelki preizku\u0161eni, da zagotavljajo stalno zmogljivost pod pritiskom. Od za\u010detne proizvodnje do kon\u010dnega pregleda ohranjamo temeljit pristop k zagotavljanju kakovosti, zato lahko kupci zaupajo izdelkom.<\/p>\n<p>Na\u0161e okove D so izdelane tako, da so odporne proti obrabi, koroziji in drugim dejavnikom, ki bi lahko ogrozili delovanje v te\u017ekih razmerah. Na\u0161i modeli G210 in G2150 so zasnovani tako, da zagotavljajo zanesljivo trdnost pri dolgotrajni uporabi, ne glede na to, ali se uporabljajo v gradbeni\u0161tvu, pri industrijskem dviganju ali v pomorstvu. Na\u0161a zavezanost kakovosti presega sam izdelek, saj ob vsaki po\u0161iljki ponujamo podrobna poro\u010dila o pregledu kakovosti, kar kupcem omogo\u010da popolno preglednost specifikacij in varnostnih standardov vsakega oklepa, ki ga kupijo.<\/p>\n<p>Z vzdr\u017eevanjem visokih standardov v celotnem proizvodnem procesu in ponujanjem jasnih in dostopnih informacij o izdelkih dru\u017eba Qingdao H&amp;F \u0161e naprej postavlja visoka merila kakovosti in varnosti v industriji strojne opreme za okovje.<\/p>\n<h3>Zaklju\u010dek o okovju D<\/h3>\n<p>Okovi G210 in G2150 D podjetja Qingdao H&amp;F kupcem ponujajo zanesljive re\u0161itve za njihove potrebe pri dvigovanju in opremljanju. Ti modeli, zasnovani z vsestranskostjo in trdnostjo, izpolnjujejo zahteve razli\u010dnih industrijskih panog, od gradbeni\u0161tva do pomorstva. Kupci zaupajo na\u0161im okovom D, ki zagotavljajo stalno zmogljivost, podprto z na\u0161o zavezanostjo k storitvam, osredoto\u010denim na stranke, hitri dostavi in preglednemu poro\u010danju o kakovosti. S podjetjem Qingdao H&amp;F kupci ne vlagajo le v trpe\u017eno, visoko zmogljivo strojno opremo, temve\u010d tudi v partnerstvo, ki temelji na zaupanju, strokovnem znanju in predanosti uspehu strank. Kupce vabimo, da odkrijejo razliko, ki jo lahko na\u0161i izdelki in storitve naredijo pri doseganju varnih in zanesljivih operacij opremljanja.<\/p>","protected":false},"excerpt":{"rendered":"<p>Na\u0161e okove D so na voljo z razli\u010dnimi mejnimi delovnimi obremenitvami (WLL) od 0,33 do 150 ton in velikostmi od 1\/4 palca do 3 palcev, zato so primerne za uporabo v gradbeni\u0161tvu, pomorstvu in industriji. Ker se zavedamo glavnih skrbi kupcev, zagotavljamo nemoteno nakupno izku\u0161njo z individualno storitvijo za stranke, hitrim dobavnim ciklom in podrobnimi poro\u010dili o pregledu kakovosti za vsak izdelek. Na\u0161a zaveza je podpirati kupce z zanesljivimi, visoko zmogljivimi izdelki, ki jih potrebujejo v zahtevnih okoljih.<\/p>","protected":false},"featured_media":6470,"comment_status":"open","ping_status":"closed","template":"","meta":{"site-sidebar-layout":"default","site-content-layout":"","ast-site-content-layout":"default","site-content-style":"default","site-sidebar-style":"default","ast-global-header-display":"","ast-banner-title-visibility":"","ast-main-header-display":"","ast-hfb-above-header-display":"","ast-hfb-below-header-display":"","ast-hfb-mobile-header-display":"","site-post-title":"","ast-breadcrumbs-content":"","ast-featured-img":"","footer-sml-layout":"","theme-transparent-header-meta":"default","adv-header-id-meta":"","stick-header-meta":"default","header-above-stick-meta":"","header-main-stick-meta":"","header-below-stick-meta":"","astra-migrate-meta-layouts":"set","ast-page-background-enabled":"default","ast-page-background-meta":{"desktop":{"background-color":"","background-image":"","background-repeat":"repeat","background-position":"center center","background-size":"auto","background-attachment":"scroll","background-type":"","background-media":"","overlay-type":"","overlay-color":"","overlay-opacity":"","overlay-gradient":""},"tablet":{"background-color":"","background-image":"","background-repeat":"repeat","background-position":"center center","background-size":"auto","background-attachment":"scroll","background-type":"","background-media":"","overlay-type":"","overlay-color":"","overlay-opacity":"","overlay-gradient":""},"mobile":{"background-color":"","background-image":"","background-repeat":"repeat","background-position":"center center","background-size":"auto","background-attachment":"scroll","background-type":"","background-media":"","overlay-type":"","overlay-color":"","overlay-opacity":"","overlay-gradient":""}},"ast-content-background-meta":{"desktop":{"background-color":"var(--ast-global-color-5)","background-image":"","background-repeat":"repeat","background-position":"center center","background-size":"auto","background-attachment":"scroll","background-type":"","background-media":"","overlay-type":"","overlay-color":"","overlay-opacity":"","overlay-gradient":""},"tablet":{"background-color":"var(--ast-global-color-5)","background-image":"","background-repeat":"repeat","background-position":"center center","background-size":"auto","background-attachment":"scroll","background-type":"","background-media":"","overlay-type":"","overlay-color":"","overlay-opacity":"","overlay-gradient":""},"mobile":{"background-color":"var(--ast-global-color-5)","background-image":"","background-repeat":"repeat","background-position":"center center","background-size":"auto","background-attachment":"scroll","background-type":"","background-media":"","overlay-type":"","overlay-color":"","overlay-opacity":"","overlay-gradient":""}}},"product_brand":[],"product_cat":[51,54],"product_tag":[],"class_list":{"0":"post-6443","1":"product","2":"type-product","3":"status-publish","4":"has-post-thumbnail","6":"product_cat-riggging-hardware","7":"product_cat-shackle","8":"desktop-align-left","9":"tablet-align-left","10":"mobile-align-left","11":"ast-product-gallery-layout-horizontal-slider","12":"ast-product-tabs-layout-horizontal","14":"first","15":"instock","16":"shipping-taxable","17":"purchasable","18":"product-type-simple"},"yoast_head":"<!-- This site is optimized with the Yoast SEO plugin v25.2 - https:\/\/yoast.com\/wordpress\/plugins\/seo\/ -->\n<title>Wholesale D Shackle Chain Shackle for Lifting<\/title>\n<meta name=\"description\" content=\"Dee shackles, are engineered for durability and strength, ensuring dependable performance in diverse environments.\" \/>\n<meta name=\"robots\" content=\"index, follow, max-snippet:-1, max-image-preview:large, max-video-preview:-1\" \/>\n<link rel=\"canonical\" href=\"https:\/\/qingdaohf.com\/sl\/izdelek\/veleprodaja-d-okovi-verige-okovi-za-dviganje\/\" \/>\n<meta property=\"og:locale\" content=\"sl_SI\" \/>\n<meta property=\"og:type\" content=\"article\" \/>\n<meta property=\"og:title\" content=\"Wholesale D Shackle Chain Shackle for Lifting\" \/>\n<meta property=\"og:description\" content=\"Dee shackles, are engineered for durability and strength, ensuring dependable performance in diverse environments.\" \/>\n<meta property=\"og:url\" content=\"https:\/\/qingdaohf.com\/sl\/izdelek\/veleprodaja-d-okovi-verige-okovi-za-dviganje\/\" \/>\n<meta property=\"og:site_name\" content=\"Concrete Form &amp; Rigging Hardware Supplier\" \/>\n<meta property=\"article:publisher\" content=\"https:\/\/www.facebook.com\/qingdaohf\" \/>\n<meta property=\"article:modified_time\" content=\"2025-11-13T01:03:39+00:00\" \/>\n<meta property=\"og:image\" content=\"https:\/\/qingdaohf.com\/wp-content\/uploads\/2024\/02\/HF-SHACKLE-6.jpg\" \/>\n\t<meta property=\"og:image:width\" content=\"1000\" \/>\n\t<meta property=\"og:image:height\" content=\"1000\" \/>\n\t<meta property=\"og:image:type\" content=\"image\/jpeg\" \/>\n<meta name=\"twitter:card\" content=\"summary_large_image\" \/>\n<meta name=\"twitter:label1\" content=\"Est. reading time\" \/>\n\t<meta name=\"twitter:data1\" content=\"5 minut\" \/>\n<script type=\"application\/ld+json\" class=\"yoast-schema-graph\">{\"@context\":\"https:\/\/schema.org\",\"@graph\":[{\"@type\":\"WebPage\",\"@id\":\"https:\/\/qingdaohf.com\/product\/wholesale-d-shackle-chain-shackle-for-lifting\/\",\"url\":\"https:\/\/qingdaohf.com\/product\/wholesale-d-shackle-chain-shackle-for-lifting\/\",\"name\":\"Wholesale D Shackle Chain Shackle for Lifting\",\"isPartOf\":{\"@id\":\"https:\/\/qingdaohf.com\/bg\/#website\"},\"primaryImageOfPage\":{\"@id\":\"https:\/\/qingdaohf.com\/product\/wholesale-d-shackle-chain-shackle-for-lifting\/#primaryimage\"},\"image\":{\"@id\":\"https:\/\/qingdaohf.com\/product\/wholesale-d-shackle-chain-shackle-for-lifting\/#primaryimage\"},\"thumbnailUrl\":\"https:\/\/qingdaohf.com\/wp-content\/uploads\/2024\/02\/HF-SHACKLE-6.jpg\",\"datePublished\":\"2024-02-02T06:30:53+00:00\",\"dateModified\":\"2025-11-13T01:03:39+00:00\",\"description\":\"Dee shackles, are engineered for durability and strength, ensuring dependable performance in diverse environments.\",\"breadcrumb\":{\"@id\":\"https:\/\/qingdaohf.com\/product\/wholesale-d-shackle-chain-shackle-for-lifting\/#breadcrumb\"},\"inLanguage\":\"sl-SI\",\"potentialAction\":[{\"@type\":\"ReadAction\",\"target\":[\"https:\/\/qingdaohf.com\/product\/wholesale-d-shackle-chain-shackle-for-lifting\/\"]}]},{\"@type\":\"ImageObject\",\"inLanguage\":\"sl-SI\",\"@id\":\"https:\/\/qingdaohf.com\/product\/wholesale-d-shackle-chain-shackle-for-lifting\/#primaryimage\",\"url\":\"https:\/\/qingdaohf.com\/wp-content\/uploads\/2024\/02\/HF-SHACKLE-6.jpg\",\"contentUrl\":\"https:\/\/qingdaohf.com\/wp-content\/uploads\/2024\/02\/HF-SHACKLE-6.jpg\",\"width\":1000,\"height\":1000,\"caption\":\"D SHACKLE\"},{\"@type\":\"BreadcrumbList\",\"@id\":\"https:\/\/qingdaohf.com\/product\/wholesale-d-shackle-chain-shackle-for-lifting\/#breadcrumb\",\"itemListElement\":[{\"@type\":\"ListItem\",\"position\":1,\"name\":\"Home\",\"item\":\"https:\/\/qingdaohf.com\/\"},{\"@type\":\"ListItem\",\"position\":2,\"name\":\"Concrete Forming Accessories and Rigging Hardware\",\"item\":\"https:\/\/qingdaohf.com\/bg\/?page_id=944\"},{\"@type\":\"ListItem\",\"position\":3,\"name\":\"Wholesale D Shackle Chain Shackle for Lifting\"}]},{\"@type\":\"WebSite\",\"@id\":\"https:\/\/qingdaohf.com\/bg\/#website\",\"url\":\"https:\/\/qingdaohf.com\/bg\/\",\"name\":\"Concrete Form & Rigging Hardware Supplier\",\"description\":\"\",\"publisher\":{\"@id\":\"https:\/\/qingdaohf.com\/bg\/#organization\"},\"potentialAction\":[{\"@type\":\"SearchAction\",\"target\":{\"@type\":\"EntryPoint\",\"urlTemplate\":\"https:\/\/qingdaohf.com\/bg\/?s={search_term_string}\"},\"query-input\":{\"@type\":\"PropertyValueSpecification\",\"valueRequired\":true,\"valueName\":\"search_term_string\"}}],\"inLanguage\":\"sl-SI\"},{\"@type\":\"Organization\",\"@id\":\"https:\/\/qingdaohf.com\/bg\/#organization\",\"name\":\"Qingdao H&F\",\"url\":\"https:\/\/qingdaohf.com\/bg\/\",\"logo\":{\"@type\":\"ImageObject\",\"inLanguage\":\"sl-SI\",\"@id\":\"https:\/\/qingdaohf.com\/bg\/#\/schema\/logo\/image\/\",\"url\":\"https:\/\/qingdaohf.com\/wp-content\/uploads\/2022\/12\/cropped-HF-LOGO.png\",\"contentUrl\":\"https:\/\/qingdaohf.com\/wp-content\/uploads\/2022\/12\/cropped-HF-LOGO.png\",\"width\":391,\"height\":249,\"caption\":\"Qingdao H&F\"},\"image\":{\"@id\":\"https:\/\/qingdaohf.com\/bg\/#\/schema\/logo\/image\/\"},\"sameAs\":[\"https:\/\/www.facebook.com\/qingdaohf\"]}]}<\/script>\n<!-- \/ Yoast SEO plugin. -->","yoast_head_json":{"title":"Wholesale D Shackle Chain Shackle for Lifting","description":"Dee shackles, are engineered for durability and strength, ensuring dependable performance in diverse environments.","robots":{"index":"index","follow":"follow","max-snippet":"max-snippet:-1","max-image-preview":"max-image-preview:large","max-video-preview":"max-video-preview:-1"},"canonical":"https:\/\/qingdaohf.com\/sl\/izdelek\/veleprodaja-d-okovi-verige-okovi-za-dviganje\/","og_locale":"sl_SI","og_type":"article","og_title":"Wholesale D Shackle Chain Shackle for Lifting","og_description":"Dee shackles, are engineered for durability and strength, ensuring dependable performance in diverse environments.","og_url":"https:\/\/qingdaohf.com\/sl\/izdelek\/veleprodaja-d-okovi-verige-okovi-za-dviganje\/","og_site_name":"Concrete Form &amp; Rigging Hardware Supplier","article_publisher":"https:\/\/www.facebook.com\/qingdaohf","article_modified_time":"2025-11-13T01:03:39+00:00","og_image":[{"width":1000,"height":1000,"url":"https:\/\/qingdaohf.com\/wp-content\/uploads\/2024\/02\/HF-SHACKLE-6.jpg","type":"image\/jpeg"}],"twitter_card":"summary_large_image","twitter_misc":{"Est. reading time":"5 minut"},"schema":{"@context":"https:\/\/schema.org","@graph":[{"@type":"WebPage","@id":"https:\/\/qingdaohf.com\/product\/wholesale-d-shackle-chain-shackle-for-lifting\/","url":"https:\/\/qingdaohf.com\/product\/wholesale-d-shackle-chain-shackle-for-lifting\/","name":"Wholesale D Shackle Chain Shackle for Lifting","isPartOf":{"@id":"https:\/\/qingdaohf.com\/bg\/#website"},"primaryImageOfPage":{"@id":"https:\/\/qingdaohf.com\/product\/wholesale-d-shackle-chain-shackle-for-lifting\/#primaryimage"},"image":{"@id":"https:\/\/qingdaohf.com\/product\/wholesale-d-shackle-chain-shackle-for-lifting\/#primaryimage"},"thumbnailUrl":"https:\/\/qingdaohf.com\/wp-content\/uploads\/2024\/02\/HF-SHACKLE-6.jpg","datePublished":"2024-02-02T06:30:53+00:00","dateModified":"2025-11-13T01:03:39+00:00","description":"Dee shackles, are engineered for durability and strength, ensuring dependable performance in diverse environments.","breadcrumb":{"@id":"https:\/\/qingdaohf.com\/product\/wholesale-d-shackle-chain-shackle-for-lifting\/#breadcrumb"},"inLanguage":"sl-SI","potentialAction":[{"@type":"ReadAction","target":["https:\/\/qingdaohf.com\/product\/wholesale-d-shackle-chain-shackle-for-lifting\/"]}]},{"@type":"ImageObject","inLanguage":"sl-SI","@id":"https:\/\/qingdaohf.com\/product\/wholesale-d-shackle-chain-shackle-for-lifting\/#primaryimage","url":"https:\/\/qingdaohf.com\/wp-content\/uploads\/2024\/02\/HF-SHACKLE-6.jpg","contentUrl":"https:\/\/qingdaohf.com\/wp-content\/uploads\/2024\/02\/HF-SHACKLE-6.jpg","width":1000,"height":1000,"caption":"D SHACKLE"},{"@type":"BreadcrumbList","@id":"https:\/\/qingdaohf.com\/product\/wholesale-d-shackle-chain-shackle-for-lifting\/#breadcrumb","itemListElement":[{"@type":"ListItem","position":1,"name":"Home","item":"https:\/\/qingdaohf.com\/"},{"@type":"ListItem","position":2,"name":"Concrete Forming Accessories and Rigging Hardware","item":"https:\/\/qingdaohf.com\/bg\/?page_id=944"},{"@type":"ListItem","position":3,"name":"Wholesale D Shackle Chain Shackle for Lifting"}]},{"@type":"WebSite","@id":"https:\/\/qingdaohf.com\/bg\/#website","url":"https:\/\/qingdaohf.com\/bg\/","name":"Concrete Form & Rigging Hardware Supplier","description":"","publisher":{"@id":"https:\/\/qingdaohf.com\/bg\/#organization"},"potentialAction":[{"@type":"SearchAction","target":{"@type":"EntryPoint","urlTemplate":"https:\/\/qingdaohf.com\/bg\/?s={search_term_string}"},"query-input":{"@type":"PropertyValueSpecification","valueRequired":true,"valueName":"search_term_string"}}],"inLanguage":"sl-SI"},{"@type":"Organization","@id":"https:\/\/qingdaohf.com\/bg\/#organization","name":"Qingdao H&F","url":"https:\/\/qingdaohf.com\/bg\/","logo":{"@type":"ImageObject","inLanguage":"sl-SI","@id":"https:\/\/qingdaohf.com\/bg\/#\/schema\/logo\/image\/","url":"https:\/\/qingdaohf.com\/wp-content\/uploads\/2022\/12\/cropped-HF-LOGO.png","contentUrl":"https:\/\/qingdaohf.com\/wp-content\/uploads\/2022\/12\/cropped-HF-LOGO.png","width":391,"height":249,"caption":"Qingdao H&F"},"image":{"@id":"https:\/\/qingdaohf.com\/bg\/#\/schema\/logo\/image\/"},"sameAs":["https:\/\/www.facebook.com\/qingdaohf"]}]}},"_links":{"self":[{"href":"https:\/\/qingdaohf.com\/sl\/wp-json\/wp\/v2\/product\/6443","targetHints":{"allow":["GET"]}}],"collection":[{"href":"https:\/\/qingdaohf.com\/sl\/wp-json\/wp\/v2\/product"}],"about":[{"href":"https:\/\/qingdaohf.com\/sl\/wp-json\/wp\/v2\/types\/product"}],"replies":[{"embeddable":true,"href":"https:\/\/qingdaohf.com\/sl\/wp-json\/wp\/v2\/comments?post=6443"}],"version-history":[{"count":10,"href":"https:\/\/qingdaohf.com\/sl\/wp-json\/wp\/v2\/product\/6443\/revisions"}],"predecessor-version":[{"id":8212,"href":"https:\/\/qingdaohf.com\/sl\/wp-json\/wp\/v2\/product\/6443\/revisions\/8212"}],"wp:featuredmedia":[{"embeddable":true,"href":"https:\/\/qingdaohf.com\/sl\/wp-json\/wp\/v2\/media\/6470"}],"wp:attachment":[{"href":"https:\/\/qingdaohf.com\/sl\/wp-json\/wp\/v2\/media?parent=6443"}],"wp:term":[{"taxonomy":"product_brand","embeddable":true,"href":"https:\/\/qingdaohf.com\/sl\/wp-json\/wp\/v2\/product_brand?post=6443"},{"taxonomy":"product_cat","embeddable":true,"href":"https:\/\/qingdaohf.com\/sl\/wp-json\/wp\/v2\/product_cat?post=6443"},{"taxonomy":"product_tag","embeddable":true,"href":"https:\/\/qingdaohf.com\/sl\/wp-json\/wp\/v2\/product_tag?post=6443"}],"curies":[{"name":"wp","href":"https:\/\/api.w.org\/{rel}","templated":true}]}}