{"id":6479,"date":"2024-02-02T15:10:26","date_gmt":"2024-02-02T07:10:26","guid":{"rendered":"http:\/\/qingdaohf.com\/?post_type=product&#038;p=6479"},"modified":"2025-11-13T09:03:38","modified_gmt":"2025-11-13T01:03:38","slug":"screw-pin-shackle","status":"publish","type":"product","link":"https:\/\/qingdaohf.com\/sl\/izdelek\/vijacni-zatic\/","title":{"rendered":"Vija\u010dni zati\u010d Okov"},"content":{"rendered":"<p>Dobrodo\u0161li na na\u0161i veleprodajni dobavi vija\u010dnih zati\u010dev! Kot vodilni dobavitelj v panogi smo specializirani za zagotavljanje visokokakovostnih okovov, izdelanih iz galvaniziranega in nerjavnega jekla. Na\u0161i okovi so zasnovani za razli\u010dne namene, vklju\u010dno z dvigovanjem, vleko in pripenjanjem, zato so vsestransko orodje za va\u0161e projekte.<\/p>\n<p>Zavedamo se, da imajo kupci pri nakupu okovov v velikih koli\u010dinah pogosto pomisleke glede kakovosti, zanesljivosti in cene izdelka. Zato dajemo prednost zagotavljanju vrhunskih izdelkov po konkuren\u010dnih cenah, da izpolnimo va\u0161e potrebe na debelo.<\/p>\n<p>Na\u0161e okove so podvr\u017eene strogemu nadzoru kakovosti, da bi zagotovili, da izpolnjujejo industrijske standarde za trdnost in vzdr\u017eljivost. Ne glede na to, ali potrebujete okove za dvigovanje te\u017ekih bremen ali za uporabo v pomorstvu, vas na\u0161a bogata ponudba pokriva. Poleg tega so na\u0161e mo\u017enosti iz pocinkanega in nerjavnega jekla odporne na korozijo, kar podalj\u0161uje \u017eivljenjsko dobo va\u0161e opreme tudi v zahtevnih okoljih.<\/p>\n<p>Ponujamo tudi prilagojene storitve za stranke, ki vam bodo pomagale med celotnim postopkom nakupa. Na\u0161a ekipa si prizadeva za nemoteno izku\u0161njo na\u0161ih veleprodajnih strank, od izbire pravega okova za va\u0161e posebne zahteve do ureditve u\u010dinkovite dostave.<\/p>\n<p>Najpogostej\u0161e omejitve delovne obremenitve (WLL) in velikosti okovov z vija\u010dnim zati\u010dem:<\/p>\n<p><strong>WLLs<\/strong>: 0,33 tone, 0,5 tone, 0,75 tone, 1 tona, 1,5 tone, 2 toni, 3,25 tone, 4,75 tone, 6,5 tone, 8,5 tone, 9,5 tone, 12 ton, 13,5 tone, 17 ton, 25 ton, 35 ton, 55 ton, 85 ton, 120 ton, 150 ton<\/p>\n<p><strong>Velikosti<\/strong>: 1\/4 palca, 3\/8 palca, 1\/2 palca, 5\/8 palca, 3\/4 palca, 7\/8 palca, 1 palec, 1-1\/4 palca, 1-1\/2 palca, 1-3\/4 palca, 2 palca, 2-1\/2 palca, 3 palca<\/p>\n<p>Sodelujte z nami pri svojih veleprodajnih potrebah po okovih in izkusite zanesljivost in kakovost, ki nas odlikujeta v industriji. \u0160e danes nas kontaktirajte in se pogovorite o svojih zahtevah ter izkoristite na\u0161e konkuren\u010dne cene in izjemne storitve.<\/p>\n<p><a href=\"https:\/\/qingdaohf.com\/sl\/izdelek\/g210-oklep\/\">Okov G210<\/a><\/p>\n<p><img fetchpriority=\"high\" decoding=\"async\" class=\"alignnone size-full wp-image-3813\" src=\"http:\/\/qingdaohf.com\/wp-content\/uploads\/2023\/05\/G209-G210-shackle.jpg\" alt=\"G209 G210 oklep\" width=\"1000\" height=\"1296\" srcset=\"https:\/\/qingdaohf.com\/wp-content\/uploads\/2023\/05\/G209-G210-shackle.jpg 1000w, https:\/\/qingdaohf.com\/wp-content\/uploads\/2023\/05\/G209-G210-shackle-231x300.jpg 231w, https:\/\/qingdaohf.com\/wp-content\/uploads\/2023\/05\/G209-G210-shackle-790x1024.jpg 790w, https:\/\/qingdaohf.com\/wp-content\/uploads\/2023\/05\/G209-G210-shackle-768x995.jpg 768w\" sizes=\"(max-width: 1000px) 100vw, 1000px\" \/><\/p>\n<p><a href=\"https:\/\/qingdaohf.com\/sl\/izdelek\/g2150-galvanizirana-okova\/\">Okov G2150<\/a><\/p>\n<p>&nbsp;<\/p>","protected":false},"excerpt":{"rendered":"<p data-sourcepos=\"3:1-3:194\">Vija\u010dni zati\u010d je vrsta kovinskega spojnika, ki se uporablja za povezovanje verig, vrvi, kablov in druge okovja. Izdelani so iz kovanega jekla ali legiranega jekla. Vija\u010dni zati\u010d gre skozi luknje v loku in se zategne, da se zati\u010d pritrdi.<\/p>\n<p data-sourcepos=\"5:1-5:141\">Vija\u010dne okove so mo\u010dnej\u0161e in varnej\u0161e od drugih vrst okovov, kot so vija\u010dne okove ali zasko\u010dne okove. Prav tako jih je la\u017eje odpirati in zapirati, zato so priljubljena izbira za aplikacije, kjer so potrebne pogoste prilagoditve.<\/p>","protected":false},"featured_media":6471,"comment_status":"open","ping_status":"closed","template":"","meta":{"site-sidebar-layout":"default","site-content-layout":"","ast-site-content-layout":"default","site-content-style":"default","site-sidebar-style":"default","ast-global-header-display":"","ast-banner-title-visibility":"","ast-main-header-display":"","ast-hfb-above-header-display":"","ast-hfb-below-header-display":"","ast-hfb-mobile-header-display":"","site-post-title":"","ast-breadcrumbs-content":"","ast-featured-img":"","footer-sml-layout":"","theme-transparent-header-meta":"default","adv-header-id-meta":"","stick-header-meta":"default","header-above-stick-meta":"","header-main-stick-meta":"","header-below-stick-meta":"","astra-migrate-meta-layouts":"set","ast-page-background-enabled":"default","ast-page-background-meta":{"desktop":{"background-color":"","background-image":"","background-repeat":"repeat","background-position":"center center","background-size":"auto","background-attachment":"scroll","background-type":"","background-media":"","overlay-type":"","overlay-color":"","overlay-opacity":"","overlay-gradient":""},"tablet":{"background-color":"","background-image":"","background-repeat":"repeat","background-position":"center center","background-size":"auto","background-attachment":"scroll","background-type":"","background-media":"","overlay-type":"","overlay-color":"","overlay-opacity":"","overlay-gradient":""},"mobile":{"background-color":"","background-image":"","background-repeat":"repeat","background-position":"center center","background-size":"auto","background-attachment":"scroll","background-type":"","background-media":"","overlay-type":"","overlay-color":"","overlay-opacity":"","overlay-gradient":""}},"ast-content-background-meta":{"desktop":{"background-color":"var(--ast-global-color-5)","background-image":"","background-repeat":"repeat","background-position":"center center","background-size":"auto","background-attachment":"scroll","background-type":"","background-media":"","overlay-type":"","overlay-color":"","overlay-opacity":"","overlay-gradient":""},"tablet":{"background-color":"var(--ast-global-color-5)","background-image":"","background-repeat":"repeat","background-position":"center center","background-size":"auto","background-attachment":"scroll","background-type":"","background-media":"","overlay-type":"","overlay-color":"","overlay-opacity":"","overlay-gradient":""},"mobile":{"background-color":"var(--ast-global-color-5)","background-image":"","background-repeat":"repeat","background-position":"center center","background-size":"auto","background-attachment":"scroll","background-type":"","background-media":"","overlay-type":"","overlay-color":"","overlay-opacity":"","overlay-gradient":""}}},"product_brand":[],"product_cat":[51,54],"product_tag":[],"class_list":{"0":"post-6479","1":"product","2":"type-product","3":"status-publish","4":"has-post-thumbnail","6":"product_cat-riggging-hardware","7":"product_cat-shackle","8":"desktop-align-left","9":"tablet-align-left","10":"mobile-align-left","11":"ast-product-gallery-layout-horizontal-slider","12":"ast-product-tabs-layout-horizontal","14":"first","15":"instock","16":"shipping-taxable","17":"purchasable","18":"product-type-simple"},"yoast_head":"<!-- This site is optimized with the Yoast SEO plugin v25.2 - https:\/\/yoast.com\/wordpress\/plugins\/seo\/ -->\n<title>Screw Pin Shackle<\/title>\n<meta name=\"description\" content=\"Screw pin shackle is a type of metal connector that is used to link chains, ropes, cables, and other rigging hardware.\" \/>\n<meta name=\"robots\" content=\"index, follow, max-snippet:-1, max-image-preview:large, max-video-preview:-1\" \/>\n<link rel=\"canonical\" href=\"https:\/\/qingdaohf.com\/sl\/izdelek\/vijacni-zatic\/\" \/>\n<meta property=\"og:locale\" content=\"sl_SI\" \/>\n<meta property=\"og:type\" content=\"article\" \/>\n<meta property=\"og:title\" content=\"Screw Pin Shackle\" \/>\n<meta property=\"og:description\" content=\"Screw pin shackle is a type of metal connector that is used to link chains, ropes, cables, and other rigging hardware.\" \/>\n<meta property=\"og:url\" content=\"https:\/\/qingdaohf.com\/sl\/izdelek\/vijacni-zatic\/\" \/>\n<meta property=\"og:site_name\" content=\"Concrete Form &amp; Rigging Hardware Supplier\" \/>\n<meta property=\"article:publisher\" content=\"https:\/\/www.facebook.com\/qingdaohf\" \/>\n<meta property=\"article:modified_time\" content=\"2025-11-13T01:03:38+00:00\" \/>\n<meta property=\"og:image\" content=\"https:\/\/qingdaohf.com\/wp-content\/uploads\/2024\/02\/HF-SHACKLE-7.jpg\" \/>\n\t<meta property=\"og:image:width\" content=\"1000\" \/>\n\t<meta property=\"og:image:height\" content=\"1000\" \/>\n\t<meta property=\"og:image:type\" content=\"image\/jpeg\" \/>\n<meta name=\"twitter:card\" content=\"summary_large_image\" \/>\n<meta name=\"twitter:label1\" content=\"Est. reading time\" \/>\n\t<meta name=\"twitter:data1\" content=\"2 minuti\" \/>\n<script type=\"application\/ld+json\" class=\"yoast-schema-graph\">{\"@context\":\"https:\/\/schema.org\",\"@graph\":[{\"@type\":\"WebPage\",\"@id\":\"https:\/\/qingdaohf.com\/product\/screw-pin-shackle\/\",\"url\":\"https:\/\/qingdaohf.com\/product\/screw-pin-shackle\/\",\"name\":\"Screw Pin Shackle\",\"isPartOf\":{\"@id\":\"https:\/\/qingdaohf.com\/bg\/#website\"},\"primaryImageOfPage\":{\"@id\":\"https:\/\/qingdaohf.com\/product\/screw-pin-shackle\/#primaryimage\"},\"image\":{\"@id\":\"https:\/\/qingdaohf.com\/product\/screw-pin-shackle\/#primaryimage\"},\"thumbnailUrl\":\"https:\/\/qingdaohf.com\/wp-content\/uploads\/2024\/02\/HF-SHACKLE-7.jpg\",\"datePublished\":\"2024-02-02T07:10:26+00:00\",\"dateModified\":\"2025-11-13T01:03:38+00:00\",\"description\":\"Screw pin shackle is a type of metal connector that is used to link chains, ropes, cables, and other rigging hardware.\",\"breadcrumb\":{\"@id\":\"https:\/\/qingdaohf.com\/product\/screw-pin-shackle\/#breadcrumb\"},\"inLanguage\":\"sl-SI\",\"potentialAction\":[{\"@type\":\"ReadAction\",\"target\":[\"https:\/\/qingdaohf.com\/product\/screw-pin-shackle\/\"]}]},{\"@type\":\"ImageObject\",\"inLanguage\":\"sl-SI\",\"@id\":\"https:\/\/qingdaohf.com\/product\/screw-pin-shackle\/#primaryimage\",\"url\":\"https:\/\/qingdaohf.com\/wp-content\/uploads\/2024\/02\/HF-SHACKLE-7.jpg\",\"contentUrl\":\"https:\/\/qingdaohf.com\/wp-content\/uploads\/2024\/02\/HF-SHACKLE-7.jpg\",\"width\":1000,\"height\":1000,\"caption\":\"Bow shackle\"},{\"@type\":\"BreadcrumbList\",\"@id\":\"https:\/\/qingdaohf.com\/product\/screw-pin-shackle\/#breadcrumb\",\"itemListElement\":[{\"@type\":\"ListItem\",\"position\":1,\"name\":\"Home\",\"item\":\"https:\/\/qingdaohf.com\/\"},{\"@type\":\"ListItem\",\"position\":2,\"name\":\"Concrete Forming Accessories and Rigging Hardware\",\"item\":\"https:\/\/qingdaohf.com\/bg\/?page_id=944\"},{\"@type\":\"ListItem\",\"position\":3,\"name\":\"Screw Pin Shackle\"}]},{\"@type\":\"WebSite\",\"@id\":\"https:\/\/qingdaohf.com\/bg\/#website\",\"url\":\"https:\/\/qingdaohf.com\/bg\/\",\"name\":\"Concrete Form & Rigging Hardware Supplier\",\"description\":\"\",\"publisher\":{\"@id\":\"https:\/\/qingdaohf.com\/bg\/#organization\"},\"potentialAction\":[{\"@type\":\"SearchAction\",\"target\":{\"@type\":\"EntryPoint\",\"urlTemplate\":\"https:\/\/qingdaohf.com\/bg\/?s={search_term_string}\"},\"query-input\":{\"@type\":\"PropertyValueSpecification\",\"valueRequired\":true,\"valueName\":\"search_term_string\"}}],\"inLanguage\":\"sl-SI\"},{\"@type\":\"Organization\",\"@id\":\"https:\/\/qingdaohf.com\/bg\/#organization\",\"name\":\"Qingdao H&F\",\"url\":\"https:\/\/qingdaohf.com\/bg\/\",\"logo\":{\"@type\":\"ImageObject\",\"inLanguage\":\"sl-SI\",\"@id\":\"https:\/\/qingdaohf.com\/bg\/#\/schema\/logo\/image\/\",\"url\":\"https:\/\/qingdaohf.com\/wp-content\/uploads\/2022\/12\/cropped-HF-LOGO.png\",\"contentUrl\":\"https:\/\/qingdaohf.com\/wp-content\/uploads\/2022\/12\/cropped-HF-LOGO.png\",\"width\":391,\"height\":249,\"caption\":\"Qingdao H&F\"},\"image\":{\"@id\":\"https:\/\/qingdaohf.com\/bg\/#\/schema\/logo\/image\/\"},\"sameAs\":[\"https:\/\/www.facebook.com\/qingdaohf\"]}]}<\/script>\n<!-- \/ Yoast SEO plugin. -->","yoast_head_json":{"title":"Screw Pin Shackle","description":"Screw pin shackle is a type of metal connector that is used to link chains, ropes, cables, and other rigging hardware.","robots":{"index":"index","follow":"follow","max-snippet":"max-snippet:-1","max-image-preview":"max-image-preview:large","max-video-preview":"max-video-preview:-1"},"canonical":"https:\/\/qingdaohf.com\/sl\/izdelek\/vijacni-zatic\/","og_locale":"sl_SI","og_type":"article","og_title":"Screw Pin Shackle","og_description":"Screw pin shackle is a type of metal connector that is used to link chains, ropes, cables, and other rigging hardware.","og_url":"https:\/\/qingdaohf.com\/sl\/izdelek\/vijacni-zatic\/","og_site_name":"Concrete Form &amp; Rigging Hardware Supplier","article_publisher":"https:\/\/www.facebook.com\/qingdaohf","article_modified_time":"2025-11-13T01:03:38+00:00","og_image":[{"width":1000,"height":1000,"url":"https:\/\/qingdaohf.com\/wp-content\/uploads\/2024\/02\/HF-SHACKLE-7.jpg","type":"image\/jpeg"}],"twitter_card":"summary_large_image","twitter_misc":{"Est. reading time":"2 minuti"},"schema":{"@context":"https:\/\/schema.org","@graph":[{"@type":"WebPage","@id":"https:\/\/qingdaohf.com\/product\/screw-pin-shackle\/","url":"https:\/\/qingdaohf.com\/product\/screw-pin-shackle\/","name":"Screw Pin Shackle","isPartOf":{"@id":"https:\/\/qingdaohf.com\/bg\/#website"},"primaryImageOfPage":{"@id":"https:\/\/qingdaohf.com\/product\/screw-pin-shackle\/#primaryimage"},"image":{"@id":"https:\/\/qingdaohf.com\/product\/screw-pin-shackle\/#primaryimage"},"thumbnailUrl":"https:\/\/qingdaohf.com\/wp-content\/uploads\/2024\/02\/HF-SHACKLE-7.jpg","datePublished":"2024-02-02T07:10:26+00:00","dateModified":"2025-11-13T01:03:38+00:00","description":"Screw pin shackle is a type of metal connector that is used to link chains, ropes, cables, and other rigging hardware.","breadcrumb":{"@id":"https:\/\/qingdaohf.com\/product\/screw-pin-shackle\/#breadcrumb"},"inLanguage":"sl-SI","potentialAction":[{"@type":"ReadAction","target":["https:\/\/qingdaohf.com\/product\/screw-pin-shackle\/"]}]},{"@type":"ImageObject","inLanguage":"sl-SI","@id":"https:\/\/qingdaohf.com\/product\/screw-pin-shackle\/#primaryimage","url":"https:\/\/qingdaohf.com\/wp-content\/uploads\/2024\/02\/HF-SHACKLE-7.jpg","contentUrl":"https:\/\/qingdaohf.com\/wp-content\/uploads\/2024\/02\/HF-SHACKLE-7.jpg","width":1000,"height":1000,"caption":"Bow shackle"},{"@type":"BreadcrumbList","@id":"https:\/\/qingdaohf.com\/product\/screw-pin-shackle\/#breadcrumb","itemListElement":[{"@type":"ListItem","position":1,"name":"Home","item":"https:\/\/qingdaohf.com\/"},{"@type":"ListItem","position":2,"name":"Concrete Forming Accessories and Rigging Hardware","item":"https:\/\/qingdaohf.com\/bg\/?page_id=944"},{"@type":"ListItem","position":3,"name":"Screw Pin Shackle"}]},{"@type":"WebSite","@id":"https:\/\/qingdaohf.com\/bg\/#website","url":"https:\/\/qingdaohf.com\/bg\/","name":"Concrete Form & Rigging Hardware Supplier","description":"","publisher":{"@id":"https:\/\/qingdaohf.com\/bg\/#organization"},"potentialAction":[{"@type":"SearchAction","target":{"@type":"EntryPoint","urlTemplate":"https:\/\/qingdaohf.com\/bg\/?s={search_term_string}"},"query-input":{"@type":"PropertyValueSpecification","valueRequired":true,"valueName":"search_term_string"}}],"inLanguage":"sl-SI"},{"@type":"Organization","@id":"https:\/\/qingdaohf.com\/bg\/#organization","name":"Qingdao H&F","url":"https:\/\/qingdaohf.com\/bg\/","logo":{"@type":"ImageObject","inLanguage":"sl-SI","@id":"https:\/\/qingdaohf.com\/bg\/#\/schema\/logo\/image\/","url":"https:\/\/qingdaohf.com\/wp-content\/uploads\/2022\/12\/cropped-HF-LOGO.png","contentUrl":"https:\/\/qingdaohf.com\/wp-content\/uploads\/2022\/12\/cropped-HF-LOGO.png","width":391,"height":249,"caption":"Qingdao H&F"},"image":{"@id":"https:\/\/qingdaohf.com\/bg\/#\/schema\/logo\/image\/"},"sameAs":["https:\/\/www.facebook.com\/qingdaohf"]}]}},"_links":{"self":[{"href":"https:\/\/qingdaohf.com\/sl\/wp-json\/wp\/v2\/product\/6479","targetHints":{"allow":["GET"]}}],"collection":[{"href":"https:\/\/qingdaohf.com\/sl\/wp-json\/wp\/v2\/product"}],"about":[{"href":"https:\/\/qingdaohf.com\/sl\/wp-json\/wp\/v2\/types\/product"}],"replies":[{"embeddable":true,"href":"https:\/\/qingdaohf.com\/sl\/wp-json\/wp\/v2\/comments?post=6479"}],"version-history":[{"count":7,"href":"https:\/\/qingdaohf.com\/sl\/wp-json\/wp\/v2\/product\/6479\/revisions"}],"predecessor-version":[{"id":8213,"href":"https:\/\/qingdaohf.com\/sl\/wp-json\/wp\/v2\/product\/6479\/revisions\/8213"}],"wp:featuredmedia":[{"embeddable":true,"href":"https:\/\/qingdaohf.com\/sl\/wp-json\/wp\/v2\/media\/6471"}],"wp:attachment":[{"href":"https:\/\/qingdaohf.com\/sl\/wp-json\/wp\/v2\/media?parent=6479"}],"wp:term":[{"taxonomy":"product_brand","embeddable":true,"href":"https:\/\/qingdaohf.com\/sl\/wp-json\/wp\/v2\/product_brand?post=6479"},{"taxonomy":"product_cat","embeddable":true,"href":"https:\/\/qingdaohf.com\/sl\/wp-json\/wp\/v2\/product_cat?post=6479"},{"taxonomy":"product_tag","embeddable":true,"href":"https:\/\/qingdaohf.com\/sl\/wp-json\/wp\/v2\/product_tag?post=6479"}],"curies":[{"name":"wp","href":"https:\/\/api.w.org\/{rel}","templated":true}]}}