{"id":6490,"date":"2024-02-02T16:39:40","date_gmt":"2024-02-02T08:39:40","guid":{"rendered":"http:\/\/qingdaohf.com\/?post_type=product&#038;p=6490"},"modified":"2025-11-13T09:03:38","modified_gmt":"2025-11-13T01:03:38","slug":"bolt-type-shackle","status":"publish","type":"product","link":"https:\/\/qingdaohf.com\/sl\/izdelek\/vijacni-okov\/","title":{"rendered":"Vijak tipa oklep"},"content":{"rendered":"<h3>Razumevanje vloge in specifikacij okovov z vijaki<\/h3>\n<p>Okovi z vijaki, pogosto prepoznavni po modelih, kot sta G2130 in G2140, so temeljno orodje za uporabo pri pritrjevanju, vleki in dvigovanju. Njihova robustna zasnova je namenjena zavarovanju povezav in varni podpori velikih obremenitev. Predvsem zasnova z vijaki zagotavlja dodatno varnost v primerjavi z drugimi vrstami okovov, zato so zelo primerni za dolgotrajne ali poltrajne namestitve, pri katerih je bistvena ve\u010dja stabilnost.<\/p>\n<p>Vija\u010dne okove odlikuje njihova sposobnost za varno prena\u0161anje velikih delovnih obremenitev, pri \u010demer modeli, kot sta G2130 in G2140, ponujajo \u0161irok spekter velikosti in mo\u017enosti WLL. Ta vsestranskost omogo\u010da uporabnikom v razli\u010dnih panogah - v gradbeni\u0161tvu, pomorstvu ali proizvodnji -, da izberejo natan\u010dne okove, ki ustrezajo njihovim projektnim specifikacijam. Pri izbiri okovov sta WLL in velikost med najpomembnej\u0161imi dejavniki, saj neposredno vplivata na sposobnost okova, da deluje pri razli\u010dnih te\u017ekih obremenitvah. WLL za te vija\u010dne okove obi\u010dajno zna\u0161a od 0,33 do 150 ton, velikost pa od 1\/4 palca do 3 palcev, kar zagotavlja mo\u017enosti, ki ustrezajo razli\u010dnim zahtevam za pritrjevanje in okoljskim pogojem.<\/p>\n<p>Poleg velikosti in trdnosti je pomembna prednost vija\u010dnih okovov G2130 in G2140 tudi njihova zasnova, ki omogo\u010da enostavno in varno pritrditev z zati\u010di. Ta vidik je klju\u010dnega pomena, saj konfiguracija vijaka in matice prepre\u010duje nenamerno sprostitev, s tem pa varuje tako tovor kot tudi osebje, ki dela z opremo. Ti okovi so izdelani iz visokokakovostnega jekla visoke natezne trdnosti in pogosto pocinkani zaradi odpornosti proti koroziji, zato zagotavljajo trajno vzdr\u017eljivost pri uporabi v zaprtih prostorih in na prostem.<\/p>\n<h3>Prednosti izbire visokokakovostnih vijakov iz zanesljivega dobavitelja<\/h3>\n<p>Pri nakupu vija\u010dnih okovov je klju\u010dnega pomena zagotavljanje kakovosti. Podjetje Qingdao H&amp;F se odlikuje po tem, da daje prednost strogim standardom kakovosti, saj se zavedamo, da kupci potrebujejo gotovost, da njihovi izdelki izpolnjujejo varnostne zahteve. Na\u0161e okove so pred odpremo ve\u010dkrat pregledane glede kakovosti, pri \u010demer so na voljo podrobna poro\u010dila o pregledih. Ta poro\u010dila zagotavljajo, da je vsak izdelek skladen z zahtevanimi standardi trdnosti in odpornosti, kar kupcem pomaga pri informirani izbiri na podlagi preverjenih podatkov.<\/p>\n<p>Poleg strogega testiranja kakovosti zagotavljamo tudi individualno pomo\u010d kupcem pri iskanju najprimernej\u0161ega okovja za njihove posebne potrebe. Z na\u0161im hitrim dobavnim ciklom dru\u017eba Qingdao H&amp;F skraj\u0161uje \u010dakalne dobe in zagotavlja, da kupci takoj prejmejo svoje izdelke, tudi \u010de imajo opravka z natrpanimi \u010dasovnimi na\u010drti projektov. Zaradi te kombinacije hitrih in zanesljivih storitev ter poudarka na kakovosti smo najprimernej\u0161i partner za mno\u017ei\u010dne nakupe visoko zmogljivih vija\u010dnih okovov G2130 in G2140.<\/p>\n<p>Na\u0161a zavezanost k zadovoljstvu strank temelji na zagotavljanju preglednosti, zanesljivosti in strokovnega vodenja, ki zagotavljajo nemoten postopek naro\u010danja. Vsaka interakcija je zasnovana tako, da strankam nudi dragocene informacije o zdru\u017eljivosti izdelkov, postopkih namestitve in praksah vzdr\u017eevanja. Ta individualna storitev je \u0161e posebej koristna za stranke, ki i\u0161\u010dejo prilagojene re\u0161itve, saj lahko na\u0161a ekipa ponudi nasvete na podlagi specifi\u010dnih zahtev projekta.<\/p>\n<h3>Klju\u010dni vidiki pri izbiri in uporabi okovov z vijaki<\/h3>\n<p>Izbira pravilnega vija\u010dnega okova je odvisna od razli\u010dnih dejavnikov, pri \u010demer sta WLL in velikost okova klju\u010dnega pomena za varno uporabo. WLL dolo\u010da najve\u010djo obremenitev, ki jo lahko prenese okov, medtem ko velikost vpliva na prileganje in zdru\u017eljivost v sistemu okovja. Neustrezna velikost ali nosilnost lahko ogrozita varnost in povzro\u010dita morebitno okvaro opreme. Zato je za varno in u\u010dinkovito delovanje klju\u010dnega pomena, da se pravilna WLL in velikost ujemata s predvideno uporabo.<\/p>\n<p>Razumevanje prednosti razli\u010dnih materialov in zaklju\u010dnih obdelav je lahko dodatna usmeritev pri izbiri. Na primer, okovi iz pocinkanega jekla z vijaki so bolj odporni proti koroziji, zato so idealni za te\u017eka ali morska okolja. Poleg tega zasnova z vijakom in matico, kot je vidna pri modelih G2130 in G2140, zagotavlja raven stabilnosti in varnosti, ki je pri drugih vrstah okovov ni mogo\u010de najti. Ta konfiguracija zmanj\u0161uje verjetnost zdrsa zati\u010da, zato so te okove primerne za uporabo, kjer se lahko breme premika ali vibrira, na primer pri prevozu ali dvigovanju v te\u017eki industriji.<\/p>\n<p>Vzdr\u017eevanje je \u0161e en dejavnik, ki vpliva na \u017eivljenjsko dobo in u\u010dinkovitost vija\u010dnih okovov. Redni pregledi so nujni, da se zagotovi, da okovi niso korodirani, deformirani ali utrujeni. Strankam, ki kupujejo pri podjetju Qingdao H&amp;F, ponujamo smernice za uporabo in nasvete za vzdr\u017eevanje, prilagojene razli\u010dnim potrebam industrije, ki pomagajo podalj\u0161ati \u017eivljenjsko dobo izdelka in pove\u010dati njegovo vrednost. Na\u0161a ekipa lahko kupcem pomaga pri postopkih vzdr\u017eevanja, ki zagotavljajo varno in zanesljivo delovanje vsakega oklepa, s \u010dimer krepimo svojo zavezanost k zadovoljstvu strank in varnosti delovanja.<\/p>\n<p>\u010ce povzamemo, imajo vija\u010dne sponke, kot sta G2130 in G2140, nepogre\u0161ljivo vlogo v razli\u010dnih industrijskih aplikacijah. Njihova edinstvena zasnova in vsestranskost jim omogo\u010data, da se prilagodijo zahtevam velikih obremenitev, hkrati pa zagotavljajo varnost z mehanizmom pritrditve z vijakom in matico. Za kupce je izbira zanesljivega dobavitelja klju\u010dnega pomena za pridobitev izdelkov, ki izpolnjujejo stroge standarde kakovosti. Podjetje Qingdao H&amp;F ponuja kombinacijo hitre dobave, obse\u017enega preverjanja kakovosti in individualnih storitev, s \u010dimer zagotavlja, da vsak nakup pove\u010da produktivnost, varnost in enostavnost uporabe za vsako stranko.<\/p>\n<p>Z nenehno zavezanostjo kakovosti in storitvam za stranke \u017eelimo postati zaupanja vreden partner za kupce, ki i\u0161\u010dejo visoko zmogljive vija\u010dne okove, ki so odporni na zahtevna okolja.<\/p>\n<p><strong>G2130 okov<\/strong><\/p>\n<p><img fetchpriority=\"high\" decoding=\"async\" class=\"alignnone size-full wp-image-3831\" src=\"http:\/\/qingdaohf.com\/wp-content\/uploads\/2023\/05\/G2130.jpg\" alt=\"G2130 okov\" width=\"1000\" height=\"1158\" srcset=\"https:\/\/qingdaohf.com\/wp-content\/uploads\/2023\/05\/G2130.jpg 1000w, https:\/\/qingdaohf.com\/wp-content\/uploads\/2023\/05\/G2130-259x300.jpg 259w, https:\/\/qingdaohf.com\/wp-content\/uploads\/2023\/05\/G2130-884x1024.jpg 884w, https:\/\/qingdaohf.com\/wp-content\/uploads\/2023\/05\/G2130-768x889.jpg 768w\" sizes=\"(max-width: 1000px) 100vw, 1000px\" \/><\/p>\n<p><strong>G2130A okovje<\/strong><\/p>\n<p><img decoding=\"async\" class=\"alignnone size-full wp-image-3832\" src=\"http:\/\/qingdaohf.com\/wp-content\/uploads\/2023\/05\/G2130A.jpg\" alt=\"G2130A okovje\" width=\"1000\" height=\"783\" srcset=\"https:\/\/qingdaohf.com\/wp-content\/uploads\/2023\/05\/G2130A.jpg 1000w, https:\/\/qingdaohf.com\/wp-content\/uploads\/2023\/05\/G2130A-300x235.jpg 300w, https:\/\/qingdaohf.com\/wp-content\/uploads\/2023\/05\/G2130A-768x601.jpg 768w\" sizes=\"(max-width: 1000px) 100vw, 1000px\" \/><\/p>\n<p><strong>G2140 okovje<\/strong><\/p>\n<p><img decoding=\"async\" class=\"alignnone size-full wp-image-3833\" src=\"http:\/\/qingdaohf.com\/wp-content\/uploads\/2023\/05\/G2140.jpg\" alt=\"G2140 okovje\" width=\"1000\" height=\"1202\" srcset=\"https:\/\/qingdaohf.com\/wp-content\/uploads\/2023\/05\/G2140.jpg 1000w, https:\/\/qingdaohf.com\/wp-content\/uploads\/2023\/05\/G2140-250x300.jpg 250w, https:\/\/qingdaohf.com\/wp-content\/uploads\/2023\/05\/G2140-852x1024.jpg 852w, https:\/\/qingdaohf.com\/wp-content\/uploads\/2023\/05\/G2140-768x923.jpg 768w\" sizes=\"(max-width: 1000px) 100vw, 1000px\" \/><\/p>","protected":false},"excerpt":{"rendered":"<p>Okovi z vijaki, kot sta priljubljena modela G2130 in G2140, so bistveni sestavni deli opreme za dvigovanje, vleko in pritrjevanje te\u017ekih bremen. Te okove so zelo razli\u010dnih zmogljivosti, saj podpirajo omejitve delovne obremenitve (WLL) od 0,33 tone do 150 ton, velikosti pa obi\u010dajno segajo od 1\/4 palca do 3 palcev. Kupci pogosto dajejo prednost trdnosti, trajnosti in varnostnim zagotovilom, zato so poro\u010dila o preverjanju kakovosti klju\u010dni dejavnik pri odlo\u010danju o nakupu. V podjetju Qingdao H&amp;F to izku\u0161njo izbolj\u0161ujemo s hitrim dobavnim ciklom, individualno podporo strankam in celovitim preverjanjem kakovosti s poro\u010dili o pregledih. Te storitve poudarjajo na\u0161o zavezanost zagotavljanju, da kupci prejmejo zanesljive in visoko zmogljive okove, prilagojene njihovim zahtevam.<\/p>","protected":false},"featured_media":6468,"comment_status":"open","ping_status":"closed","template":"","meta":{"site-sidebar-layout":"default","site-content-layout":"","ast-site-content-layout":"default","site-content-style":"default","site-sidebar-style":"default","ast-global-header-display":"","ast-banner-title-visibility":"","ast-main-header-display":"","ast-hfb-above-header-display":"","ast-hfb-below-header-display":"","ast-hfb-mobile-header-display":"","site-post-title":"","ast-breadcrumbs-content":"","ast-featured-img":"","footer-sml-layout":"","theme-transparent-header-meta":"default","adv-header-id-meta":"","stick-header-meta":"default","header-above-stick-meta":"","header-main-stick-meta":"","header-below-stick-meta":"","astra-migrate-meta-layouts":"set","ast-page-background-enabled":"default","ast-page-background-meta":{"desktop":{"background-color":"","background-image":"","background-repeat":"repeat","background-position":"center center","background-size":"auto","background-attachment":"scroll","background-type":"","background-media":"","overlay-type":"","overlay-color":"","overlay-opacity":"","overlay-gradient":""},"tablet":{"background-color":"","background-image":"","background-repeat":"repeat","background-position":"center center","background-size":"auto","background-attachment":"scroll","background-type":"","background-media":"","overlay-type":"","overlay-color":"","overlay-opacity":"","overlay-gradient":""},"mobile":{"background-color":"","background-image":"","background-repeat":"repeat","background-position":"center center","background-size":"auto","background-attachment":"scroll","background-type":"","background-media":"","overlay-type":"","overlay-color":"","overlay-opacity":"","overlay-gradient":""}},"ast-content-background-meta":{"desktop":{"background-color":"var(--ast-global-color-5)","background-image":"","background-repeat":"repeat","background-position":"center center","background-size":"auto","background-attachment":"scroll","background-type":"","background-media":"","overlay-type":"","overlay-color":"","overlay-opacity":"","overlay-gradient":""},"tablet":{"background-color":"var(--ast-global-color-5)","background-image":"","background-repeat":"repeat","background-position":"center center","background-size":"auto","background-attachment":"scroll","background-type":"","background-media":"","overlay-type":"","overlay-color":"","overlay-opacity":"","overlay-gradient":""},"mobile":{"background-color":"var(--ast-global-color-5)","background-image":"","background-repeat":"repeat","background-position":"center center","background-size":"auto","background-attachment":"scroll","background-type":"","background-media":"","overlay-type":"","overlay-color":"","overlay-opacity":"","overlay-gradient":""}}},"product_brand":[],"product_cat":[51,54],"product_tag":[],"class_list":{"0":"post-6490","1":"product","2":"type-product","3":"status-publish","4":"has-post-thumbnail","6":"product_cat-riggging-hardware","7":"product_cat-shackle","8":"desktop-align-left","9":"tablet-align-left","10":"mobile-align-left","11":"ast-product-gallery-layout-horizontal-slider","12":"ast-product-tabs-layout-horizontal","14":"first","15":"instock","16":"shipping-taxable","17":"purchasable","18":"product-type-simple"},"yoast_head":"<!-- This site is optimized with the Yoast SEO plugin v25.2 - https:\/\/yoast.com\/wordpress\/plugins\/seo\/ -->\n<title>Bolt Type Shackle<\/title>\n<meta name=\"description\" content=\"A bolt-type shackle is a type of hardware that is used to connect chains, ropes, or cables together.\" \/>\n<meta name=\"robots\" content=\"index, follow, max-snippet:-1, max-image-preview:large, max-video-preview:-1\" \/>\n<link rel=\"canonical\" href=\"https:\/\/qingdaohf.com\/sl\/izdelek\/vijacni-okov\/\" \/>\n<meta property=\"og:locale\" content=\"sl_SI\" \/>\n<meta property=\"og:type\" content=\"article\" \/>\n<meta property=\"og:title\" content=\"Bolt Type Shackle\" \/>\n<meta property=\"og:description\" content=\"A bolt-type shackle is a type of hardware that is used to connect chains, ropes, or cables together.\" \/>\n<meta property=\"og:url\" content=\"https:\/\/qingdaohf.com\/sl\/izdelek\/vijacni-okov\/\" \/>\n<meta property=\"og:site_name\" content=\"Concrete Form &amp; Rigging Hardware Supplier\" \/>\n<meta property=\"article:publisher\" content=\"https:\/\/www.facebook.com\/qingdaohf\" \/>\n<meta property=\"article:modified_time\" content=\"2025-11-13T01:03:38+00:00\" \/>\n<meta property=\"og:image\" content=\"https:\/\/qingdaohf.com\/wp-content\/uploads\/2024\/02\/HF-SHACKLE-4.jpg\" \/>\n\t<meta property=\"og:image:width\" content=\"1000\" \/>\n\t<meta property=\"og:image:height\" content=\"1000\" \/>\n\t<meta property=\"og:image:type\" content=\"image\/jpeg\" \/>\n<meta name=\"twitter:card\" content=\"summary_large_image\" \/>\n<meta name=\"twitter:label1\" content=\"Est. reading time\" \/>\n\t<meta name=\"twitter:data1\" content=\"5 minut\" \/>\n<script type=\"application\/ld+json\" class=\"yoast-schema-graph\">{\"@context\":\"https:\/\/schema.org\",\"@graph\":[{\"@type\":\"WebPage\",\"@id\":\"https:\/\/qingdaohf.com\/product\/bolt-type-shackle\/\",\"url\":\"https:\/\/qingdaohf.com\/product\/bolt-type-shackle\/\",\"name\":\"Bolt Type Shackle\",\"isPartOf\":{\"@id\":\"https:\/\/qingdaohf.com\/bg\/#website\"},\"primaryImageOfPage\":{\"@id\":\"https:\/\/qingdaohf.com\/product\/bolt-type-shackle\/#primaryimage\"},\"image\":{\"@id\":\"https:\/\/qingdaohf.com\/product\/bolt-type-shackle\/#primaryimage\"},\"thumbnailUrl\":\"https:\/\/qingdaohf.com\/wp-content\/uploads\/2024\/02\/HF-SHACKLE-4.jpg\",\"datePublished\":\"2024-02-02T08:39:40+00:00\",\"dateModified\":\"2025-11-13T01:03:38+00:00\",\"description\":\"A bolt-type shackle is a type of hardware that is used to connect chains, ropes, or cables together.\",\"breadcrumb\":{\"@id\":\"https:\/\/qingdaohf.com\/product\/bolt-type-shackle\/#breadcrumb\"},\"inLanguage\":\"sl-SI\",\"potentialAction\":[{\"@type\":\"ReadAction\",\"target\":[\"https:\/\/qingdaohf.com\/product\/bolt-type-shackle\/\"]}]},{\"@type\":\"ImageObject\",\"inLanguage\":\"sl-SI\",\"@id\":\"https:\/\/qingdaohf.com\/product\/bolt-type-shackle\/#primaryimage\",\"url\":\"https:\/\/qingdaohf.com\/wp-content\/uploads\/2024\/02\/HF-SHACKLE-4.jpg\",\"contentUrl\":\"https:\/\/qingdaohf.com\/wp-content\/uploads\/2024\/02\/HF-SHACKLE-4.jpg\",\"width\":1000,\"height\":1000,\"caption\":\"bolt type SHACKLE\"},{\"@type\":\"BreadcrumbList\",\"@id\":\"https:\/\/qingdaohf.com\/product\/bolt-type-shackle\/#breadcrumb\",\"itemListElement\":[{\"@type\":\"ListItem\",\"position\":1,\"name\":\"Home\",\"item\":\"https:\/\/qingdaohf.com\/\"},{\"@type\":\"ListItem\",\"position\":2,\"name\":\"Concrete Forming Accessories and Rigging Hardware\",\"item\":\"https:\/\/qingdaohf.com\/bg\/?page_id=944\"},{\"@type\":\"ListItem\",\"position\":3,\"name\":\"Bolt Type Shackle\"}]},{\"@type\":\"WebSite\",\"@id\":\"https:\/\/qingdaohf.com\/bg\/#website\",\"url\":\"https:\/\/qingdaohf.com\/bg\/\",\"name\":\"Concrete Form & Rigging Hardware Supplier\",\"description\":\"\",\"publisher\":{\"@id\":\"https:\/\/qingdaohf.com\/bg\/#organization\"},\"potentialAction\":[{\"@type\":\"SearchAction\",\"target\":{\"@type\":\"EntryPoint\",\"urlTemplate\":\"https:\/\/qingdaohf.com\/bg\/?s={search_term_string}\"},\"query-input\":{\"@type\":\"PropertyValueSpecification\",\"valueRequired\":true,\"valueName\":\"search_term_string\"}}],\"inLanguage\":\"sl-SI\"},{\"@type\":\"Organization\",\"@id\":\"https:\/\/qingdaohf.com\/bg\/#organization\",\"name\":\"Qingdao H&F\",\"url\":\"https:\/\/qingdaohf.com\/bg\/\",\"logo\":{\"@type\":\"ImageObject\",\"inLanguage\":\"sl-SI\",\"@id\":\"https:\/\/qingdaohf.com\/bg\/#\/schema\/logo\/image\/\",\"url\":\"https:\/\/qingdaohf.com\/wp-content\/uploads\/2022\/12\/cropped-HF-LOGO.png\",\"contentUrl\":\"https:\/\/qingdaohf.com\/wp-content\/uploads\/2022\/12\/cropped-HF-LOGO.png\",\"width\":391,\"height\":249,\"caption\":\"Qingdao H&F\"},\"image\":{\"@id\":\"https:\/\/qingdaohf.com\/bg\/#\/schema\/logo\/image\/\"},\"sameAs\":[\"https:\/\/www.facebook.com\/qingdaohf\"]}]}<\/script>\n<!-- \/ Yoast SEO plugin. -->","yoast_head_json":{"title":"Bolt Type Shackle","description":"A bolt-type shackle is a type of hardware that is used to connect chains, ropes, or cables together.","robots":{"index":"index","follow":"follow","max-snippet":"max-snippet:-1","max-image-preview":"max-image-preview:large","max-video-preview":"max-video-preview:-1"},"canonical":"https:\/\/qingdaohf.com\/sl\/izdelek\/vijacni-okov\/","og_locale":"sl_SI","og_type":"article","og_title":"Bolt Type Shackle","og_description":"A bolt-type shackle is a type of hardware that is used to connect chains, ropes, or cables together.","og_url":"https:\/\/qingdaohf.com\/sl\/izdelek\/vijacni-okov\/","og_site_name":"Concrete Form &amp; Rigging Hardware Supplier","article_publisher":"https:\/\/www.facebook.com\/qingdaohf","article_modified_time":"2025-11-13T01:03:38+00:00","og_image":[{"width":1000,"height":1000,"url":"https:\/\/qingdaohf.com\/wp-content\/uploads\/2024\/02\/HF-SHACKLE-4.jpg","type":"image\/jpeg"}],"twitter_card":"summary_large_image","twitter_misc":{"Est. reading time":"5 minut"},"schema":{"@context":"https:\/\/schema.org","@graph":[{"@type":"WebPage","@id":"https:\/\/qingdaohf.com\/product\/bolt-type-shackle\/","url":"https:\/\/qingdaohf.com\/product\/bolt-type-shackle\/","name":"Bolt Type Shackle","isPartOf":{"@id":"https:\/\/qingdaohf.com\/bg\/#website"},"primaryImageOfPage":{"@id":"https:\/\/qingdaohf.com\/product\/bolt-type-shackle\/#primaryimage"},"image":{"@id":"https:\/\/qingdaohf.com\/product\/bolt-type-shackle\/#primaryimage"},"thumbnailUrl":"https:\/\/qingdaohf.com\/wp-content\/uploads\/2024\/02\/HF-SHACKLE-4.jpg","datePublished":"2024-02-02T08:39:40+00:00","dateModified":"2025-11-13T01:03:38+00:00","description":"A bolt-type shackle is a type of hardware that is used to connect chains, ropes, or cables together.","breadcrumb":{"@id":"https:\/\/qingdaohf.com\/product\/bolt-type-shackle\/#breadcrumb"},"inLanguage":"sl-SI","potentialAction":[{"@type":"ReadAction","target":["https:\/\/qingdaohf.com\/product\/bolt-type-shackle\/"]}]},{"@type":"ImageObject","inLanguage":"sl-SI","@id":"https:\/\/qingdaohf.com\/product\/bolt-type-shackle\/#primaryimage","url":"https:\/\/qingdaohf.com\/wp-content\/uploads\/2024\/02\/HF-SHACKLE-4.jpg","contentUrl":"https:\/\/qingdaohf.com\/wp-content\/uploads\/2024\/02\/HF-SHACKLE-4.jpg","width":1000,"height":1000,"caption":"bolt type SHACKLE"},{"@type":"BreadcrumbList","@id":"https:\/\/qingdaohf.com\/product\/bolt-type-shackle\/#breadcrumb","itemListElement":[{"@type":"ListItem","position":1,"name":"Home","item":"https:\/\/qingdaohf.com\/"},{"@type":"ListItem","position":2,"name":"Concrete Forming Accessories and Rigging Hardware","item":"https:\/\/qingdaohf.com\/bg\/?page_id=944"},{"@type":"ListItem","position":3,"name":"Bolt Type Shackle"}]},{"@type":"WebSite","@id":"https:\/\/qingdaohf.com\/bg\/#website","url":"https:\/\/qingdaohf.com\/bg\/","name":"Concrete Form & Rigging Hardware Supplier","description":"","publisher":{"@id":"https:\/\/qingdaohf.com\/bg\/#organization"},"potentialAction":[{"@type":"SearchAction","target":{"@type":"EntryPoint","urlTemplate":"https:\/\/qingdaohf.com\/bg\/?s={search_term_string}"},"query-input":{"@type":"PropertyValueSpecification","valueRequired":true,"valueName":"search_term_string"}}],"inLanguage":"sl-SI"},{"@type":"Organization","@id":"https:\/\/qingdaohf.com\/bg\/#organization","name":"Qingdao H&F","url":"https:\/\/qingdaohf.com\/bg\/","logo":{"@type":"ImageObject","inLanguage":"sl-SI","@id":"https:\/\/qingdaohf.com\/bg\/#\/schema\/logo\/image\/","url":"https:\/\/qingdaohf.com\/wp-content\/uploads\/2022\/12\/cropped-HF-LOGO.png","contentUrl":"https:\/\/qingdaohf.com\/wp-content\/uploads\/2022\/12\/cropped-HF-LOGO.png","width":391,"height":249,"caption":"Qingdao H&F"},"image":{"@id":"https:\/\/qingdaohf.com\/bg\/#\/schema\/logo\/image\/"},"sameAs":["https:\/\/www.facebook.com\/qingdaohf"]}]}},"_links":{"self":[{"href":"https:\/\/qingdaohf.com\/sl\/wp-json\/wp\/v2\/product\/6490","targetHints":{"allow":["GET"]}}],"collection":[{"href":"https:\/\/qingdaohf.com\/sl\/wp-json\/wp\/v2\/product"}],"about":[{"href":"https:\/\/qingdaohf.com\/sl\/wp-json\/wp\/v2\/types\/product"}],"replies":[{"embeddable":true,"href":"https:\/\/qingdaohf.com\/sl\/wp-json\/wp\/v2\/comments?post=6490"}],"version-history":[{"count":9,"href":"https:\/\/qingdaohf.com\/sl\/wp-json\/wp\/v2\/product\/6490\/revisions"}],"predecessor-version":[{"id":8214,"href":"https:\/\/qingdaohf.com\/sl\/wp-json\/wp\/v2\/product\/6490\/revisions\/8214"}],"wp:featuredmedia":[{"embeddable":true,"href":"https:\/\/qingdaohf.com\/sl\/wp-json\/wp\/v2\/media\/6468"}],"wp:attachment":[{"href":"https:\/\/qingdaohf.com\/sl\/wp-json\/wp\/v2\/media?parent=6490"}],"wp:term":[{"taxonomy":"product_brand","embeddable":true,"href":"https:\/\/qingdaohf.com\/sl\/wp-json\/wp\/v2\/product_brand?post=6490"},{"taxonomy":"product_cat","embeddable":true,"href":"https:\/\/qingdaohf.com\/sl\/wp-json\/wp\/v2\/product_cat?post=6490"},{"taxonomy":"product_tag","embeddable":true,"href":"https:\/\/qingdaohf.com\/sl\/wp-json\/wp\/v2\/product_tag?post=6490"}],"curies":[{"name":"wp","href":"https:\/\/api.w.org\/{rel}","templated":true}]}}