{"id":6504,"date":"2024-02-05T09:54:52","date_gmt":"2024-02-05T01:54:52","guid":{"rendered":"http:\/\/qingdaohf.com\/?post_type=product&#038;p=6504"},"modified":"2025-11-13T09:03:38","modified_gmt":"2025-11-13T01:03:38","slug":"bent-eye-bolt","status":"publish","type":"product","link":"https:\/\/qingdaohf.com\/sl\/izdelek\/upognjen-vijak-z-ocesom\/","title":{"rendered":"Bent Eye Bolt"},"content":{"rendered":"<h2 class=\"text-2xl font-bold mt-1 text-text-200\">In\u017eenirska odli\u010dnost: Vijak z upognjenim o\u010desom<\/h2>\n<p class=\"whitespace-pre-wrap break-words\">Upognjeni vijak z o\u010desom je primer najbolj\u0161ega prakti\u010dnega in\u017eeniringa. Njegova ukrivljena oblika ne sledi obi\u010dajnim oblikam pritrdilnih elementov, temve\u010d revolucionarno spreminja porazdelitev obremenitve, zaradi \u010desar je bistvenega pomena za te\u017eke aplikacije pri vleki, pritrjevanju in zavarovanju strojev.<\/p>\n<div class=\"ast-oembed-container\" style=\"height: 100%;\"><iframe title=\"Izbolj\u0161ajte svoje re\u0161itve za pritrjevanje z na\u0161imi upognjenimi o\u010desnimi vijaki!\" width=\"500\" height=\"281\" src=\"https:\/\/www.youtube.com\/embed\/hRsRZXPqmSo?feature=oembed\" frameborder=\"0\" allow=\"accelerometer; autoplay; clipboard-write; encrypted-media; gyroscope; picture-in-picture; web-share\" referrerpolicy=\"strict-origin-when-cross-origin\" allowfullscreen><\/iframe><\/div>\n<h2 class=\"text-xl font-bold text-text-200 mt-1 -mb-0.5\">Jedro in\u017eenirstva in materialov<\/h2>\n<p class=\"whitespace-pre-wrap break-words\">In\u017eenirji skrbno izbirajo vrhunske kovine, ki prepre\u010dujejo korozijo in so hkrati odporne na velike mehanske obremenitve. Strate\u0161ki postopek upogibanja zmanj\u0161uje to\u010dke koncentracije napetosti, ki so zna\u010dilna slabost tradicionalnih vijakov z u\u0161esi. Ta premi\u0161ljena in\u017eenirska re\u0161itev zagotavlja izjemno vzdr\u017eljivost tudi v zahtevnih razmerah. Vsak sestavni del je natan\u010dno izdelan, da se ohrani stabilnost med dinami\u010dnim delovanjem.<\/p>\n<p class=\"whitespace-pre-wrap break-words\">V na\u0161i proizvodnji uporabljamo najsodobnej\u0161e tehnike, pri \u010demer ohranjamo stroge standarde kakovosti. Pred odpremo vsak vijak opravi obse\u017eno testiranje za natan\u010dnost dimenzij, trdnost materiala in nosilnost. Te celovite ocene, ki so osrednji del na\u0161ega sistema kakovosti, ka\u017eejo, kako na\u0161i izdelki dosledno presegajo zahteve industrije. Ohranjamo popolno preglednost, saj ob po\u0161iljkah po\u0161iljamo podrobno dokumentacijo o pregledih.<\/p>\n<h2 class=\"text-xl font-bold text-text-200 mt-1 -mb-0.5\">Aplikacije in nastavitve v resni\u010dnem svetu<\/h2>\n<h3 class=\"text-lg font-bold text-text-200 mt-1 -mb-1.5\">Izvajanje v industriji<\/h3>\n<p class=\"whitespace-pre-wrap break-words\">Strokovnjaki se pri za\u0161\u010diti dragocene opreme zana\u0161ajo na upognjene o\u010desne vijake - od gradbi\u0161\u010d do morskih plovil. Vsestranska zasnova omogo\u010da razli\u010dne scenarije, ki zahtevajo prilagodljivost in strukturno celovitost. Ti vijaki so nepogre\u0161ljivi pri dvigovanju te\u017ekih bremen, pritrjevanju opreme v neugodnih vremenskih razmerah ali povezovanju sestavnih delov industrijskih strojev. Njihova posebna oblika zagotavlja optimalno porazdelitev sile in ohranja ravnovesje tovora med delovanjem.<\/p>\n<h3 class=\"text-lg font-bold text-text-200 mt-1 -mb-1.5\">Uporabniku prijazna namestitev<\/h3>\n<p class=\"whitespace-pre-wrap break-words\">Zaradi intuitivne zasnove, ki skraj\u0161a \u010das usposabljanja, delavci hitro obvladajo preprost postopek namestitve. Edinstvena krivulja vijaka omogo\u010da varno pritrditev na razli\u010dne materiale - od jeklenih nosilcev do betona. Ta prilagodljivost poenostavi monta\u017eo in skraj\u0161a \u010das zastojev pri vzdr\u017eevanju, kar neposredno izbolj\u0161a operativno u\u010dinkovitost in zmanj\u0161a stro\u0161ke.<\/p>\n<h3 class=\"text-lg font-bold text-text-200 mt-1 -mb-1.5\">Izbolj\u0161ane varnostne funkcije<\/h3>\n<p class=\"whitespace-pre-wrap break-words\">Z upognjenim vijakom z o\u010desom se s pametno konstrukcijo re\u0161ujejo klju\u010dni varnostni problemi. Uporabniki zaupajo v njegovo sposobnost prepre\u010devanja zdrsa ali nepravilne nastavitve pod obremenitvijo. Izra\u010dunana krivulja o\u010desa preusmerja sile stran od potencialnih to\u010dk okvare, kar zmanj\u0161uje tveganje okvare med kriti\u010dnimi nalogami. Podjetja, ki uporabljajo te vijake, obi\u010dajno poro\u010dajo o manj incidentih in ve\u010dji zanesljivosti.<\/p>\n<h2 class=\"text-xl font-bold text-text-200 mt-1 -mb-0.5\">Zagotavljanje kakovosti in podpora<\/h2>\n<h3 class=\"text-lg font-bold text-text-200 mt-1 -mb-1.5\">Strogi protokol testiranja<\/h3>\n<p class=\"whitespace-pre-wrap break-words\">Preden zapusti na\u0161o ustanovo, je vsak vijak celovito ocenjen. Ker razumemo, da so aplikacije, ki so pomembne za varnost, hranimo podrobno dokumentacijo o delovanju. V na\u0161ih poro\u010dilih o kakovosti so opisane posebne metrike in lastnosti materialov, ki dokazujejo dolgoro\u010dno zanesljivost v te\u017ekih razmerah.<\/p>\n<h3 class=\"text-lg font-bold text-text-200 mt-1 -mb-1.5\">Storitve, osredoto\u010dene na stranke<\/h3>\n<p class=\"whitespace-pre-wrap break-words\">Tehni\u010dno strokovno znanje zdru\u017eujemo s prilagojeno pozornostjo. Stranke prejmejo namensko podporo za vpra\u0161anja pred nakupom in stalno pomo\u010d. Na\u0161a ekipa ponuja podrobne napotke za namestitev, vzdr\u017eevanje in odpravljanje te\u017eav. Ta pristop zagotavlja celovito podporo v celotnem \u017eivljenjskem ciklu izdelka. Hitra dobava \u0161e pove\u010da zadovoljstvo, saj zmanj\u0161uje zamude pri projektu.<\/p>\n<h3 class=\"text-lg font-bold text-text-200 mt-1 -mb-1.5\">Nenehne inovacije<\/h3>\n<p class=\"whitespace-pre-wrap break-words\">Z rednimi nalo\u017ebami v raziskave ohranjamo na\u0161e izdelke v tehnolo\u0161kem vrhu. Sodelujemo s strokovnjaki s tega podro\u010dja, da bi izbolj\u0161ali zasnove in proizvodne metode. Ta zavezanost dviguje industrijske standarde in hkrati zagotavlja stro\u0161kovno u\u010dinkovite re\u0161itve. Na\u0161a osredoto\u010denost na napredek zajema in\u017eeniring in podporo strankam, pri \u010demer dajemo prednost odli\u010dnosti na vsakem koraku.<\/p>\n<h3 class=\"text-lg font-bold text-text-200 mt-1 -mb-1.5\">Zanesljiva dostava<\/h3>\n<p class=\"whitespace-pre-wrap break-words\">Ker razumemo \u010dasovno ob\u010dutljive dejavnosti, vzdr\u017eujemo u\u010dinkovite sisteme dostave, ki izpolnjujejo zahtevne urnike. Na\u0161a logisti\u010dna ekipa zagotavlja hitro obdelavo in odpremo naro\u010dil. Kadar se pojavijo izzivi, proaktivno komuniciramo in zagotavljamo alternativne re\u0161itve, da bi zmanj\u0161ali motnje.<\/p>\n<h2 class=\"text-xl font-bold text-text-200 mt-1 -mb-0.5\">Izobra\u017eevalna podpora in tehni\u010dna odli\u010dnost<\/h2>\n<p class=\"whitespace-pre-wrap break-words\">Skupaj s strojno opremo zagotavljamo tudi obse\u017eno tehni\u010dno dokumentacijo in gradivo za usposabljanje. S podrobnimi vodniki in svetovanjem stranke osvojijo pravilne tehnike uporabe. Ta izmenjava znanja prepre\u010duje pogoste te\u017eave in s pravilnim vzdr\u017eevanjem podalj\u0161uje \u017eivljenjsko dobo izdelka.<\/p>\n<p class=\"whitespace-pre-wrap break-words\">Natan\u010den in\u017eeniring vsakega vijaka odra\u017ea na\u0161o predanost zmogljivosti. V kriti\u010dnih okoljih ti vijaki zagotavljajo varne povezave, ki zmanj\u0161ujejo tveganja pri rokovanju. Ta zanesljivost se izka\u017ee za klju\u010dno tam, kjer ima lahko odpoved opreme resne posledice.<\/p>\n<p class=\"whitespace-pre-wrap break-words\">Na\u0161i ukrepi za kakovost optimizirajo vse vidike za vrhunsko delovanje. Z zdru\u017eevanjem napredne znanosti o materialih in natan\u010dnega in\u017eeniringa dosegamo vedno bolj\u0161e rezultate. Ta predanost odli\u010dnosti pomeni minimalno potrebo po zamenjavi in trajno u\u010dinkovitost delovanja.<\/p>\n<p class=\"whitespace-pre-wrap break-words\">Povratne informacije strank spodbujajo nenehne izbolj\u0161ave, vpogledi pa oblikujejo prihodnji razvoj. Ta sodelovalni pristop vodi do prakti\u010dnih izbolj\u0161av na podro\u010dju varnosti in u\u010dinkovitosti. Stalni dialog krepi odnose in hkrati izbolj\u0161uje zmogljivosti izdelkov.<\/p>\n<h2 class=\"text-xl font-bold text-text-200 mt-1 -mb-0.5\">Zaklju\u010dek<\/h2>\n<p class=\"whitespace-pre-wrap break-words\">Upognjeni o\u010desni vijak predstavlja zdru\u017eitev in\u017eenirske odli\u010dnosti in prakti\u010dnih varnostnih funkcij. Njegova inovativna zasnova zagotavlja optimalno upravljanje obremenitve in trajno vzdr\u017eljivost, ki je podprta s temeljitim nadzorom kakovosti. V kombinaciji z odzivnimi storitvami za stranke in zanesljivo dobavo je idealna re\u0161itev za dejavnosti, ki zahtevajo dosledno delovanje. \u0160e naprej izpopolnjujemo svoje zasnove in zagotavljamo izdelke, ki pove\u010dujejo u\u010dinkovitost in varnost delovanja.<\/p>\n<p class=\"whitespace-pre-wrap break-words\">Na\u0161 celovit pristop - od za\u010detnega na\u010drtovanja do stalne podpore - ka\u017ee na zavezanost trajnim re\u0161itvam. Izbira na\u0161ih upognjenih o\u010desnih vijakov pomeni nalo\u017ebo v na terenu preverjeno zanesljivost s strokovno podporo. Izkusite razliko, ki jo premi\u0161ljen in\u017eeniring in predana podpora prina\u0161ata v va\u0161e dejavnosti.<\/p>","protected":false},"excerpt":{"rendered":"<p data-sourcepos=\"5:1-5:37\">Tukaj je na\u0161 skrbno zasnovan upognjen vijak z u\u0161esom, ki je posebej ustvarjen za pritrjevanje te\u017ekih bremen in splo\u0161ne aplikacije za pritrjevanje. Na\u0161 izdelek izpolnjuje glavne skrbi kupcev z odli\u010dno vzdr\u017eljivostjo, preprosto namestitvijo in brezkompromisno varnostjo v te\u017ekih razmerah. Kot zanesljivo trgovsko podjetje zagotavljamo individualne storitve za stranke, pravo\u010dasne dobavne roke in podrobna poro\u010dila o pregledu kakovosti, tako da je vsaka stranka lahko prepri\u010dana, da bo prejela zanesljivo, visokokakovostno strojno opremo v skladu s svojimi posebnimi zahtevami.<\/p>","protected":false},"featured_media":6506,"comment_status":"open","ping_status":"closed","template":"","meta":{"site-sidebar-layout":"default","site-content-layout":"","ast-site-content-layout":"default","site-content-style":"default","site-sidebar-style":"default","ast-global-header-display":"","ast-banner-title-visibility":"","ast-main-header-display":"","ast-hfb-above-header-display":"","ast-hfb-below-header-display":"","ast-hfb-mobile-header-display":"","site-post-title":"","ast-breadcrumbs-content":"","ast-featured-img":"","footer-sml-layout":"","theme-transparent-header-meta":"default","adv-header-id-meta":"","stick-header-meta":"default","header-above-stick-meta":"","header-main-stick-meta":"","header-below-stick-meta":"","astra-migrate-meta-layouts":"set","ast-page-background-enabled":"default","ast-page-background-meta":{"desktop":{"background-color":"","background-image":"","background-repeat":"repeat","background-position":"center center","background-size":"auto","background-attachment":"scroll","background-type":"","background-media":"","overlay-type":"","overlay-color":"","overlay-opacity":"","overlay-gradient":""},"tablet":{"background-color":"","background-image":"","background-repeat":"repeat","background-position":"center center","background-size":"auto","background-attachment":"scroll","background-type":"","background-media":"","overlay-type":"","overlay-color":"","overlay-opacity":"","overlay-gradient":""},"mobile":{"background-color":"","background-image":"","background-repeat":"repeat","background-position":"center center","background-size":"auto","background-attachment":"scroll","background-type":"","background-media":"","overlay-type":"","overlay-color":"","overlay-opacity":"","overlay-gradient":""}},"ast-content-background-meta":{"desktop":{"background-color":"var(--ast-global-color-5)","background-image":"","background-repeat":"repeat","background-position":"center center","background-size":"auto","background-attachment":"scroll","background-type":"","background-media":"","overlay-type":"","overlay-color":"","overlay-opacity":"","overlay-gradient":""},"tablet":{"background-color":"var(--ast-global-color-5)","background-image":"","background-repeat":"repeat","background-position":"center center","background-size":"auto","background-attachment":"scroll","background-type":"","background-media":"","overlay-type":"","overlay-color":"","overlay-opacity":"","overlay-gradient":""},"mobile":{"background-color":"var(--ast-global-color-5)","background-image":"","background-repeat":"repeat","background-position":"center center","background-size":"auto","background-attachment":"scroll","background-type":"","background-media":"","overlay-type":"","overlay-color":"","overlay-opacity":"","overlay-gradient":""}}},"product_brand":[],"product_cat":[44],"product_tag":[],"class_list":{"0":"post-6504","1":"product","2":"type-product","3":"status-publish","4":"has-post-thumbnail","6":"product_cat-stainless-steel-poduct","7":"desktop-align-left","8":"tablet-align-left","9":"mobile-align-left","10":"ast-product-gallery-layout-horizontal-slider","11":"ast-product-tabs-layout-horizontal","13":"first","14":"instock","15":"shipping-taxable","16":"purchasable","17":"product-type-simple"},"yoast_head":"<!-- This site is optimized with the Yoast SEO plugin v25.2 - https:\/\/yoast.com\/wordpress\/plugins\/seo\/ -->\n<title>Bent Eye Bolt<\/title>\n<meta name=\"description\" content=\"Qingdao H&amp;F, your reliable supplier for over 20 years, offers top-quality bent eye bolts for diverse lifting and rigging applications.\" \/>\n<meta name=\"robots\" content=\"index, follow, max-snippet:-1, max-image-preview:large, max-video-preview:-1\" \/>\n<link rel=\"canonical\" href=\"https:\/\/qingdaohf.com\/sl\/izdelek\/upognjen-vijak-z-ocesom\/\" \/>\n<meta property=\"og:locale\" content=\"sl_SI\" \/>\n<meta property=\"og:type\" content=\"article\" \/>\n<meta property=\"og:title\" content=\"Bent Eye Bolt\" \/>\n<meta property=\"og:description\" content=\"Qingdao H&amp;F, your reliable supplier for over 20 years, offers top-quality bent eye bolts for diverse lifting and rigging applications.\" \/>\n<meta property=\"og:url\" content=\"https:\/\/qingdaohf.com\/sl\/izdelek\/upognjen-vijak-z-ocesom\/\" \/>\n<meta property=\"og:site_name\" content=\"Concrete Form &amp; Rigging Hardware Supplier\" \/>\n<meta property=\"article:publisher\" content=\"https:\/\/www.facebook.com\/qingdaohf\" \/>\n<meta property=\"article:modified_time\" content=\"2025-11-13T01:03:38+00:00\" \/>\n<meta property=\"og:image\" content=\"https:\/\/qingdaohf.com\/wp-content\/uploads\/2024\/02\/HF-BENT-EYE-BOLT-1.jpg\" \/>\n\t<meta property=\"og:image:width\" content=\"1000\" \/>\n\t<meta property=\"og:image:height\" content=\"1000\" \/>\n\t<meta property=\"og:image:type\" content=\"image\/jpeg\" \/>\n<meta name=\"twitter:card\" content=\"summary_large_image\" \/>\n<meta name=\"twitter:label1\" content=\"Est. reading time\" \/>\n\t<meta name=\"twitter:data1\" content=\"4 minute\" \/>\n<script type=\"application\/ld+json\" class=\"yoast-schema-graph\">{\"@context\":\"https:\/\/schema.org\",\"@graph\":[{\"@type\":\"WebPage\",\"@id\":\"https:\/\/qingdaohf.com\/product\/bent-eye-bolt\/\",\"url\":\"https:\/\/qingdaohf.com\/product\/bent-eye-bolt\/\",\"name\":\"Bent Eye Bolt\",\"isPartOf\":{\"@id\":\"https:\/\/qingdaohf.com\/bg\/#website\"},\"primaryImageOfPage\":{\"@id\":\"https:\/\/qingdaohf.com\/product\/bent-eye-bolt\/#primaryimage\"},\"image\":{\"@id\":\"https:\/\/qingdaohf.com\/product\/bent-eye-bolt\/#primaryimage\"},\"thumbnailUrl\":\"https:\/\/qingdaohf.com\/wp-content\/uploads\/2024\/02\/HF-BENT-EYE-BOLT-1.jpg\",\"datePublished\":\"2024-02-05T01:54:52+00:00\",\"dateModified\":\"2025-11-13T01:03:38+00:00\",\"description\":\"Qingdao H&F, your reliable supplier for over 20 years, offers top-quality bent eye bolts for diverse lifting and rigging applications.\",\"breadcrumb\":{\"@id\":\"https:\/\/qingdaohf.com\/product\/bent-eye-bolt\/#breadcrumb\"},\"inLanguage\":\"sl-SI\",\"potentialAction\":[{\"@type\":\"ReadAction\",\"target\":[\"https:\/\/qingdaohf.com\/product\/bent-eye-bolt\/\"]}]},{\"@type\":\"ImageObject\",\"inLanguage\":\"sl-SI\",\"@id\":\"https:\/\/qingdaohf.com\/product\/bent-eye-bolt\/#primaryimage\",\"url\":\"https:\/\/qingdaohf.com\/wp-content\/uploads\/2024\/02\/HF-BENT-EYE-BOLT-1.jpg\",\"contentUrl\":\"https:\/\/qingdaohf.com\/wp-content\/uploads\/2024\/02\/HF-BENT-EYE-BOLT-1.jpg\",\"width\":1000,\"height\":1000,\"caption\":\"H&F BENT EYE BOLT\"},{\"@type\":\"BreadcrumbList\",\"@id\":\"https:\/\/qingdaohf.com\/product\/bent-eye-bolt\/#breadcrumb\",\"itemListElement\":[{\"@type\":\"ListItem\",\"position\":1,\"name\":\"Home\",\"item\":\"https:\/\/qingdaohf.com\/\"},{\"@type\":\"ListItem\",\"position\":2,\"name\":\"Concrete Forming Accessories and Rigging Hardware\",\"item\":\"https:\/\/qingdaohf.com\/bg\/?page_id=944\"},{\"@type\":\"ListItem\",\"position\":3,\"name\":\"Bent Eye Bolt\"}]},{\"@type\":\"WebSite\",\"@id\":\"https:\/\/qingdaohf.com\/bg\/#website\",\"url\":\"https:\/\/qingdaohf.com\/bg\/\",\"name\":\"Concrete Form & Rigging Hardware Supplier\",\"description\":\"\",\"publisher\":{\"@id\":\"https:\/\/qingdaohf.com\/bg\/#organization\"},\"potentialAction\":[{\"@type\":\"SearchAction\",\"target\":{\"@type\":\"EntryPoint\",\"urlTemplate\":\"https:\/\/qingdaohf.com\/bg\/?s={search_term_string}\"},\"query-input\":{\"@type\":\"PropertyValueSpecification\",\"valueRequired\":true,\"valueName\":\"search_term_string\"}}],\"inLanguage\":\"sl-SI\"},{\"@type\":\"Organization\",\"@id\":\"https:\/\/qingdaohf.com\/bg\/#organization\",\"name\":\"Qingdao H&F\",\"url\":\"https:\/\/qingdaohf.com\/bg\/\",\"logo\":{\"@type\":\"ImageObject\",\"inLanguage\":\"sl-SI\",\"@id\":\"https:\/\/qingdaohf.com\/bg\/#\/schema\/logo\/image\/\",\"url\":\"https:\/\/qingdaohf.com\/wp-content\/uploads\/2022\/12\/cropped-HF-LOGO.png\",\"contentUrl\":\"https:\/\/qingdaohf.com\/wp-content\/uploads\/2022\/12\/cropped-HF-LOGO.png\",\"width\":391,\"height\":249,\"caption\":\"Qingdao H&F\"},\"image\":{\"@id\":\"https:\/\/qingdaohf.com\/bg\/#\/schema\/logo\/image\/\"},\"sameAs\":[\"https:\/\/www.facebook.com\/qingdaohf\"]}]}<\/script>\n<!-- \/ Yoast SEO plugin. -->","yoast_head_json":{"title":"Bent Eye Bolt","description":"Qingdao H&F, your reliable supplier for over 20 years, offers top-quality bent eye bolts for diverse lifting and rigging applications.","robots":{"index":"index","follow":"follow","max-snippet":"max-snippet:-1","max-image-preview":"max-image-preview:large","max-video-preview":"max-video-preview:-1"},"canonical":"https:\/\/qingdaohf.com\/sl\/izdelek\/upognjen-vijak-z-ocesom\/","og_locale":"sl_SI","og_type":"article","og_title":"Bent Eye Bolt","og_description":"Qingdao H&F, your reliable supplier for over 20 years, offers top-quality bent eye bolts for diverse lifting and rigging applications.","og_url":"https:\/\/qingdaohf.com\/sl\/izdelek\/upognjen-vijak-z-ocesom\/","og_site_name":"Concrete Form &amp; Rigging Hardware Supplier","article_publisher":"https:\/\/www.facebook.com\/qingdaohf","article_modified_time":"2025-11-13T01:03:38+00:00","og_image":[{"width":1000,"height":1000,"url":"https:\/\/qingdaohf.com\/wp-content\/uploads\/2024\/02\/HF-BENT-EYE-BOLT-1.jpg","type":"image\/jpeg"}],"twitter_card":"summary_large_image","twitter_misc":{"Est. reading time":"4 minute"},"schema":{"@context":"https:\/\/schema.org","@graph":[{"@type":"WebPage","@id":"https:\/\/qingdaohf.com\/product\/bent-eye-bolt\/","url":"https:\/\/qingdaohf.com\/product\/bent-eye-bolt\/","name":"Bent Eye Bolt","isPartOf":{"@id":"https:\/\/qingdaohf.com\/bg\/#website"},"primaryImageOfPage":{"@id":"https:\/\/qingdaohf.com\/product\/bent-eye-bolt\/#primaryimage"},"image":{"@id":"https:\/\/qingdaohf.com\/product\/bent-eye-bolt\/#primaryimage"},"thumbnailUrl":"https:\/\/qingdaohf.com\/wp-content\/uploads\/2024\/02\/HF-BENT-EYE-BOLT-1.jpg","datePublished":"2024-02-05T01:54:52+00:00","dateModified":"2025-11-13T01:03:38+00:00","description":"Qingdao H&F, your reliable supplier for over 20 years, offers top-quality bent eye bolts for diverse lifting and rigging applications.","breadcrumb":{"@id":"https:\/\/qingdaohf.com\/product\/bent-eye-bolt\/#breadcrumb"},"inLanguage":"sl-SI","potentialAction":[{"@type":"ReadAction","target":["https:\/\/qingdaohf.com\/product\/bent-eye-bolt\/"]}]},{"@type":"ImageObject","inLanguage":"sl-SI","@id":"https:\/\/qingdaohf.com\/product\/bent-eye-bolt\/#primaryimage","url":"https:\/\/qingdaohf.com\/wp-content\/uploads\/2024\/02\/HF-BENT-EYE-BOLT-1.jpg","contentUrl":"https:\/\/qingdaohf.com\/wp-content\/uploads\/2024\/02\/HF-BENT-EYE-BOLT-1.jpg","width":1000,"height":1000,"caption":"H&F BENT EYE BOLT"},{"@type":"BreadcrumbList","@id":"https:\/\/qingdaohf.com\/product\/bent-eye-bolt\/#breadcrumb","itemListElement":[{"@type":"ListItem","position":1,"name":"Home","item":"https:\/\/qingdaohf.com\/"},{"@type":"ListItem","position":2,"name":"Concrete Forming Accessories and Rigging Hardware","item":"https:\/\/qingdaohf.com\/bg\/?page_id=944"},{"@type":"ListItem","position":3,"name":"Bent Eye Bolt"}]},{"@type":"WebSite","@id":"https:\/\/qingdaohf.com\/bg\/#website","url":"https:\/\/qingdaohf.com\/bg\/","name":"Concrete Form & Rigging Hardware Supplier","description":"","publisher":{"@id":"https:\/\/qingdaohf.com\/bg\/#organization"},"potentialAction":[{"@type":"SearchAction","target":{"@type":"EntryPoint","urlTemplate":"https:\/\/qingdaohf.com\/bg\/?s={search_term_string}"},"query-input":{"@type":"PropertyValueSpecification","valueRequired":true,"valueName":"search_term_string"}}],"inLanguage":"sl-SI"},{"@type":"Organization","@id":"https:\/\/qingdaohf.com\/bg\/#organization","name":"Qingdao H&F","url":"https:\/\/qingdaohf.com\/bg\/","logo":{"@type":"ImageObject","inLanguage":"sl-SI","@id":"https:\/\/qingdaohf.com\/bg\/#\/schema\/logo\/image\/","url":"https:\/\/qingdaohf.com\/wp-content\/uploads\/2022\/12\/cropped-HF-LOGO.png","contentUrl":"https:\/\/qingdaohf.com\/wp-content\/uploads\/2022\/12\/cropped-HF-LOGO.png","width":391,"height":249,"caption":"Qingdao H&F"},"image":{"@id":"https:\/\/qingdaohf.com\/bg\/#\/schema\/logo\/image\/"},"sameAs":["https:\/\/www.facebook.com\/qingdaohf"]}]}},"_links":{"self":[{"href":"https:\/\/qingdaohf.com\/sl\/wp-json\/wp\/v2\/product\/6504","targetHints":{"allow":["GET"]}}],"collection":[{"href":"https:\/\/qingdaohf.com\/sl\/wp-json\/wp\/v2\/product"}],"about":[{"href":"https:\/\/qingdaohf.com\/sl\/wp-json\/wp\/v2\/types\/product"}],"replies":[{"embeddable":true,"href":"https:\/\/qingdaohf.com\/sl\/wp-json\/wp\/v2\/comments?post=6504"}],"version-history":[{"count":3,"href":"https:\/\/qingdaohf.com\/sl\/wp-json\/wp\/v2\/product\/6504\/revisions"}],"predecessor-version":[{"id":8947,"href":"https:\/\/qingdaohf.com\/sl\/wp-json\/wp\/v2\/product\/6504\/revisions\/8947"}],"wp:featuredmedia":[{"embeddable":true,"href":"https:\/\/qingdaohf.com\/sl\/wp-json\/wp\/v2\/media\/6506"}],"wp:attachment":[{"href":"https:\/\/qingdaohf.com\/sl\/wp-json\/wp\/v2\/media?parent=6504"}],"wp:term":[{"taxonomy":"product_brand","embeddable":true,"href":"https:\/\/qingdaohf.com\/sl\/wp-json\/wp\/v2\/product_brand?post=6504"},{"taxonomy":"product_cat","embeddable":true,"href":"https:\/\/qingdaohf.com\/sl\/wp-json\/wp\/v2\/product_cat?post=6504"},{"taxonomy":"product_tag","embeddable":true,"href":"https:\/\/qingdaohf.com\/sl\/wp-json\/wp\/v2\/product_tag?post=6504"}],"curies":[{"name":"wp","href":"https:\/\/api.w.org\/{rel}","templated":true}]}}