{"id":7163,"date":"2024-05-20T13:42:36","date_gmt":"2024-05-20T05:42:36","guid":{"rendered":"http:\/\/qingdaohf.com\/?post_type=product&#038;p=7163"},"modified":"2025-11-13T09:03:16","modified_gmt":"2025-11-13T01:03:16","slug":"aluminum-form-wall-ties","status":"publish","type":"product","link":"https:\/\/qingdaohf.com\/sl\/izdelek\/stenske-vezi-iz-aluminijaste-oblike\/","title":{"rendered":"Aluminijaste stenske vezi"},"content":{"rendered":"<p>Aluminijaste opa\u017ene vezi imajo klju\u010dno vlogo pri gradnji betonskih opa\u017eev, zlasti kadar sta pomembni natan\u010dnost in vzdr\u017eljivost. Te vezi med vlivanjem betona dr\u017eijo opa\u017e na mestu in zagotavljajo, da opa\u017e ohrani predvideno obliko in poravnavo. Tako pomagajo zagotavljati strukturno celovitost in enakomernost betonskih sten in stebrov. Oblikovne vezi se lahko razlikujejo po materialu, vendar aluminij izstopa zaradi kombinacije trdnosti, majhne te\u017ee in odpornosti proti koroziji. V podjetju Qingdao H&amp;F zagotavljamo visokokakovostne aluminijaste opa\u017ene vezi, prilagojene potrebam gradbene industrije, ki zagotavljajo u\u010dinkovito in varno izvedbo va\u0161ih projektov.<\/p>\n<h3><strong>Zakaj aluminij za oblikovne vezi?<\/strong><\/h3>\n<p>Uporaba aluminija v oblikovnih vezeh se je pove\u010dala zaradi njegovih edinstvenih lastnosti, zaradi katerih je primeren za zahtevna gradbena okolja. Aluminij je lahek in hkrati mo\u010dan, zato je z njim enostavno ravnati na gradbi\u0161\u010du, ne da bi to vplivalo na njegovo zmogljivost. To je \u0161e posebej koristno, kadar so potrebne velike koli\u010dine vezi ali kadar morajo delavci obvladovati velike delovne obremenitve. V nasprotju z drugimi materiali, kot je jeklo, lahkotnost aluminija zmanj\u0161uje obremenitve pri rokovanju in monta\u017ei.<\/p>\n<p>Druga pomembna prednost je odpornost proti koroziji. Oblikovne vezi so izpostavljene vlagi in razli\u010dnim kemikalijam v betonski me\u0161anici. Aluminij je naravno odporen proti rji in drugim oblikam korozije, kar podalj\u0161uje \u017eivljenjsko dobo opa\u017enih vezi in zmanj\u0161uje potrebo po pogostih zamenjavah. Ta trajnost pomeni dolgoro\u010dne prihranke pri stro\u0161kih za podjetja, zlasti pri obse\u017enih projektih, pri katerih je klju\u010dnega pomena \u010dim bolj zmanj\u0161ati izpade in vzdr\u017eevanje.<\/p>\n<h3><strong>U\u010dinkovitost in stro\u0161kovna u\u010dinkovitost v gradbeni\u0161tvu<\/strong><\/h3>\n<p>U\u010dinkovitost je temelj uspe\u0161nih gradbenih projektov, opa\u017ene vezi pa k temu cilju prispevajo tako, da zagotavljajo, da opa\u017e ostane na mestu in prepre\u010dujejo drage napake. Slabo poravnani ali \u0161ibko pritrjeni opa\u017e lahko privede do strukturnih te\u017eav v betonu, kar povzro\u010di zamude, izgubo materiala in potencialno nevarne rezultate. Aluminijaste opa\u017ene vezi ne zagotavljajo le varnega opa\u017ea, temve\u010d tudi poenostavijo postopke postavljanja in demonta\u017ee.<\/p>\n<p>Ker so aluminijaste oblikovne vezi za ve\u010dkratno uporabo, s\u010dasoma zagotavljajo precej\u0161nje prihranke pri stro\u0161kih. Izvajalci se pogosto soo\u010dajo z dilemo, kako uravnote\u017eiti kratkoro\u010dne stro\u0161ke in dolgoro\u010dne koristi, nalo\u017ebe v trpe\u017ene opa\u017ene vezi za ve\u010dkratno uporabo pa lahko zmanj\u0161ajo potrebo po pogostih zamenjavah in zni\u017eajo skupne stro\u0161ke projekta. Poleg tega so aluminijaste vezi la\u017eje in jih je la\u017eje preva\u017eati, zato zmanj\u0161ujejo logisti\u010dne stro\u0161ke in omogo\u010dajo u\u010dinkovitej\u0161e delovanje na gradbi\u0161\u010du.<\/p>\n<div class=\"ast-oembed-container\" style=\"height: 100%;\"><iframe title=\"Dodatki za oblikovanje betona Ukrivljen klin in ravni klin\" width=\"500\" height=\"281\" src=\"https:\/\/www.youtube.com\/embed\/_He4pUDjl1U?feature=oembed\" frameborder=\"0\" allow=\"accelerometer; autoplay; clipboard-write; encrypted-media; gyroscope; picture-in-picture; web-share\" referrerpolicy=\"strict-origin-when-cross-origin\" allowfullscreen><\/iframe><\/div>\n<h3><strong>Trajnost in vpliv na okolje<\/strong><\/h3>\n<p>V sodobni gradbeni industriji je trajnost vedno bolj pomembna, zato so aluminijaste oblike usklajene z okolju prijaznimi praksami. Aluminij se lahko zelo dobro reciklira in \u0161tevilni izdelki iz aluminija so izdelani iz recikliranih materialov. S tem se zmanj\u0161a povpra\u0161evanje po novih surovinah in zmanj\u0161a vpliv na okolje. Ob koncu \u017eivljenjskega cikla je mogo\u010de aluminijaste vezne trakove pretopiti in ponovno uporabiti, ne da bi izgubili svoje lastnosti, zato so trajnostna izbira za gradbene strokovnjake, ki se osredoto\u010dajo na zmanj\u0161evanje oglji\u010dnega odtisa.<\/p>\n<p>Poleg tega uporaba trajnih materialov za ve\u010dkratno uporabo, kot je aluminij, zmanj\u0161uje koli\u010dino odpadkov, ki nastanejo na kraju samem. Izvajalci lahko pri ve\u010d projektih ponovno uporabijo aluminijaste opa\u017ene vezi, kar znatno zmanj\u0161a koli\u010dino zavr\u017eenih materialov, ki bi sicer kon\u010dali na odlagali\u0161\u010dih. To gradbenim podjetjem pomaga pri doseganju globalnih trajnostnih ciljev in nagovarja stranke, ki dajejo prednost okoljsko odgovornim praksam.<\/p>\n<h3><strong>Zavezanost dru\u017ebe Qingdao H&amp;F h kakovosti in storitvam<\/strong><\/h3>\n<p>V podjetju Qingdao H&amp;F se zavedamo, da gradbeni strokovnjaki potrebujejo zanesljive materiale in izjemne storitve, da lahko svoje projekte dokon\u010dajo pravo\u010dasno in v okviru prora\u010duna. Na\u0161e aluminijaste opa\u017ene vezi so izdelane po strogih standardih nadzora kakovosti, kar zagotavlja dosledno delovanje in vzdr\u017eljivost. Ponosni smo, da poleg visokokakovostnih izdelkov ponujamo tudi konkuren\u010dne cene, kar na\u0161im strankam omogo\u010da, da izkoristijo tako cenovno dostopnost kot odli\u010dnost.<\/p>\n<p>Zavedamo se, da je vsak projekt edinstven, zato na\u0161a ekipa zagotavlja individualno obravnavo strank, da bi vam zagotovila najbolj\u0161e izdelke za va\u0161e posebne potrebe. Od pomo\u010di pri izbiri prave vrste aluminijastih oblikovnih vezi do zagotavljanja stalne podpore med projektom si prizadevamo, da bo va\u0161a nakupna izku\u0161nja nemotena in u\u010dinkovita. Podjetje Qingdao H&amp;F si je z 20-letno zgodovino slu\u017eenja gradbeni industriji pridobilo ugled zanesljivosti, zaupanja in zadovoljstva strank.<\/p>\n<h3><strong>Zaklju\u010dek: Zakaj aluminijaste vezi iz Qingdao H&amp;F?<\/strong><\/h3>\n<p>Izbira pravih opa\u017enih vezi je bistvenega pomena za zagotavljanje uspe\u0161nosti va\u0161ih gradbenih projektov, aluminijaste opa\u017ene vezi pa ponujajo kombinacijo trdnosti, vzdr\u017eljivosti in stro\u0161kovne u\u010dinkovitosti, ki se ji lahko kosajo le redki drugi materiali. V podjetju Qingdao H&amp;F vam ponujamo vrhunske aluminijaste opa\u017ene vezi, ki ustrezajo potrebam sodobnega gradbeni\u0161tva in zagotavljajo, da bodo va\u0161i projekti trajni. S poudarkom na kakovosti, konkuren\u010dnih cenah in storitvah za stranke brez primere smo va\u0161 zaupanja vreden partner pri doseganju gradbene odli\u010dnosti. Ne glede na to, ali delate na manj\u0161em projektu ali na velikem infrastrukturnem projektu, vam bodo na\u0161e aluminijaste vezalke za opa\u017e pomagale dose\u010di optimalne rezultate, vsaki\u010d znova.<\/p>","protected":false},"excerpt":{"rendered":"<p><strong>Doseganje natan\u010dnih dimenzij betonske stene in zagotavljanje strukturne celovitosti<\/strong> z aluminijastimi stenskimi vezmi, ki so klju\u010dni sestavni del sistemov za oblikovanje aluminija. Te vezi delujejo v povezavi z aluminijastimi oblikovalnimi zati\u010di in aluminijastimi oblikovalnimi klini, da ustvarijo robusten in u\u010dinkovit sistem stenskega opa\u017ea.Aluminijaste stenske vezi so na voljo v razli\u010dnih izvedbah. <strong>Debelina stene Velikosti<\/strong> za prilagajanje razli\u010dnim oblikam betonskih sten. Obi\u010dajne velikosti vklju\u010dujejo <strong>6\" - 24\"<\/strong>, kar vam omogo\u010da enostavno gradnjo sten razli\u010dnih debelin.<\/p>","protected":false},"featured_media":7168,"comment_status":"open","ping_status":"closed","template":"","meta":{"site-sidebar-layout":"default","site-content-layout":"","ast-site-content-layout":"default","site-content-style":"default","site-sidebar-style":"default","ast-global-header-display":"","ast-banner-title-visibility":"","ast-main-header-display":"","ast-hfb-above-header-display":"","ast-hfb-below-header-display":"","ast-hfb-mobile-header-display":"","site-post-title":"","ast-breadcrumbs-content":"","ast-featured-img":"","footer-sml-layout":"","theme-transparent-header-meta":"default","adv-header-id-meta":"","stick-header-meta":"default","header-above-stick-meta":"","header-main-stick-meta":"","header-below-stick-meta":"","astra-migrate-meta-layouts":"set","ast-page-background-enabled":"default","ast-page-background-meta":{"desktop":{"background-color":"","background-image":"","background-repeat":"repeat","background-position":"center center","background-size":"auto","background-attachment":"scroll","background-type":"","background-media":"","overlay-type":"","overlay-color":"","overlay-opacity":"","overlay-gradient":""},"tablet":{"background-color":"","background-image":"","background-repeat":"repeat","background-position":"center center","background-size":"auto","background-attachment":"scroll","background-type":"","background-media":"","overlay-type":"","overlay-color":"","overlay-opacity":"","overlay-gradient":""},"mobile":{"background-color":"","background-image":"","background-repeat":"repeat","background-position":"center center","background-size":"auto","background-attachment":"scroll","background-type":"","background-media":"","overlay-type":"","overlay-color":"","overlay-opacity":"","overlay-gradient":""}},"ast-content-background-meta":{"desktop":{"background-color":"var(--ast-global-color-5)","background-image":"","background-repeat":"repeat","background-position":"center center","background-size":"auto","background-attachment":"scroll","background-type":"","background-media":"","overlay-type":"","overlay-color":"","overlay-opacity":"","overlay-gradient":""},"tablet":{"background-color":"var(--ast-global-color-5)","background-image":"","background-repeat":"repeat","background-position":"center center","background-size":"auto","background-attachment":"scroll","background-type":"","background-media":"","overlay-type":"","overlay-color":"","overlay-opacity":"","overlay-gradient":""},"mobile":{"background-color":"var(--ast-global-color-5)","background-image":"","background-repeat":"repeat","background-position":"center center","background-size":"auto","background-attachment":"scroll","background-type":"","background-media":"","overlay-type":"","overlay-color":"","overlay-opacity":"","overlay-gradient":""}}},"product_brand":[],"product_cat":[65],"product_tag":[],"class_list":{"0":"post-7163","1":"product","2":"type-product","3":"status-publish","4":"has-post-thumbnail","6":"product_cat-aluminum-form-tie","7":"desktop-align-left","8":"tablet-align-left","9":"mobile-align-left","10":"ast-product-gallery-layout-horizontal-slider","11":"ast-product-tabs-layout-horizontal","13":"first","14":"instock","15":"shipping-taxable","16":"purchasable","17":"product-type-simple"},"yoast_head":"<!-- This site is optimized with the Yoast SEO plugin v25.2 - https:\/\/yoast.com\/wordpress\/plugins\/seo\/ -->\n<title>Aluminum Form Wall Ties<\/title>\n<meta name=\"description\" content=\"Aluminum Form Wall Ties are available in a range of Wall Thickness Sizes to accommodate various concrete wall designs. Common sizes include 6\u201d - 24\u201d.\" \/>\n<meta name=\"robots\" content=\"index, follow, max-snippet:-1, max-image-preview:large, max-video-preview:-1\" \/>\n<link rel=\"canonical\" href=\"https:\/\/qingdaohf.com\/sl\/izdelek\/stenske-vezi-iz-aluminijaste-oblike\/\" \/>\n<meta property=\"og:locale\" content=\"sl_SI\" \/>\n<meta property=\"og:type\" content=\"article\" \/>\n<meta property=\"og:title\" content=\"Aluminum Form Wall Ties\" \/>\n<meta property=\"og:description\" content=\"Aluminum Form Wall Ties are available in a range of Wall Thickness Sizes to accommodate various concrete wall designs. Common sizes include 6\u201d - 24\u201d.\" \/>\n<meta property=\"og:url\" content=\"https:\/\/qingdaohf.com\/sl\/izdelek\/stenske-vezi-iz-aluminijaste-oblike\/\" \/>\n<meta property=\"og:site_name\" content=\"Concrete Form &amp; Rigging Hardware Supplier\" \/>\n<meta property=\"article:publisher\" content=\"https:\/\/www.facebook.com\/qingdaohf\" \/>\n<meta property=\"article:modified_time\" content=\"2025-11-13T01:03:16+00:00\" \/>\n<meta property=\"og:image\" content=\"https:\/\/qingdaohf.com\/wp-content\/uploads\/2024\/05\/Aluminum-Form-Wall-Ties-1.jpg\" \/>\n\t<meta property=\"og:image:width\" content=\"1000\" \/>\n\t<meta property=\"og:image:height\" content=\"1000\" \/>\n\t<meta property=\"og:image:type\" content=\"image\/jpeg\" \/>\n<meta name=\"twitter:card\" content=\"summary_large_image\" \/>\n<meta name=\"twitter:label1\" content=\"Est. reading time\" \/>\n\t<meta name=\"twitter:data1\" content=\"4 minute\" \/>\n<script type=\"application\/ld+json\" class=\"yoast-schema-graph\">{\"@context\":\"https:\/\/schema.org\",\"@graph\":[{\"@type\":\"WebPage\",\"@id\":\"https:\/\/qingdaohf.com\/product\/aluminum-form-wall-ties\/\",\"url\":\"https:\/\/qingdaohf.com\/product\/aluminum-form-wall-ties\/\",\"name\":\"Aluminum Form Wall Ties\",\"isPartOf\":{\"@id\":\"https:\/\/qingdaohf.com\/bg\/#website\"},\"primaryImageOfPage\":{\"@id\":\"https:\/\/qingdaohf.com\/product\/aluminum-form-wall-ties\/#primaryimage\"},\"image\":{\"@id\":\"https:\/\/qingdaohf.com\/product\/aluminum-form-wall-ties\/#primaryimage\"},\"thumbnailUrl\":\"https:\/\/qingdaohf.com\/wp-content\/uploads\/2024\/05\/Aluminum-Form-Wall-Ties-1.jpg\",\"datePublished\":\"2024-05-20T05:42:36+00:00\",\"dateModified\":\"2025-11-13T01:03:16+00:00\",\"description\":\"Aluminum Form Wall Ties are available in a range of Wall Thickness Sizes to accommodate various concrete wall designs. Common sizes include 6\u201d - 24\u201d.\",\"breadcrumb\":{\"@id\":\"https:\/\/qingdaohf.com\/product\/aluminum-form-wall-ties\/#breadcrumb\"},\"inLanguage\":\"sl-SI\",\"potentialAction\":[{\"@type\":\"ReadAction\",\"target\":[\"https:\/\/qingdaohf.com\/product\/aluminum-form-wall-ties\/\"]}]},{\"@type\":\"ImageObject\",\"inLanguage\":\"sl-SI\",\"@id\":\"https:\/\/qingdaohf.com\/product\/aluminum-form-wall-ties\/#primaryimage\",\"url\":\"https:\/\/qingdaohf.com\/wp-content\/uploads\/2024\/05\/Aluminum-Form-Wall-Ties-1.jpg\",\"contentUrl\":\"https:\/\/qingdaohf.com\/wp-content\/uploads\/2024\/05\/Aluminum-Form-Wall-Ties-1.jpg\",\"width\":1000,\"height\":1000,\"caption\":\"Aluminum Form Wall Ties\"},{\"@type\":\"BreadcrumbList\",\"@id\":\"https:\/\/qingdaohf.com\/product\/aluminum-form-wall-ties\/#breadcrumb\",\"itemListElement\":[{\"@type\":\"ListItem\",\"position\":1,\"name\":\"Home\",\"item\":\"https:\/\/qingdaohf.com\/\"},{\"@type\":\"ListItem\",\"position\":2,\"name\":\"Concrete Forming Accessories and Rigging Hardware\",\"item\":\"https:\/\/qingdaohf.com\/bg\/?page_id=944\"},{\"@type\":\"ListItem\",\"position\":3,\"name\":\"Aluminum Form Wall Ties\"}]},{\"@type\":\"WebSite\",\"@id\":\"https:\/\/qingdaohf.com\/bg\/#website\",\"url\":\"https:\/\/qingdaohf.com\/bg\/\",\"name\":\"Concrete Form & Rigging Hardware Supplier\",\"description\":\"\",\"publisher\":{\"@id\":\"https:\/\/qingdaohf.com\/bg\/#organization\"},\"potentialAction\":[{\"@type\":\"SearchAction\",\"target\":{\"@type\":\"EntryPoint\",\"urlTemplate\":\"https:\/\/qingdaohf.com\/bg\/?s={search_term_string}\"},\"query-input\":{\"@type\":\"PropertyValueSpecification\",\"valueRequired\":true,\"valueName\":\"search_term_string\"}}],\"inLanguage\":\"sl-SI\"},{\"@type\":\"Organization\",\"@id\":\"https:\/\/qingdaohf.com\/bg\/#organization\",\"name\":\"Qingdao H&F\",\"url\":\"https:\/\/qingdaohf.com\/bg\/\",\"logo\":{\"@type\":\"ImageObject\",\"inLanguage\":\"sl-SI\",\"@id\":\"https:\/\/qingdaohf.com\/bg\/#\/schema\/logo\/image\/\",\"url\":\"https:\/\/qingdaohf.com\/wp-content\/uploads\/2022\/12\/cropped-HF-LOGO.png\",\"contentUrl\":\"https:\/\/qingdaohf.com\/wp-content\/uploads\/2022\/12\/cropped-HF-LOGO.png\",\"width\":391,\"height\":249,\"caption\":\"Qingdao H&F\"},\"image\":{\"@id\":\"https:\/\/qingdaohf.com\/bg\/#\/schema\/logo\/image\/\"},\"sameAs\":[\"https:\/\/www.facebook.com\/qingdaohf\"]}]}<\/script>\n<!-- \/ Yoast SEO plugin. -->","yoast_head_json":{"title":"Aluminum Form Wall Ties","description":"Aluminum Form Wall Ties are available in a range of Wall Thickness Sizes to accommodate various concrete wall designs. Common sizes include 6\u201d - 24\u201d.","robots":{"index":"index","follow":"follow","max-snippet":"max-snippet:-1","max-image-preview":"max-image-preview:large","max-video-preview":"max-video-preview:-1"},"canonical":"https:\/\/qingdaohf.com\/sl\/izdelek\/stenske-vezi-iz-aluminijaste-oblike\/","og_locale":"sl_SI","og_type":"article","og_title":"Aluminum Form Wall Ties","og_description":"Aluminum Form Wall Ties are available in a range of Wall Thickness Sizes to accommodate various concrete wall designs. Common sizes include 6\u201d - 24\u201d.","og_url":"https:\/\/qingdaohf.com\/sl\/izdelek\/stenske-vezi-iz-aluminijaste-oblike\/","og_site_name":"Concrete Form &amp; Rigging Hardware Supplier","article_publisher":"https:\/\/www.facebook.com\/qingdaohf","article_modified_time":"2025-11-13T01:03:16+00:00","og_image":[{"width":1000,"height":1000,"url":"https:\/\/qingdaohf.com\/wp-content\/uploads\/2024\/05\/Aluminum-Form-Wall-Ties-1.jpg","type":"image\/jpeg"}],"twitter_card":"summary_large_image","twitter_misc":{"Est. reading time":"4 minute"},"schema":{"@context":"https:\/\/schema.org","@graph":[{"@type":"WebPage","@id":"https:\/\/qingdaohf.com\/product\/aluminum-form-wall-ties\/","url":"https:\/\/qingdaohf.com\/product\/aluminum-form-wall-ties\/","name":"Aluminum Form Wall Ties","isPartOf":{"@id":"https:\/\/qingdaohf.com\/bg\/#website"},"primaryImageOfPage":{"@id":"https:\/\/qingdaohf.com\/product\/aluminum-form-wall-ties\/#primaryimage"},"image":{"@id":"https:\/\/qingdaohf.com\/product\/aluminum-form-wall-ties\/#primaryimage"},"thumbnailUrl":"https:\/\/qingdaohf.com\/wp-content\/uploads\/2024\/05\/Aluminum-Form-Wall-Ties-1.jpg","datePublished":"2024-05-20T05:42:36+00:00","dateModified":"2025-11-13T01:03:16+00:00","description":"Aluminum Form Wall Ties are available in a range of Wall Thickness Sizes to accommodate various concrete wall designs. Common sizes include 6\u201d - 24\u201d.","breadcrumb":{"@id":"https:\/\/qingdaohf.com\/product\/aluminum-form-wall-ties\/#breadcrumb"},"inLanguage":"sl-SI","potentialAction":[{"@type":"ReadAction","target":["https:\/\/qingdaohf.com\/product\/aluminum-form-wall-ties\/"]}]},{"@type":"ImageObject","inLanguage":"sl-SI","@id":"https:\/\/qingdaohf.com\/product\/aluminum-form-wall-ties\/#primaryimage","url":"https:\/\/qingdaohf.com\/wp-content\/uploads\/2024\/05\/Aluminum-Form-Wall-Ties-1.jpg","contentUrl":"https:\/\/qingdaohf.com\/wp-content\/uploads\/2024\/05\/Aluminum-Form-Wall-Ties-1.jpg","width":1000,"height":1000,"caption":"Aluminum Form Wall Ties"},{"@type":"BreadcrumbList","@id":"https:\/\/qingdaohf.com\/product\/aluminum-form-wall-ties\/#breadcrumb","itemListElement":[{"@type":"ListItem","position":1,"name":"Home","item":"https:\/\/qingdaohf.com\/"},{"@type":"ListItem","position":2,"name":"Concrete Forming Accessories and Rigging Hardware","item":"https:\/\/qingdaohf.com\/bg\/?page_id=944"},{"@type":"ListItem","position":3,"name":"Aluminum Form Wall Ties"}]},{"@type":"WebSite","@id":"https:\/\/qingdaohf.com\/bg\/#website","url":"https:\/\/qingdaohf.com\/bg\/","name":"Concrete Form & Rigging Hardware Supplier","description":"","publisher":{"@id":"https:\/\/qingdaohf.com\/bg\/#organization"},"potentialAction":[{"@type":"SearchAction","target":{"@type":"EntryPoint","urlTemplate":"https:\/\/qingdaohf.com\/bg\/?s={search_term_string}"},"query-input":{"@type":"PropertyValueSpecification","valueRequired":true,"valueName":"search_term_string"}}],"inLanguage":"sl-SI"},{"@type":"Organization","@id":"https:\/\/qingdaohf.com\/bg\/#organization","name":"Qingdao H&F","url":"https:\/\/qingdaohf.com\/bg\/","logo":{"@type":"ImageObject","inLanguage":"sl-SI","@id":"https:\/\/qingdaohf.com\/bg\/#\/schema\/logo\/image\/","url":"https:\/\/qingdaohf.com\/wp-content\/uploads\/2022\/12\/cropped-HF-LOGO.png","contentUrl":"https:\/\/qingdaohf.com\/wp-content\/uploads\/2022\/12\/cropped-HF-LOGO.png","width":391,"height":249,"caption":"Qingdao H&F"},"image":{"@id":"https:\/\/qingdaohf.com\/bg\/#\/schema\/logo\/image\/"},"sameAs":["https:\/\/www.facebook.com\/qingdaohf"]}]}},"_links":{"self":[{"href":"https:\/\/qingdaohf.com\/sl\/wp-json\/wp\/v2\/product\/7163","targetHints":{"allow":["GET"]}}],"collection":[{"href":"https:\/\/qingdaohf.com\/sl\/wp-json\/wp\/v2\/product"}],"about":[{"href":"https:\/\/qingdaohf.com\/sl\/wp-json\/wp\/v2\/types\/product"}],"replies":[{"embeddable":true,"href":"https:\/\/qingdaohf.com\/sl\/wp-json\/wp\/v2\/comments?post=7163"}],"version-history":[{"count":3,"href":"https:\/\/qingdaohf.com\/sl\/wp-json\/wp\/v2\/product\/7163\/revisions"}],"predecessor-version":[{"id":8094,"href":"https:\/\/qingdaohf.com\/sl\/wp-json\/wp\/v2\/product\/7163\/revisions\/8094"}],"wp:featuredmedia":[{"embeddable":true,"href":"https:\/\/qingdaohf.com\/sl\/wp-json\/wp\/v2\/media\/7168"}],"wp:attachment":[{"href":"https:\/\/qingdaohf.com\/sl\/wp-json\/wp\/v2\/media?parent=7163"}],"wp:term":[{"taxonomy":"product_brand","embeddable":true,"href":"https:\/\/qingdaohf.com\/sl\/wp-json\/wp\/v2\/product_brand?post=7163"},{"taxonomy":"product_cat","embeddable":true,"href":"https:\/\/qingdaohf.com\/sl\/wp-json\/wp\/v2\/product_cat?post=7163"},{"taxonomy":"product_tag","embeddable":true,"href":"https:\/\/qingdaohf.com\/sl\/wp-json\/wp\/v2\/product_tag?post=7163"}],"curies":[{"name":"wp","href":"https:\/\/api.w.org\/{rel}","templated":true}]}}