{"id":7198,"date":"2024-05-21T14:50:13","date_gmt":"2024-05-21T06:50:13","guid":{"rendered":"http:\/\/qingdaohf.com\/?post_type=product&#038;p=7198"},"modified":"2025-11-13T09:03:16","modified_gmt":"2025-11-13T01:03:16","slug":"double-waler-bracket","status":"publish","type":"product","link":"https:\/\/qingdaohf.com\/sl\/izdelek\/dvojni-nosilec-waler\/","title":{"rendered":"Dvojni nosilec Waler"},"content":{"rendered":"<p>Predstavljamo dvojni nosilec Waler Bracket podjetja H&amp;F, ki je va\u0161a re\u0161itev za visoko trdnost in zanesljivost betonskega opa\u017ea. Na\u0161 dvojni nosilec je zasnovan za zagotavljanje izjemne podpore in stabilnosti ter je bistvena sestavina za vse gradbene projekte, ki zahtevajo armiranobetonske konstrukcije. Ta nosilec, izdelan iz vrhunskih materialov, zagotavlja vzdr\u017eljivost in dolgotrajno delovanje, zato je dragocen dodatek k va\u0161emu gradbenemu orodju.<\/p>\n<p>Na\u0161 dvojni nosilec Waler Bracket je strokovno zasnovan za brezhibno delovanje z zasko\u010dnimi vezmi in zagotavlja trdno in varno povezavo, ki pove\u010duje splo\u0161no stabilnost va\u0161ega opa\u017enega sistema. Ne glede na to, ali delate na komercialnih, stanovanjskih ali industrijskih gradbenih projektih, je na\u0161 nosilec zasnovan tako, da izpolnjuje najvi\u0161je standarde varnosti in u\u010dinkovitosti.<\/p>\n<p><strong>Klju\u010dne lastnosti:<\/strong><\/p>\n<ul>\n<li><strong>Material visoke trdnosti:<\/strong> Izdelan je iz visokokakovostnega jekla za najve\u010djo vzdr\u017eljivost in nosilnost.<\/li>\n<li><strong>Premaz, odporen proti koroziji:<\/strong> Ima za\u0161\u010ditni premaz, ki je odporen na te\u017eke okoljske razmere.<\/li>\n<li><strong>Enostavna namestitev:<\/strong> Uporabniku prijazna zasnova omogo\u010da hitro in enostavno namestitev, kar vam prihrani \u010das in stro\u0161ke dela.<\/li>\n<li><strong>Vsestranska uporaba:<\/strong> Primerno za \u0161iroko paleto betonskih opa\u017eev, vklju\u010dno z zidovi, temelji in stebri.<\/li>\n<li><strong>Izbolj\u0161ana stabilnost:<\/strong> V kombinaciji s pritrdilnimi vezmi zagotavlja odli\u010dno oporo in zagotavlja, da opa\u017e ostane trdno na mestu.<\/li>\n<\/ul>\n<h3>O izdelku in aplikacijah<\/h3>\n<p><strong>Kaj je dvojni nosilec Waler?<\/strong> Dvojni nosilec Waler je klju\u010dni sestavni del sistema betonskega opa\u017ea. Uporablja se za oja\u010ditev in stabilizacijo opa\u017ea ter zagotavlja, da lahko vzdr\u017ei pritisk mokrega betona. Ta nosilec je zasnovan tako, da na mestu dr\u017ei dva walerja (vodoravna nosilca) ter zagotavlja dodatno trdnost in togost opa\u017ene konstrukcije.<\/p>\n<p><strong>Uporaba:<\/strong><\/p>\n<ul>\n<li><strong>Stenski opa\u017e:<\/strong> Idealen za izdelavo mo\u010dnih in stabilnih stenskih oblik.<\/li>\n<li><strong>Opa\u017e za temelje:<\/strong> Zagotavlja celovitost in vzdr\u017eljivost struktur temeljev.<\/li>\n<li><strong>Opa\u017ei za stebre:<\/strong> Zagotavlja zanesljivo podporo za opa\u017ene sisteme stebrov.<\/li>\n<\/ul>\n<p><strong>Uporaba dvojnega nosilca Waler z vezmi Snap Ties:<\/strong> Za\u0161\u010ditne vezi so bistvenega pomena za ohranjanje razmikov med opa\u017enimi plo\u0161\u010dami in prepre\u010devanje njihovega izbo\u010denja pod pritiskom betona. \u010ce se uporabljajo skupaj z dvojnimi nosilci waler, zagotavljajo varen in stabilen opa\u017eni sistem. Vezalke se vstavijo skozi opa\u017e in pritrdijo z dvojnim nosilcem, kar pomaga porazdeliti obremenitev in ohraniti opa\u017ene plo\u0161\u010de poravnane in stabilne med vlivanjem betona.<\/p>\n<h3>Zakaj izbrati H&amp;F?<\/h3>\n<p>V dru\u017ebi H&amp;F smo predani zagotavljanju visokokakovostnih gradbenih izdelkov, ki izpolnjujejo zahteve na\u0161ih strank. Na\u0161 dvojni nosilec Waler je izdelan po najvi\u0161jih standardih, kar zagotavlja zanesljivost in u\u010dinkovitost na vsakem gradbi\u0161\u010du. Ponujamo konkuren\u010dne cene, izjemne storitve za stranke in hitre dobavne roke, da boste lahko spo\u0161tovali roke va\u0161ega projekta.<\/p>","protected":false},"excerpt":{"rendered":"<p>Izbolj\u0161ajte svoj betonski opa\u017e z dvojnim nosilcem Waler. Ta nosilec je zasnovan za visoko trdnost in enostavno namestitev ter zagotavlja varno in stabilno podporo za va\u0161e gradbene projekte. Odli\u010den je za uporabo z zasko\u010dnimi vezmi, saj zagotavlja vrhunsko vzdr\u017eljivost in zmogljivost.<\/p>","protected":false},"featured_media":7227,"comment_status":"open","ping_status":"closed","template":"","meta":{"site-sidebar-layout":"default","site-content-layout":"","ast-site-content-layout":"default","site-content-style":"default","site-sidebar-style":"default","ast-global-header-display":"","ast-banner-title-visibility":"","ast-main-header-display":"","ast-hfb-above-header-display":"","ast-hfb-below-header-display":"","ast-hfb-mobile-header-display":"","site-post-title":"","ast-breadcrumbs-content":"","ast-featured-img":"","footer-sml-layout":"","theme-transparent-header-meta":"default","adv-header-id-meta":"","stick-header-meta":"default","header-above-stick-meta":"","header-main-stick-meta":"","header-below-stick-meta":"","astra-migrate-meta-layouts":"set","ast-page-background-enabled":"default","ast-page-background-meta":{"desktop":{"background-color":"","background-image":"","background-repeat":"repeat","background-position":"center center","background-size":"auto","background-attachment":"scroll","background-type":"","background-media":"","overlay-type":"","overlay-color":"","overlay-opacity":"","overlay-gradient":""},"tablet":{"background-color":"","background-image":"","background-repeat":"repeat","background-position":"center center","background-size":"auto","background-attachment":"scroll","background-type":"","background-media":"","overlay-type":"","overlay-color":"","overlay-opacity":"","overlay-gradient":""},"mobile":{"background-color":"","background-image":"","background-repeat":"repeat","background-position":"center center","background-size":"auto","background-attachment":"scroll","background-type":"","background-media":"","overlay-type":"","overlay-color":"","overlay-opacity":"","overlay-gradient":""}},"ast-content-background-meta":{"desktop":{"background-color":"var(--ast-global-color-5)","background-image":"","background-repeat":"repeat","background-position":"center center","background-size":"auto","background-attachment":"scroll","background-type":"","background-media":"","overlay-type":"","overlay-color":"","overlay-opacity":"","overlay-gradient":""},"tablet":{"background-color":"var(--ast-global-color-5)","background-image":"","background-repeat":"repeat","background-position":"center center","background-size":"auto","background-attachment":"scroll","background-type":"","background-media":"","overlay-type":"","overlay-color":"","overlay-opacity":"","overlay-gradient":""},"mobile":{"background-color":"var(--ast-global-color-5)","background-image":"","background-repeat":"repeat","background-position":"center center","background-size":"auto","background-attachment":"scroll","background-type":"","background-media":"","overlay-type":"","overlay-color":"","overlay-opacity":"","overlay-gradient":""}}},"product_brand":[],"product_cat":[28],"product_tag":[],"class_list":{"0":"post-7198","1":"product","2":"type-product","3":"status-publish","4":"has-post-thumbnail","6":"product_cat-concrete-forming","7":"desktop-align-left","8":"tablet-align-left","9":"mobile-align-left","10":"ast-product-gallery-layout-horizontal-slider","11":"ast-product-tabs-layout-horizontal","13":"first","14":"instock","15":"shipping-taxable","16":"purchasable","17":"product-type-simple"},"yoast_head":"<!-- This site is optimized with the Yoast SEO plugin v25.2 - https:\/\/yoast.com\/wordpress\/plugins\/seo\/ -->\n<title>Double Waler Bracket<\/title>\n<meta name=\"description\" content=\"Enhance your concrete formwork with Double Waler Bracket. Designed for high strength and easy installation, this bracket ensures secure and stable support for your construction projects.\" \/>\n<meta name=\"robots\" content=\"index, follow, max-snippet:-1, max-image-preview:large, max-video-preview:-1\" \/>\n<link rel=\"canonical\" href=\"https:\/\/qingdaohf.com\/sl\/izdelek\/dvojni-nosilec-waler\/\" \/>\n<meta property=\"og:locale\" content=\"sl_SI\" \/>\n<meta property=\"og:type\" content=\"article\" \/>\n<meta property=\"og:title\" content=\"Double Waler Bracket\" \/>\n<meta property=\"og:description\" content=\"Enhance your concrete formwork with Double Waler Bracket. Designed for high strength and easy installation, this bracket ensures secure and stable support for your construction projects.\" \/>\n<meta property=\"og:url\" content=\"https:\/\/qingdaohf.com\/sl\/izdelek\/dvojni-nosilec-waler\/\" \/>\n<meta property=\"og:site_name\" content=\"Concrete Form &amp; Rigging Hardware Supplier\" \/>\n<meta property=\"article:publisher\" content=\"https:\/\/www.facebook.com\/qingdaohf\" \/>\n<meta property=\"article:modified_time\" content=\"2025-11-13T01:03:16+00:00\" \/>\n<meta property=\"og:image\" content=\"https:\/\/qingdaohf.com\/wp-content\/uploads\/2024\/05\/Double-Waler-Bracket.jpe\" \/>\n\t<meta property=\"og:image:width\" content=\"800\" \/>\n\t<meta property=\"og:image:height\" content=\"800\" \/>\n\t<meta property=\"og:image:type\" content=\"image\/jpeg\" \/>\n<meta name=\"twitter:card\" content=\"summary_large_image\" \/>\n<meta name=\"twitter:label1\" content=\"Est. reading time\" \/>\n\t<meta name=\"twitter:data1\" content=\"3 minute\" \/>\n<script type=\"application\/ld+json\" class=\"yoast-schema-graph\">{\"@context\":\"https:\/\/schema.org\",\"@graph\":[{\"@type\":\"WebPage\",\"@id\":\"https:\/\/qingdaohf.com\/product\/double-waler-bracket\/\",\"url\":\"https:\/\/qingdaohf.com\/product\/double-waler-bracket\/\",\"name\":\"Double Waler Bracket\",\"isPartOf\":{\"@id\":\"https:\/\/qingdaohf.com\/bg\/#website\"},\"primaryImageOfPage\":{\"@id\":\"https:\/\/qingdaohf.com\/product\/double-waler-bracket\/#primaryimage\"},\"image\":{\"@id\":\"https:\/\/qingdaohf.com\/product\/double-waler-bracket\/#primaryimage\"},\"thumbnailUrl\":\"https:\/\/qingdaohf.com\/wp-content\/uploads\/2024\/05\/Double-Waler-Bracket.jpe\",\"datePublished\":\"2024-05-21T06:50:13+00:00\",\"dateModified\":\"2025-11-13T01:03:16+00:00\",\"description\":\"Enhance your concrete formwork with Double Waler Bracket. Designed for high strength and easy installation, this bracket ensures secure and stable support for your construction projects.\",\"breadcrumb\":{\"@id\":\"https:\/\/qingdaohf.com\/product\/double-waler-bracket\/#breadcrumb\"},\"inLanguage\":\"sl-SI\",\"potentialAction\":[{\"@type\":\"ReadAction\",\"target\":[\"https:\/\/qingdaohf.com\/product\/double-waler-bracket\/\"]}]},{\"@type\":\"ImageObject\",\"inLanguage\":\"sl-SI\",\"@id\":\"https:\/\/qingdaohf.com\/product\/double-waler-bracket\/#primaryimage\",\"url\":\"https:\/\/qingdaohf.com\/wp-content\/uploads\/2024\/05\/Double-Waler-Bracket.jpe\",\"contentUrl\":\"https:\/\/qingdaohf.com\/wp-content\/uploads\/2024\/05\/Double-Waler-Bracket.jpe\",\"width\":800,\"height\":800,\"caption\":\"Double Waler Bracket\"},{\"@type\":\"BreadcrumbList\",\"@id\":\"https:\/\/qingdaohf.com\/product\/double-waler-bracket\/#breadcrumb\",\"itemListElement\":[{\"@type\":\"ListItem\",\"position\":1,\"name\":\"Home\",\"item\":\"https:\/\/qingdaohf.com\/\"},{\"@type\":\"ListItem\",\"position\":2,\"name\":\"Concrete Forming Accessories and Rigging Hardware\",\"item\":\"https:\/\/qingdaohf.com\/bg\/?page_id=944\"},{\"@type\":\"ListItem\",\"position\":3,\"name\":\"Double Waler Bracket\"}]},{\"@type\":\"WebSite\",\"@id\":\"https:\/\/qingdaohf.com\/bg\/#website\",\"url\":\"https:\/\/qingdaohf.com\/bg\/\",\"name\":\"Concrete Form & Rigging Hardware Supplier\",\"description\":\"\",\"publisher\":{\"@id\":\"https:\/\/qingdaohf.com\/bg\/#organization\"},\"potentialAction\":[{\"@type\":\"SearchAction\",\"target\":{\"@type\":\"EntryPoint\",\"urlTemplate\":\"https:\/\/qingdaohf.com\/bg\/?s={search_term_string}\"},\"query-input\":{\"@type\":\"PropertyValueSpecification\",\"valueRequired\":true,\"valueName\":\"search_term_string\"}}],\"inLanguage\":\"sl-SI\"},{\"@type\":\"Organization\",\"@id\":\"https:\/\/qingdaohf.com\/bg\/#organization\",\"name\":\"Qingdao H&F\",\"url\":\"https:\/\/qingdaohf.com\/bg\/\",\"logo\":{\"@type\":\"ImageObject\",\"inLanguage\":\"sl-SI\",\"@id\":\"https:\/\/qingdaohf.com\/bg\/#\/schema\/logo\/image\/\",\"url\":\"https:\/\/qingdaohf.com\/wp-content\/uploads\/2022\/12\/cropped-HF-LOGO.png\",\"contentUrl\":\"https:\/\/qingdaohf.com\/wp-content\/uploads\/2022\/12\/cropped-HF-LOGO.png\",\"width\":391,\"height\":249,\"caption\":\"Qingdao H&F\"},\"image\":{\"@id\":\"https:\/\/qingdaohf.com\/bg\/#\/schema\/logo\/image\/\"},\"sameAs\":[\"https:\/\/www.facebook.com\/qingdaohf\"]}]}<\/script>\n<!-- \/ Yoast SEO plugin. -->","yoast_head_json":{"title":"Double Waler Bracket","description":"Enhance your concrete formwork with Double Waler Bracket. Designed for high strength and easy installation, this bracket ensures secure and stable support for your construction projects.","robots":{"index":"index","follow":"follow","max-snippet":"max-snippet:-1","max-image-preview":"max-image-preview:large","max-video-preview":"max-video-preview:-1"},"canonical":"https:\/\/qingdaohf.com\/sl\/izdelek\/dvojni-nosilec-waler\/","og_locale":"sl_SI","og_type":"article","og_title":"Double Waler Bracket","og_description":"Enhance your concrete formwork with Double Waler Bracket. Designed for high strength and easy installation, this bracket ensures secure and stable support for your construction projects.","og_url":"https:\/\/qingdaohf.com\/sl\/izdelek\/dvojni-nosilec-waler\/","og_site_name":"Concrete Form &amp; Rigging Hardware Supplier","article_publisher":"https:\/\/www.facebook.com\/qingdaohf","article_modified_time":"2025-11-13T01:03:16+00:00","og_image":[{"width":800,"height":800,"url":"https:\/\/qingdaohf.com\/wp-content\/uploads\/2024\/05\/Double-Waler-Bracket.jpe","type":"image\/jpeg"}],"twitter_card":"summary_large_image","twitter_misc":{"Est. reading time":"3 minute"},"schema":{"@context":"https:\/\/schema.org","@graph":[{"@type":"WebPage","@id":"https:\/\/qingdaohf.com\/product\/double-waler-bracket\/","url":"https:\/\/qingdaohf.com\/product\/double-waler-bracket\/","name":"Double Waler Bracket","isPartOf":{"@id":"https:\/\/qingdaohf.com\/bg\/#website"},"primaryImageOfPage":{"@id":"https:\/\/qingdaohf.com\/product\/double-waler-bracket\/#primaryimage"},"image":{"@id":"https:\/\/qingdaohf.com\/product\/double-waler-bracket\/#primaryimage"},"thumbnailUrl":"https:\/\/qingdaohf.com\/wp-content\/uploads\/2024\/05\/Double-Waler-Bracket.jpe","datePublished":"2024-05-21T06:50:13+00:00","dateModified":"2025-11-13T01:03:16+00:00","description":"Enhance your concrete formwork with Double Waler Bracket. Designed for high strength and easy installation, this bracket ensures secure and stable support for your construction projects.","breadcrumb":{"@id":"https:\/\/qingdaohf.com\/product\/double-waler-bracket\/#breadcrumb"},"inLanguage":"sl-SI","potentialAction":[{"@type":"ReadAction","target":["https:\/\/qingdaohf.com\/product\/double-waler-bracket\/"]}]},{"@type":"ImageObject","inLanguage":"sl-SI","@id":"https:\/\/qingdaohf.com\/product\/double-waler-bracket\/#primaryimage","url":"https:\/\/qingdaohf.com\/wp-content\/uploads\/2024\/05\/Double-Waler-Bracket.jpe","contentUrl":"https:\/\/qingdaohf.com\/wp-content\/uploads\/2024\/05\/Double-Waler-Bracket.jpe","width":800,"height":800,"caption":"Double Waler Bracket"},{"@type":"BreadcrumbList","@id":"https:\/\/qingdaohf.com\/product\/double-waler-bracket\/#breadcrumb","itemListElement":[{"@type":"ListItem","position":1,"name":"Home","item":"https:\/\/qingdaohf.com\/"},{"@type":"ListItem","position":2,"name":"Concrete Forming Accessories and Rigging Hardware","item":"https:\/\/qingdaohf.com\/bg\/?page_id=944"},{"@type":"ListItem","position":3,"name":"Double Waler Bracket"}]},{"@type":"WebSite","@id":"https:\/\/qingdaohf.com\/bg\/#website","url":"https:\/\/qingdaohf.com\/bg\/","name":"Concrete Form & Rigging Hardware Supplier","description":"","publisher":{"@id":"https:\/\/qingdaohf.com\/bg\/#organization"},"potentialAction":[{"@type":"SearchAction","target":{"@type":"EntryPoint","urlTemplate":"https:\/\/qingdaohf.com\/bg\/?s={search_term_string}"},"query-input":{"@type":"PropertyValueSpecification","valueRequired":true,"valueName":"search_term_string"}}],"inLanguage":"sl-SI"},{"@type":"Organization","@id":"https:\/\/qingdaohf.com\/bg\/#organization","name":"Qingdao H&F","url":"https:\/\/qingdaohf.com\/bg\/","logo":{"@type":"ImageObject","inLanguage":"sl-SI","@id":"https:\/\/qingdaohf.com\/bg\/#\/schema\/logo\/image\/","url":"https:\/\/qingdaohf.com\/wp-content\/uploads\/2022\/12\/cropped-HF-LOGO.png","contentUrl":"https:\/\/qingdaohf.com\/wp-content\/uploads\/2022\/12\/cropped-HF-LOGO.png","width":391,"height":249,"caption":"Qingdao H&F"},"image":{"@id":"https:\/\/qingdaohf.com\/bg\/#\/schema\/logo\/image\/"},"sameAs":["https:\/\/www.facebook.com\/qingdaohf"]}]}},"_links":{"self":[{"href":"https:\/\/qingdaohf.com\/sl\/wp-json\/wp\/v2\/product\/7198","targetHints":{"allow":["GET"]}}],"collection":[{"href":"https:\/\/qingdaohf.com\/sl\/wp-json\/wp\/v2\/product"}],"about":[{"href":"https:\/\/qingdaohf.com\/sl\/wp-json\/wp\/v2\/types\/product"}],"replies":[{"embeddable":true,"href":"https:\/\/qingdaohf.com\/sl\/wp-json\/wp\/v2\/comments?post=7198"}],"version-history":[{"count":2,"href":"https:\/\/qingdaohf.com\/sl\/wp-json\/wp\/v2\/product\/7198\/revisions"}],"predecessor-version":[{"id":7233,"href":"https:\/\/qingdaohf.com\/sl\/wp-json\/wp\/v2\/product\/7198\/revisions\/7233"}],"wp:featuredmedia":[{"embeddable":true,"href":"https:\/\/qingdaohf.com\/sl\/wp-json\/wp\/v2\/media\/7227"}],"wp:attachment":[{"href":"https:\/\/qingdaohf.com\/sl\/wp-json\/wp\/v2\/media?parent=7198"}],"wp:term":[{"taxonomy":"product_brand","embeddable":true,"href":"https:\/\/qingdaohf.com\/sl\/wp-json\/wp\/v2\/product_brand?post=7198"},{"taxonomy":"product_cat","embeddable":true,"href":"https:\/\/qingdaohf.com\/sl\/wp-json\/wp\/v2\/product_cat?post=7198"},{"taxonomy":"product_tag","embeddable":true,"href":"https:\/\/qingdaohf.com\/sl\/wp-json\/wp\/v2\/product_tag?post=7198"}],"curies":[{"name":"wp","href":"https:\/\/api.w.org\/{rel}","templated":true}]}}