{"id":7381,"date":"2024-05-28T18:22:19","date_gmt":"2024-05-28T10:22:19","guid":{"rendered":"http:\/\/qingdaohf.com\/?post_type=product&#038;p=7381"},"modified":"2025-11-13T09:03:16","modified_gmt":"2025-11-13T01:03:16","slug":"concrete-wall-snap-ties","status":"publish","type":"product","link":"https:\/\/qingdaohf.com\/sl\/izdelek\/betonske-stenske-vezi-snap\/","title":{"rendered":"Betonske stene Snap Ties"},"content":{"rendered":"<p>Vezalke za betonske stene so bistvene sestavine pri oblikovanju betonskih sten, saj zagotavljajo potrebno oporo in stabilnost med vlivanjem in strjevanjem. Na\u0161e zategovalne vezi so zasnovane za zanesljivost in preprosto uporabo, kar zagotavlja, da bodo va\u0161i gradbeni projekti kon\u010dani u\u010dinkovito in v skladu z najvi\u0161jimi standardi.<\/p>\n<h4>Razli\u010dice izdelkov<\/h4>\n<p>Na\u0161e betonske stenske vezi so razvr\u0161\u010dene glede na dol\u017eino in vrsto:<\/p>\n<p><strong>4-3\/4\u2033 kratek konec<\/strong><\/p>\n<p><strong>8-1\/4\u2033 dolg konec<\/strong><\/p>\n<p>Poleg tega so na voljo v dveh konfiguracijah:<\/p>\n<p><strong>Snap vezi s podlo\u017eko<\/strong><\/p>\n<p>&nbsp;<\/p>\n<p><strong>Snap vezi s plasti\u010dnim sto\u017ecem<\/strong><\/p>\n<p><img fetchpriority=\"high\" decoding=\"async\" class=\"alignnone size-full wp-image-1676\" src=\"http:\/\/qingdaohf.com\/wp-content\/uploads\/2023\/01\/snap-tie-4.webp\" alt=\"snap kravata\" width=\"800\" height=\"800\" srcset=\"https:\/\/qingdaohf.com\/wp-content\/uploads\/2023\/01\/snap-tie-4.webp 800w, https:\/\/qingdaohf.com\/wp-content\/uploads\/2023\/01\/snap-tie-4-500x500.webp 500w, https:\/\/qingdaohf.com\/wp-content\/uploads\/2023\/01\/snap-tie-4-100x100.webp 100w, https:\/\/qingdaohf.com\/wp-content\/uploads\/2023\/01\/snap-tie-4-300x300.webp 300w, https:\/\/qingdaohf.com\/wp-content\/uploads\/2023\/01\/snap-tie-4-150x150.webp 150w, https:\/\/qingdaohf.com\/wp-content\/uploads\/2023\/01\/snap-tie-4-768x768.webp 768w, https:\/\/qingdaohf.com\/wp-content\/uploads\/2023\/01\/snap-tie-4-600x600.webp 600w, https:\/\/qingdaohf.com\/wp-content\/uploads\/2023\/01\/snap-tie-4-50x50.webp 50w\" sizes=\"(max-width: 800px) 100vw, 800px\" \/><\/p>\n<h4>Klju\u010dne lastnosti<\/h4>\n<p><strong>Trajnost<\/strong>: Na\u0161e zasko\u010dne vezi so izdelane iz visokokakovostnega jekla in so zasnovane tako, da vzdr\u017eijo velik pritisk ter zagotavljajo celovitost va\u0161ih betonskih zidov.<\/p>\n<p><strong>Vsestranskost<\/strong>: Primeren je za razli\u010dne debeline sten in konstrukcijske zahteve ter omogo\u010da prilagodljivo uporabo.<\/p>\n<p><strong>Enostavnost uporabe<\/strong>: Zasnova z zasko\u010dnimi vezmi poenostavlja postopek opa\u017ea, saj omogo\u010da hitrej\u0161o in u\u010dinkovitej\u0161o postavitev in demonta\u017eo.<\/p>\n<p><strong>Varno prileganje<\/strong>: Razli\u010dice podlo\u017eke in plasti\u010dnega sto\u017eca zagotavljajo varno prileganje, prepre\u010dujejo pu\u0161\u010danje betona in zagotavljajo gladek zaklju\u010dek.<\/p>\n<h4>Podrobni opisi<\/h4>\n<p><strong>4-3\/4 \"Kratek konec Snap vezi<\/strong> Te vezi so idealne za projekte s kraj\u0161imi razponi. Zasnova s kratkimi konci je idealna za ustvarjanje tesnih in kompaktnih sten, saj zagotavlja tesno prileganje in zmanj\u0161uje tveganje premikanja med procesom strjevanja.<\/p>\n<p><strong>8-1\/4 \"Dolgi konec Snap vezi<\/strong> Za ve\u010dje projekte so zasnovane dolge kon\u010dne vezalke, ki zagotavljajo ve\u010dji doseg in podporo za debelej\u0161e stene. Ta razli\u010dica je idealna za obse\u017ene konstrukcije, saj zagotavlja potrebno dol\u017eino za ohranjanje stabilnosti opa\u017ea na \u0161ir\u0161ih odsekih.<\/p>\n<p><strong>Snap vezi s podlo\u017eko<\/strong> Podloga s podlo\u017eko zagotavlja dodatno stabilnost in oporo, kar zagotavlja, da je zategovalnik med vlivanjem trdno name\u0161\u010den. Ta mo\u017enost je \u0161e posebej uporabna v okoljih z visokim tlakom, kjer je potrebna dodatna oja\u010ditev.<\/p>\n<p><strong>Snap vezi s plasti\u010dnim sto\u017ecem<\/strong> Plasti\u010dni sto\u017eec je u\u010dinkovita mo\u017enost za ve\u010dkratno uporabo, ki omogo\u010da enostavno odstranitev po strditvi betona. Sto\u017eec pomaga ustvariti urejen, zaklju\u010den videz in zmanj\u0161uje potrebo po dodatnih zaklju\u010dnih delih.<\/p>\n<h4>Aplikacije<\/h4>\n<p>Betonske stenske vezi Snap Ties se uporabljajo pri razli\u010dnih gradbenih projektih, vklju\u010dno z:<\/p>\n<p>Stanovanjski temelji<\/p>\n<p>Stene poslovnih stavb<\/p>\n<p>Oporni zidovi<\/p>\n<p>Kletne eta\u017ee<\/p>\n<p>Gradnja mostov<\/p>\n<p>So pomembno orodje za izvajalce in gradbenike, ki \u017eelijo dose\u010di natan\u010dne in trdne betonske konstrukcije.<\/p>\n<h4>Prednosti<\/h4>\n<p><strong>\u010casovna u\u010dinkovitost<\/strong>: Gradbeni postopek lahko poenostavite s hitrimi vezmi, ki jih je mogo\u010de hitro namestiti in odstraniti, kar zmanj\u0161uje stro\u0161ke dela in skraj\u0161uje \u010dasovni razpored projekta.<\/p>\n<p><strong>Stro\u0161kovno u\u010dinkovit<\/strong>: Te vezalke so stro\u0161kovno u\u010dinkovita re\u0161itev za ve\u010d projektov, saj jih je mogo\u010de ponovno uporabiti in so trpe\u017ene.<\/p>\n<p><strong>Visoka zmogljivost<\/strong>: Zagotovite najvi\u0161jo kakovost betonskih zidov s pritrdilnimi vezmi, ki zagotavljajo stalno podporo in zanesljivost.<\/p>\n<h4>Vodnik za namestitev<\/h4>\n<p><strong>Priprava opa\u017ea<\/strong>: Postavite opa\u017e v skladu s specifikacijami projekta.<\/p>\n<p><strong>Vstavite Snap vezi<\/strong>: V zahtevanih razmikih namestite vezalke skozi opa\u017e.<\/p>\n<p><strong>Varne vezi<\/strong>: Glede na razli\u010dico pritrdite vezi s podlo\u017ekami ali plasti\u010dnimi sto\u017eci.<\/p>\n<p><strong>Vlivanje betona<\/strong>: Previdno vlijte beton in poskrbite, da bo enakomerno tekel okoli sponk.<\/p>\n<p><strong>Dovolite nastavitev<\/strong>: Beton naj se strdi v skladu s projektnimi smernicami.<\/p>\n<p><strong>Odstranitev opa\u017ea<\/strong>: Ko se beton strdi, odstranite opa\u017e in odlomite izpostavljene konce vezi.<\/p>\n<h4>Vzdr\u017eevanje in shranjevanje<\/h4>\n<p><strong>\u010ci\u0161\u010denje<\/strong>: Po vsaki uporabi o\u010distite pritrdilne vezi, da odstranite morebitne ostanke betona.<\/p>\n<p><strong>In\u0161pekcijski pregled<\/strong>: Redno preverjajte, ali se pojavljajo znaki obrabe ali po\u0161kodb.<\/p>\n<p><strong>Shranjevanje<\/strong>: Hranite v suhem in hladnem prostoru, da prepre\u010dite rjavenje in podalj\u0161ate njihovo \u017eivljenjsko dobo.<\/p>\n<h4>Zakaj izbrati na\u0161e vezi Snap Ties?<\/h4>\n<p>Na\u0161e sponke za betonske stene so natan\u010dno na\u010drtovane in izdelane po najvi\u0161jih standardih. Ker se osredoto\u010damo na vzdr\u017eljivost, u\u010dinkovitost in zmogljivost, so na\u0161e zategovalne vezi prednostna izbira za profesionalne gradbenike in izvajalce. Pri naslednjem gradbenem projektu zaupajte na\u0161emu strokovnemu znanju in zavezanosti kakovosti.<\/p>","protected":false},"excerpt":{"rendered":"<p>Pove\u010dajte trdnost in stabilnost svojih betonskih zidov z na\u0161imi vrhunskimi sponkami za betonske stene. Na voljo so v 4-3\/4\u2033 kratkih in 8-1\/4\u2033 dolgih razli\u010dicah in so na voljo v dveh konfiguracijah: s podlo\u017ekami in s plasti\u010dnimi sto\u017eci, kar zagotavlja varen in u\u010dinkovit postopek gradnje.<\/p>","protected":false},"featured_media":2947,"comment_status":"open","ping_status":"closed","template":"","meta":{"site-sidebar-layout":"default","site-content-layout":"","ast-site-content-layout":"default","site-content-style":"default","site-sidebar-style":"default","ast-global-header-display":"","ast-banner-title-visibility":"","ast-main-header-display":"","ast-hfb-above-header-display":"","ast-hfb-below-header-display":"","ast-hfb-mobile-header-display":"","site-post-title":"","ast-breadcrumbs-content":"","ast-featured-img":"","footer-sml-layout":"","theme-transparent-header-meta":"default","adv-header-id-meta":"","stick-header-meta":"default","header-above-stick-meta":"","header-main-stick-meta":"","header-below-stick-meta":"","astra-migrate-meta-layouts":"set","ast-page-background-enabled":"default","ast-page-background-meta":{"desktop":{"background-color":"","background-image":"","background-repeat":"repeat","background-position":"center center","background-size":"auto","background-attachment":"scroll","background-type":"","background-media":"","overlay-type":"","overlay-color":"","overlay-opacity":"","overlay-gradient":""},"tablet":{"background-color":"","background-image":"","background-repeat":"repeat","background-position":"center center","background-size":"auto","background-attachment":"scroll","background-type":"","background-media":"","overlay-type":"","overlay-color":"","overlay-opacity":"","overlay-gradient":""},"mobile":{"background-color":"","background-image":"","background-repeat":"repeat","background-position":"center center","background-size":"auto","background-attachment":"scroll","background-type":"","background-media":"","overlay-type":"","overlay-color":"","overlay-opacity":"","overlay-gradient":""}},"ast-content-background-meta":{"desktop":{"background-color":"var(--ast-global-color-5)","background-image":"","background-repeat":"repeat","background-position":"center center","background-size":"auto","background-attachment":"scroll","background-type":"","background-media":"","overlay-type":"","overlay-color":"","overlay-opacity":"","overlay-gradient":""},"tablet":{"background-color":"var(--ast-global-color-5)","background-image":"","background-repeat":"repeat","background-position":"center center","background-size":"auto","background-attachment":"scroll","background-type":"","background-media":"","overlay-type":"","overlay-color":"","overlay-opacity":"","overlay-gradient":""},"mobile":{"background-color":"var(--ast-global-color-5)","background-image":"","background-repeat":"repeat","background-position":"center center","background-size":"auto","background-attachment":"scroll","background-type":"","background-media":"","overlay-type":"","overlay-color":"","overlay-opacity":"","overlay-gradient":""}}},"product_brand":[],"product_cat":[63],"product_tag":[],"class_list":{"0":"post-7381","1":"product","2":"type-product","3":"status-publish","4":"has-post-thumbnail","6":"product_cat-concrete-snap-tie","7":"desktop-align-left","8":"tablet-align-left","9":"mobile-align-left","10":"ast-product-gallery-layout-horizontal-slider","11":"ast-product-tabs-layout-horizontal","13":"first","14":"instock","15":"shipping-taxable","16":"purchasable","17":"product-type-simple"},"yoast_head":"<!-- This site is optimized with the Yoast SEO plugin v25.2 - https:\/\/yoast.com\/wordpress\/plugins\/seo\/ -->\n<title>Concrete Wall Snap Ties<\/title>\n<meta name=\"description\" content=\"Enhance the strength and stability of your concrete walls with our premium Concrete Wall Snap Ties. Available in 4-3\/4&quot; short end and 8-1\/4&quot; long end.\" \/>\n<meta name=\"robots\" content=\"index, follow, max-snippet:-1, max-image-preview:large, max-video-preview:-1\" \/>\n<link rel=\"canonical\" href=\"https:\/\/qingdaohf.com\/sl\/izdelek\/betonske-stenske-vezi-snap\/\" \/>\n<meta property=\"og:locale\" content=\"sl_SI\" \/>\n<meta property=\"og:type\" content=\"article\" \/>\n<meta property=\"og:title\" content=\"Concrete Wall Snap Ties\" \/>\n<meta property=\"og:description\" content=\"Enhance the strength and stability of your concrete walls with our premium Concrete Wall Snap Ties. Available in 4-3\/4&quot; short end and 8-1\/4&quot; long end.\" \/>\n<meta property=\"og:url\" content=\"https:\/\/qingdaohf.com\/sl\/izdelek\/betonske-stenske-vezi-snap\/\" \/>\n<meta property=\"og:site_name\" content=\"Concrete Form &amp; Rigging Hardware Supplier\" \/>\n<meta property=\"article:publisher\" content=\"https:\/\/www.facebook.com\/qingdaohf\" \/>\n<meta property=\"article:modified_time\" content=\"2025-11-13T01:03:16+00:00\" \/>\n<meta property=\"og:image\" content=\"https:\/\/qingdaohf.com\/wp-content\/uploads\/2023\/01\/snap-tie-8.jpg\" \/>\n\t<meta property=\"og:image:width\" content=\"1000\" \/>\n\t<meta property=\"og:image:height\" content=\"1000\" \/>\n\t<meta property=\"og:image:type\" content=\"image\/jpeg\" \/>\n<meta name=\"twitter:card\" content=\"summary_large_image\" \/>\n<meta name=\"twitter:label1\" content=\"Est. reading time\" \/>\n\t<meta name=\"twitter:data1\" content=\"4 minute\" \/>\n<script type=\"application\/ld+json\" class=\"yoast-schema-graph\">{\"@context\":\"https:\/\/schema.org\",\"@graph\":[{\"@type\":\"WebPage\",\"@id\":\"https:\/\/qingdaohf.com\/product\/concrete-wall-snap-ties\/\",\"url\":\"https:\/\/qingdaohf.com\/product\/concrete-wall-snap-ties\/\",\"name\":\"Concrete Wall Snap Ties\",\"isPartOf\":{\"@id\":\"https:\/\/qingdaohf.com\/bg\/#website\"},\"primaryImageOfPage\":{\"@id\":\"https:\/\/qingdaohf.com\/product\/concrete-wall-snap-ties\/#primaryimage\"},\"image\":{\"@id\":\"https:\/\/qingdaohf.com\/product\/concrete-wall-snap-ties\/#primaryimage\"},\"thumbnailUrl\":\"https:\/\/qingdaohf.com\/wp-content\/uploads\/2023\/01\/snap-tie-8.jpg\",\"datePublished\":\"2024-05-28T10:22:19+00:00\",\"dateModified\":\"2025-11-13T01:03:16+00:00\",\"description\":\"Enhance the strength and stability of your concrete walls with our premium Concrete Wall Snap Ties. Available in 4-3\/4\\\" short end and 8-1\/4\\\" long end.\",\"breadcrumb\":{\"@id\":\"https:\/\/qingdaohf.com\/product\/concrete-wall-snap-ties\/#breadcrumb\"},\"inLanguage\":\"sl-SI\",\"potentialAction\":[{\"@type\":\"ReadAction\",\"target\":[\"https:\/\/qingdaohf.com\/product\/concrete-wall-snap-ties\/\"]}]},{\"@type\":\"ImageObject\",\"inLanguage\":\"sl-SI\",\"@id\":\"https:\/\/qingdaohf.com\/product\/concrete-wall-snap-ties\/#primaryimage\",\"url\":\"https:\/\/qingdaohf.com\/wp-content\/uploads\/2023\/01\/snap-tie-8.jpg\",\"contentUrl\":\"https:\/\/qingdaohf.com\/wp-content\/uploads\/2023\/01\/snap-tie-8.jpg\",\"width\":1000,\"height\":1000,\"caption\":\"concrete wall snap tie\"},{\"@type\":\"BreadcrumbList\",\"@id\":\"https:\/\/qingdaohf.com\/product\/concrete-wall-snap-ties\/#breadcrumb\",\"itemListElement\":[{\"@type\":\"ListItem\",\"position\":1,\"name\":\"Home\",\"item\":\"https:\/\/qingdaohf.com\/\"},{\"@type\":\"ListItem\",\"position\":2,\"name\":\"Concrete Forming Accessories and Rigging Hardware\",\"item\":\"https:\/\/qingdaohf.com\/bg\/?page_id=944\"},{\"@type\":\"ListItem\",\"position\":3,\"name\":\"Concrete Wall Snap Ties\"}]},{\"@type\":\"WebSite\",\"@id\":\"https:\/\/qingdaohf.com\/bg\/#website\",\"url\":\"https:\/\/qingdaohf.com\/bg\/\",\"name\":\"Concrete Form & Rigging Hardware Supplier\",\"description\":\"\",\"publisher\":{\"@id\":\"https:\/\/qingdaohf.com\/bg\/#organization\"},\"potentialAction\":[{\"@type\":\"SearchAction\",\"target\":{\"@type\":\"EntryPoint\",\"urlTemplate\":\"https:\/\/qingdaohf.com\/bg\/?s={search_term_string}\"},\"query-input\":{\"@type\":\"PropertyValueSpecification\",\"valueRequired\":true,\"valueName\":\"search_term_string\"}}],\"inLanguage\":\"sl-SI\"},{\"@type\":\"Organization\",\"@id\":\"https:\/\/qingdaohf.com\/bg\/#organization\",\"name\":\"Qingdao H&F\",\"url\":\"https:\/\/qingdaohf.com\/bg\/\",\"logo\":{\"@type\":\"ImageObject\",\"inLanguage\":\"sl-SI\",\"@id\":\"https:\/\/qingdaohf.com\/bg\/#\/schema\/logo\/image\/\",\"url\":\"https:\/\/qingdaohf.com\/wp-content\/uploads\/2022\/12\/cropped-HF-LOGO.png\",\"contentUrl\":\"https:\/\/qingdaohf.com\/wp-content\/uploads\/2022\/12\/cropped-HF-LOGO.png\",\"width\":391,\"height\":249,\"caption\":\"Qingdao H&F\"},\"image\":{\"@id\":\"https:\/\/qingdaohf.com\/bg\/#\/schema\/logo\/image\/\"},\"sameAs\":[\"https:\/\/www.facebook.com\/qingdaohf\"]}]}<\/script>\n<!-- \/ Yoast SEO plugin. -->","yoast_head_json":{"title":"Concrete Wall Snap Ties","description":"Enhance the strength and stability of your concrete walls with our premium Concrete Wall Snap Ties. Available in 4-3\/4\" short end and 8-1\/4\" long end.","robots":{"index":"index","follow":"follow","max-snippet":"max-snippet:-1","max-image-preview":"max-image-preview:large","max-video-preview":"max-video-preview:-1"},"canonical":"https:\/\/qingdaohf.com\/sl\/izdelek\/betonske-stenske-vezi-snap\/","og_locale":"sl_SI","og_type":"article","og_title":"Concrete Wall Snap Ties","og_description":"Enhance the strength and stability of your concrete walls with our premium Concrete Wall Snap Ties. Available in 4-3\/4\" short end and 8-1\/4\" long end.","og_url":"https:\/\/qingdaohf.com\/sl\/izdelek\/betonske-stenske-vezi-snap\/","og_site_name":"Concrete Form &amp; Rigging Hardware Supplier","article_publisher":"https:\/\/www.facebook.com\/qingdaohf","article_modified_time":"2025-11-13T01:03:16+00:00","og_image":[{"width":1000,"height":1000,"url":"https:\/\/qingdaohf.com\/wp-content\/uploads\/2023\/01\/snap-tie-8.jpg","type":"image\/jpeg"}],"twitter_card":"summary_large_image","twitter_misc":{"Est. reading time":"4 minute"},"schema":{"@context":"https:\/\/schema.org","@graph":[{"@type":"WebPage","@id":"https:\/\/qingdaohf.com\/product\/concrete-wall-snap-ties\/","url":"https:\/\/qingdaohf.com\/product\/concrete-wall-snap-ties\/","name":"Concrete Wall Snap Ties","isPartOf":{"@id":"https:\/\/qingdaohf.com\/bg\/#website"},"primaryImageOfPage":{"@id":"https:\/\/qingdaohf.com\/product\/concrete-wall-snap-ties\/#primaryimage"},"image":{"@id":"https:\/\/qingdaohf.com\/product\/concrete-wall-snap-ties\/#primaryimage"},"thumbnailUrl":"https:\/\/qingdaohf.com\/wp-content\/uploads\/2023\/01\/snap-tie-8.jpg","datePublished":"2024-05-28T10:22:19+00:00","dateModified":"2025-11-13T01:03:16+00:00","description":"Enhance the strength and stability of your concrete walls with our premium Concrete Wall Snap Ties. Available in 4-3\/4\" short end and 8-1\/4\" long end.","breadcrumb":{"@id":"https:\/\/qingdaohf.com\/product\/concrete-wall-snap-ties\/#breadcrumb"},"inLanguage":"sl-SI","potentialAction":[{"@type":"ReadAction","target":["https:\/\/qingdaohf.com\/product\/concrete-wall-snap-ties\/"]}]},{"@type":"ImageObject","inLanguage":"sl-SI","@id":"https:\/\/qingdaohf.com\/product\/concrete-wall-snap-ties\/#primaryimage","url":"https:\/\/qingdaohf.com\/wp-content\/uploads\/2023\/01\/snap-tie-8.jpg","contentUrl":"https:\/\/qingdaohf.com\/wp-content\/uploads\/2023\/01\/snap-tie-8.jpg","width":1000,"height":1000,"caption":"concrete wall snap tie"},{"@type":"BreadcrumbList","@id":"https:\/\/qingdaohf.com\/product\/concrete-wall-snap-ties\/#breadcrumb","itemListElement":[{"@type":"ListItem","position":1,"name":"Home","item":"https:\/\/qingdaohf.com\/"},{"@type":"ListItem","position":2,"name":"Concrete Forming Accessories and Rigging Hardware","item":"https:\/\/qingdaohf.com\/bg\/?page_id=944"},{"@type":"ListItem","position":3,"name":"Concrete Wall Snap Ties"}]},{"@type":"WebSite","@id":"https:\/\/qingdaohf.com\/bg\/#website","url":"https:\/\/qingdaohf.com\/bg\/","name":"Concrete Form & Rigging Hardware Supplier","description":"","publisher":{"@id":"https:\/\/qingdaohf.com\/bg\/#organization"},"potentialAction":[{"@type":"SearchAction","target":{"@type":"EntryPoint","urlTemplate":"https:\/\/qingdaohf.com\/bg\/?s={search_term_string}"},"query-input":{"@type":"PropertyValueSpecification","valueRequired":true,"valueName":"search_term_string"}}],"inLanguage":"sl-SI"},{"@type":"Organization","@id":"https:\/\/qingdaohf.com\/bg\/#organization","name":"Qingdao H&F","url":"https:\/\/qingdaohf.com\/bg\/","logo":{"@type":"ImageObject","inLanguage":"sl-SI","@id":"https:\/\/qingdaohf.com\/bg\/#\/schema\/logo\/image\/","url":"https:\/\/qingdaohf.com\/wp-content\/uploads\/2022\/12\/cropped-HF-LOGO.png","contentUrl":"https:\/\/qingdaohf.com\/wp-content\/uploads\/2022\/12\/cropped-HF-LOGO.png","width":391,"height":249,"caption":"Qingdao H&F"},"image":{"@id":"https:\/\/qingdaohf.com\/bg\/#\/schema\/logo\/image\/"},"sameAs":["https:\/\/www.facebook.com\/qingdaohf"]}]}},"_links":{"self":[{"href":"https:\/\/qingdaohf.com\/sl\/wp-json\/wp\/v2\/product\/7381","targetHints":{"allow":["GET"]}}],"collection":[{"href":"https:\/\/qingdaohf.com\/sl\/wp-json\/wp\/v2\/product"}],"about":[{"href":"https:\/\/qingdaohf.com\/sl\/wp-json\/wp\/v2\/types\/product"}],"replies":[{"embeddable":true,"href":"https:\/\/qingdaohf.com\/sl\/wp-json\/wp\/v2\/comments?post=7381"}],"version-history":[{"count":6,"href":"https:\/\/qingdaohf.com\/sl\/wp-json\/wp\/v2\/product\/7381\/revisions"}],"predecessor-version":[{"id":10239,"href":"https:\/\/qingdaohf.com\/sl\/wp-json\/wp\/v2\/product\/7381\/revisions\/10239"}],"wp:featuredmedia":[{"embeddable":true,"href":"https:\/\/qingdaohf.com\/sl\/wp-json\/wp\/v2\/media\/2947"}],"wp:attachment":[{"href":"https:\/\/qingdaohf.com\/sl\/wp-json\/wp\/v2\/media?parent=7381"}],"wp:term":[{"taxonomy":"product_brand","embeddable":true,"href":"https:\/\/qingdaohf.com\/sl\/wp-json\/wp\/v2\/product_brand?post=7381"},{"taxonomy":"product_cat","embeddable":true,"href":"https:\/\/qingdaohf.com\/sl\/wp-json\/wp\/v2\/product_cat?post=7381"},{"taxonomy":"product_tag","embeddable":true,"href":"https:\/\/qingdaohf.com\/sl\/wp-json\/wp\/v2\/product_tag?post=7381"}],"curies":[{"name":"wp","href":"https:\/\/api.w.org\/{rel}","templated":true}]}}