{"id":7606,"date":"2024-07-29T17:54:40","date_gmt":"2024-07-29T09:54:40","guid":{"rendered":"http:\/\/qingdaohf.com\/?post_type=product&#038;p=7606"},"modified":"2025-11-13T09:03:14","modified_gmt":"2025-11-13T01:03:14","slug":"metal-garden-stake","status":"publish","type":"product","link":"https:\/\/qingdaohf.com\/sl\/izdelek\/kovinski-vrtni-kol\/","title":{"rendered":"Kovinski vrtni drog z zeleno plasti\u010dno prevleko"},"content":{"rendered":"<p>Kovinski vrtni drog z zeleno plasti\u010dno prevleko je nepogre\u0161ljivo orodje za vse, ki si prizadevajo za lepo urejen vrt. Ta vsestranski kol zdru\u017euje mo\u010d z elegantno, prakti\u010dno obliko in zagotavlja neprimerljivo podporo za razli\u010dne vrtnarske potrebe.<\/p>\n<p>Kovinsko jedro koli\u0161\u010da zagotavlja izjemno vzdr\u017eljivost, zato je dovolj robustno, da prenese te\u017eke vremenske razmere in intenzivno uporabo. Zelena plasti\u010dna prevleka je dodatna za\u0161\u010dita pred rjo in korozijo, ki zagotavlja, da kol ostane v odli\u010dnem stanju tudi po dolgotrajni izpostavljenosti elementom. Ta prevleka je tudi vizualno prijetnega videza in omogo\u010da, da se kol brezhibno zlije z \u017eivahnimi barvami va\u0161ega vrta.<\/p>\n<p>Ena od glavnih aplikacij kovinskih vrtnih kolov je njihova vloga pri podpiranju rastlin. Ne glede na to, ali gojite paradi\u017enik, pivonije ali plezajo\u010de vrtnice, kol zagotavlja zanesljivo podporno strukturo, ki pomaga rastlinam, da rastejo pokon\u010dno in zdravo. S tem ko prepre\u010duje, da bi se rastline upognile ali zlomile pod lastno te\u017eo ali zaradi zunanjih dejavnikov, kot je veter, ta kol spodbuja optimalno rast in pomaga ohranjati splo\u0161no zdravje va\u0161ega vrta.<\/p>\n<p>Poleg opore za rastline lahko kovinski vrtni drog uporabite tudi za pritrditev vrtnih konstrukcij, kot so re\u0161etke in mre\u017ee. Vrtnarjem, ki uporabljajo re\u0161etke za podporo plezalnim rastlinam, kot sta fi\u017eol ali kumare, ta kol ponuja stabilno sidrno to\u010dko. Njegovo mo\u010dno kovinsko jedro in varna plasti\u010dna prevleka zagotavljata, da mre\u017ea ostane trdno na mestu tudi med mo\u010dnim vetrom ali mo\u010dnim de\u017ejem.<\/p>\n<p>Dodatna prednost kovinskega vrtnega droga je enostavna namestitev. S preprostim potiskom v zemljo je kol hitro name\u0161\u010den, tako da se lahko osredoto\u010dite na u\u017eivanje na vrtu in se ne ukvarjate z zapletenimi nastavitvami. Zaradi zelene plasti\u010dne prevleke ga je enostavno vstaviti v zemljo, ne da bi po\u0161kodovali okoli\u0161ko zemljo ali rastline. Ta lastnost je \u0161e posebej koristna za vrtnarje, ki se \u017eelijo izogniti poseganju v koreninske sisteme obstoje\u010dih rastlin.<\/p>\n<p>Kovinski vrtni drog je zasnovan tudi z mislijo na vsestranskost. Na voljo je v razli\u010dnih velikostih, ki ustrezajo razli\u010dnim vrtnarskim potrebam. Ne glede na to, ali potrebujete kraj\u0161i kol za majhne lon\u010dnice ali vi\u0161ji kol za ve\u010dje vrtne grede, je na voljo velikost, ki bo izpolnila va\u0161e zahteve. Zaradi te prilagodljivosti je idealna izbira tako za manj\u0161e kot obse\u017ene vrtnarske projekte.<\/p>\n<p>Zelena plasti\u010dna prevleka za vrtnarje, ki so navdu\u0161eni nad estetiko, ne zagotavlja le funkcionalnih prednosti, temve\u010d tudi izbolj\u0161a vizualno privla\u010dnost vrta. Barva prevleke se brez te\u017eav zlije z listjem, zaradi \u010desar je kol manj opazen, va\u0161e rastline pa lahko zavzamejo osrednje mesto. Ta subtilna vklju\u010ditev v zasnovo vrta zagotavlja, da je v ospredju naravna lepota va\u0161ih rastlin in ne vrtne opore in strukture.<\/p>\n<p>Poleg tega je kovinski vrtni drog z zeleno plasti\u010dno prevleko odli\u010dno orodje za sezonska vrtnarska opravila. V rastni sezoni mladim rastlinam nudi pomembno oporo in zagotavlja, da rastejo v \u017eeleni smeri. Ko se letni \u010dasi spremenijo in rastline dozorijo, steber \u0161e naprej zagotavlja stabilnost in pomaga ohranjati urejen in dobro podprt vrt skozi vse leto.<\/p>\n<p>Vzdr\u017eevanje kovinskih vrtnih kolov je minimalno. Plasti\u010dna prevleka prepre\u010duje nabiranje umazanije in umazanije ter omogo\u010da enostavno \u010di\u0161\u010denje. Povr\u0161ino preprosto obri\u0161ite z vla\u017eno krpo, da odstranite vse ostanke ne\u010disto\u010d ali ostanke. Ta majhen obseg vzdr\u017eevanja je \u0161e posebej ugoden za vrtnarje, ki raje pre\u017eivijo ve\u010d \u010dasa ob u\u017eivanju na vrtu, kot da bi se ukvarjali z vrtnim orodjem.<\/p>\n<p>Druga pomembna lastnost kovinskega vrtnega droga je njegova prijaznost do okolja. Z uporabo tega koli\u0161\u010da prispevate k trajnostnim vrtnarskim praksam. Dolgotrajnost kovinskega jedra v kombinaciji z za\u0161\u010ditnim premazom zagotavlja, da se kol uporablja ve\u010d let, kar zmanj\u0161uje potrebo po pogostih zamenjavah in zmanj\u0161uje koli\u010dino odpadkov.<\/p>\n<p>Kovinski vrtni drog z zeleno plasti\u010dno prevleko je nujno orodje za vsakega vrtnarja, ki \u017eeli izbolj\u0161ati podporo in organizacijo svojega vrta. Zaradi kombinacije trdnosti, vzdr\u017eljivosti in estetskega videza je vsestranska izbira za podporo razli\u010dnih rastlin in struktur. Ne glede na to, ali ste profesionalni vrtnar ali ljubitelj, bo ta kol izbolj\u0161al funkcionalnost in vizualno privla\u010dnost va\u0161ega vrta. Investirajte v kovinski vrtni steber in izkusite prednosti dobro podprtega, lepo urejenega vrta.<\/p>","protected":false},"excerpt":{"rendered":"<p>S kovinskim vrtnim kolom z zeleno plasti\u010dno prevleko izbolj\u0161ajte estetski videz in funkcionalnost svojega vrta. Ta steber je zasnovan za vzdr\u017eljivost in preprosto uporabo ter je odli\u010den za podporo rastlinam, cvetju in vrtnim strukturam. Zelena plasti\u010dna prevleka ne le pove\u010duje odpornost kolov proti vremenskim vplivom, temve\u010d se tudi brezhibno zlije z naravnim okoljem va\u0161ega vrta. Ta kol je idealen tako za profesionalne vrtnarje kot ljubitelje, saj zagotavlja, da bo va\u0161 vrt urejen in dobro podprt.<\/p>","protected":false},"featured_media":7792,"comment_status":"open","ping_status":"closed","template":"","meta":{"site-sidebar-layout":"default","site-content-layout":"","ast-site-content-layout":"default","site-content-style":"default","site-sidebar-style":"default","ast-global-header-display":"","ast-banner-title-visibility":"","ast-main-header-display":"","ast-hfb-above-header-display":"","ast-hfb-below-header-display":"","ast-hfb-mobile-header-display":"","site-post-title":"","ast-breadcrumbs-content":"","ast-featured-img":"","footer-sml-layout":"","theme-transparent-header-meta":"default","adv-header-id-meta":"","stick-header-meta":"default","header-above-stick-meta":"","header-main-stick-meta":"","header-below-stick-meta":"","astra-migrate-meta-layouts":"set","ast-page-background-enabled":"default","ast-page-background-meta":{"desktop":{"background-color":"","background-image":"","background-repeat":"repeat","background-position":"center center","background-size":"auto","background-attachment":"scroll","background-type":"","background-media":"","overlay-type":"","overlay-color":"","overlay-opacity":"","overlay-gradient":""},"tablet":{"background-color":"","background-image":"","background-repeat":"repeat","background-position":"center center","background-size":"auto","background-attachment":"scroll","background-type":"","background-media":"","overlay-type":"","overlay-color":"","overlay-opacity":"","overlay-gradient":""},"mobile":{"background-color":"","background-image":"","background-repeat":"repeat","background-position":"center center","background-size":"auto","background-attachment":"scroll","background-type":"","background-media":"","overlay-type":"","overlay-color":"","overlay-opacity":"","overlay-gradient":""}},"ast-content-background-meta":{"desktop":{"background-color":"var(--ast-global-color-5)","background-image":"","background-repeat":"repeat","background-position":"center center","background-size":"auto","background-attachment":"scroll","background-type":"","background-media":"","overlay-type":"","overlay-color":"","overlay-opacity":"","overlay-gradient":""},"tablet":{"background-color":"var(--ast-global-color-5)","background-image":"","background-repeat":"repeat","background-position":"center center","background-size":"auto","background-attachment":"scroll","background-type":"","background-media":"","overlay-type":"","overlay-color":"","overlay-opacity":"","overlay-gradient":""},"mobile":{"background-color":"var(--ast-global-color-5)","background-image":"","background-repeat":"repeat","background-position":"center center","background-size":"auto","background-attachment":"scroll","background-type":"","background-media":"","overlay-type":"","overlay-color":"","overlay-opacity":"","overlay-gradient":""}}},"product_brand":[],"product_cat":[50],"product_tag":[],"class_list":{"0":"post-7606","1":"product","2":"type-product","3":"status-publish","4":"has-post-thumbnail","6":"product_cat-concrete-form-accessories","7":"desktop-align-left","8":"tablet-align-left","9":"mobile-align-left","10":"ast-product-gallery-layout-horizontal-slider","11":"ast-product-tabs-layout-horizontal","13":"first","14":"instock","15":"shipping-taxable","16":"purchasable","17":"product-type-simple"},"yoast_head":"<!-- This site is optimized with the Yoast SEO plugin v25.2 - https:\/\/yoast.com\/wordpress\/plugins\/seo\/ -->\n<title>Metal Garden Stake Pole with Green Plastic Coating<\/title>\n<meta name=\"description\" content=\"Elevate your garden\u2019s aesthetic and functionality with our Metal Garden Stake Pole with Green Plastic Coating.\" \/>\n<meta name=\"robots\" content=\"index, follow, max-snippet:-1, max-image-preview:large, max-video-preview:-1\" \/>\n<link rel=\"canonical\" href=\"https:\/\/qingdaohf.com\/sl\/izdelek\/kovinski-vrtni-kol\/\" \/>\n<meta property=\"og:locale\" content=\"sl_SI\" \/>\n<meta property=\"og:type\" content=\"article\" \/>\n<meta property=\"og:title\" content=\"Metal Garden Stake Pole with Green Plastic Coating\" \/>\n<meta property=\"og:description\" content=\"Elevate your garden\u2019s aesthetic and functionality with our Metal Garden Stake Pole with Green Plastic Coating.\" \/>\n<meta property=\"og:url\" content=\"https:\/\/qingdaohf.com\/sl\/izdelek\/kovinski-vrtni-kol\/\" \/>\n<meta property=\"og:site_name\" content=\"Concrete Form &amp; Rigging Hardware Supplier\" \/>\n<meta property=\"article:publisher\" content=\"https:\/\/www.facebook.com\/qingdaohf\" \/>\n<meta property=\"article:modified_time\" content=\"2025-11-13T01:03:14+00:00\" \/>\n<meta property=\"og:image\" content=\"https:\/\/qingdaohf.com\/wp-content\/uploads\/2024\/07\/garden-stake.jpg\" \/>\n\t<meta property=\"og:image:width\" content=\"800\" \/>\n\t<meta property=\"og:image:height\" content=\"800\" \/>\n\t<meta property=\"og:image:type\" content=\"image\/jpeg\" \/>\n<meta name=\"twitter:card\" content=\"summary_large_image\" \/>\n<meta name=\"twitter:label1\" content=\"Est. reading time\" \/>\n\t<meta name=\"twitter:data1\" content=\"4 minute\" \/>\n<script type=\"application\/ld+json\" class=\"yoast-schema-graph\">{\"@context\":\"https:\/\/schema.org\",\"@graph\":[{\"@type\":\"WebPage\",\"@id\":\"https:\/\/qingdaohf.com\/product\/metal-garden-stake\/\",\"url\":\"https:\/\/qingdaohf.com\/product\/metal-garden-stake\/\",\"name\":\"Metal Garden Stake Pole with Green Plastic Coating\",\"isPartOf\":{\"@id\":\"https:\/\/qingdaohf.com\/bg\/#website\"},\"primaryImageOfPage\":{\"@id\":\"https:\/\/qingdaohf.com\/product\/metal-garden-stake\/#primaryimage\"},\"image\":{\"@id\":\"https:\/\/qingdaohf.com\/product\/metal-garden-stake\/#primaryimage\"},\"thumbnailUrl\":\"https:\/\/qingdaohf.com\/wp-content\/uploads\/2024\/07\/garden-stake.jpg\",\"datePublished\":\"2024-07-29T09:54:40+00:00\",\"dateModified\":\"2025-11-13T01:03:14+00:00\",\"description\":\"Elevate your garden\u2019s aesthetic and functionality with our Metal Garden Stake Pole with Green Plastic Coating.\",\"breadcrumb\":{\"@id\":\"https:\/\/qingdaohf.com\/product\/metal-garden-stake\/#breadcrumb\"},\"inLanguage\":\"sl-SI\",\"potentialAction\":[{\"@type\":\"ReadAction\",\"target\":[\"https:\/\/qingdaohf.com\/product\/metal-garden-stake\/\"]}]},{\"@type\":\"ImageObject\",\"inLanguage\":\"sl-SI\",\"@id\":\"https:\/\/qingdaohf.com\/product\/metal-garden-stake\/#primaryimage\",\"url\":\"https:\/\/qingdaohf.com\/wp-content\/uploads\/2024\/07\/garden-stake.jpg\",\"contentUrl\":\"https:\/\/qingdaohf.com\/wp-content\/uploads\/2024\/07\/garden-stake.jpg\",\"width\":800,\"height\":800,\"caption\":\"garden stake\"},{\"@type\":\"BreadcrumbList\",\"@id\":\"https:\/\/qingdaohf.com\/product\/metal-garden-stake\/#breadcrumb\",\"itemListElement\":[{\"@type\":\"ListItem\",\"position\":1,\"name\":\"Home\",\"item\":\"https:\/\/qingdaohf.com\/\"},{\"@type\":\"ListItem\",\"position\":2,\"name\":\"Concrete Forming Accessories and Rigging Hardware\",\"item\":\"https:\/\/qingdaohf.com\/bg\/?page_id=944\"},{\"@type\":\"ListItem\",\"position\":3,\"name\":\"Metal Garden Stake Pole with Green Plastic Coating\"}]},{\"@type\":\"WebSite\",\"@id\":\"https:\/\/qingdaohf.com\/bg\/#website\",\"url\":\"https:\/\/qingdaohf.com\/bg\/\",\"name\":\"Concrete Form & Rigging Hardware Supplier\",\"description\":\"\",\"publisher\":{\"@id\":\"https:\/\/qingdaohf.com\/bg\/#organization\"},\"potentialAction\":[{\"@type\":\"SearchAction\",\"target\":{\"@type\":\"EntryPoint\",\"urlTemplate\":\"https:\/\/qingdaohf.com\/bg\/?s={search_term_string}\"},\"query-input\":{\"@type\":\"PropertyValueSpecification\",\"valueRequired\":true,\"valueName\":\"search_term_string\"}}],\"inLanguage\":\"sl-SI\"},{\"@type\":\"Organization\",\"@id\":\"https:\/\/qingdaohf.com\/bg\/#organization\",\"name\":\"Qingdao H&F\",\"url\":\"https:\/\/qingdaohf.com\/bg\/\",\"logo\":{\"@type\":\"ImageObject\",\"inLanguage\":\"sl-SI\",\"@id\":\"https:\/\/qingdaohf.com\/bg\/#\/schema\/logo\/image\/\",\"url\":\"https:\/\/qingdaohf.com\/wp-content\/uploads\/2022\/12\/cropped-HF-LOGO.png\",\"contentUrl\":\"https:\/\/qingdaohf.com\/wp-content\/uploads\/2022\/12\/cropped-HF-LOGO.png\",\"width\":391,\"height\":249,\"caption\":\"Qingdao H&F\"},\"image\":{\"@id\":\"https:\/\/qingdaohf.com\/bg\/#\/schema\/logo\/image\/\"},\"sameAs\":[\"https:\/\/www.facebook.com\/qingdaohf\"]}]}<\/script>\n<!-- \/ Yoast SEO plugin. -->","yoast_head_json":{"title":"Metal Garden Stake Pole with Green Plastic Coating","description":"Elevate your garden\u2019s aesthetic and functionality with our Metal Garden Stake Pole with Green Plastic Coating.","robots":{"index":"index","follow":"follow","max-snippet":"max-snippet:-1","max-image-preview":"max-image-preview:large","max-video-preview":"max-video-preview:-1"},"canonical":"https:\/\/qingdaohf.com\/sl\/izdelek\/kovinski-vrtni-kol\/","og_locale":"sl_SI","og_type":"article","og_title":"Metal Garden Stake Pole with Green Plastic Coating","og_description":"Elevate your garden\u2019s aesthetic and functionality with our Metal Garden Stake Pole with Green Plastic Coating.","og_url":"https:\/\/qingdaohf.com\/sl\/izdelek\/kovinski-vrtni-kol\/","og_site_name":"Concrete Form &amp; Rigging Hardware Supplier","article_publisher":"https:\/\/www.facebook.com\/qingdaohf","article_modified_time":"2025-11-13T01:03:14+00:00","og_image":[{"width":800,"height":800,"url":"https:\/\/qingdaohf.com\/wp-content\/uploads\/2024\/07\/garden-stake.jpg","type":"image\/jpeg"}],"twitter_card":"summary_large_image","twitter_misc":{"Est. reading time":"4 minute"},"schema":{"@context":"https:\/\/schema.org","@graph":[{"@type":"WebPage","@id":"https:\/\/qingdaohf.com\/product\/metal-garden-stake\/","url":"https:\/\/qingdaohf.com\/product\/metal-garden-stake\/","name":"Metal Garden Stake Pole with Green Plastic Coating","isPartOf":{"@id":"https:\/\/qingdaohf.com\/bg\/#website"},"primaryImageOfPage":{"@id":"https:\/\/qingdaohf.com\/product\/metal-garden-stake\/#primaryimage"},"image":{"@id":"https:\/\/qingdaohf.com\/product\/metal-garden-stake\/#primaryimage"},"thumbnailUrl":"https:\/\/qingdaohf.com\/wp-content\/uploads\/2024\/07\/garden-stake.jpg","datePublished":"2024-07-29T09:54:40+00:00","dateModified":"2025-11-13T01:03:14+00:00","description":"Elevate your garden\u2019s aesthetic and functionality with our Metal Garden Stake Pole with Green Plastic Coating.","breadcrumb":{"@id":"https:\/\/qingdaohf.com\/product\/metal-garden-stake\/#breadcrumb"},"inLanguage":"sl-SI","potentialAction":[{"@type":"ReadAction","target":["https:\/\/qingdaohf.com\/product\/metal-garden-stake\/"]}]},{"@type":"ImageObject","inLanguage":"sl-SI","@id":"https:\/\/qingdaohf.com\/product\/metal-garden-stake\/#primaryimage","url":"https:\/\/qingdaohf.com\/wp-content\/uploads\/2024\/07\/garden-stake.jpg","contentUrl":"https:\/\/qingdaohf.com\/wp-content\/uploads\/2024\/07\/garden-stake.jpg","width":800,"height":800,"caption":"garden stake"},{"@type":"BreadcrumbList","@id":"https:\/\/qingdaohf.com\/product\/metal-garden-stake\/#breadcrumb","itemListElement":[{"@type":"ListItem","position":1,"name":"Home","item":"https:\/\/qingdaohf.com\/"},{"@type":"ListItem","position":2,"name":"Concrete Forming Accessories and Rigging Hardware","item":"https:\/\/qingdaohf.com\/bg\/?page_id=944"},{"@type":"ListItem","position":3,"name":"Metal Garden Stake Pole with Green Plastic Coating"}]},{"@type":"WebSite","@id":"https:\/\/qingdaohf.com\/bg\/#website","url":"https:\/\/qingdaohf.com\/bg\/","name":"Concrete Form & Rigging Hardware Supplier","description":"","publisher":{"@id":"https:\/\/qingdaohf.com\/bg\/#organization"},"potentialAction":[{"@type":"SearchAction","target":{"@type":"EntryPoint","urlTemplate":"https:\/\/qingdaohf.com\/bg\/?s={search_term_string}"},"query-input":{"@type":"PropertyValueSpecification","valueRequired":true,"valueName":"search_term_string"}}],"inLanguage":"sl-SI"},{"@type":"Organization","@id":"https:\/\/qingdaohf.com\/bg\/#organization","name":"Qingdao H&F","url":"https:\/\/qingdaohf.com\/bg\/","logo":{"@type":"ImageObject","inLanguage":"sl-SI","@id":"https:\/\/qingdaohf.com\/bg\/#\/schema\/logo\/image\/","url":"https:\/\/qingdaohf.com\/wp-content\/uploads\/2022\/12\/cropped-HF-LOGO.png","contentUrl":"https:\/\/qingdaohf.com\/wp-content\/uploads\/2022\/12\/cropped-HF-LOGO.png","width":391,"height":249,"caption":"Qingdao H&F"},"image":{"@id":"https:\/\/qingdaohf.com\/bg\/#\/schema\/logo\/image\/"},"sameAs":["https:\/\/www.facebook.com\/qingdaohf"]}]}},"_links":{"self":[{"href":"https:\/\/qingdaohf.com\/sl\/wp-json\/wp\/v2\/product\/7606","targetHints":{"allow":["GET"]}}],"collection":[{"href":"https:\/\/qingdaohf.com\/sl\/wp-json\/wp\/v2\/product"}],"about":[{"href":"https:\/\/qingdaohf.com\/sl\/wp-json\/wp\/v2\/types\/product"}],"replies":[{"embeddable":true,"href":"https:\/\/qingdaohf.com\/sl\/wp-json\/wp\/v2\/comments?post=7606"}],"version-history":[{"count":1,"href":"https:\/\/qingdaohf.com\/sl\/wp-json\/wp\/v2\/product\/7606\/revisions"}],"predecessor-version":[{"id":7612,"href":"https:\/\/qingdaohf.com\/sl\/wp-json\/wp\/v2\/product\/7606\/revisions\/7612"}],"wp:featuredmedia":[{"embeddable":true,"href":"https:\/\/qingdaohf.com\/sl\/wp-json\/wp\/v2\/media\/7792"}],"wp:attachment":[{"href":"https:\/\/qingdaohf.com\/sl\/wp-json\/wp\/v2\/media?parent=7606"}],"wp:term":[{"taxonomy":"product_brand","embeddable":true,"href":"https:\/\/qingdaohf.com\/sl\/wp-json\/wp\/v2\/product_brand?post=7606"},{"taxonomy":"product_cat","embeddable":true,"href":"https:\/\/qingdaohf.com\/sl\/wp-json\/wp\/v2\/product_cat?post=7606"},{"taxonomy":"product_tag","embeddable":true,"href":"https:\/\/qingdaohf.com\/sl\/wp-json\/wp\/v2\/product_tag?post=7606"}],"curies":[{"name":"wp","href":"https:\/\/api.w.org\/{rel}","templated":true}]}}