{"id":7983,"date":"2024-09-30T14:34:11","date_gmt":"2024-09-30T06:34:11","guid":{"rendered":"http:\/\/qingdaohf.com\/?post_type=product&#038;p=7983"},"modified":"2025-11-13T09:03:13","modified_gmt":"2025-11-13T01:03:13","slug":"rebar-individual-high-chair","status":"publish","type":"product","link":"https:\/\/qingdaohf.com\/sl\/izdelek\/armature-individualni-visoki-stol\/","title":{"rendered":"Rebar Individualni visoki stol"},"content":{"rendered":"<h3>Razumevanje pomena armaturne palice Individualni visoki stoli<\/h3>\n<p>Na podro\u010dju betonske gradnje ni mogo\u010de preceniti pomena pravilne namestitve armaturne palice. Armaturna palica je hrbtenica betonskih konstrukcij, ki pove\u010duje njihovo trdnost in vzdr\u017eljivost. Vendar pa je za doseganje \u017eelene strukturne celovitosti klju\u010dnega pomena, da je armaturna palica natan\u010dno name\u0161\u010dena. Tu pride v po\u0161tev individualni visoki stol za armaturo. Ta izdelek, zasnovan posebej za dvigovanje armaturne palice, ne podpira le te\u017ee armaturne palice, temve\u010d tudi zagotavlja, da ostane na pravilni vi\u0161ini med postopkom betoniranja.<\/p>\n<p>Individualni stol\u010dek za armaturno palico je zasnovan tako, da zagotavlja optimalno vi\u0161ino, zaradi katere je armaturna palica ustrezno obe\u0161ena v betonski me\u0161anici. Ta vi\u0161ina je klju\u010dnega pomena, saj prepre\u010duje korozijo in spodbuja pravilno povezavo med armaturno palico in betonom. Poleg tega z vzdr\u017eevanjem enakomernih razmikov visok stol omogo\u010da enakomerno porazdelitev napetosti po celotni konstrukciji, kar znatno pove\u010da njeno nosilnost.<\/p>\n<h3>Klju\u010dne lastnosti in prednosti posameznih visokih stolov Rebar<\/h3>\n<p>Ena od glavnih zna\u010dilnosti visokega stol\u010dka Rebar Individual je njegova robustna konstrukcija. Izdelan je iz visokokakovostnih materialov in je zasnovan tako, da zdr\u017ei tudi v gradbenem okolju. Njegova trpe\u017enost zagotavlja, da se pod pritiskom ne bo upognil ali zlomil, kar zagotavlja zanesljivo podporo v kriti\u010dnih fazah gradnje.<\/p>\n<p>Poleg tega je stol\u010dek Rebar Individual High Chair vsestransko uporaben. Na voljo je v razli\u010dnih velikostih in omogo\u010da namestitev razli\u010dnih premerov armaturne palice, zato je primeren za \u0161tevilne projekte. Ta prilagodljivost je \u0161e posebej koristna za izvajalce, ki pogosto delajo na razli\u010dnih gradbi\u0161\u010dih, saj jim omogo\u010da uporabo istega visokega stola za ve\u010d aplikacij.<\/p>\n<p>Druga pomembna prednost uporabe visokega stol\u010dka Rebar Individual je njegova enostavna namestitev. Z enostavno namestitvijo lahko gradbene ekipe u\u010dinkovito namestijo visoke stole brez pretiranega \u010dasa ali truda. Ta u\u010dinkovitost pomeni prihranek delovne sile, kar ekipam omogo\u010da u\u010dinkovitej\u0161o razporeditev virov.<\/p>\n<p>Poleg tega zasnova visokega stola Rebar Individual High Chair spodbuja varnost na delovnem mestu. Z zagotavljanjem pravilnega polo\u017eaja in pritrditve armaturne palice zmanj\u0161uje tveganje nesre\u010d, povezanih z napa\u010dno postavljeno armaturno palico. Ta poudarek na varnosti ne le varuje delavce, temve\u010d tudi izbolj\u0161uje splo\u0161no kakovost gradbenega projekta.<\/p>\n<h3>Uporaba v realnih scenarijih<\/h3>\n<p>\u010ce \u017eelite resni\u010dno ceniti vrednost visokega stola Rebar Individual High Chair, je treba upo\u0161tevati njegovo uporabo v resni\u010dnem svetu. Na primer, pri gradnji ve\u010dnadstropne stavbe je strukturna celovitost vsakega nadstropja v veliki meri odvisna od pravilne namestitve armaturne palice. Z uporabo individualnih visokih stolov Rebar lahko izvajalci zagotovijo, da armatura ostane na zahtevani vi\u0161ini, kar omogo\u010da mo\u010dno povezavo z betonom.<\/p>\n<p>Tudi pri infrastrukturnih projektih, kot so mostovi in avtoceste, so vlo\u017eki \u0161e vi\u0161ji. Posamezni visoki stol za armature ima klju\u010dno vlogo pri zagotavljanju, da so armature pravilno name\u0161\u010dene, da prenesejo ogromne obremenitve, ki jih bodo te strukture prena\u0161ale. Ta stopnja zanesljivosti je klju\u010dnega pomena, saj neposredno vpliva na \u017eivljenjsko dobo in varnost infrastrukture.<\/p>\n<p>Poleg tega se lahko stol Rebar Individual High Chair uporablja v razli\u010dnih aplikacijah, vklju\u010dno s stanovanjskimi, komercialnimi in industrijskimi projekti. Naj gre za oja\u010ditev plo\u0161\u010d, nosilcev ali stebrov, ta visoki stol se izka\u017ee za neprecenljivo orodje za doseganje visokokakovostnih rezultatov.<\/p>\n<h3>Zaklju\u010dek: Prihodnost betonske gradnje z armaturo Individualni visoki stoli<\/h3>\n<p>Posamezni visoki stol za armaturo je ve\u010d kot le gradbeni pripomo\u010dek; je klju\u010dna sestavina za zagotavljanje uspeha betonskih projektov. Z zagotavljanjem optimalne podpore in stabilnosti pri name\u0161\u010danju armaturne palice pove\u010duje splo\u0161no celovitost konstrukcij. Zaradi svoje vzdr\u017eljivosti, vsestranskosti in preproste uporabe je bistveno orodje za gradbene strokovnjake, ki dajejo prednost kakovosti in varnosti.<\/p>\n<p>Ker se gradbena industrija \u0161e naprej razvija, bo uporaba inovativnih re\u0161itev, kot je individualni visoki stol Rebar, nedvomno igrala klju\u010dno vlogo pri oblikovanju prihodnosti betonske gradnje. Z vlaganjem v visokokakovostno opremo lahko izvajalci zagotovijo, da njihovi projekti izpolnjujejo najvi\u0161je standarde varnosti in u\u010dinkovitosti.<\/p>\n<p>Visoki stol Rebar Individual High Chair predstavlja zavezanost k odli\u010dnosti v betonski gradnji in omogo\u010da ekipam, da gradijo trdne strukture, ki so kos preizku\u0161nji \u010dasa. Z izbiro tega izdelka lahko gradbeni strokovnjaki povzdignejo svoje projekte in zagotovijo, da je vsak element pripravljen na uspeh.<\/p>","protected":false},"excerpt":{"rendered":"<p>Individualni stol za armaturo je pomembno orodje za utrjevanje betonskih konstrukcij, saj zagotavlja optimalno podporo in stabilnost med vlivanjem. Ta visoki stol, zasnovan za u\u010dinkovitost, zagotavlja natan\u010dno dvigovanje armaturne palice in s tem izbolj\u0161uje splo\u0161no celovitost betonskih aplikacij. Zaradi trpe\u017ene zasnove in preproste uporabe je neprecenljivo sredstvo za gradbene strokovnjake, ki i\u0161\u010dejo zanesljive re\u0161itve za name\u0161\u010danje armaturne palice.<\/p>","protected":false},"featured_media":7984,"comment_status":"open","ping_status":"closed","template":"","meta":{"site-sidebar-layout":"default","site-content-layout":"","ast-site-content-layout":"default","site-content-style":"default","site-sidebar-style":"default","ast-global-header-display":"","ast-banner-title-visibility":"","ast-main-header-display":"","ast-hfb-above-header-display":"","ast-hfb-below-header-display":"","ast-hfb-mobile-header-display":"","site-post-title":"","ast-breadcrumbs-content":"","ast-featured-img":"","footer-sml-layout":"","theme-transparent-header-meta":"default","adv-header-id-meta":"","stick-header-meta":"default","header-above-stick-meta":"","header-main-stick-meta":"","header-below-stick-meta":"","astra-migrate-meta-layouts":"set","ast-page-background-enabled":"default","ast-page-background-meta":{"desktop":{"background-color":"","background-image":"","background-repeat":"repeat","background-position":"center center","background-size":"auto","background-attachment":"scroll","background-type":"","background-media":"","overlay-type":"","overlay-color":"","overlay-opacity":"","overlay-gradient":""},"tablet":{"background-color":"","background-image":"","background-repeat":"repeat","background-position":"center center","background-size":"auto","background-attachment":"scroll","background-type":"","background-media":"","overlay-type":"","overlay-color":"","overlay-opacity":"","overlay-gradient":""},"mobile":{"background-color":"","background-image":"","background-repeat":"repeat","background-position":"center center","background-size":"auto","background-attachment":"scroll","background-type":"","background-media":"","overlay-type":"","overlay-color":"","overlay-opacity":"","overlay-gradient":""}},"ast-content-background-meta":{"desktop":{"background-color":"var(--ast-global-color-5)","background-image":"","background-repeat":"repeat","background-position":"center center","background-size":"auto","background-attachment":"scroll","background-type":"","background-media":"","overlay-type":"","overlay-color":"","overlay-opacity":"","overlay-gradient":""},"tablet":{"background-color":"var(--ast-global-color-5)","background-image":"","background-repeat":"repeat","background-position":"center center","background-size":"auto","background-attachment":"scroll","background-type":"","background-media":"","overlay-type":"","overlay-color":"","overlay-opacity":"","overlay-gradient":""},"mobile":{"background-color":"var(--ast-global-color-5)","background-image":"","background-repeat":"repeat","background-position":"center center","background-size":"auto","background-attachment":"scroll","background-type":"","background-media":"","overlay-type":"","overlay-color":"","overlay-opacity":"","overlay-gradient":""}}},"product_brand":[],"product_cat":[35],"product_tag":[],"class_list":{"0":"post-7983","1":"product","2":"type-product","3":"status-publish","4":"has-post-thumbnail","6":"product_cat-concrete-rebar-support","7":"desktop-align-left","8":"tablet-align-left","9":"mobile-align-left","10":"ast-product-gallery-layout-horizontal-slider","11":"ast-product-tabs-layout-horizontal","13":"first","14":"instock","15":"shipping-taxable","16":"purchasable","17":"product-type-simple"},"yoast_head":"<!-- This site is optimized with the Yoast SEO plugin v25.2 - https:\/\/yoast.com\/wordpress\/plugins\/seo\/ -->\n<title>Rebar Individual High Chair<\/title>\n<meta name=\"robots\" content=\"index, follow, max-snippet:-1, max-image-preview:large, max-video-preview:-1\" \/>\n<link rel=\"canonical\" href=\"https:\/\/qingdaohf.com\/sl\/izdelek\/armature-individualni-visoki-stol\/\" \/>\n<meta property=\"og:locale\" content=\"sl_SI\" \/>\n<meta property=\"og:type\" content=\"article\" \/>\n<meta property=\"og:title\" content=\"Rebar Individual High Chair\" \/>\n<meta property=\"og:description\" content=\"The Rebar Individual High Chair is an essential tool for reinforcing concrete structures, providing optimal support and stability during the pouring process. Engineered for efficiency, this high chair ensures precise elevation of rebar, enhancing the overall integrity of concrete applications. Its durable design and ease of use make it an invaluable asset for construction professionals seeking reliable solutions for rebar placement.\" \/>\n<meta property=\"og:url\" content=\"https:\/\/qingdaohf.com\/sl\/izdelek\/armature-individualni-visoki-stol\/\" \/>\n<meta property=\"og:site_name\" content=\"Concrete Form &amp; Rigging Hardware Supplier\" \/>\n<meta property=\"article:publisher\" content=\"https:\/\/www.facebook.com\/qingdaohf\" \/>\n<meta property=\"article:modified_time\" content=\"2025-11-13T01:03:13+00:00\" \/>\n<meta property=\"og:image\" content=\"https:\/\/qingdaohf.com\/wp-content\/uploads\/2024\/09\/Individual-High-Chair-12.webp\" \/>\n\t<meta property=\"og:image:width\" content=\"1280\" \/>\n\t<meta property=\"og:image:height\" content=\"1280\" \/>\n\t<meta property=\"og:image:type\" content=\"image\/webp\" \/>\n<meta name=\"twitter:card\" content=\"summary_large_image\" \/>\n<meta name=\"twitter:label1\" content=\"Est. reading time\" \/>\n\t<meta name=\"twitter:data1\" content=\"4 minute\" \/>\n<script type=\"application\/ld+json\" class=\"yoast-schema-graph\">{\"@context\":\"https:\/\/schema.org\",\"@graph\":[{\"@type\":\"WebPage\",\"@id\":\"https:\/\/qingdaohf.com\/product\/rebar-individual-high-chair\/\",\"url\":\"https:\/\/qingdaohf.com\/product\/rebar-individual-high-chair\/\",\"name\":\"Rebar Individual High Chair\",\"isPartOf\":{\"@id\":\"https:\/\/qingdaohf.com\/bg\/#website\"},\"primaryImageOfPage\":{\"@id\":\"https:\/\/qingdaohf.com\/product\/rebar-individual-high-chair\/#primaryimage\"},\"image\":{\"@id\":\"https:\/\/qingdaohf.com\/product\/rebar-individual-high-chair\/#primaryimage\"},\"thumbnailUrl\":\"https:\/\/qingdaohf.com\/wp-content\/uploads\/2024\/09\/Individual-High-Chair-12.webp\",\"datePublished\":\"2024-09-30T06:34:11+00:00\",\"dateModified\":\"2025-11-13T01:03:13+00:00\",\"breadcrumb\":{\"@id\":\"https:\/\/qingdaohf.com\/product\/rebar-individual-high-chair\/#breadcrumb\"},\"inLanguage\":\"sl-SI\",\"potentialAction\":[{\"@type\":\"ReadAction\",\"target\":[\"https:\/\/qingdaohf.com\/product\/rebar-individual-high-chair\/\"]}]},{\"@type\":\"ImageObject\",\"inLanguage\":\"sl-SI\",\"@id\":\"https:\/\/qingdaohf.com\/product\/rebar-individual-high-chair\/#primaryimage\",\"url\":\"https:\/\/qingdaohf.com\/wp-content\/uploads\/2024\/09\/Individual-High-Chair-12.webp\",\"contentUrl\":\"https:\/\/qingdaohf.com\/wp-content\/uploads\/2024\/09\/Individual-High-Chair-12.webp\",\"width\":1280,\"height\":1280,\"caption\":\"Rebar Individual High Chair\"},{\"@type\":\"BreadcrumbList\",\"@id\":\"https:\/\/qingdaohf.com\/product\/rebar-individual-high-chair\/#breadcrumb\",\"itemListElement\":[{\"@type\":\"ListItem\",\"position\":1,\"name\":\"Home\",\"item\":\"https:\/\/qingdaohf.com\/\"},{\"@type\":\"ListItem\",\"position\":2,\"name\":\"Concrete Forming Accessories and Rigging Hardware\",\"item\":\"https:\/\/qingdaohf.com\/bg\/?page_id=944\"},{\"@type\":\"ListItem\",\"position\":3,\"name\":\"Rebar Individual High Chair\"}]},{\"@type\":\"WebSite\",\"@id\":\"https:\/\/qingdaohf.com\/bg\/#website\",\"url\":\"https:\/\/qingdaohf.com\/bg\/\",\"name\":\"Concrete Form & Rigging Hardware Supplier\",\"description\":\"\",\"publisher\":{\"@id\":\"https:\/\/qingdaohf.com\/bg\/#organization\"},\"potentialAction\":[{\"@type\":\"SearchAction\",\"target\":{\"@type\":\"EntryPoint\",\"urlTemplate\":\"https:\/\/qingdaohf.com\/bg\/?s={search_term_string}\"},\"query-input\":{\"@type\":\"PropertyValueSpecification\",\"valueRequired\":true,\"valueName\":\"search_term_string\"}}],\"inLanguage\":\"sl-SI\"},{\"@type\":\"Organization\",\"@id\":\"https:\/\/qingdaohf.com\/bg\/#organization\",\"name\":\"Qingdao H&F\",\"url\":\"https:\/\/qingdaohf.com\/bg\/\",\"logo\":{\"@type\":\"ImageObject\",\"inLanguage\":\"sl-SI\",\"@id\":\"https:\/\/qingdaohf.com\/bg\/#\/schema\/logo\/image\/\",\"url\":\"https:\/\/qingdaohf.com\/wp-content\/uploads\/2022\/12\/cropped-HF-LOGO.png\",\"contentUrl\":\"https:\/\/qingdaohf.com\/wp-content\/uploads\/2022\/12\/cropped-HF-LOGO.png\",\"width\":391,\"height\":249,\"caption\":\"Qingdao H&F\"},\"image\":{\"@id\":\"https:\/\/qingdaohf.com\/bg\/#\/schema\/logo\/image\/\"},\"sameAs\":[\"https:\/\/www.facebook.com\/qingdaohf\"]}]}<\/script>\n<!-- \/ Yoast SEO plugin. -->","yoast_head_json":{"title":"Rebar Individual High Chair","robots":{"index":"index","follow":"follow","max-snippet":"max-snippet:-1","max-image-preview":"max-image-preview:large","max-video-preview":"max-video-preview:-1"},"canonical":"https:\/\/qingdaohf.com\/sl\/izdelek\/armature-individualni-visoki-stol\/","og_locale":"sl_SI","og_type":"article","og_title":"Rebar Individual High Chair","og_description":"The Rebar Individual High Chair is an essential tool for reinforcing concrete structures, providing optimal support and stability during the pouring process. Engineered for efficiency, this high chair ensures precise elevation of rebar, enhancing the overall integrity of concrete applications. Its durable design and ease of use make it an invaluable asset for construction professionals seeking reliable solutions for rebar placement.","og_url":"https:\/\/qingdaohf.com\/sl\/izdelek\/armature-individualni-visoki-stol\/","og_site_name":"Concrete Form &amp; Rigging Hardware Supplier","article_publisher":"https:\/\/www.facebook.com\/qingdaohf","article_modified_time":"2025-11-13T01:03:13+00:00","og_image":[{"width":1280,"height":1280,"url":"https:\/\/qingdaohf.com\/wp-content\/uploads\/2024\/09\/Individual-High-Chair-12.webp","type":"image\/webp"}],"twitter_card":"summary_large_image","twitter_misc":{"Est. reading time":"4 minute"},"schema":{"@context":"https:\/\/schema.org","@graph":[{"@type":"WebPage","@id":"https:\/\/qingdaohf.com\/product\/rebar-individual-high-chair\/","url":"https:\/\/qingdaohf.com\/product\/rebar-individual-high-chair\/","name":"Rebar Individual High Chair","isPartOf":{"@id":"https:\/\/qingdaohf.com\/bg\/#website"},"primaryImageOfPage":{"@id":"https:\/\/qingdaohf.com\/product\/rebar-individual-high-chair\/#primaryimage"},"image":{"@id":"https:\/\/qingdaohf.com\/product\/rebar-individual-high-chair\/#primaryimage"},"thumbnailUrl":"https:\/\/qingdaohf.com\/wp-content\/uploads\/2024\/09\/Individual-High-Chair-12.webp","datePublished":"2024-09-30T06:34:11+00:00","dateModified":"2025-11-13T01:03:13+00:00","breadcrumb":{"@id":"https:\/\/qingdaohf.com\/product\/rebar-individual-high-chair\/#breadcrumb"},"inLanguage":"sl-SI","potentialAction":[{"@type":"ReadAction","target":["https:\/\/qingdaohf.com\/product\/rebar-individual-high-chair\/"]}]},{"@type":"ImageObject","inLanguage":"sl-SI","@id":"https:\/\/qingdaohf.com\/product\/rebar-individual-high-chair\/#primaryimage","url":"https:\/\/qingdaohf.com\/wp-content\/uploads\/2024\/09\/Individual-High-Chair-12.webp","contentUrl":"https:\/\/qingdaohf.com\/wp-content\/uploads\/2024\/09\/Individual-High-Chair-12.webp","width":1280,"height":1280,"caption":"Rebar Individual High Chair"},{"@type":"BreadcrumbList","@id":"https:\/\/qingdaohf.com\/product\/rebar-individual-high-chair\/#breadcrumb","itemListElement":[{"@type":"ListItem","position":1,"name":"Home","item":"https:\/\/qingdaohf.com\/"},{"@type":"ListItem","position":2,"name":"Concrete Forming Accessories and Rigging Hardware","item":"https:\/\/qingdaohf.com\/bg\/?page_id=944"},{"@type":"ListItem","position":3,"name":"Rebar Individual High Chair"}]},{"@type":"WebSite","@id":"https:\/\/qingdaohf.com\/bg\/#website","url":"https:\/\/qingdaohf.com\/bg\/","name":"Concrete Form & Rigging Hardware Supplier","description":"","publisher":{"@id":"https:\/\/qingdaohf.com\/bg\/#organization"},"potentialAction":[{"@type":"SearchAction","target":{"@type":"EntryPoint","urlTemplate":"https:\/\/qingdaohf.com\/bg\/?s={search_term_string}"},"query-input":{"@type":"PropertyValueSpecification","valueRequired":true,"valueName":"search_term_string"}}],"inLanguage":"sl-SI"},{"@type":"Organization","@id":"https:\/\/qingdaohf.com\/bg\/#organization","name":"Qingdao H&F","url":"https:\/\/qingdaohf.com\/bg\/","logo":{"@type":"ImageObject","inLanguage":"sl-SI","@id":"https:\/\/qingdaohf.com\/bg\/#\/schema\/logo\/image\/","url":"https:\/\/qingdaohf.com\/wp-content\/uploads\/2022\/12\/cropped-HF-LOGO.png","contentUrl":"https:\/\/qingdaohf.com\/wp-content\/uploads\/2022\/12\/cropped-HF-LOGO.png","width":391,"height":249,"caption":"Qingdao H&F"},"image":{"@id":"https:\/\/qingdaohf.com\/bg\/#\/schema\/logo\/image\/"},"sameAs":["https:\/\/www.facebook.com\/qingdaohf"]}]}},"_links":{"self":[{"href":"https:\/\/qingdaohf.com\/sl\/wp-json\/wp\/v2\/product\/7983","targetHints":{"allow":["GET"]}}],"collection":[{"href":"https:\/\/qingdaohf.com\/sl\/wp-json\/wp\/v2\/product"}],"about":[{"href":"https:\/\/qingdaohf.com\/sl\/wp-json\/wp\/v2\/types\/product"}],"replies":[{"embeddable":true,"href":"https:\/\/qingdaohf.com\/sl\/wp-json\/wp\/v2\/comments?post=7983"}],"version-history":[{"count":1,"href":"https:\/\/qingdaohf.com\/sl\/wp-json\/wp\/v2\/product\/7983\/revisions"}],"predecessor-version":[{"id":7994,"href":"https:\/\/qingdaohf.com\/sl\/wp-json\/wp\/v2\/product\/7983\/revisions\/7994"}],"wp:featuredmedia":[{"embeddable":true,"href":"https:\/\/qingdaohf.com\/sl\/wp-json\/wp\/v2\/media\/7984"}],"wp:attachment":[{"href":"https:\/\/qingdaohf.com\/sl\/wp-json\/wp\/v2\/media?parent=7983"}],"wp:term":[{"taxonomy":"product_brand","embeddable":true,"href":"https:\/\/qingdaohf.com\/sl\/wp-json\/wp\/v2\/product_brand?post=7983"},{"taxonomy":"product_cat","embeddable":true,"href":"https:\/\/qingdaohf.com\/sl\/wp-json\/wp\/v2\/product_cat?post=7983"},{"taxonomy":"product_tag","embeddable":true,"href":"https:\/\/qingdaohf.com\/sl\/wp-json\/wp\/v2\/product_tag?post=7983"}],"curies":[{"name":"wp","href":"https:\/\/api.w.org\/{rel}","templated":true}]}}