{"id":8065,"date":"2024-10-16T11:39:29","date_gmt":"2024-10-16T03:39:29","guid":{"rendered":"http:\/\/qingdaohf.com\/?post_type=product&#038;p=8065"},"modified":"2025-11-13T09:03:13","modified_gmt":"2025-11-13T01:03:13","slug":"kenter-shackle","status":"publish","type":"product","link":"https:\/\/qingdaohf.com\/sl\/izdelek\/kenterov-okov\/","title":{"rendered":"Kenterov okov"},"content":{"rendered":"<h3><strong>Kenter Shackle: Zagotavljanje varnih in zanesljivih veri\u017enih povezav<\/strong><\/h3>\n<p>Spletna stran <em>Kenterov okov<\/em> je temeljni kamen na podro\u010dju orodij za povezovanje verig, saj ponuja kombinacijo vzdr\u017eljivosti, trdnosti in enostavne uporabe. Ta izdelek je bistvenega pomena za tiste, ki delajo v pomorskih, gradbenih in industrijskih okoljih, kjer so zanesljive povezave klju\u010dnega pomena. Natan\u010dno izdelan Kenterov okov zagotavlja, da verige ostanejo varno povezane tudi v ekstremnih razmerah, kar zagotavlja stabilnost in varnost pri operacijah z visokimi tveganji. Njegova zasnova se osredoto\u010da na zagotavljanje u\u010dinkovite re\u0161itve za povezovanje verig, hkrati pa ohranja visoke standarde zmogljivosti in dolgo \u017eivljenjsko dobo.<\/p>\n<p>Kenter Shackle je izdelan iz visokokakovostnega jekla in je primeren za najte\u017eje pogoje. Njegova robustna konstrukcija je kombinirana s premazom, odpornim proti koroziji, zaradi \u010desar je \u0161e posebej u\u010dinkovit v morskih okoljih. Ta lastnost podalj\u0161uje \u017eivljenjsko dobo okovja, saj prepre\u010duje rjavenje in propadanje tudi ob stalni izpostavljenosti vlagi in slani vodi. Z izbiro Kenterovega okova uporabniki pridobijo zaupanje, da bo njihova oprema vzdr\u017eala elemente in zahteve te\u017ekega dela.<\/p>\n<h3><strong>Zgrajen za mo\u010d: Klju\u010dno orodje za te\u017eka dela<\/strong><\/h3>\n<p>Glavna privla\u010dnost <em>Kenterov okov<\/em> je njegova izjemna trdnost in sposobnost prena\u0161anja velikih obremenitev. Njegova zasnova zagotavlja, da lahko obvladuje visoke napetosti, ki se obi\u010dajno pojavljajo pri vleki, dvigovanju in sidranju. Ta sposobnost je klju\u010dna v sektorjih, kot je pomorska logistika, kjer je varno ravnanje s te\u017eko opremo vsakodnevna zahteva. Sposobnost oklepa, da pod pritiskom ohrani stabilno povezavo, pomeni, da se lahko uporabniki nanj zanesejo tako pri rutinskih kot pri kriti\u010dnih nalogah, kar zmanj\u0161uje tveganje nepri\u010dakovane okvare opreme.<\/p>\n<p>Njegova trdnost je \u0161e ve\u010dja zaradi zasnove, ki enakomerno porazdeli obremenitev po povezanih verigah. Ta premi\u0161ljena zasnova zmanj\u0161uje verjetnost obrabe na dolo\u010denih to\u010dkah, kar podalj\u0161uje \u017eivljenjsko dobo tako okovov kot verig, ki jih povezuje. Gladka povr\u0161ina okovja Kenter pomaga zmanj\u0161ati trenje med komponentami, zato je pametna izbira za strokovnjake, ki potrebujejo opremo, ki bo trajala dlje \u010dasa. Zaradi sposobnosti obvladovanja te dinamike brez ogro\u017eanja stabilnosti je okov klju\u010davnica nepogre\u0161ljivo orodje v vseh te\u017ekih pogojih.<\/p>\n<p>Poleg tega trdnost Kenterjevega okova ne gre na ra\u010dun enostavne uporabe. Kljub robustni konstrukciji je z njim preprosto ravnati in ga namestiti, kar omogo\u010da hitre prilagoditve po potrebi. Zaradi tega ravnovesja med mo\u010djo in prakti\u010dnostjo je primeren za \u0161tevilne aplikacije, od zavarovanja plovil na morju do upravljanja dvi\u017enih postopkov na gradbi\u0161\u010dih. V vseh teh primerih zasnova Kenterovega okova zagotavlja zanesljivost, ki jo strokovnjaki potrebujejo za zagotavljanje nemotenega in varnega delovanja.<\/p>\n<h3><strong>Vsestranskost za razli\u010dne aplikacije: Okovje, ki se prilagodi va\u0161im potrebam<\/strong><\/h3>\n<p>Spletna stran <em>Kenterov okov<\/em> je vsestranska re\u0161itev, zasnovana tako, da se odli\u010dno obnese v razli\u010dnih okoljih in aplikacijah. V pomorski industriji se pogosto uporablja za povezovanje sidrnih verig, kjer zagotavlja varno povezavo, ki jo je po potrebi mogo\u010de enostavno prilagoditi. Ta zmogljivost je bistvena za upravljavce ladij in druge strokovnjake na podro\u010dju pomorstva, ki potrebujejo zanesljive re\u0161itve za obvladovanje sil, ki jih povzro\u010dajo premikajo\u010da se voda in spreminjajo\u010de se vremenske razmere. Korozijsko odporne lastnosti okovja \u0161e pove\u010dujejo njegovo primernost za ta sektor, saj lahko prenese dolgotrajno izpostavljenost morju, ne da bi izgubil svojo celovitost.<\/p>\n<p>Poleg pomorske uporabe je Kenterov okov enako dragocen tudi v gradbeni\u0161tvu. Ima klju\u010dno vlogo pri dvigovanju in monta\u017ei, saj delavcem omogo\u010da hitro in varno povezovanje verig. Njegova robustna zasnova zagotavlja, da povezava ostane stabilna, kar zmanj\u0161uje tveganje nesre\u010d med dvigovanjem. Izvajalci cenijo preprostost njegove zasnove, ki omogo\u010da hitro nastavitev in enostavne prilagoditve. Ta u\u010dinkovitost je \u0161e posebej pomembna na gradbi\u0161\u010dih, kjer \u010dasovno ob\u010dutljivim projektom koristijo orodja, ki se lahko hitro prilagodijo spreminjajo\u010dim se potrebam.<\/p>\n<p>Tudi v industrijskem sektorju se veliko uporablja za <em>Kenterov okov<\/em>, zlasti pri uporabi, kot so vleka vozil, pritrjevanje te\u017ekih strojev ali stabilizacija tovora. Njegova kompaktna zasnova omogo\u010da enostavno vklju\u010ditev v razli\u010dne postavitve, njegova trdnost pa zagotavlja, da se lahko spopade z izzivi, ki jih prina\u0161ajo obse\u017ene operacije. Sposobnost ohranjanja stabilne povezave pri razli\u010dnih nalogah poudarja vsestranskost okovja, zato je zanesljiva izbira za strokovnjake, ki pri svoji opremi cenijo zmogljivost in prilagodljivost.<\/p>\n<h3><strong>Enostavna monta\u017ea in vzdr\u017eevanje: Poudarek na u\u010dinkovitosti<\/strong><\/h3>\n<p>Ena od izstopajo\u010dih funkcij <em>Kenterov okov<\/em> je uporabniku prijazen postopek monta\u017ee. V nasprotju z bolj zapletenimi orodji za povezovanje, ki lahko zahtevajo specializirano opremo, je Kenter Shackle zasnovan za enostavno namestitev z minimalnim orodjem. Ta preprostost uporabnikom omogo\u010da hitro sestavljanje ali razstavljanje priklju\u010dkov, kar je \u0161e posebej dragoceno v okoljih, kjer je \u010das odlo\u010dilen dejavnik. Ta izbira zasnove zagotavlja, da se lahko strokovnjaki \u0161e naprej osredoto\u010dajo na glavno nalogo, ne da bi se obremenjevali z zapletenimi nastavitvami.<\/p>\n<p>K zanesljivosti oklepa prispeva tudi varen mehanizem za zaklepanje, ki je klju\u010dnega pomena za njegovo zanesljivost. Po namestitvi mehanizem zagotavlja, da priklju\u010dek ostane trdno name\u0161\u010den, dokler ga namerno ne sprostite. Ta dodatna raven varnosti je klju\u010dnega pomena pri dejavnostih, pri katerih bi nenadna prekinitev povezave lahko pomenila resno tveganje za osebje in opremo. S preprostim, a u\u010dinkovitim sistemom zaklepanja Kenter Shackle podpira varnost in u\u010dinkovitost ter omogo\u010da nemoteno delovanje tudi v zahtevnih razmerah.<\/p>\n<p>Vzdr\u017eevanje <em>Kenterov okov<\/em> je enostaven tudi zaradi protikorozijske obdelave. Ta lastnost zmanj\u0161uje potrebo po rednem vzdr\u017eevanju, saj je okov odporen proti rjavenju in obrabi tudi v zahtevnih okoljih. Za strokovnjake v pomorskih in industrijskih okoljih to pomeni manj \u010dasa, porabljenega za vzdr\u017eevanje, in ve\u010d \u010dasa, namenjenega doseganju operativnih ciljev. Zaradi kombinacije enostavne uporabe, varne monta\u017ee in minimalnih zahtev po vzdr\u017eevanju je Kenterov okov prakti\u010dna in stro\u0161kovno u\u010dinkovita izbira za dolgoro\u010dno uporabo.<\/p>\n<h3><strong>Pove\u010danje varnosti in produktivnosti z zanesljivo opremo<\/strong><\/h3>\n<p>Varnost je najpomembnej\u0161a pri vseh aplikacijah, ki vklju\u010dujejo te\u017eka bremena, in <em>Kenterov okov<\/em> je zasnovan v skladu s tem. Njegova trdna konstrukcija zagotavlja, da lahko prenese sile, ki se pojavijo med vleko, dvigovanjem ali sidranjem, in zagotavlja stabilno povezavo, ki zmanj\u0161uje tveganje okvare opreme. Ta stabilnost je bistvena za ustvarjanje varnega delovnega okolja, saj zmanj\u0161uje mo\u017enost nesre\u010d zaradi nepri\u010dakovanih odklopov ali zlomov.<\/p>\n<p>Varna zasnova okova vklju\u010duje sistem zati\u010dev, ki prepre\u010duje nenamerno sprostitev, kar \u0161e pove\u010duje varnost med uporabo. Ta lastnost je \u0161e posebej pomembna v dinami\u010dnih okoljih, na primer pri delu s premikajo\u010dimi se bremeni ali v razmerah, ko je stabilnost klju\u010dnega pomena. S tem, ko nudi zanesljivo priklju\u010dno to\u010dko, Kenter Shackle pomaga uporabnikom ohraniti nadzor nad svojimi dejavnostmi, tudi kadar imajo opravka s te\u017ekimi ali premikajo\u010dimi se bremeni.<\/p>\n<p>Poleg varnostnih funkcij je <em>Kenterov okov<\/em> podpira tudi produktivnost, saj omogo\u010da hitre prilagoditve. Njegova zasnova delavcem omogo\u010da, da spreminjajo nastavitve brez potrebe po zapletenih postopkih, kar zagotavlja, da lahko naloge potekajo brez nepotrebnih zamud. Zaradi te prilagodljivosti se strokovnjaki la\u017eje prilagajajo spreminjajo\u010dim se razmeram, ne glede na to, ali se prilagajajo vremenskim spremembam na morju ali upravljajo nove zahteve na gradbi\u0161\u010du. S kombinacijo varnosti in u\u010dinkovitosti Kenter Shackle pomaga uporabnikom dose\u010di zastavljene cilje in hkrati ohraniti najvi\u0161je standarde u\u010dinkovitosti.<\/p>\n<h3><strong>Zaklju\u010dek: Zaupanja vredna re\u0161itev za zahtevne aplikacije<\/strong><\/h3>\n<p>Spletna stran <em>Kenterov okov<\/em> je ve\u010d kot le priklju\u010dek - je klju\u010dna sestavina, ki podpira celovitost in varnost razli\u010dnih operacij. Od pomorske industrije do gradbeni\u0161tva in industrijskih aplikacij, saj je kombinacija mo\u010di, enostavne uporabe in trajnosti idealna izbira za strokovnjake, ki potrebujejo zanesljive povezave. Njegova zasnova, ki se osredoto\u010da na vzdr\u017eljivost in uporabniku prijazno monta\u017eo, zagotavlja, da lahko izpolnjuje zahteve zahtevnih okolij, hkrati pa zagotavlja stalno zmogljivost.<\/p>\n<p>Z izbiro Kenterovega okova uporabniki vlagajo v izdelek, ki zagotavlja dolgoro\u010dno vrednost zaradi odpornosti proti obrabi in koroziji ter zmo\u017enosti ohranjanja stabilnih povezav pri velikih obremenitvah. Vsestranskost tega okova pomeni, da se lahko prilagaja potrebam razli\u010dnih sektorjev in ponuja zanesljivo re\u0161itev, ki pove\u010duje varnost in produktivnost. Zaradi svoje vloge pri ohranjanju varnih povezav je koristen pri vsakem delu, saj zagotavlja varnost, ki jo prina\u0161a uporaba izdelka, izdelanega za odli\u010dnost.<\/p>\n<p>Spletna stran <em>Kenterov okov<\/em> predstavlja zavezanost kakovosti in zanesljivosti ter zagotavlja mo\u010d in prilagodljivost, ki sta potrebni za uspe\u0161ne rezultate. Je zaupanja vreden partner pri najzahtevnej\u0161ih nalogah, saj zagotavlja stabilnost in zmogljivost, ki ju strokovnjaki pri\u010dakujejo od svoje opreme. S Kenterovim oklepom se lahko uporabniki dela lotijo z zaupanjem, saj vedo, da so izbrali orodje, zasnovano tako, da bo kos najte\u017ejim izzivom.<\/p>","protected":false},"excerpt":{"rendered":"<p>Spletna stran <em>Kenterov okov<\/em> je robustno in vsestransko orodje, zasnovano za brezhibne veri\u017ene spoje v te\u017ekih aplikacijah. Zasnovano je za trdnost in zanesljivost ter je idealno za uporabo v pomorstvu, industriji in gradbeni\u0161tvu. Njegova trpe\u017ena konstrukcija in protikorozijska obdelava zagotavljata dolgotrajno delovanje tudi v zahtevnih okoljih. Z uporabniku prijazno sestavo in varnim mehanizmom za zaklepanje Kenter Shackle pove\u010duje varnost in u\u010dinkovitost, zato je zanesljiva izbira za strokovnjake, ki i\u0161\u010dejo zanesljive povezave.<\/p>","protected":false},"featured_media":8066,"comment_status":"open","ping_status":"closed","template":"","meta":{"site-sidebar-layout":"default","site-content-layout":"","ast-site-content-layout":"default","site-content-style":"default","site-sidebar-style":"default","ast-global-header-display":"","ast-banner-title-visibility":"","ast-main-header-display":"","ast-hfb-above-header-display":"","ast-hfb-below-header-display":"","ast-hfb-mobile-header-display":"","site-post-title":"","ast-breadcrumbs-content":"","ast-featured-img":"","footer-sml-layout":"","theme-transparent-header-meta":"default","adv-header-id-meta":"","stick-header-meta":"default","header-above-stick-meta":"","header-main-stick-meta":"","header-below-stick-meta":"","astra-migrate-meta-layouts":"set","ast-page-background-enabled":"default","ast-page-background-meta":{"desktop":{"background-color":"","background-image":"","background-repeat":"repeat","background-position":"center center","background-size":"auto","background-attachment":"scroll","background-type":"","background-media":"","overlay-type":"","overlay-color":"","overlay-opacity":"","overlay-gradient":""},"tablet":{"background-color":"","background-image":"","background-repeat":"repeat","background-position":"center center","background-size":"auto","background-attachment":"scroll","background-type":"","background-media":"","overlay-type":"","overlay-color":"","overlay-opacity":"","overlay-gradient":""},"mobile":{"background-color":"","background-image":"","background-repeat":"repeat","background-position":"center center","background-size":"auto","background-attachment":"scroll","background-type":"","background-media":"","overlay-type":"","overlay-color":"","overlay-opacity":"","overlay-gradient":""}},"ast-content-background-meta":{"desktop":{"background-color":"var(--ast-global-color-5)","background-image":"","background-repeat":"repeat","background-position":"center center","background-size":"auto","background-attachment":"scroll","background-type":"","background-media":"","overlay-type":"","overlay-color":"","overlay-opacity":"","overlay-gradient":""},"tablet":{"background-color":"var(--ast-global-color-5)","background-image":"","background-repeat":"repeat","background-position":"center center","background-size":"auto","background-attachment":"scroll","background-type":"","background-media":"","overlay-type":"","overlay-color":"","overlay-opacity":"","overlay-gradient":""},"mobile":{"background-color":"var(--ast-global-color-5)","background-image":"","background-repeat":"repeat","background-position":"center center","background-size":"auto","background-attachment":"scroll","background-type":"","background-media":"","overlay-type":"","overlay-color":"","overlay-opacity":"","overlay-gradient":""}}},"product_brand":[],"product_cat":[51],"product_tag":[],"class_list":{"0":"post-8065","1":"product","2":"type-product","3":"status-publish","4":"has-post-thumbnail","6":"product_cat-riggging-hardware","7":"desktop-align-left","8":"tablet-align-left","9":"mobile-align-left","10":"ast-product-gallery-layout-horizontal-slider","11":"ast-product-tabs-layout-horizontal","13":"first","14":"instock","15":"shipping-taxable","16":"purchasable","17":"product-type-simple"},"yoast_head":"<!-- This site is optimized with the Yoast SEO plugin v25.2 - https:\/\/yoast.com\/wordpress\/plugins\/seo\/ -->\n<title>Kenter Shackle<\/title>\n<meta name=\"robots\" content=\"index, follow, max-snippet:-1, max-image-preview:large, max-video-preview:-1\" \/>\n<link rel=\"canonical\" href=\"https:\/\/qingdaohf.com\/sl\/izdelek\/kenterov-okov\/\" \/>\n<meta property=\"og:locale\" content=\"sl_SI\" \/>\n<meta property=\"og:type\" content=\"article\" \/>\n<meta property=\"og:title\" content=\"Kenter Shackle\" \/>\n<meta property=\"og:description\" content=\"The Kenter Shackle is a robust, versatile tool designed for seamless chain connections in heavy-duty applications. Engineered for strength and reliability, it is ideal for maritime, industrial, and construction use. Its durable construction and corrosion-resistant finish ensure long-lasting performance, even in challenging environments. With a user-friendly assembly and secure locking mechanism, the Kenter Shackle enhances safety and efficiency, making it a trusted choice for professionals seeking dependable connections.\" \/>\n<meta property=\"og:url\" content=\"https:\/\/qingdaohf.com\/sl\/izdelek\/kenterov-okov\/\" \/>\n<meta property=\"og:site_name\" content=\"Concrete Form &amp; Rigging Hardware Supplier\" \/>\n<meta property=\"article:publisher\" content=\"https:\/\/www.facebook.com\/qingdaohf\" \/>\n<meta property=\"article:modified_time\" content=\"2025-11-13T01:03:13+00:00\" \/>\n<meta property=\"og:image\" content=\"https:\/\/qingdaohf.com\/wp-content\/uploads\/2024\/10\/Kenter-Shackle.webp\" \/>\n\t<meta property=\"og:image:width\" content=\"800\" \/>\n\t<meta property=\"og:image:height\" content=\"800\" \/>\n\t<meta property=\"og:image:type\" content=\"image\/webp\" \/>\n<meta name=\"twitter:card\" content=\"summary_large_image\" \/>\n<meta name=\"twitter:label1\" content=\"Est. reading time\" \/>\n\t<meta name=\"twitter:data1\" content=\"7 minut\" \/>\n<script type=\"application\/ld+json\" class=\"yoast-schema-graph\">{\"@context\":\"https:\/\/schema.org\",\"@graph\":[{\"@type\":\"WebPage\",\"@id\":\"https:\/\/qingdaohf.com\/product\/kenter-shackle\/\",\"url\":\"https:\/\/qingdaohf.com\/product\/kenter-shackle\/\",\"name\":\"Kenter Shackle\",\"isPartOf\":{\"@id\":\"https:\/\/qingdaohf.com\/bg\/#website\"},\"primaryImageOfPage\":{\"@id\":\"https:\/\/qingdaohf.com\/product\/kenter-shackle\/#primaryimage\"},\"image\":{\"@id\":\"https:\/\/qingdaohf.com\/product\/kenter-shackle\/#primaryimage\"},\"thumbnailUrl\":\"https:\/\/qingdaohf.com\/wp-content\/uploads\/2024\/10\/Kenter-Shackle.webp\",\"datePublished\":\"2024-10-16T03:39:29+00:00\",\"dateModified\":\"2025-11-13T01:03:13+00:00\",\"breadcrumb\":{\"@id\":\"https:\/\/qingdaohf.com\/product\/kenter-shackle\/#breadcrumb\"},\"inLanguage\":\"sl-SI\",\"potentialAction\":[{\"@type\":\"ReadAction\",\"target\":[\"https:\/\/qingdaohf.com\/product\/kenter-shackle\/\"]}]},{\"@type\":\"ImageObject\",\"inLanguage\":\"sl-SI\",\"@id\":\"https:\/\/qingdaohf.com\/product\/kenter-shackle\/#primaryimage\",\"url\":\"https:\/\/qingdaohf.com\/wp-content\/uploads\/2024\/10\/Kenter-Shackle.webp\",\"contentUrl\":\"https:\/\/qingdaohf.com\/wp-content\/uploads\/2024\/10\/Kenter-Shackle.webp\",\"width\":800,\"height\":800,\"caption\":\"Kenter Shackle\"},{\"@type\":\"BreadcrumbList\",\"@id\":\"https:\/\/qingdaohf.com\/product\/kenter-shackle\/#breadcrumb\",\"itemListElement\":[{\"@type\":\"ListItem\",\"position\":1,\"name\":\"Home\",\"item\":\"https:\/\/qingdaohf.com\/\"},{\"@type\":\"ListItem\",\"position\":2,\"name\":\"Concrete Forming Accessories and Rigging Hardware\",\"item\":\"https:\/\/qingdaohf.com\/bg\/?page_id=944\"},{\"@type\":\"ListItem\",\"position\":3,\"name\":\"Kenter Shackle\"}]},{\"@type\":\"WebSite\",\"@id\":\"https:\/\/qingdaohf.com\/bg\/#website\",\"url\":\"https:\/\/qingdaohf.com\/bg\/\",\"name\":\"Concrete Form & Rigging Hardware Supplier\",\"description\":\"\",\"publisher\":{\"@id\":\"https:\/\/qingdaohf.com\/bg\/#organization\"},\"potentialAction\":[{\"@type\":\"SearchAction\",\"target\":{\"@type\":\"EntryPoint\",\"urlTemplate\":\"https:\/\/qingdaohf.com\/bg\/?s={search_term_string}\"},\"query-input\":{\"@type\":\"PropertyValueSpecification\",\"valueRequired\":true,\"valueName\":\"search_term_string\"}}],\"inLanguage\":\"sl-SI\"},{\"@type\":\"Organization\",\"@id\":\"https:\/\/qingdaohf.com\/bg\/#organization\",\"name\":\"Qingdao H&F\",\"url\":\"https:\/\/qingdaohf.com\/bg\/\",\"logo\":{\"@type\":\"ImageObject\",\"inLanguage\":\"sl-SI\",\"@id\":\"https:\/\/qingdaohf.com\/bg\/#\/schema\/logo\/image\/\",\"url\":\"https:\/\/qingdaohf.com\/wp-content\/uploads\/2022\/12\/cropped-HF-LOGO.png\",\"contentUrl\":\"https:\/\/qingdaohf.com\/wp-content\/uploads\/2022\/12\/cropped-HF-LOGO.png\",\"width\":391,\"height\":249,\"caption\":\"Qingdao H&F\"},\"image\":{\"@id\":\"https:\/\/qingdaohf.com\/bg\/#\/schema\/logo\/image\/\"},\"sameAs\":[\"https:\/\/www.facebook.com\/qingdaohf\"]}]}<\/script>\n<!-- \/ Yoast SEO plugin. -->","yoast_head_json":{"title":"Kenter Shackle","robots":{"index":"index","follow":"follow","max-snippet":"max-snippet:-1","max-image-preview":"max-image-preview:large","max-video-preview":"max-video-preview:-1"},"canonical":"https:\/\/qingdaohf.com\/sl\/izdelek\/kenterov-okov\/","og_locale":"sl_SI","og_type":"article","og_title":"Kenter Shackle","og_description":"The Kenter Shackle is a robust, versatile tool designed for seamless chain connections in heavy-duty applications. Engineered for strength and reliability, it is ideal for maritime, industrial, and construction use. Its durable construction and corrosion-resistant finish ensure long-lasting performance, even in challenging environments. With a user-friendly assembly and secure locking mechanism, the Kenter Shackle enhances safety and efficiency, making it a trusted choice for professionals seeking dependable connections.","og_url":"https:\/\/qingdaohf.com\/sl\/izdelek\/kenterov-okov\/","og_site_name":"Concrete Form &amp; Rigging Hardware Supplier","article_publisher":"https:\/\/www.facebook.com\/qingdaohf","article_modified_time":"2025-11-13T01:03:13+00:00","og_image":[{"width":800,"height":800,"url":"https:\/\/qingdaohf.com\/wp-content\/uploads\/2024\/10\/Kenter-Shackle.webp","type":"image\/webp"}],"twitter_card":"summary_large_image","twitter_misc":{"Est. reading time":"7 minut"},"schema":{"@context":"https:\/\/schema.org","@graph":[{"@type":"WebPage","@id":"https:\/\/qingdaohf.com\/product\/kenter-shackle\/","url":"https:\/\/qingdaohf.com\/product\/kenter-shackle\/","name":"Kenter Shackle","isPartOf":{"@id":"https:\/\/qingdaohf.com\/bg\/#website"},"primaryImageOfPage":{"@id":"https:\/\/qingdaohf.com\/product\/kenter-shackle\/#primaryimage"},"image":{"@id":"https:\/\/qingdaohf.com\/product\/kenter-shackle\/#primaryimage"},"thumbnailUrl":"https:\/\/qingdaohf.com\/wp-content\/uploads\/2024\/10\/Kenter-Shackle.webp","datePublished":"2024-10-16T03:39:29+00:00","dateModified":"2025-11-13T01:03:13+00:00","breadcrumb":{"@id":"https:\/\/qingdaohf.com\/product\/kenter-shackle\/#breadcrumb"},"inLanguage":"sl-SI","potentialAction":[{"@type":"ReadAction","target":["https:\/\/qingdaohf.com\/product\/kenter-shackle\/"]}]},{"@type":"ImageObject","inLanguage":"sl-SI","@id":"https:\/\/qingdaohf.com\/product\/kenter-shackle\/#primaryimage","url":"https:\/\/qingdaohf.com\/wp-content\/uploads\/2024\/10\/Kenter-Shackle.webp","contentUrl":"https:\/\/qingdaohf.com\/wp-content\/uploads\/2024\/10\/Kenter-Shackle.webp","width":800,"height":800,"caption":"Kenter Shackle"},{"@type":"BreadcrumbList","@id":"https:\/\/qingdaohf.com\/product\/kenter-shackle\/#breadcrumb","itemListElement":[{"@type":"ListItem","position":1,"name":"Home","item":"https:\/\/qingdaohf.com\/"},{"@type":"ListItem","position":2,"name":"Concrete Forming Accessories and Rigging Hardware","item":"https:\/\/qingdaohf.com\/bg\/?page_id=944"},{"@type":"ListItem","position":3,"name":"Kenter Shackle"}]},{"@type":"WebSite","@id":"https:\/\/qingdaohf.com\/bg\/#website","url":"https:\/\/qingdaohf.com\/bg\/","name":"Concrete Form & Rigging Hardware Supplier","description":"","publisher":{"@id":"https:\/\/qingdaohf.com\/bg\/#organization"},"potentialAction":[{"@type":"SearchAction","target":{"@type":"EntryPoint","urlTemplate":"https:\/\/qingdaohf.com\/bg\/?s={search_term_string}"},"query-input":{"@type":"PropertyValueSpecification","valueRequired":true,"valueName":"search_term_string"}}],"inLanguage":"sl-SI"},{"@type":"Organization","@id":"https:\/\/qingdaohf.com\/bg\/#organization","name":"Qingdao H&F","url":"https:\/\/qingdaohf.com\/bg\/","logo":{"@type":"ImageObject","inLanguage":"sl-SI","@id":"https:\/\/qingdaohf.com\/bg\/#\/schema\/logo\/image\/","url":"https:\/\/qingdaohf.com\/wp-content\/uploads\/2022\/12\/cropped-HF-LOGO.png","contentUrl":"https:\/\/qingdaohf.com\/wp-content\/uploads\/2022\/12\/cropped-HF-LOGO.png","width":391,"height":249,"caption":"Qingdao H&F"},"image":{"@id":"https:\/\/qingdaohf.com\/bg\/#\/schema\/logo\/image\/"},"sameAs":["https:\/\/www.facebook.com\/qingdaohf"]}]}},"_links":{"self":[{"href":"https:\/\/qingdaohf.com\/sl\/wp-json\/wp\/v2\/product\/8065","targetHints":{"allow":["GET"]}}],"collection":[{"href":"https:\/\/qingdaohf.com\/sl\/wp-json\/wp\/v2\/product"}],"about":[{"href":"https:\/\/qingdaohf.com\/sl\/wp-json\/wp\/v2\/types\/product"}],"replies":[{"embeddable":true,"href":"https:\/\/qingdaohf.com\/sl\/wp-json\/wp\/v2\/comments?post=8065"}],"version-history":[{"count":3,"href":"https:\/\/qingdaohf.com\/sl\/wp-json\/wp\/v2\/product\/8065\/revisions"}],"predecessor-version":[{"id":8073,"href":"https:\/\/qingdaohf.com\/sl\/wp-json\/wp\/v2\/product\/8065\/revisions\/8073"}],"wp:featuredmedia":[{"embeddable":true,"href":"https:\/\/qingdaohf.com\/sl\/wp-json\/wp\/v2\/media\/8066"}],"wp:attachment":[{"href":"https:\/\/qingdaohf.com\/sl\/wp-json\/wp\/v2\/media?parent=8065"}],"wp:term":[{"taxonomy":"product_brand","embeddable":true,"href":"https:\/\/qingdaohf.com\/sl\/wp-json\/wp\/v2\/product_brand?post=8065"},{"taxonomy":"product_cat","embeddable":true,"href":"https:\/\/qingdaohf.com\/sl\/wp-json\/wp\/v2\/product_cat?post=8065"},{"taxonomy":"product_tag","embeddable":true,"href":"https:\/\/qingdaohf.com\/sl\/wp-json\/wp\/v2\/product_tag?post=8065"}],"curies":[{"name":"wp","href":"https:\/\/api.w.org\/{rel}","templated":true}]}}