{"id":8102,"date":"2024-10-24T16:40:15","date_gmt":"2024-10-24T08:40:15","guid":{"rendered":"http:\/\/qingdaohf.com\/?post_type=product&#038;p=8102"},"modified":"2025-11-13T09:03:13","modified_gmt":"2025-11-13T01:03:13","slug":"1x19-wire-rope","status":"publish","type":"product","link":"https:\/\/qingdaohf.com\/sl\/izdelek\/1x19-zicna-vrv\/","title":{"rendered":"1\u00d719 \u017di\u010dna vrv"},"content":{"rendered":"<h3><strong>Celovit pregled \u017ei\u010dne vrvi 1 \u00d7 19<\/strong><\/h3>\n<p>\u017di\u010dna vrv 1 \u00d7 19 je visoko specializirana jeklena vrv, zasnovana za aplikacije, ki zahtevajo mo\u010d, minimalno raztezanje in togost. Konstrukcija 1\u00d719, sestavljena iz 19 posameznih \u017eic, zvitih v en sam pramen, zagotavlja odli\u010dno natezno trdnost in majhno pro\u017enost, zato je optimalna izbira za sisteme za napenjanje, pri katerih je bistvena strukturna celovitost. Ta vrsta \u017ei\u010dne vrvi se zaradi svoje sposobnosti ohranjanja stabilnosti pod obremenitvijo brez ve\u010djega raztezanja pogosto uporablja v razli\u010dnih panogah, vklju\u010dno z gradbeni\u0161tvom, pomorstvom in arhitekturo.<\/p>\n<p>Zna\u010dilnost \u017ei\u010dne vrvi 1 \u00d7 19 je njena konstrukcija. Devetnajst \u017eic je tesno navitih in tvori eno samo trdno vrv. Ta konfiguracija ustvarja vrv, ki je odli\u010dna za stati\u010dne aplikacije, kjer sta stabilnost in odpornost proti raztezanju pomembnej\u0161a od pro\u017enosti. Zato je \u017ei\u010dna vrv 1 \u00d7 19 pogosto prisotna v sistemih za privezovanje, jahtni opremi, vise\u010dih mostovih in strukturnih podporah, kjer je natan\u010dno napenjanje klju\u010dnega pomena za celovitost sistema.<\/p>\n<h3><strong>Sestava materiala in njegove prednosti<\/strong><\/h3>\n<p>\u017di\u010dna vrv 1 \u00d7 19 je obi\u010dajno izdelana iz nerjavnega ali pocinkanega jekla, dveh materialov, ki sta izbrana zaradi svoje trdnosti in odpornosti na okoljske dejavnike. \u017di\u010dna vrv iz nerjavnega jekla je zelo cenjena zaradi izjemne odpornosti proti koroziji, zlasti v okoljih, kjer je pogosto izpostavljena vlagi ali slani vodi. Zaradi tega je \u017ei\u010dna vrv iz nerjavnega jekla 1 \u00d7 19 primerna izbira v morskih okoljih, kjer se pogosto uporablja za okovje, opornike, re\u0161ilne vrvi in privezne vrvi.<\/p>\n<p>Pocinkana jeklena \u017ei\u010dna vrv po drugi strani ponuja stro\u0161kovno u\u010dinkovitej\u0161o re\u0161itev, ne da bi pri tem preve\u010d ogro\u017eala vzdr\u017eljivost. Cinkana prevleka na pocinkanem jeklu pomaga za\u0161\u010dititi \u017ei\u010dno vrv pred rjo in korozijo, zato je primerna za industrijske in gradbene aplikacije, kjer je okolje manj korozivno, vendar je trdnost \u0161e vedno najpomembnej\u0161a. \u010ceprav pocinkana jeklena \u017ei\u010dna vrv ni tako odporna proti koroziji kot nerjavno jeklo, je idealna za uporabo na prostem, na primer v nosilcih stavb, \u017eerjavih in dvi\u017enih sistemih.<\/p>\n<p>Razli\u010dice \u017ei\u010dne vrvi 1 \u00d7 19 iz nerjave\u010dega jekla in pocinkanega jekla so zasnovane za delovanje pri visoki napetosti, pri \u010demer je razli\u010dica iz nerjave\u010dega jekla primernej\u0161a za te\u017eka okolja, medtem ko pocinkano jeklo zagotavlja cenovno ugodno alternativo v manj zahtevnih pogojih.<\/p>\n<h3><strong>Velikosti \u017ei\u010dne vrvi 1 \u00d7 19: od natan\u010dnih do te\u017ekih<\/strong><\/h3>\n<p>Ena od klju\u010dnih zna\u010dilnosti \u017ei\u010dne vrvi 1 \u00d7 19 je \u0161iroka paleta razpolo\u017eljivih velikosti, od katerih je vsaka zasnovana tako, da ustreza posebnim potrebam razli\u010dnih aplikacij. Manj\u0161e velikosti, kot so 1\/16 palca, 3\/32 palca in 1\/8 palca, se obi\u010dajno uporabljajo za aplikacije, ki zahtevajo natan\u010dnost in kjer je vizualni u\u010dinek minimalen. Pri teh manj\u0161ih premerih \u017ei\u010dna vrv zagotavlja zadostno trdnost in hkrati ostaja diskretna, zato je idealna za arhitekturne ograje, okovje jaht in druge sisteme za napenjanje.<\/p>\n<p>\u017di\u010dna vrv 1\/16 palca 1 \u00d7 19 se na primer pogosto uporablja v oporah jadrnic in drugih morskih okovih zaradi visoke natezne trdnosti glede na njeno majhnost. Zaradi odpornosti proti koroziji, zlasti v obliki iz nerjave\u010dega jekla, je nepogre\u0161ljiva v okoljih, kjer je izpostavljenost slani vodi stalen izziv. Podobno se \u017ei\u010dna vrv 3\/32 palca 1 \u00d7 19 pogosto uporablja v napenjalnih sistemih za arhitekturne projekte, kot so ograje in kabelske ograje, kjer zagotavlja strukturno celovitost in eleganten, minimalisti\u010den videz.<\/p>\n<p>Z ve\u010djimi velikostmi, kot sta 1\/8 palca in 5\/32 palca, postane \u017ei\u010dna vrv primerna za robustnej\u0161e aplikacije, kot so strukturni nosilci v stavbah ali nosilni sistemi v \u017eerjavih in dvi\u017eni opremi. \u017di\u010dna vrv 1\/8 palca 1 \u00d7 19 ponuja ravnovesje med trdnostjo in togostjo, zaradi \u010desar je idealna za uporabo v pomorstvu in industriji. Zaradi debelej\u0161ega premera prenese ve\u010dje obremenitve, zato je zanesljiva izbira za napenjalne sisteme, ki se morajo pri obremenitvah \u010dim manj raztezati.<\/p>\n<p>Na vi\u0161jem koncu velikostnega razpona je \u017ei\u010dna vrv 3\/8 palca 1 \u00d7 19 zasnovana za te\u017eke aplikacije, kjer je treba podpirati velike obremenitve brez raztezanja. Ta velikost se pogosto uporablja pri vise\u010dih mostovih, te\u017ekih priveznih vrveh in obse\u017enih gradbenih projektih, kjer sta trdnost in vzdr\u017eljivost \u017ei\u010dne vrvi klju\u010dnega pomena za varnost in stabilnost sistema. \u017di\u010dna vrv velikosti 3\/8 palca je sposobna prena\u0161ati izjemne obremenitve, pri tem pa ohranja svojo togost, zato je nepogre\u0161ljiva v scenarijih z visokimi napetostmi.<\/p>\n<h3><strong>Jedra \u017ei\u010dne vrvi 1 \u00d7 19: vlakna proti jeklu<\/strong><\/h3>\n<p>Jedro \u017ei\u010dne vrvi ima klju\u010dno vlogo pri njenem delovanju, saj zagotavlja dodatno trdnost in stabilnost strukture. Pri \u017ei\u010dni vrvi 1 \u00d7 19 sta najpogostej\u0161i dve vrsti jedra: vlakneno jedro (FC) in neodvisno jedro \u017ei\u010dne vrvi (IWRC). Vsaka vrsta jedra ponuja edinstvene prednosti, ki so odvisne od posebnih zahtev uporabe.<\/p>\n<p>Jedro iz vlaken (FC) je obi\u010dajno izdelano iz sinteti\u010dnih ali naravnih vlaken, ki \u017ei\u010dni vrvi zagotavljajo dolo\u010deno pro\u017enost. \u010ceprav se vlaknasta jedra ne uporabljajo tako pogosto v konfiguracijah 1 \u00d7 19, ki so znane po svoji togosti, so lahko koristna pri aplikacijah, kjer je potrebna majhna pro\u017enost ali kjer je vrv lahko izpostavljena udarnim obremenitvam. Jedro iz vlaken deluje kot bla\u017eilnik, ki zmanj\u0161a vpliv nenadnih sil in varuje pramene pred prekomerno obrabo.<\/p>\n<p>Neodvisno jedro \u017ei\u010dne vrvi (IWRC) se pogosteje uporablja pri \u017ei\u010dnih vrveh 1 \u00d7 19, zlasti v ve\u010djih velikostih, kot so 1\/8 palca, 5\/32 palca in 3\/8 palca. IWRC sestavlja manj\u0161a \u017ei\u010dna vrv na sredini glavne vrvi, ki strukturi doda precej\u0161njo trdnost in vzdr\u017eljivost. Ta vrsta jedra je \u0161e posebej koristna pri aplikacijah z visoko napetostjo, kjer mora \u017ei\u010dna vrv zdr\u017eati drobilne sile ali intenzivne obremenitve, ne da bi se deformirala. Jekleno jedro dopolnjuje naravno togost konstrukcije 1 \u00d7 19, kar zagotavlja, da \u017ei\u010dna vrv ohrani svojo obliko in zmogljivost v ekstremnih pogojih.<\/p>\n<h3><strong>Uporaba razli\u010dnih velikosti \u017ei\u010dnih vrvi 1 \u00d7 19<\/strong><\/h3>\n<p>Vsestranskost \u017ei\u010dne vrvi 1 \u00d7 19 se ka\u017ee v njeni \u0161iroki uporabi v razli\u010dnih panogah. V pomorski industriji se manj\u0161e velikosti, kot sta 1\/16 palca in 3\/32 palca, pogosto uporabljajo v okovju jaht in pri oporah jadrnic, kjer sta trdnost in odpornost proti koroziji klju\u010dnega pomena. Razli\u010dice iz nerjavnega jekla teh velikosti so \u0161e posebej cenjene zaradi odpornosti na slano vodo in ostra morska okolja.<\/p>\n<p>V arhitekturnem oblikovanju se \u017ei\u010dne vrvi 1\/16 in 1\/8 palca 1 \u00d7 19 pogosto uporabljajo v napenjalnih sistemih za kabelske ograje, fasade in druge strukturne elemente, ki zahtevajo tako trdnost kot estetski videz. Zaradi \u010distega, elegantnega videza \u017ei\u010dne vrvi in njene sposobnosti prena\u0161anja velikih obremenitev je idealna izbira za sodobne arhitekturne projekte, ki dajejo prednost tako obliki kot funkciji.<\/p>\n<p>Ve\u010dje velikosti, kot so 1\/8 palca, 5\/32 palca in 3\/8 palca, se uporabljajo v zahtevnej\u0161ih aplikacijah, kjer je treba podpirati ve\u010dje obremenitve. V gradbeni\u0161tvu se te \u017ei\u010dne vrvi pogosto uporabljajo v konstrukcijskih podporah, vise\u010dih mostovih in nosilnih sistemih, kjer njihova togost in trdnost zagotavljata stabilnost projekta. \u017di\u010dna vrv 3\/8 palca 1 \u00d7 19 se pogosto uporablja v te\u017ekih aplikacijah, kot so privezne vrvi in industrijska dvi\u017ena oprema, kjer je njena sposobnost ohranjanja oblike pri izjemni napetosti klju\u010dnega pomena.<\/p>\n<p>Uporaba \u017ei\u010dne vrvi 1 \u00d7 19 v \u017eerjavih in dvigalih je \u0161e ena kriti\u010dna uporaba, zlasti pri ve\u010djih premerih. Zaradi visoke natezne trdnosti in majhne raztegljivosti je \u017ei\u010dna vrv idealna za zagotavljanje nemotenega in nadzorovanega dvigovanja. Jekleno jedro v ve\u010djih \u017ei\u010dnih vrveh pove\u010duje njihovo trpe\u017enost in odpornost proti drobljenju, kar zagotavlja dolgo \u017eivljenjsko dobo v zahtevnih industrijskih okoljih.<\/p>\n<h3><strong>Zakaj je \u017ei\u010dna vrv 1\u00d719 najbolj\u0161a izbira za togost in trdnost<\/strong><\/h3>\n<p>\u017di\u010dna vrv 1 \u00d7 19 se v svetu jeklenih vrvi odlikuje po ravnovesju med togostjo, mo\u010djo in vzdr\u017eljivostjo. Njena tesna konstrukcija 19 \u017eic v enem pramenu zagotavlja, da pod obremenitvijo ohranja svojo obliko, zato je idealna za stati\u010dne aplikacije, pri katerih je treba \u010dim bolj zmanj\u0161ati raztezanje. Zaradi tega je \u017ei\u010dna vrv 1 \u00d7 19 prednostna izbira v razli\u010dnih panogah, od pomorstva in gradbeni\u0161tva do arhitekture in industrijskega dvigovanja.<\/p>\n<p>Razpolo\u017eljivost razli\u010dnih velikosti, od 1\/16 palca do 3\/8 palca, uporabnikom omogo\u010da, da izberejo ustrezen premer za svoje posebne potrebe. \u017di\u010dna vrv 1 \u00d7 19 zagotavlja potrebno trdnost in stabilnost, ne glede na to, ali gre za natan\u010dne aplikacije, kot je opremljanje jaht, ali za te\u017eke uporabe, kot so vise\u010di mostovi. Njena odpornost na okoljske dejavnike, zlasti v obliki iz nerjavnega jekla, zagotavlja dolgotrajno delovanje v zahtevnih razmerah.<\/p>\n<p>\u017di\u010dna vrv 1 \u00d7 19 ostaja temelj industrije, ki zahteva visoko zmogljive sisteme za napenjanje. Zaradi izjemne trdnosti, majhne raztegljivosti in \u0161irokega razpona velikosti je bistvena sestavina v lahkih in te\u017ekih aplikacijah ter zagotavlja zanesljivost in mir v najbolj zahtevnih okoljih.<\/p>","protected":false},"excerpt":{"rendered":"<p>\u017di\u010dna vrv 1 \u00d7 19, sestavljena iz 19 posameznih jeklenih pramenov, zvitih v en sam mo\u010dan kabel, je na voljo v razli\u010dnih velikostih, vklju\u010dno z 1\/16 palca, 3\/32 palca, 1\/8 palca, 5\/32 palca in do ve\u010djih premerov, kot je 3\/8 palca. Obi\u010dajno je izdelan iz nerjavnega ali pocinkanega jekla in je znan po svoji togosti in visoki natezni trdnosti z minimalnim raztezanjem pod obremenitvijo. Ta \u017ei\u010dna vrv je idealna za napenjanje in nosilne aplikacije v gradbeni\u0161tvu, pomorski in arhitekturni industriji, z mo\u017enostmi za vlaknasta in jeklena jedra.<\/p>","protected":false},"featured_media":8103,"comment_status":"open","ping_status":"closed","template":"","meta":{"site-sidebar-layout":"default","site-content-layout":"","ast-site-content-layout":"default","site-content-style":"default","site-sidebar-style":"default","ast-global-header-display":"","ast-banner-title-visibility":"","ast-main-header-display":"","ast-hfb-above-header-display":"","ast-hfb-below-header-display":"","ast-hfb-mobile-header-display":"","site-post-title":"","ast-breadcrumbs-content":"","ast-featured-img":"","footer-sml-layout":"","theme-transparent-header-meta":"default","adv-header-id-meta":"","stick-header-meta":"default","header-above-stick-meta":"","header-main-stick-meta":"","header-below-stick-meta":"","astra-migrate-meta-layouts":"set","ast-page-background-enabled":"default","ast-page-background-meta":{"desktop":{"background-color":"","background-image":"","background-repeat":"repeat","background-position":"center center","background-size":"auto","background-attachment":"scroll","background-type":"","background-media":"","overlay-type":"","overlay-color":"","overlay-opacity":"","overlay-gradient":""},"tablet":{"background-color":"","background-image":"","background-repeat":"repeat","background-position":"center center","background-size":"auto","background-attachment":"scroll","background-type":"","background-media":"","overlay-type":"","overlay-color":"","overlay-opacity":"","overlay-gradient":""},"mobile":{"background-color":"","background-image":"","background-repeat":"repeat","background-position":"center center","background-size":"auto","background-attachment":"scroll","background-type":"","background-media":"","overlay-type":"","overlay-color":"","overlay-opacity":"","overlay-gradient":""}},"ast-content-background-meta":{"desktop":{"background-color":"var(--ast-global-color-5)","background-image":"","background-repeat":"repeat","background-position":"center center","background-size":"auto","background-attachment":"scroll","background-type":"","background-media":"","overlay-type":"","overlay-color":"","overlay-opacity":"","overlay-gradient":""},"tablet":{"background-color":"var(--ast-global-color-5)","background-image":"","background-repeat":"repeat","background-position":"center center","background-size":"auto","background-attachment":"scroll","background-type":"","background-media":"","overlay-type":"","overlay-color":"","overlay-opacity":"","overlay-gradient":""},"mobile":{"background-color":"var(--ast-global-color-5)","background-image":"","background-repeat":"repeat","background-position":"center center","background-size":"auto","background-attachment":"scroll","background-type":"","background-media":"","overlay-type":"","overlay-color":"","overlay-opacity":"","overlay-gradient":""}}},"product_brand":[],"product_cat":[37],"product_tag":[89],"class_list":{"0":"post-8102","1":"product","2":"type-product","3":"status-publish","4":"has-post-thumbnail","6":"product_cat-wire-rope","7":"product_tag-wire-rope","8":"desktop-align-left","9":"tablet-align-left","10":"mobile-align-left","11":"ast-product-gallery-layout-horizontal-slider","12":"ast-product-gallery-with-no-image","13":"ast-product-tabs-layout-horizontal","15":"first","16":"instock","17":"shipping-taxable","18":"purchasable","19":"product-type-simple"},"yoast_head":"<!-- This site is optimized with the Yoast SEO plugin v25.2 - https:\/\/yoast.com\/wordpress\/plugins\/seo\/ -->\n<title>1x19 Wire Rope<\/title>\n<meta name=\"description\" content=\"1x19 wire rope, consisting of 19 individual steel strands twisted into a single, strong cable, is available in a variety of sizes, including 1\/16 inch, 3\/32 inch, 1\/8 inch, 5\/32 inch, and up to larger diameters like 3\/8 inch.\" \/>\n<meta name=\"robots\" content=\"index, follow, max-snippet:-1, max-image-preview:large, max-video-preview:-1\" \/>\n<link rel=\"canonical\" href=\"https:\/\/qingdaohf.com\/sl\/izdelek\/1x19-zicna-vrv\/\" \/>\n<meta property=\"og:locale\" content=\"sl_SI\" \/>\n<meta property=\"og:type\" content=\"article\" \/>\n<meta property=\"og:title\" content=\"1x19 Wire Rope\" \/>\n<meta property=\"og:description\" content=\"1x19 wire rope, consisting of 19 individual steel strands twisted into a single, strong cable, is available in a variety of sizes, including 1\/16 inch, 3\/32 inch, 1\/8 inch, 5\/32 inch, and up to larger diameters like 3\/8 inch.\" \/>\n<meta property=\"og:url\" content=\"https:\/\/qingdaohf.com\/sl\/izdelek\/1x19-zicna-vrv\/\" \/>\n<meta property=\"og:site_name\" content=\"Concrete Form &amp; Rigging Hardware Supplier\" \/>\n<meta property=\"article:publisher\" content=\"https:\/\/www.facebook.com\/qingdaohf\" \/>\n<meta property=\"article:modified_time\" content=\"2025-11-13T01:03:13+00:00\" \/>\n<meta property=\"og:image\" content=\"https:\/\/qingdaohf.com\/wp-content\/uploads\/2024\/10\/1x19s_2.webp\" \/>\n\t<meta property=\"og:image:width\" content=\"787\" \/>\n\t<meta property=\"og:image:height\" content=\"787\" \/>\n\t<meta property=\"og:image:type\" content=\"image\/webp\" \/>\n<meta name=\"twitter:card\" content=\"summary_large_image\" \/>\n<meta name=\"twitter:label1\" content=\"Est. reading time\" \/>\n\t<meta name=\"twitter:data1\" content=\"7 minut\" \/>\n<script type=\"application\/ld+json\" class=\"yoast-schema-graph\">{\"@context\":\"https:\/\/schema.org\",\"@graph\":[{\"@type\":\"WebPage\",\"@id\":\"https:\/\/qingdaohf.com\/product\/1x19-wire-rope\/\",\"url\":\"https:\/\/qingdaohf.com\/product\/1x19-wire-rope\/\",\"name\":\"1x19 Wire Rope\",\"isPartOf\":{\"@id\":\"https:\/\/qingdaohf.com\/bg\/#website\"},\"primaryImageOfPage\":{\"@id\":\"https:\/\/qingdaohf.com\/product\/1x19-wire-rope\/#primaryimage\"},\"image\":{\"@id\":\"https:\/\/qingdaohf.com\/product\/1x19-wire-rope\/#primaryimage\"},\"thumbnailUrl\":\"https:\/\/qingdaohf.com\/wp-content\/uploads\/2024\/10\/1x19s_2.webp\",\"datePublished\":\"2024-10-24T08:40:15+00:00\",\"dateModified\":\"2025-11-13T01:03:13+00:00\",\"description\":\"1x19 wire rope, consisting of 19 individual steel strands twisted into a single, strong cable, is available in a variety of sizes, including 1\/16 inch, 3\/32 inch, 1\/8 inch, 5\/32 inch, and up to larger diameters like 3\/8 inch.\",\"breadcrumb\":{\"@id\":\"https:\/\/qingdaohf.com\/product\/1x19-wire-rope\/#breadcrumb\"},\"inLanguage\":\"sl-SI\",\"potentialAction\":[{\"@type\":\"ReadAction\",\"target\":[\"https:\/\/qingdaohf.com\/product\/1x19-wire-rope\/\"]}]},{\"@type\":\"ImageObject\",\"inLanguage\":\"sl-SI\",\"@id\":\"https:\/\/qingdaohf.com\/product\/1x19-wire-rope\/#primaryimage\",\"url\":\"https:\/\/qingdaohf.com\/wp-content\/uploads\/2024\/10\/1x19s_2.webp\",\"contentUrl\":\"https:\/\/qingdaohf.com\/wp-content\/uploads\/2024\/10\/1x19s_2.webp\",\"width\":787,\"height\":787,\"caption\":\"1x19 wire rope\"},{\"@type\":\"BreadcrumbList\",\"@id\":\"https:\/\/qingdaohf.com\/product\/1x19-wire-rope\/#breadcrumb\",\"itemListElement\":[{\"@type\":\"ListItem\",\"position\":1,\"name\":\"Home\",\"item\":\"https:\/\/qingdaohf.com\/\"},{\"@type\":\"ListItem\",\"position\":2,\"name\":\"Concrete Forming Accessories and Rigging Hardware\",\"item\":\"https:\/\/qingdaohf.com\/bg\/?page_id=944\"},{\"@type\":\"ListItem\",\"position\":3,\"name\":\"1&#215;19 Wire Rope\"}]},{\"@type\":\"WebSite\",\"@id\":\"https:\/\/qingdaohf.com\/bg\/#website\",\"url\":\"https:\/\/qingdaohf.com\/bg\/\",\"name\":\"Concrete Form & Rigging Hardware Supplier\",\"description\":\"\",\"publisher\":{\"@id\":\"https:\/\/qingdaohf.com\/bg\/#organization\"},\"potentialAction\":[{\"@type\":\"SearchAction\",\"target\":{\"@type\":\"EntryPoint\",\"urlTemplate\":\"https:\/\/qingdaohf.com\/bg\/?s={search_term_string}\"},\"query-input\":{\"@type\":\"PropertyValueSpecification\",\"valueRequired\":true,\"valueName\":\"search_term_string\"}}],\"inLanguage\":\"sl-SI\"},{\"@type\":\"Organization\",\"@id\":\"https:\/\/qingdaohf.com\/bg\/#organization\",\"name\":\"Qingdao H&F\",\"url\":\"https:\/\/qingdaohf.com\/bg\/\",\"logo\":{\"@type\":\"ImageObject\",\"inLanguage\":\"sl-SI\",\"@id\":\"https:\/\/qingdaohf.com\/bg\/#\/schema\/logo\/image\/\",\"url\":\"https:\/\/qingdaohf.com\/wp-content\/uploads\/2022\/12\/cropped-HF-LOGO.png\",\"contentUrl\":\"https:\/\/qingdaohf.com\/wp-content\/uploads\/2022\/12\/cropped-HF-LOGO.png\",\"width\":391,\"height\":249,\"caption\":\"Qingdao H&F\"},\"image\":{\"@id\":\"https:\/\/qingdaohf.com\/bg\/#\/schema\/logo\/image\/\"},\"sameAs\":[\"https:\/\/www.facebook.com\/qingdaohf\"]}]}<\/script>\n<!-- \/ Yoast SEO plugin. -->","yoast_head_json":{"title":"1x19 Wire Rope","description":"1x19 wire rope, consisting of 19 individual steel strands twisted into a single, strong cable, is available in a variety of sizes, including 1\/16 inch, 3\/32 inch, 1\/8 inch, 5\/32 inch, and up to larger diameters like 3\/8 inch.","robots":{"index":"index","follow":"follow","max-snippet":"max-snippet:-1","max-image-preview":"max-image-preview:large","max-video-preview":"max-video-preview:-1"},"canonical":"https:\/\/qingdaohf.com\/sl\/izdelek\/1x19-zicna-vrv\/","og_locale":"sl_SI","og_type":"article","og_title":"1x19 Wire Rope","og_description":"1x19 wire rope, consisting of 19 individual steel strands twisted into a single, strong cable, is available in a variety of sizes, including 1\/16 inch, 3\/32 inch, 1\/8 inch, 5\/32 inch, and up to larger diameters like 3\/8 inch.","og_url":"https:\/\/qingdaohf.com\/sl\/izdelek\/1x19-zicna-vrv\/","og_site_name":"Concrete Form &amp; Rigging Hardware Supplier","article_publisher":"https:\/\/www.facebook.com\/qingdaohf","article_modified_time":"2025-11-13T01:03:13+00:00","og_image":[{"width":787,"height":787,"url":"https:\/\/qingdaohf.com\/wp-content\/uploads\/2024\/10\/1x19s_2.webp","type":"image\/webp"}],"twitter_card":"summary_large_image","twitter_misc":{"Est. reading time":"7 minut"},"schema":{"@context":"https:\/\/schema.org","@graph":[{"@type":"WebPage","@id":"https:\/\/qingdaohf.com\/product\/1x19-wire-rope\/","url":"https:\/\/qingdaohf.com\/product\/1x19-wire-rope\/","name":"1x19 Wire Rope","isPartOf":{"@id":"https:\/\/qingdaohf.com\/bg\/#website"},"primaryImageOfPage":{"@id":"https:\/\/qingdaohf.com\/product\/1x19-wire-rope\/#primaryimage"},"image":{"@id":"https:\/\/qingdaohf.com\/product\/1x19-wire-rope\/#primaryimage"},"thumbnailUrl":"https:\/\/qingdaohf.com\/wp-content\/uploads\/2024\/10\/1x19s_2.webp","datePublished":"2024-10-24T08:40:15+00:00","dateModified":"2025-11-13T01:03:13+00:00","description":"1x19 wire rope, consisting of 19 individual steel strands twisted into a single, strong cable, is available in a variety of sizes, including 1\/16 inch, 3\/32 inch, 1\/8 inch, 5\/32 inch, and up to larger diameters like 3\/8 inch.","breadcrumb":{"@id":"https:\/\/qingdaohf.com\/product\/1x19-wire-rope\/#breadcrumb"},"inLanguage":"sl-SI","potentialAction":[{"@type":"ReadAction","target":["https:\/\/qingdaohf.com\/product\/1x19-wire-rope\/"]}]},{"@type":"ImageObject","inLanguage":"sl-SI","@id":"https:\/\/qingdaohf.com\/product\/1x19-wire-rope\/#primaryimage","url":"https:\/\/qingdaohf.com\/wp-content\/uploads\/2024\/10\/1x19s_2.webp","contentUrl":"https:\/\/qingdaohf.com\/wp-content\/uploads\/2024\/10\/1x19s_2.webp","width":787,"height":787,"caption":"1x19 wire rope"},{"@type":"BreadcrumbList","@id":"https:\/\/qingdaohf.com\/product\/1x19-wire-rope\/#breadcrumb","itemListElement":[{"@type":"ListItem","position":1,"name":"Home","item":"https:\/\/qingdaohf.com\/"},{"@type":"ListItem","position":2,"name":"Concrete Forming Accessories and Rigging Hardware","item":"https:\/\/qingdaohf.com\/bg\/?page_id=944"},{"@type":"ListItem","position":3,"name":"1&#215;19 Wire Rope"}]},{"@type":"WebSite","@id":"https:\/\/qingdaohf.com\/bg\/#website","url":"https:\/\/qingdaohf.com\/bg\/","name":"Concrete Form & Rigging Hardware Supplier","description":"","publisher":{"@id":"https:\/\/qingdaohf.com\/bg\/#organization"},"potentialAction":[{"@type":"SearchAction","target":{"@type":"EntryPoint","urlTemplate":"https:\/\/qingdaohf.com\/bg\/?s={search_term_string}"},"query-input":{"@type":"PropertyValueSpecification","valueRequired":true,"valueName":"search_term_string"}}],"inLanguage":"sl-SI"},{"@type":"Organization","@id":"https:\/\/qingdaohf.com\/bg\/#organization","name":"Qingdao H&F","url":"https:\/\/qingdaohf.com\/bg\/","logo":{"@type":"ImageObject","inLanguage":"sl-SI","@id":"https:\/\/qingdaohf.com\/bg\/#\/schema\/logo\/image\/","url":"https:\/\/qingdaohf.com\/wp-content\/uploads\/2022\/12\/cropped-HF-LOGO.png","contentUrl":"https:\/\/qingdaohf.com\/wp-content\/uploads\/2022\/12\/cropped-HF-LOGO.png","width":391,"height":249,"caption":"Qingdao H&F"},"image":{"@id":"https:\/\/qingdaohf.com\/bg\/#\/schema\/logo\/image\/"},"sameAs":["https:\/\/www.facebook.com\/qingdaohf"]}]}},"_links":{"self":[{"href":"https:\/\/qingdaohf.com\/sl\/wp-json\/wp\/v2\/product\/8102","targetHints":{"allow":["GET"]}}],"collection":[{"href":"https:\/\/qingdaohf.com\/sl\/wp-json\/wp\/v2\/product"}],"about":[{"href":"https:\/\/qingdaohf.com\/sl\/wp-json\/wp\/v2\/types\/product"}],"replies":[{"embeddable":true,"href":"https:\/\/qingdaohf.com\/sl\/wp-json\/wp\/v2\/comments?post=8102"}],"version-history":[{"count":2,"href":"https:\/\/qingdaohf.com\/sl\/wp-json\/wp\/v2\/product\/8102\/revisions"}],"predecessor-version":[{"id":8105,"href":"https:\/\/qingdaohf.com\/sl\/wp-json\/wp\/v2\/product\/8102\/revisions\/8105"}],"wp:featuredmedia":[{"embeddable":true,"href":"https:\/\/qingdaohf.com\/sl\/wp-json\/wp\/v2\/media\/8103"}],"wp:attachment":[{"href":"https:\/\/qingdaohf.com\/sl\/wp-json\/wp\/v2\/media?parent=8102"}],"wp:term":[{"taxonomy":"product_brand","embeddable":true,"href":"https:\/\/qingdaohf.com\/sl\/wp-json\/wp\/v2\/product_brand?post=8102"},{"taxonomy":"product_cat","embeddable":true,"href":"https:\/\/qingdaohf.com\/sl\/wp-json\/wp\/v2\/product_cat?post=8102"},{"taxonomy":"product_tag","embeddable":true,"href":"https:\/\/qingdaohf.com\/sl\/wp-json\/wp\/v2\/product_tag?post=8102"}],"curies":[{"name":"wp","href":"https:\/\/api.w.org\/{rel}","templated":true}]}}