{"id":8109,"date":"2024-10-24T17:13:03","date_gmt":"2024-10-24T09:13:03","guid":{"rendered":"http:\/\/qingdaohf.com\/?post_type=product&#038;p=8109"},"modified":"2025-11-13T09:02:55","modified_gmt":"2025-11-13T01:02:55","slug":"6x19-wire-rope","status":"publish","type":"product","link":"https:\/\/qingdaohf.com\/sl\/izdelek\/zicna-vrv-6x19\/","title":{"rendered":"6\u00d719 \u017di\u010dna vrv"},"content":{"rendered":"<h3>Razumevanje strukture \u017ei\u010dne vrvi 6 \u00d7 19<\/h3>\n<p>\u017di\u010dna vrv 6 \u00d7 19 je zaradi ravnovesja med pro\u017enostjo in trdnostjo dobro sprejeta mo\u017enost v industriji in gradbeni\u0161tvu. Ta vrv je sestavljena iz 6 pramenov z 19 \u017eicami v vsakem in zagotavlja zanesljivo delovanje pri razli\u010dnih te\u017ekih nalogah. Struktura \u017ei\u010dne vrvi 6 \u00d7 19 zagotavlja trpe\u017een, vendar nekoliko upogljiv izdelek, zato je idealna za aplikacije, ki zahtevajo, da je vrv odporna na ve\u010dkratno upogibanje, hkrati pa ohranja trdnost. Ta vrsta \u017ei\u010dne vrvi se zaradi svoje trdne konstrukcije in prilagodljivosti pogosto uporablja pri dvigovanju, dvigovanju, pomorskih aplikacijah in \u0161e kje.<\/p>\n<p>\u017di\u010dna vrv 6 \u00d7 19 je izdelana iz visokooglji\u010dnega jekla, kar ji daje izjemno trdnost, zato lahko prenese velike obremenitve, ne da bi bila ogro\u017eena njena strukturna celovitost. Ta izbira materiala zagotavlja izjemno odpornost proti obrabi in obrabi, kar zagotavlja, da je \u017ei\u010dna vrv primerna za te\u017eka okolja, kot so tista, ki se pojavljajo na morju ali gradbi\u0161\u010dih. Poleg tega zasnova \u017ei\u010dne vrvi 6 \u00d7 19 omogo\u010da gladko zunanjo povr\u0161ino, kar pomaga zmanj\u0161ati po\u0161kodbe strojev in druge opreme med uporabo.<\/p>\n<h3>Skupne velikosti \u017ei\u010dne vrvi 6\u00d719<\/h3>\n<p>Velikost \u017ei\u010dne vrvi je klju\u010dnega pomena pri izbiri ustreznega izdelka za dolo\u010dene naloge, saj razli\u010dni premeri vplivajo na trdnost in pro\u017enost. \u017di\u010dna vrv 6 \u00d7 19 je na voljo v razli\u010dnih velikostih, pri \u010demer je vsaka velikost prilagojena posebnim uporabam v gradbeni\u0161tvu, prometu ali pomorstvu.<\/p>\n<p>Ena od priljubljenih velikosti je 1\/8 palca 6 \u00d7 19 \u017ei\u010dnih vrvi, ki je znana po svojem kompaktnem premeru in prilagodljivosti. Ta velikost je primerna za aplikacije, kjer je prostor omejen, na primer pri manj\u0161ih projektih opremljanja ali la\u017ejih nalogah dvigovanja. Kljub manj\u0161i velikosti ohranja precej\u0161njo natezno trdnost, zato je zanesljiva izbira za natan\u010dno usmerjena dela.<\/p>\n<p>\u017di\u010dna vrv 3\/16 palca 6 \u00d7 19 za nekoliko te\u017eja opravila zagotavlja ve\u010djo trdnost, hkrati pa ohranja obvladljivo raven pro\u017enosti. Ta velikost se pogosto uporablja v scenarijih, kjer je potrebno ravnovesje med nosilnostjo in enostavnostjo rokovanja, na primer pri dvigovanju manj\u0161e opreme ali zavarovanju tovora med prevozom. Zaradi vmesnega premera je vsestranska izbira v razli\u010dnih okoljih.<\/p>\n<p>\u017di\u010dna vrv 1\/4 palca 6 \u00d7 19 je \u0161e ena pogosto izbrana velikost, ki zagotavlja ve\u010djo trdnost za zahtevnej\u0161e aplikacije. Ta velikost se pogosto uporablja v industrijskih okoljih, kjer je potrebna mo\u010dnej\u0161a podpora, kot so \u017eerjavi, vitli in gradbena dvigala. Z ve\u010djim premerom zagotavlja razli\u010dica 1\/4 palca ve\u010djo nosilnost, hkrati pa ostaja dovolj pro\u017ena za splo\u0161ne naloge pri monta\u017ei.<\/p>\n<p>Za \u0161e ve\u010djo trdnost lahko uporabite \u017ei\u010dno vrv 5\/16 palca 6 \u00d7 19, ki zagotavlja vzdr\u017eljivost za uporabo pri te\u017ejih obremenitvah ali intenzivnej\u0161i uporabi. Zaradi ve\u010djega premera je idealna za uporabo v pomorskem okolju, kot so privezne vrvi ali vle\u010dne vrvi. Velikost 5\/16 palca je dobra izbira za tiste, ki i\u0161\u010dejo zanesljivo \u017ei\u010dno vrv, ki lahko prenese te\u017eke pogoje, ne da bi pri tem \u017ertvovali pro\u017enost.<\/p>\n<h3>Raziskovanje osnovnih tipov: FC, IWS in IWRC<\/h3>\n<p><img fetchpriority=\"high\" decoding=\"async\" class=\"alignnone size-full wp-image-8113\" src=\"http:\/\/qingdaohf.com\/wp-content\/uploads\/2024\/10\/6X19-wire-rope.webp\" alt=\"6X19\" width=\"1338\" height=\"412\" srcset=\"https:\/\/qingdaohf.com\/wp-content\/uploads\/2024\/10\/6X19-wire-rope.webp 1338w, https:\/\/qingdaohf.com\/wp-content\/uploads\/2024\/10\/6X19-wire-rope-300x92.webp 300w, https:\/\/qingdaohf.com\/wp-content\/uploads\/2024\/10\/6X19-wire-rope-1024x315.webp 1024w, https:\/\/qingdaohf.com\/wp-content\/uploads\/2024\/10\/6X19-wire-rope-768x236.webp 768w, https:\/\/qingdaohf.com\/wp-content\/uploads\/2024\/10\/6X19-wire-rope-18x6.webp 18w, https:\/\/qingdaohf.com\/wp-content\/uploads\/2024\/10\/6X19-wire-rope-1000x308.webp 1000w\" sizes=\"(max-width: 1338px) 100vw, 1338px\" \/><\/p>\n<p>\u017di\u010dna vrv 6 \u00d7 19 ima tri razli\u010dice jedra, od katerih ima vsaka razli\u010dne prednosti glede na predvideno uporabo. Jedro je klju\u010dni sestavni del \u017ei\u010dne vrvi, saj zagotavlja podporo zunanjim pramenom ter vpliva na pro\u017enost in trdnost vrvi. Trije tipi jedra, ki so na voljo za \u017ei\u010dno vrv 6 \u00d7 19, so: vlakneno jedro (FC), jedro iz neodvisnih \u017ei\u010dnih pramenov (IWS) in jedro iz neodvisnih \u017ei\u010dnih vrvi (IWRC).<\/p>\n<p>Razli\u010dica Fiber Core (FC) ima jedro iz naravnih ali sinteti\u010dnih vlaken. Ta zasnova zagotavlja ve\u010djo pro\u017enost, zato je razli\u010dica FC primerna za aplikacije, kjer se mora \u017ei\u010dna vrv pogosto upogibati in premikati. Zaradi svoje pro\u017enosti je prednostna izbira v primerih, ko gre za stroje in opremo, saj zmanj\u0161uje obrabo jermenic in kolutov. Vendar je ta dodatna pro\u017enost povezana z manj\u0161o trdnostjo v primerjavi z alternativami z jeklenim jedrom, kar pomeni, da je jedro FC najprimernej\u0161e za aplikacije z manj\u0161o obremenitvijo.<\/p>\n<p>Neodvisno \u017ei\u010dno jedro (Independent Wire Strand Core - IWS) predstavlja srednjo pot med pro\u017enostjo jedra FC in trdnostjo jedra IWRC. Jedro IWS je sestavljeno iz lo\u010denega \u017ei\u010dnega pramena, ki zagotavlja dodatno podporo strukturi vrvi, s \u010dimer se pove\u010data njena vzdr\u017eljivost in nosilnost. Ta vrsta jedra je \u0161e posebej ugodna pri aplikacijah, kjer se poleg ve\u010dje trdnosti zahteva tudi zmerna pro\u017enost, na primer pri majhnih do srednje velikih \u017eerjavih in vitlih. Zaradi uravnote\u017eenosti je jedro IWS vsestranska mo\u017enost za tiste, ki i\u0161\u010dejo zanesljivo zmogljivost, ne da bi pri tem ogrozili pro\u017enost.<\/p>\n<p>Za najve\u010djo trdnost in vzdr\u017eljivost je najprimernej\u0161a izbira neodvisna \u017ei\u010dna vrv (IWRC). Jedro IWRC je izdelano iz lo\u010dene \u017ei\u010dne vrvi, kar znatno pove\u010da splo\u0161no trdnost in strukturno celovitost \u017ei\u010dne vrvi 6 \u00d7 19. Ta vrsta jedra je primerna za te\u017eke aplikacije, kjer je visoka natezna trdnost klju\u010dnega pomena, na primer pri velikih gradbenih \u017eerjavih, industrijskih vitlih in ladijskih okovjih. \u010ceprav jedro IWRC v primerjavi z mo\u017enostma FC in IWS \u017ertvuje nekaj pro\u017enosti, njegova robustnost zagotavlja, da je \u017ei\u010dna vrv dlje \u010dasa odporna na te\u017eke pogoje in velike obremenitve.<\/p>\n<h3>Vpogledi v uporabo in prednosti \u017ei\u010dne vrvi 6\u00d719<\/h3>\n<p>\u017di\u010dna vrv 6 \u00d7 19 je zaradi svoje vsestranskosti priljubljena izbira v razli\u010dnih panogah. Njena uravnote\u017eena konstrukcija ponuja u\u010dinkovit kompromis med natezno trdnostjo in pro\u017enostjo, zaradi \u010desar jo je mogo\u010de prilagoditi \u0161tevilnim nalogam. V gradbeni\u0161tvu se ta vrsta \u017ei\u010dne vrvi pogosto uporablja za dvigovanje, saj zagotavlja potrebno podporo za varno in u\u010dinkovito premikanje materialov. Gladka povr\u0161ina vrvi zmanj\u0161uje obrabo, kar zmanj\u0161uje obrabo jermenic in \u017eerjavov ter podalj\u0161uje \u017eivljenjsko dobo opreme.<\/p>\n<p>V morskih okoljih je \u017ei\u010dna vrv 6 \u00d7 19 zaradi odpornosti na obrabo in te\u017eke pogoje primerna za uporabo, kot so privez, vleka in ribolov. Zaradi svoje odpornosti na obremenitve zaradi izpostavljenosti slani vodi in spremenljivim obremenitvam je zanesljiv sestavni del za uporabo v pomorstvu. Zlasti jedro IWRC se izka\u017ee za koristno v pomorskih aplikacijah, saj zagotavlja mo\u010d, ki je potrebna za opravljanje zahtevnih nalog, ne da bi pri tem ogrozila vzdr\u017eljivost.<\/p>\n<p>Uporaba \u017ei\u010dne vrvi 6 \u00d7 19 je koristna tudi za transport in logistiko, kjer se lahko uporablja za zavarovanje tovora, izdelavo dvi\u017enih obes ali kot del sistemov za nakladanje in razkladanje. Na voljo je v razli\u010dnih velikostih, zato jo je mogo\u010de prilagoditi specifi\u010dnim potrebam in zagotoviti pravo ravnovesje med mo\u010djo in pro\u017enostjo za vsako edinstveno situacijo. Prilagodljivost \u017ei\u010dne vrvi 6 \u00d7 19 zagotavlja, da lahko opravlja tako rutinske kot zahtevne naloge na teh podro\u010djih.<\/p>\n<p>Izbira vrste jedra - FC, IWS ali IWRC - skupaj z ustrezno velikostjo uporabnikom omogo\u010da, da izbiro \u017ei\u010dne vrvi 6 \u00d7 19 prilagodijo natan\u010dnim zahtevam. Z razumevanjem edinstvenih lastnosti in prednosti vsakega jedra in velikosti lahko podjetja optimizirajo svoje delovanje in zagotovijo, da njihova oprema ostane varna, u\u010dinkovita in sposobna izpolnjevati zahteve njihovih projektov. \u017di\u010dna vrv 6\u00d719 je s svojo me\u0161anico prilagodljivosti, trdnosti in vzdr\u017eljivosti \u0161e vedno temeljni kamen na podro\u010dju \u017ei\u010dnih vrvi, saj zagotavlja zanesljivo delovanje v razli\u010dnih aplikacijah.<\/p>","protected":false},"excerpt":{"rendered":"<p>\u017di\u010dna vrv 6 \u00d7 19 je vsestranska in trpe\u017ena vrsta jeklene \u017ei\u010dne vrvi, ki ponuja me\u0161anico pro\u017enosti in trdnosti. Sestavljena je iz 6 pramenov, od katerih vsak vsebuje 19 \u017eic, zato je primerna za razli\u010dne na\u010dine dvigovanja, takela\u017eiranja in dvigovanja. \u017di\u010dna vrv 6 \u00d7 19, ki je obi\u010dajno na voljo v velikostih, kot so 1\/8 palca, 3\/16 palca in 1\/4 palca, je izdelana iz visokooglji\u010dnega jekla, ki zagotavlja odli\u010dno natezno trdnost in odpornost proti obrabi. Ima razli\u010dne vrste jedra, kot so vlakneno jedro (Fiber Core - FC), neodvisno jedro iz \u017ei\u010dnih pramenov (Independent Wire Strand Core - IWS) in neodvisno jedro iz \u017ei\u010dnih vrvi (Independent Wire Rope Core - IWRC), ki zadovoljujejo razli\u010dne potrebe in zahteve glede zmogljivosti.<\/p>","protected":false},"featured_media":8112,"comment_status":"open","ping_status":"closed","template":"","meta":{"site-sidebar-layout":"default","site-content-layout":"","ast-site-content-layout":"default","site-content-style":"default","site-sidebar-style":"default","ast-global-header-display":"","ast-banner-title-visibility":"","ast-main-header-display":"","ast-hfb-above-header-display":"","ast-hfb-below-header-display":"","ast-hfb-mobile-header-display":"","site-post-title":"","ast-breadcrumbs-content":"","ast-featured-img":"","footer-sml-layout":"","theme-transparent-header-meta":"default","adv-header-id-meta":"","stick-header-meta":"default","header-above-stick-meta":"","header-main-stick-meta":"","header-below-stick-meta":"","astra-migrate-meta-layouts":"set","ast-page-background-enabled":"default","ast-page-background-meta":{"desktop":{"background-color":"","background-image":"","background-repeat":"repeat","background-position":"center center","background-size":"auto","background-attachment":"scroll","background-type":"","background-media":"","overlay-type":"","overlay-color":"","overlay-opacity":"","overlay-gradient":""},"tablet":{"background-color":"","background-image":"","background-repeat":"repeat","background-position":"center center","background-size":"auto","background-attachment":"scroll","background-type":"","background-media":"","overlay-type":"","overlay-color":"","overlay-opacity":"","overlay-gradient":""},"mobile":{"background-color":"","background-image":"","background-repeat":"repeat","background-position":"center center","background-size":"auto","background-attachment":"scroll","background-type":"","background-media":"","overlay-type":"","overlay-color":"","overlay-opacity":"","overlay-gradient":""}},"ast-content-background-meta":{"desktop":{"background-color":"var(--ast-global-color-5)","background-image":"","background-repeat":"repeat","background-position":"center center","background-size":"auto","background-attachment":"scroll","background-type":"","background-media":"","overlay-type":"","overlay-color":"","overlay-opacity":"","overlay-gradient":""},"tablet":{"background-color":"var(--ast-global-color-5)","background-image":"","background-repeat":"repeat","background-position":"center center","background-size":"auto","background-attachment":"scroll","background-type":"","background-media":"","overlay-type":"","overlay-color":"","overlay-opacity":"","overlay-gradient":""},"mobile":{"background-color":"var(--ast-global-color-5)","background-image":"","background-repeat":"repeat","background-position":"center center","background-size":"auto","background-attachment":"scroll","background-type":"","background-media":"","overlay-type":"","overlay-color":"","overlay-opacity":"","overlay-gradient":""}}},"product_brand":[],"product_cat":[37],"product_tag":[89],"class_list":{"0":"post-8109","1":"product","2":"type-product","3":"status-publish","4":"has-post-thumbnail","6":"product_cat-wire-rope","7":"product_tag-wire-rope","8":"desktop-align-left","9":"tablet-align-left","10":"mobile-align-left","11":"ast-product-gallery-layout-horizontal-slider","12":"ast-product-gallery-with-no-image","13":"ast-product-tabs-layout-horizontal","15":"first","16":"instock","17":"shipping-taxable","18":"purchasable","19":"product-type-simple"},"yoast_head":"<!-- This site is optimized with the Yoast SEO plugin v25.2 - https:\/\/yoast.com\/wordpress\/plugins\/seo\/ -->\n<title>6x19 Wire Rope<\/title>\n<meta name=\"description\" content=\"6x19 wire rope is a versatile and durable type of steel wire rope, offering a blend of flexibility and strength.\" \/>\n<meta name=\"robots\" content=\"index, follow, max-snippet:-1, max-image-preview:large, max-video-preview:-1\" \/>\n<link rel=\"canonical\" href=\"https:\/\/qingdaohf.com\/sl\/izdelek\/zicna-vrv-6x19\/\" \/>\n<meta property=\"og:locale\" content=\"sl_SI\" \/>\n<meta property=\"og:type\" content=\"article\" \/>\n<meta property=\"og:title\" content=\"6x19 Wire Rope\" \/>\n<meta property=\"og:description\" content=\"6x19 wire rope is a versatile and durable type of steel wire rope, offering a blend of flexibility and strength.\" \/>\n<meta property=\"og:url\" content=\"https:\/\/qingdaohf.com\/sl\/izdelek\/zicna-vrv-6x19\/\" \/>\n<meta property=\"og:site_name\" content=\"Concrete Form &amp; Rigging Hardware Supplier\" \/>\n<meta property=\"article:publisher\" content=\"https:\/\/www.facebook.com\/qingdaohf\" \/>\n<meta property=\"article:modified_time\" content=\"2025-11-13T01:02:55+00:00\" \/>\n<meta property=\"og:image\" content=\"https:\/\/qingdaohf.com\/wp-content\/uploads\/2024\/10\/6x19wrc_2.webp\" \/>\n\t<meta property=\"og:image:width\" content=\"787\" \/>\n\t<meta property=\"og:image:height\" content=\"787\" \/>\n\t<meta property=\"og:image:type\" content=\"image\/webp\" \/>\n<meta name=\"twitter:card\" content=\"summary_large_image\" \/>\n<meta name=\"twitter:label1\" content=\"Est. reading time\" \/>\n\t<meta name=\"twitter:data1\" content=\"6 minut\" \/>\n<script type=\"application\/ld+json\" class=\"yoast-schema-graph\">{\"@context\":\"https:\/\/schema.org\",\"@graph\":[{\"@type\":\"WebPage\",\"@id\":\"https:\/\/qingdaohf.com\/product\/6x19-wire-rope\/\",\"url\":\"https:\/\/qingdaohf.com\/product\/6x19-wire-rope\/\",\"name\":\"6x19 Wire Rope\",\"isPartOf\":{\"@id\":\"https:\/\/qingdaohf.com\/bg\/#website\"},\"primaryImageOfPage\":{\"@id\":\"https:\/\/qingdaohf.com\/product\/6x19-wire-rope\/#primaryimage\"},\"image\":{\"@id\":\"https:\/\/qingdaohf.com\/product\/6x19-wire-rope\/#primaryimage\"},\"thumbnailUrl\":\"https:\/\/qingdaohf.com\/wp-content\/uploads\/2024\/10\/6x19wrc_2.webp\",\"datePublished\":\"2024-10-24T09:13:03+00:00\",\"dateModified\":\"2025-11-13T01:02:55+00:00\",\"description\":\"6x19 wire rope is a versatile and durable type of steel wire rope, offering a blend of flexibility and strength.\",\"breadcrumb\":{\"@id\":\"https:\/\/qingdaohf.com\/product\/6x19-wire-rope\/#breadcrumb\"},\"inLanguage\":\"sl-SI\",\"potentialAction\":[{\"@type\":\"ReadAction\",\"target\":[\"https:\/\/qingdaohf.com\/product\/6x19-wire-rope\/\"]}]},{\"@type\":\"ImageObject\",\"inLanguage\":\"sl-SI\",\"@id\":\"https:\/\/qingdaohf.com\/product\/6x19-wire-rope\/#primaryimage\",\"url\":\"https:\/\/qingdaohf.com\/wp-content\/uploads\/2024\/10\/6x19wrc_2.webp\",\"contentUrl\":\"https:\/\/qingdaohf.com\/wp-content\/uploads\/2024\/10\/6x19wrc_2.webp\",\"width\":787,\"height\":787,\"caption\":\"6X19 wire rope\"},{\"@type\":\"BreadcrumbList\",\"@id\":\"https:\/\/qingdaohf.com\/product\/6x19-wire-rope\/#breadcrumb\",\"itemListElement\":[{\"@type\":\"ListItem\",\"position\":1,\"name\":\"Home\",\"item\":\"https:\/\/qingdaohf.com\/\"},{\"@type\":\"ListItem\",\"position\":2,\"name\":\"Concrete Forming Accessories and Rigging Hardware\",\"item\":\"https:\/\/qingdaohf.com\/bg\/?page_id=944\"},{\"@type\":\"ListItem\",\"position\":3,\"name\":\"6&#215;19 Wire Rope\"}]},{\"@type\":\"WebSite\",\"@id\":\"https:\/\/qingdaohf.com\/bg\/#website\",\"url\":\"https:\/\/qingdaohf.com\/bg\/\",\"name\":\"Concrete Form & Rigging Hardware Supplier\",\"description\":\"\",\"publisher\":{\"@id\":\"https:\/\/qingdaohf.com\/bg\/#organization\"},\"potentialAction\":[{\"@type\":\"SearchAction\",\"target\":{\"@type\":\"EntryPoint\",\"urlTemplate\":\"https:\/\/qingdaohf.com\/bg\/?s={search_term_string}\"},\"query-input\":{\"@type\":\"PropertyValueSpecification\",\"valueRequired\":true,\"valueName\":\"search_term_string\"}}],\"inLanguage\":\"sl-SI\"},{\"@type\":\"Organization\",\"@id\":\"https:\/\/qingdaohf.com\/bg\/#organization\",\"name\":\"Qingdao H&F\",\"url\":\"https:\/\/qingdaohf.com\/bg\/\",\"logo\":{\"@type\":\"ImageObject\",\"inLanguage\":\"sl-SI\",\"@id\":\"https:\/\/qingdaohf.com\/bg\/#\/schema\/logo\/image\/\",\"url\":\"https:\/\/qingdaohf.com\/wp-content\/uploads\/2022\/12\/cropped-HF-LOGO.png\",\"contentUrl\":\"https:\/\/qingdaohf.com\/wp-content\/uploads\/2022\/12\/cropped-HF-LOGO.png\",\"width\":391,\"height\":249,\"caption\":\"Qingdao H&F\"},\"image\":{\"@id\":\"https:\/\/qingdaohf.com\/bg\/#\/schema\/logo\/image\/\"},\"sameAs\":[\"https:\/\/www.facebook.com\/qingdaohf\"]}]}<\/script>\n<!-- \/ Yoast SEO plugin. -->","yoast_head_json":{"title":"6x19 Wire Rope","description":"6x19 wire rope is a versatile and durable type of steel wire rope, offering a blend of flexibility and strength.","robots":{"index":"index","follow":"follow","max-snippet":"max-snippet:-1","max-image-preview":"max-image-preview:large","max-video-preview":"max-video-preview:-1"},"canonical":"https:\/\/qingdaohf.com\/sl\/izdelek\/zicna-vrv-6x19\/","og_locale":"sl_SI","og_type":"article","og_title":"6x19 Wire Rope","og_description":"6x19 wire rope is a versatile and durable type of steel wire rope, offering a blend of flexibility and strength.","og_url":"https:\/\/qingdaohf.com\/sl\/izdelek\/zicna-vrv-6x19\/","og_site_name":"Concrete Form &amp; Rigging Hardware Supplier","article_publisher":"https:\/\/www.facebook.com\/qingdaohf","article_modified_time":"2025-11-13T01:02:55+00:00","og_image":[{"width":787,"height":787,"url":"https:\/\/qingdaohf.com\/wp-content\/uploads\/2024\/10\/6x19wrc_2.webp","type":"image\/webp"}],"twitter_card":"summary_large_image","twitter_misc":{"Est. reading time":"6 minut"},"schema":{"@context":"https:\/\/schema.org","@graph":[{"@type":"WebPage","@id":"https:\/\/qingdaohf.com\/product\/6x19-wire-rope\/","url":"https:\/\/qingdaohf.com\/product\/6x19-wire-rope\/","name":"6x19 Wire Rope","isPartOf":{"@id":"https:\/\/qingdaohf.com\/bg\/#website"},"primaryImageOfPage":{"@id":"https:\/\/qingdaohf.com\/product\/6x19-wire-rope\/#primaryimage"},"image":{"@id":"https:\/\/qingdaohf.com\/product\/6x19-wire-rope\/#primaryimage"},"thumbnailUrl":"https:\/\/qingdaohf.com\/wp-content\/uploads\/2024\/10\/6x19wrc_2.webp","datePublished":"2024-10-24T09:13:03+00:00","dateModified":"2025-11-13T01:02:55+00:00","description":"6x19 wire rope is a versatile and durable type of steel wire rope, offering a blend of flexibility and strength.","breadcrumb":{"@id":"https:\/\/qingdaohf.com\/product\/6x19-wire-rope\/#breadcrumb"},"inLanguage":"sl-SI","potentialAction":[{"@type":"ReadAction","target":["https:\/\/qingdaohf.com\/product\/6x19-wire-rope\/"]}]},{"@type":"ImageObject","inLanguage":"sl-SI","@id":"https:\/\/qingdaohf.com\/product\/6x19-wire-rope\/#primaryimage","url":"https:\/\/qingdaohf.com\/wp-content\/uploads\/2024\/10\/6x19wrc_2.webp","contentUrl":"https:\/\/qingdaohf.com\/wp-content\/uploads\/2024\/10\/6x19wrc_2.webp","width":787,"height":787,"caption":"6X19 wire rope"},{"@type":"BreadcrumbList","@id":"https:\/\/qingdaohf.com\/product\/6x19-wire-rope\/#breadcrumb","itemListElement":[{"@type":"ListItem","position":1,"name":"Home","item":"https:\/\/qingdaohf.com\/"},{"@type":"ListItem","position":2,"name":"Concrete Forming Accessories and Rigging Hardware","item":"https:\/\/qingdaohf.com\/bg\/?page_id=944"},{"@type":"ListItem","position":3,"name":"6&#215;19 Wire Rope"}]},{"@type":"WebSite","@id":"https:\/\/qingdaohf.com\/bg\/#website","url":"https:\/\/qingdaohf.com\/bg\/","name":"Concrete Form & Rigging Hardware Supplier","description":"","publisher":{"@id":"https:\/\/qingdaohf.com\/bg\/#organization"},"potentialAction":[{"@type":"SearchAction","target":{"@type":"EntryPoint","urlTemplate":"https:\/\/qingdaohf.com\/bg\/?s={search_term_string}"},"query-input":{"@type":"PropertyValueSpecification","valueRequired":true,"valueName":"search_term_string"}}],"inLanguage":"sl-SI"},{"@type":"Organization","@id":"https:\/\/qingdaohf.com\/bg\/#organization","name":"Qingdao H&F","url":"https:\/\/qingdaohf.com\/bg\/","logo":{"@type":"ImageObject","inLanguage":"sl-SI","@id":"https:\/\/qingdaohf.com\/bg\/#\/schema\/logo\/image\/","url":"https:\/\/qingdaohf.com\/wp-content\/uploads\/2022\/12\/cropped-HF-LOGO.png","contentUrl":"https:\/\/qingdaohf.com\/wp-content\/uploads\/2022\/12\/cropped-HF-LOGO.png","width":391,"height":249,"caption":"Qingdao H&F"},"image":{"@id":"https:\/\/qingdaohf.com\/bg\/#\/schema\/logo\/image\/"},"sameAs":["https:\/\/www.facebook.com\/qingdaohf"]}]}},"_links":{"self":[{"href":"https:\/\/qingdaohf.com\/sl\/wp-json\/wp\/v2\/product\/8109","targetHints":{"allow":["GET"]}}],"collection":[{"href":"https:\/\/qingdaohf.com\/sl\/wp-json\/wp\/v2\/product"}],"about":[{"href":"https:\/\/qingdaohf.com\/sl\/wp-json\/wp\/v2\/types\/product"}],"replies":[{"embeddable":true,"href":"https:\/\/qingdaohf.com\/sl\/wp-json\/wp\/v2\/comments?post=8109"}],"version-history":[{"count":1,"href":"https:\/\/qingdaohf.com\/sl\/wp-json\/wp\/v2\/product\/8109\/revisions"}],"predecessor-version":[{"id":8114,"href":"https:\/\/qingdaohf.com\/sl\/wp-json\/wp\/v2\/product\/8109\/revisions\/8114"}],"wp:featuredmedia":[{"embeddable":true,"href":"https:\/\/qingdaohf.com\/sl\/wp-json\/wp\/v2\/media\/8112"}],"wp:attachment":[{"href":"https:\/\/qingdaohf.com\/sl\/wp-json\/wp\/v2\/media?parent=8109"}],"wp:term":[{"taxonomy":"product_brand","embeddable":true,"href":"https:\/\/qingdaohf.com\/sl\/wp-json\/wp\/v2\/product_brand?post=8109"},{"taxonomy":"product_cat","embeddable":true,"href":"https:\/\/qingdaohf.com\/sl\/wp-json\/wp\/v2\/product_cat?post=8109"},{"taxonomy":"product_tag","embeddable":true,"href":"https:\/\/qingdaohf.com\/sl\/wp-json\/wp\/v2\/product_tag?post=8109"}],"curies":[{"name":"wp","href":"https:\/\/api.w.org\/{rel}","templated":true}]}}