{"id":8119,"date":"2024-10-24T17:32:24","date_gmt":"2024-10-24T09:32:24","guid":{"rendered":"http:\/\/qingdaohf.com\/?post_type=product&#038;p=8119"},"modified":"2025-11-13T09:02:55","modified_gmt":"2025-11-13T01:02:55","slug":"6x36-wire-rope","status":"publish","type":"product","link":"https:\/\/qingdaohf.com\/sl\/izdelek\/zicna-vrv-6x36\/","title":{"rendered":"6\u00d736 \u017ei\u010dne vrvi"},"content":{"rendered":"<h3>Pregled strukture \u017ei\u010dne vrvi 6 \u00d7 36<\/h3>\n<p>\u017di\u010dna vrv 6 \u00d7 36 je prepoznavna po svoji edinstveni strukturi, ki zdru\u017euje trdnost, vzdr\u017eljivost in pro\u017enost. Ta vrv ima 6 pramenov, od katerih vsak vsebuje 36 posameznih \u017eic, kar ustvarja gosto, a prilagodljivo konfiguracijo. Njena konstrukcija zagotavlja bolj\u0161e ravnovesje med pro\u017enostjo in trdnostjo kot nekatere druge \u017ei\u010dne vrvi, na primer razli\u010dica 6 \u00d7 19. Zasnova omogo\u010da, da vrv prenese ve\u010dkratno upogibanje in premike, ne da bi pri tem ogrozila svojo strukturno celovitost, zato je prednostna izbira za panoge, ki zahtevajo zanesljive zmogljivosti za dvigovanje, dvigovanje in okovje.<\/p>\n<p>\u017di\u010dna vrv 6 \u00d7 36, izdelana iz visokooglji\u010dnega jekla, je zasnovana tako, da prenese te\u017eke razmere, pri tem pa ohranja svojo osnovno trdnost. Ta visokokakovostni material pove\u010duje odpornost vrvi proti obrabi, koroziji in obrabi, zato je primerna za razli\u010dna zahtevna okolja. Jekleni prameni so skrbno razporejeni, da se zagotovi enakomerna porazdelitev obremenitve, zato je \u017ei\u010dna vrv odporna na velike obremenitve in zahtevne delovne pogoje.<\/p>\n<h3>Skupne velikosti \u017ei\u010dne vrvi 6\u00d736<\/h3>\n<p>Izbira velikosti \u017ei\u010dne vrvi neposredno vpliva na njeno trdnost, pro\u017enost in primernost za razli\u010dne aplikacije. \u017di\u010dna vrv 6 \u00d7 36 je na voljo v razli\u010dnih velikostih, kar omogo\u010da natan\u010dno prilagajanje posebnim potrebam razli\u010dnih panog, od gradbeni\u0161tva do pomorstva.<\/p>\n<p>\u017di\u010dna vrv 3\/16 palca 6 \u00d7 36 je vsestranska mo\u017enost, ki zagotavlja dobro ravnovesje med pro\u017enostjo in trdnostjo. Ta velikost se pogosto uporablja v la\u017ejih aplikacijah, kjer je omejen prostor, na primer pri manj\u0161ih monta\u017eah ali nadzorovanih nalogah dvigovanja. Njen kompaktni premer omogo\u010da enostavno manevriranje, hkrati pa \u0161e vedno zagotavlja zanesljivo raven natezne trdnosti za zmerne obremenitve.<\/p>\n<p>Za aplikacije, ki zahtevajo trdnej\u0161o mo\u017enost, zagotavlja \u017ei\u010dna vrv 1\/4 palca 6 \u00d7 36 ve\u010djo trdnost, ne da bi pri tem \u017ertvovala preve\u010d pro\u017enosti. Ta velikost se pogosto izbere za uporabo, kot je dvigovanje in pritrjevanje tovora v gradbeni\u0161tvu ali pri prevozu. Dobro se lahko uporablja tudi pri vle\u010denju, kjer je za u\u010dinkovito delovanje klju\u010dnega pomena kombinacija mo\u010di in enostavnega rokovanja.<\/p>\n<p>\u017di\u010dna vrv 5\/16 palca 6 \u00d7 36 je bolj robustna izbira, ki ponuja ve\u010dje nosilnosti za intenzivnej\u0161e naloge. Ta velikost je idealna za te\u017eke aplikacije, kot so industrijski \u017eerjavi, dvigala in ladijski okovi. Zaradi debelej\u0161ega premera prenese ve\u010dje napetosti in obremenitve, zato je primerna za okolja, kjer sta bistvenega pomena trdnost in vzdr\u017eljivost.<\/p>\n<p>Za tiste, ki potrebujejo \u0161e ve\u010djo trdnost, lahko 3\/8-pal\u010dna \u017ei\u010dna vrv 6 \u00d7 36 zagotovi znatno podporo za zahtevne projekte. Primerna je za velike gradbene projekte in industrijsko uporabo, kjer je potrebna velika nosilnost. Kljub debelej\u0161emu premeru 3\/8 palca ohranja pro\u017enost, ki je potrebna za dolo\u010dene upogibne aplikacije, kar zagotavlja u\u010dinkovito delovanje tudi v dinami\u010dnih okoljih.<\/p>\n<h3>Tipi jedra: FC, IWS in IWRC v \u017ei\u010dni vrvi 6 \u00d7 36<\/h3>\n<p>Jedro \u017ei\u010dne vrvi je bistvena sestavina, ki dolo\u010da njeno pro\u017enost, trdnost in primernost za razli\u010dne aplikacije. \u017di\u010dna vrv 6 \u00d7 36 je na voljo v treh vrstah jedra: Jedro iz vlaken (Fiber Core - FC), jedro iz neodvisnih \u017ei\u010dnih pramenov (Independent Wire Strand Core - IWS) in jedro iz neodvisnih \u017ei\u010dnih vrvi (Independent Wire Rope Core - IWRC), pri \u010demer ima vsaka od njih posebne prednosti za razli\u010dne na\u010dine uporabe.<\/p>\n<p>Fiber Core (FC) je najbolj prilagodljiva mo\u017enost jedra za \u017ei\u010dne vrvi 6 \u00d7 36. To jedro je izdelano iz sinteti\u010dnih ali naravnih vlaken, ki zagotavljajo mehkej\u0161o in pro\u017enej\u0161o strukturo jedra. Razli\u010dica FC je \u0161e posebej ugodna v primerih, ko mora \u017ei\u010dna vrv pogosto kro\u017eiti okoli jermenic in kolutov, saj njena pro\u017enost zmanj\u0161uje obrabo tako vrvi kot strojev. Zaradi mehkej\u0161ega jedra pa je njena trdnost v primerjavi z jeklenim jedrom nekoliko manj\u0161a, zato je primernej\u0161a za manj zahtevne naloge, pri katerih je pro\u017enost pomembnej\u0161a od najve\u010dje nosilnosti.<\/p>\n<p>Neodvisno \u017ei\u010dno jedro (IWS) zagotavlja ravnovesje med trdnostjo in pro\u017enostjo. Jedro IWS je sestavljeno iz lo\u010denega \u017ei\u010dnega pramena, ki zagotavlja dodatno strukturno podporo, kar pove\u010duje vzdr\u017eljivost in natezno trdnost \u017ei\u010dne vrvi. Ta vrsta jedra je primerna za srednje te\u017eke aplikacije, kjer je potrebna zmerna stopnja upogibanja in premikanja, na primer pri manj\u0161ih \u017eerjavih ali srednje veliki dvi\u017eni opremi. Jedro IWS zagotavlja, da vrv pod obremenitvijo ohrani svojo obliko, zato je zanesljiva izbira za naloge, pri katerih je potrebna nekoliko ve\u010dja robustnost, ne da bi pri tem \u017ertvovali preve\u010d pro\u017enosti.<\/p>\n<p>Za tiste, ki i\u0161\u010dejo najve\u010djo trdnost, zagotavlja neodvisno jedro \u017ei\u010dne vrvi (IWRC) najvi\u0161jo raven vzdr\u017eljivosti med vrstami jeder. Jedro IWRC je izdelano iz lo\u010dene \u017ei\u010dne vrvi, ki pove\u010da splo\u0161no trdnost \u017ei\u010dne vrvi 6 \u00d7 36, zato je idealno za te\u017eke aplikacije. Ta vrsta jedra se pogosto uporablja v okoljih, kjer je visoka natezna trdnost klju\u010dnega pomena, na primer v velikih gradbenih \u017eerjavih, industrijskih dvigalih in pomorskih operacijah, kot sta vleka in privez. \u010ceprav je jedro IWRC manj pro\u017eno kot FC ali IWS, je zaradi svoje sposobnosti prena\u0161anja velikih obremenitev in odpornosti na deformacije pod obremenitvijo najprimernej\u0161a izbira za intenzivne delovne pogoje.<\/p>\n<h3>Uporaba in prednosti \u017ei\u010dne vrvi 6\u00d736<\/h3>\n<p>Zaradi edinstvene zasnove in vsestranskosti je \u017ei\u010dna vrv 6 \u00d7 36 bistvena izbira v \u0161tevilnih panogah. Njena sposobnost zdru\u017eevanja mo\u010di in pro\u017enosti zagotavlja, da se lahko prilagodi razli\u010dnim aplikacijam, hkrati pa zagotavlja stalno zmogljivost. Zato je zelo u\u010dinkovito orodje za naloge, kot so dviganje, dvigovanje in okovje, kjer sta klju\u010dnega pomena natan\u010dnost in vzdr\u017eljivost.<\/p>\n<p>V gradbeni\u0161tvu ima \u017ei\u010dna vrv 6\u00d736 klju\u010dno vlogo pri delu z \u017eerjavi, dvigali in drugo te\u017eko dvi\u017eno opremo. Njena zasnova omogo\u010da nemoteno delovanje preko \u0161kripcev in jermenic, kar zmanj\u0161uje obrabo in podalj\u0161uje \u017eivljenjsko dobo vrvi. Razpolo\u017eljivost razli\u010dnih mo\u017enosti jedra pomeni, da lahko uporabniki izberejo idealno konfiguracijo, ki ustreza posebnim zahtevam vsakega projekta, ne glede na to, ali je to prednostna pro\u017enost z jedrom FC ali trdnost z jedrom IWRC.<\/p>\n<p>Uporaba \u017ei\u010dne vrvi 6 \u00d7 36 je zelo koristna tudi za pomorske aplikacije. Zaradi odpornosti proti obrabi in sposobnosti prena\u0161anja zahtevnih okolij je primerna za pomorske naloge, kot so privezovanje, vleka in ribolov. Zlasti jedro IWRC je v teh okoli\u0161\u010dinah koristno zaradi svoje sposobnosti obvladovanja dinami\u010dnih obremenitev, ki se pojavljajo v razburkanem morju in spremenljivih pogojih. Poleg tega je vrv izdelana iz visokooglji\u010dnega jekla, kar zagotavlja, da je odporna na korozivne u\u010dinke izpostavljenosti slani vodi, kar zagotavlja dolgotrajno zanesljivost pri pomorskih operacijah.<\/p>\n<p>V transportnem in logisti\u010dnem sektorju se \u017ei\u010dna vrv 6\u00d736 uporablja za pritrjevanje tovora, dvigovanje te\u017ekih materialov in podpiranje razli\u010dnih dvi\u017enih mehanizmov. Zaradi svoje uravnote\u017eene zasnove lahko prena\u0161a stati\u010dne in dinami\u010dne obremenitve ter zagotavlja mo\u010d, ki je potrebna za ohranjanje varnih povezav brez prevelikih obremenitev. Ta vsestranskost pomeni, da jo je mogo\u010de uporabiti v \u0161tevilnih transportnih aplikacijah, od zavarovanja tovora na ladjah do pomo\u010di pri nakladanju in razkladanju blaga v skladi\u0161\u010dih.<\/p>\n<p>Z izbiro pravega jedra in velikosti \u017ei\u010dne vrvi 6 \u00d7 36 lahko podjetja optimizirajo svoje delovanje in zagotovijo idealno kombinacijo pro\u017enosti, trdnosti in trajnosti za svoje posebne potrebe. Z razumevanjem zmogljivosti vsake vrste jedra in posledic razli\u010dnih velikosti lahko uporabniki sprejemajo premi\u0161ljene odlo\u010ditve, ki pove\u010dujejo varnost in u\u010dinkovitost njihovih projektov. \u017di\u010dna vrv 6 \u00d7 36 s svojo robustno zasnovo in prilagodljivostjo ostaja prednostna izbira za tiste, ki i\u0161\u010dejo zanesljivost in zmogljivost v svojih industrijskih, pomorskih in gradbenih prizadevanjih.<\/p>","protected":false},"excerpt":{"rendered":"<p>\u017di\u010dna vrv 6 \u00d7 36 je visoko trdna, pro\u017ena jeklena \u017ei\u010dna vrv, sestavljena iz 6 pramenov, od katerih vsak vsebuje 36 \u017eic. Znana je po ravnovesju med vzdr\u017eljivostjo in pro\u017enostjo, zato je primerna za zahtevne aplikacije, kot so dviganje, takela\u017ea in uporaba v pomorstvu. \u017di\u010dna vrv 6 \u00d7 36 je obi\u010dajno na voljo v velikostih 3\/16 palca, 1\/4 palca in 5\/16 palca ter je obi\u010dajno izdelana iz visokooglji\u010dnega jekla. Na voljo je z razli\u010dnimi mo\u017enostmi jedra, vklju\u010dno z jedrom iz vlaken (FC), neodvisnim jedrom iz \u017ei\u010dnih pramenov (IWS) in neodvisnim jedrom iz \u017ei\u010dnih vrvi (IWRC), kar omogo\u010da prilagojeno delovanje glede na posebne potrebe.<\/p>","protected":false},"featured_media":8117,"comment_status":"open","ping_status":"closed","template":"","meta":{"site-sidebar-layout":"default","site-content-layout":"","ast-site-content-layout":"default","site-content-style":"default","site-sidebar-style":"default","ast-global-header-display":"","ast-banner-title-visibility":"","ast-main-header-display":"","ast-hfb-above-header-display":"","ast-hfb-below-header-display":"","ast-hfb-mobile-header-display":"","site-post-title":"","ast-breadcrumbs-content":"","ast-featured-img":"","footer-sml-layout":"","theme-transparent-header-meta":"default","adv-header-id-meta":"","stick-header-meta":"default","header-above-stick-meta":"","header-main-stick-meta":"","header-below-stick-meta":"","astra-migrate-meta-layouts":"set","ast-page-background-enabled":"default","ast-page-background-meta":{"desktop":{"background-color":"","background-image":"","background-repeat":"repeat","background-position":"center center","background-size":"auto","background-attachment":"scroll","background-type":"","background-media":"","overlay-type":"","overlay-color":"","overlay-opacity":"","overlay-gradient":""},"tablet":{"background-color":"","background-image":"","background-repeat":"repeat","background-position":"center center","background-size":"auto","background-attachment":"scroll","background-type":"","background-media":"","overlay-type":"","overlay-color":"","overlay-opacity":"","overlay-gradient":""},"mobile":{"background-color":"","background-image":"","background-repeat":"repeat","background-position":"center center","background-size":"auto","background-attachment":"scroll","background-type":"","background-media":"","overlay-type":"","overlay-color":"","overlay-opacity":"","overlay-gradient":""}},"ast-content-background-meta":{"desktop":{"background-color":"var(--ast-global-color-5)","background-image":"","background-repeat":"repeat","background-position":"center center","background-size":"auto","background-attachment":"scroll","background-type":"","background-media":"","overlay-type":"","overlay-color":"","overlay-opacity":"","overlay-gradient":""},"tablet":{"background-color":"var(--ast-global-color-5)","background-image":"","background-repeat":"repeat","background-position":"center center","background-size":"auto","background-attachment":"scroll","background-type":"","background-media":"","overlay-type":"","overlay-color":"","overlay-opacity":"","overlay-gradient":""},"mobile":{"background-color":"var(--ast-global-color-5)","background-image":"","background-repeat":"repeat","background-position":"center center","background-size":"auto","background-attachment":"scroll","background-type":"","background-media":"","overlay-type":"","overlay-color":"","overlay-opacity":"","overlay-gradient":""}}},"product_brand":[],"product_cat":[37],"product_tag":[89],"class_list":{"0":"post-8119","1":"product","2":"type-product","3":"status-publish","4":"has-post-thumbnail","6":"product_cat-wire-rope","7":"product_tag-wire-rope","8":"desktop-align-left","9":"tablet-align-left","10":"mobile-align-left","11":"ast-product-gallery-layout-horizontal-slider","12":"ast-product-tabs-layout-horizontal","14":"first","15":"instock","16":"shipping-taxable","17":"purchasable","18":"product-type-simple"},"yoast_head":"<!-- This site is optimized with the Yoast SEO plugin v25.2 - https:\/\/yoast.com\/wordpress\/plugins\/seo\/ -->\n<title>6x36 Wire Rope<\/title>\n<meta name=\"description\" content=\"The 6x36 wire rope is a high-strength, flexible steel wire rope consisting of 6 strands, each containing 36 wires.\" \/>\n<meta name=\"robots\" content=\"index, follow, max-snippet:-1, max-image-preview:large, max-video-preview:-1\" \/>\n<link rel=\"canonical\" href=\"https:\/\/qingdaohf.com\/sl\/izdelek\/zicna-vrv-6x36\/\" \/>\n<meta property=\"og:locale\" content=\"sl_SI\" \/>\n<meta property=\"og:type\" content=\"article\" \/>\n<meta property=\"og:title\" content=\"6x36 Wire Rope\" \/>\n<meta property=\"og:description\" content=\"The 6x36 wire rope is a high-strength, flexible steel wire rope consisting of 6 strands, each containing 36 wires.\" \/>\n<meta property=\"og:url\" content=\"https:\/\/qingdaohf.com\/sl\/izdelek\/zicna-vrv-6x36\/\" \/>\n<meta property=\"og:site_name\" content=\"Concrete Form &amp; Rigging Hardware Supplier\" \/>\n<meta property=\"article:publisher\" content=\"https:\/\/www.facebook.com\/qingdaohf\" \/>\n<meta property=\"article:modified_time\" content=\"2025-11-13T01:02:55+00:00\" \/>\n<meta property=\"og:image\" content=\"https:\/\/qingdaohf.com\/wp-content\/uploads\/2024\/10\/6x36-IWRC-Bright-Wire-Rope.webp\" \/>\n\t<meta property=\"og:image:width\" content=\"744\" \/>\n\t<meta property=\"og:image:height\" content=\"744\" \/>\n\t<meta property=\"og:image:type\" content=\"image\/webp\" \/>\n<meta name=\"twitter:card\" content=\"summary_large_image\" \/>\n<meta name=\"twitter:label1\" content=\"Est. reading time\" \/>\n\t<meta name=\"twitter:data1\" content=\"6 minut\" \/>\n<script type=\"application\/ld+json\" class=\"yoast-schema-graph\">{\"@context\":\"https:\/\/schema.org\",\"@graph\":[{\"@type\":\"WebPage\",\"@id\":\"https:\/\/qingdaohf.com\/product\/6x36-wire-rope\/\",\"url\":\"https:\/\/qingdaohf.com\/product\/6x36-wire-rope\/\",\"name\":\"6x36 Wire Rope\",\"isPartOf\":{\"@id\":\"https:\/\/qingdaohf.com\/bg\/#website\"},\"primaryImageOfPage\":{\"@id\":\"https:\/\/qingdaohf.com\/product\/6x36-wire-rope\/#primaryimage\"},\"image\":{\"@id\":\"https:\/\/qingdaohf.com\/product\/6x36-wire-rope\/#primaryimage\"},\"thumbnailUrl\":\"https:\/\/qingdaohf.com\/wp-content\/uploads\/2024\/10\/6x36-IWRC-Bright-Wire-Rope.webp\",\"datePublished\":\"2024-10-24T09:32:24+00:00\",\"dateModified\":\"2025-11-13T01:02:55+00:00\",\"description\":\"The 6x36 wire rope is a high-strength, flexible steel wire rope consisting of 6 strands, each containing 36 wires.\",\"breadcrumb\":{\"@id\":\"https:\/\/qingdaohf.com\/product\/6x36-wire-rope\/#breadcrumb\"},\"inLanguage\":\"sl-SI\",\"potentialAction\":[{\"@type\":\"ReadAction\",\"target\":[\"https:\/\/qingdaohf.com\/product\/6x36-wire-rope\/\"]}]},{\"@type\":\"ImageObject\",\"inLanguage\":\"sl-SI\",\"@id\":\"https:\/\/qingdaohf.com\/product\/6x36-wire-rope\/#primaryimage\",\"url\":\"https:\/\/qingdaohf.com\/wp-content\/uploads\/2024\/10\/6x36-IWRC-Bright-Wire-Rope.webp\",\"contentUrl\":\"https:\/\/qingdaohf.com\/wp-content\/uploads\/2024\/10\/6x36-IWRC-Bright-Wire-Rope.webp\",\"width\":744,\"height\":744,\"caption\":\"6x36 IWRC Wire Rope\"},{\"@type\":\"BreadcrumbList\",\"@id\":\"https:\/\/qingdaohf.com\/product\/6x36-wire-rope\/#breadcrumb\",\"itemListElement\":[{\"@type\":\"ListItem\",\"position\":1,\"name\":\"Home\",\"item\":\"https:\/\/qingdaohf.com\/\"},{\"@type\":\"ListItem\",\"position\":2,\"name\":\"Concrete Forming Accessories and Rigging Hardware\",\"item\":\"https:\/\/qingdaohf.com\/bg\/?page_id=944\"},{\"@type\":\"ListItem\",\"position\":3,\"name\":\"6&#215;36 Wire Rope\"}]},{\"@type\":\"WebSite\",\"@id\":\"https:\/\/qingdaohf.com\/bg\/#website\",\"url\":\"https:\/\/qingdaohf.com\/bg\/\",\"name\":\"Concrete Form & Rigging Hardware Supplier\",\"description\":\"\",\"publisher\":{\"@id\":\"https:\/\/qingdaohf.com\/bg\/#organization\"},\"potentialAction\":[{\"@type\":\"SearchAction\",\"target\":{\"@type\":\"EntryPoint\",\"urlTemplate\":\"https:\/\/qingdaohf.com\/bg\/?s={search_term_string}\"},\"query-input\":{\"@type\":\"PropertyValueSpecification\",\"valueRequired\":true,\"valueName\":\"search_term_string\"}}],\"inLanguage\":\"sl-SI\"},{\"@type\":\"Organization\",\"@id\":\"https:\/\/qingdaohf.com\/bg\/#organization\",\"name\":\"Qingdao H&F\",\"url\":\"https:\/\/qingdaohf.com\/bg\/\",\"logo\":{\"@type\":\"ImageObject\",\"inLanguage\":\"sl-SI\",\"@id\":\"https:\/\/qingdaohf.com\/bg\/#\/schema\/logo\/image\/\",\"url\":\"https:\/\/qingdaohf.com\/wp-content\/uploads\/2022\/12\/cropped-HF-LOGO.png\",\"contentUrl\":\"https:\/\/qingdaohf.com\/wp-content\/uploads\/2022\/12\/cropped-HF-LOGO.png\",\"width\":391,\"height\":249,\"caption\":\"Qingdao H&F\"},\"image\":{\"@id\":\"https:\/\/qingdaohf.com\/bg\/#\/schema\/logo\/image\/\"},\"sameAs\":[\"https:\/\/www.facebook.com\/qingdaohf\"]}]}<\/script>\n<!-- \/ Yoast SEO plugin. -->","yoast_head_json":{"title":"6x36 Wire Rope","description":"The 6x36 wire rope is a high-strength, flexible steel wire rope consisting of 6 strands, each containing 36 wires.","robots":{"index":"index","follow":"follow","max-snippet":"max-snippet:-1","max-image-preview":"max-image-preview:large","max-video-preview":"max-video-preview:-1"},"canonical":"https:\/\/qingdaohf.com\/sl\/izdelek\/zicna-vrv-6x36\/","og_locale":"sl_SI","og_type":"article","og_title":"6x36 Wire Rope","og_description":"The 6x36 wire rope is a high-strength, flexible steel wire rope consisting of 6 strands, each containing 36 wires.","og_url":"https:\/\/qingdaohf.com\/sl\/izdelek\/zicna-vrv-6x36\/","og_site_name":"Concrete Form &amp; Rigging Hardware Supplier","article_publisher":"https:\/\/www.facebook.com\/qingdaohf","article_modified_time":"2025-11-13T01:02:55+00:00","og_image":[{"width":744,"height":744,"url":"https:\/\/qingdaohf.com\/wp-content\/uploads\/2024\/10\/6x36-IWRC-Bright-Wire-Rope.webp","type":"image\/webp"}],"twitter_card":"summary_large_image","twitter_misc":{"Est. reading time":"6 minut"},"schema":{"@context":"https:\/\/schema.org","@graph":[{"@type":"WebPage","@id":"https:\/\/qingdaohf.com\/product\/6x36-wire-rope\/","url":"https:\/\/qingdaohf.com\/product\/6x36-wire-rope\/","name":"6x36 Wire Rope","isPartOf":{"@id":"https:\/\/qingdaohf.com\/bg\/#website"},"primaryImageOfPage":{"@id":"https:\/\/qingdaohf.com\/product\/6x36-wire-rope\/#primaryimage"},"image":{"@id":"https:\/\/qingdaohf.com\/product\/6x36-wire-rope\/#primaryimage"},"thumbnailUrl":"https:\/\/qingdaohf.com\/wp-content\/uploads\/2024\/10\/6x36-IWRC-Bright-Wire-Rope.webp","datePublished":"2024-10-24T09:32:24+00:00","dateModified":"2025-11-13T01:02:55+00:00","description":"The 6x36 wire rope is a high-strength, flexible steel wire rope consisting of 6 strands, each containing 36 wires.","breadcrumb":{"@id":"https:\/\/qingdaohf.com\/product\/6x36-wire-rope\/#breadcrumb"},"inLanguage":"sl-SI","potentialAction":[{"@type":"ReadAction","target":["https:\/\/qingdaohf.com\/product\/6x36-wire-rope\/"]}]},{"@type":"ImageObject","inLanguage":"sl-SI","@id":"https:\/\/qingdaohf.com\/product\/6x36-wire-rope\/#primaryimage","url":"https:\/\/qingdaohf.com\/wp-content\/uploads\/2024\/10\/6x36-IWRC-Bright-Wire-Rope.webp","contentUrl":"https:\/\/qingdaohf.com\/wp-content\/uploads\/2024\/10\/6x36-IWRC-Bright-Wire-Rope.webp","width":744,"height":744,"caption":"6x36 IWRC Wire Rope"},{"@type":"BreadcrumbList","@id":"https:\/\/qingdaohf.com\/product\/6x36-wire-rope\/#breadcrumb","itemListElement":[{"@type":"ListItem","position":1,"name":"Home","item":"https:\/\/qingdaohf.com\/"},{"@type":"ListItem","position":2,"name":"Concrete Forming Accessories and Rigging Hardware","item":"https:\/\/qingdaohf.com\/bg\/?page_id=944"},{"@type":"ListItem","position":3,"name":"6&#215;36 Wire Rope"}]},{"@type":"WebSite","@id":"https:\/\/qingdaohf.com\/bg\/#website","url":"https:\/\/qingdaohf.com\/bg\/","name":"Concrete Form & Rigging Hardware Supplier","description":"","publisher":{"@id":"https:\/\/qingdaohf.com\/bg\/#organization"},"potentialAction":[{"@type":"SearchAction","target":{"@type":"EntryPoint","urlTemplate":"https:\/\/qingdaohf.com\/bg\/?s={search_term_string}"},"query-input":{"@type":"PropertyValueSpecification","valueRequired":true,"valueName":"search_term_string"}}],"inLanguage":"sl-SI"},{"@type":"Organization","@id":"https:\/\/qingdaohf.com\/bg\/#organization","name":"Qingdao H&F","url":"https:\/\/qingdaohf.com\/bg\/","logo":{"@type":"ImageObject","inLanguage":"sl-SI","@id":"https:\/\/qingdaohf.com\/bg\/#\/schema\/logo\/image\/","url":"https:\/\/qingdaohf.com\/wp-content\/uploads\/2022\/12\/cropped-HF-LOGO.png","contentUrl":"https:\/\/qingdaohf.com\/wp-content\/uploads\/2022\/12\/cropped-HF-LOGO.png","width":391,"height":249,"caption":"Qingdao H&F"},"image":{"@id":"https:\/\/qingdaohf.com\/bg\/#\/schema\/logo\/image\/"},"sameAs":["https:\/\/www.facebook.com\/qingdaohf"]}]}},"_links":{"self":[{"href":"https:\/\/qingdaohf.com\/sl\/wp-json\/wp\/v2\/product\/8119","targetHints":{"allow":["GET"]}}],"collection":[{"href":"https:\/\/qingdaohf.com\/sl\/wp-json\/wp\/v2\/product"}],"about":[{"href":"https:\/\/qingdaohf.com\/sl\/wp-json\/wp\/v2\/types\/product"}],"replies":[{"embeddable":true,"href":"https:\/\/qingdaohf.com\/sl\/wp-json\/wp\/v2\/comments?post=8119"}],"version-history":[{"count":1,"href":"https:\/\/qingdaohf.com\/sl\/wp-json\/wp\/v2\/product\/8119\/revisions"}],"predecessor-version":[{"id":8120,"href":"https:\/\/qingdaohf.com\/sl\/wp-json\/wp\/v2\/product\/8119\/revisions\/8120"}],"wp:featuredmedia":[{"embeddable":true,"href":"https:\/\/qingdaohf.com\/sl\/wp-json\/wp\/v2\/media\/8117"}],"wp:attachment":[{"href":"https:\/\/qingdaohf.com\/sl\/wp-json\/wp\/v2\/media?parent=8119"}],"wp:term":[{"taxonomy":"product_brand","embeddable":true,"href":"https:\/\/qingdaohf.com\/sl\/wp-json\/wp\/v2\/product_brand?post=8119"},{"taxonomy":"product_cat","embeddable":true,"href":"https:\/\/qingdaohf.com\/sl\/wp-json\/wp\/v2\/product_cat?post=8119"},{"taxonomy":"product_tag","embeddable":true,"href":"https:\/\/qingdaohf.com\/sl\/wp-json\/wp\/v2\/product_tag?post=8119"}],"curies":[{"name":"wp","href":"https:\/\/api.w.org\/{rel}","templated":true}]}}