{"id":8125,"date":"2024-10-24T17:39:48","date_gmt":"2024-10-24T09:39:48","guid":{"rendered":"http:\/\/qingdaohf.com\/?post_type=product&#038;p=8125"},"modified":"2025-11-13T09:02:55","modified_gmt":"2025-11-13T01:02:55","slug":"6x37-wire-rope","status":"publish","type":"product","link":"https:\/\/qingdaohf.com\/sl\/izdelek\/zicna-vrv-6x37\/","title":{"rendered":"6\u00d737 \u017ei\u010dne vrvi"},"content":{"rendered":"<h3><strong>Kaj je \u017ei\u010dna vrv 6X37<\/strong><\/h3>\n<p>\u017di\u010dna vrv 6X37 je vsestranska in pogosto uporabljena vrsta \u017ei\u010dne vrvi, za katero je zna\u010dilno, da je sestavljena iz \u0161estih pramenov, pri \u010demer je vsak pramen sestavljen iz 37 posameznih \u017eic. Zaradi te sestave je \u017ei\u010dna vrv v primerjavi z drugimi vrstami, kot je 6X19, pro\u017enej\u0161a, zato je idealna za aplikacije, pri katerih sta pomembna upogibanje in pro\u017enost. Zasnova 6X37 omogo\u010da, da je vrv odporna na ve\u010dkratno upogibanje preko jermenic, kar pove\u010duje njeno odpornost proti utrujanju. Zaradi kombinacije trdnosti in pro\u017enosti se \u017ei\u010dna vrv 6X37 pogosto uporablja v panogah, kot so gradbeni\u0161tvo, ladijski promet in rudarstvo.<\/p>\n<p>Vrv je obi\u010dajno izdelana iz visokooglji\u010dnega jekla, ki je znano po svoji trdnosti in vzdr\u017eljivosti. Nekatere razli\u010dice so lahko izdelane tudi iz nerjavnega ali pocinkanega jekla, odvisno od uporabe. Nerjave\u010de jeklo zagotavlja bolj\u0161o odpornost proti koroziji, zlasti v morskih okoljih, medtem ko pocinkano jeklo zagotavlja zmerno za\u0161\u010dito pred rjo po dostopnej\u0161i ceni.<\/p>\n<h3><strong>Obi\u010dajne velikosti in jedra \u017ei\u010dne vrvi 6X37<\/strong><\/h3>\n<p>\u017di\u010dne vrvi se pogosto merijo po premeru, vrsta 6X37 pa je na voljo v razli\u010dnih velikostih, primernih za razli\u010dne aplikacije. Za la\u017eje aplikacije je na primer primerna \u017ei\u010dna vrv 6X37 s premerom 1\/16 palca. Ta velikost se pogosto uporablja v okoljih, kjer je potrebna minimalna nosilnost, vendar sta potrebni pro\u017enost in odpornost proti obrabi, na primer pri manj\u0161ih dvigalih ali lahkih sistemih jermenic. \u010ce pove\u010damo velikost, se vrv 3\/32 palca 6X37 obi\u010dajno uporablja v okoljih, kjer je potrebna nekoliko ve\u010dja nosilnost, ne da bi se pri tem zmanj\u0161ala pro\u017enost. Uporablja se lahko pri gradbenih lestvah ali la\u017ejih operacijah opremljanja.<\/p>\n<p>Z ve\u010danjem premera se pove\u010duje tudi nosilnost \u017ei\u010dne vrvi. \u017di\u010dna vrv 6X37 s premerom 1\/8 palca na primer prenese zmerne obremenitve in se pogosto uporablja pri industrijskih dvi\u017enih nalogah, dvigalih in dvigalnih sistemih. Za te\u017eje obremenitve je primerna vrv 5\/32 palca 6X37, ki zagotavlja precej\u0161njo trdnost in hkrati ohranja pro\u017enost, zato je idealna za uporabo v \u017eerjavih, vitlih ali opremi za poglabljanje vode.<\/p>\n<p><img fetchpriority=\"high\" decoding=\"async\" class=\"alignnone size-full wp-image-8129\" src=\"http:\/\/qingdaohf.com\/wp-content\/uploads\/2024\/10\/6X37-wire-rope.webp\" alt=\"\u017di\u010dna vrv 6X37\" width=\"1338\" height=\"412\" srcset=\"https:\/\/qingdaohf.com\/wp-content\/uploads\/2024\/10\/6X37-wire-rope.webp 1338w, https:\/\/qingdaohf.com\/wp-content\/uploads\/2024\/10\/6X37-wire-rope-300x92.webp 300w, https:\/\/qingdaohf.com\/wp-content\/uploads\/2024\/10\/6X37-wire-rope-1024x315.webp 1024w, https:\/\/qingdaohf.com\/wp-content\/uploads\/2024\/10\/6X37-wire-rope-768x236.webp 768w, https:\/\/qingdaohf.com\/wp-content\/uploads\/2024\/10\/6X37-wire-rope-18x6.webp 18w, https:\/\/qingdaohf.com\/wp-content\/uploads\/2024\/10\/6X37-wire-rope-1000x308.webp 1000w\" sizes=\"(max-width: 1338px) 100vw, 1338px\" \/><\/p>\n<p>\u017di\u010dne vrvi 6X37 so obi\u010dajno na voljo s tremi mo\u017enostmi jedra:<\/p>\n<p><strong>Jedro vlakna (FC):<\/strong> \u017di\u010dne vrvi z vlaknenim jedrom uporabljajo naravna ali sinteti\u010dna vlakna, ki zagotavljajo dodatno pro\u017enost vrvi. \u010ceprav te vrvi niso tako mo\u010dne kot vrvi z \u017ei\u010dnimi jedri, so la\u017eje in bolj upogljive, zato so primerne za posebne aplikacije, pri katerih ima pro\u017enost prednost pred mo\u010djo. Jedro iz vlaken lahko tudi pomaga absorbirati mazivo, kar z zmanj\u0161anjem trenja in obrabe podalj\u0161a \u017eivljenjsko dobo vrvi.<\/p>\n<p><strong>Neodvisno jedro \u017ei\u010dne vrvi (IWRC):<\/strong> To jedro je sestavljeno iz lo\u010dene \u017ei\u010dne vrvi, ki poteka skozi sredino glavne vrvi. IWRC doda trdnost in izbolj\u0161a odpornost vrvi na drobljenje in deformacijo pri velikih obremenitvah. Zagotavlja tudi bolj\u0161o odpornost na visoke temperature, zato so vrvi IWRC 6X37 najprimernej\u0161a izbira za zahtevna industrijska okolja, kot so rudarske ali pomorske takelje.<\/p>\n<p><strong>\u017di\u010dno jedro (WSC):<\/strong> Pri tej konfiguraciji se kot jedro namesto vlaken ali neodvisne vrvi uporablja \u017ei\u010dni pramen. WSC zagotavlja ravnovesje med pro\u017enostjo jedra iz vlaken in trdnostjo IWRC. Obi\u010dajno se uporablja v aplikacijah, ki zahtevajo zmerno pro\u017enost in trdnost, kot so mostni \u017eerjavi ali vitli za velike obremenitve.<\/p>\n<h3><strong>Zna\u010dilnosti materiala in trdnosti<\/strong><\/h3>\n<p>\u017di\u010dna vrv 6X37 je obi\u010dajno izdelana iz visokooglji\u010dnega jekla, ki ji daje mo\u010d, potrebno za delovanje v te\u017ekih okoljih. Ogljikovo jeklo, znano po svoji odli\u010dni natezni trdnosti, zagotavlja, da lahko vrv prenese velike obremenitve, ne da bi se pri tem zlomila ali deformirala. Prav tako je toplotno obdelano, da se izbolj\u0161a njegova \u017eilavost, kar je \u0161e posebej pomembno za aplikacije, ki vklju\u010dujejo ekstremne temperature ali izpostavljenost ostrim elementom.<\/p>\n<p>V primerih, ko je odpornost proti koroziji najpomembnej\u0161a, se lahko uporabijo \u017ei\u010dne vrvi iz nerjavnega jekla 6X37. Nerjave\u010de jeklo je izjemno odporno proti rjavenju in koroziji, zato je idealno za uporabo v pomorstvu, kjer izpostavljenost slani vodi lahko uni\u010di druge materiale. Pocinkana jeklena \u017ei\u010dna vrv 6X37 pa ima za\u0161\u010ditni cinkov premaz, ki pomaga prepre\u010devati rjo, \u010deprav ne zagotavlja enake stopnje odpornosti proti koroziji kot nerjavno jeklo. Vendar so pocinkane mo\u017enosti obi\u010dajno cenovno ugodnej\u0161e.<\/p>\n<p>Ena od zna\u010dilnosti \u017ei\u010dne vrvi 6X37 je njena pro\u017enost. Ve\u010dje \u0161tevilo \u017eic v vsakem pramenu (37) omogo\u010da la\u017eje upogibanje vrvi kot druge konfiguracije, kot je \u017ei\u010dna vrv 6X19, ki ima manj \u017eic na pramen. Zaradi te pro\u017enosti je vrv primerna za uporabo, kjer se bo pogosto upogibala ali kjer se bo morala premikati \u010dez jermenice ali jermenice. Tak\u0161na zasnova pomaga zmanj\u0161ati utrujenost in podalj\u0161ati \u017eivljenjsko dobo vrvi v teh primerih.<\/p>\n<h3><strong>Uporaba \u017ei\u010dne vrvi 6X37<\/strong><\/h3>\n<p>\u017di\u010dna vrv 6X37 se zaradi svoje vsestranskosti uporablja v razli\u010dnih panogah in aplikacijah. V gradbeni\u0161tvu se lahko uporablja za dvigovanje opreme, podpiranje odrov ali pri delu z \u017eerjavom. Zaradi svoje pro\u017enosti in odpornosti proti obrabi je idealna za ponavljajo\u010de se naloge dvigovanja, pri katerih se vrv pogosto upogiba in razteza. Uporablja se tudi v prometnem sektorju, kjer je del okovja na ladjah ali vle\u010dnih vrvi v vozilih.<\/p>\n<p>V pomorski industriji se razli\u010dice \u017ei\u010dne vrvi 6X37 iz nerjave\u010dega jekla pogosto uporabljajo za privezne vrvi, okovje in druge aplikacije, ki zahtevajo odpornost proti koroziji. Vrv je zaradi svoje odpornosti proti ostremu okolju slane vode odli\u010dna izbira za uporabo v pomorstvu. Podobno je raz\u0161irjena tudi njena uporaba v rudarski industriji, kjer se uporablja v dvi\u017eni opremi, vle\u010dnih \u017ei\u010dnicah in za vleko te\u017ekih bremen. Konstrukcija iz visokooglji\u010dnega jekla zagotavlja potrebno trdnost in vzdr\u017eljivost za delovanje v tako zahtevnih okoljih.<\/p>\n<p>Druga pogosta uporaba \u017ei\u010dne vrvi 6X37 je v dvigalih in dvi\u017enih sistemih. Pro\u017enost vrvi zagotavlja nemoteno delovanje, ko se premika po \u0161kripcih in jermenicah, njena trdnost pa omogo\u010da, da vzdr\u017ei te\u017eo kabine dvigala in njenih potnikov. V tem kontekstu je pogosto za\u017eeleno jedro IWRC, saj zagotavlja trdnost in vzdr\u017eljivost, ki sta potrebni za dolgotrajno uporabo v okolju z visokimi obremenitvami.<\/p>\n<h3><strong>Trajnost in vzdr\u017eevanje<\/strong><\/h3>\n<p>\u017di\u010dna vrv 6X37 je zasnovana za vzdr\u017eljivost, zlasti v okoljih, kjer je izpostavljena ponavljajo\u010dim se obremenitvam, upogibanju in elementom. Vendar pa tako kot vse \u017ei\u010dne vrvi zahteva redno vzdr\u017eevanje, da se zagotovi njena dolga \u017eivljenjska doba. Ustrezno mazanje je klju\u010dnega pomena za prepre\u010devanje notranjega trenja med posameznimi \u017eicami in prameni, ki lahko povzro\u010di prezgodnjo obrabo. Vrvi z vlaknenimi jedri \u0161e posebej dobro absorbirajo mazivo, medtem ko je za jedra IWRC in WSC koristna redna uporaba zunanjih maziv.<\/p>\n<p>Redno pregledovanje \u017ei\u010dne vrvi zaradi znakov obrabe, kot so pretrgane \u017eice, korozija ali splo\u0161\u010denost, je bistvenega pomena za ohranjanje varnosti in u\u010dinkovitosti. Zaradi svoje pro\u017enosti je vrv odporna proti utrujanju, vendar se s\u010dasoma tudi pri najbolj trpe\u017enih \u017ei\u010dnih vrveh pojavijo dolo\u010dene po\u0161kodbe. Z upo\u0161tevanjem proizvajal\u010devih smernic za pregled in zamenjavo boste zagotovili, da bo vrv \u010dim dlje ostala v optimalnem stanju.<\/p>\n<h3><strong>Zaklju\u010dek<\/strong><\/h3>\n<p>\u017di\u010dna vrv 6X37 je odli\u010dna izbira za \u0161tevilne industrijske in komercialne aplikacije zaradi svoje kombinacije pro\u017enosti, trdnosti in vzdr\u017eljivosti. Na voljo je v razli\u010dnih velikostih, kot so 1\/16 palca, 3\/32 palca, 1\/8 palca in 5\/32 palca, zato jo je mogo\u010de prilagoditi posebnim potrebam razli\u010dnih dejavnosti. \u017di\u010dna vrv 6X37 zagotavlja zmogljivost in zanesljivost, ki sta potrebni za varno in u\u010dinkovito opravljanje dela, ne glede na to, ali se uporablja v gradbeni\u0161tvu, morskih okoljih ali opremi za dvigovanje te\u017ekih tovorov. S pravim jedrom in ustreznim vzdr\u017eevanjem lahko zagotavlja dolgotrajno delovanje tudi v najzahtevnej\u0161ih razmerah.<\/p>","protected":false},"excerpt":{"rendered":"<p>\u017di\u010dna vrv 6X37 je fleksibilna, ve\u010dnitna \u017ei\u010dna vrv, ki se pogosto uporablja v razli\u010dnih industrijskih in komercialnih aplikacijah. Obi\u010dajno je izdelana iz visokokakovostnega ogljikovega jekla in je na voljo v razli\u010dnih velikostih, kot so 1\/16 palca, 1\/8 palca in 5\/32 palca. Vrv ima ve\u010dje \u0161tevilo \u017eic na pramen, kar zagotavlja odli\u010dno pro\u017enost in odpornost proti utrujanju. Na voljo je z razli\u010dnimi vrstami jedra, kot so vlakneno jedro (FC), neodvisno jedro \u017ei\u010dne vrvi (IWRC) ali jedro iz \u017ei\u010dnih pramenov (WSC), od katerih ima vsako edinstvene prednosti, odvisno od predvidene uporabe.<\/p>","protected":false},"featured_media":8126,"comment_status":"open","ping_status":"closed","template":"","meta":{"site-sidebar-layout":"default","site-content-layout":"","ast-site-content-layout":"default","site-content-style":"default","site-sidebar-style":"default","ast-global-header-display":"","ast-banner-title-visibility":"","ast-main-header-display":"","ast-hfb-above-header-display":"","ast-hfb-below-header-display":"","ast-hfb-mobile-header-display":"","site-post-title":"","ast-breadcrumbs-content":"","ast-featured-img":"","footer-sml-layout":"","theme-transparent-header-meta":"default","adv-header-id-meta":"","stick-header-meta":"default","header-above-stick-meta":"","header-main-stick-meta":"","header-below-stick-meta":"","astra-migrate-meta-layouts":"set","ast-page-background-enabled":"default","ast-page-background-meta":{"desktop":{"background-color":"","background-image":"","background-repeat":"repeat","background-position":"center center","background-size":"auto","background-attachment":"scroll","background-type":"","background-media":"","overlay-type":"","overlay-color":"","overlay-opacity":"","overlay-gradient":""},"tablet":{"background-color":"","background-image":"","background-repeat":"repeat","background-position":"center center","background-size":"auto","background-attachment":"scroll","background-type":"","background-media":"","overlay-type":"","overlay-color":"","overlay-opacity":"","overlay-gradient":""},"mobile":{"background-color":"","background-image":"","background-repeat":"repeat","background-position":"center center","background-size":"auto","background-attachment":"scroll","background-type":"","background-media":"","overlay-type":"","overlay-color":"","overlay-opacity":"","overlay-gradient":""}},"ast-content-background-meta":{"desktop":{"background-color":"var(--ast-global-color-5)","background-image":"","background-repeat":"repeat","background-position":"center center","background-size":"auto","background-attachment":"scroll","background-type":"","background-media":"","overlay-type":"","overlay-color":"","overlay-opacity":"","overlay-gradient":""},"tablet":{"background-color":"var(--ast-global-color-5)","background-image":"","background-repeat":"repeat","background-position":"center center","background-size":"auto","background-attachment":"scroll","background-type":"","background-media":"","overlay-type":"","overlay-color":"","overlay-opacity":"","overlay-gradient":""},"mobile":{"background-color":"var(--ast-global-color-5)","background-image":"","background-repeat":"repeat","background-position":"center center","background-size":"auto","background-attachment":"scroll","background-type":"","background-media":"","overlay-type":"","overlay-color":"","overlay-opacity":"","overlay-gradient":""}}},"product_brand":[],"product_cat":[37],"product_tag":[89],"class_list":{"0":"post-8125","1":"product","2":"type-product","3":"status-publish","4":"has-post-thumbnail","6":"product_cat-wire-rope","7":"product_tag-wire-rope","8":"desktop-align-left","9":"tablet-align-left","10":"mobile-align-left","11":"ast-product-gallery-layout-horizontal-slider","12":"ast-product-gallery-with-no-image","13":"ast-product-tabs-layout-horizontal","15":"first","16":"instock","17":"shipping-taxable","18":"purchasable","19":"product-type-simple"},"yoast_head":"<!-- This site is optimized with the Yoast SEO plugin v25.2 - https:\/\/yoast.com\/wordpress\/plugins\/seo\/ -->\n<title>6x37 Wire Rope<\/title>\n<meta name=\"description\" content=\"6X37 wire rope is a flexible, multi-strand wire rope commonly used in various industrial and commercial applications.\" \/>\n<meta name=\"robots\" content=\"index, follow, max-snippet:-1, max-image-preview:large, max-video-preview:-1\" \/>\n<link rel=\"canonical\" href=\"https:\/\/qingdaohf.com\/sl\/izdelek\/zicna-vrv-6x37\/\" \/>\n<meta property=\"og:locale\" content=\"sl_SI\" \/>\n<meta property=\"og:type\" content=\"article\" \/>\n<meta property=\"og:title\" content=\"6x37 Wire Rope\" \/>\n<meta property=\"og:description\" content=\"6X37 wire rope is a flexible, multi-strand wire rope commonly used in various industrial and commercial applications.\" \/>\n<meta property=\"og:url\" content=\"https:\/\/qingdaohf.com\/sl\/izdelek\/zicna-vrv-6x37\/\" \/>\n<meta property=\"og:site_name\" content=\"Concrete Form &amp; Rigging Hardware Supplier\" \/>\n<meta property=\"article:publisher\" content=\"https:\/\/www.facebook.com\/qingdaohf\" \/>\n<meta property=\"article:modified_time\" content=\"2025-11-13T01:02:55+00:00\" \/>\n<meta property=\"og:image\" content=\"https:\/\/qingdaohf.com\/wp-content\/uploads\/2024\/10\/6x37-FC-WIRE-ROPE.webp\" \/>\n\t<meta property=\"og:image:width\" content=\"744\" \/>\n\t<meta property=\"og:image:height\" content=\"744\" \/>\n\t<meta property=\"og:image:type\" content=\"image\/webp\" \/>\n<meta name=\"twitter:card\" content=\"summary_large_image\" \/>\n<meta name=\"twitter:label1\" content=\"Est. reading time\" \/>\n\t<meta name=\"twitter:data1\" content=\"6 minut\" \/>\n<script type=\"application\/ld+json\" class=\"yoast-schema-graph\">{\"@context\":\"https:\/\/schema.org\",\"@graph\":[{\"@type\":\"WebPage\",\"@id\":\"https:\/\/qingdaohf.com\/product\/6x37-wire-rope\/\",\"url\":\"https:\/\/qingdaohf.com\/product\/6x37-wire-rope\/\",\"name\":\"6x37 Wire Rope\",\"isPartOf\":{\"@id\":\"https:\/\/qingdaohf.com\/bg\/#website\"},\"primaryImageOfPage\":{\"@id\":\"https:\/\/qingdaohf.com\/product\/6x37-wire-rope\/#primaryimage\"},\"image\":{\"@id\":\"https:\/\/qingdaohf.com\/product\/6x37-wire-rope\/#primaryimage\"},\"thumbnailUrl\":\"https:\/\/qingdaohf.com\/wp-content\/uploads\/2024\/10\/6x37-FC-WIRE-ROPE.webp\",\"datePublished\":\"2024-10-24T09:39:48+00:00\",\"dateModified\":\"2025-11-13T01:02:55+00:00\",\"description\":\"6X37 wire rope is a flexible, multi-strand wire rope commonly used in various industrial and commercial applications.\",\"breadcrumb\":{\"@id\":\"https:\/\/qingdaohf.com\/product\/6x37-wire-rope\/#breadcrumb\"},\"inLanguage\":\"sl-SI\",\"potentialAction\":[{\"@type\":\"ReadAction\",\"target\":[\"https:\/\/qingdaohf.com\/product\/6x37-wire-rope\/\"]}]},{\"@type\":\"ImageObject\",\"inLanguage\":\"sl-SI\",\"@id\":\"https:\/\/qingdaohf.com\/product\/6x37-wire-rope\/#primaryimage\",\"url\":\"https:\/\/qingdaohf.com\/wp-content\/uploads\/2024\/10\/6x37-FC-WIRE-ROPE.webp\",\"contentUrl\":\"https:\/\/qingdaohf.com\/wp-content\/uploads\/2024\/10\/6x37-FC-WIRE-ROPE.webp\",\"width\":744,\"height\":744,\"caption\":\"6x37 FC WIRE ROPE\"},{\"@type\":\"BreadcrumbList\",\"@id\":\"https:\/\/qingdaohf.com\/product\/6x37-wire-rope\/#breadcrumb\",\"itemListElement\":[{\"@type\":\"ListItem\",\"position\":1,\"name\":\"Home\",\"item\":\"https:\/\/qingdaohf.com\/\"},{\"@type\":\"ListItem\",\"position\":2,\"name\":\"Concrete Forming Accessories and Rigging Hardware\",\"item\":\"https:\/\/qingdaohf.com\/bg\/?page_id=944\"},{\"@type\":\"ListItem\",\"position\":3,\"name\":\"6&#215;37 Wire Rope\"}]},{\"@type\":\"WebSite\",\"@id\":\"https:\/\/qingdaohf.com\/bg\/#website\",\"url\":\"https:\/\/qingdaohf.com\/bg\/\",\"name\":\"Concrete Form & Rigging Hardware Supplier\",\"description\":\"\",\"publisher\":{\"@id\":\"https:\/\/qingdaohf.com\/bg\/#organization\"},\"potentialAction\":[{\"@type\":\"SearchAction\",\"target\":{\"@type\":\"EntryPoint\",\"urlTemplate\":\"https:\/\/qingdaohf.com\/bg\/?s={search_term_string}\"},\"query-input\":{\"@type\":\"PropertyValueSpecification\",\"valueRequired\":true,\"valueName\":\"search_term_string\"}}],\"inLanguage\":\"sl-SI\"},{\"@type\":\"Organization\",\"@id\":\"https:\/\/qingdaohf.com\/bg\/#organization\",\"name\":\"Qingdao H&F\",\"url\":\"https:\/\/qingdaohf.com\/bg\/\",\"logo\":{\"@type\":\"ImageObject\",\"inLanguage\":\"sl-SI\",\"@id\":\"https:\/\/qingdaohf.com\/bg\/#\/schema\/logo\/image\/\",\"url\":\"https:\/\/qingdaohf.com\/wp-content\/uploads\/2022\/12\/cropped-HF-LOGO.png\",\"contentUrl\":\"https:\/\/qingdaohf.com\/wp-content\/uploads\/2022\/12\/cropped-HF-LOGO.png\",\"width\":391,\"height\":249,\"caption\":\"Qingdao H&F\"},\"image\":{\"@id\":\"https:\/\/qingdaohf.com\/bg\/#\/schema\/logo\/image\/\"},\"sameAs\":[\"https:\/\/www.facebook.com\/qingdaohf\"]}]}<\/script>\n<!-- \/ Yoast SEO plugin. -->","yoast_head_json":{"title":"6x37 Wire Rope","description":"6X37 wire rope is a flexible, multi-strand wire rope commonly used in various industrial and commercial applications.","robots":{"index":"index","follow":"follow","max-snippet":"max-snippet:-1","max-image-preview":"max-image-preview:large","max-video-preview":"max-video-preview:-1"},"canonical":"https:\/\/qingdaohf.com\/sl\/izdelek\/zicna-vrv-6x37\/","og_locale":"sl_SI","og_type":"article","og_title":"6x37 Wire Rope","og_description":"6X37 wire rope is a flexible, multi-strand wire rope commonly used in various industrial and commercial applications.","og_url":"https:\/\/qingdaohf.com\/sl\/izdelek\/zicna-vrv-6x37\/","og_site_name":"Concrete Form &amp; Rigging Hardware Supplier","article_publisher":"https:\/\/www.facebook.com\/qingdaohf","article_modified_time":"2025-11-13T01:02:55+00:00","og_image":[{"width":744,"height":744,"url":"https:\/\/qingdaohf.com\/wp-content\/uploads\/2024\/10\/6x37-FC-WIRE-ROPE.webp","type":"image\/webp"}],"twitter_card":"summary_large_image","twitter_misc":{"Est. reading time":"6 minut"},"schema":{"@context":"https:\/\/schema.org","@graph":[{"@type":"WebPage","@id":"https:\/\/qingdaohf.com\/product\/6x37-wire-rope\/","url":"https:\/\/qingdaohf.com\/product\/6x37-wire-rope\/","name":"6x37 Wire Rope","isPartOf":{"@id":"https:\/\/qingdaohf.com\/bg\/#website"},"primaryImageOfPage":{"@id":"https:\/\/qingdaohf.com\/product\/6x37-wire-rope\/#primaryimage"},"image":{"@id":"https:\/\/qingdaohf.com\/product\/6x37-wire-rope\/#primaryimage"},"thumbnailUrl":"https:\/\/qingdaohf.com\/wp-content\/uploads\/2024\/10\/6x37-FC-WIRE-ROPE.webp","datePublished":"2024-10-24T09:39:48+00:00","dateModified":"2025-11-13T01:02:55+00:00","description":"6X37 wire rope is a flexible, multi-strand wire rope commonly used in various industrial and commercial applications.","breadcrumb":{"@id":"https:\/\/qingdaohf.com\/product\/6x37-wire-rope\/#breadcrumb"},"inLanguage":"sl-SI","potentialAction":[{"@type":"ReadAction","target":["https:\/\/qingdaohf.com\/product\/6x37-wire-rope\/"]}]},{"@type":"ImageObject","inLanguage":"sl-SI","@id":"https:\/\/qingdaohf.com\/product\/6x37-wire-rope\/#primaryimage","url":"https:\/\/qingdaohf.com\/wp-content\/uploads\/2024\/10\/6x37-FC-WIRE-ROPE.webp","contentUrl":"https:\/\/qingdaohf.com\/wp-content\/uploads\/2024\/10\/6x37-FC-WIRE-ROPE.webp","width":744,"height":744,"caption":"6x37 FC WIRE ROPE"},{"@type":"BreadcrumbList","@id":"https:\/\/qingdaohf.com\/product\/6x37-wire-rope\/#breadcrumb","itemListElement":[{"@type":"ListItem","position":1,"name":"Home","item":"https:\/\/qingdaohf.com\/"},{"@type":"ListItem","position":2,"name":"Concrete Forming Accessories and Rigging Hardware","item":"https:\/\/qingdaohf.com\/bg\/?page_id=944"},{"@type":"ListItem","position":3,"name":"6&#215;37 Wire Rope"}]},{"@type":"WebSite","@id":"https:\/\/qingdaohf.com\/bg\/#website","url":"https:\/\/qingdaohf.com\/bg\/","name":"Concrete Form & Rigging Hardware Supplier","description":"","publisher":{"@id":"https:\/\/qingdaohf.com\/bg\/#organization"},"potentialAction":[{"@type":"SearchAction","target":{"@type":"EntryPoint","urlTemplate":"https:\/\/qingdaohf.com\/bg\/?s={search_term_string}"},"query-input":{"@type":"PropertyValueSpecification","valueRequired":true,"valueName":"search_term_string"}}],"inLanguage":"sl-SI"},{"@type":"Organization","@id":"https:\/\/qingdaohf.com\/bg\/#organization","name":"Qingdao H&F","url":"https:\/\/qingdaohf.com\/bg\/","logo":{"@type":"ImageObject","inLanguage":"sl-SI","@id":"https:\/\/qingdaohf.com\/bg\/#\/schema\/logo\/image\/","url":"https:\/\/qingdaohf.com\/wp-content\/uploads\/2022\/12\/cropped-HF-LOGO.png","contentUrl":"https:\/\/qingdaohf.com\/wp-content\/uploads\/2022\/12\/cropped-HF-LOGO.png","width":391,"height":249,"caption":"Qingdao H&F"},"image":{"@id":"https:\/\/qingdaohf.com\/bg\/#\/schema\/logo\/image\/"},"sameAs":["https:\/\/www.facebook.com\/qingdaohf"]}]}},"_links":{"self":[{"href":"https:\/\/qingdaohf.com\/sl\/wp-json\/wp\/v2\/product\/8125","targetHints":{"allow":["GET"]}}],"collection":[{"href":"https:\/\/qingdaohf.com\/sl\/wp-json\/wp\/v2\/product"}],"about":[{"href":"https:\/\/qingdaohf.com\/sl\/wp-json\/wp\/v2\/types\/product"}],"replies":[{"embeddable":true,"href":"https:\/\/qingdaohf.com\/sl\/wp-json\/wp\/v2\/comments?post=8125"}],"version-history":[{"count":4,"href":"https:\/\/qingdaohf.com\/sl\/wp-json\/wp\/v2\/product\/8125\/revisions"}],"predecessor-version":[{"id":8131,"href":"https:\/\/qingdaohf.com\/sl\/wp-json\/wp\/v2\/product\/8125\/revisions\/8131"}],"wp:featuredmedia":[{"embeddable":true,"href":"https:\/\/qingdaohf.com\/sl\/wp-json\/wp\/v2\/media\/8126"}],"wp:attachment":[{"href":"https:\/\/qingdaohf.com\/sl\/wp-json\/wp\/v2\/media?parent=8125"}],"wp:term":[{"taxonomy":"product_brand","embeddable":true,"href":"https:\/\/qingdaohf.com\/sl\/wp-json\/wp\/v2\/product_brand?post=8125"},{"taxonomy":"product_cat","embeddable":true,"href":"https:\/\/qingdaohf.com\/sl\/wp-json\/wp\/v2\/product_cat?post=8125"},{"taxonomy":"product_tag","embeddable":true,"href":"https:\/\/qingdaohf.com\/sl\/wp-json\/wp\/v2\/product_tag?post=8125"}],"curies":[{"name":"wp","href":"https:\/\/api.w.org\/{rel}","templated":true}]}}