{"id":8136,"date":"2024-10-24T18:02:50","date_gmt":"2024-10-24T10:02:50","guid":{"rendered":"http:\/\/qingdaohf.com\/?post_type=product&#038;p=8136"},"modified":"2025-11-13T09:02:54","modified_gmt":"2025-11-13T01:02:54","slug":"7x19-wire-rope","status":"publish","type":"product","link":"https:\/\/qingdaohf.com\/sl\/izdelek\/zicna-vrv-7x19\/","title":{"rendered":"7\u00d719 \u017ei\u010dne vrvi"},"content":{"rendered":"<div class=\"flex max-w-full flex-col flex-grow\">\n<div class=\"min-h-8 text-message flex w-full flex-col items-end gap-2 whitespace-normal break-words [.text-message+&amp;]:mt-5\" dir=\"auto\" data-message-author-role=\"assistant\" data-message-id=\"433aa721-79fe-4c11-be83-ec5599ef1987\" data-message-model-slug=\"gpt-4o\">\n<div class=\"flex w-full flex-col gap-1 empty:hidden first:pt-[3px]\">\n<div class=\"markdown prose w-full break-words dark:prose-invert light\">\n<h3>Kaj je \u017ei\u010dna vrv 7\u00d719?<\/h3>\n<p>\u017di\u010dna vrv 7\u00d719 je zelo pro\u017een in trpe\u017een kabel, sestavljen predvsem iz sedmih snopov \u017ei\u010dnih pramenov, od katerih vsak vsebuje 19 posameznih \u017eic. Ta zasnova daje vrvi edinstveno kombinacijo trdnosti in pro\u017enosti, zato je priljubljena izbira za \u0161tevilne aplikacije, od morskih okolij do industrijskih strojev. Konfiguracija teh pramenov zagotavlja, da je vrv zmo\u017ena prenesti velike obremenitve, hkrati pa pod pritiskom ohranja strukturno celovitost.<\/p>\n<p>Vsestranskost \u017ei\u010dne vrvi je ena njenih najbolj privla\u010dnih lastnosti, zlasti v panogah, kjer se morajo kabli pogosto premikati ali upogibati. V nasprotju z bolj togimi izvedbami, kot je \u017ei\u010dna vrv 1 \u00d7 19, konfiguracija 7 \u00d7 19 zagotavlja vrhunsko prilagodljivost, ne da bi pri tem ogrozila natezno trdnost. \u017di\u010dna vrv 7\u00d719 je obi\u010dajno izdelana iz visokokakovostnih materialov, kot sta nerjavno ali pocinkano jeklo, in je zasnovana tako, da je odporna proti koroziji, zato je primerna za uporabo v zaprtih prostorih in na prostem. \u017di\u010dna vrv 7\u00d719 se odli\u010dno obnese v okoljih, kjer sta pro\u017enost in vzdr\u017eljivost najpomembnej\u0161i, ne glede na to, ali se uporablja v vitlih, \u017eerjavih ali kontrolnih kablih letal.<\/p>\n<h3>Material in konstrukcija<\/h3>\n<p>\u017di\u010dna vrv 7 \u00d7 19 je obi\u010dajno na voljo iz dveh osnovnih materialov: nerjavnega jekla in pocinkanega jekla. \u017di\u010dna vrv iz nerjavnega jekla je primernej\u0161a za aplikacije, ki zahtevajo visoko odpornost proti koroziji, zlasti v okoljih, ki so izpostavljena vlagi, kemikalijam ali slani vodi. Zaradi tega je priljubljena izbira za pomorsko industrijo, kjer rja in korozija lahko hitro uni\u010dita manj trpe\u017ene materiale. Po drugi strani je pocinkana jeklena \u017ei\u010dna vrv prevle\u010dena s plastjo cinka, ki zagotavlja raven odpornosti proti koroziji, hkrati pa ohranja stro\u0161kovno u\u010dinkovitost za aplikacije, ki niso izpostavljene ostrim okoljskim pogojem.<\/p>\n<p>Strukturna zasnova \u017ei\u010dne vrvi 7 \u00d7 19 je sestavljena iz sedmih pramenov, od katerih je vsak sestavljen iz 19 \u017eic. Ta oblika pove\u010da pro\u017enost vrvi, ne da bi se pri tem zmanj\u0161ala njena trdnost. V primerjavi s konstrukcijo, kot je 1\u00d719, pri kateri je gibljivost enega samega pramena omejena, 7\u00d719 zagotavlja ve\u010djo upogljivost, zato je idealna za primere, ko se mora vrv upogibati okoli jermenic ali pre\u010dkati ukrivljene povr\u0161ine. Pro\u017enost \u017ei\u010dne vrvi 7\u00d719 zmanj\u0161uje tudi verjetnost pregibanja ali po\u0161kodb zaradi utrujenosti, kar zagotavlja dalj\u0161o \u017eivljenjsko dobo v dinami\u010dnih aplikacijah.<\/p>\n<p>Poleg zunanje konstrukcije ima klju\u010dno vlogo pri delovanju \u017ei\u010dne vrvi tudi njeno jedro. \u017di\u010dna vrv 7\u00d719 je na voljo z dvema vrstama jeder: vlaknenimi jedri (FC) in neodvisnimi jedri \u017ei\u010dne vrvi (IWRC). Vlakneno jedro, ki je obi\u010dajno izdelano iz sinteti\u010dnih ali naravnih vlaken, pove\u010da pro\u017enost, zaradi \u010desar je vrv bolj upogljiva, vendar nekoliko \u0161ibkej\u0161a. IWRC, obi\u010dajno jeklena \u017ei\u010dna vrv majhnega premera, zagotavlja ve\u010djo trdnost in odpornost proti drobljenju, zato je primernej\u0161a za uporabo pri ve\u010djih obremenitvah. Izbira med jedrom iz vlaken in IWRC je odvisna od konkretne uporabe, pri \u010demer je IWRC prednostna mo\u017enost za industrijsko uporabo, jedra iz vlaken pa so pogostej\u0161a v primerih, ko je potrebna ve\u010dja pro\u017enost kot nosilnost.<\/p>\n<h3>Obi\u010dajne velikosti in uporaba<\/h3>\n<p>\u017di\u010dna vrv 7\u00d719 je na voljo v razli\u010dnih velikostih, ki ustrezajo razli\u010dnim aplikacijam. Nekatere najpogostej\u0161e velikosti vklju\u010dujejo:<\/p>\n<p><strong>\u017di\u010dna vrv 1\/16 palca 7\u00d719:<\/strong> Ta velikost se pogosto uporablja za manj zahtevna opravila. Zaradi majhnega premera je idealen za natan\u010dna dela, kot so krmilni kabli, kolesarski kabli in celo v nekaterih letalskih operacijah, kjer sta potrebna natan\u010den nadzor in prilagodljivost. Kljub majhnosti \u017ei\u010dna vrv 1\/16 palca 7 \u00d7 19 ohranja impresivno natezno trdnost zaradi svoje ve\u010dnitne konstrukcije, kar zagotavlja zanesljivost pri nalogah, ki zahtevajo tako ob\u010dutljivost kot vzdr\u017eljivost.<\/p>\n<p><strong>\u017di\u010dna vrv 3\/32 palca 7 \u00d7 19:<\/strong> Ta nekoliko ve\u010dja velikost je primerna za aplikacije, kjer je potrebno ravnovesje med pro\u017enostjo in mo\u010djo. Pogosto se uporablja v arhitekturi, kot so ograje in ovire, ter pri la\u017ejih nalogah v pomorstvu. Zaradi dodatne debeline je \u017ei\u010dna vrv 3\/32 palca bolj pro\u017ena kot manj\u0161i premeri, vendar \u0161e vedno zagotavlja odli\u010dno pro\u017enost za jermenice in podobne mehanizme.<\/p>\n<p><strong>1\/8 palca 7\u00d719 \u017ei\u010dne vrvi:<\/strong> \u017di\u010dna vrv velikosti 1\/8 palca je zelo vsestranska in se pogosto uporablja v splo\u0161nih industrijskih in pomorskih aplikacijah. Je dovolj trpe\u017ena za zmerna dvigovanja in se dobro obnese v vitlih, nosilnih \u017eicah ter celo v vise\u010dih mostovih in konstrukcijah. Zaradi odpornosti proti koroziji, zlasti \u010de je izdelana iz nerjavnega jekla, je priljubljena izbira v okoljih, kjer je izpostavljenost elementom problemati\u010dna.<\/p>\n<p><strong>\u017di\u010dna vrv 5\/32 palca 7 \u00d7 19:<\/strong> Ta velikost zagotavlja \u0161e ve\u010djo trdnost, hkrati pa ohranja pro\u017enost, zato je idealna za te\u017eka opravila. Pogosto se uporablja v gradbeni\u0161tvu, dvigalih in \u017eerjavih, kjer je treba dvigniti ali premakniti velike tovore. Ve\u010dji premer zagotavlja, da lahko \u017ei\u010dna vrv 5\/32 palca prenese veliko napetost, ne da bi se deformirala ali prezgodaj obrabila, kar je klju\u010dnega pomena za varnost pri velikih obremenitvah.<\/p>\n<p>Izbira ustrezne velikosti \u017ei\u010dne vrvi 7 \u00d7 19 je v veliki meri odvisna od posebnih zahtev glede obremenitve in okoljskih pogojev uporabe. Manj\u0161e velikosti, kot sta 1\/16 palca ali 3\/32 palca, so odli\u010dne pri natan\u010dnih nalogah, medtem ko so ve\u010dje velikosti, kot sta 1\/8 palca in 5\/32 palca, primernej\u0161e za te\u017eke operacije, ki zahtevajo tako pro\u017enost kot trdnost.<\/p>\n<h3>Vsestranska uporaba<\/h3>\n<p>Ena najpomembnej\u0161ih prednosti \u017ei\u010dne vrvi 7\u00d719 je njena prilagodljivost v \u0161tevilnih panogah. Zaradi kombinacije mo\u010di in pro\u017enosti je vrv nepogre\u0161ljiva v sektorjih, kot so letalstvo, gradbeni\u0161tvo, pomorstvo in arhitektura.<\/p>\n<p>V letalstvu se \u017ei\u010dna vrv 7 \u00d7 19 pogosto uporablja za krmilne kable in sisteme za okovje letal. Njena izjemna pro\u017enost ji omogo\u010da, da se upogne in gladko premika skozi jermenice in okoli vogalov, ne da bi pri tem tvegala zvijanje ali po\u0161kodbe. Trpe\u017enost materiala zagotavlja, da je kos obremenitvam in obremenitvam, ki jih povzro\u010dajo hitri leti, vibracije in temperaturne spremembe.<\/p>\n<p>V pomorski industriji je \u017ei\u010dna vrv iz nerjavnega jekla 7 \u00d7 19 najprimernej\u0161i material za okovje, priveze in dvigala. Zaradi odpornosti proti koroziji in zmo\u017enosti prena\u0161anja te\u017ekih obremenitev je vrv idealna za uporabo v te\u017ekih okoljih s slano vodo. Pro\u017enost konstrukcije 7\u00d719 zmanj\u0161uje tudi obrabo jermenic in druge opreme, kar je \u0161e posebej koristno v okoljih, kjer je oprema v stalni uporabi.<\/p>\n<p>V gradbeni\u0161tvu se \u017ei\u010dna vrv 7 \u00d7 19 uporablja za dvigovanje in pritrjevanje te\u017ekih materialov. Zaradi svoje sposobnosti, da prenese velike obremenitve brez deformacij, je bistvena sestavina \u017eerjavov, dvigal in drugih gradbenih strojev. Pro\u017enost \u017ei\u010dne vrvi zagotavlja, da se lahko gladko premika skozi opremo, kar zmanj\u0161uje obrabo tako vrvi kot strojev, s katerimi je v stiku.<\/p>\n<p>V arhitekturi so estetske in funkcionalne lastnosti \u017ei\u010dne vrvi 7 \u00d7 19 zelo cenjene. Pogosto se uporablja v sistemih kabelskih ograj, napetostnih konstrukcijah in vise\u010dih mostovih, kjer je zaradi svojega \u010distega, sodobnega videza in trdnosti idealen material. \u017di\u010dna vrv 7\u00d719 iz nerjavnega jekla je cenjena zlasti zaradi svoje sposobnosti ohranjanja elegantnega videza brez rje, hkrati pa zagotavlja potrebno natezno trdnost za varno podporo konstrukcij.<\/p>\n<h3>Zaklju\u010dek<\/h3>\n<p>\u017di\u010dna vrv 7 \u00d7 19 je izjemen primer in\u017eenirske vsestranskosti. Edinstvena konfiguracija sedmih pramenov, od katerih vsak vsebuje 19 \u017eic, omogo\u010da zdru\u017eitev trdnosti, pro\u017enosti in vzdr\u017eljivosti na na\u010din, ki ga lahko dose\u017ee le malo drugih materialov. \u017di\u010dna vrv je na voljo v razli\u010dnih velikostih, vklju\u010dno z 1\/16 palca, 3\/32 palca, 1\/8 palca in 5\/32 palca, in ponuja vrsto re\u0161itev za lahke in te\u017eke aplikacije v razli\u010dnih panogah. Ne glede na to, ali se uporablja v morskih okoljih, industrijskih strojih ali arhitekturnih projektih, \u017ei\u010dna vrv 7\u00d719 dosledno zagotavlja zmogljivost, ki je potrebna za izpolnjevanje zahtevnih operativnih zahtev.<\/p>\n<\/div>\n<\/div>\n<\/div>\n<\/div>","protected":false},"excerpt":{"rendered":"<p>\u017di\u010dna vrv 7 \u00d7 19 je vsestranski, pro\u017eni kabel, ki se pogosto uporablja v panogah, ki zahtevajo mo\u010d in vzdr\u017eljivost. Ta vrv je izdelana iz sedmih pramenov, od katerih vsak vsebuje 19 posameznih \u017eic, zato je v primerjavi z drugimi konstrukcijami \u017ei\u010dnih vrvi zelo prilagodljiva. Obi\u010dajno je izdelana iz visokokakovostnega nerjavnega ali pocinkanega jekla in je na voljo v razli\u010dnih velikostih, kot so 1\/16 palca, 3\/32 palca in 5\/32 palca. Jedra so lahko izdelana iz jekla ali vlaken, odvisno od posebnih zahtev glede nosilnosti, pro\u017enosti in okoljskih pogojev.<\/p>","protected":false},"featured_media":8137,"comment_status":"open","ping_status":"closed","template":"","meta":{"site-sidebar-layout":"default","site-content-layout":"","ast-site-content-layout":"default","site-content-style":"default","site-sidebar-style":"default","ast-global-header-display":"","ast-banner-title-visibility":"","ast-main-header-display":"","ast-hfb-above-header-display":"","ast-hfb-below-header-display":"","ast-hfb-mobile-header-display":"","site-post-title":"","ast-breadcrumbs-content":"","ast-featured-img":"","footer-sml-layout":"","theme-transparent-header-meta":"default","adv-header-id-meta":"","stick-header-meta":"default","header-above-stick-meta":"","header-main-stick-meta":"","header-below-stick-meta":"","astra-migrate-meta-layouts":"set","ast-page-background-enabled":"default","ast-page-background-meta":{"desktop":{"background-color":"","background-image":"","background-repeat":"repeat","background-position":"center center","background-size":"auto","background-attachment":"scroll","background-type":"","background-media":"","overlay-type":"","overlay-color":"","overlay-opacity":"","overlay-gradient":""},"tablet":{"background-color":"","background-image":"","background-repeat":"repeat","background-position":"center center","background-size":"auto","background-attachment":"scroll","background-type":"","background-media":"","overlay-type":"","overlay-color":"","overlay-opacity":"","overlay-gradient":""},"mobile":{"background-color":"","background-image":"","background-repeat":"repeat","background-position":"center center","background-size":"auto","background-attachment":"scroll","background-type":"","background-media":"","overlay-type":"","overlay-color":"","overlay-opacity":"","overlay-gradient":""}},"ast-content-background-meta":{"desktop":{"background-color":"var(--ast-global-color-5)","background-image":"","background-repeat":"repeat","background-position":"center center","background-size":"auto","background-attachment":"scroll","background-type":"","background-media":"","overlay-type":"","overlay-color":"","overlay-opacity":"","overlay-gradient":""},"tablet":{"background-color":"var(--ast-global-color-5)","background-image":"","background-repeat":"repeat","background-position":"center center","background-size":"auto","background-attachment":"scroll","background-type":"","background-media":"","overlay-type":"","overlay-color":"","overlay-opacity":"","overlay-gradient":""},"mobile":{"background-color":"var(--ast-global-color-5)","background-image":"","background-repeat":"repeat","background-position":"center center","background-size":"auto","background-attachment":"scroll","background-type":"","background-media":"","overlay-type":"","overlay-color":"","overlay-opacity":"","overlay-gradient":""}}},"product_brand":[],"product_cat":[37],"product_tag":[89],"class_list":{"0":"post-8136","1":"product","2":"type-product","3":"status-publish","4":"has-post-thumbnail","6":"product_cat-wire-rope","7":"product_tag-wire-rope","8":"desktop-align-left","9":"tablet-align-left","10":"mobile-align-left","11":"ast-product-gallery-layout-horizontal-slider","12":"ast-product-gallery-with-no-image","13":"ast-product-tabs-layout-horizontal","15":"first","16":"instock","17":"shipping-taxable","18":"purchasable","19":"product-type-simple"},"yoast_head":"<!-- This site is optimized with the Yoast SEO plugin v25.2 - https:\/\/yoast.com\/wordpress\/plugins\/seo\/ -->\n<title>7x19 Wire Rope<\/title>\n<meta name=\"robots\" content=\"index, follow, max-snippet:-1, max-image-preview:large, max-video-preview:-1\" \/>\n<link rel=\"canonical\" href=\"https:\/\/qingdaohf.com\/sl\/izdelek\/zicna-vrv-7x19\/\" \/>\n<meta property=\"og:locale\" content=\"sl_SI\" \/>\n<meta property=\"og:type\" content=\"article\" \/>\n<meta property=\"og:title\" content=\"7x19 Wire Rope\" \/>\n<meta property=\"og:description\" content=\"7x19 wire rope is a versatile, flexible cable often used in industries requiring strength and durability. Constructed with seven strands, each containing 19 individual wires, this rope offers excellent flexibility compared to other wire rope constructions. It is typically made from high-grade stainless or galvanized steel and comes in various sizes, such as 1\/16 inch, 3\/32 inch, and 5\/32 inch. The cores can be made from steel or fiber, depending on the specific requirements for load strength, flexibility, and environmental conditions.\" \/>\n<meta property=\"og:url\" content=\"https:\/\/qingdaohf.com\/sl\/izdelek\/zicna-vrv-7x19\/\" \/>\n<meta property=\"og:site_name\" content=\"Concrete Form &amp; Rigging Hardware Supplier\" \/>\n<meta property=\"article:publisher\" content=\"https:\/\/www.facebook.com\/qingdaohf\" \/>\n<meta property=\"article:modified_time\" content=\"2025-11-13T01:02:54+00:00\" \/>\n<meta property=\"og:image\" content=\"https:\/\/qingdaohf.com\/wp-content\/uploads\/2024\/10\/7x19.webp\" \/>\n\t<meta property=\"og:image:width\" content=\"787\" \/>\n\t<meta property=\"og:image:height\" content=\"787\" \/>\n\t<meta property=\"og:image:type\" content=\"image\/webp\" \/>\n<meta name=\"twitter:card\" content=\"summary_large_image\" \/>\n<meta name=\"twitter:label1\" content=\"Est. reading time\" \/>\n\t<meta name=\"twitter:data1\" content=\"6 minut\" \/>\n<script type=\"application\/ld+json\" class=\"yoast-schema-graph\">{\"@context\":\"https:\/\/schema.org\",\"@graph\":[{\"@type\":\"WebPage\",\"@id\":\"https:\/\/qingdaohf.com\/product\/7x19-wire-rope\/\",\"url\":\"https:\/\/qingdaohf.com\/product\/7x19-wire-rope\/\",\"name\":\"7x19 Wire Rope\",\"isPartOf\":{\"@id\":\"https:\/\/qingdaohf.com\/bg\/#website\"},\"primaryImageOfPage\":{\"@id\":\"https:\/\/qingdaohf.com\/product\/7x19-wire-rope\/#primaryimage\"},\"image\":{\"@id\":\"https:\/\/qingdaohf.com\/product\/7x19-wire-rope\/#primaryimage\"},\"thumbnailUrl\":\"https:\/\/qingdaohf.com\/wp-content\/uploads\/2024\/10\/7x19.webp\",\"datePublished\":\"2024-10-24T10:02:50+00:00\",\"dateModified\":\"2025-11-13T01:02:54+00:00\",\"breadcrumb\":{\"@id\":\"https:\/\/qingdaohf.com\/product\/7x19-wire-rope\/#breadcrumb\"},\"inLanguage\":\"sl-SI\",\"potentialAction\":[{\"@type\":\"ReadAction\",\"target\":[\"https:\/\/qingdaohf.com\/product\/7x19-wire-rope\/\"]}]},{\"@type\":\"ImageObject\",\"inLanguage\":\"sl-SI\",\"@id\":\"https:\/\/qingdaohf.com\/product\/7x19-wire-rope\/#primaryimage\",\"url\":\"https:\/\/qingdaohf.com\/wp-content\/uploads\/2024\/10\/7x19.webp\",\"contentUrl\":\"https:\/\/qingdaohf.com\/wp-content\/uploads\/2024\/10\/7x19.webp\",\"width\":787,\"height\":787,\"caption\":\"7x19 wire rope\"},{\"@type\":\"BreadcrumbList\",\"@id\":\"https:\/\/qingdaohf.com\/product\/7x19-wire-rope\/#breadcrumb\",\"itemListElement\":[{\"@type\":\"ListItem\",\"position\":1,\"name\":\"Home\",\"item\":\"https:\/\/qingdaohf.com\/\"},{\"@type\":\"ListItem\",\"position\":2,\"name\":\"Concrete Forming Accessories and Rigging Hardware\",\"item\":\"https:\/\/qingdaohf.com\/bg\/?page_id=944\"},{\"@type\":\"ListItem\",\"position\":3,\"name\":\"7&#215;19 Wire Rope\"}]},{\"@type\":\"WebSite\",\"@id\":\"https:\/\/qingdaohf.com\/bg\/#website\",\"url\":\"https:\/\/qingdaohf.com\/bg\/\",\"name\":\"Concrete Form & Rigging Hardware Supplier\",\"description\":\"\",\"publisher\":{\"@id\":\"https:\/\/qingdaohf.com\/bg\/#organization\"},\"potentialAction\":[{\"@type\":\"SearchAction\",\"target\":{\"@type\":\"EntryPoint\",\"urlTemplate\":\"https:\/\/qingdaohf.com\/bg\/?s={search_term_string}\"},\"query-input\":{\"@type\":\"PropertyValueSpecification\",\"valueRequired\":true,\"valueName\":\"search_term_string\"}}],\"inLanguage\":\"sl-SI\"},{\"@type\":\"Organization\",\"@id\":\"https:\/\/qingdaohf.com\/bg\/#organization\",\"name\":\"Qingdao H&F\",\"url\":\"https:\/\/qingdaohf.com\/bg\/\",\"logo\":{\"@type\":\"ImageObject\",\"inLanguage\":\"sl-SI\",\"@id\":\"https:\/\/qingdaohf.com\/bg\/#\/schema\/logo\/image\/\",\"url\":\"https:\/\/qingdaohf.com\/wp-content\/uploads\/2022\/12\/cropped-HF-LOGO.png\",\"contentUrl\":\"https:\/\/qingdaohf.com\/wp-content\/uploads\/2022\/12\/cropped-HF-LOGO.png\",\"width\":391,\"height\":249,\"caption\":\"Qingdao H&F\"},\"image\":{\"@id\":\"https:\/\/qingdaohf.com\/bg\/#\/schema\/logo\/image\/\"},\"sameAs\":[\"https:\/\/www.facebook.com\/qingdaohf\"]}]}<\/script>\n<!-- \/ Yoast SEO plugin. -->","yoast_head_json":{"title":"7x19 Wire Rope","robots":{"index":"index","follow":"follow","max-snippet":"max-snippet:-1","max-image-preview":"max-image-preview:large","max-video-preview":"max-video-preview:-1"},"canonical":"https:\/\/qingdaohf.com\/sl\/izdelek\/zicna-vrv-7x19\/","og_locale":"sl_SI","og_type":"article","og_title":"7x19 Wire Rope","og_description":"7x19 wire rope is a versatile, flexible cable often used in industries requiring strength and durability. Constructed with seven strands, each containing 19 individual wires, this rope offers excellent flexibility compared to other wire rope constructions. It is typically made from high-grade stainless or galvanized steel and comes in various sizes, such as 1\/16 inch, 3\/32 inch, and 5\/32 inch. The cores can be made from steel or fiber, depending on the specific requirements for load strength, flexibility, and environmental conditions.","og_url":"https:\/\/qingdaohf.com\/sl\/izdelek\/zicna-vrv-7x19\/","og_site_name":"Concrete Form &amp; Rigging Hardware Supplier","article_publisher":"https:\/\/www.facebook.com\/qingdaohf","article_modified_time":"2025-11-13T01:02:54+00:00","og_image":[{"width":787,"height":787,"url":"https:\/\/qingdaohf.com\/wp-content\/uploads\/2024\/10\/7x19.webp","type":"image\/webp"}],"twitter_card":"summary_large_image","twitter_misc":{"Est. reading time":"6 minut"},"schema":{"@context":"https:\/\/schema.org","@graph":[{"@type":"WebPage","@id":"https:\/\/qingdaohf.com\/product\/7x19-wire-rope\/","url":"https:\/\/qingdaohf.com\/product\/7x19-wire-rope\/","name":"7x19 Wire Rope","isPartOf":{"@id":"https:\/\/qingdaohf.com\/bg\/#website"},"primaryImageOfPage":{"@id":"https:\/\/qingdaohf.com\/product\/7x19-wire-rope\/#primaryimage"},"image":{"@id":"https:\/\/qingdaohf.com\/product\/7x19-wire-rope\/#primaryimage"},"thumbnailUrl":"https:\/\/qingdaohf.com\/wp-content\/uploads\/2024\/10\/7x19.webp","datePublished":"2024-10-24T10:02:50+00:00","dateModified":"2025-11-13T01:02:54+00:00","breadcrumb":{"@id":"https:\/\/qingdaohf.com\/product\/7x19-wire-rope\/#breadcrumb"},"inLanguage":"sl-SI","potentialAction":[{"@type":"ReadAction","target":["https:\/\/qingdaohf.com\/product\/7x19-wire-rope\/"]}]},{"@type":"ImageObject","inLanguage":"sl-SI","@id":"https:\/\/qingdaohf.com\/product\/7x19-wire-rope\/#primaryimage","url":"https:\/\/qingdaohf.com\/wp-content\/uploads\/2024\/10\/7x19.webp","contentUrl":"https:\/\/qingdaohf.com\/wp-content\/uploads\/2024\/10\/7x19.webp","width":787,"height":787,"caption":"7x19 wire rope"},{"@type":"BreadcrumbList","@id":"https:\/\/qingdaohf.com\/product\/7x19-wire-rope\/#breadcrumb","itemListElement":[{"@type":"ListItem","position":1,"name":"Home","item":"https:\/\/qingdaohf.com\/"},{"@type":"ListItem","position":2,"name":"Concrete Forming Accessories and Rigging Hardware","item":"https:\/\/qingdaohf.com\/bg\/?page_id=944"},{"@type":"ListItem","position":3,"name":"7&#215;19 Wire Rope"}]},{"@type":"WebSite","@id":"https:\/\/qingdaohf.com\/bg\/#website","url":"https:\/\/qingdaohf.com\/bg\/","name":"Concrete Form & Rigging Hardware Supplier","description":"","publisher":{"@id":"https:\/\/qingdaohf.com\/bg\/#organization"},"potentialAction":[{"@type":"SearchAction","target":{"@type":"EntryPoint","urlTemplate":"https:\/\/qingdaohf.com\/bg\/?s={search_term_string}"},"query-input":{"@type":"PropertyValueSpecification","valueRequired":true,"valueName":"search_term_string"}}],"inLanguage":"sl-SI"},{"@type":"Organization","@id":"https:\/\/qingdaohf.com\/bg\/#organization","name":"Qingdao H&F","url":"https:\/\/qingdaohf.com\/bg\/","logo":{"@type":"ImageObject","inLanguage":"sl-SI","@id":"https:\/\/qingdaohf.com\/bg\/#\/schema\/logo\/image\/","url":"https:\/\/qingdaohf.com\/wp-content\/uploads\/2022\/12\/cropped-HF-LOGO.png","contentUrl":"https:\/\/qingdaohf.com\/wp-content\/uploads\/2022\/12\/cropped-HF-LOGO.png","width":391,"height":249,"caption":"Qingdao H&F"},"image":{"@id":"https:\/\/qingdaohf.com\/bg\/#\/schema\/logo\/image\/"},"sameAs":["https:\/\/www.facebook.com\/qingdaohf"]}]}},"_links":{"self":[{"href":"https:\/\/qingdaohf.com\/sl\/wp-json\/wp\/v2\/product\/8136","targetHints":{"allow":["GET"]}}],"collection":[{"href":"https:\/\/qingdaohf.com\/sl\/wp-json\/wp\/v2\/product"}],"about":[{"href":"https:\/\/qingdaohf.com\/sl\/wp-json\/wp\/v2\/types\/product"}],"replies":[{"embeddable":true,"href":"https:\/\/qingdaohf.com\/sl\/wp-json\/wp\/v2\/comments?post=8136"}],"version-history":[{"count":1,"href":"https:\/\/qingdaohf.com\/sl\/wp-json\/wp\/v2\/product\/8136\/revisions"}],"predecessor-version":[{"id":8138,"href":"https:\/\/qingdaohf.com\/sl\/wp-json\/wp\/v2\/product\/8136\/revisions\/8138"}],"wp:featuredmedia":[{"embeddable":true,"href":"https:\/\/qingdaohf.com\/sl\/wp-json\/wp\/v2\/media\/8137"}],"wp:attachment":[{"href":"https:\/\/qingdaohf.com\/sl\/wp-json\/wp\/v2\/media?parent=8136"}],"wp:term":[{"taxonomy":"product_brand","embeddable":true,"href":"https:\/\/qingdaohf.com\/sl\/wp-json\/wp\/v2\/product_brand?post=8136"},{"taxonomy":"product_cat","embeddable":true,"href":"https:\/\/qingdaohf.com\/sl\/wp-json\/wp\/v2\/product_cat?post=8136"},{"taxonomy":"product_tag","embeddable":true,"href":"https:\/\/qingdaohf.com\/sl\/wp-json\/wp\/v2\/product_tag?post=8136"}],"curies":[{"name":"wp","href":"https:\/\/api.w.org\/{rel}","templated":true}]}}