{"id":8178,"date":"2024-10-29T16:45:43","date_gmt":"2024-10-29T08:45:43","guid":{"rendered":"http:\/\/qingdaohf.com\/?post_type=product&#038;p=8178"},"modified":"2025-11-13T09:02:54","modified_gmt":"2025-11-13T01:02:54","slug":"studless-anchor-chain","status":"publish","type":"product","link":"https:\/\/qingdaohf.com\/sl\/izdelek\/sidrna-veriga-brez-cepov\/","title":{"rendered":"Sidrna veriga brez \u010depov"},"content":{"rendered":"<h3>Bistvene lastnosti sidrnih verig brez \u010depov: Ustvarjene za mo\u010d in vzdr\u017eljivost<\/h3>\n<p><img fetchpriority=\"high\" decoding=\"async\" class=\"alignnone size-full wp-image-8169\" src=\"http:\/\/qingdaohf.com\/wp-content\/uploads\/2024\/10\/studless-anchor-chain_2.webp\" alt=\"sidrna veriga brez \u010depov\" width=\"831\" height=\"1087\" srcset=\"https:\/\/qingdaohf.com\/wp-content\/uploads\/2024\/10\/studless-anchor-chain_2.webp 831w, https:\/\/qingdaohf.com\/wp-content\/uploads\/2024\/10\/studless-anchor-chain_2-229x300.webp 229w, https:\/\/qingdaohf.com\/wp-content\/uploads\/2024\/10\/studless-anchor-chain_2-783x1024.webp 783w, https:\/\/qingdaohf.com\/wp-content\/uploads\/2024\/10\/studless-anchor-chain_2-768x1005.webp 768w, https:\/\/qingdaohf.com\/wp-content\/uploads\/2024\/10\/studless-anchor-chain_2-9x12.webp 9w\" sizes=\"(max-width: 831px) 100vw, 831px\" \/><\/p>\n<p>Sidrne verige brez \u010depov so sestavni del pomorske industrije, kjer imajo klju\u010dno vlogo pri pritrjevanju plovil v razli\u010dnih okoljih. Njihova zasnova daje prednost trajnosti in funkcionalnosti, kar zagotavlja, da so kos strogim zahtevam privezovanja na odprtem morju. Verige brez \u010depov imajo za razliko od svojih vrstnikov s \u010depi veri\u017ene \u010dlene brez notranjih \u010depov, zato so la\u017eje in pogosto pro\u017enej\u0161e. Ta lastnost je \u0161e posebej dragocena pri aplikacijah, kjer sta za\u017eelena manj\u0161a te\u017ea in ve\u010dja pro\u017enost. Kljub la\u017eji konstrukciji so te verige \u0161e vedno izjemno mo\u010dne, saj je vsak \u010dlen izdelan tako, da prenese ogromne obremenitve in visoke napetostne sile, ki so zna\u010dilne za pomorsko sidranje.<\/p>\n<p>Zaradi vsestranskosti so verige brez \u010depov primerne za razli\u010dne pomorske namene, od privezov majhnih \u010dolnov do te\u017ekih industrijskih aplikacij. Te verige so strogo preizku\u0161ene in izpolnjujejo mednarodne standarde, saj je njihova zanesljivost najpomembnej\u0161a pri zagotavljanju varnosti plovil in posadke. Zaradi svoje konstrukcije so tudi izjemno odporne proti koroziji in obrabi, kar je bistvenega pomena v slanih in drugih te\u017ekih okoljih. Zasnova dodatno zmanj\u0161uje primere zatikanja verig, saj njihova enotna konstrukcija zmanj\u0161uje \u0161tevilo \u0161ibkih to\u010dk. Zaradi te kakovosti se med pomorskimi in\u017eenirji in upravljavci plovil, ki i\u0161\u010dejo vzdr\u017eljivost in zanesljivost v zelo obremenjenih razmerah, vse bolj uporabljajo verige brez \u010depov.<\/p>\n<h3>Prednosti izbire sidrnih verig brez \u010depov iz podjetja Qingdao H&amp;F<\/h3>\n<p>V podjetju Qingdao H&amp;F smo se zavezali, da bomo svojim strankam zagotavljali visokokakovostne sidrne verige brez \u010depov, ki izpolnjujejo stroge standarde za varnost, trdnost in trajnost. Na\u0161e verige so podvr\u017eene strogemu testiranju kakovosti, ki zagotavlja njihovo optimalno delovanje v razli\u010dnih pogojih. Postopek vklju\u010duje testiranje preskusne obremenitve, ki je bistvenega pomena za potrditev, da lahko vsaka veriga prenese najve\u010djo obremenitev, ki se pri\u010dakuje med uporabo. Kupci so vse bolj pozorni na preskusno obremenitev, saj ta neposredno vpliva na zanesljivost verige, zlasti v zahtevnih razmerah privezovanja.<\/p>\n<p>Dru\u017eba Qingdao H&amp;F se razlikuje po na\u0161i zavezanosti k zadovoljstvu strank in zanesljivosti. Na\u0161a ekipa z ve\u010d kot 20-letnim strokovnim znanjem na podro\u010dju trgovanja B2B ponuja individualne storitve, prilagojene edinstvenim potrebam vsake stranke. Na\u0161i izku\u0161eni strokovnjaki stranke vodijo skozi vse korake nakupnega postopka in jim zagotavljajo, da najdejo idealne specifikacije verige, ki ustrezajo zahtevam njihovega projekta. Zavedamo se, da je v tej panogi klju\u010dnega pomena hitra dobava, zato poudarjamo pravo\u010dasno logistiko, da bi brez kompromisov izpolnili potrebe na\u0161ih strank po \u010dasovnem razporedu.<\/p>\n<p>Poleg dobrih dobavnih zmogljivosti so na\u0161i izdelki podprti z iz\u010drpnimi poro\u010dili o pregledih kakovosti. Ta poro\u010dila zagotavljajo preglednost in zanesljivost ter strankam pomagajo pri sprejemanju informiranih odlo\u010ditev o nakupu. V postopku pregleda se ocenijo dejavniki, kot so sestava materiala, natezna trdnost in odpornost proti koroziji, ki vplivajo na \u017eivljenjsko dobo in zmogljivost verige. S podrobnimi poro\u010dili o pregledih strankam omogo\u010damo, da z zaupanjem vlagajo v izdelke, ki ustrezajo njihovim zahtevnim standardom.<\/p>\n<h3>Izbira pravih specifikacij: Zakaj sta pomembna premer verige in preskusna obremenitev<\/h3>\n<p>Pri izbiri sidrnih verig brez \u010depov sta \u0161e posebej pomembni dve specifikaciji: premer in preskusna obremenitev. Premer vsakega \u010dlena verige, merjen v palcih, vpliva na te\u017eo verige in njeno nosilnost. Izbira pravilnega premera je bistvenega pomena, saj neposredno vpliva na u\u010dinkovitost verige pri sidranju. Premer 1\/2 palca je na primer primeren za lahka plovila, za te\u017eke industrijske aplikacije pa so potrebne verige s premerom 3\/4 palca ali ve\u010d.<\/p>\n<p>Dokazna obremenitev je \u0161e en klju\u010dni dejavnik, ki predstavlja najve\u010djo obremenitev, ki jo veriga lahko prenese, ne da bi se trajno deformirala. Ta parameter je za stranke klju\u010dnega pomena, saj omogo\u010da jasno merilo zmogljivosti verige za prena\u0161anje velikih obremenitev v realnih razmerah. V podjetju Qingdao H&amp;F ponujamo verige, ki so testirane tako, da presegajo industrijske standarde za preizkusno obremenitev, kar na\u0161im strankam zagotavlja dodatno zaupanje v njihovo u\u010dinkovitost. Preizkus preizkusne obremenitve je tudi dragoceno merilo varnosti verige, saj zagotavlja, da bo veriga ohranila svojo celovitost tudi ob nenadnih in mo\u010dnih obremenitvah.<\/p>\n<p>Z izbiro sidrne verige brez \u010depov z ustreznim premerom in dokazno obremenitvijo lahko kupci zagotovijo optimalno delovanje za svoje posebne potrebe privezovanja. Na\u0161a ekipa v podjetju Qingdao H&amp;F je usposobljena za usmerjanje strank pri izbiri idealnih specifikacij, pri \u010demer se opira na poglobljeno znanje o industrijskih standardih in lastnostih materialov ter priporo\u010da izdelke, ki ustrezajo operativnim zahtevam vsake stranke.<\/p>\n<h3>Zaupajte preverjenemu partnerju: Zakaj je dru\u017eba Qingdao H&amp;F najprimernej\u0161a izbira<\/h3>\n<p>Za tiste, ki i\u0161\u010dejo sidrne verige brez \u010depov, sta najpomembnej\u0161a zanesljivost in izku\u0161nje dobavitelja. Podjetje Qingdao H&amp;F z dvema desetletjema izku\u0161enj v sektorju B2B razume kompleksne potrebe pomorskih in industrijskih strank. Na\u0161a posebna individualna slu\u017eba za stranke pomeni, da je vsaka stranka dele\u017ena prilagojene podpore, ki ji pomaga najti najbolj\u0161e re\u0161itve za njene zahteve glede privezov in sidri\u0161\u010d. Poleg tega na\u0161i strogi testni protokoli zagotavljajo, da vsak izdelek izpolnjuje ali presega industrijske standarde kakovosti in trajnosti.<\/p>\n<p>Zavezanost h kakovosti se ne kon\u010da s prodajo. Podjetje Qingdao H&amp;F ponuja poprodajno podporo in hitre odgovore na poizvedbe strank, kar \u0161e dodatno izbolj\u0161a izku\u0161nje na\u0161ih strank. Ponosni smo na svojo sposobnost vzpostavljanja dolgoro\u010dnih odnosov in zagotavljanja zanesljivega vira visokokakovostnih sidrnih verig brez \u010depov, na katere se stranke lahko zanesejo. S preglednim postopkom preverjanja kakovosti in predanostjo hitri dobavi smo si v panogi pridobili ugled odli\u010dnosti.<\/p>\n<p>Z izbiro podjetja Qingdao H&amp;F stranke ne izkoristijo le vrhunske kakovosti izdelkov, temve\u010d tudi zagotovilo, ki ga prina\u0161ajo na\u0161a iz\u010drpna poro\u010dila o pregledih in strokovno vodenje. V prihodnosti se \u0161e naprej osredoto\u010damo na pomo\u010d strankam pri doseganju uspeha z zagotavljanjem visokokakovostnih sidrnih verig brez \u010depov, ki zagotavljajo zmogljivost in mir.<\/p>","protected":false},"excerpt":{"rendered":"<p>Sidrne verige brez \u010depov so zanesljiva izbira za mo\u010dne priveze in sidranje, saj so znane po svoji robustni strukturi in odpornosti proti obrabi v zahtevnih morskih razmerah. Kupci se obi\u010dajno osredoto\u010dajo na dejavnike, kot so vzdr\u017eljivost, preskusna obremenitev in sposobnost verige, da s\u010dasoma vzdr\u017ei visoke obremenitve. Podjetje Qingdao H&amp;F je trgovsko podjetje B2B z 20-letnim strokovnim znanjem in izku\u0161njami, zato je ponosno, da ponuja konkuren\u010dne cene, hiter dobavni cikel in iz\u010drpna poro\u010dila o pregledu kakovosti. Na\u0161e individualne storitve za stranke zagotavljajo prilagojeno nakupno izku\u0161njo, zaradi \u010desar smo zaupanja vreden partner pri dobavi visokokakovostnih sidrnih verig brez \u010depov, ki izpolnjujejo stroge industrijske standarde.<\/p>","protected":false},"featured_media":8171,"comment_status":"open","ping_status":"closed","template":"","meta":{"site-sidebar-layout":"default","site-content-layout":"","ast-site-content-layout":"default","site-content-style":"default","site-sidebar-style":"default","ast-global-header-display":"","ast-banner-title-visibility":"","ast-main-header-display":"","ast-hfb-above-header-display":"","ast-hfb-below-header-display":"","ast-hfb-mobile-header-display":"","site-post-title":"","ast-breadcrumbs-content":"","ast-featured-img":"","footer-sml-layout":"","theme-transparent-header-meta":"default","adv-header-id-meta":"","stick-header-meta":"default","header-above-stick-meta":"","header-main-stick-meta":"","header-below-stick-meta":"","astra-migrate-meta-layouts":"set","ast-page-background-enabled":"default","ast-page-background-meta":{"desktop":{"background-color":"","background-image":"","background-repeat":"repeat","background-position":"center center","background-size":"auto","background-attachment":"scroll","background-type":"","background-media":"","overlay-type":"","overlay-color":"","overlay-opacity":"","overlay-gradient":""},"tablet":{"background-color":"","background-image":"","background-repeat":"repeat","background-position":"center center","background-size":"auto","background-attachment":"scroll","background-type":"","background-media":"","overlay-type":"","overlay-color":"","overlay-opacity":"","overlay-gradient":""},"mobile":{"background-color":"","background-image":"","background-repeat":"repeat","background-position":"center center","background-size":"auto","background-attachment":"scroll","background-type":"","background-media":"","overlay-type":"","overlay-color":"","overlay-opacity":"","overlay-gradient":""}},"ast-content-background-meta":{"desktop":{"background-color":"var(--ast-global-color-5)","background-image":"","background-repeat":"repeat","background-position":"center center","background-size":"auto","background-attachment":"scroll","background-type":"","background-media":"","overlay-type":"","overlay-color":"","overlay-opacity":"","overlay-gradient":""},"tablet":{"background-color":"var(--ast-global-color-5)","background-image":"","background-repeat":"repeat","background-position":"center center","background-size":"auto","background-attachment":"scroll","background-type":"","background-media":"","overlay-type":"","overlay-color":"","overlay-opacity":"","overlay-gradient":""},"mobile":{"background-color":"var(--ast-global-color-5)","background-image":"","background-repeat":"repeat","background-position":"center center","background-size":"auto","background-attachment":"scroll","background-type":"","background-media":"","overlay-type":"","overlay-color":"","overlay-opacity":"","overlay-gradient":""}}},"product_brand":[],"product_cat":[38],"product_tag":[],"class_list":{"0":"post-8178","1":"product","2":"type-product","3":"status-publish","4":"has-post-thumbnail","6":"product_cat-chain","7":"desktop-align-left","8":"tablet-align-left","9":"mobile-align-left","10":"ast-product-gallery-layout-horizontal-slider","11":"ast-product-tabs-layout-horizontal","13":"first","14":"instock","15":"shipping-taxable","16":"purchasable","17":"product-type-simple"},"yoast_head":"<!-- This site is optimized with the Yoast SEO plugin v25.2 - https:\/\/yoast.com\/wordpress\/plugins\/seo\/ -->\n<title>Studless Anchor Chain<\/title>\n<meta name=\"description\" content=\"Studless anchor chains are a dependable choice for heavy-duty mooring and anchoring, known for their robust structure and resistance to wear in demanding marine conditions.\" \/>\n<meta name=\"robots\" content=\"index, follow, max-snippet:-1, max-image-preview:large, max-video-preview:-1\" \/>\n<link rel=\"canonical\" href=\"https:\/\/qingdaohf.com\/sl\/izdelek\/sidrna-veriga-brez-cepov\/\" \/>\n<meta property=\"og:locale\" content=\"sl_SI\" \/>\n<meta property=\"og:type\" content=\"article\" \/>\n<meta property=\"og:title\" content=\"Studless Anchor Chain\" \/>\n<meta property=\"og:description\" content=\"Studless anchor chains are a dependable choice for heavy-duty mooring and anchoring, known for their robust structure and resistance to wear in demanding marine conditions.\" \/>\n<meta property=\"og:url\" content=\"https:\/\/qingdaohf.com\/sl\/izdelek\/sidrna-veriga-brez-cepov\/\" \/>\n<meta property=\"og:site_name\" content=\"Concrete Form &amp; Rigging Hardware Supplier\" \/>\n<meta property=\"article:publisher\" content=\"https:\/\/www.facebook.com\/qingdaohf\" \/>\n<meta property=\"article:modified_time\" content=\"2025-11-13T01:02:54+00:00\" \/>\n<meta property=\"og:image\" content=\"https:\/\/qingdaohf.com\/wp-content\/uploads\/2024\/10\/marine-studless-chain_\u526f\u672c.jpg\" \/>\n\t<meta property=\"og:image:width\" content=\"1000\" \/>\n\t<meta property=\"og:image:height\" content=\"1000\" \/>\n\t<meta property=\"og:image:type\" content=\"image\/jpeg\" \/>\n<meta name=\"twitter:card\" content=\"summary_large_image\" \/>\n<meta name=\"twitter:label1\" content=\"Est. reading time\" \/>\n\t<meta name=\"twitter:data1\" content=\"5 minut\" \/>\n<script type=\"application\/ld+json\" class=\"yoast-schema-graph\">{\"@context\":\"https:\/\/schema.org\",\"@graph\":[{\"@type\":\"WebPage\",\"@id\":\"https:\/\/qingdaohf.com\/product\/studless-anchor-chain\/\",\"url\":\"https:\/\/qingdaohf.com\/product\/studless-anchor-chain\/\",\"name\":\"Studless Anchor Chain\",\"isPartOf\":{\"@id\":\"https:\/\/qingdaohf.com\/bg\/#website\"},\"primaryImageOfPage\":{\"@id\":\"https:\/\/qingdaohf.com\/product\/studless-anchor-chain\/#primaryimage\"},\"image\":{\"@id\":\"https:\/\/qingdaohf.com\/product\/studless-anchor-chain\/#primaryimage\"},\"thumbnailUrl\":\"https:\/\/qingdaohf.com\/wp-content\/uploads\/2024\/10\/marine-studless-chain_\u526f\u672c.jpg\",\"datePublished\":\"2024-10-29T08:45:43+00:00\",\"dateModified\":\"2025-11-13T01:02:54+00:00\",\"description\":\"Studless anchor chains are a dependable choice for heavy-duty mooring and anchoring, known for their robust structure and resistance to wear in demanding marine conditions.\",\"breadcrumb\":{\"@id\":\"https:\/\/qingdaohf.com\/product\/studless-anchor-chain\/#breadcrumb\"},\"inLanguage\":\"sl-SI\",\"potentialAction\":[{\"@type\":\"ReadAction\",\"target\":[\"https:\/\/qingdaohf.com\/product\/studless-anchor-chain\/\"]}]},{\"@type\":\"ImageObject\",\"inLanguage\":\"sl-SI\",\"@id\":\"https:\/\/qingdaohf.com\/product\/studless-anchor-chain\/#primaryimage\",\"url\":\"https:\/\/qingdaohf.com\/wp-content\/uploads\/2024\/10\/marine-studless-chain_\u526f\u672c.jpg\",\"contentUrl\":\"https:\/\/qingdaohf.com\/wp-content\/uploads\/2024\/10\/marine-studless-chain_\u526f\u672c.jpg\",\"width\":1000,\"height\":1000,\"caption\":\"studless chain\"},{\"@type\":\"BreadcrumbList\",\"@id\":\"https:\/\/qingdaohf.com\/product\/studless-anchor-chain\/#breadcrumb\",\"itemListElement\":[{\"@type\":\"ListItem\",\"position\":1,\"name\":\"Home\",\"item\":\"https:\/\/qingdaohf.com\/\"},{\"@type\":\"ListItem\",\"position\":2,\"name\":\"Concrete Forming Accessories and Rigging Hardware\",\"item\":\"https:\/\/qingdaohf.com\/bg\/?page_id=944\"},{\"@type\":\"ListItem\",\"position\":3,\"name\":\"Studless Anchor Chain\"}]},{\"@type\":\"WebSite\",\"@id\":\"https:\/\/qingdaohf.com\/bg\/#website\",\"url\":\"https:\/\/qingdaohf.com\/bg\/\",\"name\":\"Concrete Form & Rigging Hardware Supplier\",\"description\":\"\",\"publisher\":{\"@id\":\"https:\/\/qingdaohf.com\/bg\/#organization\"},\"potentialAction\":[{\"@type\":\"SearchAction\",\"target\":{\"@type\":\"EntryPoint\",\"urlTemplate\":\"https:\/\/qingdaohf.com\/bg\/?s={search_term_string}\"},\"query-input\":{\"@type\":\"PropertyValueSpecification\",\"valueRequired\":true,\"valueName\":\"search_term_string\"}}],\"inLanguage\":\"sl-SI\"},{\"@type\":\"Organization\",\"@id\":\"https:\/\/qingdaohf.com\/bg\/#organization\",\"name\":\"Qingdao H&F\",\"url\":\"https:\/\/qingdaohf.com\/bg\/\",\"logo\":{\"@type\":\"ImageObject\",\"inLanguage\":\"sl-SI\",\"@id\":\"https:\/\/qingdaohf.com\/bg\/#\/schema\/logo\/image\/\",\"url\":\"https:\/\/qingdaohf.com\/wp-content\/uploads\/2022\/12\/cropped-HF-LOGO.png\",\"contentUrl\":\"https:\/\/qingdaohf.com\/wp-content\/uploads\/2022\/12\/cropped-HF-LOGO.png\",\"width\":391,\"height\":249,\"caption\":\"Qingdao H&F\"},\"image\":{\"@id\":\"https:\/\/qingdaohf.com\/bg\/#\/schema\/logo\/image\/\"},\"sameAs\":[\"https:\/\/www.facebook.com\/qingdaohf\"]}]}<\/script>\n<!-- \/ Yoast SEO plugin. -->","yoast_head_json":{"title":"Studless Anchor Chain","description":"Studless anchor chains are a dependable choice for heavy-duty mooring and anchoring, known for their robust structure and resistance to wear in demanding marine conditions.","robots":{"index":"index","follow":"follow","max-snippet":"max-snippet:-1","max-image-preview":"max-image-preview:large","max-video-preview":"max-video-preview:-1"},"canonical":"https:\/\/qingdaohf.com\/sl\/izdelek\/sidrna-veriga-brez-cepov\/","og_locale":"sl_SI","og_type":"article","og_title":"Studless Anchor Chain","og_description":"Studless anchor chains are a dependable choice for heavy-duty mooring and anchoring, known for their robust structure and resistance to wear in demanding marine conditions.","og_url":"https:\/\/qingdaohf.com\/sl\/izdelek\/sidrna-veriga-brez-cepov\/","og_site_name":"Concrete Form &amp; Rigging Hardware Supplier","article_publisher":"https:\/\/www.facebook.com\/qingdaohf","article_modified_time":"2025-11-13T01:02:54+00:00","og_image":[{"width":1000,"height":1000,"url":"https:\/\/qingdaohf.com\/wp-content\/uploads\/2024\/10\/marine-studless-chain_\u526f\u672c.jpg","type":"image\/jpeg"}],"twitter_card":"summary_large_image","twitter_misc":{"Est. reading time":"5 minut"},"schema":{"@context":"https:\/\/schema.org","@graph":[{"@type":"WebPage","@id":"https:\/\/qingdaohf.com\/product\/studless-anchor-chain\/","url":"https:\/\/qingdaohf.com\/product\/studless-anchor-chain\/","name":"Studless Anchor Chain","isPartOf":{"@id":"https:\/\/qingdaohf.com\/bg\/#website"},"primaryImageOfPage":{"@id":"https:\/\/qingdaohf.com\/product\/studless-anchor-chain\/#primaryimage"},"image":{"@id":"https:\/\/qingdaohf.com\/product\/studless-anchor-chain\/#primaryimage"},"thumbnailUrl":"https:\/\/qingdaohf.com\/wp-content\/uploads\/2024\/10\/marine-studless-chain_\u526f\u672c.jpg","datePublished":"2024-10-29T08:45:43+00:00","dateModified":"2025-11-13T01:02:54+00:00","description":"Studless anchor chains are a dependable choice for heavy-duty mooring and anchoring, known for their robust structure and resistance to wear in demanding marine conditions.","breadcrumb":{"@id":"https:\/\/qingdaohf.com\/product\/studless-anchor-chain\/#breadcrumb"},"inLanguage":"sl-SI","potentialAction":[{"@type":"ReadAction","target":["https:\/\/qingdaohf.com\/product\/studless-anchor-chain\/"]}]},{"@type":"ImageObject","inLanguage":"sl-SI","@id":"https:\/\/qingdaohf.com\/product\/studless-anchor-chain\/#primaryimage","url":"https:\/\/qingdaohf.com\/wp-content\/uploads\/2024\/10\/marine-studless-chain_\u526f\u672c.jpg","contentUrl":"https:\/\/qingdaohf.com\/wp-content\/uploads\/2024\/10\/marine-studless-chain_\u526f\u672c.jpg","width":1000,"height":1000,"caption":"studless chain"},{"@type":"BreadcrumbList","@id":"https:\/\/qingdaohf.com\/product\/studless-anchor-chain\/#breadcrumb","itemListElement":[{"@type":"ListItem","position":1,"name":"Home","item":"https:\/\/qingdaohf.com\/"},{"@type":"ListItem","position":2,"name":"Concrete Forming Accessories and Rigging Hardware","item":"https:\/\/qingdaohf.com\/bg\/?page_id=944"},{"@type":"ListItem","position":3,"name":"Studless Anchor Chain"}]},{"@type":"WebSite","@id":"https:\/\/qingdaohf.com\/bg\/#website","url":"https:\/\/qingdaohf.com\/bg\/","name":"Concrete Form & Rigging Hardware Supplier","description":"","publisher":{"@id":"https:\/\/qingdaohf.com\/bg\/#organization"},"potentialAction":[{"@type":"SearchAction","target":{"@type":"EntryPoint","urlTemplate":"https:\/\/qingdaohf.com\/bg\/?s={search_term_string}"},"query-input":{"@type":"PropertyValueSpecification","valueRequired":true,"valueName":"search_term_string"}}],"inLanguage":"sl-SI"},{"@type":"Organization","@id":"https:\/\/qingdaohf.com\/bg\/#organization","name":"Qingdao H&F","url":"https:\/\/qingdaohf.com\/bg\/","logo":{"@type":"ImageObject","inLanguage":"sl-SI","@id":"https:\/\/qingdaohf.com\/bg\/#\/schema\/logo\/image\/","url":"https:\/\/qingdaohf.com\/wp-content\/uploads\/2022\/12\/cropped-HF-LOGO.png","contentUrl":"https:\/\/qingdaohf.com\/wp-content\/uploads\/2022\/12\/cropped-HF-LOGO.png","width":391,"height":249,"caption":"Qingdao H&F"},"image":{"@id":"https:\/\/qingdaohf.com\/bg\/#\/schema\/logo\/image\/"},"sameAs":["https:\/\/www.facebook.com\/qingdaohf"]}]}},"_links":{"self":[{"href":"https:\/\/qingdaohf.com\/sl\/wp-json\/wp\/v2\/product\/8178","targetHints":{"allow":["GET"]}}],"collection":[{"href":"https:\/\/qingdaohf.com\/sl\/wp-json\/wp\/v2\/product"}],"about":[{"href":"https:\/\/qingdaohf.com\/sl\/wp-json\/wp\/v2\/types\/product"}],"replies":[{"embeddable":true,"href":"https:\/\/qingdaohf.com\/sl\/wp-json\/wp\/v2\/comments?post=8178"}],"version-history":[{"count":1,"href":"https:\/\/qingdaohf.com\/sl\/wp-json\/wp\/v2\/product\/8178\/revisions"}],"predecessor-version":[{"id":8180,"href":"https:\/\/qingdaohf.com\/sl\/wp-json\/wp\/v2\/product\/8178\/revisions\/8180"}],"wp:featuredmedia":[{"embeddable":true,"href":"https:\/\/qingdaohf.com\/sl\/wp-json\/wp\/v2\/media\/8171"}],"wp:attachment":[{"href":"https:\/\/qingdaohf.com\/sl\/wp-json\/wp\/v2\/media?parent=8178"}],"wp:term":[{"taxonomy":"product_brand","embeddable":true,"href":"https:\/\/qingdaohf.com\/sl\/wp-json\/wp\/v2\/product_brand?post=8178"},{"taxonomy":"product_cat","embeddable":true,"href":"https:\/\/qingdaohf.com\/sl\/wp-json\/wp\/v2\/product_cat?post=8178"},{"taxonomy":"product_tag","embeddable":true,"href":"https:\/\/qingdaohf.com\/sl\/wp-json\/wp\/v2\/product_tag?post=8178"}],"curies":[{"name":"wp","href":"https:\/\/api.w.org\/{rel}","templated":true}]}}