{"id":8181,"date":"2024-10-29T16:52:37","date_gmt":"2024-10-29T08:52:37","guid":{"rendered":"http:\/\/qingdaohf.com\/?post_type=product&#038;p=8181"},"modified":"2025-11-13T09:02:54","modified_gmt":"2025-11-13T01:02:54","slug":"stud-link-chain","status":"publish","type":"product","link":"https:\/\/qingdaohf.com\/sl\/izdelek\/veriga-s-cepi\/","title":{"rendered":"Sidrna veriga Stud Link"},"content":{"rendered":"<p><img fetchpriority=\"high\" decoding=\"async\" class=\"alignnone size-full wp-image-8170\" src=\"http:\/\/qingdaohf.com\/wp-content\/uploads\/2024\/10\/stud-link-anchor-chain_2.webp\" alt=\"sidrna veriga s \u010depi\" width=\"842\" height=\"1091\" srcset=\"https:\/\/qingdaohf.com\/wp-content\/uploads\/2024\/10\/stud-link-anchor-chain_2.webp 842w, https:\/\/qingdaohf.com\/wp-content\/uploads\/2024\/10\/stud-link-anchor-chain_2-232x300.webp 232w, https:\/\/qingdaohf.com\/wp-content\/uploads\/2024\/10\/stud-link-anchor-chain_2-790x1024.webp 790w, https:\/\/qingdaohf.com\/wp-content\/uploads\/2024\/10\/stud-link-anchor-chain_2-768x995.webp 768w, https:\/\/qingdaohf.com\/wp-content\/uploads\/2024\/10\/stud-link-anchor-chain_2-9x12.webp 9w\" sizes=\"(max-width: 842px) 100vw, 842px\" \/><\/p>\n<p>V industrijskih, pomorskih in priobalnih okoljih verigam Stud Link zaupajo zaradi njihove vzdr\u017eljivosti in zmogljivosti prena\u0161anja bremen, zaradi \u010desar so idealne za sidranje, privezovanje in razli\u010dna te\u017eka dvigovanja. Te verige so sestavljene iz medsebojno povezanih \u010dlenov s \u010depi, name\u0161\u010denimi po notranjosti vsakega \u010dlena, kar pove\u010duje strukturno stabilnost, ki pomaga prepre\u010devati deformacije pri ve\u010djih obremenitvah. Pri izbiri verige se morajo kupci osredoto\u010diti na specifikacije, kot so premer, preskusna obremenitev in splo\u0161na kakovost materiala, saj ti dejavniki neposredno vplivajo na varnost in zmogljivost.<\/p>\n<p>Pomen izbire prave verige s kol\u010dnimi \u010dlenki presega splo\u0161no uporabo; specifikacije vsake verige morajo ustrezati zahtevam industrije in pri\u010dakovanim pogojem obremenitve. Na primer, premer \u010dlenov verige, ki je obi\u010dajno na voljo v pal\u010dnih velikostih, ima klju\u010dno vlogo pri dolo\u010danju trdnosti verige in njene primernosti za razli\u010dne uporabe. Verige, ki izpolnjujejo mednarodne standarde, kot so ISO 1704 in predpisi IACS, kupcem zagotavljajo, da so bili ti izdelki strogo preizku\u0161eni glede kakovosti in odpornosti. V podjetju Qingdao H&amp;F se zavedamo potrebe po visoko zmogljivih izdelkih in zanesljivih storitvah, zato vsaki verigi prilo\u017eimo podrobna poro\u010dila o pregledu kakovosti, vklju\u010dno z dokazno obremenitvijo, poru\u0161no obremenitvijo in sestavo materiala. Z osredoto\u010danjem na varnost in u\u010dinkovitost na\u0161e verige s kol\u010dnimi \u010dlenki zagotavljajo zaupanje, ki je potrebno za varnost delovanja v zahtevnih okoljih.<\/p>\n<h3><strong>Trdnost in trajnost verig s kol\u010dnimi \u010dlenki<\/strong><\/h3>\n<p>Verige z vija\u010dnim \u010dlenom so izdelane iz visokokakovostnega jekla, kar jim daje izjemno natezno trdnost in odpornost proti koroziji - dve klju\u010dni lastnosti pri uporabi v pomorstvu in te\u017eki industriji. \u010cep, ki je prisoten v vsakem \u010dlenu, prepre\u010duje deformacijo verige, saj ohranja njeno celotno obliko tudi pod te\u017eo te\u017ekih bremen. Ta konstrukcijska zna\u010dilnost pomaga tudi ubla\u017eiti upogibne napetosti, ki so pogosta te\u017eava pri aplikacijah z visokimi obremenitvami, in s tem podalj\u0161a \u017eivljenjsko dobo verige.<\/p>\n<p>Vsak \u010dlen je skrbno izdelan tako, da prenese obremenitve, ne da bi se deformiral ali utrudil, zato so verige s \u010depki \u0161e posebej dragocene pri uporabi na morju, kjer sta stabilnost in trdnost klju\u010dnega pomena. Verige z ve\u010djimi premeri zagotavljajo ve\u010dje preskusne obremenitve, kar pomeni, da lahko prenesejo ve\u010djo te\u017eo, ne da bi se upognile, zato so idealne za sisteme privezov in sidrne verige.<\/p>\n<p>V podjetju Qingdao H&amp;F na\u0161a zavezanost kakovosti vklju\u010duje strog postopek testiranja, pri katerem se pred odpremo verige preverijo glede obremenitve in natezne trdnosti. Ta praksa zagotavlja, da vsak izdelek izpolnjuje zahteve in vzdr\u017ei zahtevne pogoje industrijske uporabe. Na\u0161 individualni pristop k storitvam za stranke prav tako pomeni, da so kupci dele\u017eni strokovnega svetovanja pri izbiri ustrezne velikosti verige in specifikacij glede na posebne potrebe, kar zagotavlja, da je vsak nakup premi\u0161ljen.<\/p>\n<h3><strong>Uporaba in upo\u0161tevanje kupcev za verige s kol\u010dnimi \u010dlenki<\/strong><\/h3>\n<p>Verige s \u010depki se najpogosteje uporabljajo v pomorstvu, zlasti kot verige za sidra in priveze, saj so odporne na dolgotrajno izpostavljenost morski vodi in grobo ravnanje. Poleg uporabe v pomorstvu se te verige uporabljajo tudi v gradbeni\u0161tvu, rudarstvu in industrijskih strojih, kjer je treba te\u017eka bremena zavarovati in upravljati z najve\u010djo zanesljivostjo. Vendar je izbira premera verige, zasnove \u010depov in materialov klju\u010dnega pomena pri izpolnjevanju posebnih zahtev vsake panoge.<\/p>\n<p>Kupci pri izbiri verig za kolke dajejo prednost ve\u010d lastnostim, povezanim z zmogljivostjo. Prva je trdnost materiala: visoko natezno jeklo zagotavlja potrebno vzdr\u017eljivost za pomorske aplikacije, medtem ko je legirano jeklo lahko prednostno zaradi bolj\u0161ega razmerja med trdnostjo in te\u017eo v konstrukciji. Drugi\u010d, odpornost proti koroziji postane klju\u010dnega pomena v okoljih s slano vodo, saj lahko vsak kompromis v kakovosti materiala privede do zgodnje degradacije verige in varnostnih tveganj. Kupci bi morali upo\u0161tevati tudi stopnjo nosilnosti verige, da bi zagotovili, da lahko prenese posebne obremenitve te\u017ee, ki se pri\u010dakujejo pri njihovih dejavnostih.<\/p>\n<p>V podjetju Qingdao H&amp;F na\u0161i hitri dobavni cikli podjetjem omogo\u010dajo neprekinjeno delovanje brez prekomernih izpadov. Poleg tega ponujamo podrobna poro\u010dila o pregledih, ki na\u0161im strankam zagotavljajo jasen pregled nad parametri kakovosti vsake verige pred odpremo. S to stopnjo preglednosti lahko kupci zaupajo, da na\u0161e verige izpolnjujejo ne le industrijske standarde, temve\u010d tudi edinstvene zahteve vsake uporabe, bodisi za plo\u0161\u010dadi na morju, industrijsko dviganje ali pristani\u0161ke dejavnosti.<\/p>\n<h3><strong>Zaklju\u010dek: Zakaj izbrati veri\u017eice Stud Link Qingdao H&amp;F?<\/strong><\/h3>\n<p>Izbira verige s kol\u010dnimi vezmi je odlo\u010ditev, ki temelji na varnosti in funkcionalnosti, saj morajo te verige vzdr\u017eati ekstremne obremenitve in zahtevna okolja. V podjetju Qingdao H&amp;F presegamo zgolj dobavo visokokakovostnih verig in ponujamo celovito storitev, ki vklju\u010duje strokovno svetovanje, hitro dobavo in preglednost izdelkov s poro\u010dili o pregledih. Vse na\u0161e verige izpolnjujejo stroge standarde testiranja, kar kupcem zagotavlja kakovost in vzdr\u017eljivost pri vsakem nakupu.<\/p>\n<p>Na\u0161a zavezanost k individualnim storitvam za stranke pomeni, da strankam pomagamo na vseh stopnjah, od izbire izdelka do poizvedb po prodaji, s \u010dimer zagotavljamo najbolj\u0161o mo\u017eno nakupno izku\u0161njo. Ne glede na to, ali se uporabljajo v pomorskem okolju, pri industrijskem dviganju ali v drugih okoljih z visokimi obremenitvami, verige s kolki dru\u017ebe Qingdao H&amp;F zagotavljajo ne le kakovost, temve\u010d tudi zanesljivost in podporo, ki jo vsako podjetje potrebuje za uspeh.<\/p>","protected":false},"excerpt":{"rendered":"<p>Veriga s \u010depki zagotavlja veliko trdnost in stabilnost ter je idealna za te\u017eke aplikacije, pri katerih sta vzdr\u017eljivost in zanesljivost najpomembnej\u0161i. Kupci pri izbiri verige s \u010depki pogosto dajejo prednost dejavnikom, kot so kakovost materiala, nosilnost in odpornost na te\u017eka okolja. V podjetju Qingdao H&amp;F dajemo prednost tem potrebam, saj zagotavljamo, da vsaka veriga izpolnjuje stroge standarde kakovosti, in zagotavljamo podrobna poro\u010dila o pregledih, vklju\u010dno s podatki o preskusni obremenitvi in natezni trdnosti. Z na\u0161im individualnim pristopom k storitvam za stranke in u\u010dinkovitim dobavnim ciklom ne zagotavljamo le izdelkov, temve\u010d tudi zanesljive re\u0161itve, ki omogo\u010dajo nemoteno in varnej\u0161e delovanje va\u0161ega podjetja.<\/p>","protected":false},"featured_media":4678,"comment_status":"open","ping_status":"closed","template":"","meta":{"site-sidebar-layout":"default","site-content-layout":"","ast-site-content-layout":"default","site-content-style":"default","site-sidebar-style":"default","ast-global-header-display":"","ast-banner-title-visibility":"","ast-main-header-display":"","ast-hfb-above-header-display":"","ast-hfb-below-header-display":"","ast-hfb-mobile-header-display":"","site-post-title":"","ast-breadcrumbs-content":"","ast-featured-img":"","footer-sml-layout":"","theme-transparent-header-meta":"default","adv-header-id-meta":"","stick-header-meta":"default","header-above-stick-meta":"","header-main-stick-meta":"","header-below-stick-meta":"","astra-migrate-meta-layouts":"set","ast-page-background-enabled":"default","ast-page-background-meta":{"desktop":{"background-color":"","background-image":"","background-repeat":"repeat","background-position":"center center","background-size":"auto","background-attachment":"scroll","background-type":"","background-media":"","overlay-type":"","overlay-color":"","overlay-opacity":"","overlay-gradient":""},"tablet":{"background-color":"","background-image":"","background-repeat":"repeat","background-position":"center center","background-size":"auto","background-attachment":"scroll","background-type":"","background-media":"","overlay-type":"","overlay-color":"","overlay-opacity":"","overlay-gradient":""},"mobile":{"background-color":"","background-image":"","background-repeat":"repeat","background-position":"center center","background-size":"auto","background-attachment":"scroll","background-type":"","background-media":"","overlay-type":"","overlay-color":"","overlay-opacity":"","overlay-gradient":""}},"ast-content-background-meta":{"desktop":{"background-color":"var(--ast-global-color-5)","background-image":"","background-repeat":"repeat","background-position":"center center","background-size":"auto","background-attachment":"scroll","background-type":"","background-media":"","overlay-type":"","overlay-color":"","overlay-opacity":"","overlay-gradient":""},"tablet":{"background-color":"var(--ast-global-color-5)","background-image":"","background-repeat":"repeat","background-position":"center center","background-size":"auto","background-attachment":"scroll","background-type":"","background-media":"","overlay-type":"","overlay-color":"","overlay-opacity":"","overlay-gradient":""},"mobile":{"background-color":"var(--ast-global-color-5)","background-image":"","background-repeat":"repeat","background-position":"center center","background-size":"auto","background-attachment":"scroll","background-type":"","background-media":"","overlay-type":"","overlay-color":"","overlay-opacity":"","overlay-gradient":""}}},"product_brand":[],"product_cat":[38],"product_tag":[],"class_list":{"0":"post-8181","1":"product","2":"type-product","3":"status-publish","4":"has-post-thumbnail","6":"product_cat-chain","7":"desktop-align-left","8":"tablet-align-left","9":"mobile-align-left","10":"ast-product-gallery-layout-horizontal-slider","11":"ast-product-tabs-layout-horizontal","13":"first","14":"instock","15":"shipping-taxable","16":"purchasable","17":"product-type-simple"},"yoast_head":"<!-- This site is optimized with the Yoast SEO plugin v25.2 - https:\/\/yoast.com\/wordpress\/plugins\/seo\/ -->\n<title>Stud Link Anchor Chain<\/title>\n<meta name=\"robots\" content=\"index, follow, max-snippet:-1, max-image-preview:large, max-video-preview:-1\" \/>\n<link rel=\"canonical\" href=\"https:\/\/qingdaohf.com\/sl\/izdelek\/veriga-s-cepi\/\" \/>\n<meta property=\"og:locale\" content=\"sl_SI\" \/>\n<meta property=\"og:type\" content=\"article\" \/>\n<meta property=\"og:title\" content=\"Stud Link Anchor Chain\" \/>\n<meta property=\"og:description\" content=\"A Stud Link Chain offers robust strength and stability, ideal for heavy-duty applications where durability and reliability are paramount. Buyers often prioritize factors like material quality, load-bearing capacity, and resistance to harsh environments when selecting a Stud Link Chain. At Qingdao H&amp;F, we prioritize these needs by ensuring every chain meets stringent quality standards and providing detailed inspection reports, including proof load and tensile strength data. With our one-on-one customer service approach and efficient delivery cycle, we deliver not just products but reliable solutions that enable smoother, safer operations for your business.\" \/>\n<meta property=\"og:url\" content=\"https:\/\/qingdaohf.com\/sl\/izdelek\/veriga-s-cepi\/\" \/>\n<meta property=\"og:site_name\" content=\"Concrete Form &amp; Rigging Hardware Supplier\" \/>\n<meta property=\"article:publisher\" content=\"https:\/\/www.facebook.com\/qingdaohf\" \/>\n<meta property=\"article:modified_time\" content=\"2025-11-13T01:02:54+00:00\" \/>\n<meta property=\"og:image\" content=\"https:\/\/qingdaohf.com\/wp-content\/uploads\/2023\/04\/Marine-anchor-chain.jpg\" \/>\n\t<meta property=\"og:image:width\" content=\"1000\" \/>\n\t<meta property=\"og:image:height\" content=\"1000\" \/>\n\t<meta property=\"og:image:type\" content=\"image\/jpeg\" \/>\n<meta name=\"twitter:card\" content=\"summary_large_image\" \/>\n<meta name=\"twitter:label1\" content=\"Est. reading time\" \/>\n\t<meta name=\"twitter:data1\" content=\"4 minute\" \/>\n<script type=\"application\/ld+json\" class=\"yoast-schema-graph\">{\"@context\":\"https:\/\/schema.org\",\"@graph\":[{\"@type\":\"WebPage\",\"@id\":\"https:\/\/qingdaohf.com\/product\/stud-link-chain\/\",\"url\":\"https:\/\/qingdaohf.com\/product\/stud-link-chain\/\",\"name\":\"Stud Link Anchor Chain\",\"isPartOf\":{\"@id\":\"https:\/\/qingdaohf.com\/bg\/#website\"},\"primaryImageOfPage\":{\"@id\":\"https:\/\/qingdaohf.com\/product\/stud-link-chain\/#primaryimage\"},\"image\":{\"@id\":\"https:\/\/qingdaohf.com\/product\/stud-link-chain\/#primaryimage\"},\"thumbnailUrl\":\"https:\/\/qingdaohf.com\/wp-content\/uploads\/2023\/04\/Marine-anchor-chain.jpg\",\"datePublished\":\"2024-10-29T08:52:37+00:00\",\"dateModified\":\"2025-11-13T01:02:54+00:00\",\"breadcrumb\":{\"@id\":\"https:\/\/qingdaohf.com\/product\/stud-link-chain\/#breadcrumb\"},\"inLanguage\":\"sl-SI\",\"potentialAction\":[{\"@type\":\"ReadAction\",\"target\":[\"https:\/\/qingdaohf.com\/product\/stud-link-chain\/\"]}]},{\"@type\":\"ImageObject\",\"inLanguage\":\"sl-SI\",\"@id\":\"https:\/\/qingdaohf.com\/product\/stud-link-chain\/#primaryimage\",\"url\":\"https:\/\/qingdaohf.com\/wp-content\/uploads\/2023\/04\/Marine-anchor-chain.jpg\",\"contentUrl\":\"https:\/\/qingdaohf.com\/wp-content\/uploads\/2023\/04\/Marine-anchor-chain.jpg\",\"width\":1000,\"height\":1000,\"caption\":\"Marine anchor chain\"},{\"@type\":\"BreadcrumbList\",\"@id\":\"https:\/\/qingdaohf.com\/product\/stud-link-chain\/#breadcrumb\",\"itemListElement\":[{\"@type\":\"ListItem\",\"position\":1,\"name\":\"Home\",\"item\":\"https:\/\/qingdaohf.com\/\"},{\"@type\":\"ListItem\",\"position\":2,\"name\":\"Concrete Forming Accessories and Rigging Hardware\",\"item\":\"https:\/\/qingdaohf.com\/bg\/?page_id=944\"},{\"@type\":\"ListItem\",\"position\":3,\"name\":\"Stud Link Anchor Chain\"}]},{\"@type\":\"WebSite\",\"@id\":\"https:\/\/qingdaohf.com\/bg\/#website\",\"url\":\"https:\/\/qingdaohf.com\/bg\/\",\"name\":\"Concrete Form & Rigging Hardware Supplier\",\"description\":\"\",\"publisher\":{\"@id\":\"https:\/\/qingdaohf.com\/bg\/#organization\"},\"potentialAction\":[{\"@type\":\"SearchAction\",\"target\":{\"@type\":\"EntryPoint\",\"urlTemplate\":\"https:\/\/qingdaohf.com\/bg\/?s={search_term_string}\"},\"query-input\":{\"@type\":\"PropertyValueSpecification\",\"valueRequired\":true,\"valueName\":\"search_term_string\"}}],\"inLanguage\":\"sl-SI\"},{\"@type\":\"Organization\",\"@id\":\"https:\/\/qingdaohf.com\/bg\/#organization\",\"name\":\"Qingdao H&F\",\"url\":\"https:\/\/qingdaohf.com\/bg\/\",\"logo\":{\"@type\":\"ImageObject\",\"inLanguage\":\"sl-SI\",\"@id\":\"https:\/\/qingdaohf.com\/bg\/#\/schema\/logo\/image\/\",\"url\":\"https:\/\/qingdaohf.com\/wp-content\/uploads\/2022\/12\/cropped-HF-LOGO.png\",\"contentUrl\":\"https:\/\/qingdaohf.com\/wp-content\/uploads\/2022\/12\/cropped-HF-LOGO.png\",\"width\":391,\"height\":249,\"caption\":\"Qingdao H&F\"},\"image\":{\"@id\":\"https:\/\/qingdaohf.com\/bg\/#\/schema\/logo\/image\/\"},\"sameAs\":[\"https:\/\/www.facebook.com\/qingdaohf\"]}]}<\/script>\n<!-- \/ Yoast SEO plugin. -->","yoast_head_json":{"title":"Stud Link Anchor Chain","robots":{"index":"index","follow":"follow","max-snippet":"max-snippet:-1","max-image-preview":"max-image-preview:large","max-video-preview":"max-video-preview:-1"},"canonical":"https:\/\/qingdaohf.com\/sl\/izdelek\/veriga-s-cepi\/","og_locale":"sl_SI","og_type":"article","og_title":"Stud Link Anchor Chain","og_description":"A Stud Link Chain offers robust strength and stability, ideal for heavy-duty applications where durability and reliability are paramount. Buyers often prioritize factors like material quality, load-bearing capacity, and resistance to harsh environments when selecting a Stud Link Chain. At Qingdao H&amp;F, we prioritize these needs by ensuring every chain meets stringent quality standards and providing detailed inspection reports, including proof load and tensile strength data. With our one-on-one customer service approach and efficient delivery cycle, we deliver not just products but reliable solutions that enable smoother, safer operations for your business.","og_url":"https:\/\/qingdaohf.com\/sl\/izdelek\/veriga-s-cepi\/","og_site_name":"Concrete Form &amp; Rigging Hardware Supplier","article_publisher":"https:\/\/www.facebook.com\/qingdaohf","article_modified_time":"2025-11-13T01:02:54+00:00","og_image":[{"width":1000,"height":1000,"url":"https:\/\/qingdaohf.com\/wp-content\/uploads\/2023\/04\/Marine-anchor-chain.jpg","type":"image\/jpeg"}],"twitter_card":"summary_large_image","twitter_misc":{"Est. reading time":"4 minute"},"schema":{"@context":"https:\/\/schema.org","@graph":[{"@type":"WebPage","@id":"https:\/\/qingdaohf.com\/product\/stud-link-chain\/","url":"https:\/\/qingdaohf.com\/product\/stud-link-chain\/","name":"Stud Link Anchor Chain","isPartOf":{"@id":"https:\/\/qingdaohf.com\/bg\/#website"},"primaryImageOfPage":{"@id":"https:\/\/qingdaohf.com\/product\/stud-link-chain\/#primaryimage"},"image":{"@id":"https:\/\/qingdaohf.com\/product\/stud-link-chain\/#primaryimage"},"thumbnailUrl":"https:\/\/qingdaohf.com\/wp-content\/uploads\/2023\/04\/Marine-anchor-chain.jpg","datePublished":"2024-10-29T08:52:37+00:00","dateModified":"2025-11-13T01:02:54+00:00","breadcrumb":{"@id":"https:\/\/qingdaohf.com\/product\/stud-link-chain\/#breadcrumb"},"inLanguage":"sl-SI","potentialAction":[{"@type":"ReadAction","target":["https:\/\/qingdaohf.com\/product\/stud-link-chain\/"]}]},{"@type":"ImageObject","inLanguage":"sl-SI","@id":"https:\/\/qingdaohf.com\/product\/stud-link-chain\/#primaryimage","url":"https:\/\/qingdaohf.com\/wp-content\/uploads\/2023\/04\/Marine-anchor-chain.jpg","contentUrl":"https:\/\/qingdaohf.com\/wp-content\/uploads\/2023\/04\/Marine-anchor-chain.jpg","width":1000,"height":1000,"caption":"Marine anchor chain"},{"@type":"BreadcrumbList","@id":"https:\/\/qingdaohf.com\/product\/stud-link-chain\/#breadcrumb","itemListElement":[{"@type":"ListItem","position":1,"name":"Home","item":"https:\/\/qingdaohf.com\/"},{"@type":"ListItem","position":2,"name":"Concrete Forming Accessories and Rigging Hardware","item":"https:\/\/qingdaohf.com\/bg\/?page_id=944"},{"@type":"ListItem","position":3,"name":"Stud Link Anchor Chain"}]},{"@type":"WebSite","@id":"https:\/\/qingdaohf.com\/bg\/#website","url":"https:\/\/qingdaohf.com\/bg\/","name":"Concrete Form & Rigging Hardware Supplier","description":"","publisher":{"@id":"https:\/\/qingdaohf.com\/bg\/#organization"},"potentialAction":[{"@type":"SearchAction","target":{"@type":"EntryPoint","urlTemplate":"https:\/\/qingdaohf.com\/bg\/?s={search_term_string}"},"query-input":{"@type":"PropertyValueSpecification","valueRequired":true,"valueName":"search_term_string"}}],"inLanguage":"sl-SI"},{"@type":"Organization","@id":"https:\/\/qingdaohf.com\/bg\/#organization","name":"Qingdao H&F","url":"https:\/\/qingdaohf.com\/bg\/","logo":{"@type":"ImageObject","inLanguage":"sl-SI","@id":"https:\/\/qingdaohf.com\/bg\/#\/schema\/logo\/image\/","url":"https:\/\/qingdaohf.com\/wp-content\/uploads\/2022\/12\/cropped-HF-LOGO.png","contentUrl":"https:\/\/qingdaohf.com\/wp-content\/uploads\/2022\/12\/cropped-HF-LOGO.png","width":391,"height":249,"caption":"Qingdao H&F"},"image":{"@id":"https:\/\/qingdaohf.com\/bg\/#\/schema\/logo\/image\/"},"sameAs":["https:\/\/www.facebook.com\/qingdaohf"]}]}},"_links":{"self":[{"href":"https:\/\/qingdaohf.com\/sl\/wp-json\/wp\/v2\/product\/8181","targetHints":{"allow":["GET"]}}],"collection":[{"href":"https:\/\/qingdaohf.com\/sl\/wp-json\/wp\/v2\/product"}],"about":[{"href":"https:\/\/qingdaohf.com\/sl\/wp-json\/wp\/v2\/types\/product"}],"replies":[{"embeddable":true,"href":"https:\/\/qingdaohf.com\/sl\/wp-json\/wp\/v2\/comments?post=8181"}],"version-history":[{"count":2,"href":"https:\/\/qingdaohf.com\/sl\/wp-json\/wp\/v2\/product\/8181\/revisions"}],"predecessor-version":[{"id":8341,"href":"https:\/\/qingdaohf.com\/sl\/wp-json\/wp\/v2\/product\/8181\/revisions\/8341"}],"wp:featuredmedia":[{"embeddable":true,"href":"https:\/\/qingdaohf.com\/sl\/wp-json\/wp\/v2\/media\/4678"}],"wp:attachment":[{"href":"https:\/\/qingdaohf.com\/sl\/wp-json\/wp\/v2\/media?parent=8181"}],"wp:term":[{"taxonomy":"product_brand","embeddable":true,"href":"https:\/\/qingdaohf.com\/sl\/wp-json\/wp\/v2\/product_brand?post=8181"},{"taxonomy":"product_cat","embeddable":true,"href":"https:\/\/qingdaohf.com\/sl\/wp-json\/wp\/v2\/product_cat?post=8181"},{"taxonomy":"product_tag","embeddable":true,"href":"https:\/\/qingdaohf.com\/sl\/wp-json\/wp\/v2\/product_tag?post=8181"}],"curies":[{"name":"wp","href":"https:\/\/api.w.org\/{rel}","templated":true}]}}