{"id":8277,"date":"2024-11-05T14:01:41","date_gmt":"2024-11-05T06:01:41","guid":{"rendered":"http:\/\/qingdaohf.com\/?post_type=product&#038;p=8277"},"modified":"2025-11-13T09:02:53","modified_gmt":"2025-11-13T01:02:53","slug":"webbing-sling-2-ton","status":"publish","type":"product","link":"https:\/\/qingdaohf.com\/sl\/izdelek\/jermenska-zanka-2-toni\/","title":{"rendered":"Plo\u0161\u010dati jermeni Sling 2 Ton Poliester Double Duplex"},"content":{"rendered":"<div class=\"flex max-w-full flex-col flex-grow\">\n<div class=\"min-h-8 text-message flex w-full flex-col items-end gap-2 whitespace-normal break-words [.text-message+&amp;]:mt-5\" dir=\"auto\" data-message-author-role=\"assistant\" data-message-id=\"df1a8cb9-4730-4671-a7fd-4bac8c133d3f\" data-message-model-slug=\"gpt-4o\">\n<div class=\"flex w-full flex-col gap-1 empty:hidden first:pt-[3px]\">\n<div class=\"markdown prose w-full break-words dark:prose-invert light\">\n<h3><strong>Vsestranski 2-Ton Webbing Sling za robustne re\u0161itve za dviganje<\/strong><\/h3>\n<p>2-tonska zanka je klju\u010dno orodje za varno dvigovanje in prena\u0161anje te\u017ekih bremen v razli\u010dnih panogah. Ta zanka je izdelana iz visokokakovostnih sinteti\u010dnih vlaken, je mo\u010dna in pro\u017ena ter zdru\u017euje vzdr\u017eljivost, ki je potrebna v zahtevnih razmerah, z enostavno uporabo. Dvotonska nosilnost je primerna za srednje velike tovore, zato je zelo vsestranska v sektorjih, kot so gradbeni\u0161tvo, skladi\u0161\u010denje, ladijski promet in proizvodnja. Dvotonska zanka za trakove Qingdao H&amp;F je zanesljiva re\u0161itev, ki izpolnjuje pri\u010dakovanja strokovnjakov na razli\u010dnih podro\u010djih glede zmogljivosti in varnosti.<\/p>\n<p>V panogah, kjer je dvigovanje te\u017ekih bremen sestavni del, je zagotavljanje varnosti in zanesljivosti opreme bistvenega pomena. Dvotonska jermenska zanka podjetja Qingdao H&amp;F je posebej zasnovana tako, da zagotavlja optimalno trdnost brez zmanj\u0161anja pro\u017enosti, kar omogo\u010da varno in u\u010dinkovito prena\u0161anje tovora. Kupci i\u0161\u010dejo kombinacijo visoke nosilnosti, vzdr\u017eljivosti in odpornosti proti obrabi, vse te lastnosti pa so skrbno vklju\u010dene v zasnovo te zanke. Zaradi svoje sinteti\u010dne konstrukcije je 2-tonska zanka la\u017eja in la\u017eje obvladljiva kot kovinske alternative, kar zmanj\u0161uje verjetnost utrujenosti upravljavca in pove\u010duje splo\u0161no varnost.<\/p>\n<p>Podjetje Qingdao H&amp;F dopolnjuje vrhunsko kakovost svojih trakov s storitvami, usmerjenimi k strankam. Vsak izdelek je podvr\u017een strogemu pregledu, ki ga spremljajo iz\u010drpna poro\u010dila o kakovosti, ki kupcem zagotavljajo popolno zaupanje v njihov nakup. Na\u0161 individualni pristop k storitvam za stranke zagotavlja, da so izpolnjene edinstvene potrebe vsakega kupca, na\u0161 u\u010dinkovit postopek dostave pa zagotavlja pravo\u010dasen prihod za neprekinjen potek dela na projektu.<\/p>\n<h3><strong>Kakovost konstrukcije in materialov za dolgotrajno delovanje<\/strong><\/h3>\n<p>Materialna sestava 2-tonske jermenske zanke je ena od njenih zna\u010dilnih lastnosti, saj je izbrana tako, da zdr\u017ei ve\u010dkratno uporabo v zahtevnih razmerah. Obi\u010dajno je izdelan iz poliestra ali najlona, vsak material pa prina\u0161a posebne prednosti. Poliesterske zanke so na primer odporne na vlago in UV-\u017earke, zato so idealne za zunanjo in dolgotrajno uporabo. Najlonske zanke, znane po svoji elasti\u010dnosti, odli\u010dno absorbirajo udarce, kar je dragoceno pri ravnanju z dinami\u010dnimi obremenitvami. Ne glede na material je vsaka zanka skrbno testirana, da se potrdi, da lahko varno prenese do 2 toni.<\/p>\n<p>Proizvodni procesi so skrbno nadzorovani, da se zagotovita enotnost in zanesljivost. Od izbire vlaken do kon\u010dnega tkanja je vsak korak narejen z mislijo na vzdr\u017eljivost, kar zagotavlja, da zanka ostane mo\u010dna skozi \u010das. Oja\u010dane zanke in proti obrabi odporne obloge dodatno podalj\u0161ajo \u017eivljenjsko dobo izdelka, kar zagotavlja vrednost kupcem, ki i\u0161\u010dejo visoko zmogljive in stro\u0161kovno u\u010dinkovite re\u0161itve za dvigovanje. Podjetje Qingdao H&amp;F z vsako zanko zagotavlja, da je izdelek preizku\u0161en glede varnosti, zanesljivosti in dolgo\u017eivosti ter izpolnjuje stroge standarde panog, ki se zana\u0161ajo na zanesljivo dvi\u017eno opremo.<\/p>\n<h3><strong>Uporaba v razli\u010dnih panogah<\/strong><\/h3>\n<p>Zaradi prilagodljivosti je 2-tonska jermenska zanka uporabna na razli\u010dnih podro\u010djih, vklju\u010dno z logistiko, gradbeni\u0161tvom in industrijskim vzdr\u017eevanjem. V gradbeni\u0161tvu je na primer ta razpon nosilnosti primeren za name\u0161\u010danje nosilcev, pritrjevanje te\u017ekih strojev ali premikanje osnovnih gradbenih materialov. Lahka, a robustna zasnova jermenskih obes poenostavi ravnanje z bremenom v teh scenarijih, sinteti\u010dni material pa v nasprotju z jeklenimi verigami zmanj\u0161uje tveganje po\u0161kodb na povr\u0161ini. V logistiki in skladi\u0161\u010denju je 2-tonska zmogljivost primerna za po\u0161iljke in materiale srednje te\u017ee, kar je idealno za primere, ki zahtevajo tako stabilnost tovora kot tudi previdno ravnanje z njim.<\/p>\n<p>Poleg trdnosti in vzdr\u017eljivosti kupci pogosto cenijo tudi prilagodljivost, ki jo nudijo trakovi v primerjavi s tradicionalnimi dvi\u017enimi verigami ali vrvmi. Sinteti\u010dni material omogo\u010da la\u017eje manevriranje, zato je prakti\u010den za dvigovanje v zaprtih prostorih ali pri edinstvenih konfiguracijah bremena. Poleg tega zasnova 2-tonske jermenske zanke omogo\u010da varnej\u0161a in stabilnej\u0161a dvigovanja, kar pove\u010duje zaupanje upravljavca in zmanj\u0161uje tveganje nesre\u010d ali po\u0161kodb materiala. Ker se podjetje Qingdao H&amp;F osredoto\u010da na kakovost in zmogljivost, je vsaka zanka prakti\u010dna, varna in vsestranska re\u0161itev, primerna za razli\u010dne panoge.<\/p>\n<h3><strong>Zavezanost podjetja Qingdao H&amp;F k storitvam in zagotavljanju kakovosti<\/strong><\/h3>\n<p>Qingdao H&amp;F ne zagotavlja le visokokakovostnih izdelkov, temve\u010d se osredoto\u010da tudi na zagotavljanje izjemne nakupne izku\u0161nje. 2-tonska zanka je opremljena z iz\u010drpnim poro\u010dilom o pregledu, ki zagotavlja preglednost kakovosti izdelkov in skladnost z industrijskimi standardi. V vsakem poro\u010dilu so podrobno opisane kriti\u010dne metrike u\u010dinkovitosti, kar kupcem zagotavlja zaupanje v njihovo nalo\u017ebo. S preverjanjem nosilnosti in potrjevanjem trajnosti izdelka ta poro\u010dila ponujajo bistvene vpoglede za podjetja, ki dajejo prednost varnim in u\u010dinkovitim re\u0161itvam za dvigovanje.<\/p>\n<p>Poleg tega zavezanost podjetja Qingdao H&amp;F k storitvam za stranke pove\u010duje vrednost na\u0161ih trakov. Na\u0161a ekipa strankam z individualno podporo pomaga pri izbiri izdelkov, prilagojenih njihovim operativnim potrebam. Ta prilagojena storitev se nadaljuje tudi po nakupu, saj zagotavlja smernice za vzdr\u017eevanje, ki podalj\u0161ujejo \u017eivljenjsko dobo izdelka. Poleg tega so na\u0161i hitri dobavni cikli usklajeni s \u010dasovno ob\u010dutljivimi zahtevami na\u0161ih strank, kar jim zagotavlja, da svoje zanke prejmejo takoj in se tako izognejo zamudam pri svojem delovanju.<\/p>\n<p>Podjetje Qingdao H&amp;F, ki se osredoto\u010da na kakovost, zanesljivost in u\u010dinkovite storitve, kupcem ponuja celovito re\u0161itev s svojo 2-tonsko vrvjo za trakove. Ta izdelek utele\u0161a trdnost in prilagodljivost, skupaj s predanostjo izpolnjevanju logisti\u010dnih in varnostnih potreb strank. Kupci z vsakim trakom ne pridobijo le vrhunskega dvi\u017enega orodja, temve\u010d tudi podporo in zagotovilo podjetja, ki si prizadeva za odli\u010dnost.<\/p>\n<\/div>\n<\/div>\n<\/div>\n<\/div>\n<div class=\"mb-2 flex gap-3 empty:hidden -ml-2\">\n<div class=\"items-center justify-start rounded-xl p-1 flex\">\n<div class=\"flex items-center\"><\/div>\n<\/div>\n<\/div>","protected":false},"excerpt":{"rendered":"<p>Dvotonska zanka za trakove podjetja Qingdao H&amp;F je zanesljiva in zmogljiva re\u0161itev za razli\u010dne na\u010dine dvigovanja. Kupci pogosto dajejo prednost dejavnikom, kot so varnost tovora, vzdr\u017eljivost in enostavnost rokovanja, kar vse zagotavlja ta jermenska zanka. Izdelan je iz mo\u010dnih sinteti\u010dnih vlaken, zato je odporen na zahtevne pogoje in zagotavlja zanesljivo delovanje. Kot trgovsko podjetje Qingdao H&amp;F zagotavlja pomembne prednosti, vklju\u010dno z individualnimi storitvami za stranke, hitrimi dobavnimi cikli in podrobnimi poro\u010dili o pregledu kakovosti, kar zagotavlja, da vsak izdelek izpolnjuje stroge standarde in pri\u010dakovanja kupcev.<\/p>","protected":false},"featured_media":8196,"comment_status":"open","ping_status":"closed","template":"","meta":{"site-sidebar-layout":"default","site-content-layout":"","ast-site-content-layout":"default","site-content-style":"default","site-sidebar-style":"default","ast-global-header-display":"","ast-banner-title-visibility":"","ast-main-header-display":"","ast-hfb-above-header-display":"","ast-hfb-below-header-display":"","ast-hfb-mobile-header-display":"","site-post-title":"","ast-breadcrumbs-content":"","ast-featured-img":"","footer-sml-layout":"","theme-transparent-header-meta":"default","adv-header-id-meta":"","stick-header-meta":"default","header-above-stick-meta":"","header-main-stick-meta":"","header-below-stick-meta":"","astra-migrate-meta-layouts":"set","ast-page-background-enabled":"default","ast-page-background-meta":{"desktop":{"background-color":"","background-image":"","background-repeat":"repeat","background-position":"center center","background-size":"auto","background-attachment":"scroll","background-type":"","background-media":"","overlay-type":"","overlay-color":"","overlay-opacity":"","overlay-gradient":""},"tablet":{"background-color":"","background-image":"","background-repeat":"repeat","background-position":"center center","background-size":"auto","background-attachment":"scroll","background-type":"","background-media":"","overlay-type":"","overlay-color":"","overlay-opacity":"","overlay-gradient":""},"mobile":{"background-color":"","background-image":"","background-repeat":"repeat","background-position":"center center","background-size":"auto","background-attachment":"scroll","background-type":"","background-media":"","overlay-type":"","overlay-color":"","overlay-opacity":"","overlay-gradient":""}},"ast-content-background-meta":{"desktop":{"background-color":"var(--ast-global-color-5)","background-image":"","background-repeat":"repeat","background-position":"center center","background-size":"auto","background-attachment":"scroll","background-type":"","background-media":"","overlay-type":"","overlay-color":"","overlay-opacity":"","overlay-gradient":""},"tablet":{"background-color":"var(--ast-global-color-5)","background-image":"","background-repeat":"repeat","background-position":"center center","background-size":"auto","background-attachment":"scroll","background-type":"","background-media":"","overlay-type":"","overlay-color":"","overlay-opacity":"","overlay-gradient":""},"mobile":{"background-color":"var(--ast-global-color-5)","background-image":"","background-repeat":"repeat","background-position":"center center","background-size":"auto","background-attachment":"scroll","background-type":"","background-media":"","overlay-type":"","overlay-color":"","overlay-opacity":"","overlay-gradient":""}}},"product_brand":[],"product_cat":[39],"product_tag":[],"class_list":{"0":"post-8277","1":"product","2":"type-product","3":"status-publish","4":"has-post-thumbnail","6":"product_cat-webbing-sling","7":"desktop-align-left","8":"tablet-align-left","9":"mobile-align-left","10":"ast-product-gallery-layout-horizontal-slider","11":"ast-product-gallery-with-no-image","12":"ast-product-tabs-layout-horizontal","14":"first","15":"instock","16":"shipping-taxable","17":"purchasable","18":"product-type-simple"},"yoast_head":"<!-- This site is optimized with the Yoast SEO plugin v25.2 - https:\/\/yoast.com\/wordpress\/plugins\/seo\/ -->\n<title>Flat Webbing Sling 2 Ton Polyester Double Duplex<\/title>\n<meta name=\"robots\" content=\"index, follow, max-snippet:-1, max-image-preview:large, max-video-preview:-1\" \/>\n<link rel=\"canonical\" href=\"https:\/\/qingdaohf.com\/sl\/izdelek\/jermenska-zanka-2-toni\/\" \/>\n<meta property=\"og:locale\" content=\"sl_SI\" \/>\n<meta property=\"og:type\" content=\"article\" \/>\n<meta property=\"og:title\" content=\"Flat Webbing Sling 2 Ton Polyester Double Duplex\" \/>\n<meta property=\"og:description\" content=\"The 2-ton webbing sling from Qingdao H&amp;F is a dependable, high-capacity solution for various lifting applications. Buyers often prioritize factors like load security, durability, and ease of handling, all of which this webbing sling provides. Crafted with strong synthetic fibers, it withstands demanding conditions, offering reliable performance. As a trading company, Qingdao H&amp;F delivers significant benefits, including one-to-one customer service, rapid delivery cycles, and detailed quality inspection reports, ensuring each product meets rigorous standards and buyer expectations.\" \/>\n<meta property=\"og:url\" content=\"https:\/\/qingdaohf.com\/sl\/izdelek\/jermenska-zanka-2-toni\/\" \/>\n<meta property=\"og:site_name\" content=\"Concrete Form &amp; Rigging Hardware Supplier\" \/>\n<meta property=\"article:publisher\" content=\"https:\/\/www.facebook.com\/qingdaohf\" \/>\n<meta property=\"article:modified_time\" content=\"2025-11-13T01:02:53+00:00\" \/>\n<meta property=\"og:image\" content=\"https:\/\/qingdaohf.com\/wp-content\/uploads\/2024\/10\/2-ton_1.webp\" \/>\n\t<meta property=\"og:image:width\" content=\"1000\" \/>\n\t<meta property=\"og:image:height\" content=\"1000\" \/>\n\t<meta property=\"og:image:type\" content=\"image\/webp\" \/>\n<meta name=\"twitter:card\" content=\"summary_large_image\" \/>\n<meta name=\"twitter:label1\" content=\"Est. reading time\" \/>\n\t<meta name=\"twitter:data1\" content=\"4 minute\" \/>\n<script type=\"application\/ld+json\" class=\"yoast-schema-graph\">{\"@context\":\"https:\/\/schema.org\",\"@graph\":[{\"@type\":\"WebPage\",\"@id\":\"https:\/\/qingdaohf.com\/product\/webbing-sling-2-ton\/\",\"url\":\"https:\/\/qingdaohf.com\/product\/webbing-sling-2-ton\/\",\"name\":\"Flat Webbing Sling 2 Ton Polyester Double Duplex\",\"isPartOf\":{\"@id\":\"https:\/\/qingdaohf.com\/bg\/#website\"},\"primaryImageOfPage\":{\"@id\":\"https:\/\/qingdaohf.com\/product\/webbing-sling-2-ton\/#primaryimage\"},\"image\":{\"@id\":\"https:\/\/qingdaohf.com\/product\/webbing-sling-2-ton\/#primaryimage\"},\"thumbnailUrl\":\"https:\/\/qingdaohf.com\/wp-content\/uploads\/2024\/10\/2-ton_1.webp\",\"datePublished\":\"2024-11-05T06:01:41+00:00\",\"dateModified\":\"2025-11-13T01:02:53+00:00\",\"breadcrumb\":{\"@id\":\"https:\/\/qingdaohf.com\/product\/webbing-sling-2-ton\/#breadcrumb\"},\"inLanguage\":\"sl-SI\",\"potentialAction\":[{\"@type\":\"ReadAction\",\"target\":[\"https:\/\/qingdaohf.com\/product\/webbing-sling-2-ton\/\"]}]},{\"@type\":\"ImageObject\",\"inLanguage\":\"sl-SI\",\"@id\":\"https:\/\/qingdaohf.com\/product\/webbing-sling-2-ton\/#primaryimage\",\"url\":\"https:\/\/qingdaohf.com\/wp-content\/uploads\/2024\/10\/2-ton_1.webp\",\"contentUrl\":\"https:\/\/qingdaohf.com\/wp-content\/uploads\/2024\/10\/2-ton_1.webp\",\"width\":1000,\"height\":1000,\"caption\":\"webbing sling 2 ton\"},{\"@type\":\"BreadcrumbList\",\"@id\":\"https:\/\/qingdaohf.com\/product\/webbing-sling-2-ton\/#breadcrumb\",\"itemListElement\":[{\"@type\":\"ListItem\",\"position\":1,\"name\":\"Home\",\"item\":\"https:\/\/qingdaohf.com\/\"},{\"@type\":\"ListItem\",\"position\":2,\"name\":\"Concrete Forming Accessories and Rigging Hardware\",\"item\":\"https:\/\/qingdaohf.com\/bg\/?page_id=944\"},{\"@type\":\"ListItem\",\"position\":3,\"name\":\"Flat Webbing Sling 2 Ton Polyester Double Duplex\"}]},{\"@type\":\"WebSite\",\"@id\":\"https:\/\/qingdaohf.com\/bg\/#website\",\"url\":\"https:\/\/qingdaohf.com\/bg\/\",\"name\":\"Concrete Form & Rigging Hardware Supplier\",\"description\":\"\",\"publisher\":{\"@id\":\"https:\/\/qingdaohf.com\/bg\/#organization\"},\"potentialAction\":[{\"@type\":\"SearchAction\",\"target\":{\"@type\":\"EntryPoint\",\"urlTemplate\":\"https:\/\/qingdaohf.com\/bg\/?s={search_term_string}\"},\"query-input\":{\"@type\":\"PropertyValueSpecification\",\"valueRequired\":true,\"valueName\":\"search_term_string\"}}],\"inLanguage\":\"sl-SI\"},{\"@type\":\"Organization\",\"@id\":\"https:\/\/qingdaohf.com\/bg\/#organization\",\"name\":\"Qingdao H&F\",\"url\":\"https:\/\/qingdaohf.com\/bg\/\",\"logo\":{\"@type\":\"ImageObject\",\"inLanguage\":\"sl-SI\",\"@id\":\"https:\/\/qingdaohf.com\/bg\/#\/schema\/logo\/image\/\",\"url\":\"https:\/\/qingdaohf.com\/wp-content\/uploads\/2022\/12\/cropped-HF-LOGO.png\",\"contentUrl\":\"https:\/\/qingdaohf.com\/wp-content\/uploads\/2022\/12\/cropped-HF-LOGO.png\",\"width\":391,\"height\":249,\"caption\":\"Qingdao H&F\"},\"image\":{\"@id\":\"https:\/\/qingdaohf.com\/bg\/#\/schema\/logo\/image\/\"},\"sameAs\":[\"https:\/\/www.facebook.com\/qingdaohf\"]}]}<\/script>\n<!-- \/ Yoast SEO plugin. -->","yoast_head_json":{"title":"Flat Webbing Sling 2 Ton Polyester Double Duplex","robots":{"index":"index","follow":"follow","max-snippet":"max-snippet:-1","max-image-preview":"max-image-preview:large","max-video-preview":"max-video-preview:-1"},"canonical":"https:\/\/qingdaohf.com\/sl\/izdelek\/jermenska-zanka-2-toni\/","og_locale":"sl_SI","og_type":"article","og_title":"Flat Webbing Sling 2 Ton Polyester Double Duplex","og_description":"The 2-ton webbing sling from Qingdao H&amp;F is a dependable, high-capacity solution for various lifting applications. Buyers often prioritize factors like load security, durability, and ease of handling, all of which this webbing sling provides. Crafted with strong synthetic fibers, it withstands demanding conditions, offering reliable performance. As a trading company, Qingdao H&amp;F delivers significant benefits, including one-to-one customer service, rapid delivery cycles, and detailed quality inspection reports, ensuring each product meets rigorous standards and buyer expectations.","og_url":"https:\/\/qingdaohf.com\/sl\/izdelek\/jermenska-zanka-2-toni\/","og_site_name":"Concrete Form &amp; Rigging Hardware Supplier","article_publisher":"https:\/\/www.facebook.com\/qingdaohf","article_modified_time":"2025-11-13T01:02:53+00:00","og_image":[{"width":1000,"height":1000,"url":"https:\/\/qingdaohf.com\/wp-content\/uploads\/2024\/10\/2-ton_1.webp","type":"image\/webp"}],"twitter_card":"summary_large_image","twitter_misc":{"Est. reading time":"4 minute"},"schema":{"@context":"https:\/\/schema.org","@graph":[{"@type":"WebPage","@id":"https:\/\/qingdaohf.com\/product\/webbing-sling-2-ton\/","url":"https:\/\/qingdaohf.com\/product\/webbing-sling-2-ton\/","name":"Flat Webbing Sling 2 Ton Polyester Double Duplex","isPartOf":{"@id":"https:\/\/qingdaohf.com\/bg\/#website"},"primaryImageOfPage":{"@id":"https:\/\/qingdaohf.com\/product\/webbing-sling-2-ton\/#primaryimage"},"image":{"@id":"https:\/\/qingdaohf.com\/product\/webbing-sling-2-ton\/#primaryimage"},"thumbnailUrl":"https:\/\/qingdaohf.com\/wp-content\/uploads\/2024\/10\/2-ton_1.webp","datePublished":"2024-11-05T06:01:41+00:00","dateModified":"2025-11-13T01:02:53+00:00","breadcrumb":{"@id":"https:\/\/qingdaohf.com\/product\/webbing-sling-2-ton\/#breadcrumb"},"inLanguage":"sl-SI","potentialAction":[{"@type":"ReadAction","target":["https:\/\/qingdaohf.com\/product\/webbing-sling-2-ton\/"]}]},{"@type":"ImageObject","inLanguage":"sl-SI","@id":"https:\/\/qingdaohf.com\/product\/webbing-sling-2-ton\/#primaryimage","url":"https:\/\/qingdaohf.com\/wp-content\/uploads\/2024\/10\/2-ton_1.webp","contentUrl":"https:\/\/qingdaohf.com\/wp-content\/uploads\/2024\/10\/2-ton_1.webp","width":1000,"height":1000,"caption":"webbing sling 2 ton"},{"@type":"BreadcrumbList","@id":"https:\/\/qingdaohf.com\/product\/webbing-sling-2-ton\/#breadcrumb","itemListElement":[{"@type":"ListItem","position":1,"name":"Home","item":"https:\/\/qingdaohf.com\/"},{"@type":"ListItem","position":2,"name":"Concrete Forming Accessories and Rigging Hardware","item":"https:\/\/qingdaohf.com\/bg\/?page_id=944"},{"@type":"ListItem","position":3,"name":"Flat Webbing Sling 2 Ton Polyester Double Duplex"}]},{"@type":"WebSite","@id":"https:\/\/qingdaohf.com\/bg\/#website","url":"https:\/\/qingdaohf.com\/bg\/","name":"Concrete Form & Rigging Hardware Supplier","description":"","publisher":{"@id":"https:\/\/qingdaohf.com\/bg\/#organization"},"potentialAction":[{"@type":"SearchAction","target":{"@type":"EntryPoint","urlTemplate":"https:\/\/qingdaohf.com\/bg\/?s={search_term_string}"},"query-input":{"@type":"PropertyValueSpecification","valueRequired":true,"valueName":"search_term_string"}}],"inLanguage":"sl-SI"},{"@type":"Organization","@id":"https:\/\/qingdaohf.com\/bg\/#organization","name":"Qingdao H&F","url":"https:\/\/qingdaohf.com\/bg\/","logo":{"@type":"ImageObject","inLanguage":"sl-SI","@id":"https:\/\/qingdaohf.com\/bg\/#\/schema\/logo\/image\/","url":"https:\/\/qingdaohf.com\/wp-content\/uploads\/2022\/12\/cropped-HF-LOGO.png","contentUrl":"https:\/\/qingdaohf.com\/wp-content\/uploads\/2022\/12\/cropped-HF-LOGO.png","width":391,"height":249,"caption":"Qingdao H&F"},"image":{"@id":"https:\/\/qingdaohf.com\/bg\/#\/schema\/logo\/image\/"},"sameAs":["https:\/\/www.facebook.com\/qingdaohf"]}]}},"_links":{"self":[{"href":"https:\/\/qingdaohf.com\/sl\/wp-json\/wp\/v2\/product\/8277","targetHints":{"allow":["GET"]}}],"collection":[{"href":"https:\/\/qingdaohf.com\/sl\/wp-json\/wp\/v2\/product"}],"about":[{"href":"https:\/\/qingdaohf.com\/sl\/wp-json\/wp\/v2\/types\/product"}],"replies":[{"embeddable":true,"href":"https:\/\/qingdaohf.com\/sl\/wp-json\/wp\/v2\/comments?post=8277"}],"version-history":[{"count":3,"href":"https:\/\/qingdaohf.com\/sl\/wp-json\/wp\/v2\/product\/8277\/revisions"}],"predecessor-version":[{"id":8339,"href":"https:\/\/qingdaohf.com\/sl\/wp-json\/wp\/v2\/product\/8277\/revisions\/8339"}],"wp:featuredmedia":[{"embeddable":true,"href":"https:\/\/qingdaohf.com\/sl\/wp-json\/wp\/v2\/media\/8196"}],"wp:attachment":[{"href":"https:\/\/qingdaohf.com\/sl\/wp-json\/wp\/v2\/media?parent=8277"}],"wp:term":[{"taxonomy":"product_brand","embeddable":true,"href":"https:\/\/qingdaohf.com\/sl\/wp-json\/wp\/v2\/product_brand?post=8277"},{"taxonomy":"product_cat","embeddable":true,"href":"https:\/\/qingdaohf.com\/sl\/wp-json\/wp\/v2\/product_cat?post=8277"},{"taxonomy":"product_tag","embeddable":true,"href":"https:\/\/qingdaohf.com\/sl\/wp-json\/wp\/v2\/product_tag?post=8277"}],"curies":[{"name":"wp","href":"https:\/\/api.w.org\/{rel}","templated":true}]}}