{"id":8291,"date":"2024-11-05T17:59:58","date_gmt":"2024-11-05T09:59:58","guid":{"rendered":"http:\/\/qingdaohf.com\/?post_type=product&#038;p=8291"},"modified":"2025-11-13T09:02:52","modified_gmt":"2025-11-13T01:02:52","slug":"webbing-sling-10-ton","status":"publish","type":"product","link":"https:\/\/qingdaohf.com\/sl\/izdelek\/jermenska-zanka-10-ton\/","title":{"rendered":"Plo\u0161\u010dati jermeni Sling 10 Ton Poliester Double Duplex"},"content":{"rendered":"<h4>Re\u0161itve za dviganje visoke zmogljivosti: Vzdr\u017eljivost in trdnost 10-tonskega traku<\/h4>\n<p>Za industrijske dvi\u017ene naloge, pri katerih je potrebna varna in zmogljiva podpora, je 10-tonska vrv za trakove podjetja Qingdao H&amp;F optimalna re\u0161itev. Ta zanka je izdelana iz poliestra visoke trdnosti in prenese te\u017eo do 10 ton, zato je idealna za panoge, kot so gradbeni\u0161tvo, logistika in proizvodnja. Vzdr\u017eljivost 10-tonskega traku zagotavlja, da ohranja celovitost tudi pri ponavljajo\u010dih se te\u017ekih obremenitvah v zahtevnih okoljih, kar podjetjem zagotavlja trajno in stro\u0161kovno u\u010dinkovito re\u0161itev za njihove potrebe dvigovanja.<\/p>\n<p>Za zagotovitev najvi\u0161jih standardov zanesljivosti in varnosti je vsaka 10-tonska zanka strogo testirana, kupci pa prejmejo poro\u010dilo o pregledu kakovosti, ki potrjuje njeno skladnost z mednarodnimi standardi varnosti in u\u010dinkovitosti. Zavezanost podjetja Qingdao H&amp;F k preglednosti kupcem zagotavlja, da vlagajo v izdelek, ki izpolnjuje vse zakonske zahteve. Hitra dobava, ki jo ponuja podjetje Qingdao H&amp;F, omogo\u010da strankam takoj\u0161en dostop do potrebne opreme, kar zmanj\u0161uje zamude pri poslovanju in pove\u010duje splo\u0161no u\u010dinkovitost.<\/p>\n<h4>Varnost in stabilnost v aplikacijah za dvigovanje te\u017ekih tovorov<\/h4>\n<p>V industrijskih okoljih z visokimi tveganji sta stabilnost in varnost dvi\u017ene opreme klju\u010dnega pomena za varnost in produktivnost. 10-tonska zanka iz traku podjetja Qingdao H&amp;F je zasnovana tako, da zagotavlja izjemno stabilnost tovora in pomaga enakomerno porazdeliti te\u017eo po celotnem bremenu. Tak\u0161na zasnova zmanj\u0161uje tla\u010dne to\u010dke in zmanj\u0161uje tveganje po\u0161kodb ali premikanja tovora med dvigovanjem, kar upravljavcem zagotavlja miren spanec. \u0160iroki, trpe\u017eni poliestrski trakovi so odporni na obrabo, abrazijo in izpostavljenost UV-\u017earkom ter ohranjajo svojo trdnost v zahtevnih razmerah.<\/p>\n<p>Skrbni proizvodni standardi dru\u017ebe Qingdao H&amp;F pove\u010dujejo varnost dvi\u017enih postopkov. Vsaka zanka izpolnjuje ali presega mednarodne industrijske predpise, zato je primerna za razli\u010dne aplikacije, kjer veljajo strogi varnostni protokoli. S strogim nadzorom kakovosti v vsaki fazi proizvodnje dru\u017eba Qingdao H&amp;F zagotavlja, da 10-tonska zanka zagotavlja zanesljivo podporo v najzahtevnej\u0161ih okoljih. Podrobna poro\u010dila o pregledu kakovosti, ki so na voljo z vsako zanko, so dokaz te zavezanosti in podjetjem pomagajo pri zanesljivem vzdr\u017eevanju standardov varnosti in skladnosti.<\/p>\n<h4>Qingdao H&amp;F: Zaupanja vreden partner za visoko zmogljive dvi\u017ene re\u0161itve<\/h4>\n<p>Kot izku\u0161eno trgovsko podjetje B2B z dvema desetletjema izku\u0161enj si podjetje Qingdao H&amp;F prizadeva podpirati podjetja s ponudbo izdelkov, ki zdru\u017eujejo kakovost, varnost in storitve. 10-tonska vrv za trakove je primer pristopa podjetja Qingdao H&amp;F k zagotavljanju zanesljive, visoko zmogljive opreme, ki izpolnjuje prakti\u010dne potrebe industrijskih kupcev. Vsaki zanki je prilo\u017eeno poro\u010dilo o pregledu kakovosti, ki kupcem omogo\u010da jasen vpogled v specifikacije izdelka in zagotavlja popolno preglednost glede njegovega delovanja.<\/p>\n<p>Qingdao H&amp;F's one-on-one customer service model omogo\u010da kupcem, da prejmejo osebno podporo s strani usposobljenih predstavnikov, ki jim pomagajo izbrati idealno dvi\u017eno opremo za njihove posebne zahteve. Ta pozoren pristop skupaj s hitrim in u\u010dinkovitim ciklom dobave dokazuje predanost podjetja Qingdao H&amp;F omogo\u010danju nemotenega nakupnega procesa, ki je usklajen z operativnimi \u010dasovnimi okviri strank. Podjetje Qingdao H&amp;F je zaradi osredoto\u010denosti na zadovoljstvo strank in nadzor kakovosti postalo zaupanja vredno ime na trgu industrijskih dvigal.<\/p>\n<p>10-tonska vrv za trakove podjetja Qingdao H&amp;F je ve\u010d kot le re\u0161itev za dvigovanje - je zanesljiv partner za podjetja, ki si prizadevajo za varnost, u\u010dinkovitost in visoko zmogljivost. Podjetje Qingdao H&amp;F z vsako zanko zagotavlja izdelek, ki izpolnjuje industrijske standarde, hkrati pa zagotavlja varno in u\u010dinkovito mo\u017enost za uporabo pri dvigovanju te\u017ekih bremen.<\/p>","protected":false},"excerpt":{"rendered":"<p>10-tonski jermenski jermen je izdelan za te\u017eka dvigovanja in je zasnovan tako, da izpolnjuje stroge zahteve industrijskih panog, v katerih je nujno varno in zmogljivo dvigovanje. Ta trpe\u017ena zanka prenese do 10 ton, pri \u010demer kupcem odgovarja na njihove glavne skrbi glede trdnosti, varnosti in zanesljivosti. Qingdao H&amp;F kot izku\u0161eno trgovsko podjetje B2B zagotavlja individualno podporo strankam, hitro dostavo in iz\u010drpna poro\u010dila o pregledu kakovosti, s \u010dimer zagotavlja nemoteno nakupno izku\u0161njo, ki daje prednost preglednosti in zadovoljstvu strank.<\/p>","protected":false},"featured_media":8192,"comment_status":"open","ping_status":"closed","template":"","meta":{"site-sidebar-layout":"default","site-content-layout":"","ast-site-content-layout":"default","site-content-style":"default","site-sidebar-style":"default","ast-global-header-display":"","ast-banner-title-visibility":"","ast-main-header-display":"","ast-hfb-above-header-display":"","ast-hfb-below-header-display":"","ast-hfb-mobile-header-display":"","site-post-title":"","ast-breadcrumbs-content":"","ast-featured-img":"","footer-sml-layout":"","theme-transparent-header-meta":"default","adv-header-id-meta":"","stick-header-meta":"default","header-above-stick-meta":"","header-main-stick-meta":"","header-below-stick-meta":"","astra-migrate-meta-layouts":"set","ast-page-background-enabled":"default","ast-page-background-meta":{"desktop":{"background-color":"","background-image":"","background-repeat":"repeat","background-position":"center center","background-size":"auto","background-attachment":"scroll","background-type":"","background-media":"","overlay-type":"","overlay-color":"","overlay-opacity":"","overlay-gradient":""},"tablet":{"background-color":"","background-image":"","background-repeat":"repeat","background-position":"center center","background-size":"auto","background-attachment":"scroll","background-type":"","background-media":"","overlay-type":"","overlay-color":"","overlay-opacity":"","overlay-gradient":""},"mobile":{"background-color":"","background-image":"","background-repeat":"repeat","background-position":"center center","background-size":"auto","background-attachment":"scroll","background-type":"","background-media":"","overlay-type":"","overlay-color":"","overlay-opacity":"","overlay-gradient":""}},"ast-content-background-meta":{"desktop":{"background-color":"var(--ast-global-color-5)","background-image":"","background-repeat":"repeat","background-position":"center center","background-size":"auto","background-attachment":"scroll","background-type":"","background-media":"","overlay-type":"","overlay-color":"","overlay-opacity":"","overlay-gradient":""},"tablet":{"background-color":"var(--ast-global-color-5)","background-image":"","background-repeat":"repeat","background-position":"center center","background-size":"auto","background-attachment":"scroll","background-type":"","background-media":"","overlay-type":"","overlay-color":"","overlay-opacity":"","overlay-gradient":""},"mobile":{"background-color":"var(--ast-global-color-5)","background-image":"","background-repeat":"repeat","background-position":"center center","background-size":"auto","background-attachment":"scroll","background-type":"","background-media":"","overlay-type":"","overlay-color":"","overlay-opacity":"","overlay-gradient":""}}},"product_brand":[],"product_cat":[39],"product_tag":[],"class_list":{"0":"post-8291","1":"product","2":"type-product","3":"status-publish","4":"has-post-thumbnail","6":"product_cat-webbing-sling","7":"desktop-align-left","8":"tablet-align-left","9":"mobile-align-left","10":"ast-product-gallery-layout-horizontal-slider","11":"ast-product-gallery-with-no-image","12":"ast-product-tabs-layout-horizontal","14":"first","15":"instock","16":"shipping-taxable","17":"purchasable","18":"product-type-simple"},"yoast_head":"<!-- This site is optimized with the Yoast SEO plugin v25.2 - https:\/\/yoast.com\/wordpress\/plugins\/seo\/ -->\n<title>Flat Webbing Sling 10 Ton Polyester Double Duplex<\/title>\n<meta name=\"robots\" content=\"index, follow, max-snippet:-1, max-image-preview:large, max-video-preview:-1\" \/>\n<link rel=\"canonical\" href=\"https:\/\/qingdaohf.com\/sl\/izdelek\/jermenska-zanka-10-ton\/\" \/>\n<meta property=\"og:locale\" content=\"sl_SI\" \/>\n<meta property=\"og:type\" content=\"article\" \/>\n<meta property=\"og:title\" content=\"Flat Webbing Sling 10 Ton Polyester Double Duplex\" \/>\n<meta property=\"og:description\" content=\"10-Ton Webbing Sling is built for heavy-duty lifting, designed to meet the stringent demands of industries where secure, high-capacity lifting is essential. This durable sling handles up to 10 tons, addressing buyers&#039; primary concerns about strength, safety, and reliability. As an experienced B2B trading company, Qingdao H&amp;F provides one-on-one customer support, fast delivery, and comprehensive quality inspection reports, ensuring a smooth buying experience that prioritizes transparency and customer satisfaction.\" \/>\n<meta property=\"og:url\" content=\"https:\/\/qingdaohf.com\/sl\/izdelek\/jermenska-zanka-10-ton\/\" \/>\n<meta property=\"og:site_name\" content=\"Concrete Form &amp; Rigging Hardware Supplier\" \/>\n<meta property=\"article:publisher\" content=\"https:\/\/www.facebook.com\/qingdaohf\" \/>\n<meta property=\"article:modified_time\" content=\"2025-11-13T01:02:52+00:00\" \/>\n<meta property=\"og:image\" content=\"https:\/\/qingdaohf.com\/wp-content\/uploads\/2024\/10\/10-tons_1.webp\" \/>\n\t<meta property=\"og:image:width\" content=\"1000\" \/>\n\t<meta property=\"og:image:height\" content=\"1000\" \/>\n\t<meta property=\"og:image:type\" content=\"image\/webp\" \/>\n<meta name=\"twitter:card\" content=\"summary_large_image\" \/>\n<meta name=\"twitter:label1\" content=\"Est. reading time\" \/>\n\t<meta name=\"twitter:data1\" content=\"3 minute\" \/>\n<script type=\"application\/ld+json\" class=\"yoast-schema-graph\">{\"@context\":\"https:\/\/schema.org\",\"@graph\":[{\"@type\":\"WebPage\",\"@id\":\"https:\/\/qingdaohf.com\/product\/webbing-sling-10-ton\/\",\"url\":\"https:\/\/qingdaohf.com\/product\/webbing-sling-10-ton\/\",\"name\":\"Flat Webbing Sling 10 Ton Polyester Double Duplex\",\"isPartOf\":{\"@id\":\"https:\/\/qingdaohf.com\/bg\/#website\"},\"primaryImageOfPage\":{\"@id\":\"https:\/\/qingdaohf.com\/product\/webbing-sling-10-ton\/#primaryimage\"},\"image\":{\"@id\":\"https:\/\/qingdaohf.com\/product\/webbing-sling-10-ton\/#primaryimage\"},\"thumbnailUrl\":\"https:\/\/qingdaohf.com\/wp-content\/uploads\/2024\/10\/10-tons_1.webp\",\"datePublished\":\"2024-11-05T09:59:58+00:00\",\"dateModified\":\"2025-11-13T01:02:52+00:00\",\"breadcrumb\":{\"@id\":\"https:\/\/qingdaohf.com\/product\/webbing-sling-10-ton\/#breadcrumb\"},\"inLanguage\":\"sl-SI\",\"potentialAction\":[{\"@type\":\"ReadAction\",\"target\":[\"https:\/\/qingdaohf.com\/product\/webbing-sling-10-ton\/\"]}]},{\"@type\":\"ImageObject\",\"inLanguage\":\"sl-SI\",\"@id\":\"https:\/\/qingdaohf.com\/product\/webbing-sling-10-ton\/#primaryimage\",\"url\":\"https:\/\/qingdaohf.com\/wp-content\/uploads\/2024\/10\/10-tons_1.webp\",\"contentUrl\":\"https:\/\/qingdaohf.com\/wp-content\/uploads\/2024\/10\/10-tons_1.webp\",\"width\":1000,\"height\":1000,\"caption\":\"Webbing Sling 10 Ton\"},{\"@type\":\"BreadcrumbList\",\"@id\":\"https:\/\/qingdaohf.com\/product\/webbing-sling-10-ton\/#breadcrumb\",\"itemListElement\":[{\"@type\":\"ListItem\",\"position\":1,\"name\":\"Home\",\"item\":\"https:\/\/qingdaohf.com\/\"},{\"@type\":\"ListItem\",\"position\":2,\"name\":\"Concrete Forming Accessories and Rigging Hardware\",\"item\":\"https:\/\/qingdaohf.com\/bg\/?page_id=944\"},{\"@type\":\"ListItem\",\"position\":3,\"name\":\"Flat Webbing Sling 10 Ton Polyester Double Duplex\"}]},{\"@type\":\"WebSite\",\"@id\":\"https:\/\/qingdaohf.com\/bg\/#website\",\"url\":\"https:\/\/qingdaohf.com\/bg\/\",\"name\":\"Concrete Form & Rigging Hardware Supplier\",\"description\":\"\",\"publisher\":{\"@id\":\"https:\/\/qingdaohf.com\/bg\/#organization\"},\"potentialAction\":[{\"@type\":\"SearchAction\",\"target\":{\"@type\":\"EntryPoint\",\"urlTemplate\":\"https:\/\/qingdaohf.com\/bg\/?s={search_term_string}\"},\"query-input\":{\"@type\":\"PropertyValueSpecification\",\"valueRequired\":true,\"valueName\":\"search_term_string\"}}],\"inLanguage\":\"sl-SI\"},{\"@type\":\"Organization\",\"@id\":\"https:\/\/qingdaohf.com\/bg\/#organization\",\"name\":\"Qingdao H&F\",\"url\":\"https:\/\/qingdaohf.com\/bg\/\",\"logo\":{\"@type\":\"ImageObject\",\"inLanguage\":\"sl-SI\",\"@id\":\"https:\/\/qingdaohf.com\/bg\/#\/schema\/logo\/image\/\",\"url\":\"https:\/\/qingdaohf.com\/wp-content\/uploads\/2022\/12\/cropped-HF-LOGO.png\",\"contentUrl\":\"https:\/\/qingdaohf.com\/wp-content\/uploads\/2022\/12\/cropped-HF-LOGO.png\",\"width\":391,\"height\":249,\"caption\":\"Qingdao H&F\"},\"image\":{\"@id\":\"https:\/\/qingdaohf.com\/bg\/#\/schema\/logo\/image\/\"},\"sameAs\":[\"https:\/\/www.facebook.com\/qingdaohf\"]}]}<\/script>\n<!-- \/ Yoast SEO plugin. -->","yoast_head_json":{"title":"Flat Webbing Sling 10 Ton Polyester Double Duplex","robots":{"index":"index","follow":"follow","max-snippet":"max-snippet:-1","max-image-preview":"max-image-preview:large","max-video-preview":"max-video-preview:-1"},"canonical":"https:\/\/qingdaohf.com\/sl\/izdelek\/jermenska-zanka-10-ton\/","og_locale":"sl_SI","og_type":"article","og_title":"Flat Webbing Sling 10 Ton Polyester Double Duplex","og_description":"10-Ton Webbing Sling is built for heavy-duty lifting, designed to meet the stringent demands of industries where secure, high-capacity lifting is essential. This durable sling handles up to 10 tons, addressing buyers' primary concerns about strength, safety, and reliability. As an experienced B2B trading company, Qingdao H&amp;F provides one-on-one customer support, fast delivery, and comprehensive quality inspection reports, ensuring a smooth buying experience that prioritizes transparency and customer satisfaction.","og_url":"https:\/\/qingdaohf.com\/sl\/izdelek\/jermenska-zanka-10-ton\/","og_site_name":"Concrete Form &amp; Rigging Hardware Supplier","article_publisher":"https:\/\/www.facebook.com\/qingdaohf","article_modified_time":"2025-11-13T01:02:52+00:00","og_image":[{"width":1000,"height":1000,"url":"https:\/\/qingdaohf.com\/wp-content\/uploads\/2024\/10\/10-tons_1.webp","type":"image\/webp"}],"twitter_card":"summary_large_image","twitter_misc":{"Est. reading time":"3 minute"},"schema":{"@context":"https:\/\/schema.org","@graph":[{"@type":"WebPage","@id":"https:\/\/qingdaohf.com\/product\/webbing-sling-10-ton\/","url":"https:\/\/qingdaohf.com\/product\/webbing-sling-10-ton\/","name":"Flat Webbing Sling 10 Ton Polyester Double Duplex","isPartOf":{"@id":"https:\/\/qingdaohf.com\/bg\/#website"},"primaryImageOfPage":{"@id":"https:\/\/qingdaohf.com\/product\/webbing-sling-10-ton\/#primaryimage"},"image":{"@id":"https:\/\/qingdaohf.com\/product\/webbing-sling-10-ton\/#primaryimage"},"thumbnailUrl":"https:\/\/qingdaohf.com\/wp-content\/uploads\/2024\/10\/10-tons_1.webp","datePublished":"2024-11-05T09:59:58+00:00","dateModified":"2025-11-13T01:02:52+00:00","breadcrumb":{"@id":"https:\/\/qingdaohf.com\/product\/webbing-sling-10-ton\/#breadcrumb"},"inLanguage":"sl-SI","potentialAction":[{"@type":"ReadAction","target":["https:\/\/qingdaohf.com\/product\/webbing-sling-10-ton\/"]}]},{"@type":"ImageObject","inLanguage":"sl-SI","@id":"https:\/\/qingdaohf.com\/product\/webbing-sling-10-ton\/#primaryimage","url":"https:\/\/qingdaohf.com\/wp-content\/uploads\/2024\/10\/10-tons_1.webp","contentUrl":"https:\/\/qingdaohf.com\/wp-content\/uploads\/2024\/10\/10-tons_1.webp","width":1000,"height":1000,"caption":"Webbing Sling 10 Ton"},{"@type":"BreadcrumbList","@id":"https:\/\/qingdaohf.com\/product\/webbing-sling-10-ton\/#breadcrumb","itemListElement":[{"@type":"ListItem","position":1,"name":"Home","item":"https:\/\/qingdaohf.com\/"},{"@type":"ListItem","position":2,"name":"Concrete Forming Accessories and Rigging Hardware","item":"https:\/\/qingdaohf.com\/bg\/?page_id=944"},{"@type":"ListItem","position":3,"name":"Flat Webbing Sling 10 Ton Polyester Double Duplex"}]},{"@type":"WebSite","@id":"https:\/\/qingdaohf.com\/bg\/#website","url":"https:\/\/qingdaohf.com\/bg\/","name":"Concrete Form & Rigging Hardware Supplier","description":"","publisher":{"@id":"https:\/\/qingdaohf.com\/bg\/#organization"},"potentialAction":[{"@type":"SearchAction","target":{"@type":"EntryPoint","urlTemplate":"https:\/\/qingdaohf.com\/bg\/?s={search_term_string}"},"query-input":{"@type":"PropertyValueSpecification","valueRequired":true,"valueName":"search_term_string"}}],"inLanguage":"sl-SI"},{"@type":"Organization","@id":"https:\/\/qingdaohf.com\/bg\/#organization","name":"Qingdao H&F","url":"https:\/\/qingdaohf.com\/bg\/","logo":{"@type":"ImageObject","inLanguage":"sl-SI","@id":"https:\/\/qingdaohf.com\/bg\/#\/schema\/logo\/image\/","url":"https:\/\/qingdaohf.com\/wp-content\/uploads\/2022\/12\/cropped-HF-LOGO.png","contentUrl":"https:\/\/qingdaohf.com\/wp-content\/uploads\/2022\/12\/cropped-HF-LOGO.png","width":391,"height":249,"caption":"Qingdao H&F"},"image":{"@id":"https:\/\/qingdaohf.com\/bg\/#\/schema\/logo\/image\/"},"sameAs":["https:\/\/www.facebook.com\/qingdaohf"]}]}},"_links":{"self":[{"href":"https:\/\/qingdaohf.com\/sl\/wp-json\/wp\/v2\/product\/8291","targetHints":{"allow":["GET"]}}],"collection":[{"href":"https:\/\/qingdaohf.com\/sl\/wp-json\/wp\/v2\/product"}],"about":[{"href":"https:\/\/qingdaohf.com\/sl\/wp-json\/wp\/v2\/types\/product"}],"replies":[{"embeddable":true,"href":"https:\/\/qingdaohf.com\/sl\/wp-json\/wp\/v2\/comments?post=8291"}],"version-history":[{"count":2,"href":"https:\/\/qingdaohf.com\/sl\/wp-json\/wp\/v2\/product\/8291\/revisions"}],"predecessor-version":[{"id":8333,"href":"https:\/\/qingdaohf.com\/sl\/wp-json\/wp\/v2\/product\/8291\/revisions\/8333"}],"wp:featuredmedia":[{"embeddable":true,"href":"https:\/\/qingdaohf.com\/sl\/wp-json\/wp\/v2\/media\/8192"}],"wp:attachment":[{"href":"https:\/\/qingdaohf.com\/sl\/wp-json\/wp\/v2\/media?parent=8291"}],"wp:term":[{"taxonomy":"product_brand","embeddable":true,"href":"https:\/\/qingdaohf.com\/sl\/wp-json\/wp\/v2\/product_brand?post=8291"},{"taxonomy":"product_cat","embeddable":true,"href":"https:\/\/qingdaohf.com\/sl\/wp-json\/wp\/v2\/product_cat?post=8291"},{"taxonomy":"product_tag","embeddable":true,"href":"https:\/\/qingdaohf.com\/sl\/wp-json\/wp\/v2\/product_tag?post=8291"}],"curies":[{"name":"wp","href":"https:\/\/api.w.org\/{rel}","templated":true}]}}