{"id":8310,"date":"2024-11-07T14:33:56","date_gmt":"2024-11-07T06:33:56","guid":{"rendered":"http:\/\/qingdaohf.com\/?post_type=product&#038;p=8310"},"modified":"2025-11-13T09:02:52","modified_gmt":"2025-11-13T01:02:52","slug":"spek-anchor-stockless-anchor","status":"publish","type":"product","link":"https:\/\/qingdaohf.com\/sl\/izdelek\/sidro-spek-brez-zaloge\/","title":{"rendered":"Spek Anchor Stockless sidro"},"content":{"rendered":"<h3>Pregled in edinstvena zasnova sider Spek<\/h3>\n<p>Sidro Spek je zelo priljubljena vrsta sidra, ki se uporablja v pomorski industriji in industriji na morju, izbrana zaradi svoje zna\u010dilne zasnove, ki poudarja stabilnost in vzdr\u017eljivost. Sidro Spek, ki je eden od bolj tradicionalnih tipov sider, se je uveljavilo zaradi svoje u\u010dinkovitosti v razli\u010dnih morskih razmerah, predvsem zaradi sposobnosti hitrega vkopavanja v razli\u010dna morska dna. V primerjavi z drugimi sidri struktura sidra Spek omogo\u010da hiter potop ob namestitvi, kar je zelo za\u017eeleno za plovila, ki potrebujejo zanesljivo mo\u010d zadr\u017eevanja brez dalj\u0161ih postopkov sidranja.<\/p>\n<p>Ta tip sidra ima posebej zasnovano plavut in steblo, ki sta optimizirana za odpornost proti rotacijskim silam, ki jih povzro\u010dajo spremembe v gibanju vode. Ta edinstvena oblika ne le zmanj\u0161uje vle\u010denje, temve\u010d tudi ohranja stabilnost med nenadnimi spremembami toka, kar upravljavcem plovil, ki se zana\u0161ajo na stalno mo\u010d zadr\u017eevanja, zagotavlja miren spanec. Geometrija sidra Spek vklju\u010duje \u0161irok kot drsnika in obte\u017eeno steblo, kar pomaga ohranjati ugoden kot vstopa v morsko dno. Zaradi te lastnosti se sidri\u0161\u010de v pe\u0161\u010denih ali blatnih podlagah hitro usede in pritrdi, zato je vsestransko uporabno v razli\u010dnih morskih okoljih.<\/p>\n<p>V podjetju Qingdao H&amp;F dobavljamo sidra Spek, ki izpolnjujejo te kriti\u010dne standarde zmogljivosti, hkrati pa z dodatno podporo in zagotavljanjem kakovosti pove\u010dujemo udobje strank. Zagotavljamo vrsto poro\u010dil o pregledu kakovosti, s katerimi potrdimo strukturno celovitost in zmogljivost vsakega sidra ter tako zagotovimo skladnost s strogimi predpisi o pomorski varnosti. Z individualno podporo strankam pomagamo kupcem pri izbiri optimalne velikosti in vrste sidra za njihovo specifi\u010dno uporabo. Na\u0161 zanesljiv in hiter postopek dobave dodatno zagotavlja, da stranke pravo\u010dasno prejmejo svoje izdelke, kar zmanj\u0161uje morebitne zamude pri delovanju.<\/p>\n<p><img fetchpriority=\"high\" decoding=\"async\" class=\"alignnone wp-image-8317 size-full\" src=\"http:\/\/qingdaohf.com\/wp-content\/uploads\/2024\/11\/spek-anchor-1.jpg\" alt=\"\" width=\"640\" height=\"640\" srcset=\"https:\/\/qingdaohf.com\/wp-content\/uploads\/2024\/11\/spek-anchor-1.jpg 640w, https:\/\/qingdaohf.com\/wp-content\/uploads\/2024\/11\/spek-anchor-1-300x300.jpg 300w, https:\/\/qingdaohf.com\/wp-content\/uploads\/2024\/11\/spek-anchor-1-150x150.jpg 150w, https:\/\/qingdaohf.com\/wp-content\/uploads\/2024\/11\/spek-anchor-1-12x12.jpg 12w, https:\/\/qingdaohf.com\/wp-content\/uploads\/2024\/11\/spek-anchor-1-500x500.jpg 500w, https:\/\/qingdaohf.com\/wp-content\/uploads\/2024\/11\/spek-anchor-1-100x100.jpg 100w\" sizes=\"(max-width: 640px) 100vw, 640px\" \/> <img decoding=\"async\" class=\"alignnone wp-image-8318 size-full\" src=\"http:\/\/qingdaohf.com\/wp-content\/uploads\/2024\/11\/spek-anchor-1.png\" alt=\"\" width=\"598\" height=\"727\" srcset=\"https:\/\/qingdaohf.com\/wp-content\/uploads\/2024\/11\/spek-anchor-1.png 598w, https:\/\/qingdaohf.com\/wp-content\/uploads\/2024\/11\/spek-anchor-1-247x300.png 247w, https:\/\/qingdaohf.com\/wp-content\/uploads\/2024\/11\/spek-anchor-1-10x12.png 10w\" sizes=\"(max-width: 598px) 100vw, 598px\" \/><\/p>\n<h3>Spek sidro Uporaba in vsestranskost v razli\u010dnih morskih okoljih<\/h3>\n<p>Sidro Spek je zaradi svoje impresivne zmogljivosti in prilagodljivosti pogosto izbrano za komercialne ladje, plo\u0161\u010dadi na morju in druga velika plovila. Sidro je \u0161e posebej u\u010dinkovito za ve\u010dja plovila, pri katerih je varen privez klju\u010dnega pomena za ohranjanje stabilnosti med dalj\u0161im bivanjem. V zmernih do te\u017ekih morskih razmerah ima sidro Spek prednost zaradi odpornosti proti bo\u010dnim premikom in sposobnosti, da se obdr\u017ei tudi v spremenljivih tokovih. Zaradi teh lastnosti je prednostna izbira v primerih, ko je potrebno varno sidranje kljub nepredvidljivim okoljskim razmeram.<\/p>\n<p>Za kupce v pomorskem in priobalnem sektorju so klju\u010dni dejavniki vzdr\u017eljivost, enostavna uporaba in stro\u0161kovna u\u010dinkovitost. Zasnova sidra Spek ne omogo\u010da le enostavne uporabe, temve\u010d tudi zmanj\u0161uje obrabo sidrne verige in povezane opreme, saj zmanj\u0161uje nenadne sunke ali vleke, ki se lahko pojavijo pri manj stabilnih vrstah sider. Plovila, ki plujejo po obmo\u010djih s pe\u0161\u010denim, blatnim ali celo skalnatim morskim dnom, imajo koristi od hitre in zanesljive nastavitve sidra Spek, saj se dobro prilagaja razli\u010dnim vrstam povr\u0161ine.<\/p>\n<p>V podjetju Qingdao H&amp;F poudarjamo, da zagotavljamo izdelke, ki izpolnjujejo te operativne potrebe, obenem pa nudimo tudi ugodnosti, ki izbolj\u0161ujejo nakupno izku\u0161njo. Na\u0161a zavezanost k hitrim dobavnim ciklom zagotavlja, da lahko stranke takoj vklju\u010dijo novo opremo brez dalj\u0161ih \u010dakalnih dob. Poleg tega za vsako sidro Spek opravimo temeljito testiranje in zagotovimo podrobna poro\u010dila o pregledih, ki potrjujejo trajnost, te\u017eo in parametre delovanja sidra. Ta raven nadzora kakovosti je \u0161e posebej pomembna za kupce, ki morajo upo\u0161tevati pomorske varnostne standarde in potrebujejo jasno dokumentacijo za preverjanje zanesljivosti opreme.<\/p>\n<h3>Prednosti izbire sider Spek iz podjetja Qingdao H&amp;F<\/h3>\n<p>Izbira sidra Spek iz podjetja Qingdao H&amp;F pomeni nalo\u017ebo v ve\u010d kot le izdelek; pomeni pridobitev zaupanja vrednega partnerja pri nabavi pomorske opreme. Podjetje Qingdao H&amp;F si je z ve\u010d kot 20-letnimi izku\u0161njami v mednarodni trgovini pridobilo ugled zaradi zanesljivosti in zavezanosti k zadovoljstvu strank. Razumemo operativne zahteve pomorske industrije in jih \u017eelimo izpolniti tako, da zagotovimo, da vsako sidro ne le izpolnjuje stroge standarde kakovosti, temve\u010d je tudi usklajeno s posebnimi zahtevami na\u0161ih strank glede uporabe.<\/p>\n<p>Na\u0161 model individualnih storitev za stranke nas razlikuje od drugih dobaviteljev, saj spodbuja osebni pristop k vsaki transakciji. Od za\u010detne poizvedbe do dobave so stranke dele\u017ene namenske pomo\u010di na\u0161ega usposobljenega osebja, ki zagotavlja smernice na podlagi industrijskih standardov in specifi\u010dnih zahtev za uporabo. Na primer, svetujemo pri izbiri ustrezne te\u017ee in velikosti sidra Spek glede na vrsto plovila in tipi\u010dne razmere na morju, kar strankam zagotavlja, da sprejemajo premi\u0161ljene odlo\u010ditve, ki pove\u010dujejo varnost in u\u010dinkovitost obratovanja.<\/p>\n<p>Na\u0161a zavezanost k preglednosti je \u0161e dodatno poudarjena z na\u0161im obse\u017enim postopkom zagotavljanja kakovosti. Vsako Spekovo sidro je podvr\u017eeno obse\u017enemu testiranju, da se preverijo dejavniki, kot so natezna trdnost, skladnost te\u017ee in odpornost proti koroziji. Ti postopki presku\u0161anja so dokumentirani v podrobnih poro\u010dilih o pregledih, ki jih posredujemo strankam, kar jim zagotavlja zaupanje v trajnost in zmogljivost izdelka. Poleg tega na\u0161a u\u010dinkovita logistika in mo\u017enosti dostave iz skladi\u0161\u010da v skladi\u0161\u010de omogo\u010dajo pravo\u010dasen prihod izdelka, kar pomaga zmanj\u0161ati motnje v poslovanju strank in pove\u010duje udobje.<\/p>\n<p>Zaradi osredoto\u010denosti dru\u017ebe Qingdao H&amp;F na odli\u010dnost storitev in kakovost izdelkov smo idealna izbira za kupce, ki ne i\u0161\u010dejo le robustnih in zanesljivih sider, temve\u010d tudi brezhibno nakupno izku\u0161njo.<\/p>","protected":false},"excerpt":{"rendered":"<p>Spekovo sidro, ki je osnovno orodje v pomorskih aplikacijah, je zelo cenjeno pri kupcih, ki i\u0161\u010dejo ravnovesje med zanesljivostjo in u\u010dinkovitim delovanjem v razli\u010dnih oceanskih razmerah. Sidro Spek je znano po svoji mo\u010dni oprijemalni mo\u010di in stabilnosti, zato je \u0161e posebej primerno za plovila v zmernem do razburkanem morju. V podjetju Qingdao H&amp;F gremo \u0161e korak dlje, saj zagotavljamo individualno obravnavo strank, da bi vsaki stranki zagotovili smernice, prilagojene njenim posebnim zahtevam. Na\u0161 hiter dobavni cikel zmanj\u0161uje izpade, medtem ko na\u0161 nabor poro\u010dil o preverjanju kakovosti kupcem zagotavlja dodatno zaupanje v zanesljivost in trajnost izdelka. Strokovnjakom v pomorski industriji na\u0161 poudarek na izjemnih storitvah in poenostavljenih postopkih zagotavlja nemoteno nakupno izku\u0161njo.<\/p>","protected":false},"featured_media":8311,"comment_status":"open","ping_status":"closed","template":"","meta":{"site-sidebar-layout":"default","site-content-layout":"","ast-site-content-layout":"default","site-content-style":"default","site-sidebar-style":"default","ast-global-header-display":"","ast-banner-title-visibility":"","ast-main-header-display":"","ast-hfb-above-header-display":"","ast-hfb-below-header-display":"","ast-hfb-mobile-header-display":"","site-post-title":"","ast-breadcrumbs-content":"","ast-featured-img":"","footer-sml-layout":"","theme-transparent-header-meta":"default","adv-header-id-meta":"","stick-header-meta":"default","header-above-stick-meta":"","header-main-stick-meta":"","header-below-stick-meta":"","astra-migrate-meta-layouts":"set","ast-page-background-enabled":"default","ast-page-background-meta":{"desktop":{"background-color":"","background-image":"","background-repeat":"repeat","background-position":"center center","background-size":"auto","background-attachment":"scroll","background-type":"","background-media":"","overlay-type":"","overlay-color":"","overlay-opacity":"","overlay-gradient":""},"tablet":{"background-color":"","background-image":"","background-repeat":"repeat","background-position":"center center","background-size":"auto","background-attachment":"scroll","background-type":"","background-media":"","overlay-type":"","overlay-color":"","overlay-opacity":"","overlay-gradient":""},"mobile":{"background-color":"","background-image":"","background-repeat":"repeat","background-position":"center center","background-size":"auto","background-attachment":"scroll","background-type":"","background-media":"","overlay-type":"","overlay-color":"","overlay-opacity":"","overlay-gradient":""}},"ast-content-background-meta":{"desktop":{"background-color":"var(--ast-global-color-5)","background-image":"","background-repeat":"repeat","background-position":"center center","background-size":"auto","background-attachment":"scroll","background-type":"","background-media":"","overlay-type":"","overlay-color":"","overlay-opacity":"","overlay-gradient":""},"tablet":{"background-color":"var(--ast-global-color-5)","background-image":"","background-repeat":"repeat","background-position":"center center","background-size":"auto","background-attachment":"scroll","background-type":"","background-media":"","overlay-type":"","overlay-color":"","overlay-opacity":"","overlay-gradient":""},"mobile":{"background-color":"var(--ast-global-color-5)","background-image":"","background-repeat":"repeat","background-position":"center center","background-size":"auto","background-attachment":"scroll","background-type":"","background-media":"","overlay-type":"","overlay-color":"","overlay-opacity":"","overlay-gradient":""}}},"product_brand":[],"product_cat":[74],"product_tag":[],"class_list":{"0":"post-8310","1":"product","2":"type-product","3":"status-publish","4":"has-post-thumbnail","6":"product_cat-boat-anchor","7":"desktop-align-left","8":"tablet-align-left","9":"mobile-align-left","10":"ast-product-gallery-layout-horizontal-slider","11":"ast-product-tabs-layout-horizontal","13":"first","14":"instock","15":"shipping-taxable","16":"purchasable","17":"product-type-simple"},"yoast_head":"<!-- This site is optimized with the Yoast SEO plugin v25.2 - https:\/\/yoast.com\/wordpress\/plugins\/seo\/ -->\n<title>Spek Anchor Stockless Anchor<\/title>\n<meta name=\"robots\" content=\"index, follow, max-snippet:-1, max-image-preview:large, max-video-preview:-1\" \/>\n<link rel=\"canonical\" href=\"https:\/\/qingdaohf.com\/sl\/izdelek\/sidro-spek-brez-zaloge\/\" \/>\n<meta property=\"og:locale\" content=\"sl_SI\" \/>\n<meta property=\"og:type\" content=\"article\" \/>\n<meta property=\"og:title\" content=\"Spek Anchor Stockless Anchor\" \/>\n<meta property=\"og:description\" content=\"The Spek Anchor, a staple in marine applications, is highly valued by buyers seeking a balance of reliability and efficient performance in diverse ocean conditions. Known for its robust holding power and stability, the Spek Anchor is particularly well-suited for vessels in moderate to rough seas. At Qingdao H&amp;F, we go a step further by providing one-on-one customer service to ensure each client receives guidance tailored to their specific requirements. Our fast delivery cycle reduces downtime, while our range of quality inspection reports offers buyers added confidence in product reliability and durability. For marine industry professionals, our focus on exceptional service and streamlined processes ensures a seamless purchasing experience.\" \/>\n<meta property=\"og:url\" content=\"https:\/\/qingdaohf.com\/sl\/izdelek\/sidro-spek-brez-zaloge\/\" \/>\n<meta property=\"og:site_name\" content=\"Concrete Form &amp; Rigging Hardware Supplier\" \/>\n<meta property=\"article:publisher\" content=\"https:\/\/www.facebook.com\/qingdaohf\" \/>\n<meta property=\"article:modified_time\" content=\"2025-11-13T01:02:52+00:00\" \/>\n<meta property=\"og:image\" content=\"https:\/\/qingdaohf.com\/wp-content\/uploads\/2024\/11\/spek-anchor.jpg\" \/>\n\t<meta property=\"og:image:width\" content=\"1000\" \/>\n\t<meta property=\"og:image:height\" content=\"1000\" \/>\n\t<meta property=\"og:image:type\" content=\"image\/jpeg\" \/>\n<meta name=\"twitter:card\" content=\"summary_large_image\" \/>\n<meta name=\"twitter:label1\" content=\"Est. reading time\" \/>\n\t<meta name=\"twitter:data1\" content=\"5 minut\" \/>\n<script type=\"application\/ld+json\" class=\"yoast-schema-graph\">{\"@context\":\"https:\/\/schema.org\",\"@graph\":[{\"@type\":\"WebPage\",\"@id\":\"https:\/\/qingdaohf.com\/product\/spek-anchor-stockless-anchor\/\",\"url\":\"https:\/\/qingdaohf.com\/product\/spek-anchor-stockless-anchor\/\",\"name\":\"Spek Anchor Stockless Anchor\",\"isPartOf\":{\"@id\":\"https:\/\/qingdaohf.com\/bg\/#website\"},\"primaryImageOfPage\":{\"@id\":\"https:\/\/qingdaohf.com\/product\/spek-anchor-stockless-anchor\/#primaryimage\"},\"image\":{\"@id\":\"https:\/\/qingdaohf.com\/product\/spek-anchor-stockless-anchor\/#primaryimage\"},\"thumbnailUrl\":\"https:\/\/qingdaohf.com\/wp-content\/uploads\/2024\/11\/spek-anchor.jpg\",\"datePublished\":\"2024-11-07T06:33:56+00:00\",\"dateModified\":\"2025-11-13T01:02:52+00:00\",\"breadcrumb\":{\"@id\":\"https:\/\/qingdaohf.com\/product\/spek-anchor-stockless-anchor\/#breadcrumb\"},\"inLanguage\":\"sl-SI\",\"potentialAction\":[{\"@type\":\"ReadAction\",\"target\":[\"https:\/\/qingdaohf.com\/product\/spek-anchor-stockless-anchor\/\"]}]},{\"@type\":\"ImageObject\",\"inLanguage\":\"sl-SI\",\"@id\":\"https:\/\/qingdaohf.com\/product\/spek-anchor-stockless-anchor\/#primaryimage\",\"url\":\"https:\/\/qingdaohf.com\/wp-content\/uploads\/2024\/11\/spek-anchor.jpg\",\"contentUrl\":\"https:\/\/qingdaohf.com\/wp-content\/uploads\/2024\/11\/spek-anchor.jpg\",\"width\":1000,\"height\":1000,\"caption\":\"spek anchor\"},{\"@type\":\"BreadcrumbList\",\"@id\":\"https:\/\/qingdaohf.com\/product\/spek-anchor-stockless-anchor\/#breadcrumb\",\"itemListElement\":[{\"@type\":\"ListItem\",\"position\":1,\"name\":\"Home\",\"item\":\"https:\/\/qingdaohf.com\/\"},{\"@type\":\"ListItem\",\"position\":2,\"name\":\"Concrete Forming Accessories and Rigging Hardware\",\"item\":\"https:\/\/qingdaohf.com\/bg\/?page_id=944\"},{\"@type\":\"ListItem\",\"position\":3,\"name\":\"Spek Anchor Stockless Anchor\"}]},{\"@type\":\"WebSite\",\"@id\":\"https:\/\/qingdaohf.com\/bg\/#website\",\"url\":\"https:\/\/qingdaohf.com\/bg\/\",\"name\":\"Concrete Form & Rigging Hardware Supplier\",\"description\":\"\",\"publisher\":{\"@id\":\"https:\/\/qingdaohf.com\/bg\/#organization\"},\"potentialAction\":[{\"@type\":\"SearchAction\",\"target\":{\"@type\":\"EntryPoint\",\"urlTemplate\":\"https:\/\/qingdaohf.com\/bg\/?s={search_term_string}\"},\"query-input\":{\"@type\":\"PropertyValueSpecification\",\"valueRequired\":true,\"valueName\":\"search_term_string\"}}],\"inLanguage\":\"sl-SI\"},{\"@type\":\"Organization\",\"@id\":\"https:\/\/qingdaohf.com\/bg\/#organization\",\"name\":\"Qingdao H&F\",\"url\":\"https:\/\/qingdaohf.com\/bg\/\",\"logo\":{\"@type\":\"ImageObject\",\"inLanguage\":\"sl-SI\",\"@id\":\"https:\/\/qingdaohf.com\/bg\/#\/schema\/logo\/image\/\",\"url\":\"https:\/\/qingdaohf.com\/wp-content\/uploads\/2022\/12\/cropped-HF-LOGO.png\",\"contentUrl\":\"https:\/\/qingdaohf.com\/wp-content\/uploads\/2022\/12\/cropped-HF-LOGO.png\",\"width\":391,\"height\":249,\"caption\":\"Qingdao H&F\"},\"image\":{\"@id\":\"https:\/\/qingdaohf.com\/bg\/#\/schema\/logo\/image\/\"},\"sameAs\":[\"https:\/\/www.facebook.com\/qingdaohf\"]}]}<\/script>\n<!-- \/ Yoast SEO plugin. -->","yoast_head_json":{"title":"Spek Anchor Stockless Anchor","robots":{"index":"index","follow":"follow","max-snippet":"max-snippet:-1","max-image-preview":"max-image-preview:large","max-video-preview":"max-video-preview:-1"},"canonical":"https:\/\/qingdaohf.com\/sl\/izdelek\/sidro-spek-brez-zaloge\/","og_locale":"sl_SI","og_type":"article","og_title":"Spek Anchor Stockless Anchor","og_description":"The Spek Anchor, a staple in marine applications, is highly valued by buyers seeking a balance of reliability and efficient performance in diverse ocean conditions. Known for its robust holding power and stability, the Spek Anchor is particularly well-suited for vessels in moderate to rough seas. At Qingdao H&amp;F, we go a step further by providing one-on-one customer service to ensure each client receives guidance tailored to their specific requirements. Our fast delivery cycle reduces downtime, while our range of quality inspection reports offers buyers added confidence in product reliability and durability. For marine industry professionals, our focus on exceptional service and streamlined processes ensures a seamless purchasing experience.","og_url":"https:\/\/qingdaohf.com\/sl\/izdelek\/sidro-spek-brez-zaloge\/","og_site_name":"Concrete Form &amp; Rigging Hardware Supplier","article_publisher":"https:\/\/www.facebook.com\/qingdaohf","article_modified_time":"2025-11-13T01:02:52+00:00","og_image":[{"width":1000,"height":1000,"url":"https:\/\/qingdaohf.com\/wp-content\/uploads\/2024\/11\/spek-anchor.jpg","type":"image\/jpeg"}],"twitter_card":"summary_large_image","twitter_misc":{"Est. reading time":"5 minut"},"schema":{"@context":"https:\/\/schema.org","@graph":[{"@type":"WebPage","@id":"https:\/\/qingdaohf.com\/product\/spek-anchor-stockless-anchor\/","url":"https:\/\/qingdaohf.com\/product\/spek-anchor-stockless-anchor\/","name":"Spek Anchor Stockless Anchor","isPartOf":{"@id":"https:\/\/qingdaohf.com\/bg\/#website"},"primaryImageOfPage":{"@id":"https:\/\/qingdaohf.com\/product\/spek-anchor-stockless-anchor\/#primaryimage"},"image":{"@id":"https:\/\/qingdaohf.com\/product\/spek-anchor-stockless-anchor\/#primaryimage"},"thumbnailUrl":"https:\/\/qingdaohf.com\/wp-content\/uploads\/2024\/11\/spek-anchor.jpg","datePublished":"2024-11-07T06:33:56+00:00","dateModified":"2025-11-13T01:02:52+00:00","breadcrumb":{"@id":"https:\/\/qingdaohf.com\/product\/spek-anchor-stockless-anchor\/#breadcrumb"},"inLanguage":"sl-SI","potentialAction":[{"@type":"ReadAction","target":["https:\/\/qingdaohf.com\/product\/spek-anchor-stockless-anchor\/"]}]},{"@type":"ImageObject","inLanguage":"sl-SI","@id":"https:\/\/qingdaohf.com\/product\/spek-anchor-stockless-anchor\/#primaryimage","url":"https:\/\/qingdaohf.com\/wp-content\/uploads\/2024\/11\/spek-anchor.jpg","contentUrl":"https:\/\/qingdaohf.com\/wp-content\/uploads\/2024\/11\/spek-anchor.jpg","width":1000,"height":1000,"caption":"spek anchor"},{"@type":"BreadcrumbList","@id":"https:\/\/qingdaohf.com\/product\/spek-anchor-stockless-anchor\/#breadcrumb","itemListElement":[{"@type":"ListItem","position":1,"name":"Home","item":"https:\/\/qingdaohf.com\/"},{"@type":"ListItem","position":2,"name":"Concrete Forming Accessories and Rigging Hardware","item":"https:\/\/qingdaohf.com\/bg\/?page_id=944"},{"@type":"ListItem","position":3,"name":"Spek Anchor Stockless Anchor"}]},{"@type":"WebSite","@id":"https:\/\/qingdaohf.com\/bg\/#website","url":"https:\/\/qingdaohf.com\/bg\/","name":"Concrete Form & Rigging Hardware Supplier","description":"","publisher":{"@id":"https:\/\/qingdaohf.com\/bg\/#organization"},"potentialAction":[{"@type":"SearchAction","target":{"@type":"EntryPoint","urlTemplate":"https:\/\/qingdaohf.com\/bg\/?s={search_term_string}"},"query-input":{"@type":"PropertyValueSpecification","valueRequired":true,"valueName":"search_term_string"}}],"inLanguage":"sl-SI"},{"@type":"Organization","@id":"https:\/\/qingdaohf.com\/bg\/#organization","name":"Qingdao H&F","url":"https:\/\/qingdaohf.com\/bg\/","logo":{"@type":"ImageObject","inLanguage":"sl-SI","@id":"https:\/\/qingdaohf.com\/bg\/#\/schema\/logo\/image\/","url":"https:\/\/qingdaohf.com\/wp-content\/uploads\/2022\/12\/cropped-HF-LOGO.png","contentUrl":"https:\/\/qingdaohf.com\/wp-content\/uploads\/2022\/12\/cropped-HF-LOGO.png","width":391,"height":249,"caption":"Qingdao H&F"},"image":{"@id":"https:\/\/qingdaohf.com\/bg\/#\/schema\/logo\/image\/"},"sameAs":["https:\/\/www.facebook.com\/qingdaohf"]}]}},"_links":{"self":[{"href":"https:\/\/qingdaohf.com\/sl\/wp-json\/wp\/v2\/product\/8310","targetHints":{"allow":["GET"]}}],"collection":[{"href":"https:\/\/qingdaohf.com\/sl\/wp-json\/wp\/v2\/product"}],"about":[{"href":"https:\/\/qingdaohf.com\/sl\/wp-json\/wp\/v2\/types\/product"}],"replies":[{"embeddable":true,"href":"https:\/\/qingdaohf.com\/sl\/wp-json\/wp\/v2\/comments?post=8310"}],"version-history":[{"count":1,"href":"https:\/\/qingdaohf.com\/sl\/wp-json\/wp\/v2\/product\/8310\/revisions"}],"predecessor-version":[{"id":8319,"href":"https:\/\/qingdaohf.com\/sl\/wp-json\/wp\/v2\/product\/8310\/revisions\/8319"}],"wp:featuredmedia":[{"embeddable":true,"href":"https:\/\/qingdaohf.com\/sl\/wp-json\/wp\/v2\/media\/8311"}],"wp:attachment":[{"href":"https:\/\/qingdaohf.com\/sl\/wp-json\/wp\/v2\/media?parent=8310"}],"wp:term":[{"taxonomy":"product_brand","embeddable":true,"href":"https:\/\/qingdaohf.com\/sl\/wp-json\/wp\/v2\/product_brand?post=8310"},{"taxonomy":"product_cat","embeddable":true,"href":"https:\/\/qingdaohf.com\/sl\/wp-json\/wp\/v2\/product_cat?post=8310"},{"taxonomy":"product_tag","embeddable":true,"href":"https:\/\/qingdaohf.com\/sl\/wp-json\/wp\/v2\/product_tag?post=8310"}],"curies":[{"name":"wp","href":"https:\/\/api.w.org\/{rel}","templated":true}]}}