{"id":8320,"date":"2024-11-07T14:41:32","date_gmt":"2024-11-07T06:41:32","guid":{"rendered":"http:\/\/qingdaohf.com\/?post_type=product&#038;p=8320"},"modified":"2025-11-13T09:02:52","modified_gmt":"2025-11-13T01:02:52","slug":"ac-14-anchor","status":"publish","type":"product","link":"https:\/\/qingdaohf.com\/sl\/izdelek\/ac-14-sidro\/","title":{"rendered":"Sidro AC-14"},"content":{"rendered":"<h3>AC-14 Sidro: Vsestranskost, zasnova in uporaba v morskih okoljih<\/h3>\n<p>Sidro AC-14, ki slovi po svoji vsestranskosti in mo\u010dni oprijemalni mo\u010di, predstavlja evolucijo v tehnologiji sider, namenjeno izbolj\u0161anju stabilnosti in vzdr\u017eljivosti v razli\u010dnih morskih razmerah. Kot sidro, ki dosledno zagotavlja zanesljivo delovanje, je sidro AC-14 postalo prednostna izbira za razli\u010dna plovila, od komercialnih ladij do plo\u0161\u010dadi na morju. Njegova zna\u010dilna geometrija in zmogljivost dr\u017eanja zagotavljata, da je to sidro odporno proti zahtevnim razmeram v razburkanih vodah, pe\u0161\u010denem ali blatnem dnu morja in spremenljivemu plimovanju.<\/p>\n<p><img fetchpriority=\"high\" decoding=\"async\" class=\"alignnone wp-image-8321 size-full\" src=\"http:\/\/qingdaohf.com\/wp-content\/uploads\/2024\/11\/ac14.jpg\" alt=\"\" width=\"640\" height=\"640\" srcset=\"https:\/\/qingdaohf.com\/wp-content\/uploads\/2024\/11\/ac14.jpg 640w, https:\/\/qingdaohf.com\/wp-content\/uploads\/2024\/11\/ac14-300x300.jpg 300w, https:\/\/qingdaohf.com\/wp-content\/uploads\/2024\/11\/ac14-150x150.jpg 150w, https:\/\/qingdaohf.com\/wp-content\/uploads\/2024\/11\/ac14-12x12.jpg 12w, https:\/\/qingdaohf.com\/wp-content\/uploads\/2024\/11\/ac14-500x500.jpg 500w, https:\/\/qingdaohf.com\/wp-content\/uploads\/2024\/11\/ac14-100x100.jpg 100w\" sizes=\"(max-width: 640px) 100vw, 640px\" \/> <img decoding=\"async\" class=\"alignnone wp-image-8322 size-full\" src=\"http:\/\/qingdaohf.com\/wp-content\/uploads\/2024\/11\/ac-14-anchor.png\" alt=\"\" width=\"1747\" height=\"500\" srcset=\"https:\/\/qingdaohf.com\/wp-content\/uploads\/2024\/11\/ac-14-anchor.png 1747w, https:\/\/qingdaohf.com\/wp-content\/uploads\/2024\/11\/ac-14-anchor-300x86.png 300w, https:\/\/qingdaohf.com\/wp-content\/uploads\/2024\/11\/ac-14-anchor-1024x293.png 1024w, https:\/\/qingdaohf.com\/wp-content\/uploads\/2024\/11\/ac-14-anchor-768x220.png 768w, https:\/\/qingdaohf.com\/wp-content\/uploads\/2024\/11\/ac-14-anchor-1536x440.png 1536w, https:\/\/qingdaohf.com\/wp-content\/uploads\/2024\/11\/ac-14-anchor-18x5.png 18w, https:\/\/qingdaohf.com\/wp-content\/uploads\/2024\/11\/ac-14-anchor-1000x286.png 1000w\" sizes=\"(max-width: 1747px) 100vw, 1747px\" \/><\/p>\n<h4>Zasnova in in\u017eeniring sidra AC-14<\/h4>\n<p>In\u017eeniring AC-14 Anchor odra\u017ea skrbno pozornost do oblike in funkcije. Njegova poenostavljena struktura, pogosto izdelana iz visokokakovostnega jekla, odpornega proti koroziji, zmanj\u0161uje upor in izbolj\u0161uje prodiranje v razli\u010dne sestave morskega dna. Zasnova vklju\u010duje lopatice z edinstveno obliko in kotom, ki zagotavljajo globoko vkopavanje, kar omogo\u010da trden oprijem morskega dna. Ta lastnost je \u0161e posebej pomembna pri sidranju v okoljih z mehko podlago, kot sta pesek ali mulj, kjer je za prepre\u010devanje vle\u010denja ali premikanja klju\u010dnega pomena mo\u010d oprijema.<\/p>\n<p>Poleg tega kompakten profil AC-14 omogo\u010da la\u017eje shranjevanje na krovu brez zmanj\u0161anja trdnosti, kar je koristno za plovila z omejenim prostorom na krovu. Kot sidro z visoko zadr\u017eevalno mo\u010djo (HHP) zagotavlja dvakrat ve\u010djo zadr\u017eevalno zmogljivost kot standardno sidro enake te\u017ee, kar zmanj\u0161uje potrebo po preveliki koli\u010dini balasta. Ta u\u010dinkovitost razmerja med te\u017eo in dr\u017eanjem je pomembna prednost za ve\u010dja plovila, ki \u017eelijo optimizirati prostor in skupne stro\u0161ke poslovanja. Za plovila, ki delujejo v spremenljivih morskih razmerah, zasnova AC-14 izpolnjuje potrebo po zanesljivosti in vzdr\u017eljivosti ter zagotavlja sidro, ki je stabilno in varno v spremenljivih tokovih in vrstah morskega dna.<\/p>\n<h4>Prednosti sidra AC-14 v prakti\u010dni uporabi<\/h4>\n<p>Sidro AC-14 je zasnovano tako, da zagotavlja zanesljivo delovanje v razli\u010dnih morskih okoljih, zato je dragoceno tako za kratkoro\u010dni privez kot za dolgotrajno sidranje. Njegova visoka zmogljivost dr\u017eanja pomeni, da lahko u\u010dinkovito pritrdi tudi velika plovila in zmanj\u0161a tveganje zdrsa med nevihtami ali neugodnimi vremenskimi razmerami. Ta lastnost je \u0161e posebej pomembna za plovila, ki se ukvarjajo z dejavnostmi na morju, kjer je ohranjanje stalnega polo\u017eaja klju\u010dnega pomena za varnost in u\u010dinkovitost delovanja.<\/p>\n<p>Ena od klju\u010dnih prednosti sidra AC-14 je njegova prilagodljivost razli\u010dnim razmeram na morskem dnu. Njegove \u010depke se lahko globoko zasidrajo v mehkej\u0161e podlage, kot sta pesek in blato, hkrati pa izkazuje impresivno stabilnost tudi v trdnej\u0161ih podlagah, vklju\u010dno z gramozom ali skalnatim morskim dnom. Ta vsestranskost zagotavlja, da plovil ne omejujejo okoljske omejitve, zaradi \u010desar je AC-14 primerna izbira za \u0161tevilne pomorske operacije.<\/p>\n<p>Poleg prakti\u010dne stabilnosti zasnova sidra zmanj\u0161uje verjetnost po\u0161kodb morskega dna, kar je v skladu z vse ve\u010djo okoljsko ozave\u0161\u010denostjo v industriji. Ker je trajnost v sredi\u0161\u010du pozornosti, profil AC-14 z majhnim vplivom in u\u010dinkovito penetracijo zmanj\u0161uje motnje v morskih ekosistemih, kar je \u0161e posebej dragoceno za podjetja, ki se zavzemajo za okolju prijazne prakse.<\/p>\n<p>Podjetje Qingdao H&amp;F za kupce pove\u010duje vrednost sidra AC-14 s ponudbo individualnih storitev za stranke, pospe\u0161evanjem dobavnih rokov in zagotavljanjem podrobnih poro\u010dil o pregledu kakovosti. S celovito podporo in zagotovili zagotavljamo, da je vsak nakup nalo\u017eba v kakovost, varnost in okoljsko odgovornost. Na\u0161a zavezanost k hitri dobavi in zagotavljanju kakovosti kupcem zagotavlja poenostavljeno izku\u0161njo, kjer se zanesljivost in visoki standardi ohranjajo od naro\u010dila do kon\u010dne uporabe.<\/p>\n<h4>Standardi za zagotavljanje kakovosti in presku\u0161anje sider AC-14<\/h4>\n<p>Ko gre za kriti\u010dne komponente, kot so sidra, zagotavljanje kakovosti ne sme biti ogro\u017eeno. Dru\u017eba Qingdao H&amp;F daje prednost strogemu nadzoru kakovosti za vsako sidro AC-14, pri \u010demer upo\u0161teva mednarodne standarde presku\u0161anja, da preveri mo\u010d dr\u017eanja, celovitost materiala in odpornost proti koroziji. Na\u0161a podrobna poro\u010dila o pregledih kupcem nudijo pregleden vpogled v kazalnike u\u010dinkovitosti vsakega sidra, kot sta preskusna obremenitev in analiza materiala, ki potrjujeta primernost sidra za vrsto pomorskih aplikacij.<\/p>\n<p>Razvrstitev sidra AC-14 v kategorijo z visoko mo\u010djo zadr\u017eevanja je bila preverjena z obse\u017enim testiranjem obremenitve, ki simulira delovanje sidra v realnih razmerah. Ta protokol presku\u0161anja preverja vzdr\u017eljivost sidra pod napetostjo in preverja, ali izpolnjuje ali presega industrijske standarde za stabilnost ter odpornost proti obrabi in koroziji. Ta poro\u010dila kupcem zagotavljajo dragocen vpogled v zanesljivost sidra, zagotavljajo mir in krepijo na\u0161o zavezanost varnosti in kakovosti.<\/p>\n<p>Poleg tega zasnova modela AC-14 omogo\u010da u\u010dinkovitej\u0161e shranjevanje brez zmanj\u0161anja varnosti. Kompaktnost sidra je \u0161e posebej koristna za plovila z omejenim prostorom na krovu, saj omogo\u010da racionalno shranjevanje, hkrati pa ohranja potrebno stabilnost in mo\u010d prijema. S storitvami za stranke po na\u010delu \"ena na ena\" dru\u017eba Qingdao H&amp;F strankam zagotavlja osebno pomo\u010d pri izbiri ustreznih specifikacij za zahteve njihovega plovila, na\u0161a ekipa pa je na voljo za re\u0161evanje vseh tehni\u010dnih vpra\u0161anj med celotnim postopkom nakupa.<\/p>\n<p>Na\u0161a zavezanost k hitrim dobavnim ciklom prav tako zagotavlja, da se lahko kupci zanesejo na nas pri pravo\u010dasni izpolnitvi naro\u010dila, kar zmanj\u0161uje morebitne zamude pri njihovem poslovanju. Poleg tega so okoljske prednosti sidra AC-14 Anchor v skladu z razvijajo\u010dimi se predpisi, ki spodbujajo odgovorne pomorske prakse. Minimalen vpliv sidra AC-14 na morsko dno pripomore k izpolnjevanju regulativnih standardov, ki vse bolj poudarjajo skrb za okolje. S ponudbo tega sidra pomagamo svojim strankam ne le izpolnjevati industrijske standarde, temve\u010d tudi prispevati k trajnostni pomorski industriji.<\/p>\n<p>\u010ce povzamemo, je sidro AC-14 zanesljiva in trajna izbira za pomorske operacije, ki zahtevajo u\u010dinkovito dr\u017eanje in prilagodljivost v razli\u010dnih pogojih morskega dna. Z zavezanostjo podjetja Qingdao H&amp;F k zagotavljanju kakovosti, osebnim storitvam za stranke in hitri dobavi stranke prejmejo izdelek, ki podpira operativne potrebe in okoljske vidike.<\/p>","protected":false},"excerpt":{"rendered":"<p>Sidro AC-14 je zelo iskana izbira za uporabo v pomorstvu in na morju, saj je znano po svoji zasnovi z visoko mo\u010djo oprijema (HHP). To sidro z u\u010dinkovitim razmerjem med dr\u017eanjem in te\u017eo izpolnjuje zahteve kupcev, ki i\u0161\u010dejo stro\u0161kovno u\u010dinkovite in trajne re\u0161itve za privez in sidranje na zahtevnih morskih dnih. Podjetje Qingdao H&amp;F strankam zagotavlja vrhunsko nakupno izku\u0161njo s prilagojenimi individualnimi storitvami za stranke, hitrimi dobavnimi cikli in iz\u010drpnimi poro\u010dili o pregledu kakovosti. Kupci se na nas lahko zanesejo ne le pri zagotavljanju kakovosti, temve\u010d tudi pri nemotenem in u\u010dinkovitem postopku nabave, ki ustreza industrijskim standardom.<\/p>","protected":false},"featured_media":8324,"comment_status":"open","ping_status":"closed","template":"","meta":{"site-sidebar-layout":"default","site-content-layout":"","ast-site-content-layout":"default","site-content-style":"default","site-sidebar-style":"default","ast-global-header-display":"","ast-banner-title-visibility":"","ast-main-header-display":"","ast-hfb-above-header-display":"","ast-hfb-below-header-display":"","ast-hfb-mobile-header-display":"","site-post-title":"","ast-breadcrumbs-content":"","ast-featured-img":"","footer-sml-layout":"","theme-transparent-header-meta":"default","adv-header-id-meta":"","stick-header-meta":"default","header-above-stick-meta":"","header-main-stick-meta":"","header-below-stick-meta":"","astra-migrate-meta-layouts":"set","ast-page-background-enabled":"default","ast-page-background-meta":{"desktop":{"background-color":"","background-image":"","background-repeat":"repeat","background-position":"center center","background-size":"auto","background-attachment":"scroll","background-type":"","background-media":"","overlay-type":"","overlay-color":"","overlay-opacity":"","overlay-gradient":""},"tablet":{"background-color":"","background-image":"","background-repeat":"repeat","background-position":"center center","background-size":"auto","background-attachment":"scroll","background-type":"","background-media":"","overlay-type":"","overlay-color":"","overlay-opacity":"","overlay-gradient":""},"mobile":{"background-color":"","background-image":"","background-repeat":"repeat","background-position":"center center","background-size":"auto","background-attachment":"scroll","background-type":"","background-media":"","overlay-type":"","overlay-color":"","overlay-opacity":"","overlay-gradient":""}},"ast-content-background-meta":{"desktop":{"background-color":"var(--ast-global-color-5)","background-image":"","background-repeat":"repeat","background-position":"center center","background-size":"auto","background-attachment":"scroll","background-type":"","background-media":"","overlay-type":"","overlay-color":"","overlay-opacity":"","overlay-gradient":""},"tablet":{"background-color":"var(--ast-global-color-5)","background-image":"","background-repeat":"repeat","background-position":"center center","background-size":"auto","background-attachment":"scroll","background-type":"","background-media":"","overlay-type":"","overlay-color":"","overlay-opacity":"","overlay-gradient":""},"mobile":{"background-color":"var(--ast-global-color-5)","background-image":"","background-repeat":"repeat","background-position":"center center","background-size":"auto","background-attachment":"scroll","background-type":"","background-media":"","overlay-type":"","overlay-color":"","overlay-opacity":"","overlay-gradient":""}}},"product_brand":[],"product_cat":[74],"product_tag":[],"class_list":{"0":"post-8320","1":"product","2":"type-product","3":"status-publish","4":"has-post-thumbnail","6":"product_cat-boat-anchor","7":"desktop-align-left","8":"tablet-align-left","9":"mobile-align-left","10":"ast-product-gallery-layout-horizontal-slider","11":"ast-product-tabs-layout-horizontal","13":"first","14":"instock","15":"shipping-taxable","16":"purchasable","17":"product-type-simple"},"yoast_head":"<!-- This site is optimized with the Yoast SEO plugin v25.2 - https:\/\/yoast.com\/wordpress\/plugins\/seo\/ -->\n<title>AC-14 Anchor<\/title>\n<meta name=\"robots\" content=\"index, follow, max-snippet:-1, max-image-preview:large, max-video-preview:-1\" \/>\n<link rel=\"canonical\" href=\"https:\/\/qingdaohf.com\/sl\/izdelek\/ac-14-sidro\/\" \/>\n<meta property=\"og:locale\" content=\"sl_SI\" \/>\n<meta property=\"og:type\" content=\"article\" \/>\n<meta property=\"og:title\" content=\"AC-14 Anchor\" \/>\n<meta property=\"og:description\" content=\"The AC-14 Anchor is a highly sought-after choice for marine and offshore applications, known for its high holding power (HHP) design. With an efficient holding-to-weight ratio, this anchor meets the demands of buyers looking for cost-effective, durable solutions for mooring and anchoring in challenging seabeds. Qingdao H&amp;F provides a superior purchasing experience for clients with tailored one-to-one customer service, fast delivery cycles, and comprehensive quality inspection reports. Buyers can rely on us not only for quality assurance but also for a smooth, efficient procurement process that meets industry standards.\" \/>\n<meta property=\"og:url\" content=\"https:\/\/qingdaohf.com\/sl\/izdelek\/ac-14-sidro\/\" \/>\n<meta property=\"og:site_name\" content=\"Concrete Form &amp; Rigging Hardware Supplier\" \/>\n<meta property=\"article:publisher\" content=\"https:\/\/www.facebook.com\/qingdaohf\" \/>\n<meta property=\"article:modified_time\" content=\"2025-11-13T01:02:52+00:00\" \/>\n<meta property=\"og:image\" content=\"https:\/\/qingdaohf.com\/wp-content\/uploads\/2024\/11\/AC-14-marine-anchor.webp\" \/>\n\t<meta property=\"og:image:width\" content=\"1000\" \/>\n\t<meta property=\"og:image:height\" content=\"1000\" \/>\n\t<meta property=\"og:image:type\" content=\"image\/webp\" \/>\n<meta name=\"twitter:card\" content=\"summary_large_image\" \/>\n<meta name=\"twitter:label1\" content=\"Est. reading time\" \/>\n\t<meta name=\"twitter:data1\" content=\"5 minut\" \/>\n<script type=\"application\/ld+json\" class=\"yoast-schema-graph\">{\"@context\":\"https:\/\/schema.org\",\"@graph\":[{\"@type\":\"WebPage\",\"@id\":\"https:\/\/qingdaohf.com\/product\/ac-14-anchor\/\",\"url\":\"https:\/\/qingdaohf.com\/product\/ac-14-anchor\/\",\"name\":\"AC-14 Anchor\",\"isPartOf\":{\"@id\":\"https:\/\/qingdaohf.com\/bg\/#website\"},\"primaryImageOfPage\":{\"@id\":\"https:\/\/qingdaohf.com\/product\/ac-14-anchor\/#primaryimage\"},\"image\":{\"@id\":\"https:\/\/qingdaohf.com\/product\/ac-14-anchor\/#primaryimage\"},\"thumbnailUrl\":\"https:\/\/qingdaohf.com\/wp-content\/uploads\/2024\/11\/AC-14-marine-anchor.webp\",\"datePublished\":\"2024-11-07T06:41:32+00:00\",\"dateModified\":\"2025-11-13T01:02:52+00:00\",\"breadcrumb\":{\"@id\":\"https:\/\/qingdaohf.com\/product\/ac-14-anchor\/#breadcrumb\"},\"inLanguage\":\"sl-SI\",\"potentialAction\":[{\"@type\":\"ReadAction\",\"target\":[\"https:\/\/qingdaohf.com\/product\/ac-14-anchor\/\"]}]},{\"@type\":\"ImageObject\",\"inLanguage\":\"sl-SI\",\"@id\":\"https:\/\/qingdaohf.com\/product\/ac-14-anchor\/#primaryimage\",\"url\":\"https:\/\/qingdaohf.com\/wp-content\/uploads\/2024\/11\/AC-14-marine-anchor.webp\",\"contentUrl\":\"https:\/\/qingdaohf.com\/wp-content\/uploads\/2024\/11\/AC-14-marine-anchor.webp\",\"width\":1000,\"height\":1000,\"caption\":\"AC 14 marine ancho\"},{\"@type\":\"BreadcrumbList\",\"@id\":\"https:\/\/qingdaohf.com\/product\/ac-14-anchor\/#breadcrumb\",\"itemListElement\":[{\"@type\":\"ListItem\",\"position\":1,\"name\":\"Home\",\"item\":\"https:\/\/qingdaohf.com\/\"},{\"@type\":\"ListItem\",\"position\":2,\"name\":\"Concrete Forming Accessories and Rigging Hardware\",\"item\":\"https:\/\/qingdaohf.com\/bg\/?page_id=944\"},{\"@type\":\"ListItem\",\"position\":3,\"name\":\"AC-14 Anchor\"}]},{\"@type\":\"WebSite\",\"@id\":\"https:\/\/qingdaohf.com\/bg\/#website\",\"url\":\"https:\/\/qingdaohf.com\/bg\/\",\"name\":\"Concrete Form & Rigging Hardware Supplier\",\"description\":\"\",\"publisher\":{\"@id\":\"https:\/\/qingdaohf.com\/bg\/#organization\"},\"potentialAction\":[{\"@type\":\"SearchAction\",\"target\":{\"@type\":\"EntryPoint\",\"urlTemplate\":\"https:\/\/qingdaohf.com\/bg\/?s={search_term_string}\"},\"query-input\":{\"@type\":\"PropertyValueSpecification\",\"valueRequired\":true,\"valueName\":\"search_term_string\"}}],\"inLanguage\":\"sl-SI\"},{\"@type\":\"Organization\",\"@id\":\"https:\/\/qingdaohf.com\/bg\/#organization\",\"name\":\"Qingdao H&F\",\"url\":\"https:\/\/qingdaohf.com\/bg\/\",\"logo\":{\"@type\":\"ImageObject\",\"inLanguage\":\"sl-SI\",\"@id\":\"https:\/\/qingdaohf.com\/bg\/#\/schema\/logo\/image\/\",\"url\":\"https:\/\/qingdaohf.com\/wp-content\/uploads\/2022\/12\/cropped-HF-LOGO.png\",\"contentUrl\":\"https:\/\/qingdaohf.com\/wp-content\/uploads\/2022\/12\/cropped-HF-LOGO.png\",\"width\":391,\"height\":249,\"caption\":\"Qingdao H&F\"},\"image\":{\"@id\":\"https:\/\/qingdaohf.com\/bg\/#\/schema\/logo\/image\/\"},\"sameAs\":[\"https:\/\/www.facebook.com\/qingdaohf\"]}]}<\/script>\n<!-- \/ Yoast SEO plugin. -->","yoast_head_json":{"title":"AC-14 Anchor","robots":{"index":"index","follow":"follow","max-snippet":"max-snippet:-1","max-image-preview":"max-image-preview:large","max-video-preview":"max-video-preview:-1"},"canonical":"https:\/\/qingdaohf.com\/sl\/izdelek\/ac-14-sidro\/","og_locale":"sl_SI","og_type":"article","og_title":"AC-14 Anchor","og_description":"The AC-14 Anchor is a highly sought-after choice for marine and offshore applications, known for its high holding power (HHP) design. With an efficient holding-to-weight ratio, this anchor meets the demands of buyers looking for cost-effective, durable solutions for mooring and anchoring in challenging seabeds. Qingdao H&amp;F provides a superior purchasing experience for clients with tailored one-to-one customer service, fast delivery cycles, and comprehensive quality inspection reports. Buyers can rely on us not only for quality assurance but also for a smooth, efficient procurement process that meets industry standards.","og_url":"https:\/\/qingdaohf.com\/sl\/izdelek\/ac-14-sidro\/","og_site_name":"Concrete Form &amp; Rigging Hardware Supplier","article_publisher":"https:\/\/www.facebook.com\/qingdaohf","article_modified_time":"2025-11-13T01:02:52+00:00","og_image":[{"width":1000,"height":1000,"url":"https:\/\/qingdaohf.com\/wp-content\/uploads\/2024\/11\/AC-14-marine-anchor.webp","type":"image\/webp"}],"twitter_card":"summary_large_image","twitter_misc":{"Est. reading time":"5 minut"},"schema":{"@context":"https:\/\/schema.org","@graph":[{"@type":"WebPage","@id":"https:\/\/qingdaohf.com\/product\/ac-14-anchor\/","url":"https:\/\/qingdaohf.com\/product\/ac-14-anchor\/","name":"AC-14 Anchor","isPartOf":{"@id":"https:\/\/qingdaohf.com\/bg\/#website"},"primaryImageOfPage":{"@id":"https:\/\/qingdaohf.com\/product\/ac-14-anchor\/#primaryimage"},"image":{"@id":"https:\/\/qingdaohf.com\/product\/ac-14-anchor\/#primaryimage"},"thumbnailUrl":"https:\/\/qingdaohf.com\/wp-content\/uploads\/2024\/11\/AC-14-marine-anchor.webp","datePublished":"2024-11-07T06:41:32+00:00","dateModified":"2025-11-13T01:02:52+00:00","breadcrumb":{"@id":"https:\/\/qingdaohf.com\/product\/ac-14-anchor\/#breadcrumb"},"inLanguage":"sl-SI","potentialAction":[{"@type":"ReadAction","target":["https:\/\/qingdaohf.com\/product\/ac-14-anchor\/"]}]},{"@type":"ImageObject","inLanguage":"sl-SI","@id":"https:\/\/qingdaohf.com\/product\/ac-14-anchor\/#primaryimage","url":"https:\/\/qingdaohf.com\/wp-content\/uploads\/2024\/11\/AC-14-marine-anchor.webp","contentUrl":"https:\/\/qingdaohf.com\/wp-content\/uploads\/2024\/11\/AC-14-marine-anchor.webp","width":1000,"height":1000,"caption":"AC 14 marine ancho"},{"@type":"BreadcrumbList","@id":"https:\/\/qingdaohf.com\/product\/ac-14-anchor\/#breadcrumb","itemListElement":[{"@type":"ListItem","position":1,"name":"Home","item":"https:\/\/qingdaohf.com\/"},{"@type":"ListItem","position":2,"name":"Concrete Forming Accessories and Rigging Hardware","item":"https:\/\/qingdaohf.com\/bg\/?page_id=944"},{"@type":"ListItem","position":3,"name":"AC-14 Anchor"}]},{"@type":"WebSite","@id":"https:\/\/qingdaohf.com\/bg\/#website","url":"https:\/\/qingdaohf.com\/bg\/","name":"Concrete Form & Rigging Hardware Supplier","description":"","publisher":{"@id":"https:\/\/qingdaohf.com\/bg\/#organization"},"potentialAction":[{"@type":"SearchAction","target":{"@type":"EntryPoint","urlTemplate":"https:\/\/qingdaohf.com\/bg\/?s={search_term_string}"},"query-input":{"@type":"PropertyValueSpecification","valueRequired":true,"valueName":"search_term_string"}}],"inLanguage":"sl-SI"},{"@type":"Organization","@id":"https:\/\/qingdaohf.com\/bg\/#organization","name":"Qingdao H&F","url":"https:\/\/qingdaohf.com\/bg\/","logo":{"@type":"ImageObject","inLanguage":"sl-SI","@id":"https:\/\/qingdaohf.com\/bg\/#\/schema\/logo\/image\/","url":"https:\/\/qingdaohf.com\/wp-content\/uploads\/2022\/12\/cropped-HF-LOGO.png","contentUrl":"https:\/\/qingdaohf.com\/wp-content\/uploads\/2022\/12\/cropped-HF-LOGO.png","width":391,"height":249,"caption":"Qingdao H&F"},"image":{"@id":"https:\/\/qingdaohf.com\/bg\/#\/schema\/logo\/image\/"},"sameAs":["https:\/\/www.facebook.com\/qingdaohf"]}]}},"_links":{"self":[{"href":"https:\/\/qingdaohf.com\/sl\/wp-json\/wp\/v2\/product\/8320","targetHints":{"allow":["GET"]}}],"collection":[{"href":"https:\/\/qingdaohf.com\/sl\/wp-json\/wp\/v2\/product"}],"about":[{"href":"https:\/\/qingdaohf.com\/sl\/wp-json\/wp\/v2\/types\/product"}],"replies":[{"embeddable":true,"href":"https:\/\/qingdaohf.com\/sl\/wp-json\/wp\/v2\/comments?post=8320"}],"version-history":[{"count":2,"href":"https:\/\/qingdaohf.com\/sl\/wp-json\/wp\/v2\/product\/8320\/revisions"}],"predecessor-version":[{"id":8332,"href":"https:\/\/qingdaohf.com\/sl\/wp-json\/wp\/v2\/product\/8320\/revisions\/8332"}],"wp:featuredmedia":[{"embeddable":true,"href":"https:\/\/qingdaohf.com\/sl\/wp-json\/wp\/v2\/media\/8324"}],"wp:attachment":[{"href":"https:\/\/qingdaohf.com\/sl\/wp-json\/wp\/v2\/media?parent=8320"}],"wp:term":[{"taxonomy":"product_brand","embeddable":true,"href":"https:\/\/qingdaohf.com\/sl\/wp-json\/wp\/v2\/product_brand?post=8320"},{"taxonomy":"product_cat","embeddable":true,"href":"https:\/\/qingdaohf.com\/sl\/wp-json\/wp\/v2\/product_cat?post=8320"},{"taxonomy":"product_tag","embeddable":true,"href":"https:\/\/qingdaohf.com\/sl\/wp-json\/wp\/v2\/product_tag?post=8320"}],"curies":[{"name":"wp","href":"https:\/\/api.w.org\/{rel}","templated":true}]}}