{"id":8428,"date":"2024-11-29T16:45:52","date_gmt":"2024-11-29T08:45:52","guid":{"rendered":"http:\/\/qingdaohf.com\/?post_type=product&#038;p=8428"},"modified":"2025-11-13T09:02:51","modified_gmt":"2025-11-13T01:02:51","slug":"boat-steering-wheel","status":"publish","type":"product","link":"https:\/\/qingdaohf.com\/sl\/izdelek\/volan-colna\/","title":{"rendered":"Volan za krmiljenje \u010dolna"},"content":{"rendered":"<h4>Pomen zanesljivega krmilnega kolesa za \u010doln<\/h4>\n<p>Volan je ve\u010d kot le preprost mehanizem za upravljanje \u010dolna; je srce navigacije in manevriranja. Njegova zasnova in funkcionalnost neposredno vplivata na upravljav\u010devo sposobnost upravljanja plovila v razli\u010dnih vodnih razmerah. Ne glede na to, ali gre za lagodno kri\u017earjenje ali plovbo po zahtevnih tokovih, visokokakovostni volan zagotavlja natan\u010den nadzor ter prispeva k varnosti in u\u010dinkovitosti.<\/p>\n<p>Lastniki plovil pri izbiri volana pogosto dajejo prednost materialom, ki so odporni na morsko okolje, vklju\u010dno z izpostavljenostjo slani vodi, vlagi in UV-\u017earkom. Obi\u010dajni materiali, kot so nerjave\u010de jeklo, aluminij in plastika za plovila, ponujajo razli\u010dne stopnje trajnosti in odpornosti proti koroziji. Ergonomija je \u0161e en pomemben dejavnik, saj lahko oblika, oprijem in velikost kolesa vplivajo na udobje med dalj\u0161o uporabo. Izbira pravega volana je bistvena ne le za u\u010dinkovitost, temve\u010d tudi za izbolj\u0161anje celotne izku\u0161nje pri plovbi.<\/p>\n<h4>Vrste krmilnih koles za \u010dolne<\/h4>\n<p>Volani za \u010dolne so na voljo v razli\u010dnih vrstah, vsaka je primerna za dolo\u010dene kategorije plovil in \u017eelje uporabnikov. Klasi\u010dni volani iz nerjave\u010dega jekla so zaradi brez\u010dasne oblike, izjemne trdnosti in odpornosti na ostre morske elemente \u0161e vedno priljubljeni med navtiki. Ta kolesa imajo pogosto poliran zaklju\u010dek, ki krmilu doda pridih prefinjenosti.<\/p>\n<p>Za tiste, ki i\u0161\u010dejo lahke mo\u017enosti, so kolesa, izdelana iz aluminija ali kompozitnih materialov, odli\u010dna. Aluminijasti modeli so cenjeni zaradi uravnote\u017eene mo\u010di in te\u017ee, zato so primerni za manj\u0161e \u010dolne ali rekreacijska plovila. Kolesa iz kompozitnih materialov pa so idealna za sodobne navtike, ki dajejo prednost stro\u0161kovni u\u010dinkovitosti, ne da bi pri tem ogrozili vzdr\u017eljivost.<\/p>\n<p>Leseni volani so namenjeni navdu\u0161encem, ki cenijo tradicionalno estetiko in izdelavo. Leseni volani, ki se pogosto kombinirajo s starinskimi ali luksuznimi jahtami, iz\u017earevajo klasi\u010den \u010dar, \u010deprav zahtevajo ve\u010d vzdr\u017eevanja v primerjavi s kovinskimi ali plasti\u010dnimi kolegi. Vsaka vrsta slu\u017ei edinstvenim namenom, zato lahko lastniki plovil izbirajo glede na funkcionalne potrebe in slogovne preference.<\/p>\n<h4>Zakaj izbrati na\u0161e krmilne kolesa za \u010dolne<\/h4>\n<p>Izbira pravega dobavitelja krmilnih koles za \u010dolne je enako pomembna kot izbira izdelka samega. V na\u0161em trgovskem podjetju dajemo prednost zagotavljanju vrednosti in zanesljivosti z na\u0161o \u0161iroko ponudbo pomorske dodatne opreme. Na\u0161a krmilna kolesa so podvr\u017eena strogim pregledom kakovosti, kar zagotavlja skladnost z industrijskimi standardi in na\u0161im strankam zagotavlja miren spanec.<\/p>\n<p>Na\u0161e individualne storitve za stranke nas odlikujejo na trgu, saj tesno sodelujemo s strankami, da bi razumeli njihove edinstvene zahteve. Ta osebni pristop pomaga pri priporo\u010danju krmilnih koles, prilagojenih vrsti plovila, pogojem delovanja in prora\u010dunu. Poleg tega na\u0161a racionalizirana logistika zagotavlja hiter dobavni cikel, kar zmanj\u0161uje \u010das izpada tako za navtike kot za distributerje.<\/p>\n<p>Trajnost na\u0161ih volanov je dokaz na\u0161e zavezanosti k odli\u010dnosti. Izdelani so iz vrhunskih materialov in so zasnovani tako, da prenesejo dolgotrajno izpostavljenost morskim okoljem, hkrati pa ohranjajo optimalno delovanje. S kombinacijo estetike, funkcionalnosti in zanesljivosti na\u0161i izdelki izpolnjujejo pri\u010dakovanja tako rekreativnih kot profesionalnih uporabnikov.<\/p>\n<h4>Vloga inovacij pri oblikovanju volana<\/h4>\n<p>Sodobni napredek pri oblikovanju volana za \u010doln je uvedel funkcije, ki pove\u010dujejo uporabnost in udobje. \u0160tevilni modeli imajo zdaj nedrse\u010de ro\u010daje, ki izbolj\u0161ujejo nadzor tudi v mokrih razmerah. Poleg tega kolesa z nastavljivim nagibom zagotavljajo fleksibilnost, saj se prilagajajo upravljavcem razli\u010dnih vi\u0161in in \u017eelja.<\/p>\n<p>Inovativni materiali imajo pomembno vlogo tudi pri izbolj\u0161anju odpornosti in \u017eivljenjske dobe volanov. Navti\u010dno nerjavno jeklo z dodanimi premazi zagotavlja vrhunsko odpornost proti vdolbinam in rjavenju, medtem ko UV-stabilizirana plastika prepre\u010duje bledenje in razpokanje pod vplivom son\u010dne svetlobe. Ti dose\u017eki ne zagotavljajo le dolge \u017eivljenjske dobe izdelka, temve\u010d prispevajo tudi k varnosti in udobju upravljavca.<\/p>\n<p>Druga klju\u010dna novost je vgradnja ve\u010dfunkcijskih upravljalnih elementov neposredno v volan. Tak\u0161ne zasnove omogo\u010dajo upravljavcem dostop do klju\u010dnih funkcij, kot so upravljanje plina ali elektronski prikazovalniki, ne da bi umaknili roke z volana. Te funkcije poenostavijo izku\u0161njo plovbe, naredijo navigacijo bolj intuitivno in zmanj\u0161ajo verjetnost utrujenosti upravljavca.<\/p>\n<h4>Zagotavljanje dolgoro\u010dne vrednosti<\/h4>\n<p>Nalo\u017eba v visokokakovostno krmilno kolo za \u010doln je odlo\u010ditev, ki se dolgoro\u010dno obrestuje. Poleg takoj\u0161nje funkcionalnosti ti izdelki pove\u010dajo splo\u0161no vrednost plovila, zlasti \u010de so povezani z uglednim dobaviteljem. Na\u0161i volani so zasnovani z mislijo na dolgo \u017eivljenjsko dobo in zagotavljajo optimalno ravnovesje med zmogljivostjo, vzdr\u017eljivostjo in estetskim videzom.<\/p>\n<p>Stranke lahko zaupajo na\u0161emu podjetju, da jim bo poleg izjemnih izdelkov zagotovilo tudi celovito podporo med celotnim postopkom nakupa. Od za\u010detnih posvetovanj do poprodajnih storitev si prizadevamo vzpostaviti trajne odnose z na\u0161imi strankami. S to zavezanostjo k odli\u010dnosti smo si ustvarili ugled zaupanja vrednega partnerja na trgu pomorske opreme.<\/p>\n<p>Z dajanjem prednosti kakovosti, inovacijam in zadovoljstvu strank \u017eelimo prese\u010di pri\u010dakovanja na\u0161ih strank. Na\u0161i volani za \u010dolne so zdru\u017eitev prakti\u010dnosti in sloga, ki zagotavlja vrhunsko zmogljivost na vodi, ne glede na to, ali so namenjeni obi\u010dajnim ljubiteljem \u010dolnarjenja ali profesionalnim pomor\u0161\u010dakom.<\/p>","protected":false},"excerpt":{"rendered":"<p>Volani za \u010dolne imajo klju\u010dno vlogo pri zagotavljanju nemotene plovbe in nadzora na vodi, zato so klju\u010dni sestavni del vsakega plovila. Kupci pri izbiri volana pogosto dajejo prednost dejavnikom, kot so vzdr\u017eljivost materiala, ergonomska oblika, zdru\u017eljivost z razli\u010dnimi ladijskimi sistemi in odpornost proti koroziji. Na\u0161e trgovsko podjetje ponuja visokokakovostna krmilna kolesa za \u010dolne, ki obravnavajo te pomisleke, skupaj z individualno obravnavo strank, kar zagotavlja prilagojena priporo\u010dila. Poleg tega zagotavljamo hiter dobavni cikel in zagotavljamo temeljita poro\u010dila o preverjanju kakovosti, da vam ob vsakem nakupu zagotovimo mirno vest.<\/p>","protected":false},"featured_media":8429,"comment_status":"open","ping_status":"closed","template":"","meta":{"site-sidebar-layout":"default","site-content-layout":"","ast-site-content-layout":"default","site-content-style":"default","site-sidebar-style":"default","ast-global-header-display":"","ast-banner-title-visibility":"","ast-main-header-display":"","ast-hfb-above-header-display":"","ast-hfb-below-header-display":"","ast-hfb-mobile-header-display":"","site-post-title":"","ast-breadcrumbs-content":"","ast-featured-img":"","footer-sml-layout":"","theme-transparent-header-meta":"default","adv-header-id-meta":"","stick-header-meta":"default","header-above-stick-meta":"","header-main-stick-meta":"","header-below-stick-meta":"","astra-migrate-meta-layouts":"set","ast-page-background-enabled":"default","ast-page-background-meta":{"desktop":{"background-color":"","background-image":"","background-repeat":"repeat","background-position":"center center","background-size":"auto","background-attachment":"scroll","background-type":"","background-media":"","overlay-type":"","overlay-color":"","overlay-opacity":"","overlay-gradient":""},"tablet":{"background-color":"","background-image":"","background-repeat":"repeat","background-position":"center center","background-size":"auto","background-attachment":"scroll","background-type":"","background-media":"","overlay-type":"","overlay-color":"","overlay-opacity":"","overlay-gradient":""},"mobile":{"background-color":"","background-image":"","background-repeat":"repeat","background-position":"center center","background-size":"auto","background-attachment":"scroll","background-type":"","background-media":"","overlay-type":"","overlay-color":"","overlay-opacity":"","overlay-gradient":""}},"ast-content-background-meta":{"desktop":{"background-color":"var(--ast-global-color-5)","background-image":"","background-repeat":"repeat","background-position":"center center","background-size":"auto","background-attachment":"scroll","background-type":"","background-media":"","overlay-type":"","overlay-color":"","overlay-opacity":"","overlay-gradient":""},"tablet":{"background-color":"var(--ast-global-color-5)","background-image":"","background-repeat":"repeat","background-position":"center center","background-size":"auto","background-attachment":"scroll","background-type":"","background-media":"","overlay-type":"","overlay-color":"","overlay-opacity":"","overlay-gradient":""},"mobile":{"background-color":"var(--ast-global-color-5)","background-image":"","background-repeat":"repeat","background-position":"center center","background-size":"auto","background-attachment":"scroll","background-type":"","background-media":"","overlay-type":"","overlay-color":"","overlay-opacity":"","overlay-gradient":""}}},"product_brand":[],"product_cat":[44],"product_tag":[],"class_list":{"0":"post-8428","1":"product","2":"type-product","3":"status-publish","4":"has-post-thumbnail","6":"product_cat-stainless-steel-poduct","7":"desktop-align-left","8":"tablet-align-left","9":"mobile-align-left","10":"ast-product-gallery-layout-horizontal-slider","11":"ast-product-tabs-layout-horizontal","13":"first","14":"instock","15":"shipping-taxable","16":"purchasable","17":"product-type-simple"},"yoast_head":"<!-- This site is optimized with the Yoast SEO plugin v25.2 - https:\/\/yoast.com\/wordpress\/plugins\/seo\/ -->\n<title>Boat Steering Wheel<\/title>\n<meta name=\"robots\" content=\"index, follow, max-snippet:-1, max-image-preview:large, max-video-preview:-1\" \/>\n<link rel=\"canonical\" href=\"https:\/\/qingdaohf.com\/sl\/izdelek\/volan-colna\/\" \/>\n<meta property=\"og:locale\" content=\"sl_SI\" \/>\n<meta property=\"og:type\" content=\"article\" \/>\n<meta property=\"og:title\" content=\"Boat Steering Wheel\" \/>\n<meta property=\"og:description\" content=\"Boat steering wheels play a pivotal role in ensuring smooth navigation and control on water, making them a critical component for any vessel. Buyers often prioritize factors such as material durability, ergonomic design, compatibility with various marine systems, and corrosion resistance when selecting a steering wheel. Our trading company offers high-quality boat steering wheels that address these concerns, coupled with one-to-one customer service, ensuring tailored recommendations. Additionally, we guarantee a fast delivery cycle and provide thorough quality inspection reports to offer peace of mind with every purchase.\" \/>\n<meta property=\"og:url\" content=\"https:\/\/qingdaohf.com\/sl\/izdelek\/volan-colna\/\" \/>\n<meta property=\"og:site_name\" content=\"Concrete Form &amp; Rigging Hardware Supplier\" \/>\n<meta property=\"article:publisher\" content=\"https:\/\/www.facebook.com\/qingdaohf\" \/>\n<meta property=\"article:modified_time\" content=\"2025-11-13T01:02:51+00:00\" \/>\n<meta property=\"og:image\" content=\"https:\/\/qingdaohf.com\/wp-content\/uploads\/2024\/11\/boat-steering-wheel-5.jpg\" \/>\n\t<meta property=\"og:image:width\" content=\"1000\" \/>\n\t<meta property=\"og:image:height\" content=\"1000\" \/>\n\t<meta property=\"og:image:type\" content=\"image\/jpeg\" \/>\n<meta name=\"twitter:card\" content=\"summary_large_image\" \/>\n<meta name=\"twitter:label1\" content=\"Est. reading time\" \/>\n\t<meta name=\"twitter:data1\" content=\"4 minute\" \/>\n<script type=\"application\/ld+json\" class=\"yoast-schema-graph\">{\"@context\":\"https:\/\/schema.org\",\"@graph\":[{\"@type\":\"WebPage\",\"@id\":\"https:\/\/qingdaohf.com\/product\/boat-steering-wheel\/\",\"url\":\"https:\/\/qingdaohf.com\/product\/boat-steering-wheel\/\",\"name\":\"Boat Steering Wheel\",\"isPartOf\":{\"@id\":\"https:\/\/qingdaohf.com\/bg\/#website\"},\"primaryImageOfPage\":{\"@id\":\"https:\/\/qingdaohf.com\/product\/boat-steering-wheel\/#primaryimage\"},\"image\":{\"@id\":\"https:\/\/qingdaohf.com\/product\/boat-steering-wheel\/#primaryimage\"},\"thumbnailUrl\":\"https:\/\/qingdaohf.com\/wp-content\/uploads\/2024\/11\/boat-steering-wheel-5.jpg\",\"datePublished\":\"2024-11-29T08:45:52+00:00\",\"dateModified\":\"2025-11-13T01:02:51+00:00\",\"breadcrumb\":{\"@id\":\"https:\/\/qingdaohf.com\/product\/boat-steering-wheel\/#breadcrumb\"},\"inLanguage\":\"sl-SI\",\"potentialAction\":[{\"@type\":\"ReadAction\",\"target\":[\"https:\/\/qingdaohf.com\/product\/boat-steering-wheel\/\"]}]},{\"@type\":\"ImageObject\",\"inLanguage\":\"sl-SI\",\"@id\":\"https:\/\/qingdaohf.com\/product\/boat-steering-wheel\/#primaryimage\",\"url\":\"https:\/\/qingdaohf.com\/wp-content\/uploads\/2024\/11\/boat-steering-wheel-5.jpg\",\"contentUrl\":\"https:\/\/qingdaohf.com\/wp-content\/uploads\/2024\/11\/boat-steering-wheel-5.jpg\",\"width\":1000,\"height\":1000,\"caption\":\"boat steering wheel\"},{\"@type\":\"BreadcrumbList\",\"@id\":\"https:\/\/qingdaohf.com\/product\/boat-steering-wheel\/#breadcrumb\",\"itemListElement\":[{\"@type\":\"ListItem\",\"position\":1,\"name\":\"Home\",\"item\":\"https:\/\/qingdaohf.com\/\"},{\"@type\":\"ListItem\",\"position\":2,\"name\":\"Concrete Forming Accessories and Rigging Hardware\",\"item\":\"https:\/\/qingdaohf.com\/bg\/?page_id=944\"},{\"@type\":\"ListItem\",\"position\":3,\"name\":\"Boat Steering Wheel\"}]},{\"@type\":\"WebSite\",\"@id\":\"https:\/\/qingdaohf.com\/bg\/#website\",\"url\":\"https:\/\/qingdaohf.com\/bg\/\",\"name\":\"Concrete Form & Rigging Hardware Supplier\",\"description\":\"\",\"publisher\":{\"@id\":\"https:\/\/qingdaohf.com\/bg\/#organization\"},\"potentialAction\":[{\"@type\":\"SearchAction\",\"target\":{\"@type\":\"EntryPoint\",\"urlTemplate\":\"https:\/\/qingdaohf.com\/bg\/?s={search_term_string}\"},\"query-input\":{\"@type\":\"PropertyValueSpecification\",\"valueRequired\":true,\"valueName\":\"search_term_string\"}}],\"inLanguage\":\"sl-SI\"},{\"@type\":\"Organization\",\"@id\":\"https:\/\/qingdaohf.com\/bg\/#organization\",\"name\":\"Qingdao H&F\",\"url\":\"https:\/\/qingdaohf.com\/bg\/\",\"logo\":{\"@type\":\"ImageObject\",\"inLanguage\":\"sl-SI\",\"@id\":\"https:\/\/qingdaohf.com\/bg\/#\/schema\/logo\/image\/\",\"url\":\"https:\/\/qingdaohf.com\/wp-content\/uploads\/2022\/12\/cropped-HF-LOGO.png\",\"contentUrl\":\"https:\/\/qingdaohf.com\/wp-content\/uploads\/2022\/12\/cropped-HF-LOGO.png\",\"width\":391,\"height\":249,\"caption\":\"Qingdao H&F\"},\"image\":{\"@id\":\"https:\/\/qingdaohf.com\/bg\/#\/schema\/logo\/image\/\"},\"sameAs\":[\"https:\/\/www.facebook.com\/qingdaohf\"]}]}<\/script>\n<!-- \/ Yoast SEO plugin. -->","yoast_head_json":{"title":"Boat Steering Wheel","robots":{"index":"index","follow":"follow","max-snippet":"max-snippet:-1","max-image-preview":"max-image-preview:large","max-video-preview":"max-video-preview:-1"},"canonical":"https:\/\/qingdaohf.com\/sl\/izdelek\/volan-colna\/","og_locale":"sl_SI","og_type":"article","og_title":"Boat Steering Wheel","og_description":"Boat steering wheels play a pivotal role in ensuring smooth navigation and control on water, making them a critical component for any vessel. Buyers often prioritize factors such as material durability, ergonomic design, compatibility with various marine systems, and corrosion resistance when selecting a steering wheel. Our trading company offers high-quality boat steering wheels that address these concerns, coupled with one-to-one customer service, ensuring tailored recommendations. Additionally, we guarantee a fast delivery cycle and provide thorough quality inspection reports to offer peace of mind with every purchase.","og_url":"https:\/\/qingdaohf.com\/sl\/izdelek\/volan-colna\/","og_site_name":"Concrete Form &amp; Rigging Hardware Supplier","article_publisher":"https:\/\/www.facebook.com\/qingdaohf","article_modified_time":"2025-11-13T01:02:51+00:00","og_image":[{"width":1000,"height":1000,"url":"https:\/\/qingdaohf.com\/wp-content\/uploads\/2024\/11\/boat-steering-wheel-5.jpg","type":"image\/jpeg"}],"twitter_card":"summary_large_image","twitter_misc":{"Est. reading time":"4 minute"},"schema":{"@context":"https:\/\/schema.org","@graph":[{"@type":"WebPage","@id":"https:\/\/qingdaohf.com\/product\/boat-steering-wheel\/","url":"https:\/\/qingdaohf.com\/product\/boat-steering-wheel\/","name":"Boat Steering Wheel","isPartOf":{"@id":"https:\/\/qingdaohf.com\/bg\/#website"},"primaryImageOfPage":{"@id":"https:\/\/qingdaohf.com\/product\/boat-steering-wheel\/#primaryimage"},"image":{"@id":"https:\/\/qingdaohf.com\/product\/boat-steering-wheel\/#primaryimage"},"thumbnailUrl":"https:\/\/qingdaohf.com\/wp-content\/uploads\/2024\/11\/boat-steering-wheel-5.jpg","datePublished":"2024-11-29T08:45:52+00:00","dateModified":"2025-11-13T01:02:51+00:00","breadcrumb":{"@id":"https:\/\/qingdaohf.com\/product\/boat-steering-wheel\/#breadcrumb"},"inLanguage":"sl-SI","potentialAction":[{"@type":"ReadAction","target":["https:\/\/qingdaohf.com\/product\/boat-steering-wheel\/"]}]},{"@type":"ImageObject","inLanguage":"sl-SI","@id":"https:\/\/qingdaohf.com\/product\/boat-steering-wheel\/#primaryimage","url":"https:\/\/qingdaohf.com\/wp-content\/uploads\/2024\/11\/boat-steering-wheel-5.jpg","contentUrl":"https:\/\/qingdaohf.com\/wp-content\/uploads\/2024\/11\/boat-steering-wheel-5.jpg","width":1000,"height":1000,"caption":"boat steering wheel"},{"@type":"BreadcrumbList","@id":"https:\/\/qingdaohf.com\/product\/boat-steering-wheel\/#breadcrumb","itemListElement":[{"@type":"ListItem","position":1,"name":"Home","item":"https:\/\/qingdaohf.com\/"},{"@type":"ListItem","position":2,"name":"Concrete Forming Accessories and Rigging Hardware","item":"https:\/\/qingdaohf.com\/bg\/?page_id=944"},{"@type":"ListItem","position":3,"name":"Boat Steering Wheel"}]},{"@type":"WebSite","@id":"https:\/\/qingdaohf.com\/bg\/#website","url":"https:\/\/qingdaohf.com\/bg\/","name":"Concrete Form & Rigging Hardware Supplier","description":"","publisher":{"@id":"https:\/\/qingdaohf.com\/bg\/#organization"},"potentialAction":[{"@type":"SearchAction","target":{"@type":"EntryPoint","urlTemplate":"https:\/\/qingdaohf.com\/bg\/?s={search_term_string}"},"query-input":{"@type":"PropertyValueSpecification","valueRequired":true,"valueName":"search_term_string"}}],"inLanguage":"sl-SI"},{"@type":"Organization","@id":"https:\/\/qingdaohf.com\/bg\/#organization","name":"Qingdao H&F","url":"https:\/\/qingdaohf.com\/bg\/","logo":{"@type":"ImageObject","inLanguage":"sl-SI","@id":"https:\/\/qingdaohf.com\/bg\/#\/schema\/logo\/image\/","url":"https:\/\/qingdaohf.com\/wp-content\/uploads\/2022\/12\/cropped-HF-LOGO.png","contentUrl":"https:\/\/qingdaohf.com\/wp-content\/uploads\/2022\/12\/cropped-HF-LOGO.png","width":391,"height":249,"caption":"Qingdao H&F"},"image":{"@id":"https:\/\/qingdaohf.com\/bg\/#\/schema\/logo\/image\/"},"sameAs":["https:\/\/www.facebook.com\/qingdaohf"]}]}},"_links":{"self":[{"href":"https:\/\/qingdaohf.com\/sl\/wp-json\/wp\/v2\/product\/8428","targetHints":{"allow":["GET"]}}],"collection":[{"href":"https:\/\/qingdaohf.com\/sl\/wp-json\/wp\/v2\/product"}],"about":[{"href":"https:\/\/qingdaohf.com\/sl\/wp-json\/wp\/v2\/types\/product"}],"replies":[{"embeddable":true,"href":"https:\/\/qingdaohf.com\/sl\/wp-json\/wp\/v2\/comments?post=8428"}],"version-history":[{"count":1,"href":"https:\/\/qingdaohf.com\/sl\/wp-json\/wp\/v2\/product\/8428\/revisions"}],"predecessor-version":[{"id":8436,"href":"https:\/\/qingdaohf.com\/sl\/wp-json\/wp\/v2\/product\/8428\/revisions\/8436"}],"wp:featuredmedia":[{"embeddable":true,"href":"https:\/\/qingdaohf.com\/sl\/wp-json\/wp\/v2\/media\/8429"}],"wp:attachment":[{"href":"https:\/\/qingdaohf.com\/sl\/wp-json\/wp\/v2\/media?parent=8428"}],"wp:term":[{"taxonomy":"product_brand","embeddable":true,"href":"https:\/\/qingdaohf.com\/sl\/wp-json\/wp\/v2\/product_brand?post=8428"},{"taxonomy":"product_cat","embeddable":true,"href":"https:\/\/qingdaohf.com\/sl\/wp-json\/wp\/v2\/product_cat?post=8428"},{"taxonomy":"product_tag","embeddable":true,"href":"https:\/\/qingdaohf.com\/sl\/wp-json\/wp\/v2\/product_tag?post=8428"}],"curies":[{"name":"wp","href":"https:\/\/api.w.org\/{rel}","templated":true}]}}