{"id":8601,"date":"2024-12-27T17:18:28","date_gmt":"2024-12-27T09:18:28","guid":{"rendered":"http:\/\/qingdaohf.com\/?post_type=product&#038;p=8601"},"modified":"2025-11-13T09:02:22","modified_gmt":"2025-11-13T01:02:22","slug":"formwork-water-stop","status":"publish","type":"product","link":"https:\/\/qingdaohf.com\/sl\/izdelek\/zaustavitev-vode-v-opazu\/","title":{"rendered":"Stop za vodo za opa\u017e"},"content":{"rendered":"<p class=\"whitespace-pre-wrap break-words\">Izdelki za zaustavljanje vode v opa\u017eu so klju\u010dnega pomena za hidroizolacijo in ohranjanje strukturne celovitosti pri betonski gradnji. Ti sestavni deli delujejo skupaj z dodatki za opa\u017e, kot so vezne palice in krilne matice, da prepre\u010dijo pronicanje vode in za\u0161\u010ditijo betonske konstrukcije. Razi\u0161\u010dimo, kako ti elementi delujejo skupaj in zakaj so pomembni za va\u0161e gradbene projekte.<\/p>\n<h2 class=\"font-600 text-xl font-bold\">Razumevanje vodnih zapor za opa\u017e<\/h2>\n<p class=\"whitespace-pre-wrap break-words\">Pri gradnji z betonom se neizogibno sre\u010date s stiki med razli\u010dnimi deli - ti nastanejo zaradi prakti\u010dnih potreb, kot so prekinitve gradnje ali uporaba lo\u010denih delov kalupov. Ker je beton naravno porozen, lahko ti stiki postanejo \u0161ibke to\u010dke, kamor lahko prodre voda. Tu pridejo na vrsto zapornice za vodo.<\/p>\n<p class=\"whitespace-pre-wrap break-words\">Vodne zapore so izdelane iz materialov, ki se lahko upogibajo in premikajo skupaj z betonom - obi\u010dajno iz PVC, gume ali posebnih hidrofilnih spojin. Klju\u010dno je izbrati nekaj, kar bo ohranilo svojo u\u010dinkovitost, ko se bo beton usedal in odzival na spremembe v okolju. Vgraditi jih je treba pred betoniranjem, s \u010dimer ustvarite fizi\u010dno oviro pred vdorom vode. To je \u0161e posebej pomembno za strukture, kot so kleti, predori in jezovi, kjer je pritisk vode stalen problem.<\/p>\n<h2 class=\"font-600 text-xl font-bold\">Vloga veznih palic pri opa\u017enih aplikacijah<\/h2>\n<p><img fetchpriority=\"high\" decoding=\"async\" class=\"alignnone wp-image-8579 size-full\" src=\"http:\/\/qingdaohf.com\/wp-content\/uploads\/2024\/12\/tie-rod-92.webp\" alt=\"sistem veznih palic\" width=\"1000\" height=\"1000\" srcset=\"https:\/\/qingdaohf.com\/wp-content\/uploads\/2024\/12\/tie-rod-92.webp 1000w, https:\/\/qingdaohf.com\/wp-content\/uploads\/2024\/12\/tie-rod-92-300x300.webp 300w, https:\/\/qingdaohf.com\/wp-content\/uploads\/2024\/12\/tie-rod-92-150x150.webp 150w, https:\/\/qingdaohf.com\/wp-content\/uploads\/2024\/12\/tie-rod-92-768x768.webp 768w, https:\/\/qingdaohf.com\/wp-content\/uploads\/2024\/12\/tie-rod-92-12x12.webp 12w, https:\/\/qingdaohf.com\/wp-content\/uploads\/2024\/12\/tie-rod-92-500x500.webp 500w, https:\/\/qingdaohf.com\/wp-content\/uploads\/2024\/12\/tie-rod-92-100x100.webp 100w\" sizes=\"(max-width: 1000px) 100vw, 1000px\" \/><\/p>\n<p class=\"whitespace-pre-wrap break-words\">Povezovalne palice (ali opa\u017ene vezi) so nesojeni junaki betonske gradnje. Ti jekleni elementi dr\u017eijo opa\u017ene plo\u0161\u010de stabilno med vlivanjem in strjevanjem betona. Z napeljavo skozi plo\u0161\u010de in pritrditvijo s krilnimi maticami na obeh koncih zagotavljajo napetost, ki je potrebna, da vse ostane stabilno pod velikim pritiskom mokrega betona.<\/p>\n<p class=\"whitespace-pre-wrap break-words\">Razmerje med vodnimi zaporami in veznimi palicami je klju\u010dnega pomena - delovati morajo brezhibno. Medtem ko vezne palice vzdr\u017eujejo polo\u017eaj opa\u017ea, vodni omejevalniki zagotavljajo neprepustnost stikov. Pravilna kombinacija prepre\u010duje pronicanje vode in draga popravila v prihodnosti. Ko se beton strdi, delavci odstranijo vezne palice in krilne matice, za seboj pa pustijo ustrezno vodotesne spoje.<\/p>\n<h2 class=\"font-600 text-xl font-bold\">Pomen krilnih matic pri gradnji opa\u017ea<\/h2>\n<p class=\"whitespace-pre-wrap break-words\">Krilne matice se morda zdijo preproste, vendar so bistvene za natan\u010dno nastavitev vgradnje opa\u017ea. Njihova zasnova delavcem omogo\u010da ro\u010dno prilagajanje napetosti veznih palic, kar olaj\u0161a vzdr\u017eevanje pravilne poravnave plo\u0161\u010d med betoniranjem. Ta natan\u010den nadzor pomaga prepre\u010diti premikanje plo\u0161\u010d, ki bi lahko ogrozilo kon\u010dno konstrukcijo.<\/p>\n<p class=\"whitespace-pre-wrap break-words\">Te komponente imajo prav tako klju\u010dno vlogo pri u\u010dinkovitosti zaustavljanja vode. \u010ce so vezne palice pravilno napete s krilnimi maticami, dr\u017eijo opa\u017ene plo\u0161\u010de in vodne zapornice to\u010dno tam, kjer morajo biti. Brez pravilne nastavitve krilnih matic lahko zaradi premikov med betoniranjem nastanejo vrzeli, ki omogo\u010dajo prodiranje vode.<\/p>\n<h2 class=\"font-600 text-xl font-bold\">Prednosti opa\u017enih vodnih zapor pri hidroizolaciji betona<\/h2>\n<p class=\"whitespace-pre-wrap break-words\">Za konstrukcije, ki so stalno izpostavljene vlagi, kot so temelji in podzemni predori, je ustrezna hidroizolacija nepogre\u0161ljiva. Vodne zapore imajo ve\u010d klju\u010dnih prednosti:<\/p>\n<p class=\"whitespace-pre-wrap break-words\">Strukturna za\u0161\u010dita: S prepre\u010devanjem pronicanja vode v stike se prepre\u010dujejo pogoste te\u017eave, kot sta korozija armature in degradacija betona, ki lahko ogrozijo strukturno celovitost.<\/p>\n<p class=\"whitespace-pre-wrap break-words\">Stro\u0161kovne koristi: \u010ceprav se zdi za\u010detna nalo\u017eba v kakovostne vodne zapornice precej\u0161nja, je veliko cenej\u0161a od kasnej\u0161ih popravil \u0161kode zaradi vode. Pravilna izvedba hidroizolacije med gradnjo odpravi potrebo po dragih popravkih v nadaljevanju.<\/p>\n<p class=\"whitespace-pre-wrap break-words\">Pove\u010dana dolgo\u017eivost: Strukture s pravilno vgrajenimi vodnimi zaporami obi\u010dajno trajajo dlje, zlasti v zahtevnih okoljih z visokim vodnim tlakom ali korozivnimi pogoji.<\/p>\n<p class=\"whitespace-pre-wrap break-words\">Skladnost s predpisi: \u0160tevilni gradbeni predpisi predpisujejo uporabo vodnih zapor, zlasti za kriti\u010dno infrastrukturo. Z njihovo uporabo lahko zagotovite, da va\u0161 projekt izpolnjuje vse potrebne standarde varnosti in zanesljivosti.<\/p>\n<p class=\"whitespace-pre-wrap break-words\">Okoljska odgovornost: U\u010dinkovita hidroizolacija ne \u0161\u010diti le strukture, temve\u010d tudi okoli\u0161ko okolje pred morebitnim onesna\u017eenjem zaradi pu\u0161\u010danja.<\/p>\n<h2 class=\"font-600 text-xl font-bold\">Zakaj izbrati nas za potrebe opa\u017enih vodnih zapor?<\/h2>\n<p class=\"whitespace-pre-wrap break-words\">Na\u0161e podjetje je specializirano za zagotavljanje visokokakovostnih opa\u017enih re\u0161itev gradbenim strokovnjakom. Zavedamo se, da ima vsak projekt edinstvene izzive, zato vam nudimo prilagojeno podporo pri izbiri pravih izdelkov.<\/p>\n<p class=\"whitespace-pre-wrap break-words\">Ponosni smo na hitre dobavne roke in obse\u017eno dokumentacijo o preverjanju kakovosti. Ne glede na to, ali vodite velik infrastrukturni projekt ali manj\u0161i razvojni projekt, vam na\u0161a ekipa zagotavlja strokovno znanje in podporo, ki jo potrebujete med celotnim projektom.<\/p>\n<h2 class=\"font-600 text-xl font-bold\">Zaklju\u010dek<\/h2>\n<p class=\"whitespace-pre-wrap break-words\">Uspeh betonske konstrukcije je pogosto odvisen od pravilnega izbiranja podrobnosti - zlasti pri hidroizolaciji. U\u010dinkovita uporaba vodnih zapor skupaj s pravilno name\u0161\u010denimi veznimi palicami in krilnimi maticami pomaga zagotoviti, da va\u0161e konstrukcije ostanejo vodotesne in vzdr\u017eljive. S sodelovanjem z zanesljivim dobaviteljem, kot smo mi, boste dobili kakovostne izdelke in podporo, potrebno za uspe\u0161no izvedbo projektov.<\/p>","protected":false},"excerpt":{"rendered":"<p>Izdelki za zaustavljanje vode v opa\u017eu so bistveni za ustvarjanje vodotesnih pregrad v betonski konstrukciji, saj prepre\u010dujejo uhajanje vode skozi spoje v betonskih konstrukcijah. Ti izdelki so zasnovani tako, da se uporabljajo skupaj z drugimi opa\u017enimi pripomo\u010dki, kot so vezne palice in krilne matice, kar zagotavlja nemoten in trajen gradbeni proces. Kot trgovsko podjetje ponujamo individualne storitve za stranke, hitre dobavne cikle in zagotavljamo razli\u010dna poro\u010dila o preverjanju kakovosti, da bi na\u0161im strankam zagotovili najvi\u0161je standarde. Ne glede na to, ali potrebujete nasvet o specifikacijah izdelka ali pravo\u010dasno dobavo, smo zavezani k u\u010dinkovitemu in zanesljivemu izpolnjevanju va\u0161ih potreb.<\/p>","protected":false},"featured_media":8599,"comment_status":"open","ping_status":"closed","template":"","meta":{"site-sidebar-layout":"default","site-content-layout":"","ast-site-content-layout":"default","site-content-style":"default","site-sidebar-style":"default","ast-global-header-display":"","ast-banner-title-visibility":"","ast-main-header-display":"","ast-hfb-above-header-display":"","ast-hfb-below-header-display":"","ast-hfb-mobile-header-display":"","site-post-title":"","ast-breadcrumbs-content":"","ast-featured-img":"","footer-sml-layout":"","theme-transparent-header-meta":"default","adv-header-id-meta":"","stick-header-meta":"default","header-above-stick-meta":"","header-main-stick-meta":"","header-below-stick-meta":"","astra-migrate-meta-layouts":"set","ast-page-background-enabled":"default","ast-page-background-meta":{"desktop":{"background-color":"","background-image":"","background-repeat":"repeat","background-position":"center center","background-size":"auto","background-attachment":"scroll","background-type":"","background-media":"","overlay-type":"","overlay-color":"","overlay-opacity":"","overlay-gradient":""},"tablet":{"background-color":"","background-image":"","background-repeat":"repeat","background-position":"center center","background-size":"auto","background-attachment":"scroll","background-type":"","background-media":"","overlay-type":"","overlay-color":"","overlay-opacity":"","overlay-gradient":""},"mobile":{"background-color":"","background-image":"","background-repeat":"repeat","background-position":"center center","background-size":"auto","background-attachment":"scroll","background-type":"","background-media":"","overlay-type":"","overlay-color":"","overlay-opacity":"","overlay-gradient":""}},"ast-content-background-meta":{"desktop":{"background-color":"var(--ast-global-color-5)","background-image":"","background-repeat":"repeat","background-position":"center center","background-size":"auto","background-attachment":"scroll","background-type":"","background-media":"","overlay-type":"","overlay-color":"","overlay-opacity":"","overlay-gradient":""},"tablet":{"background-color":"var(--ast-global-color-5)","background-image":"","background-repeat":"repeat","background-position":"center center","background-size":"auto","background-attachment":"scroll","background-type":"","background-media":"","overlay-type":"","overlay-color":"","overlay-opacity":"","overlay-gradient":""},"mobile":{"background-color":"var(--ast-global-color-5)","background-image":"","background-repeat":"repeat","background-position":"center center","background-size":"auto","background-attachment":"scroll","background-type":"","background-media":"","overlay-type":"","overlay-color":"","overlay-opacity":"","overlay-gradient":""}}},"product_brand":[],"product_cat":[79],"product_tag":[],"class_list":{"0":"post-8601","1":"product","2":"type-product","3":"status-publish","4":"has-post-thumbnail","6":"product_cat-tie-rod-system","7":"desktop-align-left","8":"tablet-align-left","9":"mobile-align-left","10":"ast-product-gallery-layout-horizontal-slider","11":"ast-product-tabs-layout-horizontal","13":"first","14":"instock","15":"shipping-taxable","16":"purchasable","17":"product-type-simple"},"yoast_head":"<!-- This site is optimized with the Yoast SEO plugin v25.2 - https:\/\/yoast.com\/wordpress\/plugins\/seo\/ -->\n<title>Formwork Water Stop<\/title>\n<meta name=\"description\" content=\"Formwork water stop products are essential for creating waterproof barriers in concrete construction, preventing water leakage through joints in concrete structures.\" \/>\n<meta name=\"robots\" content=\"index, follow, max-snippet:-1, max-image-preview:large, max-video-preview:-1\" \/>\n<link rel=\"canonical\" href=\"https:\/\/qingdaohf.com\/sl\/izdelek\/zaustavitev-vode-v-opazu\/\" \/>\n<meta property=\"og:locale\" content=\"sl_SI\" \/>\n<meta property=\"og:type\" content=\"article\" \/>\n<meta property=\"og:title\" content=\"Formwork Water Stop\" \/>\n<meta property=\"og:description\" content=\"Formwork water stop products are essential for creating waterproof barriers in concrete construction, preventing water leakage through joints in concrete structures.\" \/>\n<meta property=\"og:url\" content=\"https:\/\/qingdaohf.com\/sl\/izdelek\/zaustavitev-vode-v-opazu\/\" \/>\n<meta property=\"og:site_name\" content=\"Concrete Form &amp; Rigging Hardware Supplier\" \/>\n<meta property=\"article:publisher\" content=\"https:\/\/www.facebook.com\/qingdaohf\" \/>\n<meta property=\"article:modified_time\" content=\"2025-11-13T01:02:22+00:00\" \/>\n<meta property=\"og:image\" content=\"https:\/\/qingdaohf.com\/wp-content\/uploads\/2024\/12\/tie-rod-water-stop-9.jpg\" \/>\n\t<meta property=\"og:image:width\" content=\"1000\" \/>\n\t<meta property=\"og:image:height\" content=\"1000\" \/>\n\t<meta property=\"og:image:type\" content=\"image\/jpeg\" \/>\n<meta name=\"twitter:card\" content=\"summary_large_image\" \/>\n<meta name=\"twitter:label1\" content=\"Est. reading time\" \/>\n\t<meta name=\"twitter:data1\" content=\"4 minute\" \/>\n<script type=\"application\/ld+json\" class=\"yoast-schema-graph\">{\"@context\":\"https:\/\/schema.org\",\"@graph\":[{\"@type\":\"WebPage\",\"@id\":\"https:\/\/qingdaohf.com\/product\/formwork-water-stop\/\",\"url\":\"https:\/\/qingdaohf.com\/product\/formwork-water-stop\/\",\"name\":\"Formwork Water Stop\",\"isPartOf\":{\"@id\":\"https:\/\/qingdaohf.com\/bg\/#website\"},\"primaryImageOfPage\":{\"@id\":\"https:\/\/qingdaohf.com\/product\/formwork-water-stop\/#primaryimage\"},\"image\":{\"@id\":\"https:\/\/qingdaohf.com\/product\/formwork-water-stop\/#primaryimage\"},\"thumbnailUrl\":\"https:\/\/qingdaohf.com\/wp-content\/uploads\/2024\/12\/tie-rod-water-stop-9.jpg\",\"datePublished\":\"2024-12-27T09:18:28+00:00\",\"dateModified\":\"2025-11-13T01:02:22+00:00\",\"description\":\"Formwork water stop products are essential for creating waterproof barriers in concrete construction, preventing water leakage through joints in concrete structures.\",\"breadcrumb\":{\"@id\":\"https:\/\/qingdaohf.com\/product\/formwork-water-stop\/#breadcrumb\"},\"inLanguage\":\"sl-SI\",\"potentialAction\":[{\"@type\":\"ReadAction\",\"target\":[\"https:\/\/qingdaohf.com\/product\/formwork-water-stop\/\"]}]},{\"@type\":\"ImageObject\",\"inLanguage\":\"sl-SI\",\"@id\":\"https:\/\/qingdaohf.com\/product\/formwork-water-stop\/#primaryimage\",\"url\":\"https:\/\/qingdaohf.com\/wp-content\/uploads\/2024\/12\/tie-rod-water-stop-9.jpg\",\"contentUrl\":\"https:\/\/qingdaohf.com\/wp-content\/uploads\/2024\/12\/tie-rod-water-stop-9.jpg\",\"width\":1000,\"height\":1000},{\"@type\":\"BreadcrumbList\",\"@id\":\"https:\/\/qingdaohf.com\/product\/formwork-water-stop\/#breadcrumb\",\"itemListElement\":[{\"@type\":\"ListItem\",\"position\":1,\"name\":\"Home\",\"item\":\"https:\/\/qingdaohf.com\/\"},{\"@type\":\"ListItem\",\"position\":2,\"name\":\"Concrete Forming Accessories and Rigging Hardware\",\"item\":\"https:\/\/qingdaohf.com\/bg\/?page_id=944\"},{\"@type\":\"ListItem\",\"position\":3,\"name\":\"Formwork Water Stop\"}]},{\"@type\":\"WebSite\",\"@id\":\"https:\/\/qingdaohf.com\/bg\/#website\",\"url\":\"https:\/\/qingdaohf.com\/bg\/\",\"name\":\"Concrete Form & Rigging Hardware Supplier\",\"description\":\"\",\"publisher\":{\"@id\":\"https:\/\/qingdaohf.com\/bg\/#organization\"},\"potentialAction\":[{\"@type\":\"SearchAction\",\"target\":{\"@type\":\"EntryPoint\",\"urlTemplate\":\"https:\/\/qingdaohf.com\/bg\/?s={search_term_string}\"},\"query-input\":{\"@type\":\"PropertyValueSpecification\",\"valueRequired\":true,\"valueName\":\"search_term_string\"}}],\"inLanguage\":\"sl-SI\"},{\"@type\":\"Organization\",\"@id\":\"https:\/\/qingdaohf.com\/bg\/#organization\",\"name\":\"Qingdao H&F\",\"url\":\"https:\/\/qingdaohf.com\/bg\/\",\"logo\":{\"@type\":\"ImageObject\",\"inLanguage\":\"sl-SI\",\"@id\":\"https:\/\/qingdaohf.com\/bg\/#\/schema\/logo\/image\/\",\"url\":\"https:\/\/qingdaohf.com\/wp-content\/uploads\/2022\/12\/cropped-HF-LOGO.png\",\"contentUrl\":\"https:\/\/qingdaohf.com\/wp-content\/uploads\/2022\/12\/cropped-HF-LOGO.png\",\"width\":391,\"height\":249,\"caption\":\"Qingdao H&F\"},\"image\":{\"@id\":\"https:\/\/qingdaohf.com\/bg\/#\/schema\/logo\/image\/\"},\"sameAs\":[\"https:\/\/www.facebook.com\/qingdaohf\"]}]}<\/script>\n<!-- \/ Yoast SEO plugin. -->","yoast_head_json":{"title":"Formwork Water Stop","description":"Formwork water stop products are essential for creating waterproof barriers in concrete construction, preventing water leakage through joints in concrete structures.","robots":{"index":"index","follow":"follow","max-snippet":"max-snippet:-1","max-image-preview":"max-image-preview:large","max-video-preview":"max-video-preview:-1"},"canonical":"https:\/\/qingdaohf.com\/sl\/izdelek\/zaustavitev-vode-v-opazu\/","og_locale":"sl_SI","og_type":"article","og_title":"Formwork Water Stop","og_description":"Formwork water stop products are essential for creating waterproof barriers in concrete construction, preventing water leakage through joints in concrete structures.","og_url":"https:\/\/qingdaohf.com\/sl\/izdelek\/zaustavitev-vode-v-opazu\/","og_site_name":"Concrete Form &amp; Rigging Hardware Supplier","article_publisher":"https:\/\/www.facebook.com\/qingdaohf","article_modified_time":"2025-11-13T01:02:22+00:00","og_image":[{"width":1000,"height":1000,"url":"https:\/\/qingdaohf.com\/wp-content\/uploads\/2024\/12\/tie-rod-water-stop-9.jpg","type":"image\/jpeg"}],"twitter_card":"summary_large_image","twitter_misc":{"Est. reading time":"4 minute"},"schema":{"@context":"https:\/\/schema.org","@graph":[{"@type":"WebPage","@id":"https:\/\/qingdaohf.com\/product\/formwork-water-stop\/","url":"https:\/\/qingdaohf.com\/product\/formwork-water-stop\/","name":"Formwork Water Stop","isPartOf":{"@id":"https:\/\/qingdaohf.com\/bg\/#website"},"primaryImageOfPage":{"@id":"https:\/\/qingdaohf.com\/product\/formwork-water-stop\/#primaryimage"},"image":{"@id":"https:\/\/qingdaohf.com\/product\/formwork-water-stop\/#primaryimage"},"thumbnailUrl":"https:\/\/qingdaohf.com\/wp-content\/uploads\/2024\/12\/tie-rod-water-stop-9.jpg","datePublished":"2024-12-27T09:18:28+00:00","dateModified":"2025-11-13T01:02:22+00:00","description":"Formwork water stop products are essential for creating waterproof barriers in concrete construction, preventing water leakage through joints in concrete structures.","breadcrumb":{"@id":"https:\/\/qingdaohf.com\/product\/formwork-water-stop\/#breadcrumb"},"inLanguage":"sl-SI","potentialAction":[{"@type":"ReadAction","target":["https:\/\/qingdaohf.com\/product\/formwork-water-stop\/"]}]},{"@type":"ImageObject","inLanguage":"sl-SI","@id":"https:\/\/qingdaohf.com\/product\/formwork-water-stop\/#primaryimage","url":"https:\/\/qingdaohf.com\/wp-content\/uploads\/2024\/12\/tie-rod-water-stop-9.jpg","contentUrl":"https:\/\/qingdaohf.com\/wp-content\/uploads\/2024\/12\/tie-rod-water-stop-9.jpg","width":1000,"height":1000},{"@type":"BreadcrumbList","@id":"https:\/\/qingdaohf.com\/product\/formwork-water-stop\/#breadcrumb","itemListElement":[{"@type":"ListItem","position":1,"name":"Home","item":"https:\/\/qingdaohf.com\/"},{"@type":"ListItem","position":2,"name":"Concrete Forming Accessories and Rigging Hardware","item":"https:\/\/qingdaohf.com\/bg\/?page_id=944"},{"@type":"ListItem","position":3,"name":"Formwork Water Stop"}]},{"@type":"WebSite","@id":"https:\/\/qingdaohf.com\/bg\/#website","url":"https:\/\/qingdaohf.com\/bg\/","name":"Concrete Form & Rigging Hardware Supplier","description":"","publisher":{"@id":"https:\/\/qingdaohf.com\/bg\/#organization"},"potentialAction":[{"@type":"SearchAction","target":{"@type":"EntryPoint","urlTemplate":"https:\/\/qingdaohf.com\/bg\/?s={search_term_string}"},"query-input":{"@type":"PropertyValueSpecification","valueRequired":true,"valueName":"search_term_string"}}],"inLanguage":"sl-SI"},{"@type":"Organization","@id":"https:\/\/qingdaohf.com\/bg\/#organization","name":"Qingdao H&F","url":"https:\/\/qingdaohf.com\/bg\/","logo":{"@type":"ImageObject","inLanguage":"sl-SI","@id":"https:\/\/qingdaohf.com\/bg\/#\/schema\/logo\/image\/","url":"https:\/\/qingdaohf.com\/wp-content\/uploads\/2022\/12\/cropped-HF-LOGO.png","contentUrl":"https:\/\/qingdaohf.com\/wp-content\/uploads\/2022\/12\/cropped-HF-LOGO.png","width":391,"height":249,"caption":"Qingdao H&F"},"image":{"@id":"https:\/\/qingdaohf.com\/bg\/#\/schema\/logo\/image\/"},"sameAs":["https:\/\/www.facebook.com\/qingdaohf"]}]}},"_links":{"self":[{"href":"https:\/\/qingdaohf.com\/sl\/wp-json\/wp\/v2\/product\/8601","targetHints":{"allow":["GET"]}}],"collection":[{"href":"https:\/\/qingdaohf.com\/sl\/wp-json\/wp\/v2\/product"}],"about":[{"href":"https:\/\/qingdaohf.com\/sl\/wp-json\/wp\/v2\/types\/product"}],"replies":[{"embeddable":true,"href":"https:\/\/qingdaohf.com\/sl\/wp-json\/wp\/v2\/comments?post=8601"}],"version-history":[{"count":1,"href":"https:\/\/qingdaohf.com\/sl\/wp-json\/wp\/v2\/product\/8601\/revisions"}],"predecessor-version":[{"id":8602,"href":"https:\/\/qingdaohf.com\/sl\/wp-json\/wp\/v2\/product\/8601\/revisions\/8602"}],"wp:featuredmedia":[{"embeddable":true,"href":"https:\/\/qingdaohf.com\/sl\/wp-json\/wp\/v2\/media\/8599"}],"wp:attachment":[{"href":"https:\/\/qingdaohf.com\/sl\/wp-json\/wp\/v2\/media?parent=8601"}],"wp:term":[{"taxonomy":"product_brand","embeddable":true,"href":"https:\/\/qingdaohf.com\/sl\/wp-json\/wp\/v2\/product_brand?post=8601"},{"taxonomy":"product_cat","embeddable":true,"href":"https:\/\/qingdaohf.com\/sl\/wp-json\/wp\/v2\/product_cat?post=8601"},{"taxonomy":"product_tag","embeddable":true,"href":"https:\/\/qingdaohf.com\/sl\/wp-json\/wp\/v2\/product_tag?post=8601"}],"curies":[{"name":"wp","href":"https:\/\/api.w.org\/{rel}","templated":true}]}}