{"id":8618,"date":"2024-12-31T17:02:10","date_gmt":"2024-12-31T09:02:10","guid":{"rendered":"http:\/\/qingdaohf.com\/?post_type=product&#038;p=8618"},"modified":"2025-11-13T09:02:21","modified_gmt":"2025-11-13T01:02:21","slug":"formwork-hex-nut-connection","status":"publish","type":"product","link":"https:\/\/qingdaohf.com\/sl\/izdelek\/sestkotna-matica-za-opaz\/","title":{"rendered":"Priklju\u010dek \u0161estnajstkratne matice za opa\u017e"},"content":{"rendered":"<h2 class=\"font-600 text-2xl font-bold\">Vloga \u0161esterokotnih matic za opa\u017e v gradbeni\u0161tvu<\/h2>\n<p class=\"whitespace-pre-wrap break-words\">V gradbeni\u0161tvu so \u0161esterokotne matice za opa\u017e bistvene komponente, ki zagotavljajo stabilnost opa\u017enih sistemov. Te matice, izdelane iz visokokakovostnih materialov, zagotavljajo trdnost, ki je potrebna za zagotavljanje varnosti gradbenih elementov. \u0160e posebej so klju\u010dne pri sistemih z veznimi palicami, kjer pomagajo ohranjati pravilno postavitev opa\u017ea med vlivanjem in strjevanjem betona.<\/p>\n<h2 class=\"font-600 text-2xl font-bold\">Razumevanje sistema veznih palic<\/h2>\n<p class=\"whitespace-pre-wrap break-words\">Sodobni opa\u017e se v veliki meri zana\u0161a na sisteme z veznimi palicami, pri katerih ve\u010d sestavnih delov skupaj zagotavlja strukturno podporo. Sama vezna palica je glavni element za napenjanje, ki razporedi obremenitve po celotni strukturi opa\u017ea. Poleg nje delujejo tudi vodni zaporniki, ki prepre\u010dujejo pronicanje vlage skozi konstrukcijske spoje. \u0160estkotna matica opa\u017ea zdru\u017euje te elemente in ustvarja zanesljiv in u\u010dinkovit sistem.<\/p>\n<h2 class=\"font-600 text-2xl font-bold\">Zdru\u017eljivost s podpornimi komponentami<\/h2>\n<p class=\"whitespace-pre-wrap break-words\">\u0160estkotna matica opa\u017ea kot pritrdilni element zaklene vezne palice v polo\u017eaju, hkrati pa ohranja nastavljivost. Dobro deluje s \u0161tevilnimi drugimi deli, vklju\u010dno s superplo\u0161\u010do, kombinirano matico, podlo\u017eko plo\u0161\u010de za vezne palice in vodnimi zaporami. Plo\u0161\u010da Super Plate se odli\u010dno ujema s \u0161estilo\u017eno matico, da se obremenitve porazdelijo na ve\u010djo povr\u0161ino, kar zmanj\u0161a pritisk na opa\u017ene plo\u0161\u010de. Podobno tudi matica Combi in podlo\u017eka za vezno palico pomagajo enakomerno porazdeliti sile in \u0161\u010ditijo pred deformacijo pod pritiskom.<\/p>\n<h2 class=\"font-600 text-2xl font-bold\">Glavne zna\u010dilnosti in prednosti<\/h2>\n<p class=\"whitespace-pre-wrap break-words\">Mo\u010d \u0161estkotnih matic za opa\u017e je posledica njihove robustne konstrukcije. Izdelane so iz jekla ali legiranih materialov in so odporne na velike sile, ki so prisotne pri gradbenih delih. Zaradi \u0161eststranske zasnove jih je enostavno prijeti in zategniti tudi v te\u017ekih razmerah na gradbi\u0161\u010du. Ve\u010dina razli\u010dic je opremljena s pocinkanjem ali protikorozijsko obdelavo, da so odporne na te\u017eke vremenske razmere in okoljske izzive.<\/p>\n<p class=\"whitespace-pre-wrap break-words\">Te matice pomembno prispevajo k u\u010dinkovitosti gradnje. Z ohranjanjem stabilnosti sistemov veznih palic zmanj\u0161ujejo te\u017eave pri poravnavi, s \u010dimer prihranijo dragoceni \u010das in denar. Njihova prakti\u010dna zasnova omogo\u010da delavcem, da jih hitro namestijo in odstranijo, kar pospe\u0161i delo na gradbi\u0161\u010du.<\/p>\n<h2 class=\"font-600 text-2xl font-bold\">Na\u0161a zavezanost kakovosti in storitvam<\/h2>\n<p class=\"whitespace-pre-wrap break-words\">Izbira prave \u0161estilapne matice za opa\u017e vklju\u010duje ve\u010d kot le specifikacije izdelka. Tega se zavedamo in vam nudimo celovito podporo, ki presega zgolj prodajo strojne opreme. Na\u0161e osebno prilagojene storitve za stranke zagotavljajo, da je vsaka stranka dele\u017ena pozornosti, ki jo potrebuje, z re\u0161itvami, prilagojenimi njenim posebnim zahtevam. Tako gradimo trdne odnose s strankami, ki temeljijo na zaupanju in zadovoljstvu.<\/p>\n<p class=\"whitespace-pre-wrap break-words\">Zavedamo se, da so roki gradnje klju\u010dni, zato dajemo prednost hitri dobavi. Na\u0161e zmogljivosti za hitro dostavo lahko resni\u010dno vplivajo na \u010dasovne na\u010drte projektov, tako pri ve\u010djih gradnjah kot pri manj\u0161ih delih.<\/p>\n<p class=\"whitespace-pre-wrap break-words\">Kakovost ostaja v sredi\u0161\u010du na\u0161ega delovanja. Vsaka \u0161estkotna matica za opa\u017e je temeljito preizku\u0161ena, od ocene trdnosti do preverjanja velikosti. Zagotavljamo podrobno dokumentacijo o pregledih, kar na\u0161im strankam omogo\u010da popolno zaupanje v nakup.<\/p>\n<h2 class=\"font-600 text-2xl font-bold\">Integrirane re\u0161itve za razli\u010dne aplikacije<\/h2>\n<p class=\"whitespace-pre-wrap break-words\">Prava vrednost \u0161estkotnih matic za opa\u017e se poka\u017ee, ko delujejo skupaj z veznimi palicami, vodnimi zaporami in plo\u0161\u010datimi podlo\u017ekami. Ta kombinacija ustvari zanesljiv sistem, ki se prilagaja razli\u010dnim gradbenim potrebam. Na primer, pri projektih, pri katerih je hidroizolacija klju\u010dnega pomena, vklju\u010ditev vodnega zapornika v sistem veznih palic zagotavlja vodotesnost spojev in varuje strukturno celovitost stavbe.<\/p>\n<p class=\"whitespace-pre-wrap break-words\">Te \u0161estkotne matice se enako dobro obnesejo pri razli\u010dnih vrstah opa\u017ea. Od tradicionalnih lesenih opa\u017eev do sodobnih modularnih sistemov, ohranjajo stalno u\u010dinkovitost. Zaradi te prilagodljivosti in preproste vgradnje so dragoceni za u\u010dinkovito in stro\u0161kovno u\u010dinkovito gradnjo.<\/p>\n<h2 class=\"font-600 text-2xl font-bold\">Zaklju\u010dek<\/h2>\n<p class=\"whitespace-pre-wrap break-words\">\u0160estkotne matice za opa\u017e so klju\u010dni elementi sodobne gradnje, ne le osnovna strojna oprema. Njihova bistvena vloga v sistemih veznih palic ter zdru\u017eljivost s superplo\u0161\u010dami, kombiniranimi maticami in vodnimi zaporami jih delajo izjemno vsestranske. Ob podpori na\u0161ega celovitega paketa storitev - vklju\u010dno z namensko podporo, hitro dostavo in strogimi pregledi kakovosti - postanejo te \u0161estilo\u017ene matice nepogre\u0161ljive za gradbene strokovnjake. Pri naslednjem projektu izberite zanesljivost in u\u010dinkovitost na\u0161ih \u0161estkotnih matic za opa\u017e.<\/p>","protected":false},"excerpt":{"rendered":"<p>\u0160estkotna matica za opa\u017e je v sodobnem gradbeni\u0161tvu zanesljiva zaradi najbolj\u0161e zdru\u017eljivosti s sistemom veznih palic in omogo\u010da varno in dolgotrajno pritrjevanje pri strogem opa\u017enem delu. Kot eno od profesionalnih trgovskih podjetij so prodajne to\u010dke individualna izku\u0161nja s strankami, hiter dobavni cikel in popolna poro\u010dila o pregledu kakovosti. Tolik\u0161na skrb bo zagotovo zagotovila najbolj\u0161e izdelke, ki vam bodo na voljo za zagotovljeno u\u010dinkovitost in varnost na gradbi\u0161\u010du.<\/p>","protected":false},"featured_media":8620,"comment_status":"open","ping_status":"closed","template":"","meta":{"site-sidebar-layout":"default","site-content-layout":"","ast-site-content-layout":"default","site-content-style":"default","site-sidebar-style":"default","ast-global-header-display":"","ast-banner-title-visibility":"","ast-main-header-display":"","ast-hfb-above-header-display":"","ast-hfb-below-header-display":"","ast-hfb-mobile-header-display":"","site-post-title":"","ast-breadcrumbs-content":"","ast-featured-img":"","footer-sml-layout":"","theme-transparent-header-meta":"default","adv-header-id-meta":"","stick-header-meta":"default","header-above-stick-meta":"","header-main-stick-meta":"","header-below-stick-meta":"","astra-migrate-meta-layouts":"set","ast-page-background-enabled":"default","ast-page-background-meta":{"desktop":{"background-color":"","background-image":"","background-repeat":"repeat","background-position":"center center","background-size":"auto","background-attachment":"scroll","background-type":"","background-media":"","overlay-type":"","overlay-color":"","overlay-opacity":"","overlay-gradient":""},"tablet":{"background-color":"","background-image":"","background-repeat":"repeat","background-position":"center center","background-size":"auto","background-attachment":"scroll","background-type":"","background-media":"","overlay-type":"","overlay-color":"","overlay-opacity":"","overlay-gradient":""},"mobile":{"background-color":"","background-image":"","background-repeat":"repeat","background-position":"center center","background-size":"auto","background-attachment":"scroll","background-type":"","background-media":"","overlay-type":"","overlay-color":"","overlay-opacity":"","overlay-gradient":""}},"ast-content-background-meta":{"desktop":{"background-color":"var(--ast-global-color-5)","background-image":"","background-repeat":"repeat","background-position":"center center","background-size":"auto","background-attachment":"scroll","background-type":"","background-media":"","overlay-type":"","overlay-color":"","overlay-opacity":"","overlay-gradient":""},"tablet":{"background-color":"var(--ast-global-color-5)","background-image":"","background-repeat":"repeat","background-position":"center center","background-size":"auto","background-attachment":"scroll","background-type":"","background-media":"","overlay-type":"","overlay-color":"","overlay-opacity":"","overlay-gradient":""},"mobile":{"background-color":"var(--ast-global-color-5)","background-image":"","background-repeat":"repeat","background-position":"center center","background-size":"auto","background-attachment":"scroll","background-type":"","background-media":"","overlay-type":"","overlay-color":"","overlay-opacity":"","overlay-gradient":""}}},"product_brand":[],"product_cat":[79],"product_tag":[],"class_list":{"0":"post-8618","1":"product","2":"type-product","3":"status-publish","4":"has-post-thumbnail","6":"product_cat-tie-rod-system","7":"desktop-align-left","8":"tablet-align-left","9":"mobile-align-left","10":"ast-product-gallery-layout-horizontal-slider","11":"ast-product-gallery-with-no-image","12":"ast-product-tabs-layout-horizontal","14":"first","15":"instock","16":"shipping-taxable","17":"purchasable","18":"product-type-simple"},"yoast_head":"<!-- This site is optimized with the Yoast SEO plugin v25.2 - https:\/\/yoast.com\/wordpress\/plugins\/seo\/ -->\n<title>Formwork Hex Nut Connection<\/title>\n<meta name=\"robots\" content=\"index, follow, max-snippet:-1, max-image-preview:large, max-video-preview:-1\" \/>\n<link rel=\"canonical\" href=\"https:\/\/qingdaohf.com\/sl\/izdelek\/sestkotna-matica-za-opaz\/\" \/>\n<meta property=\"og:locale\" content=\"sl_SI\" \/>\n<meta property=\"og:type\" content=\"article\" \/>\n<meta property=\"og:title\" content=\"Formwork Hex Nut Connection\" \/>\n<meta property=\"og:description\" content=\"Formwork Hex Nut has a reliable feature in modern construction due to best compatibility with the tie rod system and can make fastening secure, long-lasting for rigorous formwork work. Being one professional trading company, the selling points are one-to-one customer experience, quick delivery cycle and complete quality inspection reports. That much of care will definitely assure giving the best products to be given to you for assured on-site efficiency and safety.\" \/>\n<meta property=\"og:url\" content=\"https:\/\/qingdaohf.com\/sl\/izdelek\/sestkotna-matica-za-opaz\/\" \/>\n<meta property=\"og:site_name\" content=\"Concrete Form &amp; Rigging Hardware Supplier\" \/>\n<meta property=\"article:publisher\" content=\"https:\/\/www.facebook.com\/qingdaohf\" \/>\n<meta property=\"article:modified_time\" content=\"2025-11-13T01:02:21+00:00\" \/>\n<meta property=\"og:image\" content=\"https:\/\/qingdaohf.com\/wp-content\/uploads\/2024\/12\/Formwork-Hex-Nut-2.jpg\" \/>\n\t<meta property=\"og:image:width\" content=\"1000\" \/>\n\t<meta property=\"og:image:height\" content=\"1000\" \/>\n\t<meta property=\"og:image:type\" content=\"image\/jpeg\" \/>\n<meta name=\"twitter:card\" content=\"summary_large_image\" \/>\n<meta name=\"twitter:label1\" content=\"Est. reading time\" \/>\n\t<meta name=\"twitter:data1\" content=\"3 minute\" \/>\n<script type=\"application\/ld+json\" class=\"yoast-schema-graph\">{\"@context\":\"https:\/\/schema.org\",\"@graph\":[{\"@type\":\"WebPage\",\"@id\":\"https:\/\/qingdaohf.com\/product\/formwork-hex-nut-connection\/\",\"url\":\"https:\/\/qingdaohf.com\/product\/formwork-hex-nut-connection\/\",\"name\":\"Formwork Hex Nut Connection\",\"isPartOf\":{\"@id\":\"https:\/\/qingdaohf.com\/bg\/#website\"},\"primaryImageOfPage\":{\"@id\":\"https:\/\/qingdaohf.com\/product\/formwork-hex-nut-connection\/#primaryimage\"},\"image\":{\"@id\":\"https:\/\/qingdaohf.com\/product\/formwork-hex-nut-connection\/#primaryimage\"},\"thumbnailUrl\":\"https:\/\/qingdaohf.com\/wp-content\/uploads\/2024\/12\/Formwork-Hex-Nut-2.jpg\",\"datePublished\":\"2024-12-31T09:02:10+00:00\",\"dateModified\":\"2025-11-13T01:02:21+00:00\",\"breadcrumb\":{\"@id\":\"https:\/\/qingdaohf.com\/product\/formwork-hex-nut-connection\/#breadcrumb\"},\"inLanguage\":\"sl-SI\",\"potentialAction\":[{\"@type\":\"ReadAction\",\"target\":[\"https:\/\/qingdaohf.com\/product\/formwork-hex-nut-connection\/\"]}]},{\"@type\":\"ImageObject\",\"inLanguage\":\"sl-SI\",\"@id\":\"https:\/\/qingdaohf.com\/product\/formwork-hex-nut-connection\/#primaryimage\",\"url\":\"https:\/\/qingdaohf.com\/wp-content\/uploads\/2024\/12\/Formwork-Hex-Nut-2.jpg\",\"contentUrl\":\"https:\/\/qingdaohf.com\/wp-content\/uploads\/2024\/12\/Formwork-Hex-Nut-2.jpg\",\"width\":1000,\"height\":1000,\"caption\":\"Formwork Hex Nut\"},{\"@type\":\"BreadcrumbList\",\"@id\":\"https:\/\/qingdaohf.com\/product\/formwork-hex-nut-connection\/#breadcrumb\",\"itemListElement\":[{\"@type\":\"ListItem\",\"position\":1,\"name\":\"Home\",\"item\":\"https:\/\/qingdaohf.com\/\"},{\"@type\":\"ListItem\",\"position\":2,\"name\":\"Concrete Forming Accessories and Rigging Hardware\",\"item\":\"https:\/\/qingdaohf.com\/bg\/?page_id=944\"},{\"@type\":\"ListItem\",\"position\":3,\"name\":\"Formwork Hex Nut Connection\"}]},{\"@type\":\"WebSite\",\"@id\":\"https:\/\/qingdaohf.com\/bg\/#website\",\"url\":\"https:\/\/qingdaohf.com\/bg\/\",\"name\":\"Concrete Form & Rigging Hardware Supplier\",\"description\":\"\",\"publisher\":{\"@id\":\"https:\/\/qingdaohf.com\/bg\/#organization\"},\"potentialAction\":[{\"@type\":\"SearchAction\",\"target\":{\"@type\":\"EntryPoint\",\"urlTemplate\":\"https:\/\/qingdaohf.com\/bg\/?s={search_term_string}\"},\"query-input\":{\"@type\":\"PropertyValueSpecification\",\"valueRequired\":true,\"valueName\":\"search_term_string\"}}],\"inLanguage\":\"sl-SI\"},{\"@type\":\"Organization\",\"@id\":\"https:\/\/qingdaohf.com\/bg\/#organization\",\"name\":\"Qingdao H&F\",\"url\":\"https:\/\/qingdaohf.com\/bg\/\",\"logo\":{\"@type\":\"ImageObject\",\"inLanguage\":\"sl-SI\",\"@id\":\"https:\/\/qingdaohf.com\/bg\/#\/schema\/logo\/image\/\",\"url\":\"https:\/\/qingdaohf.com\/wp-content\/uploads\/2022\/12\/cropped-HF-LOGO.png\",\"contentUrl\":\"https:\/\/qingdaohf.com\/wp-content\/uploads\/2022\/12\/cropped-HF-LOGO.png\",\"width\":391,\"height\":249,\"caption\":\"Qingdao H&F\"},\"image\":{\"@id\":\"https:\/\/qingdaohf.com\/bg\/#\/schema\/logo\/image\/\"},\"sameAs\":[\"https:\/\/www.facebook.com\/qingdaohf\"]}]}<\/script>\n<!-- \/ Yoast SEO plugin. -->","yoast_head_json":{"title":"Formwork Hex Nut Connection","robots":{"index":"index","follow":"follow","max-snippet":"max-snippet:-1","max-image-preview":"max-image-preview:large","max-video-preview":"max-video-preview:-1"},"canonical":"https:\/\/qingdaohf.com\/sl\/izdelek\/sestkotna-matica-za-opaz\/","og_locale":"sl_SI","og_type":"article","og_title":"Formwork Hex Nut Connection","og_description":"Formwork Hex Nut has a reliable feature in modern construction due to best compatibility with the tie rod system and can make fastening secure, long-lasting for rigorous formwork work. Being one professional trading company, the selling points are one-to-one customer experience, quick delivery cycle and complete quality inspection reports. That much of care will definitely assure giving the best products to be given to you for assured on-site efficiency and safety.","og_url":"https:\/\/qingdaohf.com\/sl\/izdelek\/sestkotna-matica-za-opaz\/","og_site_name":"Concrete Form &amp; Rigging Hardware Supplier","article_publisher":"https:\/\/www.facebook.com\/qingdaohf","article_modified_time":"2025-11-13T01:02:21+00:00","og_image":[{"width":1000,"height":1000,"url":"https:\/\/qingdaohf.com\/wp-content\/uploads\/2024\/12\/Formwork-Hex-Nut-2.jpg","type":"image\/jpeg"}],"twitter_card":"summary_large_image","twitter_misc":{"Est. reading time":"3 minute"},"schema":{"@context":"https:\/\/schema.org","@graph":[{"@type":"WebPage","@id":"https:\/\/qingdaohf.com\/product\/formwork-hex-nut-connection\/","url":"https:\/\/qingdaohf.com\/product\/formwork-hex-nut-connection\/","name":"Formwork Hex Nut Connection","isPartOf":{"@id":"https:\/\/qingdaohf.com\/bg\/#website"},"primaryImageOfPage":{"@id":"https:\/\/qingdaohf.com\/product\/formwork-hex-nut-connection\/#primaryimage"},"image":{"@id":"https:\/\/qingdaohf.com\/product\/formwork-hex-nut-connection\/#primaryimage"},"thumbnailUrl":"https:\/\/qingdaohf.com\/wp-content\/uploads\/2024\/12\/Formwork-Hex-Nut-2.jpg","datePublished":"2024-12-31T09:02:10+00:00","dateModified":"2025-11-13T01:02:21+00:00","breadcrumb":{"@id":"https:\/\/qingdaohf.com\/product\/formwork-hex-nut-connection\/#breadcrumb"},"inLanguage":"sl-SI","potentialAction":[{"@type":"ReadAction","target":["https:\/\/qingdaohf.com\/product\/formwork-hex-nut-connection\/"]}]},{"@type":"ImageObject","inLanguage":"sl-SI","@id":"https:\/\/qingdaohf.com\/product\/formwork-hex-nut-connection\/#primaryimage","url":"https:\/\/qingdaohf.com\/wp-content\/uploads\/2024\/12\/Formwork-Hex-Nut-2.jpg","contentUrl":"https:\/\/qingdaohf.com\/wp-content\/uploads\/2024\/12\/Formwork-Hex-Nut-2.jpg","width":1000,"height":1000,"caption":"Formwork Hex Nut"},{"@type":"BreadcrumbList","@id":"https:\/\/qingdaohf.com\/product\/formwork-hex-nut-connection\/#breadcrumb","itemListElement":[{"@type":"ListItem","position":1,"name":"Home","item":"https:\/\/qingdaohf.com\/"},{"@type":"ListItem","position":2,"name":"Concrete Forming Accessories and Rigging Hardware","item":"https:\/\/qingdaohf.com\/bg\/?page_id=944"},{"@type":"ListItem","position":3,"name":"Formwork Hex Nut Connection"}]},{"@type":"WebSite","@id":"https:\/\/qingdaohf.com\/bg\/#website","url":"https:\/\/qingdaohf.com\/bg\/","name":"Concrete Form & Rigging Hardware Supplier","description":"","publisher":{"@id":"https:\/\/qingdaohf.com\/bg\/#organization"},"potentialAction":[{"@type":"SearchAction","target":{"@type":"EntryPoint","urlTemplate":"https:\/\/qingdaohf.com\/bg\/?s={search_term_string}"},"query-input":{"@type":"PropertyValueSpecification","valueRequired":true,"valueName":"search_term_string"}}],"inLanguage":"sl-SI"},{"@type":"Organization","@id":"https:\/\/qingdaohf.com\/bg\/#organization","name":"Qingdao H&F","url":"https:\/\/qingdaohf.com\/bg\/","logo":{"@type":"ImageObject","inLanguage":"sl-SI","@id":"https:\/\/qingdaohf.com\/bg\/#\/schema\/logo\/image\/","url":"https:\/\/qingdaohf.com\/wp-content\/uploads\/2022\/12\/cropped-HF-LOGO.png","contentUrl":"https:\/\/qingdaohf.com\/wp-content\/uploads\/2022\/12\/cropped-HF-LOGO.png","width":391,"height":249,"caption":"Qingdao H&F"},"image":{"@id":"https:\/\/qingdaohf.com\/bg\/#\/schema\/logo\/image\/"},"sameAs":["https:\/\/www.facebook.com\/qingdaohf"]}]}},"_links":{"self":[{"href":"https:\/\/qingdaohf.com\/sl\/wp-json\/wp\/v2\/product\/8618","targetHints":{"allow":["GET"]}}],"collection":[{"href":"https:\/\/qingdaohf.com\/sl\/wp-json\/wp\/v2\/product"}],"about":[{"href":"https:\/\/qingdaohf.com\/sl\/wp-json\/wp\/v2\/types\/product"}],"replies":[{"embeddable":true,"href":"https:\/\/qingdaohf.com\/sl\/wp-json\/wp\/v2\/comments?post=8618"}],"version-history":[{"count":2,"href":"https:\/\/qingdaohf.com\/sl\/wp-json\/wp\/v2\/product\/8618\/revisions"}],"predecessor-version":[{"id":8737,"href":"https:\/\/qingdaohf.com\/sl\/wp-json\/wp\/v2\/product\/8618\/revisions\/8737"}],"wp:featuredmedia":[{"embeddable":true,"href":"https:\/\/qingdaohf.com\/sl\/wp-json\/wp\/v2\/media\/8620"}],"wp:attachment":[{"href":"https:\/\/qingdaohf.com\/sl\/wp-json\/wp\/v2\/media?parent=8618"}],"wp:term":[{"taxonomy":"product_brand","embeddable":true,"href":"https:\/\/qingdaohf.com\/sl\/wp-json\/wp\/v2\/product_brand?post=8618"},{"taxonomy":"product_cat","embeddable":true,"href":"https:\/\/qingdaohf.com\/sl\/wp-json\/wp\/v2\/product_cat?post=8618"},{"taxonomy":"product_tag","embeddable":true,"href":"https:\/\/qingdaohf.com\/sl\/wp-json\/wp\/v2\/product_tag?post=8618"}],"curies":[{"name":"wp","href":"https:\/\/api.w.org\/{rel}","templated":true}]}}