{"id":8624,"date":"2025-01-02T15:50:36","date_gmt":"2025-01-02T07:50:36","guid":{"rendered":"http:\/\/qingdaohf.com\/?post_type=product&#038;p=8624"},"modified":"2025-11-13T09:02:21","modified_gmt":"2025-11-13T01:02:21","slug":"steel-tie-rod-cone","status":"publish","type":"product","link":"https:\/\/qingdaohf.com\/sl\/izdelek\/jekleni-stozec-z-vezno-palico\/","title":{"rendered":"Jeklena vezna palica Cone"},"content":{"rendered":"<h2 class=\"whitespace-pre-wrap break-words\">Razumevanje jeklenega sto\u017eca in njegove vloge v gradbeni\u0161tvu<\/h2>\n<p class=\"whitespace-pre-wrap break-words\">Jekleni sto\u017eci za vezne palice imajo v sodobnem gradbeni\u0161tvu klju\u010dno vlogo, zlasti pri monta\u017ei opa\u017ea. Ti preprosti, vendar klju\u010dni sestavni deli pokrivajo konce veznih palic in ustvarjajo pomemben vmesnik med opa\u017eem in betonskimi konstrukcijami. Poleg povezovalnih elementov slu\u017eijo tudi kot vodni zaporniki in zagotavljajo natan\u010dne razmike, s \u010dimer gradbenim ekipam pomagajo ohranjati stroge standarde, ne da bi pri tem \u017ertvovali kakovost ali hitrost gradnje.<\/p>\n<p class=\"whitespace-pre-wrap break-words\">Pri betoniranju sto\u017eci za vezne palice prepre\u010dujejo neposreden stik med veznimi palicami in mokrim betonom, kar varuje strukturno trdnost opa\u017ea. Zaradi njihove zasnove je opa\u017e po strjevanju betona veliko la\u017eje odstraniti, kar je klju\u010dnega pomena za za\u010dasne sisteme, ki se uporabljajo na vseh podro\u010djih, od mostov do neboti\u010dnikov in industrijskih stavb.<\/p>\n<h2 class=\"font-600 text-xl font-bold\">Sistem veznih palic: Mre\u017ea za sodelovanje<\/h2>\n<p class=\"whitespace-pre-wrap break-words\">Sto\u017eci veznih palic ne delujejo sami - so del integriranega sistema, ki vklju\u010duje vodne omejevalnike, vezne palice, kombinirane matice superplo\u0161\u010d in podlo\u017eke plo\u0161\u010d. Te komponente delujejo skupaj kot dobro naoljen stroj, ki je kos mo\u010dnim pritiskom pri gradbenih delih.<\/p>\n<p class=\"whitespace-pre-wrap break-words\">Bistvo vsega je povezovalna palica, ki zagotavlja natezno trdnost, potrebno za zadr\u017eevanje mokrega betona med vlivanjem in strjevanjem. Vodne zapore ustvarjajo klju\u010dno za\u0161\u010dito pred vlago, kar je \u0161e posebej pomembno za podzemne strukture ali vse, kar mora zadr\u017eati vodo. Jekleni sto\u017eec z vezno palico izbolj\u0161a ta sistem tako, da izbolj\u0161a trajanje konstrukcije in njeno delovanje.<\/p>\n<p class=\"whitespace-pre-wrap break-words\">Kombinacijska matica za superplo\u0161\u010de vse skupaj trdno pritrdi na svoje mesto, kar ohranja enakomerno napetost v celotnem sistemu in prepre\u010duje, da bi se opa\u017e premaknil iz ravnote\u017eja. Medtem podlo\u017eke za vezne palice plo\u0161\u010de enakomerno porazdelijo obremenitev po celotni povr\u0161ini opa\u017ea in tako odpravijo \u0161ibke to\u010dke, ki bi lahko povzro\u010dile te\u017eave v prihodnosti.<\/p>\n<h2 class=\"font-600 text-xl font-bold\">Prednosti uporabe jeklenih sto\u017ecev za vezne palice v projektih<\/h2>\n<p class=\"whitespace-pre-wrap break-words\">Jekleni sto\u017eci za vezne palice imajo na gradbi\u0161\u010dih ve\u010d klju\u010dnih prednosti. Njihove mo\u017enosti natan\u010dnega razmika zagotavljajo enakomerno debelino sten in natan\u010dno izpolnjevanje arhitekturnih specifikacij. Poleg tega se odli\u010dno ujemajo z drugimi sestavnimi deli sistema veznih palic, kar poenostavi vgradnjo in zmanj\u0161a stro\u0161ke dela.<\/p>\n<p class=\"whitespace-pre-wrap break-words\">Ti sto\u017eci so izdelani iz visokokakovostnega jekla, ki prenese velike obremenitve in ostre vremenske razmere. Ta trajnost pomeni, da jih lahko gradbene ekipe ve\u010dkrat uporabijo, s \u010dimer prihranijo denar in zmanj\u0161ajo koli\u010dino odpadkov v procesu gradnje.<\/p>\n<p class=\"whitespace-pre-wrap break-words\">V podjetju Qingdao H&amp;F vsak sto\u017eec strogo testirajo glede trdnosti in dimenzijske natan\u010dnosti. Z vsako po\u0161iljko zagotovimo podrobna poro\u010dila o preverjanju kakovosti, kar na\u0161im strankam zagotavlja, da bodo njihovi materiali izpolnjevali vse varnostne in regulativne zahteve. Na\u0161e individualne storitve za stranke pomagajo kupcem najti natanko prave sistemske re\u0161itve za vezne palice za njihove specifi\u010dne projekte.<\/p>\n<h2 class=\"font-600 text-xl font-bold\">Vklju\u010devanje in u\u010dinkovitost: Povezovanje vsega skupaj<\/h2>\n<p class=\"whitespace-pre-wrap break-words\">Na\u010din, kako ti sestavni deli delujejo skupaj, ka\u017ee, kako pomembni so dobra tehnika in kakovostni materiali. Ob pravilni namestitvi celoten sistem sto\u017ecev za vezne palice, vodnih zapor, veznih palic, matic in podlo\u017ek ustvari zanesljiv temelj za gradbena dela.<\/p>\n<p class=\"whitespace-pre-wrap break-words\">\u010ce je vse pravilno poravnano, je opa\u017e med strjevanjem betona stabilen, kar prepre\u010duje pu\u0161\u010danje, strukturne te\u017eave in zamude pri projektu. Zaradi modularne zasnove je sistem dovolj vsestranski za vse vrste projektov, od preprostih opornih zidov do ve\u010djih infrastrukturnih del.<\/p>\n<p class=\"whitespace-pre-wrap break-words\">Izbira podjetja H&amp;F iz Qingdaa pomeni, da boste dobili vrhunske izdelke in bogato strokovno znanje na podro\u010dju opa\u017enih sistemov. Ponosni smo na hitro dobavo in prilagojene storitve, ki podpirajo va\u0161e projekte od za\u010detka do konca. Ne glede na to, ali potrebujete sto\u017ece za vezne palice za posamezno delo ali \u017eelite zanesljivega dolgoro\u010dnega dobavitelja, zagotavljamo izjemno vrednost in zanesljivost.<\/p>","protected":false},"excerpt":{"rendered":"<p data-pm-slice=\"1 1 []\">Jekleni sto\u017eci za vezne palice imajo klju\u010dno vlogo pri oblikovanju betonskih konstrukcij, saj zagotavljajo natan\u010dno poravnavo in vzdr\u017eljivost pri gradnji. Kupci pri ocenjevanju teh izdelkov pogosto dajejo prednost zdru\u017eljivosti z razli\u010dnimi sistemi veznih palic, odpornosti na vodo in trdnosti materiala. V podjetju Qingdao H&amp;F te pomisleke re\u0161ujemo s posve\u010denim pristopom individualnih storitev za stranke, hitrimi dobavnimi cikli in iz\u010drpnimi poro\u010dili o pregledih kakovosti. S svojim strokovnim znanjem na podro\u010dju zunanje trgovine in poglobljenim razumevanjem potreb gradbeni\u0161tva zagotavljamo izdelke, ki presegajo pri\u010dakovanja.<\/p>","protected":false},"featured_media":8625,"comment_status":"open","ping_status":"closed","template":"","meta":{"site-sidebar-layout":"default","site-content-layout":"","ast-site-content-layout":"default","site-content-style":"default","site-sidebar-style":"default","ast-global-header-display":"","ast-banner-title-visibility":"","ast-main-header-display":"","ast-hfb-above-header-display":"","ast-hfb-below-header-display":"","ast-hfb-mobile-header-display":"","site-post-title":"","ast-breadcrumbs-content":"","ast-featured-img":"","footer-sml-layout":"","theme-transparent-header-meta":"default","adv-header-id-meta":"","stick-header-meta":"default","header-above-stick-meta":"","header-main-stick-meta":"","header-below-stick-meta":"","astra-migrate-meta-layouts":"set","ast-page-background-enabled":"default","ast-page-background-meta":{"desktop":{"background-color":"","background-image":"","background-repeat":"repeat","background-position":"center center","background-size":"auto","background-attachment":"scroll","background-type":"","background-media":"","overlay-type":"","overlay-color":"","overlay-opacity":"","overlay-gradient":""},"tablet":{"background-color":"","background-image":"","background-repeat":"repeat","background-position":"center center","background-size":"auto","background-attachment":"scroll","background-type":"","background-media":"","overlay-type":"","overlay-color":"","overlay-opacity":"","overlay-gradient":""},"mobile":{"background-color":"","background-image":"","background-repeat":"repeat","background-position":"center center","background-size":"auto","background-attachment":"scroll","background-type":"","background-media":"","overlay-type":"","overlay-color":"","overlay-opacity":"","overlay-gradient":""}},"ast-content-background-meta":{"desktop":{"background-color":"var(--ast-global-color-5)","background-image":"","background-repeat":"repeat","background-position":"center center","background-size":"auto","background-attachment":"scroll","background-type":"","background-media":"","overlay-type":"","overlay-color":"","overlay-opacity":"","overlay-gradient":""},"tablet":{"background-color":"var(--ast-global-color-5)","background-image":"","background-repeat":"repeat","background-position":"center center","background-size":"auto","background-attachment":"scroll","background-type":"","background-media":"","overlay-type":"","overlay-color":"","overlay-opacity":"","overlay-gradient":""},"mobile":{"background-color":"var(--ast-global-color-5)","background-image":"","background-repeat":"repeat","background-position":"center center","background-size":"auto","background-attachment":"scroll","background-type":"","background-media":"","overlay-type":"","overlay-color":"","overlay-opacity":"","overlay-gradient":""}}},"product_brand":[],"product_cat":[79],"product_tag":[],"class_list":{"0":"post-8624","1":"product","2":"type-product","3":"status-publish","4":"has-post-thumbnail","6":"product_cat-tie-rod-system","7":"desktop-align-left","8":"tablet-align-left","9":"mobile-align-left","10":"ast-product-gallery-layout-horizontal-slider","11":"ast-product-gallery-with-no-image","12":"ast-product-tabs-layout-horizontal","14":"first","15":"instock","16":"shipping-taxable","17":"purchasable","18":"product-type-simple"},"yoast_head":"<!-- This site is optimized with the Yoast SEO plugin v25.2 - https:\/\/yoast.com\/wordpress\/plugins\/seo\/ -->\n<title>Steel Tie Rod Cone<\/title>\n<meta name=\"description\" content=\"Steel Tie Rod Cones play a critical role in forming concrete structures by ensuring precise alignment and durability in construction.\" \/>\n<meta name=\"robots\" content=\"index, follow, max-snippet:-1, max-image-preview:large, max-video-preview:-1\" \/>\n<link rel=\"canonical\" href=\"https:\/\/qingdaohf.com\/sl\/izdelek\/jekleni-stozec-z-vezno-palico\/\" \/>\n<meta property=\"og:locale\" content=\"sl_SI\" \/>\n<meta property=\"og:type\" content=\"article\" \/>\n<meta property=\"og:title\" content=\"Steel Tie Rod Cone\" \/>\n<meta property=\"og:description\" content=\"Steel Tie Rod Cones play a critical role in forming concrete structures by ensuring precise alignment and durability in construction.\" \/>\n<meta property=\"og:url\" content=\"https:\/\/qingdaohf.com\/sl\/izdelek\/jekleni-stozec-z-vezno-palico\/\" \/>\n<meta property=\"og:site_name\" content=\"Concrete Form &amp; Rigging Hardware Supplier\" \/>\n<meta property=\"article:publisher\" content=\"https:\/\/www.facebook.com\/qingdaohf\" \/>\n<meta property=\"article:modified_time\" content=\"2025-11-13T01:02:21+00:00\" \/>\n<meta property=\"og:image\" content=\"https:\/\/qingdaohf.com\/wp-content\/uploads\/2025\/01\/steel-cone-tie-rod.webp\" \/>\n\t<meta property=\"og:image:width\" content=\"1000\" \/>\n\t<meta property=\"og:image:height\" content=\"1000\" \/>\n\t<meta property=\"og:image:type\" content=\"image\/webp\" \/>\n<meta name=\"twitter:card\" content=\"summary_large_image\" \/>\n<meta name=\"twitter:label1\" content=\"Est. reading time\" \/>\n\t<meta name=\"twitter:data1\" content=\"3 minute\" \/>\n<script type=\"application\/ld+json\" class=\"yoast-schema-graph\">{\"@context\":\"https:\/\/schema.org\",\"@graph\":[{\"@type\":\"WebPage\",\"@id\":\"https:\/\/qingdaohf.com\/product\/steel-tie-rod-cone\/\",\"url\":\"https:\/\/qingdaohf.com\/product\/steel-tie-rod-cone\/\",\"name\":\"Steel Tie Rod Cone\",\"isPartOf\":{\"@id\":\"https:\/\/qingdaohf.com\/bg\/#website\"},\"primaryImageOfPage\":{\"@id\":\"https:\/\/qingdaohf.com\/product\/steel-tie-rod-cone\/#primaryimage\"},\"image\":{\"@id\":\"https:\/\/qingdaohf.com\/product\/steel-tie-rod-cone\/#primaryimage\"},\"thumbnailUrl\":\"https:\/\/qingdaohf.com\/wp-content\/uploads\/2025\/01\/steel-cone-tie-rod.webp\",\"datePublished\":\"2025-01-02T07:50:36+00:00\",\"dateModified\":\"2025-11-13T01:02:21+00:00\",\"description\":\"Steel Tie Rod Cones play a critical role in forming concrete structures by ensuring precise alignment and durability in construction.\",\"breadcrumb\":{\"@id\":\"https:\/\/qingdaohf.com\/product\/steel-tie-rod-cone\/#breadcrumb\"},\"inLanguage\":\"sl-SI\",\"potentialAction\":[{\"@type\":\"ReadAction\",\"target\":[\"https:\/\/qingdaohf.com\/product\/steel-tie-rod-cone\/\"]}]},{\"@type\":\"ImageObject\",\"inLanguage\":\"sl-SI\",\"@id\":\"https:\/\/qingdaohf.com\/product\/steel-tie-rod-cone\/#primaryimage\",\"url\":\"https:\/\/qingdaohf.com\/wp-content\/uploads\/2025\/01\/steel-cone-tie-rod.webp\",\"contentUrl\":\"https:\/\/qingdaohf.com\/wp-content\/uploads\/2025\/01\/steel-cone-tie-rod.webp\",\"width\":1000,\"height\":1000,\"caption\":\"steel cone tie rod\"},{\"@type\":\"BreadcrumbList\",\"@id\":\"https:\/\/qingdaohf.com\/product\/steel-tie-rod-cone\/#breadcrumb\",\"itemListElement\":[{\"@type\":\"ListItem\",\"position\":1,\"name\":\"Home\",\"item\":\"https:\/\/qingdaohf.com\/\"},{\"@type\":\"ListItem\",\"position\":2,\"name\":\"Concrete Forming Accessories and Rigging Hardware\",\"item\":\"https:\/\/qingdaohf.com\/bg\/?page_id=944\"},{\"@type\":\"ListItem\",\"position\":3,\"name\":\"Steel Tie Rod Cone\"}]},{\"@type\":\"WebSite\",\"@id\":\"https:\/\/qingdaohf.com\/bg\/#website\",\"url\":\"https:\/\/qingdaohf.com\/bg\/\",\"name\":\"Concrete Form & Rigging Hardware Supplier\",\"description\":\"\",\"publisher\":{\"@id\":\"https:\/\/qingdaohf.com\/bg\/#organization\"},\"potentialAction\":[{\"@type\":\"SearchAction\",\"target\":{\"@type\":\"EntryPoint\",\"urlTemplate\":\"https:\/\/qingdaohf.com\/bg\/?s={search_term_string}\"},\"query-input\":{\"@type\":\"PropertyValueSpecification\",\"valueRequired\":true,\"valueName\":\"search_term_string\"}}],\"inLanguage\":\"sl-SI\"},{\"@type\":\"Organization\",\"@id\":\"https:\/\/qingdaohf.com\/bg\/#organization\",\"name\":\"Qingdao H&F\",\"url\":\"https:\/\/qingdaohf.com\/bg\/\",\"logo\":{\"@type\":\"ImageObject\",\"inLanguage\":\"sl-SI\",\"@id\":\"https:\/\/qingdaohf.com\/bg\/#\/schema\/logo\/image\/\",\"url\":\"https:\/\/qingdaohf.com\/wp-content\/uploads\/2022\/12\/cropped-HF-LOGO.png\",\"contentUrl\":\"https:\/\/qingdaohf.com\/wp-content\/uploads\/2022\/12\/cropped-HF-LOGO.png\",\"width\":391,\"height\":249,\"caption\":\"Qingdao H&F\"},\"image\":{\"@id\":\"https:\/\/qingdaohf.com\/bg\/#\/schema\/logo\/image\/\"},\"sameAs\":[\"https:\/\/www.facebook.com\/qingdaohf\"]}]}<\/script>\n<!-- \/ Yoast SEO plugin. -->","yoast_head_json":{"title":"Steel Tie Rod Cone","description":"Steel Tie Rod Cones play a critical role in forming concrete structures by ensuring precise alignment and durability in construction.","robots":{"index":"index","follow":"follow","max-snippet":"max-snippet:-1","max-image-preview":"max-image-preview:large","max-video-preview":"max-video-preview:-1"},"canonical":"https:\/\/qingdaohf.com\/sl\/izdelek\/jekleni-stozec-z-vezno-palico\/","og_locale":"sl_SI","og_type":"article","og_title":"Steel Tie Rod Cone","og_description":"Steel Tie Rod Cones play a critical role in forming concrete structures by ensuring precise alignment and durability in construction.","og_url":"https:\/\/qingdaohf.com\/sl\/izdelek\/jekleni-stozec-z-vezno-palico\/","og_site_name":"Concrete Form &amp; Rigging Hardware Supplier","article_publisher":"https:\/\/www.facebook.com\/qingdaohf","article_modified_time":"2025-11-13T01:02:21+00:00","og_image":[{"width":1000,"height":1000,"url":"https:\/\/qingdaohf.com\/wp-content\/uploads\/2025\/01\/steel-cone-tie-rod.webp","type":"image\/webp"}],"twitter_card":"summary_large_image","twitter_misc":{"Est. reading time":"3 minute"},"schema":{"@context":"https:\/\/schema.org","@graph":[{"@type":"WebPage","@id":"https:\/\/qingdaohf.com\/product\/steel-tie-rod-cone\/","url":"https:\/\/qingdaohf.com\/product\/steel-tie-rod-cone\/","name":"Steel Tie Rod Cone","isPartOf":{"@id":"https:\/\/qingdaohf.com\/bg\/#website"},"primaryImageOfPage":{"@id":"https:\/\/qingdaohf.com\/product\/steel-tie-rod-cone\/#primaryimage"},"image":{"@id":"https:\/\/qingdaohf.com\/product\/steel-tie-rod-cone\/#primaryimage"},"thumbnailUrl":"https:\/\/qingdaohf.com\/wp-content\/uploads\/2025\/01\/steel-cone-tie-rod.webp","datePublished":"2025-01-02T07:50:36+00:00","dateModified":"2025-11-13T01:02:21+00:00","description":"Steel Tie Rod Cones play a critical role in forming concrete structures by ensuring precise alignment and durability in construction.","breadcrumb":{"@id":"https:\/\/qingdaohf.com\/product\/steel-tie-rod-cone\/#breadcrumb"},"inLanguage":"sl-SI","potentialAction":[{"@type":"ReadAction","target":["https:\/\/qingdaohf.com\/product\/steel-tie-rod-cone\/"]}]},{"@type":"ImageObject","inLanguage":"sl-SI","@id":"https:\/\/qingdaohf.com\/product\/steel-tie-rod-cone\/#primaryimage","url":"https:\/\/qingdaohf.com\/wp-content\/uploads\/2025\/01\/steel-cone-tie-rod.webp","contentUrl":"https:\/\/qingdaohf.com\/wp-content\/uploads\/2025\/01\/steel-cone-tie-rod.webp","width":1000,"height":1000,"caption":"steel cone tie rod"},{"@type":"BreadcrumbList","@id":"https:\/\/qingdaohf.com\/product\/steel-tie-rod-cone\/#breadcrumb","itemListElement":[{"@type":"ListItem","position":1,"name":"Home","item":"https:\/\/qingdaohf.com\/"},{"@type":"ListItem","position":2,"name":"Concrete Forming Accessories and Rigging Hardware","item":"https:\/\/qingdaohf.com\/bg\/?page_id=944"},{"@type":"ListItem","position":3,"name":"Steel Tie Rod Cone"}]},{"@type":"WebSite","@id":"https:\/\/qingdaohf.com\/bg\/#website","url":"https:\/\/qingdaohf.com\/bg\/","name":"Concrete Form & Rigging Hardware Supplier","description":"","publisher":{"@id":"https:\/\/qingdaohf.com\/bg\/#organization"},"potentialAction":[{"@type":"SearchAction","target":{"@type":"EntryPoint","urlTemplate":"https:\/\/qingdaohf.com\/bg\/?s={search_term_string}"},"query-input":{"@type":"PropertyValueSpecification","valueRequired":true,"valueName":"search_term_string"}}],"inLanguage":"sl-SI"},{"@type":"Organization","@id":"https:\/\/qingdaohf.com\/bg\/#organization","name":"Qingdao H&F","url":"https:\/\/qingdaohf.com\/bg\/","logo":{"@type":"ImageObject","inLanguage":"sl-SI","@id":"https:\/\/qingdaohf.com\/bg\/#\/schema\/logo\/image\/","url":"https:\/\/qingdaohf.com\/wp-content\/uploads\/2022\/12\/cropped-HF-LOGO.png","contentUrl":"https:\/\/qingdaohf.com\/wp-content\/uploads\/2022\/12\/cropped-HF-LOGO.png","width":391,"height":249,"caption":"Qingdao H&F"},"image":{"@id":"https:\/\/qingdaohf.com\/bg\/#\/schema\/logo\/image\/"},"sameAs":["https:\/\/www.facebook.com\/qingdaohf"]}]}},"_links":{"self":[{"href":"https:\/\/qingdaohf.com\/sl\/wp-json\/wp\/v2\/product\/8624","targetHints":{"allow":["GET"]}}],"collection":[{"href":"https:\/\/qingdaohf.com\/sl\/wp-json\/wp\/v2\/product"}],"about":[{"href":"https:\/\/qingdaohf.com\/sl\/wp-json\/wp\/v2\/types\/product"}],"replies":[{"embeddable":true,"href":"https:\/\/qingdaohf.com\/sl\/wp-json\/wp\/v2\/comments?post=8624"}],"version-history":[{"count":1,"href":"https:\/\/qingdaohf.com\/sl\/wp-json\/wp\/v2\/product\/8624\/revisions"}],"predecessor-version":[{"id":8626,"href":"https:\/\/qingdaohf.com\/sl\/wp-json\/wp\/v2\/product\/8624\/revisions\/8626"}],"wp:featuredmedia":[{"embeddable":true,"href":"https:\/\/qingdaohf.com\/sl\/wp-json\/wp\/v2\/media\/8625"}],"wp:attachment":[{"href":"https:\/\/qingdaohf.com\/sl\/wp-json\/wp\/v2\/media?parent=8624"}],"wp:term":[{"taxonomy":"product_brand","embeddable":true,"href":"https:\/\/qingdaohf.com\/sl\/wp-json\/wp\/v2\/product_brand?post=8624"},{"taxonomy":"product_cat","embeddable":true,"href":"https:\/\/qingdaohf.com\/sl\/wp-json\/wp\/v2\/product_cat?post=8624"},{"taxonomy":"product_tag","embeddable":true,"href":"https:\/\/qingdaohf.com\/sl\/wp-json\/wp\/v2\/product_tag?post=8624"}],"curies":[{"name":"wp","href":"https:\/\/api.w.org\/{rel}","templated":true}]}}