{"id":8745,"date":"2025-01-18T09:22:33","date_gmt":"2025-01-18T01:22:33","guid":{"rendered":"http:\/\/qingdaohf.com\/?post_type=product&#038;p=8745"},"modified":"2025-11-13T09:02:20","modified_gmt":"2025-11-13T01:02:20","slug":"turnbuckle-concrete","status":"publish","type":"product","link":"https:\/\/qingdaohf.com\/sl\/izdelek\/betonski-zategovalnik-2\/","title":{"rendered":"Betonski obro\u010dnik"},"content":{"rendered":"<p class=\"whitespace-pre-wrap break-words\">Pri betonskih opa\u017eih se hudi\u010d skriva v podrobnostih. Tu pridejo na vrsto dodatki za beton z navojem - niso le strojna oprema, ampak so nepoznani junaki, ki poskrbijo za to, da so va\u0161i opa\u017ei pravilni in zalitja popolna. Spoznajmo dva te\u017eka udarca v svetu napenjalnikov: Plo\u0161\u010dato plo\u0161\u010do in upognjeno plo\u0161\u010do. Vsaka od njih prina\u0161a nekaj posebnega in poznavanje razlik vam lahko omogo\u010di ali onemogo\u010di naslednji projekt.<\/p>\n<p><img fetchpriority=\"high\" decoding=\"async\" class=\"alignnone size-medium wp-image-9135\" src=\"http:\/\/qingdaohf.com\/wp-content\/uploads\/2025\/03\/concrete-turnbuckle-7-300x300.webp\" alt=\"betonski zategovalnik\" width=\"300\" height=\"300\" srcset=\"https:\/\/qingdaohf.com\/wp-content\/uploads\/2025\/03\/concrete-turnbuckle-7-300x300.webp 300w, https:\/\/qingdaohf.com\/wp-content\/uploads\/2025\/03\/concrete-turnbuckle-7-150x150.webp 150w, https:\/\/qingdaohf.com\/wp-content\/uploads\/2025\/03\/concrete-turnbuckle-7-768x768.webp 768w, https:\/\/qingdaohf.com\/wp-content\/uploads\/2025\/03\/concrete-turnbuckle-7-12x12.webp 12w, https:\/\/qingdaohf.com\/wp-content\/uploads\/2025\/03\/concrete-turnbuckle-7-500x500.webp 500w, https:\/\/qingdaohf.com\/wp-content\/uploads\/2025\/03\/concrete-turnbuckle-7-100x100.webp 100w, https:\/\/qingdaohf.com\/wp-content\/uploads\/2025\/03\/concrete-turnbuckle-7.webp 1000w\" sizes=\"(max-width: 300px) 100vw, 300px\" \/> <img decoding=\"async\" class=\"alignnone size-medium wp-image-9131\" src=\"http:\/\/qingdaohf.com\/wp-content\/uploads\/2025\/03\/concrete-turnbuckle-3-300x300.webp\" alt=\"betonski zategovalnik\" width=\"300\" height=\"300\" srcset=\"https:\/\/qingdaohf.com\/wp-content\/uploads\/2025\/03\/concrete-turnbuckle-3-300x300.webp 300w, https:\/\/qingdaohf.com\/wp-content\/uploads\/2025\/03\/concrete-turnbuckle-3-150x150.webp 150w, https:\/\/qingdaohf.com\/wp-content\/uploads\/2025\/03\/concrete-turnbuckle-3-768x768.webp 768w, https:\/\/qingdaohf.com\/wp-content\/uploads\/2025\/03\/concrete-turnbuckle-3-12x12.webp 12w, https:\/\/qingdaohf.com\/wp-content\/uploads\/2025\/03\/concrete-turnbuckle-3-500x500.webp 500w, https:\/\/qingdaohf.com\/wp-content\/uploads\/2025\/03\/concrete-turnbuckle-3-100x100.webp 100w, https:\/\/qingdaohf.com\/wp-content\/uploads\/2025\/03\/concrete-turnbuckle-3.webp 1000w\" sizes=\"(max-width: 300px) 100vw, 300px\" \/><\/p>\n<p class=\"whitespace-pre-wrap break-words\">V podjetju H&amp;F vam stojimo ob strani z re\u0161itvami za zategovalnike, ki ne le izpolnjujejo pri\u010dakovanja, ampak jih tudi presegajo. Ne glede na to, ali delate na obse\u017enem infrastrukturnem projektu ali natan\u010dni stanovanjski gradnji, imamo orodja, ki jih potrebujete za pravilno izvedbo.<\/p>\n<div class=\"ast-oembed-container\" style=\"height: 100%;\"><iframe title=\"Izravnalnik oblik za betonske obrobe\" width=\"500\" height=\"281\" src=\"https:\/\/www.youtube.com\/embed\/1guP_DQRF1o?feature=oembed\" frameborder=\"0\" allow=\"accelerometer; autoplay; clipboard-write; encrypted-media; gyroscope; picture-in-picture; web-share\" referrerpolicy=\"strict-origin-when-cross-origin\" allowfullscreen><\/iframe><\/div>\n<h2 class=\"text-xl font-bold text-text-200 mt-1 -mb-0.5\">Napenjalniki z ravnimi plo\u0161\u010dami: Natan\u010dnost in preprostost<\/h2>\n<p><img decoding=\"async\" class=\"alignnone wp-image-8766 size-medium\" src=\"http:\/\/qingdaohf.com\/wp-content\/uploads\/2025\/01\/flat-plate-turnbuckle-10-300x300.jpg\" alt=\"Napenjalnik z ravno plo\u0161\u010do\" width=\"300\" height=\"300\" srcset=\"https:\/\/qingdaohf.com\/wp-content\/uploads\/2025\/01\/flat-plate-turnbuckle-10-300x300.jpg 300w, https:\/\/qingdaohf.com\/wp-content\/uploads\/2025\/01\/flat-plate-turnbuckle-10-150x150.jpg 150w, https:\/\/qingdaohf.com\/wp-content\/uploads\/2025\/01\/flat-plate-turnbuckle-10-768x768.jpg 768w, https:\/\/qingdaohf.com\/wp-content\/uploads\/2025\/01\/flat-plate-turnbuckle-10-12x12.jpg 12w, https:\/\/qingdaohf.com\/wp-content\/uploads\/2025\/01\/flat-plate-turnbuckle-10-500x500.jpg 500w, https:\/\/qingdaohf.com\/wp-content\/uploads\/2025\/01\/flat-plate-turnbuckle-10-100x100.jpg 100w, https:\/\/qingdaohf.com\/wp-content\/uploads\/2025\/01\/flat-plate-turnbuckle-10.jpg 1000w\" sizes=\"(max-width: 300px) 100vw, 300px\" \/><\/p>\n<p class=\"whitespace-pre-wrap break-words\">Predstavljajte si to: napera, ki je \u010dista in preprosta, z ravnimi plo\u0161\u010dami na obeh koncih, ki se popolnoma ujemajo z opa\u017eem. To dobite z na\u0161o zasnovo z ravnimi plo\u0161\u010dami. Te niso priljubljene le zato, ker so videti elegantno - so delovni konji, ki enakomerno porazdelijo obremenitev po svojih priklju\u010dnih to\u010dkah in tako zmanj\u0161ajo obrabo va\u0161ih opa\u017eev.<\/p>\n<p class=\"whitespace-pre-wrap break-words\">Te lepotice se razlikujejo po tem, kako preprosto je z njimi delati. Ko pri projektu, pri katerem \u0161teje vsak milimeter, tekmujete s \u010dasom, boste cenili njihovo preprosto namestitev. Ker se tesno prilegajo obliki, vam ne bo treba skrbeti zaradi te\u017eav z zra\u010dnostjo.<\/p>\n<p class=\"whitespace-pre-wrap break-words\">Pri materialih v podjetju H&amp;F se ne slepimo. Vsak napenjalnik s plo\u0161\u010dato plo\u0161\u010do, ki ga dobavljamo, je izdelan iz resno trdnih materialov, zasnovan tako, da se smeje koroziji in prenese vsakodnevno zlorabo na delovi\u0161\u010du.<\/p>\n<h2 class=\"text-xl font-bold text-text-200 mt-1 -mb-0.5\">Napenjalniki z upognjeno plo\u0161\u010do: Prilagodljivost in izbolj\u0161an oprijem<\/h2>\n<p><img loading=\"lazy\" decoding=\"async\" class=\"alignnone size-medium wp-image-8814\" src=\"http:\/\/qingdaohf.com\/wp-content\/uploads\/2025\/01\/bent-plate-turnbuckle-17-300x300.jpg\" alt=\"upognjena plo\u0161\u010da napenjalnik\" width=\"300\" height=\"300\" srcset=\"https:\/\/qingdaohf.com\/wp-content\/uploads\/2025\/01\/bent-plate-turnbuckle-17-300x300.jpg 300w, https:\/\/qingdaohf.com\/wp-content\/uploads\/2025\/01\/bent-plate-turnbuckle-17-150x150.jpg 150w, https:\/\/qingdaohf.com\/wp-content\/uploads\/2025\/01\/bent-plate-turnbuckle-17-768x768.jpg 768w, https:\/\/qingdaohf.com\/wp-content\/uploads\/2025\/01\/bent-plate-turnbuckle-17-12x12.jpg 12w, https:\/\/qingdaohf.com\/wp-content\/uploads\/2025\/01\/bent-plate-turnbuckle-17-500x500.jpg 500w, https:\/\/qingdaohf.com\/wp-content\/uploads\/2025\/01\/bent-plate-turnbuckle-17-100x100.jpg 100w, https:\/\/qingdaohf.com\/wp-content\/uploads\/2025\/01\/bent-plate-turnbuckle-17.jpg 1000w\" sizes=\"(max-width: 300px) 100vw, 300px\" \/><\/p>\n<p class=\"whitespace-pre-wrap break-words\">Zdaj pa se pogovarjajmo o re\u0161iteljih te\u017eav v svetu vpenjal - na\u0161ih modelih Bent Plate. Ti fantje so opremljeni s po\u0161evnimi kon\u010dnimi plo\u0161\u010dami, ki se oprijemajo, kot da bi to mislili resno. Kadar imate opravka z zahtevnimi koti ali povr\u0161inami, ki niso ravno popolne kot iz u\u010dbenika, so to va\u0161e re\u0161itve.<\/p>\n<p class=\"whitespace-pre-wrap break-words\">Genialna zasnova upognjene plo\u0161\u010de se poka\u017ee, ko se spopadate s scenariji, pri katerih standardne re\u0161itve ne pridejo v po\u0161tev. Imate nenavadno obremenitev? Se ukvarjate z oblikami, ki se vrtijo in obra\u010dajo? Tu si upogibne vpenjalne sponke z upognjeno plo\u0161\u010do zaslu\u017eijo svoje mesto.<\/p>\n<p class=\"whitespace-pre-wrap break-words\">Tako kot njihovi bratranci z ravnimi plo\u0161\u010dami so tudi na\u0161i upogibni napenjalci z upognjeno plo\u0161\u010do izdelani trpe\u017eno. Preizku\u0161amo jih na vso mo\u010d, saj vemo, da se bodo v resni\u010dnem svetu soo\u010dale z resnimi izzivi.<\/p>\n<h2 class=\"text-xl font-bold text-text-200 mt-1 -mb-0.5\">Zakaj izbrati dru\u017ebo H&amp;F za betonske re\u0161itve z navojem?<\/h2>\n<p class=\"whitespace-pre-wrap break-words\">Iskanje prave nape je le za\u010detek - potrebujete dobavitelja, ki vam bo stal ob strani, ko bo \u0161lo zares. V tem je podjetje H&amp;F odli\u010dno. Ne prodajamo le strojne opreme; zagotavljamo mir v du\u0161i, zavit v jeklo.<\/p>\n<p class=\"whitespace-pre-wrap break-words\">Presko\u010dite labirint avtomatiziranih telefonskih klicev - pri nas boste dobili resni\u010dno osebo, ki pozna gradbeni\u0161tvo od znotraj in od zunaj. Va\u0161 predstavnik bo z vami od prvega stika do kon\u010dne dobave in \u0161e dlje ter poskrbel, da boste dobili to\u010dno to, kar zahteva va\u0161 projekt.<\/p>\n<p class=\"whitespace-pre-wrap break-words\">Vemo, da je \u010das v tem poslu denar. Zato smo racionalizirali postopek dostave, da boste dobili, kar potrebujete, takrat, ko to potrebujete. Brez izgovorov in zamud - samo zanesljiva storitev, na katero se lahko zanesete.<\/p>\n<p class=\"whitespace-pre-wrap break-words\">Za vsako odposlano zategovalko so na voljo trdni podatki, ki potrjujejo njeno zmogljivost. Vse strogo testiramo in vam damo dokumente, ki to dokazujejo. Ker je v tem poslu zaupanje dobro, preverjanje pa \u0161e bolj\u0161e.<\/p>\n<p class=\"whitespace-pre-wrap break-words\">In \u0161e zanimivost - vso to kakovost in storitve zagotavljamo, ne da bi pri tem razbili banko. Ugotovili smo, kako ohraniti konkuren\u010dne cene, hkrati pa ohraniti standarde, zaradi katerih so napenjalci H&amp;F prava izbira za resne izdelovalce.<\/p>\n<h2 class=\"text-xl font-bold text-text-200 mt-1 -mb-0.5\">Zaklju\u010dek: Prilagojene re\u0161itve za sodobne gradbene potrebe<\/h2>\n<p class=\"whitespace-pre-wrap break-words\">Ne glede na to, ali posegate po natan\u010dni preprostosti nape s plo\u0161\u010dato plo\u0161\u010do ali ra\u010dunate na oprijem in prilagodljivost modela z upognjeno plo\u0161\u010do, so ta orodja nepogre\u0161ljivi igralci v dana\u0161nji gradbeni igri. Vsaka vrsta prina\u0161a svoje prednosti in je pripravljena na vse izzive, ki jih prina\u0161a va\u0161 projekt.<\/p>\n<p class=\"whitespace-pre-wrap break-words\">V podjetju H&amp;F smo ponosni, da lahko ta orodja podpremo s storitvami, ki ustrezajo njihovi kakovosti. Od na\u0161e odzivne ekipe do hitrih dobavnih rokov in preverjanja kakovosti - tu smo, da vam zagotovimo vse, kar potrebujete za uspeh.<\/p>\n<p class=\"whitespace-pre-wrap break-words\">\u010ce sodelujete s podjetjem H&amp;F, boste dobili ve\u010d kot le nape - dobili boste ekipo, ki razume, kaj je v igri pri va\u0161em delu. Skupaj zgradimo nekaj velikega.<\/p>","protected":false},"excerpt":{"rendered":"<p>Betonski zategovalniki so klju\u010dni pripomo\u010dek pri ve\u010dini gradbenih projektov in se uporabljajo predvsem pri opa\u017enih sistemih za zagotavljanje stabilnosti in poravnave. V podjetju H&amp;F se zavedamo, da so kakovost, trajnost in enostavnost uporabe najpomembnej\u0161e skrbi kupcev. Da bi izpolnili to zavezo k odli\u010dnosti, z na\u0161imi dodatki za beton z navojem zagotavljamo individualne storitve za stranke, hiter dobavni cikel in iz\u010drpno poro\u010dilo o pregledu kakovosti. Lahko ste prepri\u010dani, da na\u0161i izdelki izpolnjujejo najzahtevnej\u0161e industrijske standarde, hkrati pa ponujajo izjemno vrednost.<\/p>","protected":false},"featured_media":8746,"comment_status":"open","ping_status":"closed","template":"","meta":{"site-sidebar-layout":"default","site-content-layout":"","ast-site-content-layout":"default","site-content-style":"default","site-sidebar-style":"default","ast-global-header-display":"","ast-banner-title-visibility":"","ast-main-header-display":"","ast-hfb-above-header-display":"","ast-hfb-below-header-display":"","ast-hfb-mobile-header-display":"","site-post-title":"","ast-breadcrumbs-content":"","ast-featured-img":"","footer-sml-layout":"","theme-transparent-header-meta":"default","adv-header-id-meta":"","stick-header-meta":"default","header-above-stick-meta":"","header-main-stick-meta":"","header-below-stick-meta":"","astra-migrate-meta-layouts":"set","ast-page-background-enabled":"default","ast-page-background-meta":{"desktop":{"background-color":"","background-image":"","background-repeat":"repeat","background-position":"center center","background-size":"auto","background-attachment":"scroll","background-type":"","background-media":"","overlay-type":"","overlay-color":"","overlay-opacity":"","overlay-gradient":""},"tablet":{"background-color":"","background-image":"","background-repeat":"repeat","background-position":"center center","background-size":"auto","background-attachment":"scroll","background-type":"","background-media":"","overlay-type":"","overlay-color":"","overlay-opacity":"","overlay-gradient":""},"mobile":{"background-color":"","background-image":"","background-repeat":"repeat","background-position":"center center","background-size":"auto","background-attachment":"scroll","background-type":"","background-media":"","overlay-type":"","overlay-color":"","overlay-opacity":"","overlay-gradient":""}},"ast-content-background-meta":{"desktop":{"background-color":"var(--ast-global-color-5)","background-image":"","background-repeat":"repeat","background-position":"center center","background-size":"auto","background-attachment":"scroll","background-type":"","background-media":"","overlay-type":"","overlay-color":"","overlay-opacity":"","overlay-gradient":""},"tablet":{"background-color":"var(--ast-global-color-5)","background-image":"","background-repeat":"repeat","background-position":"center center","background-size":"auto","background-attachment":"scroll","background-type":"","background-media":"","overlay-type":"","overlay-color":"","overlay-opacity":"","overlay-gradient":""},"mobile":{"background-color":"var(--ast-global-color-5)","background-image":"","background-repeat":"repeat","background-position":"center center","background-size":"auto","background-attachment":"scroll","background-type":"","background-media":"","overlay-type":"","overlay-color":"","overlay-opacity":"","overlay-gradient":""}}},"product_brand":[],"product_cat":[28],"product_tag":[],"class_list":{"0":"post-8745","1":"product","2":"type-product","3":"status-publish","4":"has-post-thumbnail","6":"product_cat-concrete-forming","7":"desktop-align-left","8":"tablet-align-left","9":"mobile-align-left","10":"ast-product-gallery-layout-horizontal-slider","11":"ast-product-tabs-layout-horizontal","13":"first","14":"instock","15":"shipping-taxable","16":"purchasable","17":"product-type-simple"},"yoast_head":"<!-- This site is optimized with the Yoast SEO plugin v25.2 - https:\/\/yoast.com\/wordpress\/plugins\/seo\/ -->\n<title>Turnbuckle Concrete<\/title>\n<meta name=\"description\" content=\"Turnbuckle concrete is a key accessory in most construction projects and is chiefly applied with formwork systems to make provision for stability and alignment.\" \/>\n<meta name=\"robots\" content=\"index, follow, max-snippet:-1, max-image-preview:large, max-video-preview:-1\" \/>\n<link rel=\"canonical\" href=\"https:\/\/qingdaohf.com\/sl\/izdelek\/betonski-zategovalnik-2\/\" \/>\n<meta property=\"og:locale\" content=\"sl_SI\" \/>\n<meta property=\"og:type\" content=\"article\" \/>\n<meta property=\"og:title\" content=\"Turnbuckle Concrete\" \/>\n<meta property=\"og:description\" content=\"Turnbuckle concrete is a key accessory in most construction projects and is chiefly applied with formwork systems to make provision for stability and alignment.\" \/>\n<meta property=\"og:url\" content=\"https:\/\/qingdaohf.com\/sl\/izdelek\/betonski-zategovalnik-2\/\" \/>\n<meta property=\"og:site_name\" content=\"Concrete Form &amp; Rigging Hardware Supplier\" \/>\n<meta property=\"article:publisher\" content=\"https:\/\/www.facebook.com\/qingdaohf\" \/>\n<meta property=\"article:modified_time\" content=\"2025-11-13T01:02:20+00:00\" \/>\n<meta property=\"og:image\" content=\"https:\/\/qingdaohf.com\/wp-content\/uploads\/2025\/01\/concrete-turnbuckle.jpg\" \/>\n\t<meta property=\"og:image:width\" content=\"1000\" \/>\n\t<meta property=\"og:image:height\" content=\"1000\" \/>\n\t<meta property=\"og:image:type\" content=\"image\/jpeg\" \/>\n<meta name=\"twitter:card\" content=\"summary_large_image\" \/>\n<meta name=\"twitter:label1\" content=\"Est. reading time\" \/>\n\t<meta name=\"twitter:data1\" content=\"5 minut\" \/>\n<script type=\"application\/ld+json\" class=\"yoast-schema-graph\">{\"@context\":\"https:\/\/schema.org\",\"@graph\":[{\"@type\":\"WebPage\",\"@id\":\"https:\/\/qingdaohf.com\/product\/turnbuckle-concrete\/\",\"url\":\"https:\/\/qingdaohf.com\/product\/turnbuckle-concrete\/\",\"name\":\"Turnbuckle Concrete\",\"isPartOf\":{\"@id\":\"https:\/\/qingdaohf.com\/bg\/#website\"},\"primaryImageOfPage\":{\"@id\":\"https:\/\/qingdaohf.com\/product\/turnbuckle-concrete\/#primaryimage\"},\"image\":{\"@id\":\"https:\/\/qingdaohf.com\/product\/turnbuckle-concrete\/#primaryimage\"},\"thumbnailUrl\":\"https:\/\/qingdaohf.com\/wp-content\/uploads\/2025\/01\/concrete-turnbuckle.jpg\",\"datePublished\":\"2025-01-18T01:22:33+00:00\",\"dateModified\":\"2025-11-13T01:02:20+00:00\",\"description\":\"Turnbuckle concrete is a key accessory in most construction projects and is chiefly applied with formwork systems to make provision for stability and alignment.\",\"breadcrumb\":{\"@id\":\"https:\/\/qingdaohf.com\/product\/turnbuckle-concrete\/#breadcrumb\"},\"inLanguage\":\"sl-SI\",\"potentialAction\":[{\"@type\":\"ReadAction\",\"target\":[\"https:\/\/qingdaohf.com\/product\/turnbuckle-concrete\/\"]}]},{\"@type\":\"ImageObject\",\"inLanguage\":\"sl-SI\",\"@id\":\"https:\/\/qingdaohf.com\/product\/turnbuckle-concrete\/#primaryimage\",\"url\":\"https:\/\/qingdaohf.com\/wp-content\/uploads\/2025\/01\/concrete-turnbuckle.jpg\",\"contentUrl\":\"https:\/\/qingdaohf.com\/wp-content\/uploads\/2025\/01\/concrete-turnbuckle.jpg\",\"width\":1000,\"height\":1000,\"caption\":\"concrete turnbuckle\"},{\"@type\":\"BreadcrumbList\",\"@id\":\"https:\/\/qingdaohf.com\/product\/turnbuckle-concrete\/#breadcrumb\",\"itemListElement\":[{\"@type\":\"ListItem\",\"position\":1,\"name\":\"Home\",\"item\":\"https:\/\/qingdaohf.com\/\"},{\"@type\":\"ListItem\",\"position\":2,\"name\":\"Concrete Forming Accessories and Rigging Hardware\",\"item\":\"https:\/\/qingdaohf.com\/bg\/?page_id=944\"},{\"@type\":\"ListItem\",\"position\":3,\"name\":\"Turnbuckle Concrete\"}]},{\"@type\":\"WebSite\",\"@id\":\"https:\/\/qingdaohf.com\/bg\/#website\",\"url\":\"https:\/\/qingdaohf.com\/bg\/\",\"name\":\"Concrete Form & Rigging Hardware Supplier\",\"description\":\"\",\"publisher\":{\"@id\":\"https:\/\/qingdaohf.com\/bg\/#organization\"},\"potentialAction\":[{\"@type\":\"SearchAction\",\"target\":{\"@type\":\"EntryPoint\",\"urlTemplate\":\"https:\/\/qingdaohf.com\/bg\/?s={search_term_string}\"},\"query-input\":{\"@type\":\"PropertyValueSpecification\",\"valueRequired\":true,\"valueName\":\"search_term_string\"}}],\"inLanguage\":\"sl-SI\"},{\"@type\":\"Organization\",\"@id\":\"https:\/\/qingdaohf.com\/bg\/#organization\",\"name\":\"Qingdao H&F\",\"url\":\"https:\/\/qingdaohf.com\/bg\/\",\"logo\":{\"@type\":\"ImageObject\",\"inLanguage\":\"sl-SI\",\"@id\":\"https:\/\/qingdaohf.com\/bg\/#\/schema\/logo\/image\/\",\"url\":\"https:\/\/qingdaohf.com\/wp-content\/uploads\/2022\/12\/cropped-HF-LOGO.png\",\"contentUrl\":\"https:\/\/qingdaohf.com\/wp-content\/uploads\/2022\/12\/cropped-HF-LOGO.png\",\"width\":391,\"height\":249,\"caption\":\"Qingdao H&F\"},\"image\":{\"@id\":\"https:\/\/qingdaohf.com\/bg\/#\/schema\/logo\/image\/\"},\"sameAs\":[\"https:\/\/www.facebook.com\/qingdaohf\"]}]}<\/script>\n<!-- \/ Yoast SEO plugin. -->","yoast_head_json":{"title":"Turnbuckle Concrete","description":"Turnbuckle concrete is a key accessory in most construction projects and is chiefly applied with formwork systems to make provision for stability and alignment.","robots":{"index":"index","follow":"follow","max-snippet":"max-snippet:-1","max-image-preview":"max-image-preview:large","max-video-preview":"max-video-preview:-1"},"canonical":"https:\/\/qingdaohf.com\/sl\/izdelek\/betonski-zategovalnik-2\/","og_locale":"sl_SI","og_type":"article","og_title":"Turnbuckle Concrete","og_description":"Turnbuckle concrete is a key accessory in most construction projects and is chiefly applied with formwork systems to make provision for stability and alignment.","og_url":"https:\/\/qingdaohf.com\/sl\/izdelek\/betonski-zategovalnik-2\/","og_site_name":"Concrete Form &amp; Rigging Hardware Supplier","article_publisher":"https:\/\/www.facebook.com\/qingdaohf","article_modified_time":"2025-11-13T01:02:20+00:00","og_image":[{"width":1000,"height":1000,"url":"https:\/\/qingdaohf.com\/wp-content\/uploads\/2025\/01\/concrete-turnbuckle.jpg","type":"image\/jpeg"}],"twitter_card":"summary_large_image","twitter_misc":{"Est. reading time":"5 minut"},"schema":{"@context":"https:\/\/schema.org","@graph":[{"@type":"WebPage","@id":"https:\/\/qingdaohf.com\/product\/turnbuckle-concrete\/","url":"https:\/\/qingdaohf.com\/product\/turnbuckle-concrete\/","name":"Turnbuckle Concrete","isPartOf":{"@id":"https:\/\/qingdaohf.com\/bg\/#website"},"primaryImageOfPage":{"@id":"https:\/\/qingdaohf.com\/product\/turnbuckle-concrete\/#primaryimage"},"image":{"@id":"https:\/\/qingdaohf.com\/product\/turnbuckle-concrete\/#primaryimage"},"thumbnailUrl":"https:\/\/qingdaohf.com\/wp-content\/uploads\/2025\/01\/concrete-turnbuckle.jpg","datePublished":"2025-01-18T01:22:33+00:00","dateModified":"2025-11-13T01:02:20+00:00","description":"Turnbuckle concrete is a key accessory in most construction projects and is chiefly applied with formwork systems to make provision for stability and alignment.","breadcrumb":{"@id":"https:\/\/qingdaohf.com\/product\/turnbuckle-concrete\/#breadcrumb"},"inLanguage":"sl-SI","potentialAction":[{"@type":"ReadAction","target":["https:\/\/qingdaohf.com\/product\/turnbuckle-concrete\/"]}]},{"@type":"ImageObject","inLanguage":"sl-SI","@id":"https:\/\/qingdaohf.com\/product\/turnbuckle-concrete\/#primaryimage","url":"https:\/\/qingdaohf.com\/wp-content\/uploads\/2025\/01\/concrete-turnbuckle.jpg","contentUrl":"https:\/\/qingdaohf.com\/wp-content\/uploads\/2025\/01\/concrete-turnbuckle.jpg","width":1000,"height":1000,"caption":"concrete turnbuckle"},{"@type":"BreadcrumbList","@id":"https:\/\/qingdaohf.com\/product\/turnbuckle-concrete\/#breadcrumb","itemListElement":[{"@type":"ListItem","position":1,"name":"Home","item":"https:\/\/qingdaohf.com\/"},{"@type":"ListItem","position":2,"name":"Concrete Forming Accessories and Rigging Hardware","item":"https:\/\/qingdaohf.com\/bg\/?page_id=944"},{"@type":"ListItem","position":3,"name":"Turnbuckle Concrete"}]},{"@type":"WebSite","@id":"https:\/\/qingdaohf.com\/bg\/#website","url":"https:\/\/qingdaohf.com\/bg\/","name":"Concrete Form & Rigging Hardware Supplier","description":"","publisher":{"@id":"https:\/\/qingdaohf.com\/bg\/#organization"},"potentialAction":[{"@type":"SearchAction","target":{"@type":"EntryPoint","urlTemplate":"https:\/\/qingdaohf.com\/bg\/?s={search_term_string}"},"query-input":{"@type":"PropertyValueSpecification","valueRequired":true,"valueName":"search_term_string"}}],"inLanguage":"sl-SI"},{"@type":"Organization","@id":"https:\/\/qingdaohf.com\/bg\/#organization","name":"Qingdao H&F","url":"https:\/\/qingdaohf.com\/bg\/","logo":{"@type":"ImageObject","inLanguage":"sl-SI","@id":"https:\/\/qingdaohf.com\/bg\/#\/schema\/logo\/image\/","url":"https:\/\/qingdaohf.com\/wp-content\/uploads\/2022\/12\/cropped-HF-LOGO.png","contentUrl":"https:\/\/qingdaohf.com\/wp-content\/uploads\/2022\/12\/cropped-HF-LOGO.png","width":391,"height":249,"caption":"Qingdao H&F"},"image":{"@id":"https:\/\/qingdaohf.com\/bg\/#\/schema\/logo\/image\/"},"sameAs":["https:\/\/www.facebook.com\/qingdaohf"]}]}},"_links":{"self":[{"href":"https:\/\/qingdaohf.com\/sl\/wp-json\/wp\/v2\/product\/8745","targetHints":{"allow":["GET"]}}],"collection":[{"href":"https:\/\/qingdaohf.com\/sl\/wp-json\/wp\/v2\/product"}],"about":[{"href":"https:\/\/qingdaohf.com\/sl\/wp-json\/wp\/v2\/types\/product"}],"replies":[{"embeddable":true,"href":"https:\/\/qingdaohf.com\/sl\/wp-json\/wp\/v2\/comments?post=8745"}],"version-history":[{"count":6,"href":"https:\/\/qingdaohf.com\/sl\/wp-json\/wp\/v2\/product\/8745\/revisions"}],"predecessor-version":[{"id":9137,"href":"https:\/\/qingdaohf.com\/sl\/wp-json\/wp\/v2\/product\/8745\/revisions\/9137"}],"wp:featuredmedia":[{"embeddable":true,"href":"https:\/\/qingdaohf.com\/sl\/wp-json\/wp\/v2\/media\/8746"}],"wp:attachment":[{"href":"https:\/\/qingdaohf.com\/sl\/wp-json\/wp\/v2\/media?parent=8745"}],"wp:term":[{"taxonomy":"product_brand","embeddable":true,"href":"https:\/\/qingdaohf.com\/sl\/wp-json\/wp\/v2\/product_brand?post=8745"},{"taxonomy":"product_cat","embeddable":true,"href":"https:\/\/qingdaohf.com\/sl\/wp-json\/wp\/v2\/product_cat?post=8745"},{"taxonomy":"product_tag","embeddable":true,"href":"https:\/\/qingdaohf.com\/sl\/wp-json\/wp\/v2\/product_tag?post=8745"}],"curies":[{"name":"wp","href":"https:\/\/api.w.org\/{rel}","templated":true}]}}