{"id":1664,"date":"2023-01-11T17:57:31","date_gmt":"2023-01-11T09:57:31","guid":{"rendered":"http:\/\/qingdaohf.com\/?post_type=product&#038;p=1664"},"modified":"2025-11-13T09:06:58","modified_gmt":"2025-11-13T01:06:58","slug":"coil-nails","status":"publish","type":"product","link":"https:\/\/qingdaohf.com\/sv\/produkt\/spikar-pa-rulle\/","title":{"rendered":"Takspikar med runt huvud, galvaniserad coil"},"content":{"rendered":"<table class=\"all magic-5\">\n<tbody>\n<tr>\n<td colspan=\"2\" rowspan=\"1\">\n<div class=\"magic-6\"><span class=\"magic-7\"><b class=\"magic-8\" data-spm-anchor-id=\"a2700.pc-decorate.0.i105.54f63333wFyEq8\">Produktens namn<\/b><\/span><\/div>\n<\/td>\n<td colspan=\"3\" rowspan=\"1\">\n<div class=\"magic-11\"><span class=\"magic-7\">CRN Takspik p\u00e5 rulle<\/span><\/div>\n<\/td>\n<\/tr>\n<tr>\n<td colspan=\"2\" rowspan=\"1\">\n<div class=\"magic-14\"><span class=\"magic-7\"><b data-spm-anchor-id=\"a2700.pc-decorate.0.i126.5c413333tS4c02\">L\u00e4ngd<\/b><\/span><\/div>\n<\/td>\n<td colspan=\"3\" rowspan=\"1\">\n<div class=\"magic-16\"><span class=\"magic-7\">3\/4\u2033 till 2\u2033<\/span><\/div>\n<\/td>\n<\/tr>\n<tr>\n<td colspan=\"2\" rowspan=\"1\">\n<div class=\"magic-14\"><span class=\"magic-7\"><b>Skaftdiameter<\/b><\/span><\/div>\n<\/td>\n<td colspan=\"3\" rowspan=\"1\">\n<div class=\"magic-16\"><span class=\"magic-7\">2,95 mm-3,05 mm 0,12\u2033<\/span><\/div>\n<\/td>\n<\/tr>\n<tr>\n<td colspan=\"2\" rowspan=\"1\">\n<div class=\"magic-6\"><span class=\"magic-7\"><b data-spm-anchor-id=\"a2700.pc-decorate.0.i130.5c413333tS4c02\">Material\u00a0<\/b><\/span><\/div>\n<\/td>\n<td colspan=\"3\" rowspan=\"1\">\n<div class=\"magic-11\"><span class=\"magic-7\">Q195 valstr\u00e5d av st\u00e5l<\/span><\/div>\n<\/td>\n<\/tr>\n<tr>\n<td colspan=\"2\" rowspan=\"1\">\n<div class=\"magic-14\"><span class=\"magic-7\"><b>Punkt<\/b><\/span><\/div>\n<\/td>\n<td colspan=\"3\" rowspan=\"1\">\n<div class=\"magic-16\"><span class=\"magic-7\">diamantspets<\/span><\/div>\n<\/td>\n<\/tr>\n<tr>\n<td colspan=\"2\" rowspan=\"1\">\n<div class=\"magic-14\"><span class=\"magic-7\"><b>Ytbehandling<\/b><\/span><\/div>\n<\/td>\n<td colspan=\"3\" rowspan=\"1\">\n<div class=\"magic-16\"><span class=\"magic-7\">elf\u00f6rzinkad, varmf\u00f6rzinkad<\/span><\/div>\n<\/td>\n<\/tr>\n<tr>\n<td colspan=\"2\" rowspan=\"1\">\n<div class=\"magic-14\"><span class=\"magic-7\"><b>Typ av skaft<\/b><\/span><\/div>\n<\/td>\n<td colspan=\"3\" rowspan=\"1\">\n<div class=\"magic-16\" data-spm-anchor-id=\"a2700.details.0.i88.15e27bf9PjMKFX\"><span class=\"magic-7\">sl\u00e4tt skaft, ringformigt skaft<\/span><\/div>\n<\/td>\n<\/tr>\n<tr>\n<td colspan=\"2\" rowspan=\"1\">\n<div class=\"magic-14\"><b><span class=\"magic-7\">Paket<\/span><\/b><\/div>\n<\/td>\n<td colspan=\"3\" rowspan=\"1\">\n<div class=\"magic-16\" data-spm-anchor-id=\"a2700.details.0.i93.15e27bf9PjMKFX\"><span class=\"magic-7\">120 st\/spole, 60 spolar\/kartong<\/span><\/div>\n<\/td>\n<\/tr>\n<\/tbody>\n<\/table>\n<p>Runt huvud: Spikarna har ett runt huvud, vilket ger b\u00e4ttre h\u00e5llfasthet och f\u00f6rhindrar att spikarna dras genom takmaterialet.<\/p>\n<p>Galvaniserad: Spikarna \u00e4r belagda med ett zinkskikt f\u00f6r att skydda dem mot korrosion och rost, vilket g\u00f6r dem mycket h\u00e5llbara och l\u00e4mpliga f\u00f6r utomhusbruk.<\/p>\n<p>Spolformad: Spikarna levereras i spolform, vilket m\u00f6jligg\u00f6r enklare och effektivare hantering och minskar behovet av frekventa omladdningar under takl\u00e4ggningsprojekt.<\/p>\n<p>Flera olika storlekar: Ditt produktsortiment inneh\u00e5ller sannolikt takspik i olika l\u00e4ngder och tjocklekar f\u00f6r att passa olika takmaterial och projektkrav.<\/p>\n<p>H\u00f6gkvalitativa material: Dina takspikar tillverkas av h\u00f6gkvalitativa material, vilket s\u00e4kerst\u00e4ller deras tillf\u00f6rlitlighet och l\u00e5ngvariga prestanda.<\/p>\n<p><img fetchpriority=\"high\" decoding=\"async\" class=\"alignnone size-full wp-image-2811\" src=\"http:\/\/qingdaohf.com\/wp-content\/uploads\/2023\/01\/coil-nail-9.jpg\" alt=\"spiralformad spik\" width=\"1200\" height=\"1164\" srcset=\"https:\/\/qingdaohf.com\/wp-content\/uploads\/2023\/01\/coil-nail-9.jpg 1200w, https:\/\/qingdaohf.com\/wp-content\/uploads\/2023\/01\/coil-nail-9-300x291.jpg 300w, https:\/\/qingdaohf.com\/wp-content\/uploads\/2023\/01\/coil-nail-9-1024x993.jpg 1024w, https:\/\/qingdaohf.com\/wp-content\/uploads\/2023\/01\/coil-nail-9-768x745.jpg 768w, https:\/\/qingdaohf.com\/wp-content\/uploads\/2023\/01\/coil-nail-9-1000x970.jpg 1000w\" sizes=\"(max-width: 1200px) 100vw, 1200px\" \/><\/p>\n<p>V\u00e5ra f\u00f6rdelar:<\/p>\n<p>Erfarenhet och l\u00e5ng livsl\u00e4ngd: Med 20 \u00e5rs erfarenhet i branschen har ditt f\u00f6retag etablerat ett starkt rykte och en djup f\u00f6rst\u00e5else f\u00f6r kundernas behov och preferenser. Denna erfarenhet leder till b\u00e4ttre produktkvalitet och kundservice.<\/p>\n<p>Omfattande tj\u00e4nster: Som en one-stop-shop f\u00f6r rigg- och takspikbehov erbjuder ditt f\u00f6retag helt\u00e4ckande tj\u00e4nster, inklusive tillverkning, distribution och grossistf\u00f6rs\u00e4ljning, vilket s\u00e4kerst\u00e4ller bekv\u00e4mlighet och effektivitet f\u00f6r dina kunder.<\/p>\n<p>En-till-en-kundservice: Genom att l\u00e4gga tonvikten p\u00e5 en-till-en-kundservice skiljer ni er fr\u00e5n konkurrenterna. Detta personliga tillv\u00e4gag\u00e5ngss\u00e4tt g\u00f6r att du b\u00e4ttre kan f\u00f6rst\u00e5 dina kunders krav och tillhandah\u00e5lla skr\u00e4ddarsydda l\u00f6sningar.<\/p>\n<p>B\u00e4sta service efter f\u00f6rs\u00e4ljning: Genom att prioritera eftermarknadsservice s\u00e4kerst\u00e4ller ditt f\u00f6retag att kunderna f\u00e5r hj\u00e4lp, st\u00f6d och l\u00f6sningar \u00e4ven efter k\u00f6pet. Detta engagemang f\u00f6r kundn\u00f6jdhet fr\u00e4mjar lojalitet och f\u00f6rtroende.<\/p>\n<p>Konkurrenskraftig priss\u00e4ttning: Samtidigt som produktkvaliteten bibeh\u00e5lls str\u00e4var ditt f\u00f6retag efter att l\u00e4mna st\u00f6rre vinstmarginaler f\u00f6r k\u00f6parna. Denna konkurrenskraftiga prisstrategi tilltalar kostnadsmedvetna kunder utan att kompromissa med kvaliteten p\u00e5 dina produkter.<\/p>\n<p>Expertis inom takspik: Genom att specialisera dig p\u00e5 takspik med runda huvuden i galvaniserad coil visar du ditt f\u00f6retags expertis inom denna specifika produktnisch. Kunderna \u00e4r mer ben\u00e4gna att lita p\u00e5 en leverant\u00f6r med fokuserad kunskap och erfarenhet inom omr\u00e5det.<\/p>\n<p>Galvaniserad bel\u00e4ggning av h\u00f6g kvalitet: Anv\u00e4ndningen av galvaniserad bel\u00e4ggning p\u00e5 dina takspikar understryker ditt engagemang f\u00f6r h\u00e5llbarhet och l\u00e5ng livsl\u00e4ngd, vilket s\u00e4kerst\u00e4ller att dina produkter kan motst\u00e5 h\u00e5rda v\u00e4derf\u00f6rh\u00e5llanden och l\u00e5ngvarig exponering f\u00f6r elementen.<\/p>\n<div class=\"ast-oembed-container\" style=\"height: 100%;\"><iframe title=\"tr\u00e5dspik 1-1\/4 tum sl\u00e4t galvaniserad takspik\" width=\"500\" height=\"375\" src=\"https:\/\/www.youtube.com\/embed\/47fOopwDCJY?feature=oembed\" frameborder=\"0\" allow=\"accelerometer; autoplay; clipboard-write; encrypted-media; gyroscope; picture-in-picture; web-share\" referrerpolicy=\"strict-origin-when-cross-origin\" allowfullscreen><\/iframe><\/div>","protected":false},"excerpt":{"rendered":"<p>Dessa spikar \u00e4r idealiska f\u00f6r alla typer av ramning och mantling. H\u00f6gkvalitativa tillverkningsprocesser s\u00e4kerst\u00e4ller korrekt matning.<\/p>\n<p>3\/4\u2033-2\u2033 galvaniserade takspikar med runt huvud.<\/p>","protected":false},"featured_media":2504,"comment_status":"open","ping_status":"closed","template":"","meta":{"site-sidebar-layout":"default","site-content-layout":"default","ast-site-content-layout":"default","site-content-style":"default","site-sidebar-style":"default","ast-global-header-display":"","ast-banner-title-visibility":"","ast-main-header-display":"","ast-hfb-above-header-display":"","ast-hfb-below-header-display":"","ast-hfb-mobile-header-display":"","site-post-title":"","ast-breadcrumbs-content":"","ast-featured-img":"","footer-sml-layout":"","theme-transparent-header-meta":"default","adv-header-id-meta":"","stick-header-meta":"default","header-above-stick-meta":"","header-main-stick-meta":"","header-below-stick-meta":"","astra-migrate-meta-layouts":"set","ast-page-background-enabled":"default","ast-page-background-meta":{"desktop":{"background-color":"","background-image":"","background-repeat":"repeat","background-position":"center center","background-size":"auto","background-attachment":"scroll","background-type":"","background-media":"","overlay-type":"","overlay-color":"","overlay-opacity":"","overlay-gradient":""},"tablet":{"background-color":"","background-image":"","background-repeat":"repeat","background-position":"center center","background-size":"auto","background-attachment":"scroll","background-type":"","background-media":"","overlay-type":"","overlay-color":"","overlay-opacity":"","overlay-gradient":""},"mobile":{"background-color":"","background-image":"","background-repeat":"repeat","background-position":"center center","background-size":"auto","background-attachment":"scroll","background-type":"","background-media":"","overlay-type":"","overlay-color":"","overlay-opacity":"","overlay-gradient":""}},"ast-content-background-meta":{"desktop":{"background-color":"var(--ast-global-color-5)","background-image":"","background-repeat":"repeat","background-position":"center center","background-size":"auto","background-attachment":"scroll","background-type":"","background-media":"","overlay-type":"","overlay-color":"","overlay-opacity":"","overlay-gradient":""},"tablet":{"background-color":"var(--ast-global-color-5)","background-image":"","background-repeat":"repeat","background-position":"center center","background-size":"auto","background-attachment":"scroll","background-type":"","background-media":"","overlay-type":"","overlay-color":"","overlay-opacity":"","overlay-gradient":""},"mobile":{"background-color":"var(--ast-global-color-5)","background-image":"","background-repeat":"repeat","background-position":"center center","background-size":"auto","background-attachment":"scroll","background-type":"","background-media":"","overlay-type":"","overlay-color":"","overlay-opacity":"","overlay-gradient":""}}},"product_brand":[],"product_cat":[34],"product_tag":[],"class_list":{"0":"post-1664","1":"product","2":"type-product","3":"status-publish","4":"has-post-thumbnail","6":"product_cat-nail","7":"desktop-align-left","8":"tablet-align-left","9":"mobile-align-left","10":"ast-product-gallery-layout-horizontal-slider","11":"ast-product-tabs-layout-horizontal","13":"first","14":"instock","15":"shipping-taxable","16":"purchasable","17":"product-type-simple"},"yoast_head":"<!-- This site is optimized with the Yoast SEO plugin v25.2 - https:\/\/yoast.com\/wordpress\/plugins\/seo\/ -->\n<title>Round Head Galvanized Coil Roofing Nails<\/title>\n<meta name=\"description\" content=\"These Coil Framing nails are ideal for all Framing and sheathing applications. Quality manufacturing processes ensure proper feeding.\" \/>\n<meta name=\"robots\" content=\"index, follow, max-snippet:-1, max-image-preview:large, max-video-preview:-1\" \/>\n<link rel=\"canonical\" href=\"https:\/\/qingdaohf.com\/sv\/produkt\/spikar-pa-rulle\/\" \/>\n<meta property=\"og:locale\" content=\"sv_SE\" \/>\n<meta property=\"og:type\" content=\"article\" \/>\n<meta property=\"og:title\" content=\"Round Head Galvanized Coil Roofing Nails\" \/>\n<meta property=\"og:description\" content=\"These Coil Framing nails are ideal for all Framing and sheathing applications. Quality manufacturing processes ensure proper feeding.\" \/>\n<meta property=\"og:url\" content=\"https:\/\/qingdaohf.com\/sv\/produkt\/spikar-pa-rulle\/\" \/>\n<meta property=\"og:site_name\" content=\"Concrete Form &amp; Rigging Hardware Supplier\" \/>\n<meta property=\"article:publisher\" content=\"https:\/\/www.facebook.com\/qingdaohf\" \/>\n<meta property=\"article:modified_time\" content=\"2025-11-13T01:06:58+00:00\" \/>\n<meta property=\"og:image\" content=\"https:\/\/qingdaohf.com\/wp-content\/uploads\/2023\/01\/coil-nail-6.jpg\" \/>\n\t<meta property=\"og:image:width\" content=\"1000\" \/>\n\t<meta property=\"og:image:height\" content=\"1000\" \/>\n\t<meta property=\"og:image:type\" content=\"image\/jpeg\" \/>\n<meta name=\"twitter:card\" content=\"summary_large_image\" \/>\n<meta name=\"twitter:label1\" content=\"Ber\u00e4knad l\u00e4stid\" \/>\n\t<meta name=\"twitter:data1\" content=\"2 minuter\" \/>\n<script type=\"application\/ld+json\" class=\"yoast-schema-graph\">{\"@context\":\"https:\/\/schema.org\",\"@graph\":[{\"@type\":\"WebPage\",\"@id\":\"https:\/\/qingdaohf.com\/product\/coil-nails\/\",\"url\":\"https:\/\/qingdaohf.com\/product\/coil-nails\/\",\"name\":\"Round Head Galvanized Coil Roofing Nails\",\"isPartOf\":{\"@id\":\"https:\/\/qingdaohf.com\/bg\/#website\"},\"primaryImageOfPage\":{\"@id\":\"https:\/\/qingdaohf.com\/product\/coil-nails\/#primaryimage\"},\"image\":{\"@id\":\"https:\/\/qingdaohf.com\/product\/coil-nails\/#primaryimage\"},\"thumbnailUrl\":\"https:\/\/qingdaohf.com\/wp-content\/uploads\/2023\/01\/coil-nail-6.jpg\",\"datePublished\":\"2023-01-11T09:57:31+00:00\",\"dateModified\":\"2025-11-13T01:06:58+00:00\",\"description\":\"These Coil Framing nails are ideal for all Framing and sheathing applications. Quality manufacturing processes ensure proper feeding.\",\"breadcrumb\":{\"@id\":\"https:\/\/qingdaohf.com\/product\/coil-nails\/#breadcrumb\"},\"inLanguage\":\"sv-SE\",\"potentialAction\":[{\"@type\":\"ReadAction\",\"target\":[\"https:\/\/qingdaohf.com\/product\/coil-nails\/\"]}]},{\"@type\":\"ImageObject\",\"inLanguage\":\"sv-SE\",\"@id\":\"https:\/\/qingdaohf.com\/product\/coil-nails\/#primaryimage\",\"url\":\"https:\/\/qingdaohf.com\/wp-content\/uploads\/2023\/01\/coil-nail-6.jpg\",\"contentUrl\":\"https:\/\/qingdaohf.com\/wp-content\/uploads\/2023\/01\/coil-nail-6.jpg\",\"width\":1000,\"height\":1000,\"caption\":\"coil nail\"},{\"@type\":\"BreadcrumbList\",\"@id\":\"https:\/\/qingdaohf.com\/product\/coil-nails\/#breadcrumb\",\"itemListElement\":[{\"@type\":\"ListItem\",\"position\":1,\"name\":\"Home\",\"item\":\"https:\/\/qingdaohf.com\/\"},{\"@type\":\"ListItem\",\"position\":2,\"name\":\"Concrete Forming Accessories and Rigging Hardware\",\"item\":\"https:\/\/qingdaohf.com\/bg\/?page_id=944\"},{\"@type\":\"ListItem\",\"position\":3,\"name\":\"Round Head Galvanized Coil Roofing Nails\"}]},{\"@type\":\"WebSite\",\"@id\":\"https:\/\/qingdaohf.com\/bg\/#website\",\"url\":\"https:\/\/qingdaohf.com\/bg\/\",\"name\":\"Concrete Form & Rigging Hardware Supplier\",\"description\":\"\",\"publisher\":{\"@id\":\"https:\/\/qingdaohf.com\/bg\/#organization\"},\"potentialAction\":[{\"@type\":\"SearchAction\",\"target\":{\"@type\":\"EntryPoint\",\"urlTemplate\":\"https:\/\/qingdaohf.com\/bg\/?s={search_term_string}\"},\"query-input\":{\"@type\":\"PropertyValueSpecification\",\"valueRequired\":true,\"valueName\":\"search_term_string\"}}],\"inLanguage\":\"sv-SE\"},{\"@type\":\"Organization\",\"@id\":\"https:\/\/qingdaohf.com\/bg\/#organization\",\"name\":\"Qingdao H&F\",\"url\":\"https:\/\/qingdaohf.com\/bg\/\",\"logo\":{\"@type\":\"ImageObject\",\"inLanguage\":\"sv-SE\",\"@id\":\"https:\/\/qingdaohf.com\/bg\/#\/schema\/logo\/image\/\",\"url\":\"https:\/\/qingdaohf.com\/wp-content\/uploads\/2022\/12\/cropped-HF-LOGO.png\",\"contentUrl\":\"https:\/\/qingdaohf.com\/wp-content\/uploads\/2022\/12\/cropped-HF-LOGO.png\",\"width\":391,\"height\":249,\"caption\":\"Qingdao H&F\"},\"image\":{\"@id\":\"https:\/\/qingdaohf.com\/bg\/#\/schema\/logo\/image\/\"},\"sameAs\":[\"https:\/\/www.facebook.com\/qingdaohf\"]}]}<\/script>\n<!-- \/ Yoast SEO plugin. -->","yoast_head_json":{"title":"Round Head Galvanized Coil Roofing Nails","description":"These Coil Framing nails are ideal for all Framing and sheathing applications. Quality manufacturing processes ensure proper feeding.","robots":{"index":"index","follow":"follow","max-snippet":"max-snippet:-1","max-image-preview":"max-image-preview:large","max-video-preview":"max-video-preview:-1"},"canonical":"https:\/\/qingdaohf.com\/sv\/produkt\/spikar-pa-rulle\/","og_locale":"sv_SE","og_type":"article","og_title":"Round Head Galvanized Coil Roofing Nails","og_description":"These Coil Framing nails are ideal for all Framing and sheathing applications. Quality manufacturing processes ensure proper feeding.","og_url":"https:\/\/qingdaohf.com\/sv\/produkt\/spikar-pa-rulle\/","og_site_name":"Concrete Form &amp; Rigging Hardware Supplier","article_publisher":"https:\/\/www.facebook.com\/qingdaohf","article_modified_time":"2025-11-13T01:06:58+00:00","og_image":[{"width":1000,"height":1000,"url":"https:\/\/qingdaohf.com\/wp-content\/uploads\/2023\/01\/coil-nail-6.jpg","type":"image\/jpeg"}],"twitter_card":"summary_large_image","twitter_misc":{"Ber\u00e4knad l\u00e4stid":"2 minuter"},"schema":{"@context":"https:\/\/schema.org","@graph":[{"@type":"WebPage","@id":"https:\/\/qingdaohf.com\/product\/coil-nails\/","url":"https:\/\/qingdaohf.com\/product\/coil-nails\/","name":"Round Head Galvanized Coil Roofing Nails","isPartOf":{"@id":"https:\/\/qingdaohf.com\/bg\/#website"},"primaryImageOfPage":{"@id":"https:\/\/qingdaohf.com\/product\/coil-nails\/#primaryimage"},"image":{"@id":"https:\/\/qingdaohf.com\/product\/coil-nails\/#primaryimage"},"thumbnailUrl":"https:\/\/qingdaohf.com\/wp-content\/uploads\/2023\/01\/coil-nail-6.jpg","datePublished":"2023-01-11T09:57:31+00:00","dateModified":"2025-11-13T01:06:58+00:00","description":"These Coil Framing nails are ideal for all Framing and sheathing applications. Quality manufacturing processes ensure proper feeding.","breadcrumb":{"@id":"https:\/\/qingdaohf.com\/product\/coil-nails\/#breadcrumb"},"inLanguage":"sv-SE","potentialAction":[{"@type":"ReadAction","target":["https:\/\/qingdaohf.com\/product\/coil-nails\/"]}]},{"@type":"ImageObject","inLanguage":"sv-SE","@id":"https:\/\/qingdaohf.com\/product\/coil-nails\/#primaryimage","url":"https:\/\/qingdaohf.com\/wp-content\/uploads\/2023\/01\/coil-nail-6.jpg","contentUrl":"https:\/\/qingdaohf.com\/wp-content\/uploads\/2023\/01\/coil-nail-6.jpg","width":1000,"height":1000,"caption":"coil nail"},{"@type":"BreadcrumbList","@id":"https:\/\/qingdaohf.com\/product\/coil-nails\/#breadcrumb","itemListElement":[{"@type":"ListItem","position":1,"name":"Home","item":"https:\/\/qingdaohf.com\/"},{"@type":"ListItem","position":2,"name":"Concrete Forming Accessories and Rigging Hardware","item":"https:\/\/qingdaohf.com\/bg\/?page_id=944"},{"@type":"ListItem","position":3,"name":"Round Head Galvanized Coil Roofing Nails"}]},{"@type":"WebSite","@id":"https:\/\/qingdaohf.com\/bg\/#website","url":"https:\/\/qingdaohf.com\/bg\/","name":"Concrete Form & Rigging Hardware Supplier","description":"","publisher":{"@id":"https:\/\/qingdaohf.com\/bg\/#organization"},"potentialAction":[{"@type":"SearchAction","target":{"@type":"EntryPoint","urlTemplate":"https:\/\/qingdaohf.com\/bg\/?s={search_term_string}"},"query-input":{"@type":"PropertyValueSpecification","valueRequired":true,"valueName":"search_term_string"}}],"inLanguage":"sv-SE"},{"@type":"Organization","@id":"https:\/\/qingdaohf.com\/bg\/#organization","name":"Qingdao H&F","url":"https:\/\/qingdaohf.com\/bg\/","logo":{"@type":"ImageObject","inLanguage":"sv-SE","@id":"https:\/\/qingdaohf.com\/bg\/#\/schema\/logo\/image\/","url":"https:\/\/qingdaohf.com\/wp-content\/uploads\/2022\/12\/cropped-HF-LOGO.png","contentUrl":"https:\/\/qingdaohf.com\/wp-content\/uploads\/2022\/12\/cropped-HF-LOGO.png","width":391,"height":249,"caption":"Qingdao H&F"},"image":{"@id":"https:\/\/qingdaohf.com\/bg\/#\/schema\/logo\/image\/"},"sameAs":["https:\/\/www.facebook.com\/qingdaohf"]}]}},"_links":{"self":[{"href":"https:\/\/qingdaohf.com\/sv\/wp-json\/wp\/v2\/product\/1664","targetHints":{"allow":["GET"]}}],"collection":[{"href":"https:\/\/qingdaohf.com\/sv\/wp-json\/wp\/v2\/product"}],"about":[{"href":"https:\/\/qingdaohf.com\/sv\/wp-json\/wp\/v2\/types\/product"}],"replies":[{"embeddable":true,"href":"https:\/\/qingdaohf.com\/sv\/wp-json\/wp\/v2\/comments?post=1664"}],"version-history":[{"count":5,"href":"https:\/\/qingdaohf.com\/sv\/wp-json\/wp\/v2\/product\/1664\/revisions"}],"predecessor-version":[{"id":6011,"href":"https:\/\/qingdaohf.com\/sv\/wp-json\/wp\/v2\/product\/1664\/revisions\/6011"}],"wp:featuredmedia":[{"embeddable":true,"href":"https:\/\/qingdaohf.com\/sv\/wp-json\/wp\/v2\/media\/2504"}],"wp:attachment":[{"href":"https:\/\/qingdaohf.com\/sv\/wp-json\/wp\/v2\/media?parent=1664"}],"wp:term":[{"taxonomy":"product_brand","embeddable":true,"href":"https:\/\/qingdaohf.com\/sv\/wp-json\/wp\/v2\/product_brand?post=1664"},{"taxonomy":"product_cat","embeddable":true,"href":"https:\/\/qingdaohf.com\/sv\/wp-json\/wp\/v2\/product_cat?post=1664"},{"taxonomy":"product_tag","embeddable":true,"href":"https:\/\/qingdaohf.com\/sv\/wp-json\/wp\/v2\/product_tag?post=1664"}],"curies":[{"name":"wp","href":"https:\/\/api.w.org\/{rel}","templated":true}]}}